{"id":2112,"date":"2025-12-15T11:00:51","date_gmt":"2025-12-15T10:00:51","guid":{"rendered":"https:\/\/herbow.eu\/?post_type=product&#038;p=2112"},"modified":"2026-03-17T10:58:47","modified_gmt":"2026-03-17T09:58:47","slug":"herbow-3%d0%b21-%d0%bf%d0%b0%d1%80%d1%84%d1%83%d0%bc%d0%b8-%d0%b4%d0%bb%d1%8f-%d0%b1%d1%96%d0%bb%d0%b8%d0%b7%d0%bd%d0%b8-white-love","status":"publish","type":"product","link":"https:\/\/herbow.eu\/ukr\/product\/herbow-3in1-mosoparfum-feher-szerelem\/","title":{"rendered":"Herbow 3\u04321 \u041f\u0430\u0440\u0444\u0443\u043c\u0438 \u0434\u043b\u044f \u043c\u0438\u0442\u0442\u044f \u043f\u043e\u0441\u0443\u0434\u0443 White Love"},"content":{"rendered":"<p>\u0420\u0456\u0434\u043a\u0438\u0439 \u043f\u0440\u0430\u043b\u044c\u043d\u0438\u0439 \u043f\u043e\u0440\u043e\u0448\u043e\u043a Herbow \u0456\u0437 \u0437\u0430\u043f\u0430\u0445\u043e\u043c \u0437\u0435\u043b\u0435\u043d\u043e\u0433\u043e \u0447\u0430\u044e \u043f\u043e\u0454\u0434\u043d\u0443\u0454 \u0432 \u0441\u043e\u0431\u0456 \u0441\u0438\u043b\u0443 \u043f\u0440\u0438\u0440\u043e\u0434\u0438 \u0442\u0430 \u0441\u0443\u0447\u0430\u0441\u043d\u0456 \u0442\u0435\u0445\u043d\u043e\u043b\u043e\u0433\u0456\u0457 \u043f\u0440\u0430\u043d\u043d\u044f, \u0449\u043e\u0431 \u0432\u0430\u0448\u0456 \u0431\u0430\u0440\u0432\u0438\u0441\u0442\u0456 \u0440\u0435\u0447\u0456 \u0434\u043e\u0432\u0448\u0435 \u0437\u0430\u043b\u0438\u0448\u0430\u043b\u0438\u0441\u044f \u044f\u0441\u043a\u0440\u0430\u0432\u0438\u043c\u0438, \u043c'\u044f\u043a\u0438\u043c\u0438 \u0442\u0430 \u0441\u0432\u0456\u0436\u0438\u043c\u0438.<\/p>\n<p><strong>\u041f\u0440\u0438\u0440\u043e\u0434\u043d\u0435 \u043e\u0447\u0438\u0449\u0435\u043d\u043d\u044f, \u0434\u0431\u0430\u0439\u043b\u0438\u0432\u0438\u0439 \u0434\u043e\u0433\u043b\u044f\u0434<\/strong><br \/>\n\u041f\u0440\u0430\u043b\u044c\u043d\u0438\u0439 \u043f\u043e\u0440\u043e\u0448\u043e\u043a \u043c\u0456\u0441\u0442\u0438\u0442\u044c \u0435\u043a\u0441\u0442\u0440\u0430\u043a\u0442\u0438 \u043f\u0440\u0430\u043b\u044c\u043d\u0438\u0445 \u0433\u043e\u0440\u0456\u0445\u0456\u0432 \u0442\u0430 \u0431\u0456\u043e\u0444\u0435\u0440\u043c\u0435\u043d\u0442\u0438, \u044f\u043a\u0456 \u0435\u0444\u0435\u043a\u0442\u0438\u0432\u043d\u043e \u0440\u043e\u0437\u0449\u0435\u043f\u043b\u044e\u044e\u0442\u044c \u0437\u0430\u0431\u0440\u0443\u0434\u043d\u0435\u043d\u043d\u044f, \u0432\u043e\u0434\u043d\u043e\u0447\u0430\u0441 \u0434\u0431\u0430\u0439\u043b\u0438\u0432\u043e \u0441\u0442\u0430\u0432\u043b\u044f\u0447\u0438\u0441\u044c \u0434\u043e \u0442\u0435\u043a\u0441\u0442\u0438\u043b\u044c\u043d\u0438\u0445 \u0432\u043e\u043b\u043e\u043a\u043e\u043d. \u0414\u043e\u043f\u043e\u043c\u0430\u0433\u0430\u0454 \u0437\u0430\u043f\u043e\u0431\u0456\u0433\u0442\u0438 \u0432\u0438\u0446\u0432\u0456\u0442\u0430\u043d\u043d\u044e \u043a\u043e\u043b\u044c\u043e\u0440\u0443, \u0437\u0430\u0432\u0434\u044f\u043a\u0438 \u0447\u043e\u043c\u0443 \u0432\u0430\u0448\u0456 \u0440\u0435\u0447\u0456 \u0434\u043e\u0432\u0448\u0435 \u0437\u0431\u0435\u0440\u0456\u0433\u0430\u044e\u0442\u044c \u0441\u0432\u0456\u0439 \u043f\u0435\u0440\u0432\u0456\u0441\u043d\u0438\u0439 \u0432\u0438\u0433\u043b\u044f\u0434.<\/p>\n<p><strong>\u0421\u0432\u0456\u0436\u0438\u0439, \u043d\u0430\u0442\u0443\u0440\u0430\u043b\u044c\u043d\u0438\u0439 \u0430\u0440\u043e\u043c\u0430\u0442 \u0437\u0435\u043b\u0435\u043d\u043e\u0433\u043e \u0447\u0430\u044e<\/strong><br \/>\n\u041d\u0456\u0436\u043d\u0438\u0439, \u0447\u0438\u0441\u0442\u0438\u0439 \u0430\u0440\u043e\u043c\u0430\u0442 \u0437\u0435\u043b\u0435\u043d\u043e\u0433\u043e \u0447\u0430\u044e \u0437\u0430\u043b\u0438\u0448\u0430\u0454 \u043f\u0440\u0438\u0454\u043c\u043d\u0435, \u0441\u0432\u0456\u0436\u0435 \u0432\u0456\u0434\u0447\u0443\u0442\u0442\u044f \u043f\u0456\u0441\u043b\u044f \u043f\u0440\u0430\u043d\u043d\u044f, \u043d\u0435 \u0431\u0443\u0434\u0443\u0447\u0438 \u043d\u0430\u0432'\u044f\u0437\u043b\u0438\u0432\u0438\u043c. \u0406\u0434\u0435\u0430\u043b\u044c\u043d\u043e \u043f\u0456\u0434\u0445\u043e\u0434\u0438\u0442\u044c \u0434\u043b\u044f \u043f\u043e\u0432\u0441\u044f\u043a\u0434\u0435\u043d\u043d\u043e\u0433\u043e \u043e\u0434\u044f\u0433\u0443, \u0440\u043e\u0431\u043e\u0447\u043e\u0433\u043e \u043e\u0434\u044f\u0433\u0443 \u0442\u0430 \u0441\u0456\u043c\u0435\u0439\u043d\u043e\u0433\u043e \u0442\u0435\u043a\u0441\u0442\u0438\u043b\u044e.<\/p>\n<p><strong>\u0427\u043e\u043c\u0443 \u0432\u0430\u0440\u0442\u043e \u043e\u0431\u0440\u0430\u0442\u0438 \u0437\u0430\u0441\u0456\u0431 \u0434\u043b\u044f \u043c\u0438\u0442\u0442\u044f \u043f\u043e\u0441\u0443\u0434\u0443 Herbow Green Tea?<\/strong><\/p>\n<ul>\n<li>\u0420\u043e\u0437\u0440\u043e\u0431\u043b\u0435\u043d\u043e \u0434\u043b\u044f \u043a\u043e\u043b\u044c\u043e\u0440\u043e\u0432\u043e\u0433\u043e \u043e\u0434\u044f\u0433\u0443<\/li>\n<li>\u0417 \u0435\u043a\u0441\u0442\u0440\u0430\u043a\u0442\u043e\u043c \u043c\u043e\u0437\u043e\u0434\u0456 \u0442\u0430 \u0431\u0456\u043e\u0435\u043d\u0437\u0438\u043c\u0430\u043c\u0438<\/li>\n<li>\u0414\u0431\u0430\u0439\u043b\u0438\u0432\u043e \u0441\u0442\u0430\u0432\u0438\u0442\u044c\u0441\u044f \u0434\u043e \u0442\u0435\u043a\u0441\u0442\u0438\u043b\u044c\u043d\u0438\u0445 \u0432\u043e\u043b\u043e\u043a\u043e\u043d<\/li>\n<li>\u0414\u043e\u043f\u043e\u043c\u0430\u0433\u0430\u0454 \u0437\u0431\u0435\u0440\u0435\u0433\u0442\u0438 \u044f\u0441\u043a\u0440\u0430\u0432\u0456\u0441\u0442\u044c \u043a\u043e\u043b\u044c\u043e\u0440\u0456\u0432<\/li>\n<li>\u0421\u0432\u0456\u0436\u0438\u0439, \u043d\u0430\u0442\u0443\u0440\u0430\u043b\u044c\u043d\u0438\u0439 \u0430\u0440\u043e\u043c\u0430\u0442 \u0437\u0435\u043b\u0435\u043d\u043e\u0433\u043e \u0447\u0430\u044e<\/li>\n<li>\u041f\u0456\u0434\u0445\u043e\u0434\u0438\u0442\u044c \u0434\u043b\u044f \u0449\u043e\u0434\u0435\u043d\u043d\u043e\u0433\u043e \u0432\u0438\u043a\u043e\u0440\u0438\u0441\u0442\u0430\u043d\u043d\u044f\u0420\u0456\u0434\u043a\u0438\u0439 \u043f\u0440\u0430\u043b\u044c\u043d\u0438\u0439 \u043f\u043e\u0440\u043e\u0448\u043e\u043a \u0437 \u0430\u0440\u043e\u043c\u0430\u0442\u043e\u043c \u0437\u0435\u043b\u0435\u043d\u043e\u0433\u043e \u0447\u0430\u044e - \u0456\u0434\u0435\u0430\u043b\u044c\u043d\u0438\u0439 \u0432\u0438\u0431\u0456\u0440 \u0434\u043b\u044f \u0442\u0438\u0445, \u0445\u0442\u043e \u0448\u0443\u043a\u0430\u0454 \u0435\u0444\u0435\u043a\u0442\u0438\u0432\u043d\u0438\u0439, \u0430\u043b\u0435 \u0432\u043e\u0434\u043d\u043e\u0447\u0430\u0441 \u0431\u0456\u043b\u044c\u0448 \u043f\u0440\u0438\u0440\u043e\u0434\u043d\u0438\u0439 \u0441\u043f\u043e\u0441\u0456\u0431 \u043e\u0447\u0438\u0449\u0435\u043d\u043d\u044f \u043a\u043e\u043b\u044c\u043e\u0440\u043e\u0432\u0438\u0445 \u0440\u0435\u0447\u0435\u0439 - \u0431\u0435\u0437 \u043a\u043e\u043c\u043f\u0440\u043e\u043c\u0456\u0441\u0456\u0432.<\/li>\n<\/ul>","protected":false},"excerpt":{"rendered":"<p>A <strong data-start=\"333\" data-end=\"378\">\u0420\u0456\u0434\u043a\u0438\u0439 \u043f\u0440\u0430\u043b\u044c\u043d\u0438\u0439 \u043f\u043e\u0440\u043e\u0448\u043e\u043a \u0437 \u0430\u0440\u043e\u043c\u0430\u0442\u043e\u043c \u0437\u0435\u043b\u0435\u043d\u043e\u0433\u043e \u0447\u0430\u044e Herbow Green Tea<\/strong> \u0437\u0430\u0431\u0435\u0437\u043f\u0435\u0447\u0443\u0454 \u043f\u0440\u0438\u0440\u043e\u0434\u043d\u0443 \u0447\u0438\u0441\u0442\u043e\u0442\u0443 \u0442\u0430 \u0441\u0432\u0456\u0436\u0456\u0441\u0442\u044c <strong data-start=\"430\" data-end=\"446\">\u0431\u0430\u0440\u0432\u0438\u0441\u0442\u0438\u0439 \u043e\u0434\u044f\u0433<\/strong> \u0434\u043b\u044f. \u0415\u0444\u0435\u043a\u0442\u0438\u0432\u043d\u043e \u043e\u0447\u0438\u0449\u0430\u0454 \u0437\u0430\u0432\u0434\u044f\u043a\u0438 \u0435\u043a\u0441\u0442\u0440\u0430\u043a\u0442\u0430\u043c \u043f\u0440\u0430\u043b\u044c\u043d\u0438\u0445 \u0433\u043e\u0440\u0456\u0445\u0456\u0432 \u0442\u0430 \u0431\u0456\u043e\u0444\u0435\u0440\u043c\u0435\u043d\u0442\u0430\u043c, \u0437\u0431\u0435\u0440\u0456\u0433\u0430\u044e\u0447\u0438 \u044f\u0441\u043a\u0440\u0430\u0432\u0456\u0441\u0442\u044c \u043a\u043e\u043b\u044c\u043e\u0440\u0456\u0432 \u0456 \u043c'\u044f\u043a\u0456\u0441\u0442\u044c \u0442\u043a\u0430\u043d\u0438\u043d. \u0422\u043e\u043d\u043a\u0438\u0439, \u0441\u0432\u0456\u0436\u0438\u0439 \u0430\u0440\u043e\u043c\u0430\u0442 \u0437\u0435\u043b\u0435\u043d\u043e\u0433\u043e \u0447\u0430\u044e \u043d\u0430\u0434\u043e\u0432\u0433\u043e \u0437\u0430\u043b\u0438\u0448\u0430\u0454\u0442\u044c\u0441\u044f \u043d\u0430 \u043e\u0434\u044f\u0437\u0456.<\/p>","protected":false},"featured_media":2120,"comment_status":"open","ping_status":"closed","template":"","meta":[],"product_brand":[1397],"product_cat":[1491],"product_tag":[1496,1493,1501,1409,1492,1495,1506,1504,1502,1507,1511,1510,1414,1499,1500,1505,1508,1509,1494,1497,1498,1503],"class_list":{"0":"post-2112","1":"product","2":"type-product","3":"status-publish","4":"has-post-thumbnail","6":"product_brand-herbow","7":"product_cat-3in1-mosoparfum-oblito-koncentratum","8":"product_tag-3in1-formula","9":"product_tag-3in1-mosoparfum","10":"product_tag-oko-oblito-alternativa","11":"product_tag-herbow","12":"product_tag-herbow-3in1","13":"product_tag-herbtech-3in1","14":"product_tag-hosszan-tarto-illat","15":"product_tag-illatos-ruhak","16":"product_tag-kornyezetbarat-mosas","17":"product_tag-koncentralt-mosoparfum","18":"product_tag-mosodio-melle-kiegeszito","19":"product_tag-mosogel-melle-kiegeszito","20":"product_tag-mosoparfum","21":"product_tag-novenyi-alapu-textilapolo","22":"product_tag-novenyi-eredetu-osszetevok","23":"product_tag-puha-ruhak","24":"product_tag-ruhaillatosito","25":"product_tag-szines-es-feher-ruhakhoz","26":"product_tag-textiloblito-koncentratum","27":"product_tag-textilfrissito","28":"product_tag-textillagyito","29":"product_tag-tudatos-haztartas","31":"first","32":"instock","33":"taxable","34":"shipping-taxable","35":"product-type-variable"},"yoast_head":"<!-- This site is optimized with the Yoast SEO plugin v27.5 - https:\/\/yoast.com\/product\/yoast-seo-wordpress\/ -->\n<title>Herbow 3in1 Mos\u00f3parf\u00fcm Feh\u00e9r szerelem - Herbow | International<\/title>\n<meta name=\"description\" content=\"A Herbow Z\u00f6ld Tea illat\u00fa foly\u00e9kony mos\u00f3szer term\u00e9szetes tisztas\u00e1got \u00e9s frissess\u00e9get biztos\u00edt a sz\u00ednes ruh\u00e1k sz\u00e1m\u00e1ra. Mos\u00f3di\u00f3-extraktummal \u00e9s bioenzimekkel hat\u00e9konyan tiszt\u00edt, mik\u00f6zben meg\u0151rzi a sz\u00ednek \u00e9l\u00e9nks\u00e9g\u00e9t \u00e9s a text\u00edli\u00e1k puhas\u00e1g\u00e1t. Finom, friss z\u00f6ld tea illata hosszan megmarad a ruh\u00e1kon.\" \/>\n<meta name=\"robots\" content=\"index, follow, max-snippet:-1, max-image-preview:large, max-video-preview:-1\" \/>\n<link rel=\"canonical\" href=\"https:\/\/herbow.eu\/ukr\/product\/herbow-3\u04321-\u043f\u0430\u0440\u0444\u0443\u043c\u0438-\u0434\u043b\u044f-\u0431\u0456\u043b\u0438\u0437\u043d\u0438-white-love\/\" \/>\n<meta property=\"og:locale\" content=\"uk_UA\" \/>\n<meta property=\"og:type\" content=\"article\" \/>\n<meta property=\"og:title\" content=\"Herbow 3in1 Mos\u00f3parf\u00fcm Feh\u00e9r szerelem - Herbow | International\" \/>\n<meta property=\"og:description\" content=\"A Herbow Z\u00f6ld Tea illat\u00fa foly\u00e9kony mos\u00f3szer term\u00e9szetes tisztas\u00e1got \u00e9s frissess\u00e9get biztos\u00edt a sz\u00ednes ruh\u00e1k sz\u00e1m\u00e1ra. Mos\u00f3di\u00f3-extraktummal \u00e9s bioenzimekkel hat\u00e9konyan tiszt\u00edt, mik\u00f6zben meg\u0151rzi a sz\u00ednek \u00e9l\u00e9nks\u00e9g\u00e9t \u00e9s a text\u00edli\u00e1k puhas\u00e1g\u00e1t. Finom, friss z\u00f6ld tea illata hosszan megmarad a ruh\u00e1kon.\" \/>\n<meta property=\"og:url\" content=\"https:\/\/herbow.eu\/ukr\/product\/herbow-3\u04321-\u043f\u0430\u0440\u0444\u0443\u043c\u0438-\u0434\u043b\u044f-\u0431\u0456\u043b\u0438\u0437\u043d\u0438-white-love\/\" \/>\n<meta property=\"og:site_name\" content=\"Herbow | International\" \/>\n<meta property=\"article:publisher\" content=\"https:\/\/www.facebook.com\/herbowmosodioslabda\/\" \/>\n<meta property=\"article:modified_time\" content=\"2026-03-17T09:58:47+00:00\" \/>\n<meta property=\"og:image\" content=\"https:\/\/herbow.eu\/wp-content\/uploads\/2025\/12\/Woo_base_2000x2000_47432_3in1_white_love_200ml.png\" \/>\n\t<meta property=\"og:image:width\" content=\"2000\" \/>\n\t<meta property=\"og:image:height\" content=\"2000\" \/>\n\t<meta property=\"og:image:type\" content=\"image\/png\" \/>\n<meta name=\"twitter:card\" content=\"summary_large_image\" \/>\n<meta name=\"twitter:label1\" content=\"\u041f\u0440\u0438\u0431\u043b. \u0447\u0430\u0441 \u0447\u0438\u0442\u0430\u043d\u043d\u044f\" \/>\n\t<meta name=\"twitter:data1\" content=\"1 \u0445\u0432\u0438\u043b\u0438\u043d\u0430\" \/>\n<script type=\"application\/ld+json\" class=\"yoast-schema-graph\">{\"@context\":\"https:\\\/\\\/schema.org\",\"@graph\":[{\"@type\":\"WebPage\",\"@id\":\"https:\\\/\\\/herbow.eu\\\/product\\\/herbow-3in1-mosoparfum-feher-szerelem\\\/\",\"url\":\"https:\\\/\\\/herbow.eu\\\/product\\\/herbow-3in1-mosoparfum-feher-szerelem\\\/\",\"name\":\"Herbow 3in1 Mos\u00f3parf\u00fcm Feh\u00e9r szerelem - Herbow | International\",\"isPartOf\":{\"@id\":\"https:\\\/\\\/herbow.eu\\\/#website\"},\"primaryImageOfPage\":{\"@id\":\"https:\\\/\\\/herbow.eu\\\/product\\\/herbow-3in1-mosoparfum-feher-szerelem\\\/#primaryimage\"},\"image\":{\"@id\":\"https:\\\/\\\/herbow.eu\\\/product\\\/herbow-3in1-mosoparfum-feher-szerelem\\\/#primaryimage\"},\"thumbnailUrl\":\"https:\\\/\\\/herbow.eu\\\/wp-content\\\/uploads\\\/2025\\\/12\\\/Woo_base_2000x2000_47432_3in1_white_love_200ml.png\",\"datePublished\":\"2025-12-15T10:00:51+00:00\",\"dateModified\":\"2026-03-17T09:58:47+00:00\",\"description\":\"A Herbow Z\u00f6ld Tea illat\u00fa foly\u00e9kony mos\u00f3szer term\u00e9szetes tisztas\u00e1got \u00e9s frissess\u00e9get biztos\u00edt a sz\u00ednes ruh\u00e1k sz\u00e1m\u00e1ra. Mos\u00f3di\u00f3-extraktummal \u00e9s bioenzimekkel hat\u00e9konyan tiszt\u00edt, mik\u00f6zben meg\u0151rzi a sz\u00ednek \u00e9l\u00e9nks\u00e9g\u00e9t \u00e9s a text\u00edli\u00e1k puhas\u00e1g\u00e1t. Finom, friss z\u00f6ld tea illata hosszan megmarad a ruh\u00e1kon.\",\"breadcrumb\":{\"@id\":\"https:\\\/\\\/herbow.eu\\\/product\\\/herbow-3in1-mosoparfum-feher-szerelem\\\/#breadcrumb\"},\"inLanguage\":\"uk\",\"potentialAction\":[{\"@type\":\"ReadAction\",\"target\":[\"https:\\\/\\\/herbow.eu\\\/product\\\/herbow-3in1-mosoparfum-feher-szerelem\\\/\"]}]},{\"@type\":\"ImageObject\",\"inLanguage\":\"uk\",\"@id\":\"https:\\\/\\\/herbow.eu\\\/product\\\/herbow-3in1-mosoparfum-feher-szerelem\\\/#primaryimage\",\"url\":\"https:\\\/\\\/herbow.eu\\\/wp-content\\\/uploads\\\/2025\\\/12\\\/Woo_base_2000x2000_47432_3in1_white_love_200ml.png\",\"contentUrl\":\"https:\\\/\\\/herbow.eu\\\/wp-content\\\/uploads\\\/2025\\\/12\\\/Woo_base_2000x2000_47432_3in1_white_love_200ml.png\",\"width\":2000,\"height\":2000},{\"@type\":\"BreadcrumbList\",\"@id\":\"https:\\\/\\\/herbow.eu\\\/product\\\/herbow-3in1-mosoparfum-feher-szerelem\\\/#breadcrumb\",\"itemListElement\":[{\"@type\":\"ListItem\",\"position\":1,\"name\":\"Kezd\u0151lap\",\"item\":\"https:\\\/\\\/herbow.eu\\\/\"},{\"@type\":\"ListItem\",\"position\":2,\"name\":\"Shop\",\"item\":\"https:\\\/\\\/herbow.eu\\\/shop\\\/\"},{\"@type\":\"ListItem\",\"position\":3,\"name\":\"Herbow 3in1 Mos\u00f3parf\u00fcm Feh\u00e9r szerelem\"}]},{\"@type\":\"WebSite\",\"@id\":\"https:\\\/\\\/herbow.eu\\\/#website\",\"url\":\"https:\\\/\\\/herbow.eu\\\/\",\"name\":\"Herbow | Herbal Organic World\",\"description\":\"Herbal Organic World\",\"publisher\":{\"@id\":\"https:\\\/\\\/herbow.eu\\\/#organization\"},\"potentialAction\":[{\"@type\":\"SearchAction\",\"target\":{\"@type\":\"EntryPoint\",\"urlTemplate\":\"https:\\\/\\\/herbow.eu\\\/?s={search_term_string}\"},\"query-input\":{\"@type\":\"PropertyValueSpecification\",\"valueRequired\":true,\"valueName\":\"search_term_string\"}}],\"inLanguage\":\"uk\"},{\"@type\":\"Organization\",\"@id\":\"https:\\\/\\\/herbow.eu\\\/#organization\",\"name\":\"Herbow International Zrt.\",\"url\":\"https:\\\/\\\/herbow.eu\\\/\",\"logo\":{\"@type\":\"ImageObject\",\"inLanguage\":\"uk\",\"@id\":\"https:\\\/\\\/herbow.eu\\\/#\\\/schema\\\/logo\\\/image\\\/\",\"url\":\"https:\\\/\\\/herbow.eu\\\/wp-content\\\/uploads\\\/2025\\\/07\\\/herbow_logo_hun_2021-01_w-slogan_no-background.png\",\"contentUrl\":\"https:\\\/\\\/herbow.eu\\\/wp-content\\\/uploads\\\/2025\\\/07\\\/herbow_logo_hun_2021-01_w-slogan_no-background.png\",\"width\":2366,\"height\":1732,\"caption\":\"Herbow International Zrt.\"},\"image\":{\"@id\":\"https:\\\/\\\/herbow.eu\\\/#\\\/schema\\\/logo\\\/image\\\/\"},\"sameAs\":[\"https:\\\/\\\/www.facebook.com\\\/herbowmosodioslabda\\\/\",\"https:\\\/\\\/www.instagram.com\\\/herbowmosodioslabda\\\/\"]}]}<\/script>\n<!-- \/ Yoast SEO plugin. -->","yoast_head_json":{"title":"Herbow 3\u04321 \u043f\u0430\u0440\u0444\u0443\u043c\u0438 \u0434\u043b\u044f \u043c\u0438\u0442\u0442\u044f \u043f\u043e\u0441\u0443\u0434\u0443 White Love - Herbow | International","description":"\u0420\u0456\u0434\u043a\u0438\u0439 \u043f\u0440\u0430\u043b\u044c\u043d\u0438\u0439 \u043f\u043e\u0440\u043e\u0448\u043e\u043a \u0437 \u0430\u0440\u043e\u043c\u0430\u0442\u043e\u043c \u0437\u0435\u043b\u0435\u043d\u043e\u0433\u043e \u0447\u0430\u044e Herbow \u0437\u0430\u0431\u0435\u0437\u043f\u0435\u0447\u0443\u0454 \u043f\u0440\u0438\u0440\u043e\u0434\u043d\u0443 \u0447\u0438\u0441\u0442\u043e\u0442\u0443 \u0442\u0430 \u0441\u0432\u0456\u0436\u0456\u0441\u0442\u044c \u043a\u043e\u043b\u044c\u043e\u0440\u043e\u0432\u0438\u0445 \u0440\u0435\u0447\u0435\u0439. \u0415\u0444\u0435\u043a\u0442\u0438\u0432\u043d\u043e \u0432\u0456\u0434\u043f\u0438\u0440\u0430\u0454 \u0437\u0430\u0432\u0434\u044f\u043a\u0438 \u0435\u043a\u0441\u0442\u0440\u0430\u043a\u0442\u0443 \u0432\u0430\u0441\u043e\u0434\u0456 \u0442\u0430 \u0431\u0456\u043e\u0435\u043d\u0437\u0438\u043c\u0430\u043c, \u0437\u0431\u0435\u0440\u0456\u0433\u0430\u044e\u0447\u0438 \u044f\u0441\u043a\u0440\u0430\u0432\u0456\u0441\u0442\u044c \u043a\u043e\u043b\u044c\u043e\u0440\u0456\u0432 \u0456 \u043c'\u044f\u043a\u0456\u0441\u0442\u044c \u0442\u043a\u0430\u043d\u0438\u043d. \u041d\u0456\u0436\u043d\u0438\u0439, \u0441\u0432\u0456\u0436\u0438\u0439 \u0430\u0440\u043e\u043c\u0430\u0442 \u0437\u0435\u043b\u0435\u043d\u043e\u0433\u043e \u0447\u0430\u044e \u043d\u0430\u0434\u043e\u0432\u0433\u043e \u0437\u0430\u043b\u0438\u0448\u0430\u0454\u0442\u044c\u0441\u044f \u043d\u0430 \u043e\u0434\u044f\u0437\u0456.","robots":{"index":"index","follow":"follow","max-snippet":"max-snippet:-1","max-image-preview":"max-image-preview:large","max-video-preview":"max-video-preview:-1"},"canonical":"https:\/\/herbow.eu\/ukr\/product\/herbow-3\u04321-\u043f\u0430\u0440\u0444\u0443\u043c\u0438-\u0434\u043b\u044f-\u0431\u0456\u043b\u0438\u0437\u043d\u0438-white-love\/","og_locale":"uk_UA","og_type":"article","og_title":"Herbow 3in1 Mos\u00f3parf\u00fcm Feh\u00e9r szerelem - Herbow | International","og_description":"A Herbow Z\u00f6ld Tea illat\u00fa foly\u00e9kony mos\u00f3szer term\u00e9szetes tisztas\u00e1got \u00e9s frissess\u00e9get biztos\u00edt a sz\u00ednes ruh\u00e1k sz\u00e1m\u00e1ra. Mos\u00f3di\u00f3-extraktummal \u00e9s bioenzimekkel hat\u00e9konyan tiszt\u00edt, mik\u00f6zben meg\u0151rzi a sz\u00ednek \u00e9l\u00e9nks\u00e9g\u00e9t \u00e9s a text\u00edli\u00e1k puhas\u00e1g\u00e1t. Finom, friss z\u00f6ld tea illata hosszan megmarad a ruh\u00e1kon.","og_url":"https:\/\/herbow.eu\/ukr\/product\/herbow-3\u04321-\u043f\u0430\u0440\u0444\u0443\u043c\u0438-\u0434\u043b\u044f-\u0431\u0456\u043b\u0438\u0437\u043d\u0438-white-love\/","og_site_name":"Herbow | International","article_publisher":"https:\/\/www.facebook.com\/herbowmosodioslabda\/","article_modified_time":"2026-03-17T09:58:47+00:00","og_image":[{"width":2000,"height":2000,"url":"https:\/\/herbow.eu\/wp-content\/uploads\/2025\/12\/Woo_base_2000x2000_47432_3in1_white_love_200ml.png","type":"image\/png"}],"twitter_card":"summary_large_image","twitter_misc":{"\u041f\u0440\u0438\u0431\u043b. \u0447\u0430\u0441 \u0447\u0438\u0442\u0430\u043d\u043d\u044f":"1 \u0445\u0432\u0438\u043b\u0438\u043d\u0430"},"schema":{"@context":"https:\/\/schema.org","@graph":[{"@type":"WebPage","@id":"https:\/\/herbow.eu\/product\/herbow-3in1-mosoparfum-feher-szerelem\/","url":"https:\/\/herbow.eu\/product\/herbow-3in1-mosoparfum-feher-szerelem\/","name":"Herbow 3\u04321 \u043f\u0430\u0440\u0444\u0443\u043c\u0438 \u0434\u043b\u044f \u043c\u0438\u0442\u0442\u044f \u043f\u043e\u0441\u0443\u0434\u0443 White Love - Herbow | International","isPartOf":{"@id":"https:\/\/herbow.eu\/#website"},"primaryImageOfPage":{"@id":"https:\/\/herbow.eu\/product\/herbow-3in1-mosoparfum-feher-szerelem\/#primaryimage"},"image":{"@id":"https:\/\/herbow.eu\/product\/herbow-3in1-mosoparfum-feher-szerelem\/#primaryimage"},"thumbnailUrl":"https:\/\/herbow.eu\/wp-content\/uploads\/2025\/12\/Woo_base_2000x2000_47432_3in1_white_love_200ml.png","datePublished":"2025-12-15T10:00:51+00:00","dateModified":"2026-03-17T09:58:47+00:00","description":"\u0420\u0456\u0434\u043a\u0438\u0439 \u043f\u0440\u0430\u043b\u044c\u043d\u0438\u0439 \u043f\u043e\u0440\u043e\u0448\u043e\u043a \u0437 \u0430\u0440\u043e\u043c\u0430\u0442\u043e\u043c \u0437\u0435\u043b\u0435\u043d\u043e\u0433\u043e \u0447\u0430\u044e Herbow \u0437\u0430\u0431\u0435\u0437\u043f\u0435\u0447\u0443\u0454 \u043f\u0440\u0438\u0440\u043e\u0434\u043d\u0443 \u0447\u0438\u0441\u0442\u043e\u0442\u0443 \u0442\u0430 \u0441\u0432\u0456\u0436\u0456\u0441\u0442\u044c \u043a\u043e\u043b\u044c\u043e\u0440\u043e\u0432\u0438\u0445 \u0440\u0435\u0447\u0435\u0439. \u0415\u0444\u0435\u043a\u0442\u0438\u0432\u043d\u043e \u0432\u0456\u0434\u043f\u0438\u0440\u0430\u0454 \u0437\u0430\u0432\u0434\u044f\u043a\u0438 \u0435\u043a\u0441\u0442\u0440\u0430\u043a\u0442\u0443 \u0432\u0430\u0441\u043e\u0434\u0456 \u0442\u0430 \u0431\u0456\u043e\u0435\u043d\u0437\u0438\u043c\u0430\u043c, \u0437\u0431\u0435\u0440\u0456\u0433\u0430\u044e\u0447\u0438 \u044f\u0441\u043a\u0440\u0430\u0432\u0456\u0441\u0442\u044c \u043a\u043e\u043b\u044c\u043e\u0440\u0456\u0432 \u0456 \u043c'\u044f\u043a\u0456\u0441\u0442\u044c \u0442\u043a\u0430\u043d\u0438\u043d. \u041d\u0456\u0436\u043d\u0438\u0439, \u0441\u0432\u0456\u0436\u0438\u0439 \u0430\u0440\u043e\u043c\u0430\u0442 \u0437\u0435\u043b\u0435\u043d\u043e\u0433\u043e \u0447\u0430\u044e \u043d\u0430\u0434\u043e\u0432\u0433\u043e \u0437\u0430\u043b\u0438\u0448\u0430\u0454\u0442\u044c\u0441\u044f \u043d\u0430 \u043e\u0434\u044f\u0437\u0456.","breadcrumb":{"@id":"https:\/\/herbow.eu\/product\/herbow-3in1-mosoparfum-feher-szerelem\/#breadcrumb"},"inLanguage":"uk","potentialAction":[{"@type":"ReadAction","target":["https:\/\/herbow.eu\/product\/herbow-3in1-mosoparfum-feher-szerelem\/"]}]},{"@type":"ImageObject","inLanguage":"uk","@id":"https:\/\/herbow.eu\/product\/herbow-3in1-mosoparfum-feher-szerelem\/#primaryimage","url":"https:\/\/herbow.eu\/wp-content\/uploads\/2025\/12\/Woo_base_2000x2000_47432_3in1_white_love_200ml.png","contentUrl":"https:\/\/herbow.eu\/wp-content\/uploads\/2025\/12\/Woo_base_2000x2000_47432_3in1_white_love_200ml.png","width":2000,"height":2000},{"@type":"BreadcrumbList","@id":"https:\/\/herbow.eu\/product\/herbow-3in1-mosoparfum-feher-szerelem\/#breadcrumb","itemListElement":[{"@type":"ListItem","position":1,"name":"Kezd\u0151lap","item":"https:\/\/herbow.eu\/"},{"@type":"ListItem","position":2,"name":"Shop","item":"https:\/\/herbow.eu\/shop\/"},{"@type":"ListItem","position":3,"name":"Herbow 3in1 Mos\u00f3parf\u00fcm Feh\u00e9r szerelem"}]},{"@type":"WebSite","@id":"https:\/\/herbow.eu\/#website","url":"https:\/\/herbow.eu\/","name":"Herbow | \u0422\u0440\u0430\u0432'\u044f\u043d\u0438\u0439 \u043e\u0440\u0433\u0430\u043d\u0456\u0447\u043d\u0438\u0439 \u0441\u0432\u0456\u0442","description":"\u0422\u0440\u0430\u0432'\u044f\u043d\u0438\u0439 \u043e\u0440\u0433\u0430\u043d\u0456\u0447\u043d\u0438\u0439 \u0441\u0432\u0456\u0442","publisher":{"@id":"https:\/\/herbow.eu\/#organization"},"potentialAction":[{"@type":"SearchAction","target":{"@type":"EntryPoint","urlTemplate":"https:\/\/herbow.eu\/?s={search_term_string}"},"query-input":{"@type":"PropertyValueSpecification","valueRequired":true,"valueName":"search_term_string"}}],"inLanguage":"uk"},{"@type":"Organization","@id":"https:\/\/herbow.eu\/#organization","name":"Herbow International Zrt.","url":"https:\/\/herbow.eu\/","logo":{"@type":"ImageObject","inLanguage":"uk","@id":"https:\/\/herbow.eu\/#\/schema\/logo\/image\/","url":"https:\/\/herbow.eu\/wp-content\/uploads\/2025\/07\/herbow_logo_hun_2021-01_w-slogan_no-background.png","contentUrl":"https:\/\/herbow.eu\/wp-content\/uploads\/2025\/07\/herbow_logo_hun_2021-01_w-slogan_no-background.png","width":2366,"height":1732,"caption":"Herbow International Zrt."},"image":{"@id":"https:\/\/herbow.eu\/#\/schema\/logo\/image\/"},"sameAs":["https:\/\/www.facebook.com\/herbowmosodioslabda\/","https:\/\/www.instagram.com\/herbowmosodioslabda\/"]}]}},"jetpack_likes_enabled":true,"jetpack_sharing_enabled":true,"_links":{"self":[{"href":"https:\/\/herbow.eu\/ukr\/wp-json\/wp\/v2\/product\/2112","targetHints":{"allow":["GET"]}}],"collection":[{"href":"https:\/\/herbow.eu\/ukr\/wp-json\/wp\/v2\/product"}],"about":[{"href":"https:\/\/herbow.eu\/ukr\/wp-json\/wp\/v2\/types\/product"}],"replies":[{"embeddable":true,"href":"https:\/\/herbow.eu\/ukr\/wp-json\/wp\/v2\/comments?post=2112"}],"wp:featuredmedia":[{"embeddable":true,"href":"https:\/\/herbow.eu\/ukr\/wp-json\/wp\/v2\/media\/2120"}],"wp:attachment":[{"href":"https:\/\/herbow.eu\/ukr\/wp-json\/wp\/v2\/media?parent=2112"}],"wp:term":[{"taxonomy":"product_brand","embeddable":true,"href":"https:\/\/herbow.eu\/ukr\/wp-json\/wp\/v2\/product_brand?post=2112"},{"taxonomy":"product_cat","embeddable":true,"href":"https:\/\/herbow.eu\/ukr\/wp-json\/wp\/v2\/product_cat?post=2112"},{"taxonomy":"product_tag","embeddable":true,"href":"https:\/\/herbow.eu\/ukr\/wp-json\/wp\/v2\/product_tag?post=2112"}],"curies":[{"name":"wp","href":"https:\/\/api.w.org\/{rel}","templated":true}]}}