{"id":1259,"date":"2025-11-21T14:54:33","date_gmt":"2025-11-21T13:54:33","guid":{"rendered":"https:\/\/herbow.eu\/?post_type=product&#038;p=1259"},"modified":"2026-03-17T10:58:47","modified_gmt":"2026-03-17T09:58:47","slug":"herbs-3%d0%b21-%d0%bf%d0%b0%d1%80%d1%84%d1%83%d0%bc%d0%b8-%d0%b4%d0%bb%d1%8f-%d0%b1%d1%96%d0%bb%d0%b8%d0%b7%d0%bd%d0%b8-ragyogo-sun-200-%d0%bc%d0%bb","status":"publish","type":"product","link":"https:\/\/herbow.eu\/ukr\/product\/herbow-3in1-mosoparfum-ragyogo-nap-200-ml\/","title":{"rendered":"Herbow 3\u04321 \u041f\u0430\u0440\u0444\u0443\u043c\u0438 \u0434\u043b\u044f \u043c\u0438\u0442\u0442\u044f \u043f\u043e\u0441\u0443\u0434\u0443 \u0421\u044f\u044e\u0447\u0435 \u0441\u043e\u043d\u0446\u0435"},"content":{"rendered":"<div>\u0410\u0440\u043e\u043c\u0430\u0442 Brilliant Sun \u043d\u0435\u0441\u0435 \u0432 \u0441\u043e\u0431\u0456 \u0442\u0435\u043f\u043b\u043e \u043b\u0456\u0442\u043d\u044c\u043e\u0433\u043e \u0441\u043e\u043d\u0446\u044f \u0442\u0430 \u0441\u0432\u0456\u0436\u0456\u0441\u0442\u044c \u043f\u0440\u0438\u0440\u043e\u0434\u0438. \u0421\u043e\u043b\u043e\u0434\u043a\u0438\u0439, \u0444\u0440\u0443\u043a\u0442\u043e\u0432\u0438\u0439 \u0430\u0440\u043e\u043c\u0430\u0442 \u043c\u0430\u043d\u0433\u043e \u0442\u0430 \u043f\u0440\u0438\u0440\u043e\u0434\u043d\u0438\u0439 \u0437\u0430\u043f\u0430\u0445 \u0441\u0432\u0456\u0436\u043e\u0441\u043a\u043e\u0448\u0435\u043d\u043e\u0433\u043e \u0441\u0456\u043d\u0430 \u0433\u0430\u0440\u043c\u043e\u043d\u0456\u0439\u043d\u043e \u043f\u043e\u0454\u0434\u043d\u0443\u044e\u0442\u044c\u0441\u044f \u043d\u0430 \u043c'\u044f\u043a\u043e\u043c\u0443 \u043a\u0432\u0456\u0442\u043a\u043e\u0432\u043e\u043c\u0443 \u0442\u043b\u0456. \u0426\u0435\u0439 \u0430\u0440\u043e\u043c\u0430\u0442 \u043e\u0434\u043d\u043e\u0447\u0430\u0441\u043d\u043e \u0431\u0430\u0434\u044c\u043e\u0440\u0438\u0439, \u0442\u0435\u043f\u043b\u0438\u0439 \u0456 \u0441\u0432\u0456\u0436\u0438\u0439, \u044f\u043a \u0441\u043e\u043d\u044f\u0447\u043d\u0438\u0439 \u0440\u0430\u043d\u043e\u043a, \u043a\u043e\u043b\u0438 \u043a\u043e\u0436\u0435\u043d \u0440\u0443\u0445 \u0441\u0442\u0430\u0454 \u043b\u0435\u0433\u0448\u0438\u043c. \u041f\u0430\u0440\u0444\u0443\u043c\u0438 \u0434\u043b\u044f \u043f\u0440\u0430\u043d\u043d\u044f Herbow 3\u04321 - \u0446\u0435 \u043d\u043e\u0432\u0435 \u043f\u043e\u043a\u043e\u043b\u0456\u043d\u043d\u044f \u0437\u0430\u0441\u043e\u0431\u0456\u0432 \u0434\u043b\u044f \u0434\u043e\u0433\u043b\u044f\u0434\u0443 \u0437\u0430 \u0442\u043a\u0430\u043d\u0438\u043d\u0430\u043c\u0438, \u044f\u043a\u0456 \u043f\u043e\u0454\u0434\u043d\u0443\u044e\u0442\u044c \u0441\u0438\u043b\u0443 \u043f\u0440\u0438\u0440\u043e\u0434\u0438 \u0442\u0430 \u0441\u0443\u0447\u0430\u0441\u043d\u0456 \u0442\u0435\u0445\u043d\u043e\u043b\u043e\u0433\u0456\u0457 \u0432 \u043e\u0434\u043d\u0456\u0439 \u0444\u043e\u0440\u043c\u0443\u043b\u0456. \u0407\u0445 \u0456\u043d\u043d\u043e\u0432\u0430\u0446\u0456\u0439\u043d\u0430 \u0444\u043e\u0440\u043c\u0443\u043b\u0430 HerbTech 3\u04321 \u043f\u043e\u0454\u0434\u043d\u0443\u0454 \u0432 \u0441\u043e\u0431\u0456 \u0441\u0438\u043b\u0443 \u043f\u0430\u0440\u0444\u0443\u043c\u0456\u0432 \u0434\u043b\u044f \u043f\u0440\u0430\u043d\u043d\u044f, \u043e\u0441\u0432\u0456\u0436\u0443\u0432\u0430\u0447\u0430 \u0442\u0430 \u043f\u043e\u043c'\u044f\u043a\u0448\u0443\u0432\u0430\u0447\u0430 \u0442\u043a\u0430\u043d\u0438\u043d\u0438, \u0437\u0430\u0432\u0434\u044f\u043a\u0438 \u0447\u043e\u043c\u0443 \u043e\u0434\u044f\u0433 \u043d\u0435 \u0442\u0456\u043b\u044c\u043a\u0438 \u0434\u043e\u0432\u0433\u043e \u043f\u0430\u0445\u043d\u0435, \u0430\u043b\u0435 \u0439 \u0437\u0430\u043b\u0438\u0448\u0430\u0454\u0442\u044c\u0441\u044f \u043c'\u044f\u043a\u0438\u043c, \u043b\u0435\u0433\u043a\u0438\u043c \u0443 \u0434\u043e\u0433\u043b\u044f\u0434\u0456 \u0442\u0430 \u043f\u0440\u0438\u0454\u043c\u043d\u0438\u043c \u043d\u0430 \u0434\u043e\u0442\u0438\u043a.<\/div>\n<div><\/div>\n<div><\/div>\n<div>\u041d\u0456\u0436\u043d\u0456 \u0440\u043e\u0441\u043b\u0438\u043d\u043d\u0456 \u043a\u043e\u043c\u043f\u043e\u043d\u0435\u043d\u0442\u0438 \u0436\u0438\u0432\u043b\u044f\u0442\u044c \u0442\u043a\u0430\u043d\u0438\u043d\u0438, \u0437\u0431\u0435\u0440\u0456\u0433\u0430\u044e\u0447\u0438 \u0457\u0445\u043d\u044e \u043f\u0440\u0438\u0440\u043e\u0434\u043d\u0443 \u043f\u043e\u0433\u043b\u0438\u043d\u0430\u044e\u0447\u0443 \u0437\u0434\u0430\u0442\u043d\u0456\u0441\u0442\u044c. \u041f\u0456\u0441\u043b\u044f \u043a\u043e\u0436\u043d\u043e\u0433\u043e \u043f\u0440\u0430\u043d\u043d\u044f \u043e\u0434\u044f\u0433 \u0437\u0430\u043b\u0438\u0448\u0430\u0454\u0442\u044c\u0441\u044f \u0441\u0432\u0456\u0436\u0438\u043c, \u043f\u0440\u0438\u0440\u043e\u0434\u043d\u0438\u043c \u0430\u0440\u043e\u043c\u0430\u0442\u043e\u043c \u0456 \u0441\u0442\u0456\u0439\u043a\u043e\u044e \u043c'\u044f\u043a\u0456\u0441\u0442\u044e - \u0431\u0435\u0437 \u0448\u043a\u043e\u0434\u0438 \u0434\u043b\u044f \u0448\u043a\u0456\u0440\u0438 \u0442\u0430 \u0434\u043e\u0432\u043a\u0456\u043b\u043b\u044f. \u041e\u043f\u043e\u043b\u0456\u0441\u043a\u0443\u0432\u0430\u0447 \u0434\u043b\u044f \u0431\u0456\u043b\u0438\u0437\u043d\u0438 Herbow 3\u04321 - \u0446\u0435 \u043f\u0440\u043e\u0441\u0442\u0435, \u0441\u0432\u0456\u0434\u043e\u043c\u0435 \u0442\u0430 \u0435\u0444\u0435\u043a\u0442\u0438\u0432\u043d\u0435 \u0440\u0456\u0448\u0435\u043d\u043d\u044f \u0434\u043b\u044f \u0442\u0438\u0445, \u0445\u0442\u043e \u043f\u0440\u0430\u0433\u043d\u0435 \u043f\u0440\u0438\u0440\u043e\u0434\u043d\u043e\u0457 \u0447\u0438\u0441\u0442\u043e\u0442\u0438 \u0431\u0435\u0437 \u043a\u043e\u043c\u043f\u0440\u043e\u043c\u0456\u0441\u0456\u0432.<\/div>\n<div><\/div>\n<div><\/div>\n<div>\u0410\u0440\u043e\u043c\u0430\u0442 Brilliant Sun \u043d\u0430\u0434\u043e\u0432\u0433\u043e \u0437\u0430\u043b\u0438\u0448\u0430\u0454\u0442\u044c\u0441\u044f \u043d\u0430 \u0442\u043a\u0430\u043d\u0438\u043d\u0430\u0445, \u043f\u0440\u0438\u043d\u043e\u0441\u044f\u0447\u0438 \u0437 \u043a\u043e\u0436\u043d\u0438\u043c \u043f\u0440\u0430\u043d\u043d\u044f\u043c \u0431\u0430\u043b\u0430\u043d\u0441 \u0441\u043e\u043d\u044f\u0447\u043d\u043e\u0433\u043e \u0441\u0432\u0456\u0442\u043b\u0430, \u0441\u0432\u0456\u0436\u043e\u0433\u043e \u043f\u043e\u0432\u0456\u0442\u0440\u044f \u0456 \u043f\u0440\u0438\u0440\u043e\u0434\u043d\u043e\u0433\u043e \u0442\u0435\u043f\u043b\u0430, \u0434\u043e\u0442\u0438\u043a \u043b\u0456\u0442\u0430 \u043d\u0430 \u043a\u043e\u0436\u0435\u043d \u0434\u0435\u043d\u044c.<\/div>","protected":false},"excerpt":{"rendered":"<p>\u0410\u0440\u043e\u043c\u0430\u0442 Brilliant Sun \u0443\u0432\u0456\u0431\u0440\u0430\u0432 \u0443 \u0441\u0435\u0431\u0435 \u0441\u0432\u0456\u0436\u0456\u0441\u0442\u044c \u0441\u043e\u043d\u044f\u0447\u043d\u0438\u0445 \u043f\u0440\u043e\u043c\u0435\u043d\u0456\u0432 \u0456 \u043f\u0440\u0438\u0440\u043e\u0434\u043d\u0443 \u0441\u043e\u043b\u043e\u0434\u043a\u0456\u0441\u0442\u044c \u043c\u0430\u043d\u0433\u043e. \u0422\u043e\u043d\u043a\u0435 \u0442\u0435\u043f\u043b\u043e \u0441\u0456\u043d\u0430 \u0434\u043e\u043f\u043e\u0432\u043d\u044e\u0454 \u0446\u0435\u0439 \u0433\u0430\u0440\u043c\u043e\u043d\u0456\u0439\u043d\u0438\u0439 \u043b\u0456\u0442\u043d\u0456\u0439 \u0430\u0440\u043e\u043c\u0430\u0442, \u0449\u043e \u043d\u0430\u0433\u0430\u0434\u0443\u0454 \u043f\u0440\u043e \u0447\u0438\u0441\u0442\u043e\u0442\u0443 \u0441\u043e\u043d\u044f\u0447\u043d\u043e\u0433\u043e \u0441\u0432\u0456\u0442\u043b\u0430 \u043f\u0456\u0441\u043b\u044f \u043a\u043e\u0436\u043d\u043e\u0433\u043e \u043f\u0440\u0430\u043d\u043d\u044f. \u0406\u043d\u043d\u043e\u0432\u0430\u0446\u0456\u0439\u043d\u0430 \u0444\u043e\u0440\u043c\u0443\u043b\u0430 HerbTech 3\u04321 \u043e\u0434\u043d\u043e\u0447\u0430\u0441\u043d\u043e \u0430\u0440\u043e\u043c\u0430\u0442\u0438\u0437\u0443\u0454, \u043f\u043e\u043c'\u044f\u043a\u0448\u0443\u0454 \u0442\u0430 \u043e\u0441\u0432\u0456\u0436\u0430\u0454 \u043e\u0434\u044f\u0433, \u0437\u0430\u043b\u0438\u0448\u0430\u044e\u0447\u0438 \u0439\u043e\u0433\u043e \u043c'\u044f\u043a\u0438\u043c \u0456 \u0430\u0440\u043e\u043c\u0430\u0442\u043d\u0438\u043c \u043d\u0430\u0434\u043e\u0432\u0433\u043e.<\/p>","protected":false},"featured_media":1150,"comment_status":"open","ping_status":"closed","template":"","meta":[],"product_brand":[1397],"product_cat":[1491],"product_tag":[1496,1493,1501,1409,1492,1495,1506,1504,1502,1507,1511,1510,1414,1499,1500,1505,1508,1509,1494,1497,1498,1503],"class_list":{"0":"post-1259","1":"product","2":"type-product","3":"status-publish","4":"has-post-thumbnail","6":"product_brand-herbow","7":"product_cat-3in1-mosoparfum-oblito-koncentratum","8":"product_tag-3in1-formula","9":"product_tag-3in1-mosoparfum","10":"product_tag-oko-oblito-alternativa","11":"product_tag-herbow","12":"product_tag-herbow-3in1","13":"product_tag-herbtech-3in1","14":"product_tag-hosszan-tarto-illat","15":"product_tag-illatos-ruhak","16":"product_tag-kornyezetbarat-mosas","17":"product_tag-koncentralt-mosoparfum","18":"product_tag-mosodio-melle-kiegeszito","19":"product_tag-mosogel-melle-kiegeszito","20":"product_tag-mosoparfum","21":"product_tag-novenyi-alapu-textilapolo","22":"product_tag-novenyi-eredetu-osszetevok","23":"product_tag-puha-ruhak","24":"product_tag-ruhaillatosito","25":"product_tag-szines-es-feher-ruhakhoz","26":"product_tag-textiloblito-koncentratum","27":"product_tag-textilfrissito","28":"product_tag-textillagyito","29":"product_tag-tudatos-haztartas","31":"first","32":"instock","33":"taxable","34":"shipping-taxable","35":"product-type-variable"},"yoast_head":"<!-- This site is optimized with the Yoast SEO plugin v27.4 - https:\/\/yoast.com\/product\/yoast-seo-wordpress\/ -->\n<title>Herbow 3in1 Mos\u00f3parf\u00fcm Ragyog\u00f3 Nap - Herbow | International<\/title>\n<meta name=\"description\" content=\"A Ragyog\u00f3 Nap illata a napf\u00e9ny frissess\u00e9g\u00e9t \u00e9s a mang\u00f3 term\u00e9szetes \u00e9dess\u00e9g\u00e9t z\u00e1rja palackba. A sz\u00e9na finom melege teszi teljess\u00e9 ezt a harmonikus, ny\u00e1ri illatot, amely minden mos\u00e1s ut\u00e1n a napf\u00e9ny tisztas\u00e1g\u00e1t id\u00e9zi.Innovat\u00edv HerbTech 3in1 formul\u00e1ja egyszerre illatos\u00edt, puh\u00edt \u00e9s felfriss\u00edti a ruh\u00e1kat, hogy azok l\u00e1gyak \u00e9s hosszan illatosak maradjanak.\" \/>\n<meta name=\"robots\" content=\"index, follow, max-snippet:-1, max-image-preview:large, max-video-preview:-1\" \/>\n<link rel=\"canonical\" href=\"https:\/\/herbow.eu\/ukr\/product\/herbs-3\u04321-\u043f\u0430\u0440\u0444\u0443\u043c\u0438-\u0434\u043b\u044f-\u0431\u0456\u043b\u0438\u0437\u043d\u0438-ragyogo-sun-200-\u043c\u043b\/\" \/>\n<meta property=\"og:locale\" content=\"uk_UA\" \/>\n<meta property=\"og:type\" content=\"article\" \/>\n<meta property=\"og:title\" content=\"Herbow 3in1 Mos\u00f3parf\u00fcm Ragyog\u00f3 Nap - Herbow | International\" \/>\n<meta property=\"og:description\" content=\"A Ragyog\u00f3 Nap illata a napf\u00e9ny frissess\u00e9g\u00e9t \u00e9s a mang\u00f3 term\u00e9szetes \u00e9dess\u00e9g\u00e9t z\u00e1rja palackba. A sz\u00e9na finom melege teszi teljess\u00e9 ezt a harmonikus, ny\u00e1ri illatot, amely minden mos\u00e1s ut\u00e1n a napf\u00e9ny tisztas\u00e1g\u00e1t id\u00e9zi.Innovat\u00edv HerbTech 3in1 formul\u00e1ja egyszerre illatos\u00edt, puh\u00edt \u00e9s felfriss\u00edti a ruh\u00e1kat, hogy azok l\u00e1gyak \u00e9s hosszan illatosak maradjanak.\" \/>\n<meta property=\"og:url\" content=\"https:\/\/herbow.eu\/ukr\/product\/herbs-3\u04321-\u043f\u0430\u0440\u0444\u0443\u043c\u0438-\u0434\u043b\u044f-\u0431\u0456\u043b\u0438\u0437\u043d\u0438-ragyogo-sun-200-\u043c\u043b\/\" \/>\n<meta property=\"og:site_name\" content=\"Herbow | International\" \/>\n<meta property=\"article:publisher\" content=\"https:\/\/www.facebook.com\/herbowmosodioslabda\/\" \/>\n<meta property=\"article:modified_time\" content=\"2026-03-17T09:58:47+00:00\" \/>\n<meta property=\"og:image\" content=\"https:\/\/herbow.eu\/wp-content\/uploads\/2025\/11\/Woo_base_2000x2000_47432_3in1_Radiant_Sun_200ml.png\" \/>\n\t<meta property=\"og:image:width\" content=\"2000\" \/>\n\t<meta property=\"og:image:height\" content=\"2000\" \/>\n\t<meta property=\"og:image:type\" content=\"image\/png\" \/>\n<meta name=\"twitter:card\" content=\"summary_large_image\" \/>\n<meta name=\"twitter:label1\" content=\"\u041f\u0440\u0438\u0431\u043b. \u0447\u0430\u0441 \u0447\u0438\u0442\u0430\u043d\u043d\u044f\" \/>\n\t<meta name=\"twitter:data1\" content=\"2 \u0445\u0432\u0438\u043b\u0438\u043d\u0438\" \/>\n<script type=\"application\/ld+json\" class=\"yoast-schema-graph\">{\"@context\":\"https:\\\/\\\/schema.org\",\"@graph\":[{\"@type\":\"WebPage\",\"@id\":\"https:\\\/\\\/herbow.eu\\\/product\\\/herbow-3in1-mosoparfum-ragyogo-nap-200-ml\\\/\",\"url\":\"https:\\\/\\\/herbow.eu\\\/product\\\/herbow-3in1-mosoparfum-ragyogo-nap-200-ml\\\/\",\"name\":\"Herbow 3in1 Mos\u00f3parf\u00fcm Ragyog\u00f3 Nap - Herbow | International\",\"isPartOf\":{\"@id\":\"https:\\\/\\\/herbow.eu\\\/#website\"},\"primaryImageOfPage\":{\"@id\":\"https:\\\/\\\/herbow.eu\\\/product\\\/herbow-3in1-mosoparfum-ragyogo-nap-200-ml\\\/#primaryimage\"},\"image\":{\"@id\":\"https:\\\/\\\/herbow.eu\\\/product\\\/herbow-3in1-mosoparfum-ragyogo-nap-200-ml\\\/#primaryimage\"},\"thumbnailUrl\":\"https:\\\/\\\/herbow.eu\\\/wp-content\\\/uploads\\\/2025\\\/11\\\/Woo_base_2000x2000_47432_3in1_Radiant_Sun_200ml.png\",\"datePublished\":\"2025-11-21T13:54:33+00:00\",\"dateModified\":\"2026-03-17T09:58:47+00:00\",\"description\":\"A Ragyog\u00f3 Nap illata a napf\u00e9ny frissess\u00e9g\u00e9t \u00e9s a mang\u00f3 term\u00e9szetes \u00e9dess\u00e9g\u00e9t z\u00e1rja palackba. A sz\u00e9na finom melege teszi teljess\u00e9 ezt a harmonikus, ny\u00e1ri illatot, amely minden mos\u00e1s ut\u00e1n a napf\u00e9ny tisztas\u00e1g\u00e1t id\u00e9zi.Innovat\u00edv HerbTech 3in1 formul\u00e1ja egyszerre illatos\u00edt, puh\u00edt \u00e9s felfriss\u00edti a ruh\u00e1kat, hogy azok l\u00e1gyak \u00e9s hosszan illatosak maradjanak.\",\"breadcrumb\":{\"@id\":\"https:\\\/\\\/herbow.eu\\\/product\\\/herbow-3in1-mosoparfum-ragyogo-nap-200-ml\\\/#breadcrumb\"},\"inLanguage\":\"uk\",\"potentialAction\":[{\"@type\":\"ReadAction\",\"target\":[\"https:\\\/\\\/herbow.eu\\\/product\\\/herbow-3in1-mosoparfum-ragyogo-nap-200-ml\\\/\"]}]},{\"@type\":\"ImageObject\",\"inLanguage\":\"uk\",\"@id\":\"https:\\\/\\\/herbow.eu\\\/product\\\/herbow-3in1-mosoparfum-ragyogo-nap-200-ml\\\/#primaryimage\",\"url\":\"https:\\\/\\\/herbow.eu\\\/wp-content\\\/uploads\\\/2025\\\/11\\\/Woo_base_2000x2000_47432_3in1_Radiant_Sun_200ml.png\",\"contentUrl\":\"https:\\\/\\\/herbow.eu\\\/wp-content\\\/uploads\\\/2025\\\/11\\\/Woo_base_2000x2000_47432_3in1_Radiant_Sun_200ml.png\",\"width\":2000,\"height\":2000},{\"@type\":\"BreadcrumbList\",\"@id\":\"https:\\\/\\\/herbow.eu\\\/product\\\/herbow-3in1-mosoparfum-ragyogo-nap-200-ml\\\/#breadcrumb\",\"itemListElement\":[{\"@type\":\"ListItem\",\"position\":1,\"name\":\"Kezd\u0151lap\",\"item\":\"https:\\\/\\\/herbow.eu\\\/\"},{\"@type\":\"ListItem\",\"position\":2,\"name\":\"Shop\",\"item\":\"https:\\\/\\\/herbow.eu\\\/shop\\\/\"},{\"@type\":\"ListItem\",\"position\":3,\"name\":\"Herbow 3in1 Mos\u00f3parf\u00fcm Ragyog\u00f3 Nap\"}]},{\"@type\":\"WebSite\",\"@id\":\"https:\\\/\\\/herbow.eu\\\/#website\",\"url\":\"https:\\\/\\\/herbow.eu\\\/\",\"name\":\"Herbow | Herbal Organic World\",\"description\":\"Herbal Organic World\",\"publisher\":{\"@id\":\"https:\\\/\\\/herbow.eu\\\/#organization\"},\"potentialAction\":[{\"@type\":\"SearchAction\",\"target\":{\"@type\":\"EntryPoint\",\"urlTemplate\":\"https:\\\/\\\/herbow.eu\\\/?s={search_term_string}\"},\"query-input\":{\"@type\":\"PropertyValueSpecification\",\"valueRequired\":true,\"valueName\":\"search_term_string\"}}],\"inLanguage\":\"uk\"},{\"@type\":\"Organization\",\"@id\":\"https:\\\/\\\/herbow.eu\\\/#organization\",\"name\":\"Herbow International Zrt.\",\"url\":\"https:\\\/\\\/herbow.eu\\\/\",\"logo\":{\"@type\":\"ImageObject\",\"inLanguage\":\"uk\",\"@id\":\"https:\\\/\\\/herbow.eu\\\/#\\\/schema\\\/logo\\\/image\\\/\",\"url\":\"https:\\\/\\\/herbow.eu\\\/wp-content\\\/uploads\\\/2025\\\/07\\\/herbow_logo_hun_2021-01_w-slogan_no-background.png\",\"contentUrl\":\"https:\\\/\\\/herbow.eu\\\/wp-content\\\/uploads\\\/2025\\\/07\\\/herbow_logo_hun_2021-01_w-slogan_no-background.png\",\"width\":2366,\"height\":1732,\"caption\":\"Herbow International Zrt.\"},\"image\":{\"@id\":\"https:\\\/\\\/herbow.eu\\\/#\\\/schema\\\/logo\\\/image\\\/\"},\"sameAs\":[\"https:\\\/\\\/www.facebook.com\\\/herbowmosodioslabda\\\/\",\"https:\\\/\\\/www.instagram.com\\\/herbowmosodioslabda\\\/\"]}]}<\/script>\n<!-- \/ Yoast SEO plugin. -->","yoast_head_json":{"title":"Herbow 3\u04321 \u043f\u0430\u0440\u0444\u0443\u043c\u0438 \u0434\u043b\u044f \u043c\u0438\u0442\u0442\u044f \u043f\u043e\u0441\u0443\u0434\u0443 \u0421\u044f\u044e\u0447\u0435 \u0441\u043e\u043d\u0446\u0435 - Herbow | International","description":"\u0410\u0440\u043e\u043c\u0430\u0442 Brilliant Sun \u0443\u0432\u0456\u0431\u0440\u0430\u0432 \u0443 \u0441\u0435\u0431\u0435 \u0441\u0432\u0456\u0436\u0456\u0441\u0442\u044c \u0441\u043e\u043d\u044f\u0447\u043d\u043e\u0433\u043e \u0441\u0432\u0456\u0442\u043b\u0430 \u0442\u0430 \u043f\u0440\u0438\u0440\u043e\u0434\u043d\u0443 \u0441\u043e\u043b\u043e\u0434\u043a\u0456\u0441\u0442\u044c \u043c\u0430\u043d\u0433\u043e. \u0422\u043e\u043d\u043a\u0435 \u0442\u0435\u043f\u043b\u043e \u0441\u0456\u043d\u0430 \u0434\u043e\u043f\u043e\u0432\u043d\u044e\u0454 \u0446\u0435\u0439 \u0433\u0430\u0440\u043c\u043e\u043d\u0456\u0439\u043d\u0438\u0439 \u043b\u0456\u0442\u043d\u0456\u0439 \u0430\u0440\u043e\u043c\u0430\u0442, \u0449\u043e \u043d\u0430\u0433\u0430\u0434\u0443\u0454 \u043f\u0440\u043e \u0447\u0438\u0441\u0442\u043e\u0442\u0443 \u0441\u043e\u043d\u044f\u0447\u043d\u043e\u0433\u043e \u0441\u0432\u0456\u0442\u043b\u0430 \u043f\u0456\u0441\u043b\u044f \u043a\u043e\u0436\u043d\u043e\u0433\u043e \u043f\u0440\u0430\u043d\u043d\u044f. \u0406\u043d\u043d\u043e\u0432\u0430\u0446\u0456\u0439\u043d\u0430 \u0444\u043e\u0440\u043c\u0443\u043b\u0430 HerbTech 3\u04321 \u0430\u0440\u043e\u043c\u0430\u0442\u0438\u0437\u0443\u0454, \u043f\u043e\u043c'\u044f\u043a\u0448\u0443\u0454 \u0442\u0430 \u043e\u0441\u0432\u0456\u0436\u0430\u0454 \u043e\u0434\u044f\u0433, \u0437\u0431\u0435\u0440\u0456\u0433\u0430\u044e\u0447\u0438 \u0439\u043e\u0433\u043e \u043c'\u044f\u043a\u0438\u043c \u0442\u0430 \u0434\u043e\u0432\u0433\u043e\u0432\u0456\u0447\u043d\u0438\u043c.","robots":{"index":"index","follow":"follow","max-snippet":"max-snippet:-1","max-image-preview":"max-image-preview:large","max-video-preview":"max-video-preview:-1"},"canonical":"https:\/\/herbow.eu\/ukr\/product\/herbs-3\u04321-\u043f\u0430\u0440\u0444\u0443\u043c\u0438-\u0434\u043b\u044f-\u0431\u0456\u043b\u0438\u0437\u043d\u0438-ragyogo-sun-200-\u043c\u043b\/","og_locale":"uk_UA","og_type":"article","og_title":"Herbow 3in1 Mos\u00f3parf\u00fcm Ragyog\u00f3 Nap - Herbow | International","og_description":"A Ragyog\u00f3 Nap illata a napf\u00e9ny frissess\u00e9g\u00e9t \u00e9s a mang\u00f3 term\u00e9szetes \u00e9dess\u00e9g\u00e9t z\u00e1rja palackba. A sz\u00e9na finom melege teszi teljess\u00e9 ezt a harmonikus, ny\u00e1ri illatot, amely minden mos\u00e1s ut\u00e1n a napf\u00e9ny tisztas\u00e1g\u00e1t id\u00e9zi.Innovat\u00edv HerbTech 3in1 formul\u00e1ja egyszerre illatos\u00edt, puh\u00edt \u00e9s felfriss\u00edti a ruh\u00e1kat, hogy azok l\u00e1gyak \u00e9s hosszan illatosak maradjanak.","og_url":"https:\/\/herbow.eu\/ukr\/product\/herbs-3\u04321-\u043f\u0430\u0440\u0444\u0443\u043c\u0438-\u0434\u043b\u044f-\u0431\u0456\u043b\u0438\u0437\u043d\u0438-ragyogo-sun-200-\u043c\u043b\/","og_site_name":"Herbow | International","article_publisher":"https:\/\/www.facebook.com\/herbowmosodioslabda\/","article_modified_time":"2026-03-17T09:58:47+00:00","og_image":[{"width":2000,"height":2000,"url":"https:\/\/herbow.eu\/wp-content\/uploads\/2025\/11\/Woo_base_2000x2000_47432_3in1_Radiant_Sun_200ml.png","type":"image\/png"}],"twitter_card":"summary_large_image","twitter_misc":{"\u041f\u0440\u0438\u0431\u043b. \u0447\u0430\u0441 \u0447\u0438\u0442\u0430\u043d\u043d\u044f":"2 \u0445\u0432\u0438\u043b\u0438\u043d\u0438"},"schema":{"@context":"https:\/\/schema.org","@graph":[{"@type":"WebPage","@id":"https:\/\/herbow.eu\/product\/herbow-3in1-mosoparfum-ragyogo-nap-200-ml\/","url":"https:\/\/herbow.eu\/product\/herbow-3in1-mosoparfum-ragyogo-nap-200-ml\/","name":"Herbow 3\u04321 \u043f\u0430\u0440\u0444\u0443\u043c\u0438 \u0434\u043b\u044f \u043c\u0438\u0442\u0442\u044f \u043f\u043e\u0441\u0443\u0434\u0443 \u0421\u044f\u044e\u0447\u0435 \u0441\u043e\u043d\u0446\u0435 - Herbow | International","isPartOf":{"@id":"https:\/\/herbow.eu\/#website"},"primaryImageOfPage":{"@id":"https:\/\/herbow.eu\/product\/herbow-3in1-mosoparfum-ragyogo-nap-200-ml\/#primaryimage"},"image":{"@id":"https:\/\/herbow.eu\/product\/herbow-3in1-mosoparfum-ragyogo-nap-200-ml\/#primaryimage"},"thumbnailUrl":"https:\/\/herbow.eu\/wp-content\/uploads\/2025\/11\/Woo_base_2000x2000_47432_3in1_Radiant_Sun_200ml.png","datePublished":"2025-11-21T13:54:33+00:00","dateModified":"2026-03-17T09:58:47+00:00","description":"\u0410\u0440\u043e\u043c\u0430\u0442 Brilliant Sun \u0443\u0432\u0456\u0431\u0440\u0430\u0432 \u0443 \u0441\u0435\u0431\u0435 \u0441\u0432\u0456\u0436\u0456\u0441\u0442\u044c \u0441\u043e\u043d\u044f\u0447\u043d\u043e\u0433\u043e \u0441\u0432\u0456\u0442\u043b\u0430 \u0442\u0430 \u043f\u0440\u0438\u0440\u043e\u0434\u043d\u0443 \u0441\u043e\u043b\u043e\u0434\u043a\u0456\u0441\u0442\u044c \u043c\u0430\u043d\u0433\u043e. \u0422\u043e\u043d\u043a\u0435 \u0442\u0435\u043f\u043b\u043e \u0441\u0456\u043d\u0430 \u0434\u043e\u043f\u043e\u0432\u043d\u044e\u0454 \u0446\u0435\u0439 \u0433\u0430\u0440\u043c\u043e\u043d\u0456\u0439\u043d\u0438\u0439 \u043b\u0456\u0442\u043d\u0456\u0439 \u0430\u0440\u043e\u043c\u0430\u0442, \u0449\u043e \u043d\u0430\u0433\u0430\u0434\u0443\u0454 \u043f\u0440\u043e \u0447\u0438\u0441\u0442\u043e\u0442\u0443 \u0441\u043e\u043d\u044f\u0447\u043d\u043e\u0433\u043e \u0441\u0432\u0456\u0442\u043b\u0430 \u043f\u0456\u0441\u043b\u044f \u043a\u043e\u0436\u043d\u043e\u0433\u043e \u043f\u0440\u0430\u043d\u043d\u044f. \u0406\u043d\u043d\u043e\u0432\u0430\u0446\u0456\u0439\u043d\u0430 \u0444\u043e\u0440\u043c\u0443\u043b\u0430 HerbTech 3\u04321 \u0430\u0440\u043e\u043c\u0430\u0442\u0438\u0437\u0443\u0454, \u043f\u043e\u043c'\u044f\u043a\u0448\u0443\u0454 \u0442\u0430 \u043e\u0441\u0432\u0456\u0436\u0430\u0454 \u043e\u0434\u044f\u0433, \u0437\u0431\u0435\u0440\u0456\u0433\u0430\u044e\u0447\u0438 \u0439\u043e\u0433\u043e \u043c'\u044f\u043a\u0438\u043c \u0442\u0430 \u0434\u043e\u0432\u0433\u043e\u0432\u0456\u0447\u043d\u0438\u043c.","breadcrumb":{"@id":"https:\/\/herbow.eu\/product\/herbow-3in1-mosoparfum-ragyogo-nap-200-ml\/#breadcrumb"},"inLanguage":"uk","potentialAction":[{"@type":"ReadAction","target":["https:\/\/herbow.eu\/product\/herbow-3in1-mosoparfum-ragyogo-nap-200-ml\/"]}]},{"@type":"ImageObject","inLanguage":"uk","@id":"https:\/\/herbow.eu\/product\/herbow-3in1-mosoparfum-ragyogo-nap-200-ml\/#primaryimage","url":"https:\/\/herbow.eu\/wp-content\/uploads\/2025\/11\/Woo_base_2000x2000_47432_3in1_Radiant_Sun_200ml.png","contentUrl":"https:\/\/herbow.eu\/wp-content\/uploads\/2025\/11\/Woo_base_2000x2000_47432_3in1_Radiant_Sun_200ml.png","width":2000,"height":2000},{"@type":"BreadcrumbList","@id":"https:\/\/herbow.eu\/product\/herbow-3in1-mosoparfum-ragyogo-nap-200-ml\/#breadcrumb","itemListElement":[{"@type":"ListItem","position":1,"name":"Kezd\u0151lap","item":"https:\/\/herbow.eu\/"},{"@type":"ListItem","position":2,"name":"Shop","item":"https:\/\/herbow.eu\/shop\/"},{"@type":"ListItem","position":3,"name":"Herbow 3in1 Mos\u00f3parf\u00fcm Ragyog\u00f3 Nap"}]},{"@type":"WebSite","@id":"https:\/\/herbow.eu\/#website","url":"https:\/\/herbow.eu\/","name":"Herbow | \u0422\u0440\u0430\u0432'\u044f\u043d\u0438\u0439 \u043e\u0440\u0433\u0430\u043d\u0456\u0447\u043d\u0438\u0439 \u0441\u0432\u0456\u0442","description":"\u0422\u0440\u0430\u0432'\u044f\u043d\u0438\u0439 \u043e\u0440\u0433\u0430\u043d\u0456\u0447\u043d\u0438\u0439 \u0441\u0432\u0456\u0442","publisher":{"@id":"https:\/\/herbow.eu\/#organization"},"potentialAction":[{"@type":"SearchAction","target":{"@type":"EntryPoint","urlTemplate":"https:\/\/herbow.eu\/?s={search_term_string}"},"query-input":{"@type":"PropertyValueSpecification","valueRequired":true,"valueName":"search_term_string"}}],"inLanguage":"uk"},{"@type":"Organization","@id":"https:\/\/herbow.eu\/#organization","name":"Herbow International Zrt.","url":"https:\/\/herbow.eu\/","logo":{"@type":"ImageObject","inLanguage":"uk","@id":"https:\/\/herbow.eu\/#\/schema\/logo\/image\/","url":"https:\/\/herbow.eu\/wp-content\/uploads\/2025\/07\/herbow_logo_hun_2021-01_w-slogan_no-background.png","contentUrl":"https:\/\/herbow.eu\/wp-content\/uploads\/2025\/07\/herbow_logo_hun_2021-01_w-slogan_no-background.png","width":2366,"height":1732,"caption":"Herbow International Zrt."},"image":{"@id":"https:\/\/herbow.eu\/#\/schema\/logo\/image\/"},"sameAs":["https:\/\/www.facebook.com\/herbowmosodioslabda\/","https:\/\/www.instagram.com\/herbowmosodioslabda\/"]}]}},"jetpack_likes_enabled":true,"jetpack_sharing_enabled":true,"_links":{"self":[{"href":"https:\/\/herbow.eu\/ukr\/wp-json\/wp\/v2\/product\/1259","targetHints":{"allow":["GET"]}}],"collection":[{"href":"https:\/\/herbow.eu\/ukr\/wp-json\/wp\/v2\/product"}],"about":[{"href":"https:\/\/herbow.eu\/ukr\/wp-json\/wp\/v2\/types\/product"}],"replies":[{"embeddable":true,"href":"https:\/\/herbow.eu\/ukr\/wp-json\/wp\/v2\/comments?post=1259"}],"wp:featuredmedia":[{"embeddable":true,"href":"https:\/\/herbow.eu\/ukr\/wp-json\/wp\/v2\/media\/1150"}],"wp:attachment":[{"href":"https:\/\/herbow.eu\/ukr\/wp-json\/wp\/v2\/media?parent=1259"}],"wp:term":[{"taxonomy":"product_brand","embeddable":true,"href":"https:\/\/herbow.eu\/ukr\/wp-json\/wp\/v2\/product_brand?post=1259"},{"taxonomy":"product_cat","embeddable":true,"href":"https:\/\/herbow.eu\/ukr\/wp-json\/wp\/v2\/product_cat?post=1259"},{"taxonomy":"product_tag","embeddable":true,"href":"https:\/\/herbow.eu\/ukr\/wp-json\/wp\/v2\/product_tag?post=1259"}],"curies":[{"name":"wp","href":"https:\/\/api.w.org\/{rel}","templated":true}]}}