{"id":1026,"date":"2025-08-18T11:05:56","date_gmt":"2025-08-18T09:05:56","guid":{"rendered":"https:\/\/herbow.eu\/product\/herbow-gepi-mosogatoszer-orange-illattal-750ml\/"},"modified":"2026-03-17T10:58:20","modified_gmt":"2026-03-17T09:58:20","slug":"herbow-gepi-mosogatoszer-orange-illattal","status":"publish","type":"product","link":"https:\/\/herbow.eu\/ukr\/product\/herbow-gepi-mosogatoszer-orange-illattal\/","title":{"rendered":"\u0420\u0456\u0434\u043a\u0438\u0439 \u0441\u0443\u043f\u0435\u0440\u043a\u043e\u043d\u0446\u0435\u043d\u0442\u0440\u0430\u0442 \u0434\u043b\u044f \u043c\u0430\u0448\u0438\u043d\u043d\u043e\u0433\u043e \u043c\u0438\u0442\u0442\u044f \u043f\u043e\u0441\u0443\u0434\u0443 Herbow \u043f\u043e\u043c\u0430\u0440\u0430\u043d\u0447\u0435\u0432\u0438\u0439 750 \u043c\u043b"},"content":{"rendered":"<p>A Herbow G\u00e9pi Mosogat\u00f3szer Narancs illattal egy pr\u00e9mium, szuper koncentr\u00e1lt formula, amely mos\u00f3di\u00f3-extraktum \u00e9s n\u00f6v\u00e9nyi enzimek kombin\u00e1ci\u00f3j\u00e1val biztos\u00edt kiv\u00e1l\u00f3 zs\u00edrold\u00f3 \u00e9s tiszt\u00edt\u00f3 hat\u00e1st. F\u00e9kezett habz\u00e1s\u00fa \u00f6sszet\u00e9tele minden v\u00edzkem\u00e9nys\u00e9ghez alkalmazkodik, \u00edgy v\u00edzl\u00e1gy\u00edt\u00f3val rendelkez\u0151 g\u00e9pekhez is biztons\u00e1gosan haszn\u00e1lhat\u00f3. A formula gyorsan old\u00f3dik, m\u00e1r a mosogat\u00e1si ciklus elej\u00e9n kifejti hat\u00e1s\u00e1t, \u00e9s nem hagy nyomot az ed\u00e9nyeken vagy a g\u00e9p belsej\u00e9ben. Term\u00e9szetes eredet\u0171 \u00f6sszetev\u0151i k\u00edm\u00e9letesek, m\u00e9gis hat\u00e9konyan elt\u00e1vol\u00edtj\u00e1k az \u00e9telmaradv\u00e1nyokat \u00e9s a zs\u00edros szennyez\u0151d\u00e9seket.<\/p>\n<p>A narancs friss, enyh\u00e9n citrusos illata tisztas\u00e1g\u00e9rzetet ad, an\u00e9lk\u00fcl hogy t\u00fal er\u0151s lenne. A Herbow mosogat\u00f3szerek foszf\u00e1t-, EDTA- \u00e9s kl\u00f3rmentesek, nem tartalmaznak mesters\u00e9ges sz\u00ednez\u00e9ket, \u00e9s biol\u00f3giailag lebomlanak. Veg\u00e1n formula, amely kompromisszummentes tisztas\u00e1got k\u00edn\u00e1l a k\u00f6rnyezet meg\u00f3v\u00e1s\u00e1val. A pr\u00e9mium habadagol\u00f3s csomagol\u00e1s megk\u00f6nny\u00edti a pontos adagol\u00e1st \u00e9s a gazdas\u00e1gos haszn\u00e1latot.<\/p>\n<p>\u0420\u0435\u043a\u043e\u043c\u0435\u043d\u0434\u043e\u0432\u0430\u043d\u0435 \u0434\u043e\u0437\u0443\u0432\u0430\u043d\u043d\u044f:<\/p>\n<ul>\n<li>\u0420\u0435\u043a\u043e\u043c\u0435\u043d\u0434\u043e\u0432\u0430\u043d\u0435 \u0434\u043e\u0437\u0443\u0432\u0430\u043d\u043d\u044f \u0434\u043b\u044f \u0432\u0441\u0456\u0445 \u0442\u0438\u043f\u0456\u0432 \u043f\u043e\u0441\u0443\u0434\u043e\u043c\u0438\u0439\u043d\u0438\u0445 \u043c\u0430\u0448\u0438\u043d (\u0443 \u0442\u043e\u043c\u0443 \u0447\u0438\u0441\u043b\u0456 \u043d\u0430 9-12-15 \u043c\u0456\u0441\u0446\u044c \u0437 \u043f\u043e\u043c'\u044f\u043a\u0448\u0443\u0432\u0430\u0447\u0435\u043c \u0432\u043e\u0434\u0438) \u0441\u0442\u0430\u043d\u043e\u0432\u0438\u0442\u044c 10-20 \u043c\u043b, \u0437\u0430\u043b\u0435\u0436\u043d\u043e \u0432\u0456\u0434 \u0440\u0456\u0432\u043d\u044f \u0437\u0430\u0431\u0440\u0443\u0434\u043d\u0435\u043d\u043d\u044f.<\/li>\n<li>\u041d\u0435 \u0434\u043e\u0434\u0430\u0432\u0430\u0439\u0442\u0435 \u0431\u0456\u043b\u044c\u0448\u0435, \u043d\u0456\u0436 \u0440\u0435\u043a\u043e\u043c\u0435\u043d\u0434\u043e\u0432\u0430\u043d\u043e, \u043e\u0441\u043a\u0456\u043b\u044c\u043a\u0438 \u043f\u0435\u0440\u0435\u0434\u043e\u0437\u0443\u0432\u0430\u043d\u043d\u044f \u043f\u043e\u0431\u0443\u0442\u043e\u0432\u043e\u0433\u043e \u043f\u043e\u043c'\u044f\u043a\u0448\u0443\u0432\u0430\u0447\u0430 \u0432\u043e\u0434\u0438 \u043c\u043e\u0436\u0435 \u0441\u043f\u0440\u0438\u0447\u0438\u043d\u0438\u0442\u0438 \u0432\u0438\u0441\u0438\u043f! \u0414\u043b\u044f \u0433\u0430\u0440\u043d\u043e\u0433\u043e \u0440\u0435\u0437\u0443\u043b\u044c\u0442\u0430\u0442\u0443 \u043c\u0438\u0442\u0442\u044f \u043f\u0435\u0440\u0435\u043a\u043e\u043d\u0430\u0439\u0442\u0435\u0441\u044f, \u0449\u043e \u043f\u043e\u0441\u0443\u0434\u043e\u043c\u0438\u0439\u043d\u0430 \u043c\u0430\u0448\u0438\u043d\u0430 \u0437\u0430\u043f\u043e\u0432\u043d\u0435\u043d\u0430 \u043c\u0438\u044e\u0447\u0438\u043c \u0437\u0430\u0441\u043e\u0431\u043e\u043c \u0434\u043b\u044f \u043f\u043e\u0441\u0443\u0434\u0443.<\/li>\n<li>\u041f\u0440\u0438 \u0432\u0438\u043a\u043e\u0440\u0438\u0441\u0442\u0430\u043d\u043d\u0456 \u0421\u0443\u043f\u0435\u0440\u043a\u043e\u043d\u0446\u0435\u043d\u0442\u0440\u043e\u0432\u0430\u043d\u043e\u0433\u043e \u0437\u0430\u0441\u043e\u0431\u0443 \u0434\u043b\u044f \u043c\u0438\u0442\u0442\u044f \u043f\u043e\u0441\u0443\u0434\u0443 Herbow \u0421\u0443\u043f\u0435\u0440\u043a\u043e\u043d\u0446\u0435\u043d\u0442\u0440\u0430\u0442 \u043d\u0435 \u043f\u043e\u0442\u0440\u0456\u0431\u043d\u043e \u0434\u043e\u0434\u0430\u0432\u0430\u0442\u0438 \u0440\u0435\u0433\u0435\u043d\u0435\u0440\u0443\u044e\u0447\u0443 \u0441\u0456\u043b\u044c.<\/li>\n<\/ul>\n<p>\u041f\u043e\u0440\u0430\u0434\u0430: \u0434\u043b\u044f \u043f\u0456\u0434\u0442\u0440\u0438\u043c\u043a\u0438 \u0434\u043e\u0432\u0433\u043e\u0442\u0440\u0438\u0432\u0430\u043b\u043e\u0457 \u0435\u0444\u0435\u043a\u0442\u0438\u0432\u043d\u043e\u0441\u0442\u0456 \u0440\u0435\u043a\u043e\u043c\u0435\u043d\u0434\u0443\u0454\u0442\u044c\u0441\u044f \u0440\u0435\u0433\u0443\u043b\u044f\u0440\u043d\u0435 \u0447\u0438\u0449\u0435\u043d\u043d\u044f \u043f\u043e\u0441\u0443\u0434\u043e\u043c\u0438\u0439\u043d\u043e\u0457 \u043c\u0430\u0448\u0438\u043d\u0438 \u0440\u0430\u0437 \u043d\u0430 \u043c\u0456\u0441\u044f\u0446\u044c.<\/p>","protected":false},"excerpt":{"rendered":"<p>Term\u00e9szetes mos\u00f3di\u00f3-extraktummal \u00e9s n\u00f6v\u00e9nyi enzimekkel k\u00e9sz\u00fclt g\u00e9pi mosogat\u00f3szer, amely hat\u00e9konyan t\u00e1vol\u00edtja el a zs\u00edros \u00e9s makacs szennyez\u0151d\u00e9seket, mik\u00f6zben k\u00edm\u00e9li a mosogat\u00f3g\u00e9pet \u00e9s a k\u00f6rnyezetet.<\/p>\n<p>Kiszerel\u00e9s: 750ml<\/p>","protected":false},"featured_media":867,"comment_status":"open","ping_status":"closed","template":"","meta":[],"product_brand":[1397],"product_cat":[1490,1400],"product_tag":[],"class_list":{"0":"post-1026","1":"product","2":"type-product","3":"status-publish","4":"has-post-thumbnail","6":"product_brand-herbow","7":"product_cat-gepi-mosogatoszer","8":"product_cat-folyekony-mosogatoszer","10":"first","11":"instock","12":"taxable","13":"shipping-taxable","14":"product-type-simple"},"yoast_head":"<!-- This site is optimized with the Yoast SEO plugin v27.5 - https:\/\/yoast.com\/product\/yoast-seo-wordpress\/ -->\n<title>Herbow G\u00e9pi Mosogat\u00f3szer Szuper Koncentr\u00e1tum Narancs illattal 750 ml - Herbow | International<\/title>\n<meta name=\"description\" content=\"Term\u00e9szetes mos\u00f3di\u00f3-extraktummal \u00e9s n\u00f6v\u00e9nyi enzimekkel k\u00e9sz\u00fclt g\u00e9pi mosogat\u00f3szer, amely hat\u00e9konyan t\u00e1vol\u00edtja el a zs\u00edros \u00e9s makacs szennyez\u0151d\u00e9seket, mik\u00f6zben k\u00edm\u00e9li a mosogat\u00f3g\u00e9pet \u00e9s a k\u00f6rnyezetet.\" \/>\n<meta name=\"robots\" content=\"index, follow, max-snippet:-1, max-image-preview:large, max-video-preview:-1\" \/>\n<link rel=\"canonical\" href=\"https:\/\/herbow.eu\/ukr\/product\/herbow-gepi-mosogatoszer-orange-illattal\/\" \/>\n<meta property=\"og:locale\" content=\"uk_UA\" \/>\n<meta property=\"og:type\" content=\"article\" \/>\n<meta property=\"og:title\" content=\"Herbow G\u00e9pi Mosogat\u00f3szer Szuper Koncentr\u00e1tum Narancs illattal 750 ml - Herbow | International\" \/>\n<meta property=\"og:description\" content=\"Term\u00e9szetes mos\u00f3di\u00f3-extraktummal \u00e9s n\u00f6v\u00e9nyi enzimekkel k\u00e9sz\u00fclt g\u00e9pi mosogat\u00f3szer, amely hat\u00e9konyan t\u00e1vol\u00edtja el a zs\u00edros \u00e9s makacs szennyez\u0151d\u00e9seket, mik\u00f6zben k\u00edm\u00e9li a mosogat\u00f3g\u00e9pet \u00e9s a k\u00f6rnyezetet.\" \/>\n<meta property=\"og:url\" content=\"https:\/\/herbow.eu\/ukr\/product\/herbow-gepi-mosogatoszer-orange-illattal\/\" \/>\n<meta property=\"og:site_name\" content=\"Herbow | International\" \/>\n<meta property=\"article:publisher\" content=\"https:\/\/www.facebook.com\/herbowmosodioslabda\/\" \/>\n<meta property=\"article:modified_time\" content=\"2026-03-17T09:58:20+00:00\" \/>\n<meta property=\"og:image\" content=\"https:\/\/herbow.eu\/wp-content\/uploads\/2025\/08\/herbow_gepi_mosogatoszer_750ml_120x240_v8_redesign_uj_narancs_illat.png\" \/>\n\t<meta property=\"og:image:width\" content=\"2000\" \/>\n\t<meta property=\"og:image:height\" content=\"2000\" \/>\n\t<meta property=\"og:image:type\" content=\"image\/png\" \/>\n<meta name=\"twitter:card\" content=\"summary_large_image\" \/>\n<meta name=\"twitter:label1\" content=\"\u041f\u0440\u0438\u0431\u043b. \u0447\u0430\u0441 \u0447\u0438\u0442\u0430\u043d\u043d\u044f\" \/>\n\t<meta name=\"twitter:data1\" content=\"2 \u0445\u0432\u0438\u043b\u0438\u043d\u0438\" \/>\n<script type=\"application\/ld+json\" class=\"yoast-schema-graph\">{\"@context\":\"https:\\\/\\\/schema.org\",\"@graph\":[{\"@type\":\"WebPage\",\"@id\":\"https:\\\/\\\/herbow.eu\\\/product\\\/herbow-gepi-mosogatoszer-orange-illattal\\\/\",\"url\":\"https:\\\/\\\/herbow.eu\\\/product\\\/herbow-gepi-mosogatoszer-orange-illattal\\\/\",\"name\":\"Herbow G\u00e9pi Mosogat\u00f3szer Szuper Koncentr\u00e1tum Narancs illattal 750 ml - Herbow | International\",\"isPartOf\":{\"@id\":\"https:\\\/\\\/herbow.eu\\\/#website\"},\"primaryImageOfPage\":{\"@id\":\"https:\\\/\\\/herbow.eu\\\/product\\\/herbow-gepi-mosogatoszer-orange-illattal\\\/#primaryimage\"},\"image\":{\"@id\":\"https:\\\/\\\/herbow.eu\\\/product\\\/herbow-gepi-mosogatoszer-orange-illattal\\\/#primaryimage\"},\"thumbnailUrl\":\"https:\\\/\\\/herbow.eu\\\/wp-content\\\/uploads\\\/2025\\\/08\\\/herbow_gepi_mosogatoszer_750ml_120x240_v8_redesign_uj_narancs_illat.png\",\"datePublished\":\"2025-08-18T09:05:56+00:00\",\"dateModified\":\"2026-03-17T09:58:20+00:00\",\"description\":\"Term\u00e9szetes mos\u00f3di\u00f3-extraktummal \u00e9s n\u00f6v\u00e9nyi enzimekkel k\u00e9sz\u00fclt g\u00e9pi mosogat\u00f3szer, amely hat\u00e9konyan t\u00e1vol\u00edtja el a zs\u00edros \u00e9s makacs szennyez\u0151d\u00e9seket, mik\u00f6zben k\u00edm\u00e9li a mosogat\u00f3g\u00e9pet \u00e9s a k\u00f6rnyezetet.\",\"breadcrumb\":{\"@id\":\"https:\\\/\\\/herbow.eu\\\/product\\\/herbow-gepi-mosogatoszer-orange-illattal\\\/#breadcrumb\"},\"inLanguage\":\"uk\",\"potentialAction\":[{\"@type\":\"ReadAction\",\"target\":[\"https:\\\/\\\/herbow.eu\\\/product\\\/herbow-gepi-mosogatoszer-orange-illattal\\\/\"]}]},{\"@type\":\"ImageObject\",\"inLanguage\":\"uk\",\"@id\":\"https:\\\/\\\/herbow.eu\\\/product\\\/herbow-gepi-mosogatoszer-orange-illattal\\\/#primaryimage\",\"url\":\"https:\\\/\\\/herbow.eu\\\/wp-content\\\/uploads\\\/2025\\\/08\\\/herbow_gepi_mosogatoszer_750ml_120x240_v8_redesign_uj_narancs_illat.png\",\"contentUrl\":\"https:\\\/\\\/herbow.eu\\\/wp-content\\\/uploads\\\/2025\\\/08\\\/herbow_gepi_mosogatoszer_750ml_120x240_v8_redesign_uj_narancs_illat.png\",\"width\":2000,\"height\":2000},{\"@type\":\"BreadcrumbList\",\"@id\":\"https:\\\/\\\/herbow.eu\\\/product\\\/herbow-gepi-mosogatoszer-orange-illattal\\\/#breadcrumb\",\"itemListElement\":[{\"@type\":\"ListItem\",\"position\":1,\"name\":\"Kezd\u0151lap\",\"item\":\"https:\\\/\\\/herbow.eu\\\/\"},{\"@type\":\"ListItem\",\"position\":2,\"name\":\"Shop\",\"item\":\"https:\\\/\\\/herbow.eu\\\/shop\\\/\"},{\"@type\":\"ListItem\",\"position\":3,\"name\":\"Herbow G\u00e9pi Mosogat\u00f3szer Szuper Koncentr\u00e1tum Narancs illattal 750 ml\"}]},{\"@type\":\"WebSite\",\"@id\":\"https:\\\/\\\/herbow.eu\\\/#website\",\"url\":\"https:\\\/\\\/herbow.eu\\\/\",\"name\":\"Herbow | Herbal Organic World\",\"description\":\"Herbal Organic World\",\"publisher\":{\"@id\":\"https:\\\/\\\/herbow.eu\\\/#organization\"},\"potentialAction\":[{\"@type\":\"SearchAction\",\"target\":{\"@type\":\"EntryPoint\",\"urlTemplate\":\"https:\\\/\\\/herbow.eu\\\/?s={search_term_string}\"},\"query-input\":{\"@type\":\"PropertyValueSpecification\",\"valueRequired\":true,\"valueName\":\"search_term_string\"}}],\"inLanguage\":\"uk\"},{\"@type\":\"Organization\",\"@id\":\"https:\\\/\\\/herbow.eu\\\/#organization\",\"name\":\"Herbow International Zrt.\",\"url\":\"https:\\\/\\\/herbow.eu\\\/\",\"logo\":{\"@type\":\"ImageObject\",\"inLanguage\":\"uk\",\"@id\":\"https:\\\/\\\/herbow.eu\\\/#\\\/schema\\\/logo\\\/image\\\/\",\"url\":\"https:\\\/\\\/herbow.eu\\\/wp-content\\\/uploads\\\/2025\\\/07\\\/herbow_logo_hun_2021-01_w-slogan_no-background.png\",\"contentUrl\":\"https:\\\/\\\/herbow.eu\\\/wp-content\\\/uploads\\\/2025\\\/07\\\/herbow_logo_hun_2021-01_w-slogan_no-background.png\",\"width\":2366,\"height\":1732,\"caption\":\"Herbow International Zrt.\"},\"image\":{\"@id\":\"https:\\\/\\\/herbow.eu\\\/#\\\/schema\\\/logo\\\/image\\\/\"},\"sameAs\":[\"https:\\\/\\\/www.facebook.com\\\/herbowmosodioslabda\\\/\",\"https:\\\/\\\/www.instagram.com\\\/herbowmosodioslabda\\\/\"]}]}<\/script>\n<!-- \/ Yoast SEO plugin. -->","yoast_head_json":{"title":"Herbow G\u00e9pi Mosogat\u00f3szer Szuper Koncentr\u00e1tum Narancs illattal 750 ml - Herbow | International","description":"Term\u00e9szetes mos\u00f3di\u00f3-extraktummal \u00e9s n\u00f6v\u00e9nyi enzimekkel k\u00e9sz\u00fclt g\u00e9pi mosogat\u00f3szer, amely hat\u00e9konyan t\u00e1vol\u00edtja el a zs\u00edros \u00e9s makacs szennyez\u0151d\u00e9seket, mik\u00f6zben k\u00edm\u00e9li a mosogat\u00f3g\u00e9pet \u00e9s a k\u00f6rnyezetet.","robots":{"index":"index","follow":"follow","max-snippet":"max-snippet:-1","max-image-preview":"max-image-preview:large","max-video-preview":"max-video-preview:-1"},"canonical":"https:\/\/herbow.eu\/ukr\/product\/herbow-gepi-mosogatoszer-orange-illattal\/","og_locale":"uk_UA","og_type":"article","og_title":"Herbow G\u00e9pi Mosogat\u00f3szer Szuper Koncentr\u00e1tum Narancs illattal 750 ml - Herbow | International","og_description":"Term\u00e9szetes mos\u00f3di\u00f3-extraktummal \u00e9s n\u00f6v\u00e9nyi enzimekkel k\u00e9sz\u00fclt g\u00e9pi mosogat\u00f3szer, amely hat\u00e9konyan t\u00e1vol\u00edtja el a zs\u00edros \u00e9s makacs szennyez\u0151d\u00e9seket, mik\u00f6zben k\u00edm\u00e9li a mosogat\u00f3g\u00e9pet \u00e9s a k\u00f6rnyezetet.","og_url":"https:\/\/herbow.eu\/ukr\/product\/herbow-gepi-mosogatoszer-orange-illattal\/","og_site_name":"Herbow | International","article_publisher":"https:\/\/www.facebook.com\/herbowmosodioslabda\/","article_modified_time":"2026-03-17T09:58:20+00:00","og_image":[{"width":2000,"height":2000,"url":"https:\/\/herbow.eu\/wp-content\/uploads\/2025\/08\/herbow_gepi_mosogatoszer_750ml_120x240_v8_redesign_uj_narancs_illat.png","type":"image\/png"}],"twitter_card":"summary_large_image","twitter_misc":{"\u041f\u0440\u0438\u0431\u043b. \u0447\u0430\u0441 \u0447\u0438\u0442\u0430\u043d\u043d\u044f":"2 \u0445\u0432\u0438\u043b\u0438\u043d\u0438"},"schema":{"@context":"https:\/\/schema.org","@graph":[{"@type":"WebPage","@id":"https:\/\/herbow.eu\/product\/herbow-gepi-mosogatoszer-orange-illattal\/","url":"https:\/\/herbow.eu\/product\/herbow-gepi-mosogatoszer-orange-illattal\/","name":"Herbow G\u00e9pi Mosogat\u00f3szer Szuper Koncentr\u00e1tum Narancs illattal 750 ml - Herbow | International","isPartOf":{"@id":"https:\/\/herbow.eu\/#website"},"primaryImageOfPage":{"@id":"https:\/\/herbow.eu\/product\/herbow-gepi-mosogatoszer-orange-illattal\/#primaryimage"},"image":{"@id":"https:\/\/herbow.eu\/product\/herbow-gepi-mosogatoszer-orange-illattal\/#primaryimage"},"thumbnailUrl":"https:\/\/herbow.eu\/wp-content\/uploads\/2025\/08\/herbow_gepi_mosogatoszer_750ml_120x240_v8_redesign_uj_narancs_illat.png","datePublished":"2025-08-18T09:05:56+00:00","dateModified":"2026-03-17T09:58:20+00:00","description":"Term\u00e9szetes mos\u00f3di\u00f3-extraktummal \u00e9s n\u00f6v\u00e9nyi enzimekkel k\u00e9sz\u00fclt g\u00e9pi mosogat\u00f3szer, amely hat\u00e9konyan t\u00e1vol\u00edtja el a zs\u00edros \u00e9s makacs szennyez\u0151d\u00e9seket, mik\u00f6zben k\u00edm\u00e9li a mosogat\u00f3g\u00e9pet \u00e9s a k\u00f6rnyezetet.","breadcrumb":{"@id":"https:\/\/herbow.eu\/product\/herbow-gepi-mosogatoszer-orange-illattal\/#breadcrumb"},"inLanguage":"uk","potentialAction":[{"@type":"ReadAction","target":["https:\/\/herbow.eu\/product\/herbow-gepi-mosogatoszer-orange-illattal\/"]}]},{"@type":"ImageObject","inLanguage":"uk","@id":"https:\/\/herbow.eu\/product\/herbow-gepi-mosogatoszer-orange-illattal\/#primaryimage","url":"https:\/\/herbow.eu\/wp-content\/uploads\/2025\/08\/herbow_gepi_mosogatoszer_750ml_120x240_v8_redesign_uj_narancs_illat.png","contentUrl":"https:\/\/herbow.eu\/wp-content\/uploads\/2025\/08\/herbow_gepi_mosogatoszer_750ml_120x240_v8_redesign_uj_narancs_illat.png","width":2000,"height":2000},{"@type":"BreadcrumbList","@id":"https:\/\/herbow.eu\/product\/herbow-gepi-mosogatoszer-orange-illattal\/#breadcrumb","itemListElement":[{"@type":"ListItem","position":1,"name":"Kezd\u0151lap","item":"https:\/\/herbow.eu\/"},{"@type":"ListItem","position":2,"name":"Shop","item":"https:\/\/herbow.eu\/shop\/"},{"@type":"ListItem","position":3,"name":"Herbow G\u00e9pi Mosogat\u00f3szer Szuper Koncentr\u00e1tum Narancs illattal 750 ml"}]},{"@type":"WebSite","@id":"https:\/\/herbow.eu\/#website","url":"https:\/\/herbow.eu\/","name":"Herbow | \u0422\u0440\u0430\u0432'\u044f\u043d\u0438\u0439 \u043e\u0440\u0433\u0430\u043d\u0456\u0447\u043d\u0438\u0439 \u0441\u0432\u0456\u0442","description":"\u0422\u0440\u0430\u0432'\u044f\u043d\u0438\u0439 \u043e\u0440\u0433\u0430\u043d\u0456\u0447\u043d\u0438\u0439 \u0441\u0432\u0456\u0442","publisher":{"@id":"https:\/\/herbow.eu\/#organization"},"potentialAction":[{"@type":"SearchAction","target":{"@type":"EntryPoint","urlTemplate":"https:\/\/herbow.eu\/?s={search_term_string}"},"query-input":{"@type":"PropertyValueSpecification","valueRequired":true,"valueName":"search_term_string"}}],"inLanguage":"uk"},{"@type":"Organization","@id":"https:\/\/herbow.eu\/#organization","name":"Herbow International Zrt.","url":"https:\/\/herbow.eu\/","logo":{"@type":"ImageObject","inLanguage":"uk","@id":"https:\/\/herbow.eu\/#\/schema\/logo\/image\/","url":"https:\/\/herbow.eu\/wp-content\/uploads\/2025\/07\/herbow_logo_hun_2021-01_w-slogan_no-background.png","contentUrl":"https:\/\/herbow.eu\/wp-content\/uploads\/2025\/07\/herbow_logo_hun_2021-01_w-slogan_no-background.png","width":2366,"height":1732,"caption":"Herbow International Zrt."},"image":{"@id":"https:\/\/herbow.eu\/#\/schema\/logo\/image\/"},"sameAs":["https:\/\/www.facebook.com\/herbowmosodioslabda\/","https:\/\/www.instagram.com\/herbowmosodioslabda\/"]}]}},"jetpack_likes_enabled":true,"jetpack_sharing_enabled":true,"_links":{"self":[{"href":"https:\/\/herbow.eu\/ukr\/wp-json\/wp\/v2\/product\/1026","targetHints":{"allow":["GET"]}}],"collection":[{"href":"https:\/\/herbow.eu\/ukr\/wp-json\/wp\/v2\/product"}],"about":[{"href":"https:\/\/herbow.eu\/ukr\/wp-json\/wp\/v2\/types\/product"}],"replies":[{"embeddable":true,"href":"https:\/\/herbow.eu\/ukr\/wp-json\/wp\/v2\/comments?post=1026"}],"wp:featuredmedia":[{"embeddable":true,"href":"https:\/\/herbow.eu\/ukr\/wp-json\/wp\/v2\/media\/867"}],"wp:attachment":[{"href":"https:\/\/herbow.eu\/ukr\/wp-json\/wp\/v2\/media?parent=1026"}],"wp:term":[{"taxonomy":"product_brand","embeddable":true,"href":"https:\/\/herbow.eu\/ukr\/wp-json\/wp\/v2\/product_brand?post=1026"},{"taxonomy":"product_cat","embeddable":true,"href":"https:\/\/herbow.eu\/ukr\/wp-json\/wp\/v2\/product_cat?post=1026"},{"taxonomy":"product_tag","embeddable":true,"href":"https:\/\/herbow.eu\/ukr\/wp-json\/wp\/v2\/product_tag?post=1026"}],"curies":[{"name":"wp","href":"https:\/\/api.w.org\/{rel}","templated":true}]}}