{"id":1022,"date":"2025-08-18T11:05:56","date_gmt":"2025-08-18T09:05:56","guid":{"rendered":"https:\/\/herbow.eu\/product\/herbow-folyekony-mosogatoszer-fresh-nature-illatmentes\/"},"modified":"2026-03-17T10:58:21","modified_gmt":"2026-03-17T09:58:21","slug":"%d1%80%d1%96%d0%b4%d0%ba%d0%b5-%d0%bc%d0%b8%d0%bb%d0%be-%d0%b4%d0%bb%d1%8f-%d0%bc%d0%b8%d1%82%d1%82%d1%8f-%d0%bf%d0%be%d1%81%d1%83%d0%b4%d1%83-herbs-%d1%81%d0%b2%d1%96%d0%b6%d0%b0-%d0%bf%d1%80%d0%b8","status":"publish","type":"product","link":"https:\/\/herbow.eu\/ukr\/product\/herbow-folyekony-mosogatoszer-fresh-nature-illatmentes\/","title":{"rendered":"\u0420\u0456\u0434\u043a\u0438\u0439 \u0437\u0430\u0441\u0456\u0431 \u0434\u043b\u044f \u043c\u0438\u0442\u0442\u044f \u043f\u043e\u0441\u0443\u0434\u0443 Herbow - \u0421\u0432\u0456\u0436\u0430 \u043f\u0440\u0438\u0440\u043e\u0434\u0430 (\u0431\u0435\u0437 \u0430\u0440\u043e\u043c\u0430\u0442\u0438\u0437\u0430\u0442\u043e\u0440\u0456\u0432)"},"content":{"rendered":"<p>\u0417\u0430\u0441\u0456\u0431 \u0434\u043b\u044f \u0440\u0443\u0447\u043d\u043e\u0433\u043e \u043c\u0438\u0442\u0442\u044f \u043f\u043e\u0441\u0443\u0434\u0443 Herbow Fresh Nature \u043f\u043e\u0454\u0434\u043d\u0443\u0454 \u0432 \u0441\u043e\u0431\u0456 \u0441\u0438\u043b\u0443 \u043f\u0440\u0438\u0440\u043e\u0434\u0438 \u0442\u0430 \u0442\u0443\u0440\u0431\u043e\u0442\u0443 \u043f\u0440\u043e \u0447\u0438\u0441\u0442\u043e\u0442\u0443. \u041c\u0456\u0441\u0442\u0438\u0442\u044c \u043c'\u044f\u043a\u043e \u0435\u043a\u0441\u0442\u0440\u0430\u0433\u043e\u0432\u0430\u043d\u0438\u0439 \u0435\u043a\u0441\u0442\u0440\u0430\u043a\u0442 \u043c\u0438\u044e\u0447\u0438\u0445 \u0433\u043e\u0440\u0456\u0445\u0456\u0432 12% \u0442\u0430 \u0441\u0442\u0435\u0440\u043e\u043b\u0438 \u0430\u043f\u0435\u043b\u044c\u0441\u0438\u043d\u0430, \u044f\u043a\u0456 \u0434\u0456\u044e\u0442\u044c \u044f\u043a \u043f\u0440\u0438\u0440\u043e\u0434\u043d\u0438\u0439 \u0437\u043d\u0435\u0436\u0438\u0440\u044e\u0432\u0430\u0447, \u0435\u0444\u0435\u043a\u0442\u0438\u0432\u043d\u043e \u0432\u0438\u0434\u0430\u043b\u044f\u044e\u0447\u0438 \u0437\u0430\u043b\u0438\u0448\u043a\u0438 \u0457\u0436\u0456 \u0442\u0430 \u0441\u0442\u0456\u0439\u043a\u0438\u0439 \u0431\u0440\u0443\u0434. \u0424\u043e\u0440\u043c\u0443\u043b\u0430 \u0437\u0430\u0441\u043e\u0431\u0443 \u0454 \u0440\u041d-\u043d\u0435\u0439\u0442\u0440\u0430\u043b\u044c\u043d\u043e\u044e, \u0442\u043e\u043c\u0443 \u0432\u0456\u043d \u0434\u0431\u0430\u0439\u043b\u0438\u0432\u043e \u0441\u0442\u0430\u0432\u0438\u0442\u044c\u0441\u044f \u0434\u043e \u0448\u043a\u0456\u0440\u0438 \u0440\u0443\u043a \u043d\u0430\u0432\u0456\u0442\u044c \u043f\u0456\u0434 \u0447\u0430\u0441 \u0449\u043e\u0434\u0435\u043d\u043d\u043e\u0433\u043e \u0432\u0438\u043a\u043e\u0440\u0438\u0441\u0442\u0430\u043d\u043d\u044f, \u0437\u0430\u043b\u0438\u0448\u0430\u044e\u0447\u0438 \u043f\u043e\u0441\u0443\u0434 \u0431\u043b\u0438\u0441\u043a\u0443\u0447\u0435 \u0447\u0438\u0441\u0442\u0438\u043c. \u0429\u0456\u043b\u044c\u043d\u0443, \u0441\u0442\u0456\u0439\u043a\u0443 \u0431\u0456\u043b\u0443 \u043f\u0456\u043d\u0443 \u043c\u043e\u0436\u043d\u0430 \u0432\u0438\u0434\u0430\u0432\u0438\u0442\u0438 \u0431\u0435\u0437\u043f\u043e\u0441\u0435\u0440\u0435\u0434\u043d\u044c\u043e \u043d\u0430 \u0433\u0443\u0431\u043a\u0443, \u0449\u043e \u0440\u043e\u0431\u0438\u0442\u044c \u0439\u043e\u0433\u043e \u0435\u043a\u043e\u043d\u043e\u043c\u0456\u0447\u043d\u0438\u043c \u0456 \u0437\u0440\u0443\u0447\u043d\u0438\u043c \u0440\u0456\u0448\u0435\u043d\u043d\u044f\u043c \u0434\u043b\u044f \u0449\u043e\u0434\u0435\u043d\u043d\u043e\u0433\u043e \u043c\u0438\u0442\u0442\u044f \u043f\u043e\u0441\u0443\u0434\u0443. \u041d\u0435 \u043c\u0456\u0441\u0442\u0438\u0442\u044c \u0448\u0442\u0443\u0447\u043d\u0438\u0445 \u0430\u0440\u043e\u043c\u0430\u0442\u0438\u0437\u0430\u0442\u043e\u0440\u0456\u0432, \u0431\u0430\u0440\u0432\u043d\u0438\u043a\u0456\u0432, \u043c\u0456\u043d\u0435\u0440\u0430\u043b\u044c\u043d\u0438\u0445 \u043e\u043b\u0456\u0439 \u0442\u0430 \u043f\u0430\u0440\u0430\u0444\u0456\u043d\u0443. \u0414\u043e\u0441\u0442\u0443\u043f\u043d\u0438\u0439 \u0443 \u043f\u0440\u0435\u043c\u0456\u0430\u043b\u044c\u043d\u0456\u0439 \u0443\u043f\u0430\u043a\u043e\u0432\u0446\u0456 \u0437 \u043d\u0430\u0441\u043e\u0441\u043e\u043c-\u0434\u043e\u0437\u0430\u0442\u043e\u0440\u043e\u043c, \u044f\u043a\u0430 \u0454 \u0441\u0443\u0447\u0430\u0441\u043d\u043e\u044e, \u0437\u0440\u0443\u0447\u043d\u043e\u044e \u0442\u0430 \u043b\u0435\u0433\u043a\u043e\u044e \u0434\u043b\u044f \u0434\u043e\u0437\u0443\u0432\u0430\u043d\u043d\u044f.<\/p>\n<p>\u0404\u043c\u043d\u0456\u0441\u0442\u044c: 500 \u043c\u043b = \u0432\u0438\u0441\u0442\u0430\u0447\u0438\u0442\u044c \u043f\u0440\u0438\u0431\u043b\u0438\u0437\u043d\u043e \u043d\u0430 100 \u0441\u0442\u0440\u0430\u0432.<\/p>","protected":false},"excerpt":{"rendered":"<p>\u0420\u0456\u0434\u0438\u043d\u0430 \u0434\u043b\u044f \u0440\u0443\u0447\u043d\u043e\u0433\u043e \u043c\u0438\u0442\u0442\u044f \u043f\u043e\u0441\u0443\u0434\u0443 Herbow Fresh Nature \u0437 \u0457\u0457 \u043f\u0440\u0438\u0440\u043e\u0434\u043d\u0438\u043c\u0438 \u043e\u0447\u0438\u0441\u043d\u0438\u043c\u0438 \u0432\u043b\u0430\u0441\u0442\u0438\u0432\u043e\u0441\u0442\u044f\u043c\u0438 \u0435\u0444\u0435\u043a\u0442\u0438\u0432\u043d\u043e \u0432\u0438\u0434\u0430\u043b\u044f\u0454 \u0436\u0438\u0440 \u0456 \u0431\u0440\u0443\u0434, \u043d\u0435 \u0437\u0430\u0432\u0434\u0430\u044e\u0447\u0438 \u0448\u043a\u043e\u0434\u0438 \u0432\u0430\u0448\u0438\u043c \u0440\u0443\u043a\u0430\u043c \u0456 \u043d\u0430\u0432\u043a\u043e\u043b\u0438\u0448\u043d\u044c\u043e\u043c\u0443 \u0441\u0435\u0440\u0435\u0434\u043e\u0432\u0438\u0449\u0443. \u0417\u0431\u0430\u0433\u0430\u0447\u0435\u043d\u0438\u0439 \u0435\u043a\u0441\u0442\u0440\u0430\u043a\u0442\u043e\u043c \u0432\u0430\u0437\u043e\u0434\u0456 \u0442\u0430 \u0430\u043f\u0435\u043b\u044c\u0441\u0438\u043d\u043e\u0432\u0438\u043c\u0438 \u0441\u0442\u0435\u0440\u043f\u0435\u043d\u0430\u043c\u0438, \u0446\u0435\u0439 \u043f\u0456\u043d\u043e\u0443\u0442\u0432\u043e\u0440\u044e\u044e\u0447\u0438\u0439 \u0437\u0430\u0441\u0456\u0431 \u0437 \u043d\u0435\u0439\u0442\u0440\u0430\u043b\u044c\u043d\u0438\u043c \u0440\u0456\u0432\u043d\u0435\u043c \u0440\u041d \u0434\u0430\u0440\u0443\u0454 \u0441\u0432\u0456\u0436\u0456\u0441\u0442\u044c \u0442\u0430 \u043f\u0440\u0438\u0440\u043e\u0434\u043d\u0443 \u0447\u0438\u0441\u0442\u043e\u0442\u0443.<\/p>\n<p>\u0423\u043f\u0430\u043a\u043e\u0432\u043a\u0430: 500 \u043c\u043b<\/p>","protected":false},"featured_media":891,"comment_status":"open","ping_status":"closed","template":"","meta":[],"product_brand":[1397],"product_cat":[1400],"product_tag":[1591,1583,1521,1578,1584,1581,1467,1532,1593,1576,1409,1575,1582,1586,1589,1502,1585,1588,1577,1579,1525,1526,1590,1587,1580,1594,1592],"class_list":{"0":"post-1022","1":"product","2":"type-product","3":"status-publish","4":"has-post-thumbnail","6":"product_brand-herbow","7":"product_cat-folyekony-mosogatoszer","8":"product_tag-alacsony-hofokon-is-hatekony","9":"product_tag-erzekeny-borueknek-is","10":"product_tag-oko-haztartas","11":"product_tag-oko-mososzer","12":"product_tag-babaruhakhoz-alkalmas","13":"product_tag-bio-mososzer","14":"product_tag-biologiailag-lebomlo","15":"product_tag-feher-es-szines-ruhakhoz","16":"product_tag-foszfatmentes","17":"product_tag-gepi-mososzer","18":"product_tag-herbow","19":"product_tag-herbow-gepi-mososzer","20":"product_tag-hipoallergen-mososzer","21":"product_tag-illatmentes-mososzer","22":"product_tag-kimeletes-tisztitas","23":"product_tag-kornyezetbarat-mosas","24":"product_tag-koncentralt-mososzer","25":"product_tag-melytisztito-mosas","26":"product_tag-mosogel","27":"product_tag-novenyi-alapu-mososzer","28":"product_tag-parabenmentes","29":"product_tag-szinezekmentes","30":"product_tag-szinkimelo-mosas","31":"product_tag-termeszetes-illat","32":"product_tag-termeszetes-mosogel","33":"product_tag-textilkimelo-formula","34":"product_tag-vegan-mososzer","36":"first","37":"instock","38":"taxable","39":"shipping-taxable","40":"product-type-simple"},"yoast_head":"<!-- This site is optimized with the Yoast SEO plugin v27.4 - https:\/\/yoast.com\/product\/yoast-seo-wordpress\/ -->\n<title>Herbow foly\u00e9kony mosogat\u00f3szer - Fresh nature (Illatmentes) - Herbow | International<\/title>\n<meta name=\"description\" content=\"A Herbow Fresh Nature k\u00e9zi mosogat\u00f3szer term\u00e9szetes eredet\u0171 tiszt\u00edt\u00f3erej\u00e9vel hat\u00e9konyan t\u00e1vol\u00edtja el a zs\u00edrt \u00e9s szennyez\u0151d\u00e9seket, mik\u00f6zben k\u00edm\u00e9li a kezet \u00e9s a k\u00f6rnyezetet. Mos\u00f3di\u00f3-extraktummal \u00e9s narancsterp\u00e9nekkel gazdag\u00edtott, j\u00f3l habz\u00f3, pH-semleges formula a friss, term\u00e9szetes tisztas\u00e1g \u00e9lm\u00e9ny\u00e9\u00e9rt.\" \/>\n<meta name=\"robots\" content=\"index, follow, max-snippet:-1, max-image-preview:large, max-video-preview:-1\" \/>\n<link rel=\"canonical\" href=\"https:\/\/herbow.eu\/ukr\/product\/\u0440\u0456\u0434\u043a\u0435-\u043c\u0438\u043b\u043e-\u0434\u043b\u044f-\u043c\u0438\u0442\u0442\u044f-\u043f\u043e\u0441\u0443\u0434\u0443-herbs-\u0441\u0432\u0456\u0436\u0430-\u043f\u0440\u0438\/\" \/>\n<meta property=\"og:locale\" content=\"uk_UA\" \/>\n<meta property=\"og:type\" content=\"article\" \/>\n<meta property=\"og:title\" content=\"Herbow foly\u00e9kony mosogat\u00f3szer - Fresh nature (Illatmentes) - Herbow | International\" \/>\n<meta property=\"og:description\" content=\"A Herbow Fresh Nature k\u00e9zi mosogat\u00f3szer term\u00e9szetes eredet\u0171 tiszt\u00edt\u00f3erej\u00e9vel hat\u00e9konyan t\u00e1vol\u00edtja el a zs\u00edrt \u00e9s szennyez\u0151d\u00e9seket, mik\u00f6zben k\u00edm\u00e9li a kezet \u00e9s a k\u00f6rnyezetet. Mos\u00f3di\u00f3-extraktummal \u00e9s narancsterp\u00e9nekkel gazdag\u00edtott, j\u00f3l habz\u00f3, pH-semleges formula a friss, term\u00e9szetes tisztas\u00e1g \u00e9lm\u00e9ny\u00e9\u00e9rt.\" \/>\n<meta property=\"og:url\" content=\"https:\/\/herbow.eu\/ukr\/product\/\u0440\u0456\u0434\u043a\u0435-\u043c\u0438\u043b\u043e-\u0434\u043b\u044f-\u043c\u0438\u0442\u0442\u044f-\u043f\u043e\u0441\u0443\u0434\u0443-herbs-\u0441\u0432\u0456\u0436\u0430-\u043f\u0440\u0438\/\" \/>\n<meta property=\"og:site_name\" content=\"Herbow | International\" \/>\n<meta property=\"article:publisher\" content=\"https:\/\/www.facebook.com\/herbowmosodioslabda\/\" \/>\n<meta property=\"article:modified_time\" content=\"2026-03-17T09:58:21+00:00\" \/>\n<meta property=\"og:image\" content=\"https:\/\/herbow.eu\/wp-content\/uploads\/2025\/08\/Herbow-_foly-mosogato_500ml_208x103mm_v5_illatmentes.png\" \/>\n\t<meta property=\"og:image:width\" content=\"2000\" \/>\n\t<meta property=\"og:image:height\" content=\"2000\" \/>\n\t<meta property=\"og:image:type\" content=\"image\/png\" \/>\n<meta name=\"twitter:card\" content=\"summary_large_image\" \/>\n<meta name=\"twitter:label1\" content=\"\u041f\u0440\u0438\u0431\u043b. \u0447\u0430\u0441 \u0447\u0438\u0442\u0430\u043d\u043d\u044f\" \/>\n\t<meta name=\"twitter:data1\" content=\"1 \u0445\u0432\u0438\u043b\u0438\u043d\u0430\" \/>\n<script type=\"application\/ld+json\" class=\"yoast-schema-graph\">{\"@context\":\"https:\\\/\\\/schema.org\",\"@graph\":[{\"@type\":\"WebPage\",\"@id\":\"https:\\\/\\\/herbow.eu\\\/product\\\/herbow-folyekony-mosogatoszer-fresh-nature-illatmentes\\\/\",\"url\":\"https:\\\/\\\/herbow.eu\\\/product\\\/herbow-folyekony-mosogatoszer-fresh-nature-illatmentes\\\/\",\"name\":\"Herbow foly\u00e9kony mosogat\u00f3szer - Fresh nature (Illatmentes) - Herbow | International\",\"isPartOf\":{\"@id\":\"https:\\\/\\\/herbow.eu\\\/#website\"},\"primaryImageOfPage\":{\"@id\":\"https:\\\/\\\/herbow.eu\\\/product\\\/herbow-folyekony-mosogatoszer-fresh-nature-illatmentes\\\/#primaryimage\"},\"image\":{\"@id\":\"https:\\\/\\\/herbow.eu\\\/product\\\/herbow-folyekony-mosogatoszer-fresh-nature-illatmentes\\\/#primaryimage\"},\"thumbnailUrl\":\"https:\\\/\\\/herbow.eu\\\/wp-content\\\/uploads\\\/2025\\\/08\\\/Herbow-_foly-mosogato_500ml_208x103mm_v5_illatmentes.png\",\"datePublished\":\"2025-08-18T09:05:56+00:00\",\"dateModified\":\"2026-03-17T09:58:21+00:00\",\"description\":\"A Herbow Fresh Nature k\u00e9zi mosogat\u00f3szer term\u00e9szetes eredet\u0171 tiszt\u00edt\u00f3erej\u00e9vel hat\u00e9konyan t\u00e1vol\u00edtja el a zs\u00edrt \u00e9s szennyez\u0151d\u00e9seket, mik\u00f6zben k\u00edm\u00e9li a kezet \u00e9s a k\u00f6rnyezetet. Mos\u00f3di\u00f3-extraktummal \u00e9s narancsterp\u00e9nekkel gazdag\u00edtott, j\u00f3l habz\u00f3, pH-semleges formula a friss, term\u00e9szetes tisztas\u00e1g \u00e9lm\u00e9ny\u00e9\u00e9rt.\",\"breadcrumb\":{\"@id\":\"https:\\\/\\\/herbow.eu\\\/product\\\/herbow-folyekony-mosogatoszer-fresh-nature-illatmentes\\\/#breadcrumb\"},\"inLanguage\":\"uk\",\"potentialAction\":[{\"@type\":\"ReadAction\",\"target\":[\"https:\\\/\\\/herbow.eu\\\/product\\\/herbow-folyekony-mosogatoszer-fresh-nature-illatmentes\\\/\"]}]},{\"@type\":\"ImageObject\",\"inLanguage\":\"uk\",\"@id\":\"https:\\\/\\\/herbow.eu\\\/product\\\/herbow-folyekony-mosogatoszer-fresh-nature-illatmentes\\\/#primaryimage\",\"url\":\"https:\\\/\\\/herbow.eu\\\/wp-content\\\/uploads\\\/2025\\\/08\\\/Herbow-_foly-mosogato_500ml_208x103mm_v5_illatmentes.png\",\"contentUrl\":\"https:\\\/\\\/herbow.eu\\\/wp-content\\\/uploads\\\/2025\\\/08\\\/Herbow-_foly-mosogato_500ml_208x103mm_v5_illatmentes.png\",\"width\":2000,\"height\":2000},{\"@type\":\"BreadcrumbList\",\"@id\":\"https:\\\/\\\/herbow.eu\\\/product\\\/herbow-folyekony-mosogatoszer-fresh-nature-illatmentes\\\/#breadcrumb\",\"itemListElement\":[{\"@type\":\"ListItem\",\"position\":1,\"name\":\"Kezd\u0151lap\",\"item\":\"https:\\\/\\\/herbow.eu\\\/\"},{\"@type\":\"ListItem\",\"position\":2,\"name\":\"Shop\",\"item\":\"https:\\\/\\\/herbow.eu\\\/shop\\\/\"},{\"@type\":\"ListItem\",\"position\":3,\"name\":\"Herbow foly\u00e9kony mosogat\u00f3szer &#8211; Fresh nature (Illatmentes)\"}]},{\"@type\":\"WebSite\",\"@id\":\"https:\\\/\\\/herbow.eu\\\/#website\",\"url\":\"https:\\\/\\\/herbow.eu\\\/\",\"name\":\"Herbow | Herbal Organic World\",\"description\":\"Herbal Organic World\",\"publisher\":{\"@id\":\"https:\\\/\\\/herbow.eu\\\/#organization\"},\"potentialAction\":[{\"@type\":\"SearchAction\",\"target\":{\"@type\":\"EntryPoint\",\"urlTemplate\":\"https:\\\/\\\/herbow.eu\\\/?s={search_term_string}\"},\"query-input\":{\"@type\":\"PropertyValueSpecification\",\"valueRequired\":true,\"valueName\":\"search_term_string\"}}],\"inLanguage\":\"uk\"},{\"@type\":\"Organization\",\"@id\":\"https:\\\/\\\/herbow.eu\\\/#organization\",\"name\":\"Herbow International Zrt.\",\"url\":\"https:\\\/\\\/herbow.eu\\\/\",\"logo\":{\"@type\":\"ImageObject\",\"inLanguage\":\"uk\",\"@id\":\"https:\\\/\\\/herbow.eu\\\/#\\\/schema\\\/logo\\\/image\\\/\",\"url\":\"https:\\\/\\\/herbow.eu\\\/wp-content\\\/uploads\\\/2025\\\/07\\\/herbow_logo_hun_2021-01_w-slogan_no-background.png\",\"contentUrl\":\"https:\\\/\\\/herbow.eu\\\/wp-content\\\/uploads\\\/2025\\\/07\\\/herbow_logo_hun_2021-01_w-slogan_no-background.png\",\"width\":2366,\"height\":1732,\"caption\":\"Herbow International Zrt.\"},\"image\":{\"@id\":\"https:\\\/\\\/herbow.eu\\\/#\\\/schema\\\/logo\\\/image\\\/\"},\"sameAs\":[\"https:\\\/\\\/www.facebook.com\\\/herbowmosodioslabda\\\/\",\"https:\\\/\\\/www.instagram.com\\\/herbowmosodioslabda\\\/\"]}]}<\/script>\n<!-- \/ Yoast SEO plugin. -->","yoast_head_json":{"title":"\u0420\u0456\u0434\u043a\u0438\u0439 \u0437\u0430\u0441\u0456\u0431 \u0434\u043b\u044f \u043c\u0438\u0442\u0442\u044f \u043f\u043e\u0441\u0443\u0434\u0443 Herbow - \u0421\u0432\u0456\u0436\u0430 \u043f\u0440\u0438\u0440\u043e\u0434\u0430 (\u0431\u0435\u0437 \u0437\u0430\u043f\u0430\u0445\u0443) - Herbow | International","description":"\u0420\u0456\u0434\u0438\u043d\u0430 \u0434\u043b\u044f \u0440\u0443\u0447\u043d\u043e\u0433\u043e \u043c\u0438\u0442\u0442\u044f \u043f\u043e\u0441\u0443\u0434\u0443 Herbow Fresh Nature \u0437 \u0457\u0457 \u043f\u0440\u0438\u0440\u043e\u0434\u043d\u0438\u043c\u0438 \u043e\u0447\u0438\u0441\u043d\u0438\u043c\u0438 \u0432\u043b\u0430\u0441\u0442\u0438\u0432\u043e\u0441\u0442\u044f\u043c\u0438 \u0435\u0444\u0435\u043a\u0442\u0438\u0432\u043d\u043e \u0432\u0438\u0434\u0430\u043b\u044f\u0454 \u0436\u0438\u0440 \u0456 \u0431\u0440\u0443\u0434, \u043d\u0435 \u0437\u0430\u0432\u0434\u0430\u044e\u0447\u0438 \u0448\u043a\u043e\u0434\u0438 \u0432\u0430\u0448\u0438\u043c \u0440\u0443\u043a\u0430\u043c \u0456 \u043d\u0430\u0432\u043a\u043e\u043b\u0438\u0448\u043d\u044c\u043e\u043c\u0443 \u0441\u0435\u0440\u0435\u0434\u043e\u0432\u0438\u0449\u0443. \u0417\u0431\u0430\u0433\u0430\u0447\u0435\u043d\u0438\u0439 \u0435\u043a\u0441\u0442\u0440\u0430\u043a\u0442\u043e\u043c \u0432\u0430\u0437\u043e\u0434\u0456 \u0442\u0430 \u0430\u043f\u0435\u043b\u044c\u0441\u0438\u043d\u043e\u0432\u0438\u043c\u0438 \u0441\u0442\u0435\u0440\u043f\u0435\u043d\u0430\u043c\u0438, \u0446\u0435\u0439 \u043f\u0456\u043d\u043e\u0443\u0442\u0432\u043e\u0440\u044e\u044e\u0447\u0438\u0439 \u0437\u0430\u0441\u0456\u0431 \u0437 \u043d\u0435\u0439\u0442\u0440\u0430\u043b\u044c\u043d\u0438\u043c \u0440\u0456\u0432\u043d\u0435\u043c \u0440\u041d \u0434\u0430\u0440\u0443\u0454 \u0441\u0432\u0456\u0436\u0456\u0441\u0442\u044c \u0442\u0430 \u043f\u0440\u0438\u0440\u043e\u0434\u043d\u0443 \u0447\u0438\u0441\u0442\u043e\u0442\u0443.","robots":{"index":"index","follow":"follow","max-snippet":"max-snippet:-1","max-image-preview":"max-image-preview:large","max-video-preview":"max-video-preview:-1"},"canonical":"https:\/\/herbow.eu\/ukr\/product\/\u0440\u0456\u0434\u043a\u0435-\u043c\u0438\u043b\u043e-\u0434\u043b\u044f-\u043c\u0438\u0442\u0442\u044f-\u043f\u043e\u0441\u0443\u0434\u0443-herbs-\u0441\u0432\u0456\u0436\u0430-\u043f\u0440\u0438\/","og_locale":"uk_UA","og_type":"article","og_title":"Herbow foly\u00e9kony mosogat\u00f3szer - Fresh nature (Illatmentes) - Herbow | International","og_description":"A Herbow Fresh Nature k\u00e9zi mosogat\u00f3szer term\u00e9szetes eredet\u0171 tiszt\u00edt\u00f3erej\u00e9vel hat\u00e9konyan t\u00e1vol\u00edtja el a zs\u00edrt \u00e9s szennyez\u0151d\u00e9seket, mik\u00f6zben k\u00edm\u00e9li a kezet \u00e9s a k\u00f6rnyezetet. Mos\u00f3di\u00f3-extraktummal \u00e9s narancsterp\u00e9nekkel gazdag\u00edtott, j\u00f3l habz\u00f3, pH-semleges formula a friss, term\u00e9szetes tisztas\u00e1g \u00e9lm\u00e9ny\u00e9\u00e9rt.","og_url":"https:\/\/herbow.eu\/ukr\/product\/\u0440\u0456\u0434\u043a\u0435-\u043c\u0438\u043b\u043e-\u0434\u043b\u044f-\u043c\u0438\u0442\u0442\u044f-\u043f\u043e\u0441\u0443\u0434\u0443-herbs-\u0441\u0432\u0456\u0436\u0430-\u043f\u0440\u0438\/","og_site_name":"Herbow | International","article_publisher":"https:\/\/www.facebook.com\/herbowmosodioslabda\/","article_modified_time":"2026-03-17T09:58:21+00:00","og_image":[{"width":2000,"height":2000,"url":"https:\/\/herbow.eu\/wp-content\/uploads\/2025\/08\/Herbow-_foly-mosogato_500ml_208x103mm_v5_illatmentes.png","type":"image\/png"}],"twitter_card":"summary_large_image","twitter_misc":{"\u041f\u0440\u0438\u0431\u043b. \u0447\u0430\u0441 \u0447\u0438\u0442\u0430\u043d\u043d\u044f":"1 \u0445\u0432\u0438\u043b\u0438\u043d\u0430"},"schema":{"@context":"https:\/\/schema.org","@graph":[{"@type":"WebPage","@id":"https:\/\/herbow.eu\/product\/herbow-folyekony-mosogatoszer-fresh-nature-illatmentes\/","url":"https:\/\/herbow.eu\/product\/herbow-folyekony-mosogatoszer-fresh-nature-illatmentes\/","name":"\u0420\u0456\u0434\u043a\u0438\u0439 \u0437\u0430\u0441\u0456\u0431 \u0434\u043b\u044f \u043c\u0438\u0442\u0442\u044f \u043f\u043e\u0441\u0443\u0434\u0443 Herbow - \u0421\u0432\u0456\u0436\u0430 \u043f\u0440\u0438\u0440\u043e\u0434\u0430 (\u0431\u0435\u0437 \u0437\u0430\u043f\u0430\u0445\u0443) - Herbow | International","isPartOf":{"@id":"https:\/\/herbow.eu\/#website"},"primaryImageOfPage":{"@id":"https:\/\/herbow.eu\/product\/herbow-folyekony-mosogatoszer-fresh-nature-illatmentes\/#primaryimage"},"image":{"@id":"https:\/\/herbow.eu\/product\/herbow-folyekony-mosogatoszer-fresh-nature-illatmentes\/#primaryimage"},"thumbnailUrl":"https:\/\/herbow.eu\/wp-content\/uploads\/2025\/08\/Herbow-_foly-mosogato_500ml_208x103mm_v5_illatmentes.png","datePublished":"2025-08-18T09:05:56+00:00","dateModified":"2026-03-17T09:58:21+00:00","description":"\u0420\u0456\u0434\u0438\u043d\u0430 \u0434\u043b\u044f \u0440\u0443\u0447\u043d\u043e\u0433\u043e \u043c\u0438\u0442\u0442\u044f \u043f\u043e\u0441\u0443\u0434\u0443 Herbow Fresh Nature \u0437 \u0457\u0457 \u043f\u0440\u0438\u0440\u043e\u0434\u043d\u0438\u043c\u0438 \u043e\u0447\u0438\u0441\u043d\u0438\u043c\u0438 \u0432\u043b\u0430\u0441\u0442\u0438\u0432\u043e\u0441\u0442\u044f\u043c\u0438 \u0435\u0444\u0435\u043a\u0442\u0438\u0432\u043d\u043e \u0432\u0438\u0434\u0430\u043b\u044f\u0454 \u0436\u0438\u0440 \u0456 \u0431\u0440\u0443\u0434, \u043d\u0435 \u0437\u0430\u0432\u0434\u0430\u044e\u0447\u0438 \u0448\u043a\u043e\u0434\u0438 \u0432\u0430\u0448\u0438\u043c \u0440\u0443\u043a\u0430\u043c \u0456 \u043d\u0430\u0432\u043a\u043e\u043b\u0438\u0448\u043d\u044c\u043e\u043c\u0443 \u0441\u0435\u0440\u0435\u0434\u043e\u0432\u0438\u0449\u0443. \u0417\u0431\u0430\u0433\u0430\u0447\u0435\u043d\u0438\u0439 \u0435\u043a\u0441\u0442\u0440\u0430\u043a\u0442\u043e\u043c \u0432\u0430\u0437\u043e\u0434\u0456 \u0442\u0430 \u0430\u043f\u0435\u043b\u044c\u0441\u0438\u043d\u043e\u0432\u0438\u043c\u0438 \u0441\u0442\u0435\u0440\u043f\u0435\u043d\u0430\u043c\u0438, \u0446\u0435\u0439 \u043f\u0456\u043d\u043e\u0443\u0442\u0432\u043e\u0440\u044e\u044e\u0447\u0438\u0439 \u0437\u0430\u0441\u0456\u0431 \u0437 \u043d\u0435\u0439\u0442\u0440\u0430\u043b\u044c\u043d\u0438\u043c \u0440\u0456\u0432\u043d\u0435\u043c \u0440\u041d \u0434\u0430\u0440\u0443\u0454 \u0441\u0432\u0456\u0436\u0456\u0441\u0442\u044c \u0442\u0430 \u043f\u0440\u0438\u0440\u043e\u0434\u043d\u0443 \u0447\u0438\u0441\u0442\u043e\u0442\u0443.","breadcrumb":{"@id":"https:\/\/herbow.eu\/product\/herbow-folyekony-mosogatoszer-fresh-nature-illatmentes\/#breadcrumb"},"inLanguage":"uk","potentialAction":[{"@type":"ReadAction","target":["https:\/\/herbow.eu\/product\/herbow-folyekony-mosogatoszer-fresh-nature-illatmentes\/"]}]},{"@type":"ImageObject","inLanguage":"uk","@id":"https:\/\/herbow.eu\/product\/herbow-folyekony-mosogatoszer-fresh-nature-illatmentes\/#primaryimage","url":"https:\/\/herbow.eu\/wp-content\/uploads\/2025\/08\/Herbow-_foly-mosogato_500ml_208x103mm_v5_illatmentes.png","contentUrl":"https:\/\/herbow.eu\/wp-content\/uploads\/2025\/08\/Herbow-_foly-mosogato_500ml_208x103mm_v5_illatmentes.png","width":2000,"height":2000},{"@type":"BreadcrumbList","@id":"https:\/\/herbow.eu\/product\/herbow-folyekony-mosogatoszer-fresh-nature-illatmentes\/#breadcrumb","itemListElement":[{"@type":"ListItem","position":1,"name":"Kezd\u0151lap","item":"https:\/\/herbow.eu\/"},{"@type":"ListItem","position":2,"name":"Shop","item":"https:\/\/herbow.eu\/shop\/"},{"@type":"ListItem","position":3,"name":"Herbow foly\u00e9kony mosogat\u00f3szer &#8211; Fresh nature (Illatmentes)"}]},{"@type":"WebSite","@id":"https:\/\/herbow.eu\/#website","url":"https:\/\/herbow.eu\/","name":"Herbow | \u0422\u0440\u0430\u0432'\u044f\u043d\u0438\u0439 \u043e\u0440\u0433\u0430\u043d\u0456\u0447\u043d\u0438\u0439 \u0441\u0432\u0456\u0442","description":"\u0422\u0440\u0430\u0432'\u044f\u043d\u0438\u0439 \u043e\u0440\u0433\u0430\u043d\u0456\u0447\u043d\u0438\u0439 \u0441\u0432\u0456\u0442","publisher":{"@id":"https:\/\/herbow.eu\/#organization"},"potentialAction":[{"@type":"SearchAction","target":{"@type":"EntryPoint","urlTemplate":"https:\/\/herbow.eu\/?s={search_term_string}"},"query-input":{"@type":"PropertyValueSpecification","valueRequired":true,"valueName":"search_term_string"}}],"inLanguage":"uk"},{"@type":"Organization","@id":"https:\/\/herbow.eu\/#organization","name":"Herbow International Zrt.","url":"https:\/\/herbow.eu\/","logo":{"@type":"ImageObject","inLanguage":"uk","@id":"https:\/\/herbow.eu\/#\/schema\/logo\/image\/","url":"https:\/\/herbow.eu\/wp-content\/uploads\/2025\/07\/herbow_logo_hun_2021-01_w-slogan_no-background.png","contentUrl":"https:\/\/herbow.eu\/wp-content\/uploads\/2025\/07\/herbow_logo_hun_2021-01_w-slogan_no-background.png","width":2366,"height":1732,"caption":"Herbow International Zrt."},"image":{"@id":"https:\/\/herbow.eu\/#\/schema\/logo\/image\/"},"sameAs":["https:\/\/www.facebook.com\/herbowmosodioslabda\/","https:\/\/www.instagram.com\/herbowmosodioslabda\/"]}]}},"jetpack_likes_enabled":true,"jetpack_sharing_enabled":true,"_links":{"self":[{"href":"https:\/\/herbow.eu\/ukr\/wp-json\/wp\/v2\/product\/1022","targetHints":{"allow":["GET"]}}],"collection":[{"href":"https:\/\/herbow.eu\/ukr\/wp-json\/wp\/v2\/product"}],"about":[{"href":"https:\/\/herbow.eu\/ukr\/wp-json\/wp\/v2\/types\/product"}],"replies":[{"embeddable":true,"href":"https:\/\/herbow.eu\/ukr\/wp-json\/wp\/v2\/comments?post=1022"}],"wp:featuredmedia":[{"embeddable":true,"href":"https:\/\/herbow.eu\/ukr\/wp-json\/wp\/v2\/media\/891"}],"wp:attachment":[{"href":"https:\/\/herbow.eu\/ukr\/wp-json\/wp\/v2\/media?parent=1022"}],"wp:term":[{"taxonomy":"product_brand","embeddable":true,"href":"https:\/\/herbow.eu\/ukr\/wp-json\/wp\/v2\/product_brand?post=1022"},{"taxonomy":"product_cat","embeddable":true,"href":"https:\/\/herbow.eu\/ukr\/wp-json\/wp\/v2\/product_cat?post=1022"},{"taxonomy":"product_tag","embeddable":true,"href":"https:\/\/herbow.eu\/ukr\/wp-json\/wp\/v2\/product_tag?post=1022"}],"curies":[{"name":"wp","href":"https:\/\/api.w.org\/{rel}","templated":true}]}}