{"id":1017,"date":"2025-08-18T11:05:55","date_gmt":"2025-08-18T09:05:55","guid":{"rendered":"https:\/\/herbow.eu\/product\/herbow-folyekony-mososzer-vadgesztenye-feher-ruhakhoz-gesztenyevirag-illattal\/"},"modified":"2026-03-17T10:58:47","modified_gmt":"2026-03-17T09:58:47","slug":"%d0%bf%d1%80%d0%b0%d0%bb%d1%8c%d0%bd%d0%b8%d0%b9-%d0%bf%d0%be%d1%80%d0%be%d1%88%d0%be%d0%ba-%d0%b4%d0%bb%d1%8f-%d0%ba%d0%b0%d1%88%d1%82%d0%b0%d0%bd%d0%be%d0%b2%d0%be%d1%97-%d0%b1%d1%96%d0%bb%d0%b8","status":"publish","type":"product","link":"https:\/\/herbow.eu\/ukr\/product\/herbow-folyekony-mososzer-vadgesztenye-feher-ruhakhoz-gesztenyevirag-illattal\/","title":{"rendered":"\u0420\u0456\u0434\u043a\u0438\u0439 \u043f\u0440\u0430\u043b\u044c\u043d\u0438\u0439 \u043f\u043e\u0440\u043e\u0448\u043e\u043a Herbow \u0434\u043b\u044f \u0431\u0456\u043b\u043e\u0457 \u0431\u0456\u043b\u0438\u0437\u043d\u0438 \u043a\u0430\u0448\u0442\u0430\u043d\u043e\u0432\u043e\u0433\u043e \u043a\u043e\u043b\u044c\u043e\u0440\u0443 \u0437 \u0430\u0440\u043e\u043c\u0430\u0442\u043e\u043c \u043a\u0430\u0448\u0442\u0430\u043d\u043e\u0432\u043e\u0433\u043e \u0446\u0432\u0456\u0442\u0443"},"content":{"rendered":"<p>\u0420\u0456\u0434\u043a\u0438\u0439 \u043f\u0440\u0430\u043b\u044c\u043d\u0438\u0439 \u043f\u043e\u0440\u043e\u0448\u043e\u043a Herbow Chestnut Blossom \u0437 \u0430\u0440\u043e\u043c\u0430\u0442\u043e\u043c \u043a\u0430\u0448\u0442\u0430\u043d\u0430 \u043f\u0440\u043e\u043f\u043e\u043d\u0443\u0454 \u0433\u0430\u0440\u043c\u043e\u043d\u0456\u044e \u043f\u0440\u0438\u0440\u043e\u0434\u043d\u043e\u0457 \u0447\u0438\u0441\u0442\u043e\u0442\u0438 \u0442\u0430 \u0441\u0432\u0456\u0436\u043e\u0433\u043e, \u0432\u0438\u0448\u0443\u043a\u0430\u043d\u043e\u0433\u043e \u0430\u0440\u043e\u043c\u0430\u0442\u0443 \u043f\u0456\u0434 \u0447\u0430\u0441 \u043a\u043e\u0436\u043d\u043e\u0433\u043e \u043f\u0440\u0430\u043d\u043d\u044f. \u041f\u043e\u0454\u0434\u043d\u0430\u043d\u043d\u044f \u043c'\u044f\u043a\u043e \u0435\u043a\u0441\u0442\u0440\u0430\u0433\u043e\u0432\u0430\u043d\u043e\u0433\u043e \u0435\u043a\u0441\u0442\u0440\u0430\u043a\u0442\u0443 \u043c\u0438\u044e\u0447\u0438\u0445 \u0433\u043e\u0440\u0456\u0445\u0456\u0432 12% \u0442\u0430 \u0431\u0456\u043e\u0435\u043d\u0437\u0438\u043c\u0456\u0432 \u0435\u0444\u0435\u043a\u0442\u0438\u0432\u043d\u043e \u0432\u0438\u0434\u0430\u043b\u044f\u0454 \u0437\u0430\u0431\u0440\u0443\u0434\u043d\u0435\u043d\u043d\u044f \u043d\u0430\u0432\u0456\u0442\u044c \u0437\u0430 \u043d\u0438\u0437\u044c\u043a\u0438\u0445 \u0442\u0435\u043c\u043f\u0435\u0440\u0430\u0442\u0443\u0440, \u0437\u0431\u0435\u0440\u0456\u0433\u0430\u044e\u0447\u0438 \u043c'\u044f\u043a\u0456\u0441\u0442\u044c \u0456 \u0431\u0456\u043b\u0438\u0437\u043d\u0443 \u043e\u0434\u044f\u0433\u0443 \u0431\u0435\u0437 \u043e\u043f\u0442\u0438\u0447\u043d\u043e\u0433\u043e \u0432\u0456\u0434\u0431\u0456\u043b\u044e\u0432\u0430\u0447\u0430. \u0420\u043e\u0441\u043b\u0438\u043d\u043d\u0456 \u043a\u043e\u043c\u043f\u043e\u043d\u0435\u043d\u0442\u0438 \u0434\u0431\u0430\u0439\u043b\u0438\u0432\u043e \u0441\u0442\u0430\u0432\u043b\u044f\u0442\u044c\u0441\u044f \u0434\u043e \u0448\u043a\u0456\u0440\u0438, \u0430\u043b\u0435 \u0437\u0430\u0431\u0435\u0437\u043f\u0435\u0447\u0443\u044e\u0442\u044c \u0447\u0443\u0434\u043e\u0432\u0443 \u0435\u0444\u0435\u043a\u0442\u0438\u0432\u043d\u0456\u0441\u0442\u044c \u043f\u0440\u0430\u043d\u043d\u044f \u043d\u0430\u0432\u0456\u0442\u044c \u0437\u0430 \u0442\u0435\u043c\u043f\u0435\u0440\u0430\u0442\u0443\u0440\u0438 30-40\u00b0C. \u041f\u0440\u0438\u0440\u043e\u0434\u043d\u0438\u0439 \u0430\u0440\u043e\u043c\u0430\u0442 \u043a\u0430\u0448\u0442\u0430\u043d\u043e\u0432\u043e\u0433\u043e \u0446\u0432\u0456\u0442\u0443 \u0447\u0438\u0441\u0442\u0438\u0439, \u043c'\u044f\u043a\u0438\u0439 \u0456 \u0435\u043b\u0435\u0433\u0430\u043d\u0442\u043d\u0438\u0439, \u0437\u0430\u043b\u0438\u0448\u0430\u0454 \u043d\u0430 \u043e\u0434\u044f\u0437\u0456 \u043b\u0435\u0434\u044c \u0432\u043b\u043e\u0432\u0438\u043c\u0443 \u0441\u0432\u0456\u0436\u0456\u0441\u0442\u044c, \u043d\u0435 \u043d\u0430\u0432'\u044f\u0437\u043b\u0438\u0432\u0438\u0439, \u0430\u043b\u0435 \u0433\u0430\u0440\u043c\u043e\u043d\u0456\u0439\u043d\u0438\u0439 \u0456 \u0431\u043b\u0438\u0437\u044c\u043a\u0438\u0439 \u0434\u043e \u043f\u0440\u0438\u0440\u043e\u0434\u0438. \u0424\u043e\u0440\u043c\u0443\u043b\u0430 \u0437\u0430\u0441\u043e\u0431\u0443 \u0454 \u0432\u0435\u0433\u0430\u043d\u0441\u044c\u043a\u043e\u044e, \u043d\u0456\u0436\u043d\u043e\u044e \u0434\u043b\u044f \u0448\u043a\u0456\u0440\u0438 \u0442\u0430 \u0431\u0456\u043e\u043b\u043e\u0433\u0456\u0447\u043d\u043e \u0440\u043e\u0437\u043a\u043b\u0430\u0434\u0430\u0454\u0442\u044c\u0441\u044f, \u0437\u0430\u0445\u0438\u0449\u0430\u044e\u0447\u0438 \u044f\u043a \u0442\u043a\u0430\u043d\u0438\u043d\u0438, \u0442\u0430\u043a \u0456 \u043d\u0430\u0432\u043a\u043e\u043b\u0438\u0448\u043d\u0454 \u0441\u0435\u0440\u0435\u0434\u043e\u0432\u0438\u0449\u0435.<\/p>\n<p>\u0412\u0438\u043a\u043e\u0440\u0438\u0441\u0442\u0430\u043d\u043d\u044f: \u0434\u043b\u044f \u0437\u0432\u0438\u0447\u0430\u0439\u043d\u0438\u0445 \u0437\u0430\u0431\u0440\u0443\u0434\u043d\u0435\u043d\u044c \u0434\u043e\u0441\u0442\u0430\u0442\u043d\u044c\u043e 30 \u043c\u043b \u0437\u0430\u0441\u043e\u0431\u0443 \u0434\u043b\u044f \u043f\u0440\u0430\u043d\u043d\u044f \u043d\u0430 \u043e\u0434\u043d\u0435 \u043f\u0440\u0430\u043d\u043d\u044f.<\/p>\n<p>\u041d\u0435 \u0440\u0435\u043a\u043e\u043c\u0435\u043d\u0434\u0443\u0454\u0442\u044c\u0441\u044f \u0434\u043b\u044f \u043f\u0440\u0430\u043d\u043d\u044f \u0432\u0438\u0440\u043e\u0431\u0456\u0432 \u0437 \u0432\u043e\u0432\u043d\u0438 \u0442\u0430 \u0448\u043e\u0432\u043a\u0443.<\/p>","protected":false},"excerpt":{"rendered":"<p>\u0420\u0456\u0434\u043a\u0438\u0439 \u043f\u0440\u0430\u043b\u044c\u043d\u0438\u0439 \u043f\u043e\u0440\u043e\u0448\u043e\u043a Herbow Chestnut Blossom \u0437 \u0430\u0440\u043e\u043c\u0430\u0442\u043e\u043c \u043a\u0430\u0448\u0442\u0430\u043d\u0430 - \u0446\u0435 \u043f\u0440\u0438\u0440\u043e\u0434\u043d\u0438\u0439 \u0435\u0444\u0435\u043a\u0442\u0438\u0432\u043d\u0438\u0439 \u0441\u043f\u043e\u0441\u0456\u0431 \u0437\u0431\u0435\u0440\u0435\u0433\u0442\u0438 \u0431\u0456\u043b\u0456 \u0440\u0435\u0447\u0456 \u0431\u043b\u0438\u0441\u043a\u0443\u0447\u0435 \u0447\u0438\u0441\u0442\u0438\u043c\u0438. \u0412\u0456\u043d \u043e\u0447\u0438\u0449\u0430\u0454 \u0437\u0430\u0432\u0434\u044f\u043a\u0438 \u0435\u043a\u0441\u0442\u0440\u0430\u043a\u0442\u0430\u043c \u043f\u0440\u0430\u043b\u044c\u043d\u0438\u0445 \u0433\u043e\u0440\u0456\u0445\u0456\u0432 \u0442\u0430 \u0431\u0456\u043e\u0444\u0435\u0440\u043c\u0435\u043d\u0442\u0430\u043c, \u0437\u0431\u0435\u0440\u0456\u0433\u0430\u044e\u0447\u0438 \u0442\u043a\u0430\u043d\u0438\u043d\u0438 \u043c'\u044f\u043a\u0438\u043c\u0438 \u0442\u0430 \u0441\u0432\u0456\u0436\u0438\u043c\u0438 - \u0437 \u043c'\u044f\u043a\u0438\u043c, \u043d\u0430\u0442\u0443\u0440\u0430\u043b\u044c\u043d\u0438\u043c \u0430\u0440\u043e\u043c\u0430\u0442\u043e\u043c.<\/p>","protected":false},"featured_media":865,"comment_status":"open","ping_status":"closed","template":"","meta":[],"product_brand":[1397],"product_cat":[1398],"product_tag":[1568,1431,1567,1555,1570,1559,1557,1572,1467,1564,1565,1571,1561,1409,1422,1573,1563,1562,1412,1558,1560,1554,1553,1574,1569,1556,1566],"class_list":{"0":"post-1017","1":"product","2":"type-product","3":"status-publish","4":"has-post-thumbnail","6":"product_brand-herbow","7":"product_cat-folyekony-mososzer","8":"product_tag-aktiv-probiotikumok","9":"product_tag-allergenmentes","10":"product_tag-allatkiserlet-mentes","11":"product_tag-elo-probiotikumok","12":"product_tag-oko-haztartasi-tisztitoszer","13":"product_tag-oko-tisztitas","14":"product_tag-biofilm-eltavolitas","15":"product_tag-biofilm-bonto-technologia","16":"product_tag-biologiailag-lebomlo","17":"product_tag-biztonsagos-tisztitas","18":"product_tag-borbarat-tisztitoszer","19":"product_tag-egeszseges-otthon","20":"product_tag-fenntarthato-haztartas","21":"product_tag-herbow","22":"product_tag-herbow-probiotikus","23":"product_tag-herbtech-probiotikus","24":"product_tag-hosszan-tarto-frissesseg","25":"product_tag-illatmentes-opcio","26":"product_tag-kornyezetbarat-tisztitoszer","27":"product_tag-melytisztito-hatas","28":"product_tag-novenyi-alapu-tisztitoszer","29":"product_tag-probiotikus-formula","30":"product_tag-probiotikus-tisztitoszer","31":"product_tag-tartos-mikrobialis-vedelem","32":"product_tag-termeszetes-higienia","33":"product_tag-termeszetes-tisztitas","34":"product_tag-vegan-tisztitoszer","36":"first","37":"instock","38":"taxable","39":"shipping-taxable","40":"product-type-variable"},"yoast_head":"<!-- This site is optimized with the Yoast SEO plugin v27.4 - https:\/\/yoast.com\/product\/yoast-seo-wordpress\/ -->\n<title>Herbow foly\u00e9kony mos\u00f3szer vadgesztenye feh\u00e9r ruh\u00e1khoz Gesztenyevir\u00e1g illattal - Herbow | International<\/title>\n<meta name=\"robots\" content=\"index, follow, max-snippet:-1, max-image-preview:large, max-video-preview:-1\" \/>\n<link rel=\"canonical\" href=\"https:\/\/herbow.eu\/ukr\/product\/\u043f\u0440\u0430\u043b\u044c\u043d\u0438\u0439-\u043f\u043e\u0440\u043e\u0448\u043e\u043a-\u0434\u043b\u044f-\u043a\u0430\u0448\u0442\u0430\u043d\u043e\u0432\u043e\u0457-\u0431\u0456\u043b\u0438\/\" \/>\n<meta property=\"og:locale\" content=\"uk_UA\" \/>\n<meta property=\"og:type\" content=\"article\" \/>\n<meta property=\"og:title\" content=\"Herbow foly\u00e9kony mos\u00f3szer vadgesztenye feh\u00e9r ruh\u00e1khoz Gesztenyevir\u00e1g illattal - Herbow | International\" \/>\n<meta property=\"og:description\" content=\"A Herbow gesztenyevir\u00e1g illat\u00fa foly\u00e9kony mos\u00f3szer term\u00e9szetes hat\u00e9konys\u00e1ggal gondoskodik a feh\u00e9r ruh\u00e1k ragyog\u00f3 tisztas\u00e1g\u00e1r\u00f3l. Mos\u00f3di\u00f3-extraktummal \u00e9s bioenzimekkel tiszt\u00edt, mik\u00f6zben meg\u0151rzi a text\u00edli\u00e1k puhas\u00e1g\u00e1t \u00e9s friss illat\u00e1t \u2013 l\u00e1gy, term\u00e9szetes illattal.\" \/>\n<meta property=\"og:url\" content=\"https:\/\/herbow.eu\/ukr\/product\/\u043f\u0440\u0430\u043b\u044c\u043d\u0438\u0439-\u043f\u043e\u0440\u043e\u0448\u043e\u043a-\u0434\u043b\u044f-\u043a\u0430\u0448\u0442\u0430\u043d\u043e\u0432\u043e\u0457-\u0431\u0456\u043b\u0438\/\" \/>\n<meta property=\"og:site_name\" content=\"Herbow | International\" \/>\n<meta property=\"article:publisher\" content=\"https:\/\/www.facebook.com\/herbowmosodioslabda\/\" \/>\n<meta property=\"article:modified_time\" content=\"2026-03-17T09:58:47+00:00\" \/>\n<meta property=\"og:image\" content=\"https:\/\/herbow.eu\/wp-content\/uploads\/2025\/08\/herbow_folyekony_mososzer_1000ml_redesign_v13_parfummentes.png\" \/>\n\t<meta property=\"og:image:width\" content=\"2000\" \/>\n\t<meta property=\"og:image:height\" content=\"2000\" \/>\n\t<meta property=\"og:image:type\" content=\"image\/png\" \/>\n<meta name=\"twitter:card\" content=\"summary_large_image\" \/>\n<meta name=\"twitter:label1\" content=\"\u041f\u0440\u0438\u0431\u043b. \u0447\u0430\u0441 \u0447\u0438\u0442\u0430\u043d\u043d\u044f\" \/>\n\t<meta name=\"twitter:data1\" content=\"1 \u0445\u0432\u0438\u043b\u0438\u043d\u0430\" \/>\n<script type=\"application\/ld+json\" class=\"yoast-schema-graph\">{\"@context\":\"https:\\\/\\\/schema.org\",\"@graph\":[{\"@type\":\"WebPage\",\"@id\":\"https:\\\/\\\/herbow.eu\\\/product\\\/herbow-folyekony-mososzer-vadgesztenye-feher-ruhakhoz-gesztenyevirag-illattal\\\/\",\"url\":\"https:\\\/\\\/herbow.eu\\\/product\\\/herbow-folyekony-mososzer-vadgesztenye-feher-ruhakhoz-gesztenyevirag-illattal\\\/\",\"name\":\"Herbow foly\u00e9kony mos\u00f3szer vadgesztenye feh\u00e9r ruh\u00e1khoz Gesztenyevir\u00e1g illattal - Herbow | International\",\"isPartOf\":{\"@id\":\"https:\\\/\\\/herbow.eu\\\/#website\"},\"primaryImageOfPage\":{\"@id\":\"https:\\\/\\\/herbow.eu\\\/product\\\/herbow-folyekony-mososzer-vadgesztenye-feher-ruhakhoz-gesztenyevirag-illattal\\\/#primaryimage\"},\"image\":{\"@id\":\"https:\\\/\\\/herbow.eu\\\/product\\\/herbow-folyekony-mososzer-vadgesztenye-feher-ruhakhoz-gesztenyevirag-illattal\\\/#primaryimage\"},\"thumbnailUrl\":\"https:\\\/\\\/herbow.eu\\\/wp-content\\\/uploads\\\/2025\\\/08\\\/herbow_folyekony_mososzer_1000ml_redesign_v13_parfummentes.png\",\"datePublished\":\"2025-08-18T09:05:55+00:00\",\"dateModified\":\"2026-03-17T09:58:47+00:00\",\"breadcrumb\":{\"@id\":\"https:\\\/\\\/herbow.eu\\\/product\\\/herbow-folyekony-mososzer-vadgesztenye-feher-ruhakhoz-gesztenyevirag-illattal\\\/#breadcrumb\"},\"inLanguage\":\"uk\",\"potentialAction\":[{\"@type\":\"ReadAction\",\"target\":[\"https:\\\/\\\/herbow.eu\\\/product\\\/herbow-folyekony-mososzer-vadgesztenye-feher-ruhakhoz-gesztenyevirag-illattal\\\/\"]}]},{\"@type\":\"ImageObject\",\"inLanguage\":\"uk\",\"@id\":\"https:\\\/\\\/herbow.eu\\\/product\\\/herbow-folyekony-mososzer-vadgesztenye-feher-ruhakhoz-gesztenyevirag-illattal\\\/#primaryimage\",\"url\":\"https:\\\/\\\/herbow.eu\\\/wp-content\\\/uploads\\\/2025\\\/08\\\/herbow_folyekony_mososzer_1000ml_redesign_v13_parfummentes.png\",\"contentUrl\":\"https:\\\/\\\/herbow.eu\\\/wp-content\\\/uploads\\\/2025\\\/08\\\/herbow_folyekony_mososzer_1000ml_redesign_v13_parfummentes.png\",\"width\":2000,\"height\":2000},{\"@type\":\"BreadcrumbList\",\"@id\":\"https:\\\/\\\/herbow.eu\\\/product\\\/herbow-folyekony-mososzer-vadgesztenye-feher-ruhakhoz-gesztenyevirag-illattal\\\/#breadcrumb\",\"itemListElement\":[{\"@type\":\"ListItem\",\"position\":1,\"name\":\"Kezd\u0151lap\",\"item\":\"https:\\\/\\\/herbow.eu\\\/\"},{\"@type\":\"ListItem\",\"position\":2,\"name\":\"Shop\",\"item\":\"https:\\\/\\\/herbow.eu\\\/shop\\\/\"},{\"@type\":\"ListItem\",\"position\":3,\"name\":\"Herbow foly\u00e9kony mos\u00f3szer vadgesztenye feh\u00e9r ruh\u00e1khoz Gesztenyevir\u00e1g illattal\"}]},{\"@type\":\"WebSite\",\"@id\":\"https:\\\/\\\/herbow.eu\\\/#website\",\"url\":\"https:\\\/\\\/herbow.eu\\\/\",\"name\":\"Herbow | Herbal Organic World\",\"description\":\"Herbal Organic World\",\"publisher\":{\"@id\":\"https:\\\/\\\/herbow.eu\\\/#organization\"},\"potentialAction\":[{\"@type\":\"SearchAction\",\"target\":{\"@type\":\"EntryPoint\",\"urlTemplate\":\"https:\\\/\\\/herbow.eu\\\/?s={search_term_string}\"},\"query-input\":{\"@type\":\"PropertyValueSpecification\",\"valueRequired\":true,\"valueName\":\"search_term_string\"}}],\"inLanguage\":\"uk\"},{\"@type\":\"Organization\",\"@id\":\"https:\\\/\\\/herbow.eu\\\/#organization\",\"name\":\"Herbow International Zrt.\",\"url\":\"https:\\\/\\\/herbow.eu\\\/\",\"logo\":{\"@type\":\"ImageObject\",\"inLanguage\":\"uk\",\"@id\":\"https:\\\/\\\/herbow.eu\\\/#\\\/schema\\\/logo\\\/image\\\/\",\"url\":\"https:\\\/\\\/herbow.eu\\\/wp-content\\\/uploads\\\/2025\\\/07\\\/herbow_logo_hun_2021-01_w-slogan_no-background.png\",\"contentUrl\":\"https:\\\/\\\/herbow.eu\\\/wp-content\\\/uploads\\\/2025\\\/07\\\/herbow_logo_hun_2021-01_w-slogan_no-background.png\",\"width\":2366,\"height\":1732,\"caption\":\"Herbow International Zrt.\"},\"image\":{\"@id\":\"https:\\\/\\\/herbow.eu\\\/#\\\/schema\\\/logo\\\/image\\\/\"},\"sameAs\":[\"https:\\\/\\\/www.facebook.com\\\/herbowmosodioslabda\\\/\",\"https:\\\/\\\/www.instagram.com\\\/herbowmosodioslabda\\\/\"]}]}<\/script>\n<!-- \/ Yoast SEO plugin. -->","yoast_head_json":{"title":"\u0420\u0456\u0434\u043a\u0438\u0439 \u043f\u0440\u0430\u043b\u044c\u043d\u0438\u0439 \u043f\u043e\u0440\u043e\u0448\u043e\u043a Herbow \u0434\u043b\u044f \u0431\u0456\u043b\u043e\u0457 \u0431\u0456\u043b\u0438\u0437\u043d\u0438 \u043a\u0430\u0448\u0442\u0430\u043d\u043e\u0432\u043e\u0433\u043e \u043a\u043e\u043b\u044c\u043e\u0440\u0443 \u0437 \u0430\u0440\u043e\u043c\u0430\u0442\u043e\u043c \u043a\u0430\u0448\u0442\u0430\u043d\u043e\u0432\u043e\u0433\u043e \u0446\u0432\u0456\u0442\u0443 - Herbow | International","robots":{"index":"index","follow":"follow","max-snippet":"max-snippet:-1","max-image-preview":"max-image-preview:large","max-video-preview":"max-video-preview:-1"},"canonical":"https:\/\/herbow.eu\/ukr\/product\/\u043f\u0440\u0430\u043b\u044c\u043d\u0438\u0439-\u043f\u043e\u0440\u043e\u0448\u043e\u043a-\u0434\u043b\u044f-\u043a\u0430\u0448\u0442\u0430\u043d\u043e\u0432\u043e\u0457-\u0431\u0456\u043b\u0438\/","og_locale":"uk_UA","og_type":"article","og_title":"Herbow foly\u00e9kony mos\u00f3szer vadgesztenye feh\u00e9r ruh\u00e1khoz Gesztenyevir\u00e1g illattal - Herbow | International","og_description":"A Herbow gesztenyevir\u00e1g illat\u00fa foly\u00e9kony mos\u00f3szer term\u00e9szetes hat\u00e9konys\u00e1ggal gondoskodik a feh\u00e9r ruh\u00e1k ragyog\u00f3 tisztas\u00e1g\u00e1r\u00f3l. Mos\u00f3di\u00f3-extraktummal \u00e9s bioenzimekkel tiszt\u00edt, mik\u00f6zben meg\u0151rzi a text\u00edli\u00e1k puhas\u00e1g\u00e1t \u00e9s friss illat\u00e1t \u2013 l\u00e1gy, term\u00e9szetes illattal.","og_url":"https:\/\/herbow.eu\/ukr\/product\/\u043f\u0440\u0430\u043b\u044c\u043d\u0438\u0439-\u043f\u043e\u0440\u043e\u0448\u043e\u043a-\u0434\u043b\u044f-\u043a\u0430\u0448\u0442\u0430\u043d\u043e\u0432\u043e\u0457-\u0431\u0456\u043b\u0438\/","og_site_name":"Herbow | International","article_publisher":"https:\/\/www.facebook.com\/herbowmosodioslabda\/","article_modified_time":"2026-03-17T09:58:47+00:00","og_image":[{"width":2000,"height":2000,"url":"https:\/\/herbow.eu\/wp-content\/uploads\/2025\/08\/herbow_folyekony_mososzer_1000ml_redesign_v13_parfummentes.png","type":"image\/png"}],"twitter_card":"summary_large_image","twitter_misc":{"\u041f\u0440\u0438\u0431\u043b. \u0447\u0430\u0441 \u0447\u0438\u0442\u0430\u043d\u043d\u044f":"1 \u0445\u0432\u0438\u043b\u0438\u043d\u0430"},"schema":{"@context":"https:\/\/schema.org","@graph":[{"@type":"WebPage","@id":"https:\/\/herbow.eu\/product\/herbow-folyekony-mososzer-vadgesztenye-feher-ruhakhoz-gesztenyevirag-illattal\/","url":"https:\/\/herbow.eu\/product\/herbow-folyekony-mososzer-vadgesztenye-feher-ruhakhoz-gesztenyevirag-illattal\/","name":"\u0420\u0456\u0434\u043a\u0438\u0439 \u043f\u0440\u0430\u043b\u044c\u043d\u0438\u0439 \u043f\u043e\u0440\u043e\u0448\u043e\u043a Herbow \u0434\u043b\u044f \u0431\u0456\u043b\u043e\u0457 \u0431\u0456\u043b\u0438\u0437\u043d\u0438 \u043a\u0430\u0448\u0442\u0430\u043d\u043e\u0432\u043e\u0433\u043e \u043a\u043e\u043b\u044c\u043e\u0440\u0443 \u0437 \u0430\u0440\u043e\u043c\u0430\u0442\u043e\u043c \u043a\u0430\u0448\u0442\u0430\u043d\u043e\u0432\u043e\u0433\u043e \u0446\u0432\u0456\u0442\u0443 - Herbow | International","isPartOf":{"@id":"https:\/\/herbow.eu\/#website"},"primaryImageOfPage":{"@id":"https:\/\/herbow.eu\/product\/herbow-folyekony-mososzer-vadgesztenye-feher-ruhakhoz-gesztenyevirag-illattal\/#primaryimage"},"image":{"@id":"https:\/\/herbow.eu\/product\/herbow-folyekony-mososzer-vadgesztenye-feher-ruhakhoz-gesztenyevirag-illattal\/#primaryimage"},"thumbnailUrl":"https:\/\/herbow.eu\/wp-content\/uploads\/2025\/08\/herbow_folyekony_mososzer_1000ml_redesign_v13_parfummentes.png","datePublished":"2025-08-18T09:05:55+00:00","dateModified":"2026-03-17T09:58:47+00:00","breadcrumb":{"@id":"https:\/\/herbow.eu\/product\/herbow-folyekony-mososzer-vadgesztenye-feher-ruhakhoz-gesztenyevirag-illattal\/#breadcrumb"},"inLanguage":"uk","potentialAction":[{"@type":"ReadAction","target":["https:\/\/herbow.eu\/product\/herbow-folyekony-mososzer-vadgesztenye-feher-ruhakhoz-gesztenyevirag-illattal\/"]}]},{"@type":"ImageObject","inLanguage":"uk","@id":"https:\/\/herbow.eu\/product\/herbow-folyekony-mososzer-vadgesztenye-feher-ruhakhoz-gesztenyevirag-illattal\/#primaryimage","url":"https:\/\/herbow.eu\/wp-content\/uploads\/2025\/08\/herbow_folyekony_mososzer_1000ml_redesign_v13_parfummentes.png","contentUrl":"https:\/\/herbow.eu\/wp-content\/uploads\/2025\/08\/herbow_folyekony_mososzer_1000ml_redesign_v13_parfummentes.png","width":2000,"height":2000},{"@type":"BreadcrumbList","@id":"https:\/\/herbow.eu\/product\/herbow-folyekony-mososzer-vadgesztenye-feher-ruhakhoz-gesztenyevirag-illattal\/#breadcrumb","itemListElement":[{"@type":"ListItem","position":1,"name":"Kezd\u0151lap","item":"https:\/\/herbow.eu\/"},{"@type":"ListItem","position":2,"name":"Shop","item":"https:\/\/herbow.eu\/shop\/"},{"@type":"ListItem","position":3,"name":"Herbow foly\u00e9kony mos\u00f3szer vadgesztenye feh\u00e9r ruh\u00e1khoz Gesztenyevir\u00e1g illattal"}]},{"@type":"WebSite","@id":"https:\/\/herbow.eu\/#website","url":"https:\/\/herbow.eu\/","name":"Herbow | \u0422\u0440\u0430\u0432'\u044f\u043d\u0438\u0439 \u043e\u0440\u0433\u0430\u043d\u0456\u0447\u043d\u0438\u0439 \u0441\u0432\u0456\u0442","description":"\u0422\u0440\u0430\u0432'\u044f\u043d\u0438\u0439 \u043e\u0440\u0433\u0430\u043d\u0456\u0447\u043d\u0438\u0439 \u0441\u0432\u0456\u0442","publisher":{"@id":"https:\/\/herbow.eu\/#organization"},"potentialAction":[{"@type":"SearchAction","target":{"@type":"EntryPoint","urlTemplate":"https:\/\/herbow.eu\/?s={search_term_string}"},"query-input":{"@type":"PropertyValueSpecification","valueRequired":true,"valueName":"search_term_string"}}],"inLanguage":"uk"},{"@type":"Organization","@id":"https:\/\/herbow.eu\/#organization","name":"Herbow International Zrt.","url":"https:\/\/herbow.eu\/","logo":{"@type":"ImageObject","inLanguage":"uk","@id":"https:\/\/herbow.eu\/#\/schema\/logo\/image\/","url":"https:\/\/herbow.eu\/wp-content\/uploads\/2025\/07\/herbow_logo_hun_2021-01_w-slogan_no-background.png","contentUrl":"https:\/\/herbow.eu\/wp-content\/uploads\/2025\/07\/herbow_logo_hun_2021-01_w-slogan_no-background.png","width":2366,"height":1732,"caption":"Herbow International Zrt."},"image":{"@id":"https:\/\/herbow.eu\/#\/schema\/logo\/image\/"},"sameAs":["https:\/\/www.facebook.com\/herbowmosodioslabda\/","https:\/\/www.instagram.com\/herbowmosodioslabda\/"]}]}},"jetpack_likes_enabled":true,"jetpack_sharing_enabled":true,"_links":{"self":[{"href":"https:\/\/herbow.eu\/ukr\/wp-json\/wp\/v2\/product\/1017","targetHints":{"allow":["GET"]}}],"collection":[{"href":"https:\/\/herbow.eu\/ukr\/wp-json\/wp\/v2\/product"}],"about":[{"href":"https:\/\/herbow.eu\/ukr\/wp-json\/wp\/v2\/types\/product"}],"replies":[{"embeddable":true,"href":"https:\/\/herbow.eu\/ukr\/wp-json\/wp\/v2\/comments?post=1017"}],"wp:featuredmedia":[{"embeddable":true,"href":"https:\/\/herbow.eu\/ukr\/wp-json\/wp\/v2\/media\/865"}],"wp:attachment":[{"href":"https:\/\/herbow.eu\/ukr\/wp-json\/wp\/v2\/media?parent=1017"}],"wp:term":[{"taxonomy":"product_brand","embeddable":true,"href":"https:\/\/herbow.eu\/ukr\/wp-json\/wp\/v2\/product_brand?post=1017"},{"taxonomy":"product_cat","embeddable":true,"href":"https:\/\/herbow.eu\/ukr\/wp-json\/wp\/v2\/product_cat?post=1017"},{"taxonomy":"product_tag","embeddable":true,"href":"https:\/\/herbow.eu\/ukr\/wp-json\/wp\/v2\/product_tag?post=1017"}],"curies":[{"name":"wp","href":"https:\/\/api.w.org\/{rel}","templated":true}]}}