{"id":1256,"date":"2025-11-21T14:51:41","date_gmt":"2025-11-21T13:51:41","guid":{"rendered":"https:\/\/herbow.eu\/?post_type=product&#038;p=1256"},"modified":"2026-03-17T10:58:47","modified_gmt":"2026-03-17T09:58:47","slug":"herbow-3in1-mosoparfum-tundoklo-hercegno-200-ml","status":"publish","type":"product","link":"https:\/\/herbow.eu\/sv\/product\/herbow-3in1-mosoparfum-tundoklo-hercegno-200-ml\/","title":{"rendered":"Herbow 3in1 Tv\u00e4tt Parfym Princess Sparkling"},"content":{"rendered":"<p>Doften av The Fragrant Princess kombinerar elegansen av ros med den mjuka v\u00e4rmen av vanilj. En delikat, blommig doft som \u00e4r b\u00e5de feminin och harmonisk och som l\u00e4mnar en elegant, ren fr\u00e4sch\u00f6r p\u00e5 tygerna efter varje tv\u00e4tt. Herbow 3in1 Wash Perfumes \u00e4r en ny generation av textilv\u00e5rdsprodukter som kombinerar naturens kraft och modern teknik i en enda formula. Deras innovativa HerbTech 3in1-formulering kombinerar f\u00f6rdelarna med en tv\u00e4ttparfym, tygfr\u00e4schare och tygmjukg\u00f6rare, vilket g\u00f6r att kl\u00e4derna inte bara doftar l\u00e4nge utan ocks\u00e5 \u00e4r mjuka, l\u00e4tta att hantera och behagliga att ta p\u00e5. Milda, v\u00e4xtbaserade ingredienser ger n\u00e4ring \u00e5t tygerna samtidigt som de bevarar sin naturliga absorptionsf\u00f6rm\u00e5ga. Efter varje tv\u00e4tt l\u00e4mnas kl\u00e4derna med en fr\u00e4sch, naturlig doft och varaktig mjukhet - utan att skada huden eller milj\u00f6n.<\/p>\n<p>Herbow 3in1 Washing Perfume \u00e4r en enkel, medveten och effektiv l\u00f6sning f\u00f6r dem som s\u00f6ker naturlig renlighet utan kompromisser. Doften fr\u00e5n The Dazzling Princess kombinerar rosens sofistikerade sk\u00f6nhet med vaniljens subtila v\u00e4rme - och l\u00e4mnar en l\u00e5ngvarig, mjuk fr\u00e4sch\u00f6r p\u00e5 tygerna som blir ett elegant och feminint tillskott i din vardag.<\/p>\n<p>Anv\u00e4nd 5 ml (en halv kapsyl) f\u00f6r varje tv\u00e4tt, och om du vill ha en mer intensiv doft \u00f6kar du dosen med n\u00e5gra milliliter.<\/p>","protected":false},"excerpt":{"rendered":"<p>A <strong>Herbow 3in1 Tv\u00e4ttparfym - Princess Sparkling<\/strong> har den raffinerade elegansen av ros och den mjuka v\u00e4rmen av vanilj. En delikat blommig, feminin doft som ger naturlig harmoni och varaktig fr\u00e4sch\u00f6r till textilier. Den innovativa HerbTech 3in1-formulan doftar, mjukg\u00f6r och fr\u00e4schar upp kl\u00e4derna samtidigt s\u00e5 att de k\u00e4nns behagliga att ta p\u00e5 och doftar gott efter varje tv\u00e4tt.<\/p>","protected":false},"featured_media":1148,"comment_status":"open","ping_status":"closed","template":"","meta":[],"product_brand":[1397],"product_cat":[1491],"product_tag":[1496,1493,1501,1409,1492,1495,1506,1504,1502,1507,1511,1510,1414,1499,1500,1505,1508,1509,1494,1497,1498,1503],"class_list":{"0":"post-1256","1":"product","2":"type-product","3":"status-publish","4":"has-post-thumbnail","6":"product_brand-herbow","7":"product_cat-3in1-mosoparfum-oblito-koncentratum","8":"product_tag-3in1-formula","9":"product_tag-3in1-mosoparfum","10":"product_tag-oko-oblito-alternativa","11":"product_tag-herbow","12":"product_tag-herbow-3in1","13":"product_tag-herbtech-3in1","14":"product_tag-hosszan-tarto-illat","15":"product_tag-illatos-ruhak","16":"product_tag-kornyezetbarat-mosas","17":"product_tag-koncentralt-mosoparfum","18":"product_tag-mosodio-melle-kiegeszito","19":"product_tag-mosogel-melle-kiegeszito","20":"product_tag-mosoparfum","21":"product_tag-novenyi-alapu-textilapolo","22":"product_tag-novenyi-eredetu-osszetevok","23":"product_tag-puha-ruhak","24":"product_tag-ruhaillatosito","25":"product_tag-szines-es-feher-ruhakhoz","26":"product_tag-textiloblito-koncentratum","27":"product_tag-textilfrissito","28":"product_tag-textillagyito","29":"product_tag-tudatos-haztartas","31":"first","32":"instock","33":"taxable","34":"shipping-taxable","35":"product-type-variable"},"yoast_head":"<!-- This site is optimized with the Yoast SEO plugin v27.5 - https:\/\/yoast.com\/product\/yoast-seo-wordpress\/ -->\n<title>Herbow 3in1 Mos\u00f3parf\u00fcm T\u00fcnd\u00f6kl\u0151 Hercegn\u0151 - Herbow | International<\/title>\n<meta name=\"description\" content=\"A Herbow 3in1 Mos\u00f3parf\u00fcm \u2013 Ny\u00e1ri Es\u0151 a friss z\u00e1por ut\u00e1ni leveg\u0151 tisztas\u00e1g\u00e1t \u00e9s \u00fcde frissess\u00e9g\u00e9t hozza el. L\u00e1gy, term\u00e9szetes illata \u00e1tj\u00e1rja a ruh\u00e1kat, \u00e9s minden mos\u00e1ssal a friss leveg\u0151 \u00e9rzet\u00e9t hagyja maga ut\u00e1n.Innovat\u00edv HerbTech 3in1 formul\u00e1ja egyes\u00edti a mos\u00f3parf\u00fcm, textilfriss\u00edt\u0151 \u00e9s textill\u00e1gy\u00edt\u00f3 hat\u00e1s\u00e1t, hogy a ruha ne csak illatos, hanem l\u00e1gy \u00e9s hosszan friss maradjon.\" \/>\n<meta name=\"robots\" content=\"index, follow, max-snippet:-1, max-image-preview:large, max-video-preview:-1\" \/>\n<link rel=\"canonical\" href=\"https:\/\/herbow.eu\/sv\/product\/herbow-3in1-mosoparfum-tundoklo-hercegno-200-ml\/\" \/>\n<meta property=\"og:locale\" content=\"sv_SE\" \/>\n<meta property=\"og:type\" content=\"article\" \/>\n<meta property=\"og:title\" content=\"Herbow 3in1 Mos\u00f3parf\u00fcm T\u00fcnd\u00f6kl\u0151 Hercegn\u0151 - Herbow | International\" \/>\n<meta property=\"og:description\" content=\"A Herbow 3in1 Mos\u00f3parf\u00fcm \u2013 Ny\u00e1ri Es\u0151 a friss z\u00e1por ut\u00e1ni leveg\u0151 tisztas\u00e1g\u00e1t \u00e9s \u00fcde frissess\u00e9g\u00e9t hozza el. L\u00e1gy, term\u00e9szetes illata \u00e1tj\u00e1rja a ruh\u00e1kat, \u00e9s minden mos\u00e1ssal a friss leveg\u0151 \u00e9rzet\u00e9t hagyja maga ut\u00e1n.Innovat\u00edv HerbTech 3in1 formul\u00e1ja egyes\u00edti a mos\u00f3parf\u00fcm, textilfriss\u00edt\u0151 \u00e9s textill\u00e1gy\u00edt\u00f3 hat\u00e1s\u00e1t, hogy a ruha ne csak illatos, hanem l\u00e1gy \u00e9s hosszan friss maradjon.\" \/>\n<meta property=\"og:url\" content=\"https:\/\/herbow.eu\/sv\/product\/herbow-3in1-mosoparfum-tundoklo-hercegno-200-ml\/\" \/>\n<meta property=\"og:site_name\" content=\"Herbow | International\" \/>\n<meta property=\"article:publisher\" content=\"https:\/\/www.facebook.com\/herbowmosodioslabda\/\" \/>\n<meta property=\"article:modified_time\" content=\"2026-03-17T09:58:47+00:00\" \/>\n<meta property=\"og:image\" content=\"https:\/\/herbow.eu\/wp-content\/uploads\/2025\/11\/Woo_base_2000x2000_47432_3in1_Princess_200ml.png\" \/>\n\t<meta property=\"og:image:width\" content=\"2000\" \/>\n\t<meta property=\"og:image:height\" content=\"2000\" \/>\n\t<meta property=\"og:image:type\" content=\"image\/png\" \/>\n<meta name=\"twitter:card\" content=\"summary_large_image\" \/>\n<meta name=\"twitter:label1\" content=\"Ber\u00e4knad l\u00e4stid\" \/>\n\t<meta name=\"twitter:data1\" content=\"2 minuter\" \/>\n<script type=\"application\/ld+json\" class=\"yoast-schema-graph\">{\"@context\":\"https:\\\/\\\/schema.org\",\"@graph\":[{\"@type\":\"WebPage\",\"@id\":\"https:\\\/\\\/herbow.eu\\\/product\\\/herbow-3in1-mosoparfum-tundoklo-hercegno-200-ml\\\/\",\"url\":\"https:\\\/\\\/herbow.eu\\\/product\\\/herbow-3in1-mosoparfum-tundoklo-hercegno-200-ml\\\/\",\"name\":\"Herbow 3in1 Mos\u00f3parf\u00fcm T\u00fcnd\u00f6kl\u0151 Hercegn\u0151 - Herbow | International\",\"isPartOf\":{\"@id\":\"https:\\\/\\\/herbow.eu\\\/#website\"},\"primaryImageOfPage\":{\"@id\":\"https:\\\/\\\/herbow.eu\\\/product\\\/herbow-3in1-mosoparfum-tundoklo-hercegno-200-ml\\\/#primaryimage\"},\"image\":{\"@id\":\"https:\\\/\\\/herbow.eu\\\/product\\\/herbow-3in1-mosoparfum-tundoklo-hercegno-200-ml\\\/#primaryimage\"},\"thumbnailUrl\":\"https:\\\/\\\/herbow.eu\\\/wp-content\\\/uploads\\\/2025\\\/11\\\/Woo_base_2000x2000_47432_3in1_Princess_200ml.png\",\"datePublished\":\"2025-11-21T13:51:41+00:00\",\"dateModified\":\"2026-03-17T09:58:47+00:00\",\"description\":\"A Herbow 3in1 Mos\u00f3parf\u00fcm \u2013 Ny\u00e1ri Es\u0151 a friss z\u00e1por ut\u00e1ni leveg\u0151 tisztas\u00e1g\u00e1t \u00e9s \u00fcde frissess\u00e9g\u00e9t hozza el. L\u00e1gy, term\u00e9szetes illata \u00e1tj\u00e1rja a ruh\u00e1kat, \u00e9s minden mos\u00e1ssal a friss leveg\u0151 \u00e9rzet\u00e9t hagyja maga ut\u00e1n.Innovat\u00edv HerbTech 3in1 formul\u00e1ja egyes\u00edti a mos\u00f3parf\u00fcm, textilfriss\u00edt\u0151 \u00e9s textill\u00e1gy\u00edt\u00f3 hat\u00e1s\u00e1t, hogy a ruha ne csak illatos, hanem l\u00e1gy \u00e9s hosszan friss maradjon.\",\"breadcrumb\":{\"@id\":\"https:\\\/\\\/herbow.eu\\\/product\\\/herbow-3in1-mosoparfum-tundoklo-hercegno-200-ml\\\/#breadcrumb\"},\"inLanguage\":\"sv-SE\",\"potentialAction\":[{\"@type\":\"ReadAction\",\"target\":[\"https:\\\/\\\/herbow.eu\\\/product\\\/herbow-3in1-mosoparfum-tundoklo-hercegno-200-ml\\\/\"]}]},{\"@type\":\"ImageObject\",\"inLanguage\":\"sv-SE\",\"@id\":\"https:\\\/\\\/herbow.eu\\\/product\\\/herbow-3in1-mosoparfum-tundoklo-hercegno-200-ml\\\/#primaryimage\",\"url\":\"https:\\\/\\\/herbow.eu\\\/wp-content\\\/uploads\\\/2025\\\/11\\\/Woo_base_2000x2000_47432_3in1_Princess_200ml.png\",\"contentUrl\":\"https:\\\/\\\/herbow.eu\\\/wp-content\\\/uploads\\\/2025\\\/11\\\/Woo_base_2000x2000_47432_3in1_Princess_200ml.png\",\"width\":2000,\"height\":2000},{\"@type\":\"BreadcrumbList\",\"@id\":\"https:\\\/\\\/herbow.eu\\\/product\\\/herbow-3in1-mosoparfum-tundoklo-hercegno-200-ml\\\/#breadcrumb\",\"itemListElement\":[{\"@type\":\"ListItem\",\"position\":1,\"name\":\"Kezd\u0151lap\",\"item\":\"https:\\\/\\\/herbow.eu\\\/\"},{\"@type\":\"ListItem\",\"position\":2,\"name\":\"Shop\",\"item\":\"https:\\\/\\\/herbow.eu\\\/shop\\\/\"},{\"@type\":\"ListItem\",\"position\":3,\"name\":\"Herbow 3in1 Mos\u00f3parf\u00fcm T\u00fcnd\u00f6kl\u0151 Hercegn\u0151\"}]},{\"@type\":\"WebSite\",\"@id\":\"https:\\\/\\\/herbow.eu\\\/#website\",\"url\":\"https:\\\/\\\/herbow.eu\\\/\",\"name\":\"Herbow | Herbal Organic World\",\"description\":\"Herbal Organic World\",\"publisher\":{\"@id\":\"https:\\\/\\\/herbow.eu\\\/#organization\"},\"potentialAction\":[{\"@type\":\"SearchAction\",\"target\":{\"@type\":\"EntryPoint\",\"urlTemplate\":\"https:\\\/\\\/herbow.eu\\\/?s={search_term_string}\"},\"query-input\":{\"@type\":\"PropertyValueSpecification\",\"valueRequired\":true,\"valueName\":\"search_term_string\"}}],\"inLanguage\":\"sv-SE\"},{\"@type\":\"Organization\",\"@id\":\"https:\\\/\\\/herbow.eu\\\/#organization\",\"name\":\"Herbow International Zrt.\",\"url\":\"https:\\\/\\\/herbow.eu\\\/\",\"logo\":{\"@type\":\"ImageObject\",\"inLanguage\":\"sv-SE\",\"@id\":\"https:\\\/\\\/herbow.eu\\\/#\\\/schema\\\/logo\\\/image\\\/\",\"url\":\"https:\\\/\\\/herbow.eu\\\/wp-content\\\/uploads\\\/2025\\\/07\\\/herbow_logo_hun_2021-01_w-slogan_no-background.png\",\"contentUrl\":\"https:\\\/\\\/herbow.eu\\\/wp-content\\\/uploads\\\/2025\\\/07\\\/herbow_logo_hun_2021-01_w-slogan_no-background.png\",\"width\":2366,\"height\":1732,\"caption\":\"Herbow International Zrt.\"},\"image\":{\"@id\":\"https:\\\/\\\/herbow.eu\\\/#\\\/schema\\\/logo\\\/image\\\/\"},\"sameAs\":[\"https:\\\/\\\/www.facebook.com\\\/herbowmosodioslabda\\\/\",\"https:\\\/\\\/www.instagram.com\\\/herbowmosodioslabda\\\/\"]}]}<\/script>\n<!-- \/ Yoast SEO plugin. -->","yoast_head_json":{"title":"Herbow 3in1 Laundry Parfume Princess - Herbow | International","description":"Herbow 3in1 Washing Perfume - Summer Rain ger renhet och friskhet i luften efter en ny dusch. Dess mjuka, naturliga doft genomsyrar kl\u00e4derna och ger dem en k\u00e4nsla av frisk luft vid varje tv\u00e4tt.HerbTechs innovativa 3in1-formula kombinerar f\u00f6rdelarna med tv\u00e4ttparfym, textilfr\u00e4schare och sk\u00f6ljmedel f\u00f6r att l\u00e4mna kl\u00e4derna inte bara v\u00e4ldoftande, utan mjuka och fr\u00e4scha l\u00e4ngre.","robots":{"index":"index","follow":"follow","max-snippet":"max-snippet:-1","max-image-preview":"max-image-preview:large","max-video-preview":"max-video-preview:-1"},"canonical":"https:\/\/herbow.eu\/sv\/product\/herbow-3in1-mosoparfum-tundoklo-hercegno-200-ml\/","og_locale":"sv_SE","og_type":"article","og_title":"Herbow 3in1 Mos\u00f3parf\u00fcm T\u00fcnd\u00f6kl\u0151 Hercegn\u0151 - Herbow | International","og_description":"A Herbow 3in1 Mos\u00f3parf\u00fcm \u2013 Ny\u00e1ri Es\u0151 a friss z\u00e1por ut\u00e1ni leveg\u0151 tisztas\u00e1g\u00e1t \u00e9s \u00fcde frissess\u00e9g\u00e9t hozza el. L\u00e1gy, term\u00e9szetes illata \u00e1tj\u00e1rja a ruh\u00e1kat, \u00e9s minden mos\u00e1ssal a friss leveg\u0151 \u00e9rzet\u00e9t hagyja maga ut\u00e1n.Innovat\u00edv HerbTech 3in1 formul\u00e1ja egyes\u00edti a mos\u00f3parf\u00fcm, textilfriss\u00edt\u0151 \u00e9s textill\u00e1gy\u00edt\u00f3 hat\u00e1s\u00e1t, hogy a ruha ne csak illatos, hanem l\u00e1gy \u00e9s hosszan friss maradjon.","og_url":"https:\/\/herbow.eu\/sv\/product\/herbow-3in1-mosoparfum-tundoklo-hercegno-200-ml\/","og_site_name":"Herbow | International","article_publisher":"https:\/\/www.facebook.com\/herbowmosodioslabda\/","article_modified_time":"2026-03-17T09:58:47+00:00","og_image":[{"width":2000,"height":2000,"url":"https:\/\/herbow.eu\/wp-content\/uploads\/2025\/11\/Woo_base_2000x2000_47432_3in1_Princess_200ml.png","type":"image\/png"}],"twitter_card":"summary_large_image","twitter_misc":{"Ber\u00e4knad l\u00e4stid":"2 minuter"},"schema":{"@context":"https:\/\/schema.org","@graph":[{"@type":"WebPage","@id":"https:\/\/herbow.eu\/product\/herbow-3in1-mosoparfum-tundoklo-hercegno-200-ml\/","url":"https:\/\/herbow.eu\/product\/herbow-3in1-mosoparfum-tundoklo-hercegno-200-ml\/","name":"Herbow 3in1 Laundry Parfume Princess - Herbow | International","isPartOf":{"@id":"https:\/\/herbow.eu\/#website"},"primaryImageOfPage":{"@id":"https:\/\/herbow.eu\/product\/herbow-3in1-mosoparfum-tundoklo-hercegno-200-ml\/#primaryimage"},"image":{"@id":"https:\/\/herbow.eu\/product\/herbow-3in1-mosoparfum-tundoklo-hercegno-200-ml\/#primaryimage"},"thumbnailUrl":"https:\/\/herbow.eu\/wp-content\/uploads\/2025\/11\/Woo_base_2000x2000_47432_3in1_Princess_200ml.png","datePublished":"2025-11-21T13:51:41+00:00","dateModified":"2026-03-17T09:58:47+00:00","description":"Herbow 3in1 Washing Perfume - Summer Rain ger renhet och friskhet i luften efter en ny dusch. Dess mjuka, naturliga doft genomsyrar kl\u00e4derna och ger dem en k\u00e4nsla av frisk luft vid varje tv\u00e4tt.HerbTechs innovativa 3in1-formula kombinerar f\u00f6rdelarna med tv\u00e4ttparfym, textilfr\u00e4schare och sk\u00f6ljmedel f\u00f6r att l\u00e4mna kl\u00e4derna inte bara v\u00e4ldoftande, utan mjuka och fr\u00e4scha l\u00e4ngre.","breadcrumb":{"@id":"https:\/\/herbow.eu\/product\/herbow-3in1-mosoparfum-tundoklo-hercegno-200-ml\/#breadcrumb"},"inLanguage":"sv-SE","potentialAction":[{"@type":"ReadAction","target":["https:\/\/herbow.eu\/product\/herbow-3in1-mosoparfum-tundoklo-hercegno-200-ml\/"]}]},{"@type":"ImageObject","inLanguage":"sv-SE","@id":"https:\/\/herbow.eu\/product\/herbow-3in1-mosoparfum-tundoklo-hercegno-200-ml\/#primaryimage","url":"https:\/\/herbow.eu\/wp-content\/uploads\/2025\/11\/Woo_base_2000x2000_47432_3in1_Princess_200ml.png","contentUrl":"https:\/\/herbow.eu\/wp-content\/uploads\/2025\/11\/Woo_base_2000x2000_47432_3in1_Princess_200ml.png","width":2000,"height":2000},{"@type":"BreadcrumbList","@id":"https:\/\/herbow.eu\/product\/herbow-3in1-mosoparfum-tundoklo-hercegno-200-ml\/#breadcrumb","itemListElement":[{"@type":"ListItem","position":1,"name":"Kezd\u0151lap","item":"https:\/\/herbow.eu\/"},{"@type":"ListItem","position":2,"name":"Shop","item":"https:\/\/herbow.eu\/shop\/"},{"@type":"ListItem","position":3,"name":"Herbow 3in1 Mos\u00f3parf\u00fcm T\u00fcnd\u00f6kl\u0151 Hercegn\u0151"}]},{"@type":"WebSite","@id":"https:\/\/herbow.eu\/#website","url":"https:\/\/herbow.eu\/","name":"Herbow | Herbal Organic World","description":"Herbal Organic World","publisher":{"@id":"https:\/\/herbow.eu\/#organization"},"potentialAction":[{"@type":"SearchAction","target":{"@type":"EntryPoint","urlTemplate":"https:\/\/herbow.eu\/?s={search_term_string}"},"query-input":{"@type":"PropertyValueSpecification","valueRequired":true,"valueName":"search_term_string"}}],"inLanguage":"sv-SE"},{"@type":"Organization","@id":"https:\/\/herbow.eu\/#organization","name":"Herbow International Zrt.","url":"https:\/\/herbow.eu\/","logo":{"@type":"ImageObject","inLanguage":"sv-SE","@id":"https:\/\/herbow.eu\/#\/schema\/logo\/image\/","url":"https:\/\/herbow.eu\/wp-content\/uploads\/2025\/07\/herbow_logo_hun_2021-01_w-slogan_no-background.png","contentUrl":"https:\/\/herbow.eu\/wp-content\/uploads\/2025\/07\/herbow_logo_hun_2021-01_w-slogan_no-background.png","width":2366,"height":1732,"caption":"Herbow International Zrt."},"image":{"@id":"https:\/\/herbow.eu\/#\/schema\/logo\/image\/"},"sameAs":["https:\/\/www.facebook.com\/herbowmosodioslabda\/","https:\/\/www.instagram.com\/herbowmosodioslabda\/"]}]}},"jetpack_likes_enabled":true,"jetpack_sharing_enabled":true,"_links":{"self":[{"href":"https:\/\/herbow.eu\/sv\/wp-json\/wp\/v2\/product\/1256","targetHints":{"allow":["GET"]}}],"collection":[{"href":"https:\/\/herbow.eu\/sv\/wp-json\/wp\/v2\/product"}],"about":[{"href":"https:\/\/herbow.eu\/sv\/wp-json\/wp\/v2\/types\/product"}],"replies":[{"embeddable":true,"href":"https:\/\/herbow.eu\/sv\/wp-json\/wp\/v2\/comments?post=1256"}],"wp:featuredmedia":[{"embeddable":true,"href":"https:\/\/herbow.eu\/sv\/wp-json\/wp\/v2\/media\/1148"}],"wp:attachment":[{"href":"https:\/\/herbow.eu\/sv\/wp-json\/wp\/v2\/media?parent=1256"}],"wp:term":[{"taxonomy":"product_brand","embeddable":true,"href":"https:\/\/herbow.eu\/sv\/wp-json\/wp\/v2\/product_brand?post=1256"},{"taxonomy":"product_cat","embeddable":true,"href":"https:\/\/herbow.eu\/sv\/wp-json\/wp\/v2\/product_cat?post=1256"},{"taxonomy":"product_tag","embeddable":true,"href":"https:\/\/herbow.eu\/sv\/wp-json\/wp\/v2\/product_tag?post=1256"}],"curies":[{"name":"wp","href":"https:\/\/api.w.org\/{rel}","templated":true}]}}