{"id":1248,"date":"2025-11-21T14:44:28","date_gmt":"2025-11-21T13:44:28","guid":{"rendered":"https:\/\/herbow.eu\/?post_type=product&#038;p=1248"},"modified":"2026-03-17T10:58:47","modified_gmt":"2026-03-17T09:58:47","slug":"herbow-3in1-tvattparfym-fly-happy-200-ml","status":"publish","type":"product","link":"https:\/\/herbow.eu\/sv\/product\/herbow-3in1-mosoparfum-legy-boldog-200-ml\/","title":{"rendered":"Herbow 3in1 Tv\u00e4tt Parfym Var glad!"},"content":{"rendered":"<p>Be Happy! ger den naturliga friskheten och fruktiga l\u00e4ttheten hos tropisk guayaba till vardagen. Efter varje tv\u00e4tt l\u00e4mnar den kl\u00e4derna med en frodig, livlig doft som ger gl\u00e4dje och ny energi i vardagen. Denna doft framkallar stunder av solsken, gl\u00e4dje och r\u00f6relse, \u00e4ven under de gr\u00e5aste dagarna. Herbow 3in1 Wash Perfumes \u00e4r en ny generation av textilv\u00e5rdsprodukter som kombinerar naturens kraft och modern teknik i en enda formel. Deras innovativa HerbTech 3in1-formulering kombinerar kraften i en tv\u00e4ttparfym, tygfr\u00e4schare och tygmjukg\u00f6rare f\u00f6r att l\u00e4mna kl\u00e4derna inte bara l\u00e5ngvarigt doftande, utan mjuka, l\u00e4tta att hantera och behagliga att ta p\u00e5. Milda, v\u00e4xtbaserade ingredienser ger n\u00e4ring \u00e5t tygerna samtidigt som de bevarar sin naturliga absorptionsf\u00f6rm\u00e5ga. Efter varje tv\u00e4tt l\u00e4mnas kl\u00e4derna med en fr\u00e4sch, naturlig doft och varaktig mjukhet utan att skada huden eller milj\u00f6n.<\/p>\n<p>Herbow 3in1 Washing Perfume \u00e4r en enkel, medveten och effektiv l\u00f6sning f\u00f6r dem som s\u00f6ker naturlig renlighet utan kompromisser. Den l\u00e5ngvariga, tropiska guayabadoften i Be Happy l\u00e4mnar textilierna fr\u00e4scha och levande och ger en k\u00e4nsla av upprymdhet och energi vid varje tv\u00e4tt.<\/p>\n<p>Anv\u00e4nd 5 ml (en halv kapsyl) f\u00f6r varje tv\u00e4tt, och om du vill ha en mer intensiv doft \u00f6kar du dosen med n\u00e5gra milliliter.<\/p>","protected":false},"excerpt":{"rendered":"<p>Den nya <strong>Herbow 3in1 Tv\u00e4tt Parfym Var glad!<\/strong> tropical guayaba fyller ditt hem med en fr\u00e4sch, livlig doft. HerbTechs innovativa 3in1-formula kombinerar tv\u00e4ttparfym, textilfr\u00e4schare och sk\u00f6ljmedel f\u00f6r att l\u00e4mna kl\u00e4derna inte bara v\u00e4ldoftande utan \u00e4ven mjuka, l\u00e4tthanterliga och fr\u00e4scha under l\u00e5ng tid, samtidigt som de v\u00e4xtbaserade ingredienserna \u00e4r skonsamma mot tyger och hud.<br \/>\nEn droppe tropisk lycka i varje tv\u00e4tt.<\/p>","protected":false},"featured_media":1144,"comment_status":"open","ping_status":"closed","template":"","meta":[],"product_brand":[1397],"product_cat":[1491],"product_tag":[1496,1493,1501,1409,1492,1495,1506,1504,1502,1507,1511,1510,1414,1499,1500,1505,1508,1509,1494,1497,1498,1503],"class_list":{"0":"post-1248","1":"product","2":"type-product","3":"status-publish","4":"has-post-thumbnail","6":"product_brand-herbow","7":"product_cat-3in1-mosoparfum-oblito-koncentratum","8":"product_tag-3in1-formula","9":"product_tag-3in1-mosoparfum","10":"product_tag-oko-oblito-alternativa","11":"product_tag-herbow","12":"product_tag-herbow-3in1","13":"product_tag-herbtech-3in1","14":"product_tag-hosszan-tarto-illat","15":"product_tag-illatos-ruhak","16":"product_tag-kornyezetbarat-mosas","17":"product_tag-koncentralt-mosoparfum","18":"product_tag-mosodio-melle-kiegeszito","19":"product_tag-mosogel-melle-kiegeszito","20":"product_tag-mosoparfum","21":"product_tag-novenyi-alapu-textilapolo","22":"product_tag-novenyi-eredetu-osszetevok","23":"product_tag-puha-ruhak","24":"product_tag-ruhaillatosito","25":"product_tag-szines-es-feher-ruhakhoz","26":"product_tag-textiloblito-koncentratum","27":"product_tag-textilfrissito","28":"product_tag-textillagyito","29":"product_tag-tudatos-haztartas","31":"first","32":"instock","33":"taxable","34":"shipping-taxable","35":"product-type-variable"},"yoast_head":"<!-- This site is optimized with the Yoast SEO plugin v27.4 - https:\/\/yoast.com\/product\/yoast-seo-wordpress\/ -->\n<title>Herbow 3in1 Mos\u00f3parf\u00fcm L\u00e9gy Boldog! - Herbow | International<\/title>\n<meta name=\"description\" content=\"Az \u00faj Herbow 3in1 Mos\u00f3parf\u00fcm L\u00e9gy Boldog! a tr\u00f3pusi guayaba friss, \u00e9lettel teli illat\u00e1val t\u00f6lti meg otthonod. Innovat\u00edv HerbTech 3in1 formul\u00e1ja egyes\u00edti a mos\u00f3parf\u00fcm, textilfriss\u00edt\u0151 \u00e9s textill\u00e1gy\u00edt\u00f3 hat\u00e1s\u00e1t, hogy a ruha ne csak illatos, hanem l\u00e1gy, k\u00f6nnyen kezelhet\u0151 \u00e9s hosszan friss maradjon, mik\u00f6zben n\u00f6v\u00e9nyi alap\u00fa \u00f6sszetev\u0151i k\u00edm\u00e9letesek a text\u00edli\u00e1khoz \u00e9s a b\u0151rh\u00f6z.Egy csepp tr\u00f3pusi boldogs\u00e1g minden mos\u00e1sban.\" \/>\n<meta name=\"robots\" content=\"index, follow, max-snippet:-1, max-image-preview:large, max-video-preview:-1\" \/>\n<link rel=\"canonical\" href=\"https:\/\/herbow.eu\/sv\/product\/herbow-3in1-tvattparfym-fly-happy-200-ml\/\" \/>\n<meta property=\"og:locale\" content=\"sv_SE\" \/>\n<meta property=\"og:type\" content=\"article\" \/>\n<meta property=\"og:title\" content=\"Herbow 3in1 Mos\u00f3parf\u00fcm L\u00e9gy Boldog! - Herbow | International\" \/>\n<meta property=\"og:description\" content=\"Az \u00faj Herbow 3in1 Mos\u00f3parf\u00fcm L\u00e9gy Boldog! a tr\u00f3pusi guayaba friss, \u00e9lettel teli illat\u00e1val t\u00f6lti meg otthonod. Innovat\u00edv HerbTech 3in1 formul\u00e1ja egyes\u00edti a mos\u00f3parf\u00fcm, textilfriss\u00edt\u0151 \u00e9s textill\u00e1gy\u00edt\u00f3 hat\u00e1s\u00e1t, hogy a ruha ne csak illatos, hanem l\u00e1gy, k\u00f6nnyen kezelhet\u0151 \u00e9s hosszan friss maradjon, mik\u00f6zben n\u00f6v\u00e9nyi alap\u00fa \u00f6sszetev\u0151i k\u00edm\u00e9letesek a text\u00edli\u00e1khoz \u00e9s a b\u0151rh\u00f6z.Egy csepp tr\u00f3pusi boldogs\u00e1g minden mos\u00e1sban.\" \/>\n<meta property=\"og:url\" content=\"https:\/\/herbow.eu\/sv\/product\/herbow-3in1-tvattparfym-fly-happy-200-ml\/\" \/>\n<meta property=\"og:site_name\" content=\"Herbow | International\" \/>\n<meta property=\"article:publisher\" content=\"https:\/\/www.facebook.com\/herbowmosodioslabda\/\" \/>\n<meta property=\"article:modified_time\" content=\"2026-03-17T09:58:47+00:00\" \/>\n<meta property=\"og:image\" content=\"https:\/\/herbow.eu\/wp-content\/uploads\/2025\/11\/Woo_base_2000x2000_47432_3in1_Be_Happy_200ml-copy.png\" \/>\n\t<meta property=\"og:image:width\" content=\"2000\" \/>\n\t<meta property=\"og:image:height\" content=\"2000\" \/>\n\t<meta property=\"og:image:type\" content=\"image\/png\" \/>\n<meta name=\"twitter:card\" content=\"summary_large_image\" \/>\n<meta name=\"twitter:label1\" content=\"Ber\u00e4knad l\u00e4stid\" \/>\n\t<meta name=\"twitter:data1\" content=\"2 minuter\" \/>\n<script type=\"application\/ld+json\" class=\"yoast-schema-graph\">{\"@context\":\"https:\\\/\\\/schema.org\",\"@graph\":[{\"@type\":\"WebPage\",\"@id\":\"https:\\\/\\\/herbow.eu\\\/product\\\/herbow-3in1-mosoparfum-legy-boldog-200-ml\\\/\",\"url\":\"https:\\\/\\\/herbow.eu\\\/product\\\/herbow-3in1-mosoparfum-legy-boldog-200-ml\\\/\",\"name\":\"Herbow 3in1 Mos\u00f3parf\u00fcm L\u00e9gy Boldog! - Herbow | International\",\"isPartOf\":{\"@id\":\"https:\\\/\\\/herbow.eu\\\/#website\"},\"primaryImageOfPage\":{\"@id\":\"https:\\\/\\\/herbow.eu\\\/product\\\/herbow-3in1-mosoparfum-legy-boldog-200-ml\\\/#primaryimage\"},\"image\":{\"@id\":\"https:\\\/\\\/herbow.eu\\\/product\\\/herbow-3in1-mosoparfum-legy-boldog-200-ml\\\/#primaryimage\"},\"thumbnailUrl\":\"https:\\\/\\\/herbow.eu\\\/wp-content\\\/uploads\\\/2025\\\/11\\\/Woo_base_2000x2000_47432_3in1_Be_Happy_200ml-copy.png\",\"datePublished\":\"2025-11-21T13:44:28+00:00\",\"dateModified\":\"2026-03-17T09:58:47+00:00\",\"description\":\"Az \u00faj Herbow 3in1 Mos\u00f3parf\u00fcm L\u00e9gy Boldog! a tr\u00f3pusi guayaba friss, \u00e9lettel teli illat\u00e1val t\u00f6lti meg otthonod. Innovat\u00edv HerbTech 3in1 formul\u00e1ja egyes\u00edti a mos\u00f3parf\u00fcm, textilfriss\u00edt\u0151 \u00e9s textill\u00e1gy\u00edt\u00f3 hat\u00e1s\u00e1t, hogy a ruha ne csak illatos, hanem l\u00e1gy, k\u00f6nnyen kezelhet\u0151 \u00e9s hosszan friss maradjon, mik\u00f6zben n\u00f6v\u00e9nyi alap\u00fa \u00f6sszetev\u0151i k\u00edm\u00e9letesek a text\u00edli\u00e1khoz \u00e9s a b\u0151rh\u00f6z.Egy csepp tr\u00f3pusi boldogs\u00e1g minden mos\u00e1sban.\",\"breadcrumb\":{\"@id\":\"https:\\\/\\\/herbow.eu\\\/product\\\/herbow-3in1-mosoparfum-legy-boldog-200-ml\\\/#breadcrumb\"},\"inLanguage\":\"sv-SE\",\"potentialAction\":[{\"@type\":\"ReadAction\",\"target\":[\"https:\\\/\\\/herbow.eu\\\/product\\\/herbow-3in1-mosoparfum-legy-boldog-200-ml\\\/\"]}]},{\"@type\":\"ImageObject\",\"inLanguage\":\"sv-SE\",\"@id\":\"https:\\\/\\\/herbow.eu\\\/product\\\/herbow-3in1-mosoparfum-legy-boldog-200-ml\\\/#primaryimage\",\"url\":\"https:\\\/\\\/herbow.eu\\\/wp-content\\\/uploads\\\/2025\\\/11\\\/Woo_base_2000x2000_47432_3in1_Be_Happy_200ml-copy.png\",\"contentUrl\":\"https:\\\/\\\/herbow.eu\\\/wp-content\\\/uploads\\\/2025\\\/11\\\/Woo_base_2000x2000_47432_3in1_Be_Happy_200ml-copy.png\",\"width\":2000,\"height\":2000},{\"@type\":\"BreadcrumbList\",\"@id\":\"https:\\\/\\\/herbow.eu\\\/product\\\/herbow-3in1-mosoparfum-legy-boldog-200-ml\\\/#breadcrumb\",\"itemListElement\":[{\"@type\":\"ListItem\",\"position\":1,\"name\":\"Kezd\u0151lap\",\"item\":\"https:\\\/\\\/herbow.eu\\\/\"},{\"@type\":\"ListItem\",\"position\":2,\"name\":\"Shop\",\"item\":\"https:\\\/\\\/herbow.eu\\\/shop\\\/\"},{\"@type\":\"ListItem\",\"position\":3,\"name\":\"Herbow 3in1 Mos\u00f3parf\u00fcm L\u00e9gy Boldog!\"}]},{\"@type\":\"WebSite\",\"@id\":\"https:\\\/\\\/herbow.eu\\\/#website\",\"url\":\"https:\\\/\\\/herbow.eu\\\/\",\"name\":\"Herbow | Herbal Organic World\",\"description\":\"Herbal Organic World\",\"publisher\":{\"@id\":\"https:\\\/\\\/herbow.eu\\\/#organization\"},\"potentialAction\":[{\"@type\":\"SearchAction\",\"target\":{\"@type\":\"EntryPoint\",\"urlTemplate\":\"https:\\\/\\\/herbow.eu\\\/?s={search_term_string}\"},\"query-input\":{\"@type\":\"PropertyValueSpecification\",\"valueRequired\":true,\"valueName\":\"search_term_string\"}}],\"inLanguage\":\"sv-SE\"},{\"@type\":\"Organization\",\"@id\":\"https:\\\/\\\/herbow.eu\\\/#organization\",\"name\":\"Herbow International Zrt.\",\"url\":\"https:\\\/\\\/herbow.eu\\\/\",\"logo\":{\"@type\":\"ImageObject\",\"inLanguage\":\"sv-SE\",\"@id\":\"https:\\\/\\\/herbow.eu\\\/#\\\/schema\\\/logo\\\/image\\\/\",\"url\":\"https:\\\/\\\/herbow.eu\\\/wp-content\\\/uploads\\\/2025\\\/07\\\/herbow_logo_hun_2021-01_w-slogan_no-background.png\",\"contentUrl\":\"https:\\\/\\\/herbow.eu\\\/wp-content\\\/uploads\\\/2025\\\/07\\\/herbow_logo_hun_2021-01_w-slogan_no-background.png\",\"width\":2366,\"height\":1732,\"caption\":\"Herbow International Zrt.\"},\"image\":{\"@id\":\"https:\\\/\\\/herbow.eu\\\/#\\\/schema\\\/logo\\\/image\\\/\"},\"sameAs\":[\"https:\\\/\\\/www.facebook.com\\\/herbowmosodioslabda\\\/\",\"https:\\\/\\\/www.instagram.com\\\/herbowmosodioslabda\\\/\"]}]}<\/script>\n<!-- \/ Yoast SEO plugin. -->","yoast_head_json":{"title":"Herbow 3in1 Tv\u00e4tt Parfym Be Happy - Herbow | International","description":"Den nya Herbow 3in1 Wash Perfume Be Happy! kommer att fylla ditt hem med den fr\u00e4scha, livfulla doften av tropisk guayaba. HerbTechs innovativa 3in1-formula kombinerar tv\u00e4ttparfym, textilfr\u00e4schare och sk\u00f6ljmedel f\u00f6r att l\u00e4mna kl\u00e4derna inte bara v\u00e4ldoftande, utan mjuka, l\u00e4tthanterliga och fr\u00e4scha l\u00e4ngre, samtidigt som de v\u00e4xtbaserade ingredienserna \u00e4r skonsamma mot tyger och hud.","robots":{"index":"index","follow":"follow","max-snippet":"max-snippet:-1","max-image-preview":"max-image-preview:large","max-video-preview":"max-video-preview:-1"},"canonical":"https:\/\/herbow.eu\/sv\/product\/herbow-3in1-tvattparfym-fly-happy-200-ml\/","og_locale":"sv_SE","og_type":"article","og_title":"Herbow 3in1 Mos\u00f3parf\u00fcm L\u00e9gy Boldog! - Herbow | International","og_description":"Az \u00faj Herbow 3in1 Mos\u00f3parf\u00fcm L\u00e9gy Boldog! a tr\u00f3pusi guayaba friss, \u00e9lettel teli illat\u00e1val t\u00f6lti meg otthonod. Innovat\u00edv HerbTech 3in1 formul\u00e1ja egyes\u00edti a mos\u00f3parf\u00fcm, textilfriss\u00edt\u0151 \u00e9s textill\u00e1gy\u00edt\u00f3 hat\u00e1s\u00e1t, hogy a ruha ne csak illatos, hanem l\u00e1gy, k\u00f6nnyen kezelhet\u0151 \u00e9s hosszan friss maradjon, mik\u00f6zben n\u00f6v\u00e9nyi alap\u00fa \u00f6sszetev\u0151i k\u00edm\u00e9letesek a text\u00edli\u00e1khoz \u00e9s a b\u0151rh\u00f6z.Egy csepp tr\u00f3pusi boldogs\u00e1g minden mos\u00e1sban.","og_url":"https:\/\/herbow.eu\/sv\/product\/herbow-3in1-tvattparfym-fly-happy-200-ml\/","og_site_name":"Herbow | International","article_publisher":"https:\/\/www.facebook.com\/herbowmosodioslabda\/","article_modified_time":"2026-03-17T09:58:47+00:00","og_image":[{"width":2000,"height":2000,"url":"https:\/\/herbow.eu\/wp-content\/uploads\/2025\/11\/Woo_base_2000x2000_47432_3in1_Be_Happy_200ml-copy.png","type":"image\/png"}],"twitter_card":"summary_large_image","twitter_misc":{"Ber\u00e4knad l\u00e4stid":"2 minuter"},"schema":{"@context":"https:\/\/schema.org","@graph":[{"@type":"WebPage","@id":"https:\/\/herbow.eu\/product\/herbow-3in1-mosoparfum-legy-boldog-200-ml\/","url":"https:\/\/herbow.eu\/product\/herbow-3in1-mosoparfum-legy-boldog-200-ml\/","name":"Herbow 3in1 Tv\u00e4tt Parfym Be Happy - Herbow | International","isPartOf":{"@id":"https:\/\/herbow.eu\/#website"},"primaryImageOfPage":{"@id":"https:\/\/herbow.eu\/product\/herbow-3in1-mosoparfum-legy-boldog-200-ml\/#primaryimage"},"image":{"@id":"https:\/\/herbow.eu\/product\/herbow-3in1-mosoparfum-legy-boldog-200-ml\/#primaryimage"},"thumbnailUrl":"https:\/\/herbow.eu\/wp-content\/uploads\/2025\/11\/Woo_base_2000x2000_47432_3in1_Be_Happy_200ml-copy.png","datePublished":"2025-11-21T13:44:28+00:00","dateModified":"2026-03-17T09:58:47+00:00","description":"Den nya Herbow 3in1 Wash Perfume Be Happy! kommer att fylla ditt hem med den fr\u00e4scha, livfulla doften av tropisk guayaba. HerbTechs innovativa 3in1-formula kombinerar tv\u00e4ttparfym, textilfr\u00e4schare och sk\u00f6ljmedel f\u00f6r att l\u00e4mna kl\u00e4derna inte bara v\u00e4ldoftande, utan mjuka, l\u00e4tthanterliga och fr\u00e4scha l\u00e4ngre, samtidigt som de v\u00e4xtbaserade ingredienserna \u00e4r skonsamma mot tyger och hud.","breadcrumb":{"@id":"https:\/\/herbow.eu\/product\/herbow-3in1-mosoparfum-legy-boldog-200-ml\/#breadcrumb"},"inLanguage":"sv-SE","potentialAction":[{"@type":"ReadAction","target":["https:\/\/herbow.eu\/product\/herbow-3in1-mosoparfum-legy-boldog-200-ml\/"]}]},{"@type":"ImageObject","inLanguage":"sv-SE","@id":"https:\/\/herbow.eu\/product\/herbow-3in1-mosoparfum-legy-boldog-200-ml\/#primaryimage","url":"https:\/\/herbow.eu\/wp-content\/uploads\/2025\/11\/Woo_base_2000x2000_47432_3in1_Be_Happy_200ml-copy.png","contentUrl":"https:\/\/herbow.eu\/wp-content\/uploads\/2025\/11\/Woo_base_2000x2000_47432_3in1_Be_Happy_200ml-copy.png","width":2000,"height":2000},{"@type":"BreadcrumbList","@id":"https:\/\/herbow.eu\/product\/herbow-3in1-mosoparfum-legy-boldog-200-ml\/#breadcrumb","itemListElement":[{"@type":"ListItem","position":1,"name":"Kezd\u0151lap","item":"https:\/\/herbow.eu\/"},{"@type":"ListItem","position":2,"name":"Shop","item":"https:\/\/herbow.eu\/shop\/"},{"@type":"ListItem","position":3,"name":"Herbow 3in1 Mos\u00f3parf\u00fcm L\u00e9gy Boldog!"}]},{"@type":"WebSite","@id":"https:\/\/herbow.eu\/#website","url":"https:\/\/herbow.eu\/","name":"Herbow | Herbal Organic World","description":"Herbal Organic World","publisher":{"@id":"https:\/\/herbow.eu\/#organization"},"potentialAction":[{"@type":"SearchAction","target":{"@type":"EntryPoint","urlTemplate":"https:\/\/herbow.eu\/?s={search_term_string}"},"query-input":{"@type":"PropertyValueSpecification","valueRequired":true,"valueName":"search_term_string"}}],"inLanguage":"sv-SE"},{"@type":"Organization","@id":"https:\/\/herbow.eu\/#organization","name":"Herbow International Zrt.","url":"https:\/\/herbow.eu\/","logo":{"@type":"ImageObject","inLanguage":"sv-SE","@id":"https:\/\/herbow.eu\/#\/schema\/logo\/image\/","url":"https:\/\/herbow.eu\/wp-content\/uploads\/2025\/07\/herbow_logo_hun_2021-01_w-slogan_no-background.png","contentUrl":"https:\/\/herbow.eu\/wp-content\/uploads\/2025\/07\/herbow_logo_hun_2021-01_w-slogan_no-background.png","width":2366,"height":1732,"caption":"Herbow International Zrt."},"image":{"@id":"https:\/\/herbow.eu\/#\/schema\/logo\/image\/"},"sameAs":["https:\/\/www.facebook.com\/herbowmosodioslabda\/","https:\/\/www.instagram.com\/herbowmosodioslabda\/"]}]}},"jetpack_likes_enabled":true,"jetpack_sharing_enabled":true,"_links":{"self":[{"href":"https:\/\/herbow.eu\/sv\/wp-json\/wp\/v2\/product\/1248","targetHints":{"allow":["GET"]}}],"collection":[{"href":"https:\/\/herbow.eu\/sv\/wp-json\/wp\/v2\/product"}],"about":[{"href":"https:\/\/herbow.eu\/sv\/wp-json\/wp\/v2\/types\/product"}],"replies":[{"embeddable":true,"href":"https:\/\/herbow.eu\/sv\/wp-json\/wp\/v2\/comments?post=1248"}],"wp:featuredmedia":[{"embeddable":true,"href":"https:\/\/herbow.eu\/sv\/wp-json\/wp\/v2\/media\/1144"}],"wp:attachment":[{"href":"https:\/\/herbow.eu\/sv\/wp-json\/wp\/v2\/media?parent=1248"}],"wp:term":[{"taxonomy":"product_brand","embeddable":true,"href":"https:\/\/herbow.eu\/sv\/wp-json\/wp\/v2\/product_brand?post=1248"},{"taxonomy":"product_cat","embeddable":true,"href":"https:\/\/herbow.eu\/sv\/wp-json\/wp\/v2\/product_cat?post=1248"},{"taxonomy":"product_tag","embeddable":true,"href":"https:\/\/herbow.eu\/sv\/wp-json\/wp\/v2\/product_tag?post=1248"}],"curies":[{"name":"wp","href":"https:\/\/api.w.org\/{rel}","templated":true}]}}