{"id":1038,"date":"2025-08-18T11:05:59","date_gmt":"2025-08-18T09:05:59","guid":{"rendered":"https:\/\/herbow.eu\/product\/herbow-bambino-folttisztito-szines-ruhakhoz\/"},"modified":"2026-03-17T10:58:02","modified_gmt":"2026-03-17T09:58:02","slug":"herbow-bambino-for-folkdrakter","status":"publish","type":"product","link":"https:\/\/herbow.eu\/sv\/product\/herbow-bambino-folttisztito-szines-ruhakhoz\/","title":{"rendered":"Herbow Bambino fl\u00e4ckreng\u00f6ringsmedel f\u00f6r f\u00e4rgade kl\u00e4der 700 g"},"content":{"rendered":"<p>Herbow Bambino Colour Clothes Cleaner \u00e4r doft- och allergenfri, speciellt framtagen f\u00f6r reng\u00f6ring av f\u00e4rgkl\u00e4der f\u00f6r sp\u00e4dbarn, barn och vuxna med k\u00e4nslig hud. Den inneh\u00e5ller naturligt tv\u00e4ttn\u00f6tspulver och koncentrerade botaniska aktiva ingredienser som effektivt l\u00f6ser upp fl\u00e4ckar samtidigt som de bevarar f\u00e4rgernas livfullhet och tygets struktur. Formulan \u00e4r skonsam mot huden och milj\u00f6n och tar bort envisa fl\u00e4ckar p\u00e5 ett skonsamt men spektakul\u00e4rt s\u00e4tt. Den doftfria, klorfria, fosfatfria och optiskt blekmedelsfria formuleringen s\u00e4kerst\u00e4ller att kl\u00e4derna f\u00f6rblir rena och naturligt fr\u00e4scha - utan hudirritation. Kan anv\u00e4ndas som tv\u00e4tttillsats eller f\u00f6rbl\u00f6tl\u00e4ggning, i alla typer av tv\u00e4ttmaskiner och f\u00f6r handtv\u00e4tt. S\u00e4rskilt effektiv f\u00f6r barnkl\u00e4der, f\u00f6rkl\u00e4den och f\u00e4rgade tyger.<\/p>\n<p>F\u00f6r b\u00e4sta resultat, kombinera med Herbow Bambino flytande tv\u00e4ttmedelskoncentrat.<\/p>","protected":false},"excerpt":{"rendered":"<p>A <strong>Herbow Bambino Folklore reng\u00f6ringsmedel<\/strong> f\u00f6r f\u00e4rgade plagg med naturlig washi-olja och aktiva ingredienser hj\u00e4lper till att ta bort envisa fl\u00e4ckar skonsamt, samtidigt som f\u00e4rger och k\u00e4nslig hud skyddas.<br \/>\nEn lukt- och allergenfri l\u00f6sning f\u00f6r rena, levande kl\u00e4der.<\/p>\n<p>F\u00f6rpackningsstorlek: 700g<\/p>","protected":false},"featured_media":898,"comment_status":"open","ping_status":"closed","template":"","meta":[],"product_brand":[1397],"product_cat":[1408],"product_tag":[1431,1527,1517,1531,1521,1529,1518,1522,1515,1516,1514,1513,1523,1524,1519,1532,1409,1512,1430,1520,1502,1530,1441,1525,1526,1445,1528],"class_list":{"0":"post-1038","1":"product","2":"type-product","3":"status-publish","4":"has-post-thumbnail","6":"product_brand-herbow","7":"product_cat-herbow-baby-bambino-termekcsalad","8":"product_tag-allergenmentes","9":"product_tag-allatkiserletmentes","10":"product_tag-erzekeny-borre","11":"product_tag-erzekeny-textiliakhoz","12":"product_tag-oko-haztartas","13":"product_tag-okocimkes-termek","14":"product_tag-ujszulott-borere","15":"product_tag-bababarat-tisztitas","16":"product_tag-babamosas","17":"product_tag-babaruhakhoz","18":"product_tag-babatermek","19":"product_tag-bambino","20":"product_tag-biztonsagos-osszetevok","21":"product_tag-borbarat-formula","22":"product_tag-dermatologiailag-tesztelt","23":"product_tag-feher-es-szines-ruhakhoz","24":"product_tag-herbow","25":"product_tag-herbow-bambino","26":"product_tag-hipoallergen","27":"product_tag-illatmentes-termek","28":"product_tag-kornyezetbarat-mosas","29":"product_tag-koncentratum","30":"product_tag-novenyi-alapu","31":"product_tag-parabenmentes","32":"product_tag-szinezekmentes","33":"product_tag-termeszetes-osszetevok","34":"product_tag-vegan","36":"first","37":"instock","38":"taxable","39":"shipping-taxable","40":"product-type-simple"},"yoast_head":"<!-- This site is optimized with the Yoast SEO plugin v27.4 - https:\/\/yoast.com\/product\/yoast-seo-wordpress\/ -->\n<title>Herbow Bambino folttiszt\u00edt\u00f3 szines ruh\u00e1khoz 700g - Herbow | International<\/title>\n<meta name=\"description\" content=\"A Herbow Bambino Folttiszt\u00edt\u00f3 sz\u00ednes ruh\u00e1khoz term\u00e9szetes mos\u00f3di\u00f3-\u0151rlem\u00e9nnyel \u00e9s akt\u00edv hat\u00f3anyagokkal seg\u00edt elt\u00e1vol\u00edtani a makacs foltokat, k\u00edm\u00e9letesen, a sz\u00ednek \u00e9s az \u00e9rz\u00e9keny b\u0151r v\u00e9delm\u00e9vel.Illat- \u00e9s allerg\u00e9nmentes megold\u00e1s a tiszta, \u00e9l\u00e9nk ruh\u00e1k\u00e9rt.\" \/>\n<meta name=\"robots\" content=\"index, follow, max-snippet:-1, max-image-preview:large, max-video-preview:-1\" \/>\n<link rel=\"canonical\" href=\"https:\/\/herbow.eu\/sv\/product\/herbow-bambino-for-folkdrakter\/\" \/>\n<meta property=\"og:locale\" content=\"sv_SE\" \/>\n<meta property=\"og:type\" content=\"article\" \/>\n<meta property=\"og:title\" content=\"Herbow Bambino folttiszt\u00edt\u00f3 szines ruh\u00e1khoz 700g - Herbow | International\" \/>\n<meta property=\"og:description\" content=\"A Herbow Bambino Folttiszt\u00edt\u00f3 sz\u00ednes ruh\u00e1khoz term\u00e9szetes mos\u00f3di\u00f3-\u0151rlem\u00e9nnyel \u00e9s akt\u00edv hat\u00f3anyagokkal seg\u00edt elt\u00e1vol\u00edtani a makacs foltokat, k\u00edm\u00e9letesen, a sz\u00ednek \u00e9s az \u00e9rz\u00e9keny b\u0151r v\u00e9delm\u00e9vel.Illat- \u00e9s allerg\u00e9nmentes megold\u00e1s a tiszta, \u00e9l\u00e9nk ruh\u00e1k\u00e9rt.\" \/>\n<meta property=\"og:url\" content=\"https:\/\/herbow.eu\/sv\/product\/herbow-bambino-for-folkdrakter\/\" \/>\n<meta property=\"og:site_name\" content=\"Herbow | International\" \/>\n<meta property=\"article:publisher\" content=\"https:\/\/www.facebook.com\/herbowmosodioslabda\/\" \/>\n<meta property=\"article:modified_time\" content=\"2026-03-17T09:58:02+00:00\" \/>\n<meta property=\"og:image\" content=\"https:\/\/herbow.eu\/wp-content\/uploads\/2025\/08\/Herbow-Bambino_folttisztito_nyomdai_290x100mm_v4_redesign_szines.png\" \/>\n\t<meta property=\"og:image:width\" content=\"2000\" \/>\n\t<meta property=\"og:image:height\" content=\"2000\" \/>\n\t<meta property=\"og:image:type\" content=\"image\/png\" \/>\n<meta name=\"twitter:card\" content=\"summary_large_image\" \/>\n<meta name=\"twitter:label1\" content=\"Ber\u00e4knad l\u00e4stid\" \/>\n\t<meta name=\"twitter:data1\" content=\"1 minut\" \/>\n<script type=\"application\/ld+json\" class=\"yoast-schema-graph\">{\"@context\":\"https:\\\/\\\/schema.org\",\"@graph\":[{\"@type\":\"WebPage\",\"@id\":\"https:\\\/\\\/herbow.eu\\\/product\\\/herbow-bambino-folttisztito-szines-ruhakhoz\\\/\",\"url\":\"https:\\\/\\\/herbow.eu\\\/product\\\/herbow-bambino-folttisztito-szines-ruhakhoz\\\/\",\"name\":\"Herbow Bambino folttiszt\u00edt\u00f3 szines ruh\u00e1khoz 700g - Herbow | International\",\"isPartOf\":{\"@id\":\"https:\\\/\\\/herbow.eu\\\/#website\"},\"primaryImageOfPage\":{\"@id\":\"https:\\\/\\\/herbow.eu\\\/product\\\/herbow-bambino-folttisztito-szines-ruhakhoz\\\/#primaryimage\"},\"image\":{\"@id\":\"https:\\\/\\\/herbow.eu\\\/product\\\/herbow-bambino-folttisztito-szines-ruhakhoz\\\/#primaryimage\"},\"thumbnailUrl\":\"https:\\\/\\\/herbow.eu\\\/wp-content\\\/uploads\\\/2025\\\/08\\\/Herbow-Bambino_folttisztito_nyomdai_290x100mm_v4_redesign_szines.png\",\"datePublished\":\"2025-08-18T09:05:59+00:00\",\"dateModified\":\"2026-03-17T09:58:02+00:00\",\"description\":\"A Herbow Bambino Folttiszt\u00edt\u00f3 sz\u00ednes ruh\u00e1khoz term\u00e9szetes mos\u00f3di\u00f3-\u0151rlem\u00e9nnyel \u00e9s akt\u00edv hat\u00f3anyagokkal seg\u00edt elt\u00e1vol\u00edtani a makacs foltokat, k\u00edm\u00e9letesen, a sz\u00ednek \u00e9s az \u00e9rz\u00e9keny b\u0151r v\u00e9delm\u00e9vel.Illat- \u00e9s allerg\u00e9nmentes megold\u00e1s a tiszta, \u00e9l\u00e9nk ruh\u00e1k\u00e9rt.\",\"breadcrumb\":{\"@id\":\"https:\\\/\\\/herbow.eu\\\/product\\\/herbow-bambino-folttisztito-szines-ruhakhoz\\\/#breadcrumb\"},\"inLanguage\":\"sv-SE\",\"potentialAction\":[{\"@type\":\"ReadAction\",\"target\":[\"https:\\\/\\\/herbow.eu\\\/product\\\/herbow-bambino-folttisztito-szines-ruhakhoz\\\/\"]}]},{\"@type\":\"ImageObject\",\"inLanguage\":\"sv-SE\",\"@id\":\"https:\\\/\\\/herbow.eu\\\/product\\\/herbow-bambino-folttisztito-szines-ruhakhoz\\\/#primaryimage\",\"url\":\"https:\\\/\\\/herbow.eu\\\/wp-content\\\/uploads\\\/2025\\\/08\\\/Herbow-Bambino_folttisztito_nyomdai_290x100mm_v4_redesign_szines.png\",\"contentUrl\":\"https:\\\/\\\/herbow.eu\\\/wp-content\\\/uploads\\\/2025\\\/08\\\/Herbow-Bambino_folttisztito_nyomdai_290x100mm_v4_redesign_szines.png\",\"width\":2000,\"height\":2000},{\"@type\":\"BreadcrumbList\",\"@id\":\"https:\\\/\\\/herbow.eu\\\/product\\\/herbow-bambino-folttisztito-szines-ruhakhoz\\\/#breadcrumb\",\"itemListElement\":[{\"@type\":\"ListItem\",\"position\":1,\"name\":\"Kezd\u0151lap\",\"item\":\"https:\\\/\\\/herbow.eu\\\/\"},{\"@type\":\"ListItem\",\"position\":2,\"name\":\"Shop\",\"item\":\"https:\\\/\\\/herbow.eu\\\/shop\\\/\"},{\"@type\":\"ListItem\",\"position\":3,\"name\":\"Herbow Bambino folttiszt\u00edt\u00f3 szines ruh\u00e1khoz 700g\"}]},{\"@type\":\"WebSite\",\"@id\":\"https:\\\/\\\/herbow.eu\\\/#website\",\"url\":\"https:\\\/\\\/herbow.eu\\\/\",\"name\":\"Herbow | Herbal Organic World\",\"description\":\"Herbal Organic World\",\"publisher\":{\"@id\":\"https:\\\/\\\/herbow.eu\\\/#organization\"},\"potentialAction\":[{\"@type\":\"SearchAction\",\"target\":{\"@type\":\"EntryPoint\",\"urlTemplate\":\"https:\\\/\\\/herbow.eu\\\/?s={search_term_string}\"},\"query-input\":{\"@type\":\"PropertyValueSpecification\",\"valueRequired\":true,\"valueName\":\"search_term_string\"}}],\"inLanguage\":\"sv-SE\"},{\"@type\":\"Organization\",\"@id\":\"https:\\\/\\\/herbow.eu\\\/#organization\",\"name\":\"Herbow International Zrt.\",\"url\":\"https:\\\/\\\/herbow.eu\\\/\",\"logo\":{\"@type\":\"ImageObject\",\"inLanguage\":\"sv-SE\",\"@id\":\"https:\\\/\\\/herbow.eu\\\/#\\\/schema\\\/logo\\\/image\\\/\",\"url\":\"https:\\\/\\\/herbow.eu\\\/wp-content\\\/uploads\\\/2025\\\/07\\\/herbow_logo_hun_2021-01_w-slogan_no-background.png\",\"contentUrl\":\"https:\\\/\\\/herbow.eu\\\/wp-content\\\/uploads\\\/2025\\\/07\\\/herbow_logo_hun_2021-01_w-slogan_no-background.png\",\"width\":2366,\"height\":1732,\"caption\":\"Herbow International Zrt.\"},\"image\":{\"@id\":\"https:\\\/\\\/herbow.eu\\\/#\\\/schema\\\/logo\\\/image\\\/\"},\"sameAs\":[\"https:\\\/\\\/www.facebook.com\\\/herbowmosodioslabda\\\/\",\"https:\\\/\\\/www.instagram.com\\\/herbowmosodioslabda\\\/\"]}]}<\/script>\n<!-- \/ Yoast SEO plugin. -->","yoast_head_json":{"title":"Herbow Bambino fl\u00e4ckreng\u00f6ringsmedel f\u00f6r f\u00e4rgade kl\u00e4der 700 g - Herbow | International","description":"Herbow Bambino Colour Cleaner f\u00f6r f\u00e4rgade kl\u00e4der med naturlig washi-olja och aktiva ingredienser hj\u00e4lper till att ta bort envisa fl\u00e4ckar f\u00f6rsiktigt och skyddar f\u00e4rger och k\u00e4nslig hud. Doft- och allergenfri l\u00f6sning f\u00f6r rena, levande kl\u00e4der.","robots":{"index":"index","follow":"follow","max-snippet":"max-snippet:-1","max-image-preview":"max-image-preview:large","max-video-preview":"max-video-preview:-1"},"canonical":"https:\/\/herbow.eu\/sv\/product\/herbow-bambino-for-folkdrakter\/","og_locale":"sv_SE","og_type":"article","og_title":"Herbow Bambino folttiszt\u00edt\u00f3 szines ruh\u00e1khoz 700g - Herbow | International","og_description":"A Herbow Bambino Folttiszt\u00edt\u00f3 sz\u00ednes ruh\u00e1khoz term\u00e9szetes mos\u00f3di\u00f3-\u0151rlem\u00e9nnyel \u00e9s akt\u00edv hat\u00f3anyagokkal seg\u00edt elt\u00e1vol\u00edtani a makacs foltokat, k\u00edm\u00e9letesen, a sz\u00ednek \u00e9s az \u00e9rz\u00e9keny b\u0151r v\u00e9delm\u00e9vel.Illat- \u00e9s allerg\u00e9nmentes megold\u00e1s a tiszta, \u00e9l\u00e9nk ruh\u00e1k\u00e9rt.","og_url":"https:\/\/herbow.eu\/sv\/product\/herbow-bambino-for-folkdrakter\/","og_site_name":"Herbow | International","article_publisher":"https:\/\/www.facebook.com\/herbowmosodioslabda\/","article_modified_time":"2026-03-17T09:58:02+00:00","og_image":[{"width":2000,"height":2000,"url":"https:\/\/herbow.eu\/wp-content\/uploads\/2025\/08\/Herbow-Bambino_folttisztito_nyomdai_290x100mm_v4_redesign_szines.png","type":"image\/png"}],"twitter_card":"summary_large_image","twitter_misc":{"Ber\u00e4knad l\u00e4stid":"1 minut"},"schema":{"@context":"https:\/\/schema.org","@graph":[{"@type":"WebPage","@id":"https:\/\/herbow.eu\/product\/herbow-bambino-folttisztito-szines-ruhakhoz\/","url":"https:\/\/herbow.eu\/product\/herbow-bambino-folttisztito-szines-ruhakhoz\/","name":"Herbow Bambino fl\u00e4ckreng\u00f6ringsmedel f\u00f6r f\u00e4rgade kl\u00e4der 700 g - Herbow | International","isPartOf":{"@id":"https:\/\/herbow.eu\/#website"},"primaryImageOfPage":{"@id":"https:\/\/herbow.eu\/product\/herbow-bambino-folttisztito-szines-ruhakhoz\/#primaryimage"},"image":{"@id":"https:\/\/herbow.eu\/product\/herbow-bambino-folttisztito-szines-ruhakhoz\/#primaryimage"},"thumbnailUrl":"https:\/\/herbow.eu\/wp-content\/uploads\/2025\/08\/Herbow-Bambino_folttisztito_nyomdai_290x100mm_v4_redesign_szines.png","datePublished":"2025-08-18T09:05:59+00:00","dateModified":"2026-03-17T09:58:02+00:00","description":"Herbow Bambino Colour Cleaner f\u00f6r f\u00e4rgade kl\u00e4der med naturlig washi-olja och aktiva ingredienser hj\u00e4lper till att ta bort envisa fl\u00e4ckar f\u00f6rsiktigt och skyddar f\u00e4rger och k\u00e4nslig hud. Doft- och allergenfri l\u00f6sning f\u00f6r rena, levande kl\u00e4der.","breadcrumb":{"@id":"https:\/\/herbow.eu\/product\/herbow-bambino-folttisztito-szines-ruhakhoz\/#breadcrumb"},"inLanguage":"sv-SE","potentialAction":[{"@type":"ReadAction","target":["https:\/\/herbow.eu\/product\/herbow-bambino-folttisztito-szines-ruhakhoz\/"]}]},{"@type":"ImageObject","inLanguage":"sv-SE","@id":"https:\/\/herbow.eu\/product\/herbow-bambino-folttisztito-szines-ruhakhoz\/#primaryimage","url":"https:\/\/herbow.eu\/wp-content\/uploads\/2025\/08\/Herbow-Bambino_folttisztito_nyomdai_290x100mm_v4_redesign_szines.png","contentUrl":"https:\/\/herbow.eu\/wp-content\/uploads\/2025\/08\/Herbow-Bambino_folttisztito_nyomdai_290x100mm_v4_redesign_szines.png","width":2000,"height":2000},{"@type":"BreadcrumbList","@id":"https:\/\/herbow.eu\/product\/herbow-bambino-folttisztito-szines-ruhakhoz\/#breadcrumb","itemListElement":[{"@type":"ListItem","position":1,"name":"Kezd\u0151lap","item":"https:\/\/herbow.eu\/"},{"@type":"ListItem","position":2,"name":"Shop","item":"https:\/\/herbow.eu\/shop\/"},{"@type":"ListItem","position":3,"name":"Herbow Bambino folttiszt\u00edt\u00f3 szines ruh\u00e1khoz 700g"}]},{"@type":"WebSite","@id":"https:\/\/herbow.eu\/#website","url":"https:\/\/herbow.eu\/","name":"Herbow | Herbal Organic World","description":"Herbal Organic World","publisher":{"@id":"https:\/\/herbow.eu\/#organization"},"potentialAction":[{"@type":"SearchAction","target":{"@type":"EntryPoint","urlTemplate":"https:\/\/herbow.eu\/?s={search_term_string}"},"query-input":{"@type":"PropertyValueSpecification","valueRequired":true,"valueName":"search_term_string"}}],"inLanguage":"sv-SE"},{"@type":"Organization","@id":"https:\/\/herbow.eu\/#organization","name":"Herbow International Zrt.","url":"https:\/\/herbow.eu\/","logo":{"@type":"ImageObject","inLanguage":"sv-SE","@id":"https:\/\/herbow.eu\/#\/schema\/logo\/image\/","url":"https:\/\/herbow.eu\/wp-content\/uploads\/2025\/07\/herbow_logo_hun_2021-01_w-slogan_no-background.png","contentUrl":"https:\/\/herbow.eu\/wp-content\/uploads\/2025\/07\/herbow_logo_hun_2021-01_w-slogan_no-background.png","width":2366,"height":1732,"caption":"Herbow International Zrt."},"image":{"@id":"https:\/\/herbow.eu\/#\/schema\/logo\/image\/"},"sameAs":["https:\/\/www.facebook.com\/herbowmosodioslabda\/","https:\/\/www.instagram.com\/herbowmosodioslabda\/"]}]}},"jetpack_likes_enabled":true,"jetpack_sharing_enabled":true,"_links":{"self":[{"href":"https:\/\/herbow.eu\/sv\/wp-json\/wp\/v2\/product\/1038","targetHints":{"allow":["GET"]}}],"collection":[{"href":"https:\/\/herbow.eu\/sv\/wp-json\/wp\/v2\/product"}],"about":[{"href":"https:\/\/herbow.eu\/sv\/wp-json\/wp\/v2\/types\/product"}],"replies":[{"embeddable":true,"href":"https:\/\/herbow.eu\/sv\/wp-json\/wp\/v2\/comments?post=1038"}],"wp:featuredmedia":[{"embeddable":true,"href":"https:\/\/herbow.eu\/sv\/wp-json\/wp\/v2\/media\/898"}],"wp:attachment":[{"href":"https:\/\/herbow.eu\/sv\/wp-json\/wp\/v2\/media?parent=1038"}],"wp:term":[{"taxonomy":"product_brand","embeddable":true,"href":"https:\/\/herbow.eu\/sv\/wp-json\/wp\/v2\/product_brand?post=1038"},{"taxonomy":"product_cat","embeddable":true,"href":"https:\/\/herbow.eu\/sv\/wp-json\/wp\/v2\/product_cat?post=1038"},{"taxonomy":"product_tag","embeddable":true,"href":"https:\/\/herbow.eu\/sv\/wp-json\/wp\/v2\/product_tag?post=1038"}],"curies":[{"name":"wp","href":"https:\/\/api.w.org\/{rel}","templated":true}]}}