{"id":1035,"date":"2025-08-18T11:05:58","date_gmt":"2025-08-18T09:05:58","guid":{"rendered":"https:\/\/herbow.eu\/product\/herbow-bambino-2in1-mosoparfum-oblito-koncentratum-gyumolcsos-kert\/"},"modified":"2026-03-17T10:58:09","modified_gmt":"2026-03-17T09:58:09","slug":"herbow-bambino-2in1-mosoparfum-oblito-concentratum-med-kryddnejlika-tradgard","status":"publish","type":"product","link":"https:\/\/herbow.eu\/sv\/product\/herbow-bambino-2in1-mosoparfum-oblito-koncentratum-gyumolcsos-kert\/","title":{"rendered":"Herbow Bambino 2in1 Tv\u00e4tt Parfym Sk\u00f6lj Koncentrat Fruity Garden 200 ml"},"content":{"rendered":"<p>Herbow Bambino 2in1 Wash Perfume Rinse Concentrate med doften Fruity Garden kombinerar den naturliga v\u00e5rdens mildhet med upplevelsen av l\u00e5ngvarig fr\u00e4sch\u00f6r. Formulan \u00e4r s\u00e4ker f\u00f6r sp\u00e4dbarn, barn och vuxna med k\u00e4nslig och allergiben\u00e4gen hud och inneh\u00e5ller v\u00e4xtbaserade ingredienser som \u00e4r biologiskt nedbrytbara, skonsamma mot huden och mjukg\u00f6r tyget. De naturidentiska eteriska oljorna omsluter f\u00f6rsiktigt tygerna och l\u00e4mnar en l\u00e5ngvarig, naturlig doft, \u201eOrchard\u201d-doften \u00e4r p\u00e5 samma g\u00e5ng frisk, solig och glad, som om luften i en doftande sommartr\u00e4dg\u00e5rd sveper genom kl\u00e4derna. Sk\u00f6ljmedlet Herbow Bambino doftar inte bara utan mjukg\u00f6r och v\u00e5rdar ocks\u00e5 tygerna, s\u00e5 att de k\u00e4nns mjuka och lena efter varje tv\u00e4tt, utan anv\u00e4ndning av syntetiska sk\u00f6ljmedel. 200 ml r\u00e4cker till upp till 40 tv\u00e4ttar, vilket g\u00f6r det extremt ekonomiskt och milj\u00f6v\u00e4nligt.<\/p>\n<p>Anv\u00e4ndning:H\u00e4ll ca 5 ml (en halv kapsyl) i sk\u00f6ljfacket i tv\u00e4ttmaskinen. H\u00e4ll inte direkt p\u00e5 tv\u00e4tten. Skaka f\u00f6re anv\u00e4ndning.<\/p>\n<p>F\u00f6r b\u00e4sta resultat, anv\u00e4nd i kombination med Herbow Bambino flytande tv\u00e4ttmedel.<\/p>","protected":false},"excerpt":{"rendered":"<p>A <strong>Herbow Bambino 2in1 Tv\u00e4tt Parfym Sk\u00f6lj<\/strong> concentrate \u00e4r speciellt framtagen f\u00f6r att v\u00e5rda kl\u00e4derna hos sp\u00e4dbarn och barn med k\u00e4nslig hud. Tack vare de naturliga v\u00e5rdande ingredienserna blir textilierna mjuka och fr\u00e4scha att ta p\u00e5, medan den fruktiga doften ger gl\u00e4dje och l\u00e4tthet i vardagen.<\/p>\n<p>F\u00f6rpackningsstorlek: 200ml<\/p>","protected":false},"featured_media":899,"comment_status":"open","ping_status":"closed","template":"","meta":[],"product_brand":[1397],"product_cat":[1408],"product_tag":[1534,1535,1431,1546,1527,1517,1531,1521,1540,1529,1518,1522,1515,1516,1514,1513,1523,1524,1519,1532,1542,1550,1548,1409,1533,1512,1549,1430,1506,1552,1520,1551,1504,1537,1541,1502,1547,1530,1544,1441,1499,1525,1543,1508,1538,1509,1526,1545,1445,1539,1536,1528],"class_list":{"0":"post-1035","1":"product","2":"type-product","3":"status-publish","4":"has-post-thumbnail","6":"product_brand-herbow","7":"product_cat-herbow-baby-bambino-termekcsalad","8":"product_tag-2in1-mosoparfum","9":"product_tag-2in1-textilfrissito","10":"product_tag-allergenmentes","11":"product_tag-allergenmentes-illat-ha-szukseges","12":"product_tag-allatkiserletmentes","13":"product_tag-erzekeny-borre","14":"product_tag-erzekeny-textiliakhoz","15":"product_tag-oko-haztartas","16":"product_tag-oko-textilapolas","17":"product_tag-okocimkes-termek","18":"product_tag-ujszulott-borere","19":"product_tag-bababarat-tisztitas","20":"product_tag-babamosas","21":"product_tag-babaruhakhoz","22":"product_tag-babatermek","23":"product_tag-bambino","24":"product_tag-biztonsagos-osszetevok","25":"product_tag-borbarat-formula","26":"product_tag-dermatologiailag-tesztelt","27":"product_tag-feher-es-szines-ruhakhoz","28":"product_tag-friss-ruhak","29":"product_tag-gardrob-frissito","30":"product_tag-gazdasagos-hasznalat","31":"product_tag-herbow","32":"product_tag-herbow-2in1","33":"product_tag-herbow-bambino","34":"product_tag-herbtech-formula","35":"product_tag-hipoallergen","36":"product_tag-hosszan-tarto-illat","37":"product_tag-illatkapszula-hatas","38":"product_tag-illatmentes-termek","39":"product_tag-illatos-mosas","40":"product_tag-illatos-ruhak","41":"product_tag-illatosito-koncentratum","42":"product_tag-intenziv-illat","43":"product_tag-kornyezetbarat-mosas","44":"product_tag-koncentralt-formula","45":"product_tag-koncentratum","46":"product_tag-mindennapi-mosashoz","47":"product_tag-novenyi-alapu","48":"product_tag-novenyi-alapu-textilapolo","49":"product_tag-parabenmentes","50":"product_tag-puhabb-ruhak","51":"product_tag-ruhaillatosito","52":"product_tag-ruhaparfum","53":"product_tag-szines-es-feher-ruhakhoz","54":"product_tag-szinezekmentes","55":"product_tag-termeszetbarat-mosas","56":"product_tag-termeszetes-osszetevok","57":"product_tag-termeszetes-textilfrissito","58":"product_tag-textilfrissito-koncentratum","59":"product_tag-vegan","61":"first","62":"instock","63":"taxable","64":"shipping-taxable","65":"product-type-simple"},"yoast_head":"<!-- This site is optimized with the Yoast SEO plugin v27.4 - https:\/\/yoast.com\/product\/yoast-seo-wordpress\/ -->\n<title>Herbow Bambino 2in1 mos\u00f3parf\u00fcm \u00f6bl\u00edt\u0151 koncentr\u00e1tum gy\u00fcm\u00f6lcs\u00f6s kert 200 ml - Herbow | International<\/title>\n<meta name=\"description\" content=\"A Herbow Bambino 2in1 Mos\u00f3parf\u00fcm\u2013\u00d6bl\u00edt\u0151 koncentr\u00e1tum kifejezetten az \u00e9rz\u00e9keny b\u0151r\u0171 bab\u00e1k \u00e9s gyermekek ruh\u00e1inak \u00e1pol\u00e1s\u00e1ra k\u00e9sz\u00fclt. A term\u00e9szetes \u00e1pol\u00f3 \u00f6sszetev\u0151knek k\u00f6sz\u00f6nhet\u0151en a text\u00edli\u00e1k puh\u00e1k \u00e9s friss tapint\u00e1s\u00faak lesznek, mik\u00f6zben a gy\u00fcm\u00f6lcs\u00f6s illat vid\u00e1ms\u00e1got \u00e9s k\u00f6nnyeds\u00e9get visz a mindennapokba.\" \/>\n<meta name=\"robots\" content=\"index, follow, max-snippet:-1, max-image-preview:large, max-video-preview:-1\" \/>\n<link rel=\"canonical\" href=\"https:\/\/herbow.eu\/sv\/product\/herbow-bambino-2in1-mosoparfum-oblito-concentratum-med-kryddnejlika-tradgard\/\" \/>\n<meta property=\"og:locale\" content=\"sv_SE\" \/>\n<meta property=\"og:type\" content=\"article\" \/>\n<meta property=\"og:title\" content=\"Herbow Bambino 2in1 mos\u00f3parf\u00fcm \u00f6bl\u00edt\u0151 koncentr\u00e1tum gy\u00fcm\u00f6lcs\u00f6s kert 200 ml - Herbow | International\" \/>\n<meta property=\"og:description\" content=\"A Herbow Bambino 2in1 Mos\u00f3parf\u00fcm\u2013\u00d6bl\u00edt\u0151 koncentr\u00e1tum kifejezetten az \u00e9rz\u00e9keny b\u0151r\u0171 bab\u00e1k \u00e9s gyermekek ruh\u00e1inak \u00e1pol\u00e1s\u00e1ra k\u00e9sz\u00fclt. A term\u00e9szetes \u00e1pol\u00f3 \u00f6sszetev\u0151knek k\u00f6sz\u00f6nhet\u0151en a text\u00edli\u00e1k puh\u00e1k \u00e9s friss tapint\u00e1s\u00faak lesznek, mik\u00f6zben a gy\u00fcm\u00f6lcs\u00f6s illat vid\u00e1ms\u00e1got \u00e9s k\u00f6nnyeds\u00e9get visz a mindennapokba.\" \/>\n<meta property=\"og:url\" content=\"https:\/\/herbow.eu\/sv\/product\/herbow-bambino-2in1-mosoparfum-oblito-concentratum-med-kryddnejlika-tradgard\/\" \/>\n<meta property=\"og:site_name\" content=\"Herbow | International\" \/>\n<meta property=\"article:publisher\" content=\"https:\/\/www.facebook.com\/herbowmosodioslabda\/\" \/>\n<meta property=\"article:modified_time\" content=\"2026-03-17T09:58:09+00:00\" \/>\n<meta property=\"og:image\" content=\"https:\/\/herbow.eu\/wp-content\/uploads\/2025\/08\/Herbow-bambino_parfum_2in1_200ml_redesign_front_v2_144x110mm_malna_PETA.png\" \/>\n\t<meta property=\"og:image:width\" content=\"2000\" \/>\n\t<meta property=\"og:image:height\" content=\"2000\" \/>\n\t<meta property=\"og:image:type\" content=\"image\/png\" \/>\n<meta name=\"twitter:card\" content=\"summary_large_image\" \/>\n<meta name=\"twitter:label1\" content=\"Ber\u00e4knad l\u00e4stid\" \/>\n\t<meta name=\"twitter:data1\" content=\"1 minut\" \/>\n<script type=\"application\/ld+json\" class=\"yoast-schema-graph\">{\"@context\":\"https:\\\/\\\/schema.org\",\"@graph\":[{\"@type\":\"WebPage\",\"@id\":\"https:\\\/\\\/herbow.eu\\\/product\\\/herbow-bambino-2in1-mosoparfum-oblito-koncentratum-gyumolcsos-kert\\\/\",\"url\":\"https:\\\/\\\/herbow.eu\\\/product\\\/herbow-bambino-2in1-mosoparfum-oblito-koncentratum-gyumolcsos-kert\\\/\",\"name\":\"Herbow Bambino 2in1 mos\u00f3parf\u00fcm \u00f6bl\u00edt\u0151 koncentr\u00e1tum gy\u00fcm\u00f6lcs\u00f6s kert 200 ml - Herbow | International\",\"isPartOf\":{\"@id\":\"https:\\\/\\\/herbow.eu\\\/#website\"},\"primaryImageOfPage\":{\"@id\":\"https:\\\/\\\/herbow.eu\\\/product\\\/herbow-bambino-2in1-mosoparfum-oblito-koncentratum-gyumolcsos-kert\\\/#primaryimage\"},\"image\":{\"@id\":\"https:\\\/\\\/herbow.eu\\\/product\\\/herbow-bambino-2in1-mosoparfum-oblito-koncentratum-gyumolcsos-kert\\\/#primaryimage\"},\"thumbnailUrl\":\"https:\\\/\\\/herbow.eu\\\/wp-content\\\/uploads\\\/2025\\\/08\\\/Herbow-bambino_parfum_2in1_200ml_redesign_front_v2_144x110mm_malna_PETA.png\",\"datePublished\":\"2025-08-18T09:05:58+00:00\",\"dateModified\":\"2026-03-17T09:58:09+00:00\",\"description\":\"A Herbow Bambino 2in1 Mos\u00f3parf\u00fcm\u2013\u00d6bl\u00edt\u0151 koncentr\u00e1tum kifejezetten az \u00e9rz\u00e9keny b\u0151r\u0171 bab\u00e1k \u00e9s gyermekek ruh\u00e1inak \u00e1pol\u00e1s\u00e1ra k\u00e9sz\u00fclt. A term\u00e9szetes \u00e1pol\u00f3 \u00f6sszetev\u0151knek k\u00f6sz\u00f6nhet\u0151en a text\u00edli\u00e1k puh\u00e1k \u00e9s friss tapint\u00e1s\u00faak lesznek, mik\u00f6zben a gy\u00fcm\u00f6lcs\u00f6s illat vid\u00e1ms\u00e1got \u00e9s k\u00f6nnyeds\u00e9get visz a mindennapokba.\",\"breadcrumb\":{\"@id\":\"https:\\\/\\\/herbow.eu\\\/product\\\/herbow-bambino-2in1-mosoparfum-oblito-koncentratum-gyumolcsos-kert\\\/#breadcrumb\"},\"inLanguage\":\"sv-SE\",\"potentialAction\":[{\"@type\":\"ReadAction\",\"target\":[\"https:\\\/\\\/herbow.eu\\\/product\\\/herbow-bambino-2in1-mosoparfum-oblito-koncentratum-gyumolcsos-kert\\\/\"]}]},{\"@type\":\"ImageObject\",\"inLanguage\":\"sv-SE\",\"@id\":\"https:\\\/\\\/herbow.eu\\\/product\\\/herbow-bambino-2in1-mosoparfum-oblito-koncentratum-gyumolcsos-kert\\\/#primaryimage\",\"url\":\"https:\\\/\\\/herbow.eu\\\/wp-content\\\/uploads\\\/2025\\\/08\\\/Herbow-bambino_parfum_2in1_200ml_redesign_front_v2_144x110mm_malna_PETA.png\",\"contentUrl\":\"https:\\\/\\\/herbow.eu\\\/wp-content\\\/uploads\\\/2025\\\/08\\\/Herbow-bambino_parfum_2in1_200ml_redesign_front_v2_144x110mm_malna_PETA.png\",\"width\":2000,\"height\":2000},{\"@type\":\"BreadcrumbList\",\"@id\":\"https:\\\/\\\/herbow.eu\\\/product\\\/herbow-bambino-2in1-mosoparfum-oblito-koncentratum-gyumolcsos-kert\\\/#breadcrumb\",\"itemListElement\":[{\"@type\":\"ListItem\",\"position\":1,\"name\":\"Kezd\u0151lap\",\"item\":\"https:\\\/\\\/herbow.eu\\\/\"},{\"@type\":\"ListItem\",\"position\":2,\"name\":\"Shop\",\"item\":\"https:\\\/\\\/herbow.eu\\\/shop\\\/\"},{\"@type\":\"ListItem\",\"position\":3,\"name\":\"Herbow Bambino 2in1 mos\u00f3parf\u00fcm \u00f6bl\u00edt\u0151 koncentr\u00e1tum gy\u00fcm\u00f6lcs\u00f6s kert 200 ml\"}]},{\"@type\":\"WebSite\",\"@id\":\"https:\\\/\\\/herbow.eu\\\/#website\",\"url\":\"https:\\\/\\\/herbow.eu\\\/\",\"name\":\"Herbow | Herbal Organic World\",\"description\":\"Herbal Organic World\",\"publisher\":{\"@id\":\"https:\\\/\\\/herbow.eu\\\/#organization\"},\"potentialAction\":[{\"@type\":\"SearchAction\",\"target\":{\"@type\":\"EntryPoint\",\"urlTemplate\":\"https:\\\/\\\/herbow.eu\\\/?s={search_term_string}\"},\"query-input\":{\"@type\":\"PropertyValueSpecification\",\"valueRequired\":true,\"valueName\":\"search_term_string\"}}],\"inLanguage\":\"sv-SE\"},{\"@type\":\"Organization\",\"@id\":\"https:\\\/\\\/herbow.eu\\\/#organization\",\"name\":\"Herbow International Zrt.\",\"url\":\"https:\\\/\\\/herbow.eu\\\/\",\"logo\":{\"@type\":\"ImageObject\",\"inLanguage\":\"sv-SE\",\"@id\":\"https:\\\/\\\/herbow.eu\\\/#\\\/schema\\\/logo\\\/image\\\/\",\"url\":\"https:\\\/\\\/herbow.eu\\\/wp-content\\\/uploads\\\/2025\\\/07\\\/herbow_logo_hun_2021-01_w-slogan_no-background.png\",\"contentUrl\":\"https:\\\/\\\/herbow.eu\\\/wp-content\\\/uploads\\\/2025\\\/07\\\/herbow_logo_hun_2021-01_w-slogan_no-background.png\",\"width\":2366,\"height\":1732,\"caption\":\"Herbow International Zrt.\"},\"image\":{\"@id\":\"https:\\\/\\\/herbow.eu\\\/#\\\/schema\\\/logo\\\/image\\\/\"},\"sameAs\":[\"https:\\\/\\\/www.facebook.com\\\/herbowmosodioslabda\\\/\",\"https:\\\/\\\/www.instagram.com\\\/herbowmosodioslabda\\\/\"]}]}<\/script>\n<!-- \/ Yoast SEO plugin. -->","yoast_head_json":{"title":"Herbow Bambino 2in1 Tv\u00e4tt- parfym- sk\u00f6ljkoncentrat Fruity Garden 200 ml - Herbow | International","description":"Herbow Bambino 2in1 Washing Perfume Rinse Concentrate \u00e4r speciellt framtagen f\u00f6r att ta hand om kl\u00e4derna hos sp\u00e4dbarn och barn med k\u00e4nslig hud. Tack vare de naturliga konditioneringsingredienserna blir tygerna mjuka och fr\u00e4scha vid ber\u00f6ring, medan den fruktiga doften ger gl\u00e4dje och l\u00e4tthet i vardagen.","robots":{"index":"index","follow":"follow","max-snippet":"max-snippet:-1","max-image-preview":"max-image-preview:large","max-video-preview":"max-video-preview:-1"},"canonical":"https:\/\/herbow.eu\/sv\/product\/herbow-bambino-2in1-mosoparfum-oblito-concentratum-med-kryddnejlika-tradgard\/","og_locale":"sv_SE","og_type":"article","og_title":"Herbow Bambino 2in1 mos\u00f3parf\u00fcm \u00f6bl\u00edt\u0151 koncentr\u00e1tum gy\u00fcm\u00f6lcs\u00f6s kert 200 ml - Herbow | International","og_description":"A Herbow Bambino 2in1 Mos\u00f3parf\u00fcm\u2013\u00d6bl\u00edt\u0151 koncentr\u00e1tum kifejezetten az \u00e9rz\u00e9keny b\u0151r\u0171 bab\u00e1k \u00e9s gyermekek ruh\u00e1inak \u00e1pol\u00e1s\u00e1ra k\u00e9sz\u00fclt. A term\u00e9szetes \u00e1pol\u00f3 \u00f6sszetev\u0151knek k\u00f6sz\u00f6nhet\u0151en a text\u00edli\u00e1k puh\u00e1k \u00e9s friss tapint\u00e1s\u00faak lesznek, mik\u00f6zben a gy\u00fcm\u00f6lcs\u00f6s illat vid\u00e1ms\u00e1got \u00e9s k\u00f6nnyeds\u00e9get visz a mindennapokba.","og_url":"https:\/\/herbow.eu\/sv\/product\/herbow-bambino-2in1-mosoparfum-oblito-concentratum-med-kryddnejlika-tradgard\/","og_site_name":"Herbow | International","article_publisher":"https:\/\/www.facebook.com\/herbowmosodioslabda\/","article_modified_time":"2026-03-17T09:58:09+00:00","og_image":[{"width":2000,"height":2000,"url":"https:\/\/herbow.eu\/wp-content\/uploads\/2025\/08\/Herbow-bambino_parfum_2in1_200ml_redesign_front_v2_144x110mm_malna_PETA.png","type":"image\/png"}],"twitter_card":"summary_large_image","twitter_misc":{"Ber\u00e4knad l\u00e4stid":"1 minut"},"schema":{"@context":"https:\/\/schema.org","@graph":[{"@type":"WebPage","@id":"https:\/\/herbow.eu\/product\/herbow-bambino-2in1-mosoparfum-oblito-koncentratum-gyumolcsos-kert\/","url":"https:\/\/herbow.eu\/product\/herbow-bambino-2in1-mosoparfum-oblito-koncentratum-gyumolcsos-kert\/","name":"Herbow Bambino 2in1 Tv\u00e4tt- parfym- sk\u00f6ljkoncentrat Fruity Garden 200 ml - Herbow | International","isPartOf":{"@id":"https:\/\/herbow.eu\/#website"},"primaryImageOfPage":{"@id":"https:\/\/herbow.eu\/product\/herbow-bambino-2in1-mosoparfum-oblito-koncentratum-gyumolcsos-kert\/#primaryimage"},"image":{"@id":"https:\/\/herbow.eu\/product\/herbow-bambino-2in1-mosoparfum-oblito-koncentratum-gyumolcsos-kert\/#primaryimage"},"thumbnailUrl":"https:\/\/herbow.eu\/wp-content\/uploads\/2025\/08\/Herbow-bambino_parfum_2in1_200ml_redesign_front_v2_144x110mm_malna_PETA.png","datePublished":"2025-08-18T09:05:58+00:00","dateModified":"2026-03-17T09:58:09+00:00","description":"Herbow Bambino 2in1 Washing Perfume Rinse Concentrate \u00e4r speciellt framtagen f\u00f6r att ta hand om kl\u00e4derna hos sp\u00e4dbarn och barn med k\u00e4nslig hud. Tack vare de naturliga konditioneringsingredienserna blir tygerna mjuka och fr\u00e4scha vid ber\u00f6ring, medan den fruktiga doften ger gl\u00e4dje och l\u00e4tthet i vardagen.","breadcrumb":{"@id":"https:\/\/herbow.eu\/product\/herbow-bambino-2in1-mosoparfum-oblito-koncentratum-gyumolcsos-kert\/#breadcrumb"},"inLanguage":"sv-SE","potentialAction":[{"@type":"ReadAction","target":["https:\/\/herbow.eu\/product\/herbow-bambino-2in1-mosoparfum-oblito-koncentratum-gyumolcsos-kert\/"]}]},{"@type":"ImageObject","inLanguage":"sv-SE","@id":"https:\/\/herbow.eu\/product\/herbow-bambino-2in1-mosoparfum-oblito-koncentratum-gyumolcsos-kert\/#primaryimage","url":"https:\/\/herbow.eu\/wp-content\/uploads\/2025\/08\/Herbow-bambino_parfum_2in1_200ml_redesign_front_v2_144x110mm_malna_PETA.png","contentUrl":"https:\/\/herbow.eu\/wp-content\/uploads\/2025\/08\/Herbow-bambino_parfum_2in1_200ml_redesign_front_v2_144x110mm_malna_PETA.png","width":2000,"height":2000},{"@type":"BreadcrumbList","@id":"https:\/\/herbow.eu\/product\/herbow-bambino-2in1-mosoparfum-oblito-koncentratum-gyumolcsos-kert\/#breadcrumb","itemListElement":[{"@type":"ListItem","position":1,"name":"Kezd\u0151lap","item":"https:\/\/herbow.eu\/"},{"@type":"ListItem","position":2,"name":"Shop","item":"https:\/\/herbow.eu\/shop\/"},{"@type":"ListItem","position":3,"name":"Herbow Bambino 2in1 mos\u00f3parf\u00fcm \u00f6bl\u00edt\u0151 koncentr\u00e1tum gy\u00fcm\u00f6lcs\u00f6s kert 200 ml"}]},{"@type":"WebSite","@id":"https:\/\/herbow.eu\/#website","url":"https:\/\/herbow.eu\/","name":"Herbow | Herbal Organic World","description":"Herbal Organic World","publisher":{"@id":"https:\/\/herbow.eu\/#organization"},"potentialAction":[{"@type":"SearchAction","target":{"@type":"EntryPoint","urlTemplate":"https:\/\/herbow.eu\/?s={search_term_string}"},"query-input":{"@type":"PropertyValueSpecification","valueRequired":true,"valueName":"search_term_string"}}],"inLanguage":"sv-SE"},{"@type":"Organization","@id":"https:\/\/herbow.eu\/#organization","name":"Herbow International Zrt.","url":"https:\/\/herbow.eu\/","logo":{"@type":"ImageObject","inLanguage":"sv-SE","@id":"https:\/\/herbow.eu\/#\/schema\/logo\/image\/","url":"https:\/\/herbow.eu\/wp-content\/uploads\/2025\/07\/herbow_logo_hun_2021-01_w-slogan_no-background.png","contentUrl":"https:\/\/herbow.eu\/wp-content\/uploads\/2025\/07\/herbow_logo_hun_2021-01_w-slogan_no-background.png","width":2366,"height":1732,"caption":"Herbow International Zrt."},"image":{"@id":"https:\/\/herbow.eu\/#\/schema\/logo\/image\/"},"sameAs":["https:\/\/www.facebook.com\/herbowmosodioslabda\/","https:\/\/www.instagram.com\/herbowmosodioslabda\/"]}]}},"jetpack_likes_enabled":true,"jetpack_sharing_enabled":true,"_links":{"self":[{"href":"https:\/\/herbow.eu\/sv\/wp-json\/wp\/v2\/product\/1035","targetHints":{"allow":["GET"]}}],"collection":[{"href":"https:\/\/herbow.eu\/sv\/wp-json\/wp\/v2\/product"}],"about":[{"href":"https:\/\/herbow.eu\/sv\/wp-json\/wp\/v2\/types\/product"}],"replies":[{"embeddable":true,"href":"https:\/\/herbow.eu\/sv\/wp-json\/wp\/v2\/comments?post=1035"}],"wp:featuredmedia":[{"embeddable":true,"href":"https:\/\/herbow.eu\/sv\/wp-json\/wp\/v2\/media\/899"}],"wp:attachment":[{"href":"https:\/\/herbow.eu\/sv\/wp-json\/wp\/v2\/media?parent=1035"}],"wp:term":[{"taxonomy":"product_brand","embeddable":true,"href":"https:\/\/herbow.eu\/sv\/wp-json\/wp\/v2\/product_brand?post=1035"},{"taxonomy":"product_cat","embeddable":true,"href":"https:\/\/herbow.eu\/sv\/wp-json\/wp\/v2\/product_cat?post=1035"},{"taxonomy":"product_tag","embeddable":true,"href":"https:\/\/herbow.eu\/sv\/wp-json\/wp\/v2\/product_tag?post=1035"}],"curies":[{"name":"wp","href":"https:\/\/api.w.org\/{rel}","templated":true}]}}