{"id":1033,"date":"2025-08-18T11:05:58","date_gmt":"2025-08-18T09:05:58","guid":{"rendered":"https:\/\/herbow.eu\/product\/herbow-ablak-tukor-es-uvegtisztito-probiotikus-spray-wipe-friss-szello-illattal\/"},"modified":"2026-03-17T10:58:06","modified_gmt":"2026-03-17T09:58:06","slug":"herbow-ablak-tukor-es-uvegtisztito-probiotikus-spray-wipe-friss-szello-illattal","status":"publish","type":"product","link":"https:\/\/herbow.eu\/sv\/product\/herbow-ablak-tukor-es-uvegtisztito-probiotikus-spray-wipe-friss-szello-illattal\/","title":{"rendered":"Herbow f\u00f6nster-, spegel- och glasreng\u00f6ring Probiotic Spray &amp; Wipe - Fresh Breeze 500 ml"},"content":{"rendered":"<p>A <strong>Herbow Probiotikus Ablak-, T\u00fck\u00f6r- \u00e9s \u00dcvegtiszt\u00edt\u00f3<\/strong> innovat\u00edv megold\u00e1s, amely a n\u00f6v\u00e9nyi eredet\u0171 tiszt\u00edt\u00f3hat\u00e1st a probiotikumok term\u00e9szetes erej\u00e9vel \u00f6tv\u00f6zi. Mik\u00f6zben a n\u00f6v\u00e9nyi \u00f6sszetev\u0151k gyorsan \u00e9s hat\u00e9konyan elt\u00e1vol\u00edtj\u00e1k a zs\u00edros lenyomatokat \u00e9s szennyez\u0151d\u00e9seket, a fel\u00fcleten megmarad\u00f3 j\u00f3t\u00e9kony mikroorganizmusok hossz\u00fa t\u00e1von is tiszt\u00e1n tartj\u00e1k a megtiszt\u00edtott fel\u00fcletet. Cs\u00edkmentes, f\u00e9nyes \u00e9s v\u00edzleperget\u0151 fel\u00fcletet hagy maga ut\u00e1n, amely g\u00e1tolja az \u00fajra szennyez\u0151d\u00e9st \u00e9s cs\u00f6kkenti a porlerak\u00f3d\u00e1st. Friss, term\u00e9szetes illata \u00fcde hangulatot k\u00f6lcs\u00f6n\u00f6z az otthonnak, mik\u00f6zben nem tartalmaz kl\u00f3rt, foszf\u00e1tot, foszfon\u00e1tot, amm\u00f3ni\u00e1t vagy EDTA-t. A Herbow probiotikus tiszt\u00edt\u00f3szerek EU \u00f6koc\u00edmk\u00e9s, n\u00f6v\u00e9nyi alap\u00fa hat\u00f3anyagokkal \u00e9s bakt\u00e9riumsp\u00f3r\u00e1k szinergikus kever\u00e9k\u00e9vel k\u00e9sz\u00fclnek, amelyek a tiszt\u00edt\u00e1s ut\u00e1n is folyamatosan dolgoznak a fel\u00fcletek mikrobiol\u00f3giai egyens\u00faly\u00e1nak fenntart\u00e1s\u00e1n.<\/p>\n<p>Anv\u00e4ndning:<\/p>\n<ul>\n<li>Permetezd k\u00f6zvetlen\u00fcl az \u00fcveg- vagy t\u00fck\u00f6rfel\u00fcletre, majd t\u00f6r\u00f6ld sz\u00e1razra mikrosz\u00e1las kend\u0151vel.<\/li>\n<li>Gyorsan sz\u00e1rad, \u00e9s nem hagy foltot vagy cs\u00edkot.<\/li>\n<\/ul>","protected":false},"excerpt":{"rendered":"<p>A <strong>Herbow F\u00f6nster-, spegel- och glasreng\u00f6ring<\/strong> avl\u00e4gsnar effektivt fettfl\u00e4ckar medan de nyttiga mikroorganismerna forts\u00e4tter att arbeta f\u00f6r att reng\u00f6ra ytor utan r\u00e4nder med en fr\u00e4sch doft.<\/p>\n<p>F\u00f6rpackning: 500ml<\/p>","protected":false},"featured_media":1141,"comment_status":"open","ping_status":"closed","template":"","meta":[],"product_brand":[1397],"product_cat":[1459],"product_tag":[1568,1431,1567,1555,1570,1559,1557,1572,1467,1564,1565,1571,1561,1409,1422,1573,1563,1562,1412,1558,1560,1554,1553,1574,1569,1556,1566],"class_list":{"0":"post-1033","1":"product","2":"type-product","3":"status-publish","4":"has-post-thumbnail","6":"product_brand-herbow","7":"product_cat-herbow-probiotikus-tisztitoszerek","8":"product_tag-aktiv-probiotikumok","9":"product_tag-allergenmentes","10":"product_tag-allatkiserlet-mentes","11":"product_tag-elo-probiotikumok","12":"product_tag-oko-haztartasi-tisztitoszer","13":"product_tag-oko-tisztitas","14":"product_tag-biofilm-eltavolitas","15":"product_tag-biofilm-bonto-technologia","16":"product_tag-biologiailag-lebomlo","17":"product_tag-biztonsagos-tisztitas","18":"product_tag-borbarat-tisztitoszer","19":"product_tag-egeszseges-otthon","20":"product_tag-fenntarthato-haztartas","21":"product_tag-herbow","22":"product_tag-herbow-probiotikus","23":"product_tag-herbtech-probiotikus","24":"product_tag-hosszan-tarto-frissesseg","25":"product_tag-illatmentes-opcio","26":"product_tag-kornyezetbarat-tisztitoszer","27":"product_tag-melytisztito-hatas","28":"product_tag-novenyi-alapu-tisztitoszer","29":"product_tag-probiotikus-formula","30":"product_tag-probiotikus-tisztitoszer","31":"product_tag-tartos-mikrobialis-vedelem","32":"product_tag-termeszetes-higienia","33":"product_tag-termeszetes-tisztitas","34":"product_tag-vegan-tisztitoszer","36":"first","37":"instock","38":"taxable","39":"shipping-taxable","40":"product-type-simple"},"yoast_head":"<!-- This site is optimized with the Yoast SEO plugin v27.4 - https:\/\/yoast.com\/product\/yoast-seo-wordpress\/ -->\n<title>Herbow Ablak-, t\u00fck\u00f6r- \u00e9s \u00fcvegtiszt\u00edt\u00f3 Probiotikus Spray &amp; Wipe - Friss szell\u0151 illattal 500 ml - Herbow | International<\/title>\n<meta name=\"description\" content=\"A Herbow Ablak-, T\u00fck\u00f6r- \u00e9s \u00dcvegtiszt\u00edt\u00f3 hat\u00e9konyan elt\u00e1vol\u00edtja a zs\u00edros lenyomatokat mik\u00f6zben j\u00f3t\u00e9kony mikroorganizmusai tov\u00e1bb dolgoznak a fel\u00fcletek tisztas\u00e1g\u00e1\u00e9rt cs\u00edkmentesen, friss illattal.\" \/>\n<meta name=\"robots\" content=\"index, follow, max-snippet:-1, max-image-preview:large, max-video-preview:-1\" \/>\n<link rel=\"canonical\" href=\"https:\/\/herbow.eu\/sv\/product\/herbow-ablak-tukor-es-uvegtisztito-probiotikus-spray-wipe-friss-szello-illattal\/\" \/>\n<meta property=\"og:locale\" content=\"sv_SE\" \/>\n<meta property=\"og:type\" content=\"article\" \/>\n<meta property=\"og:title\" content=\"Herbow Ablak-, t\u00fck\u00f6r- \u00e9s \u00fcvegtiszt\u00edt\u00f3 Probiotikus Spray &amp; Wipe - Friss szell\u0151 illattal 500 ml - Herbow | International\" \/>\n<meta property=\"og:description\" content=\"A Herbow Ablak-, T\u00fck\u00f6r- \u00e9s \u00dcvegtiszt\u00edt\u00f3 hat\u00e9konyan elt\u00e1vol\u00edtja a zs\u00edros lenyomatokat mik\u00f6zben j\u00f3t\u00e9kony mikroorganizmusai tov\u00e1bb dolgoznak a fel\u00fcletek tisztas\u00e1g\u00e1\u00e9rt cs\u00edkmentesen, friss illattal.\" \/>\n<meta property=\"og:url\" content=\"https:\/\/herbow.eu\/sv\/product\/herbow-ablak-tukor-es-uvegtisztito-probiotikus-spray-wipe-friss-szello-illattal\/\" \/>\n<meta property=\"og:site_name\" content=\"Herbow | International\" \/>\n<meta property=\"article:publisher\" content=\"https:\/\/www.facebook.com\/herbowmosodioslabda\/\" \/>\n<meta property=\"article:modified_time\" content=\"2026-03-17T09:58:06+00:00\" \/>\n<meta property=\"og:image\" content=\"https:\/\/herbow.eu\/wp-content\/uploads\/2025\/11\/Woo_base_2000x2000_16053_ablaktisztito_stancolt_500ml_v7_latvany.png\" \/>\n\t<meta property=\"og:image:width\" content=\"2000\" \/>\n\t<meta property=\"og:image:height\" content=\"2000\" \/>\n\t<meta property=\"og:image:type\" content=\"image\/png\" \/>\n<meta name=\"twitter:card\" content=\"summary_large_image\" \/>\n<meta name=\"twitter:label1\" content=\"Ber\u00e4knad l\u00e4stid\" \/>\n\t<meta name=\"twitter:data1\" content=\"1 minut\" \/>\n<script type=\"application\/ld+json\" class=\"yoast-schema-graph\">{\"@context\":\"https:\\\/\\\/schema.org\",\"@graph\":[{\"@type\":\"WebPage\",\"@id\":\"https:\\\/\\\/herbow.eu\\\/product\\\/herbow-ablak-tukor-es-uvegtisztito-probiotikus-spray-wipe-friss-szello-illattal\\\/\",\"url\":\"https:\\\/\\\/herbow.eu\\\/product\\\/herbow-ablak-tukor-es-uvegtisztito-probiotikus-spray-wipe-friss-szello-illattal\\\/\",\"name\":\"Herbow Ablak-, t\u00fck\u00f6r- \u00e9s \u00fcvegtiszt\u00edt\u00f3 Probiotikus Spray & Wipe - Friss szell\u0151 illattal 500 ml - Herbow | International\",\"isPartOf\":{\"@id\":\"https:\\\/\\\/herbow.eu\\\/#website\"},\"primaryImageOfPage\":{\"@id\":\"https:\\\/\\\/herbow.eu\\\/product\\\/herbow-ablak-tukor-es-uvegtisztito-probiotikus-spray-wipe-friss-szello-illattal\\\/#primaryimage\"},\"image\":{\"@id\":\"https:\\\/\\\/herbow.eu\\\/product\\\/herbow-ablak-tukor-es-uvegtisztito-probiotikus-spray-wipe-friss-szello-illattal\\\/#primaryimage\"},\"thumbnailUrl\":\"https:\\\/\\\/herbow.eu\\\/wp-content\\\/uploads\\\/2025\\\/11\\\/Woo_base_2000x2000_16053_ablaktisztito_stancolt_500ml_v7_latvany.png\",\"datePublished\":\"2025-08-18T09:05:58+00:00\",\"dateModified\":\"2026-03-17T09:58:06+00:00\",\"description\":\"A Herbow Ablak-, T\u00fck\u00f6r- \u00e9s \u00dcvegtiszt\u00edt\u00f3 hat\u00e9konyan elt\u00e1vol\u00edtja a zs\u00edros lenyomatokat mik\u00f6zben j\u00f3t\u00e9kony mikroorganizmusai tov\u00e1bb dolgoznak a fel\u00fcletek tisztas\u00e1g\u00e1\u00e9rt cs\u00edkmentesen, friss illattal.\",\"breadcrumb\":{\"@id\":\"https:\\\/\\\/herbow.eu\\\/product\\\/herbow-ablak-tukor-es-uvegtisztito-probiotikus-spray-wipe-friss-szello-illattal\\\/#breadcrumb\"},\"inLanguage\":\"sv-SE\",\"potentialAction\":[{\"@type\":\"ReadAction\",\"target\":[\"https:\\\/\\\/herbow.eu\\\/product\\\/herbow-ablak-tukor-es-uvegtisztito-probiotikus-spray-wipe-friss-szello-illattal\\\/\"]}]},{\"@type\":\"ImageObject\",\"inLanguage\":\"sv-SE\",\"@id\":\"https:\\\/\\\/herbow.eu\\\/product\\\/herbow-ablak-tukor-es-uvegtisztito-probiotikus-spray-wipe-friss-szello-illattal\\\/#primaryimage\",\"url\":\"https:\\\/\\\/herbow.eu\\\/wp-content\\\/uploads\\\/2025\\\/11\\\/Woo_base_2000x2000_16053_ablaktisztito_stancolt_500ml_v7_latvany.png\",\"contentUrl\":\"https:\\\/\\\/herbow.eu\\\/wp-content\\\/uploads\\\/2025\\\/11\\\/Woo_base_2000x2000_16053_ablaktisztito_stancolt_500ml_v7_latvany.png\",\"width\":2000,\"height\":2000},{\"@type\":\"BreadcrumbList\",\"@id\":\"https:\\\/\\\/herbow.eu\\\/product\\\/herbow-ablak-tukor-es-uvegtisztito-probiotikus-spray-wipe-friss-szello-illattal\\\/#breadcrumb\",\"itemListElement\":[{\"@type\":\"ListItem\",\"position\":1,\"name\":\"Kezd\u0151lap\",\"item\":\"https:\\\/\\\/herbow.eu\\\/\"},{\"@type\":\"ListItem\",\"position\":2,\"name\":\"Shop\",\"item\":\"https:\\\/\\\/herbow.eu\\\/shop\\\/\"},{\"@type\":\"ListItem\",\"position\":3,\"name\":\"Herbow Ablak-, t\u00fck\u00f6r- \u00e9s \u00fcvegtiszt\u00edt\u00f3 Probiotikus Spray &#038; Wipe &#8211; Friss szell\u0151 illattal 500 ml\"}]},{\"@type\":\"WebSite\",\"@id\":\"https:\\\/\\\/herbow.eu\\\/#website\",\"url\":\"https:\\\/\\\/herbow.eu\\\/\",\"name\":\"Herbow | Herbal Organic World\",\"description\":\"Herbal Organic World\",\"publisher\":{\"@id\":\"https:\\\/\\\/herbow.eu\\\/#organization\"},\"potentialAction\":[{\"@type\":\"SearchAction\",\"target\":{\"@type\":\"EntryPoint\",\"urlTemplate\":\"https:\\\/\\\/herbow.eu\\\/?s={search_term_string}\"},\"query-input\":{\"@type\":\"PropertyValueSpecification\",\"valueRequired\":true,\"valueName\":\"search_term_string\"}}],\"inLanguage\":\"sv-SE\"},{\"@type\":\"Organization\",\"@id\":\"https:\\\/\\\/herbow.eu\\\/#organization\",\"name\":\"Herbow International Zrt.\",\"url\":\"https:\\\/\\\/herbow.eu\\\/\",\"logo\":{\"@type\":\"ImageObject\",\"inLanguage\":\"sv-SE\",\"@id\":\"https:\\\/\\\/herbow.eu\\\/#\\\/schema\\\/logo\\\/image\\\/\",\"url\":\"https:\\\/\\\/herbow.eu\\\/wp-content\\\/uploads\\\/2025\\\/07\\\/herbow_logo_hun_2021-01_w-slogan_no-background.png\",\"contentUrl\":\"https:\\\/\\\/herbow.eu\\\/wp-content\\\/uploads\\\/2025\\\/07\\\/herbow_logo_hun_2021-01_w-slogan_no-background.png\",\"width\":2366,\"height\":1732,\"caption\":\"Herbow International Zrt.\"},\"image\":{\"@id\":\"https:\\\/\\\/herbow.eu\\\/#\\\/schema\\\/logo\\\/image\\\/\"},\"sameAs\":[\"https:\\\/\\\/www.facebook.com\\\/herbowmosodioslabda\\\/\",\"https:\\\/\\\/www.instagram.com\\\/herbowmosodioslabda\\\/\"]}]}<\/script>\n<!-- \/ Yoast SEO plugin. -->","yoast_head_json":{"title":"Herbow Ablak-, t\u00fck\u00f6r- \u00e9s \u00fcvegtiszt\u00edt\u00f3 Probiotikus Spray & Wipe - Friss szell\u0151 illattal 500 ml - Herbow | International","description":"A Herbow Ablak-, T\u00fck\u00f6r- \u00e9s \u00dcvegtiszt\u00edt\u00f3 hat\u00e9konyan elt\u00e1vol\u00edtja a zs\u00edros lenyomatokat mik\u00f6zben j\u00f3t\u00e9kony mikroorganizmusai tov\u00e1bb dolgoznak a fel\u00fcletek tisztas\u00e1g\u00e1\u00e9rt cs\u00edkmentesen, friss illattal.","robots":{"index":"index","follow":"follow","max-snippet":"max-snippet:-1","max-image-preview":"max-image-preview:large","max-video-preview":"max-video-preview:-1"},"canonical":"https:\/\/herbow.eu\/sv\/product\/herbow-ablak-tukor-es-uvegtisztito-probiotikus-spray-wipe-friss-szello-illattal\/","og_locale":"sv_SE","og_type":"article","og_title":"Herbow Ablak-, t\u00fck\u00f6r- \u00e9s \u00fcvegtiszt\u00edt\u00f3 Probiotikus Spray & Wipe - Friss szell\u0151 illattal 500 ml - Herbow | International","og_description":"A Herbow Ablak-, T\u00fck\u00f6r- \u00e9s \u00dcvegtiszt\u00edt\u00f3 hat\u00e9konyan elt\u00e1vol\u00edtja a zs\u00edros lenyomatokat mik\u00f6zben j\u00f3t\u00e9kony mikroorganizmusai tov\u00e1bb dolgoznak a fel\u00fcletek tisztas\u00e1g\u00e1\u00e9rt cs\u00edkmentesen, friss illattal.","og_url":"https:\/\/herbow.eu\/sv\/product\/herbow-ablak-tukor-es-uvegtisztito-probiotikus-spray-wipe-friss-szello-illattal\/","og_site_name":"Herbow | International","article_publisher":"https:\/\/www.facebook.com\/herbowmosodioslabda\/","article_modified_time":"2026-03-17T09:58:06+00:00","og_image":[{"width":2000,"height":2000,"url":"https:\/\/herbow.eu\/wp-content\/uploads\/2025\/11\/Woo_base_2000x2000_16053_ablaktisztito_stancolt_500ml_v7_latvany.png","type":"image\/png"}],"twitter_card":"summary_large_image","twitter_misc":{"Ber\u00e4knad l\u00e4stid":"1 minut"},"schema":{"@context":"https:\/\/schema.org","@graph":[{"@type":"WebPage","@id":"https:\/\/herbow.eu\/product\/herbow-ablak-tukor-es-uvegtisztito-probiotikus-spray-wipe-friss-szello-illattal\/","url":"https:\/\/herbow.eu\/product\/herbow-ablak-tukor-es-uvegtisztito-probiotikus-spray-wipe-friss-szello-illattal\/","name":"Herbow Ablak-, t\u00fck\u00f6r- \u00e9s \u00fcvegtiszt\u00edt\u00f3 Probiotikus Spray & Wipe - Friss szell\u0151 illattal 500 ml - Herbow | International","isPartOf":{"@id":"https:\/\/herbow.eu\/#website"},"primaryImageOfPage":{"@id":"https:\/\/herbow.eu\/product\/herbow-ablak-tukor-es-uvegtisztito-probiotikus-spray-wipe-friss-szello-illattal\/#primaryimage"},"image":{"@id":"https:\/\/herbow.eu\/product\/herbow-ablak-tukor-es-uvegtisztito-probiotikus-spray-wipe-friss-szello-illattal\/#primaryimage"},"thumbnailUrl":"https:\/\/herbow.eu\/wp-content\/uploads\/2025\/11\/Woo_base_2000x2000_16053_ablaktisztito_stancolt_500ml_v7_latvany.png","datePublished":"2025-08-18T09:05:58+00:00","dateModified":"2026-03-17T09:58:06+00:00","description":"A Herbow Ablak-, T\u00fck\u00f6r- \u00e9s \u00dcvegtiszt\u00edt\u00f3 hat\u00e9konyan elt\u00e1vol\u00edtja a zs\u00edros lenyomatokat mik\u00f6zben j\u00f3t\u00e9kony mikroorganizmusai tov\u00e1bb dolgoznak a fel\u00fcletek tisztas\u00e1g\u00e1\u00e9rt cs\u00edkmentesen, friss illattal.","breadcrumb":{"@id":"https:\/\/herbow.eu\/product\/herbow-ablak-tukor-es-uvegtisztito-probiotikus-spray-wipe-friss-szello-illattal\/#breadcrumb"},"inLanguage":"sv-SE","potentialAction":[{"@type":"ReadAction","target":["https:\/\/herbow.eu\/product\/herbow-ablak-tukor-es-uvegtisztito-probiotikus-spray-wipe-friss-szello-illattal\/"]}]},{"@type":"ImageObject","inLanguage":"sv-SE","@id":"https:\/\/herbow.eu\/product\/herbow-ablak-tukor-es-uvegtisztito-probiotikus-spray-wipe-friss-szello-illattal\/#primaryimage","url":"https:\/\/herbow.eu\/wp-content\/uploads\/2025\/11\/Woo_base_2000x2000_16053_ablaktisztito_stancolt_500ml_v7_latvany.png","contentUrl":"https:\/\/herbow.eu\/wp-content\/uploads\/2025\/11\/Woo_base_2000x2000_16053_ablaktisztito_stancolt_500ml_v7_latvany.png","width":2000,"height":2000},{"@type":"BreadcrumbList","@id":"https:\/\/herbow.eu\/product\/herbow-ablak-tukor-es-uvegtisztito-probiotikus-spray-wipe-friss-szello-illattal\/#breadcrumb","itemListElement":[{"@type":"ListItem","position":1,"name":"Kezd\u0151lap","item":"https:\/\/herbow.eu\/"},{"@type":"ListItem","position":2,"name":"Shop","item":"https:\/\/herbow.eu\/shop\/"},{"@type":"ListItem","position":3,"name":"Herbow Ablak-, t\u00fck\u00f6r- \u00e9s \u00fcvegtiszt\u00edt\u00f3 Probiotikus Spray &#038; Wipe &#8211; Friss szell\u0151 illattal 500 ml"}]},{"@type":"WebSite","@id":"https:\/\/herbow.eu\/#website","url":"https:\/\/herbow.eu\/","name":"Herbow | Herbal Organic World","description":"Herbal Organic World","publisher":{"@id":"https:\/\/herbow.eu\/#organization"},"potentialAction":[{"@type":"SearchAction","target":{"@type":"EntryPoint","urlTemplate":"https:\/\/herbow.eu\/?s={search_term_string}"},"query-input":{"@type":"PropertyValueSpecification","valueRequired":true,"valueName":"search_term_string"}}],"inLanguage":"sv-SE"},{"@type":"Organization","@id":"https:\/\/herbow.eu\/#organization","name":"Herbow International Zrt.","url":"https:\/\/herbow.eu\/","logo":{"@type":"ImageObject","inLanguage":"sv-SE","@id":"https:\/\/herbow.eu\/#\/schema\/logo\/image\/","url":"https:\/\/herbow.eu\/wp-content\/uploads\/2025\/07\/herbow_logo_hun_2021-01_w-slogan_no-background.png","contentUrl":"https:\/\/herbow.eu\/wp-content\/uploads\/2025\/07\/herbow_logo_hun_2021-01_w-slogan_no-background.png","width":2366,"height":1732,"caption":"Herbow International Zrt."},"image":{"@id":"https:\/\/herbow.eu\/#\/schema\/logo\/image\/"},"sameAs":["https:\/\/www.facebook.com\/herbowmosodioslabda\/","https:\/\/www.instagram.com\/herbowmosodioslabda\/"]}]}},"jetpack_likes_enabled":true,"jetpack_sharing_enabled":true,"_links":{"self":[{"href":"https:\/\/herbow.eu\/sv\/wp-json\/wp\/v2\/product\/1033","targetHints":{"allow":["GET"]}}],"collection":[{"href":"https:\/\/herbow.eu\/sv\/wp-json\/wp\/v2\/product"}],"about":[{"href":"https:\/\/herbow.eu\/sv\/wp-json\/wp\/v2\/types\/product"}],"replies":[{"embeddable":true,"href":"https:\/\/herbow.eu\/sv\/wp-json\/wp\/v2\/comments?post=1033"}],"wp:featuredmedia":[{"embeddable":true,"href":"https:\/\/herbow.eu\/sv\/wp-json\/wp\/v2\/media\/1141"}],"wp:attachment":[{"href":"https:\/\/herbow.eu\/sv\/wp-json\/wp\/v2\/media?parent=1033"}],"wp:term":[{"taxonomy":"product_brand","embeddable":true,"href":"https:\/\/herbow.eu\/sv\/wp-json\/wp\/v2\/product_brand?post=1033"},{"taxonomy":"product_cat","embeddable":true,"href":"https:\/\/herbow.eu\/sv\/wp-json\/wp\/v2\/product_cat?post=1033"},{"taxonomy":"product_tag","embeddable":true,"href":"https:\/\/herbow.eu\/sv\/wp-json\/wp\/v2\/product_tag?post=1033"}],"curies":[{"name":"wp","href":"https:\/\/api.w.org\/{rel}","templated":true}]}}