{"id":1028,"date":"2025-08-18T11:05:57","date_gmt":"2025-08-18T09:05:57","guid":{"rendered":"https:\/\/herbow.eu\/product\/herbow-probiotikus-padlofelmoso-feher-fuge-illattal\/"},"modified":"2026-03-17T10:58:13","modified_gmt":"2026-03-17T09:58:13","slug":"herbow-probiotikus-padlofelmoso-feher-fuge-illattal","status":"publish","type":"product","link":"https:\/\/herbow.eu\/sv\/product\/herbow-probiotikus-padlofelmoso-feher-fuge-illattal\/","title":{"rendered":"Herbow Probiotisk golvmopp med doft av vita fikon 1000 ml"},"content":{"rendered":"<p>A Herbow Probiotikus Padl\u00f3felmos\u00f3 \u2013 Feh\u00e9r f\u00fcge illattal a term\u00e9szetes tisztas\u00e1g \u00e9lm\u00e9ny\u00e9t hozza el a mindennapokba. N\u00f6v\u00e9nyi eredet\u0171 \u00f6sszetev\u0151i k\u00edm\u00e9letesen, m\u00e9gis hat\u00e9konyan t\u00e1vol\u00edtj\u00e1k el a szennyez\u0151d\u00e9seket \u00e9s port, mik\u00f6zben a probiotikus mikroorganizmusok a tiszt\u00edt\u00e1s ut\u00e1n is dolgoznak, hogy a padl\u00f3 hosszan friss \u00e9s higi\u00e9nikus maradjon. Ide\u00e1lis ker\u00e1mia, m\u0171anyag, h\u00e9zagmentes fa \u00e9s m\u00e1s kem\u00e9ny, nem por\u00f3zus fel\u00fcletek tiszt\u00edt\u00e1s\u00e1hoz. Ragyog\u00f3an tiszta, foltmentes fel\u00fcletet hagy maga ut\u00e1n, nem ig\u00e9nyel \u00f6bl\u00edt\u00e9st, \u00e9s term\u00e9szetes feh\u00e9r f\u00fcge illattal t\u00f6lti meg a teret. \u00c1ltal\u00e1nos fel\u00fclettiszt\u00edt\u00f3k\u00e9nt is haszn\u00e1lhat\u00f3, ak\u00e1r h\u00edg\u00edtatlanul, spray form\u00e1ban \u2013 a konyh\u00e1t\u00f3l a f\u00fcrd\u0151szob\u00e1ig mindenhol meg\u00e1llja a hely\u00e9t. Formul\u00e1ja kl\u00f3r-, foszf\u00e1t-, foszfon\u00e1t-, amm\u00f3nia- \u00e9s EDTA-mentes, kiz\u00e1r\u00f3lag EU \u00f6koc\u00edmk\u00e9s, n\u00f6v\u00e9nyi alap\u00fa \u00f6sszetev\u0151ket \u00e9s a j\u00f3t\u00e9kony bakt\u00e9riumsp\u00f3r\u00e1k kever\u00e9k\u00e9t tartalmazza. A Herbow probiotikus technol\u00f3gia term\u00e9szetes m\u00f3don gondoskodik a tart\u00f3s tisztas\u00e1gr\u00f3l \u00e9s frissess\u00e9gr\u0151l, mik\u00f6zben \u00f3vja a k\u00f6rnyezetet is.<\/p>\n<p>Haszn\u00e1lat: Adj kb. 25\u201330 ml (2 kupaknyi) felmos\u00f3szert 5 liter v\u00edzhez.<\/p>\n<p>Nincs sz\u00fcks\u00e9g \u00f6bl\u00edt\u00e9sre. \u00c1ltal\u00e1nos fel\u00fclettiszt\u00edt\u00e1shoz haszn\u00e1lhat\u00f3 h\u00edg\u00edtatlanul, spray form\u00e1ban is.<\/p>","protected":false},"excerpt":{"rendered":"<p>A <strong>Herbow Probiotikus Padl\u00f3felmos\u00f3<\/strong> term\u00e9szetes \u00f6sszetev\u0151ivel tiszt\u00edt \u00e9s \u00e1pol, mik\u00f6zben j\u00f3t\u00e9kony mikroorganizmusai hosszan gondoskodnak a padl\u00f3 \u00e9s m\u00e1s fel\u00fcletek frissess\u00e9g\u00e9r\u0151l. Finom, feh\u00e9r f\u00fcge illata tiszta, harmonikus hangulatot teremt az otthonodban.<\/p>\n<p>Kapacitet: 1000 ml<\/p>","protected":false},"featured_media":910,"comment_status":"open","ping_status":"closed","template":"","meta":[],"product_brand":[1397],"product_cat":[1459],"product_tag":[1568,1431,1567,1555,1570,1559,1557,1572,1467,1564,1565,1571,1561,1409,1422,1573,1563,1562,1412,1558,1560,1554,1553,1574,1569,1556,1566],"class_list":{"0":"post-1028","1":"product","2":"type-product","3":"status-publish","4":"has-post-thumbnail","6":"product_brand-herbow","7":"product_cat-herbow-probiotikus-tisztitoszerek","8":"product_tag-aktiv-probiotikumok","9":"product_tag-allergenmentes","10":"product_tag-allatkiserlet-mentes","11":"product_tag-elo-probiotikumok","12":"product_tag-oko-haztartasi-tisztitoszer","13":"product_tag-oko-tisztitas","14":"product_tag-biofilm-eltavolitas","15":"product_tag-biofilm-bonto-technologia","16":"product_tag-biologiailag-lebomlo","17":"product_tag-biztonsagos-tisztitas","18":"product_tag-borbarat-tisztitoszer","19":"product_tag-egeszseges-otthon","20":"product_tag-fenntarthato-haztartas","21":"product_tag-herbow","22":"product_tag-herbow-probiotikus","23":"product_tag-herbtech-probiotikus","24":"product_tag-hosszan-tarto-frissesseg","25":"product_tag-illatmentes-opcio","26":"product_tag-kornyezetbarat-tisztitoszer","27":"product_tag-melytisztito-hatas","28":"product_tag-novenyi-alapu-tisztitoszer","29":"product_tag-probiotikus-formula","30":"product_tag-probiotikus-tisztitoszer","31":"product_tag-tartos-mikrobialis-vedelem","32":"product_tag-termeszetes-higienia","33":"product_tag-termeszetes-tisztitas","34":"product_tag-vegan-tisztitoszer","36":"first","37":"instock","38":"taxable","39":"shipping-taxable","40":"product-type-simple"},"yoast_head":"<!-- This site is optimized with the Yoast SEO plugin v27.4 - https:\/\/yoast.com\/product\/yoast-seo-wordpress\/ -->\n<title>Herbow Probiotikus Padl\u00f3felmos\u00f3 Feh\u00e9r f\u00fcge illattal 1000 ml - Herbow | International<\/title>\n<meta name=\"description\" content=\"A Herbow Probiotikus Padl\u00f3felmos\u00f3 term\u00e9szetes \u00f6sszetev\u0151ivel tiszt\u00edt \u00e9s \u00e1pol, mik\u00f6zben j\u00f3t\u00e9kony mikroorganizmusai hosszan gondoskodnak a padl\u00f3 \u00e9s m\u00e1s fel\u00fcletek frissess\u00e9g\u00e9r\u0151l. Finom, feh\u00e9r f\u00fcge illata tiszta, harmonikus hangulatot teremt az otthonodban.\" \/>\n<meta name=\"robots\" content=\"index, follow, max-snippet:-1, max-image-preview:large, max-video-preview:-1\" \/>\n<link rel=\"canonical\" href=\"https:\/\/herbow.eu\/sv\/product\/herbow-probiotikus-padlofelmoso-feher-fuge-illattal\/\" \/>\n<meta property=\"og:locale\" content=\"sv_SE\" \/>\n<meta property=\"og:type\" content=\"article\" \/>\n<meta property=\"og:title\" content=\"Herbow Probiotikus Padl\u00f3felmos\u00f3 Feh\u00e9r f\u00fcge illattal 1000 ml - Herbow | International\" \/>\n<meta property=\"og:description\" content=\"A Herbow Probiotikus Padl\u00f3felmos\u00f3 term\u00e9szetes \u00f6sszetev\u0151ivel tiszt\u00edt \u00e9s \u00e1pol, mik\u00f6zben j\u00f3t\u00e9kony mikroorganizmusai hosszan gondoskodnak a padl\u00f3 \u00e9s m\u00e1s fel\u00fcletek frissess\u00e9g\u00e9r\u0151l. Finom, feh\u00e9r f\u00fcge illata tiszta, harmonikus hangulatot teremt az otthonodban.\" \/>\n<meta property=\"og:url\" content=\"https:\/\/herbow.eu\/sv\/product\/herbow-probiotikus-padlofelmoso-feher-fuge-illattal\/\" \/>\n<meta property=\"og:site_name\" content=\"Herbow | International\" \/>\n<meta property=\"article:publisher\" content=\"https:\/\/www.facebook.com\/herbowmosodioslabda\/\" \/>\n<meta property=\"article:modified_time\" content=\"2026-03-17T09:58:13+00:00\" \/>\n<meta property=\"og:image\" content=\"https:\/\/herbow.eu\/wp-content\/uploads\/2025\/08\/Herbow-Probiotikus-Padlofelmoso-Feher-fuge-illattal-1000-ml.png\" \/>\n\t<meta property=\"og:image:width\" content=\"2000\" \/>\n\t<meta property=\"og:image:height\" content=\"2000\" \/>\n\t<meta property=\"og:image:type\" content=\"image\/png\" \/>\n<meta name=\"twitter:card\" content=\"summary_large_image\" \/>\n<meta name=\"twitter:label1\" content=\"Ber\u00e4knad l\u00e4stid\" \/>\n\t<meta name=\"twitter:data1\" content=\"2 minuter\" \/>\n<script type=\"application\/ld+json\" class=\"yoast-schema-graph\">{\"@context\":\"https:\\\/\\\/schema.org\",\"@graph\":[{\"@type\":\"WebPage\",\"@id\":\"https:\\\/\\\/herbow.eu\\\/product\\\/herbow-probiotikus-padlofelmoso-feher-fuge-illattal\\\/\",\"url\":\"https:\\\/\\\/herbow.eu\\\/product\\\/herbow-probiotikus-padlofelmoso-feher-fuge-illattal\\\/\",\"name\":\"Herbow Probiotikus Padl\u00f3felmos\u00f3 Feh\u00e9r f\u00fcge illattal 1000 ml - Herbow | International\",\"isPartOf\":{\"@id\":\"https:\\\/\\\/herbow.eu\\\/#website\"},\"primaryImageOfPage\":{\"@id\":\"https:\\\/\\\/herbow.eu\\\/product\\\/herbow-probiotikus-padlofelmoso-feher-fuge-illattal\\\/#primaryimage\"},\"image\":{\"@id\":\"https:\\\/\\\/herbow.eu\\\/product\\\/herbow-probiotikus-padlofelmoso-feher-fuge-illattal\\\/#primaryimage\"},\"thumbnailUrl\":\"https:\\\/\\\/herbow.eu\\\/wp-content\\\/uploads\\\/2025\\\/08\\\/Herbow-Probiotikus-Padlofelmoso-Feher-fuge-illattal-1000-ml.png\",\"datePublished\":\"2025-08-18T09:05:57+00:00\",\"dateModified\":\"2026-03-17T09:58:13+00:00\",\"description\":\"A Herbow Probiotikus Padl\u00f3felmos\u00f3 term\u00e9szetes \u00f6sszetev\u0151ivel tiszt\u00edt \u00e9s \u00e1pol, mik\u00f6zben j\u00f3t\u00e9kony mikroorganizmusai hosszan gondoskodnak a padl\u00f3 \u00e9s m\u00e1s fel\u00fcletek frissess\u00e9g\u00e9r\u0151l. Finom, feh\u00e9r f\u00fcge illata tiszta, harmonikus hangulatot teremt az otthonodban.\",\"breadcrumb\":{\"@id\":\"https:\\\/\\\/herbow.eu\\\/product\\\/herbow-probiotikus-padlofelmoso-feher-fuge-illattal\\\/#breadcrumb\"},\"inLanguage\":\"sv-SE\",\"potentialAction\":[{\"@type\":\"ReadAction\",\"target\":[\"https:\\\/\\\/herbow.eu\\\/product\\\/herbow-probiotikus-padlofelmoso-feher-fuge-illattal\\\/\"]}]},{\"@type\":\"ImageObject\",\"inLanguage\":\"sv-SE\",\"@id\":\"https:\\\/\\\/herbow.eu\\\/product\\\/herbow-probiotikus-padlofelmoso-feher-fuge-illattal\\\/#primaryimage\",\"url\":\"https:\\\/\\\/herbow.eu\\\/wp-content\\\/uploads\\\/2025\\\/08\\\/Herbow-Probiotikus-Padlofelmoso-Feher-fuge-illattal-1000-ml.png\",\"contentUrl\":\"https:\\\/\\\/herbow.eu\\\/wp-content\\\/uploads\\\/2025\\\/08\\\/Herbow-Probiotikus-Padlofelmoso-Feher-fuge-illattal-1000-ml.png\",\"width\":2000,\"height\":2000},{\"@type\":\"BreadcrumbList\",\"@id\":\"https:\\\/\\\/herbow.eu\\\/product\\\/herbow-probiotikus-padlofelmoso-feher-fuge-illattal\\\/#breadcrumb\",\"itemListElement\":[{\"@type\":\"ListItem\",\"position\":1,\"name\":\"Kezd\u0151lap\",\"item\":\"https:\\\/\\\/herbow.eu\\\/\"},{\"@type\":\"ListItem\",\"position\":2,\"name\":\"Shop\",\"item\":\"https:\\\/\\\/herbow.eu\\\/shop\\\/\"},{\"@type\":\"ListItem\",\"position\":3,\"name\":\"Herbow Probiotikus Padl\u00f3felmos\u00f3 Feh\u00e9r f\u00fcge illattal 1000 ml\"}]},{\"@type\":\"WebSite\",\"@id\":\"https:\\\/\\\/herbow.eu\\\/#website\",\"url\":\"https:\\\/\\\/herbow.eu\\\/\",\"name\":\"Herbow | Herbal Organic World\",\"description\":\"Herbal Organic World\",\"publisher\":{\"@id\":\"https:\\\/\\\/herbow.eu\\\/#organization\"},\"potentialAction\":[{\"@type\":\"SearchAction\",\"target\":{\"@type\":\"EntryPoint\",\"urlTemplate\":\"https:\\\/\\\/herbow.eu\\\/?s={search_term_string}\"},\"query-input\":{\"@type\":\"PropertyValueSpecification\",\"valueRequired\":true,\"valueName\":\"search_term_string\"}}],\"inLanguage\":\"sv-SE\"},{\"@type\":\"Organization\",\"@id\":\"https:\\\/\\\/herbow.eu\\\/#organization\",\"name\":\"Herbow International Zrt.\",\"url\":\"https:\\\/\\\/herbow.eu\\\/\",\"logo\":{\"@type\":\"ImageObject\",\"inLanguage\":\"sv-SE\",\"@id\":\"https:\\\/\\\/herbow.eu\\\/#\\\/schema\\\/logo\\\/image\\\/\",\"url\":\"https:\\\/\\\/herbow.eu\\\/wp-content\\\/uploads\\\/2025\\\/07\\\/herbow_logo_hun_2021-01_w-slogan_no-background.png\",\"contentUrl\":\"https:\\\/\\\/herbow.eu\\\/wp-content\\\/uploads\\\/2025\\\/07\\\/herbow_logo_hun_2021-01_w-slogan_no-background.png\",\"width\":2366,\"height\":1732,\"caption\":\"Herbow International Zrt.\"},\"image\":{\"@id\":\"https:\\\/\\\/herbow.eu\\\/#\\\/schema\\\/logo\\\/image\\\/\"},\"sameAs\":[\"https:\\\/\\\/www.facebook.com\\\/herbowmosodioslabda\\\/\",\"https:\\\/\\\/www.instagram.com\\\/herbowmosodioslabda\\\/\"]}]}<\/script>\n<!-- \/ Yoast SEO plugin. -->","yoast_head_json":{"title":"Herbow Probiotikus Padl\u00f3felmos\u00f3 Feh\u00e9r f\u00fcge illattal 1000 ml - Herbow | International","description":"A Herbow Probiotikus Padl\u00f3felmos\u00f3 term\u00e9szetes \u00f6sszetev\u0151ivel tiszt\u00edt \u00e9s \u00e1pol, mik\u00f6zben j\u00f3t\u00e9kony mikroorganizmusai hosszan gondoskodnak a padl\u00f3 \u00e9s m\u00e1s fel\u00fcletek frissess\u00e9g\u00e9r\u0151l. Finom, feh\u00e9r f\u00fcge illata tiszta, harmonikus hangulatot teremt az otthonodban.","robots":{"index":"index","follow":"follow","max-snippet":"max-snippet:-1","max-image-preview":"max-image-preview:large","max-video-preview":"max-video-preview:-1"},"canonical":"https:\/\/herbow.eu\/sv\/product\/herbow-probiotikus-padlofelmoso-feher-fuge-illattal\/","og_locale":"sv_SE","og_type":"article","og_title":"Herbow Probiotikus Padl\u00f3felmos\u00f3 Feh\u00e9r f\u00fcge illattal 1000 ml - Herbow | International","og_description":"A Herbow Probiotikus Padl\u00f3felmos\u00f3 term\u00e9szetes \u00f6sszetev\u0151ivel tiszt\u00edt \u00e9s \u00e1pol, mik\u00f6zben j\u00f3t\u00e9kony mikroorganizmusai hosszan gondoskodnak a padl\u00f3 \u00e9s m\u00e1s fel\u00fcletek frissess\u00e9g\u00e9r\u0151l. Finom, feh\u00e9r f\u00fcge illata tiszta, harmonikus hangulatot teremt az otthonodban.","og_url":"https:\/\/herbow.eu\/sv\/product\/herbow-probiotikus-padlofelmoso-feher-fuge-illattal\/","og_site_name":"Herbow | International","article_publisher":"https:\/\/www.facebook.com\/herbowmosodioslabda\/","article_modified_time":"2026-03-17T09:58:13+00:00","og_image":[{"width":2000,"height":2000,"url":"https:\/\/herbow.eu\/wp-content\/uploads\/2025\/08\/Herbow-Probiotikus-Padlofelmoso-Feher-fuge-illattal-1000-ml.png","type":"image\/png"}],"twitter_card":"summary_large_image","twitter_misc":{"Ber\u00e4knad l\u00e4stid":"2 minuter"},"schema":{"@context":"https:\/\/schema.org","@graph":[{"@type":"WebPage","@id":"https:\/\/herbow.eu\/product\/herbow-probiotikus-padlofelmoso-feher-fuge-illattal\/","url":"https:\/\/herbow.eu\/product\/herbow-probiotikus-padlofelmoso-feher-fuge-illattal\/","name":"Herbow Probiotikus Padl\u00f3felmos\u00f3 Feh\u00e9r f\u00fcge illattal 1000 ml - Herbow | International","isPartOf":{"@id":"https:\/\/herbow.eu\/#website"},"primaryImageOfPage":{"@id":"https:\/\/herbow.eu\/product\/herbow-probiotikus-padlofelmoso-feher-fuge-illattal\/#primaryimage"},"image":{"@id":"https:\/\/herbow.eu\/product\/herbow-probiotikus-padlofelmoso-feher-fuge-illattal\/#primaryimage"},"thumbnailUrl":"https:\/\/herbow.eu\/wp-content\/uploads\/2025\/08\/Herbow-Probiotikus-Padlofelmoso-Feher-fuge-illattal-1000-ml.png","datePublished":"2025-08-18T09:05:57+00:00","dateModified":"2026-03-17T09:58:13+00:00","description":"A Herbow Probiotikus Padl\u00f3felmos\u00f3 term\u00e9szetes \u00f6sszetev\u0151ivel tiszt\u00edt \u00e9s \u00e1pol, mik\u00f6zben j\u00f3t\u00e9kony mikroorganizmusai hosszan gondoskodnak a padl\u00f3 \u00e9s m\u00e1s fel\u00fcletek frissess\u00e9g\u00e9r\u0151l. Finom, feh\u00e9r f\u00fcge illata tiszta, harmonikus hangulatot teremt az otthonodban.","breadcrumb":{"@id":"https:\/\/herbow.eu\/product\/herbow-probiotikus-padlofelmoso-feher-fuge-illattal\/#breadcrumb"},"inLanguage":"sv-SE","potentialAction":[{"@type":"ReadAction","target":["https:\/\/herbow.eu\/product\/herbow-probiotikus-padlofelmoso-feher-fuge-illattal\/"]}]},{"@type":"ImageObject","inLanguage":"sv-SE","@id":"https:\/\/herbow.eu\/product\/herbow-probiotikus-padlofelmoso-feher-fuge-illattal\/#primaryimage","url":"https:\/\/herbow.eu\/wp-content\/uploads\/2025\/08\/Herbow-Probiotikus-Padlofelmoso-Feher-fuge-illattal-1000-ml.png","contentUrl":"https:\/\/herbow.eu\/wp-content\/uploads\/2025\/08\/Herbow-Probiotikus-Padlofelmoso-Feher-fuge-illattal-1000-ml.png","width":2000,"height":2000},{"@type":"BreadcrumbList","@id":"https:\/\/herbow.eu\/product\/herbow-probiotikus-padlofelmoso-feher-fuge-illattal\/#breadcrumb","itemListElement":[{"@type":"ListItem","position":1,"name":"Kezd\u0151lap","item":"https:\/\/herbow.eu\/"},{"@type":"ListItem","position":2,"name":"Shop","item":"https:\/\/herbow.eu\/shop\/"},{"@type":"ListItem","position":3,"name":"Herbow Probiotikus Padl\u00f3felmos\u00f3 Feh\u00e9r f\u00fcge illattal 1000 ml"}]},{"@type":"WebSite","@id":"https:\/\/herbow.eu\/#website","url":"https:\/\/herbow.eu\/","name":"Herbow | Herbal Organic World","description":"Herbal Organic World","publisher":{"@id":"https:\/\/herbow.eu\/#organization"},"potentialAction":[{"@type":"SearchAction","target":{"@type":"EntryPoint","urlTemplate":"https:\/\/herbow.eu\/?s={search_term_string}"},"query-input":{"@type":"PropertyValueSpecification","valueRequired":true,"valueName":"search_term_string"}}],"inLanguage":"sv-SE"},{"@type":"Organization","@id":"https:\/\/herbow.eu\/#organization","name":"Herbow International Zrt.","url":"https:\/\/herbow.eu\/","logo":{"@type":"ImageObject","inLanguage":"sv-SE","@id":"https:\/\/herbow.eu\/#\/schema\/logo\/image\/","url":"https:\/\/herbow.eu\/wp-content\/uploads\/2025\/07\/herbow_logo_hun_2021-01_w-slogan_no-background.png","contentUrl":"https:\/\/herbow.eu\/wp-content\/uploads\/2025\/07\/herbow_logo_hun_2021-01_w-slogan_no-background.png","width":2366,"height":1732,"caption":"Herbow International Zrt."},"image":{"@id":"https:\/\/herbow.eu\/#\/schema\/logo\/image\/"},"sameAs":["https:\/\/www.facebook.com\/herbowmosodioslabda\/","https:\/\/www.instagram.com\/herbowmosodioslabda\/"]}]}},"jetpack_likes_enabled":true,"jetpack_sharing_enabled":true,"_links":{"self":[{"href":"https:\/\/herbow.eu\/sv\/wp-json\/wp\/v2\/product\/1028","targetHints":{"allow":["GET"]}}],"collection":[{"href":"https:\/\/herbow.eu\/sv\/wp-json\/wp\/v2\/product"}],"about":[{"href":"https:\/\/herbow.eu\/sv\/wp-json\/wp\/v2\/types\/product"}],"replies":[{"embeddable":true,"href":"https:\/\/herbow.eu\/sv\/wp-json\/wp\/v2\/comments?post=1028"}],"wp:featuredmedia":[{"embeddable":true,"href":"https:\/\/herbow.eu\/sv\/wp-json\/wp\/v2\/media\/910"}],"wp:attachment":[{"href":"https:\/\/herbow.eu\/sv\/wp-json\/wp\/v2\/media?parent=1028"}],"wp:term":[{"taxonomy":"product_brand","embeddable":true,"href":"https:\/\/herbow.eu\/sv\/wp-json\/wp\/v2\/product_brand?post=1028"},{"taxonomy":"product_cat","embeddable":true,"href":"https:\/\/herbow.eu\/sv\/wp-json\/wp\/v2\/product_cat?post=1028"},{"taxonomy":"product_tag","embeddable":true,"href":"https:\/\/herbow.eu\/sv\/wp-json\/wp\/v2\/product_tag?post=1028"}],"curies":[{"name":"wp","href":"https:\/\/api.w.org\/{rel}","templated":true}]}}