{"id":1022,"date":"2025-08-18T11:05:56","date_gmt":"2025-08-18T09:05:56","guid":{"rendered":"https:\/\/herbow.eu\/product\/herbow-folyekony-mosogatoszer-fresh-nature-illatmentes\/"},"modified":"2026-03-17T10:58:21","modified_gmt":"2026-03-17T09:58:21","slug":"herbow-flytande-diskmedel-farsk-natur-oparfymerad","status":"publish","type":"product","link":"https:\/\/herbow.eu\/sv\/product\/herbow-folyekony-mosogatoszer-fresh-nature-illatmentes\/","title":{"rendered":"Herbow flytande diskmedel - Fresh nature (parfymfri)"},"content":{"rendered":"<p>Herbow Fresh Nature handdiskmedel kombinerar naturens kraft med omt\u00e4nksam renlighet. Det inneh\u00e5ller skonsamt extraherade 12% tv\u00e4ttn\u00f6tsextrakt och apelsinsteroler, som fungerar som en naturlig avfettare f\u00f6r att effektivt avl\u00e4gsna matrester och envis smuts. Formulan \u00e4r pH-neutral, s\u00e5 den \u00e4r skonsam mot huden p\u00e5 h\u00e4nderna \u00e4ven vid daglig anv\u00e4ndning, samtidigt som den l\u00e4mnar disken gnistrande ren. Det t\u00e4ta, stabila vita skummet kan pressas direkt p\u00e5 svampen, vilket g\u00f6r det till en ekonomisk och bekv\u00e4m l\u00f6sning f\u00f6r vardagsdisk. Den inneh\u00e5ller inga artificiella dofter, f\u00e4rg\u00e4mnen, mineraloljor eller paraffin. Finns i en premiumf\u00f6rpackning med pumpdispenser som \u00e4r modern, bekv\u00e4m och l\u00e4tt att dosera.<\/p>\n<p>Kapacitet: 500 ml = r\u00e4cker till ca 100 r\u00e4tter.<\/p>","protected":false},"excerpt":{"rendered":"<p>Herbow Fresh Nature handdiskmedel med sin naturliga reng\u00f6ringskraft avl\u00e4gsnar effektivt fett och smuts samtidigt som det \u00e4r sn\u00e4llt mot dina h\u00e4nder och milj\u00f6n. Berikad med wasodi-extrakt och apelsinsterpener \u00e4r det en skummande, pH-neutral formula f\u00f6r en fr\u00e4sch, naturlig reng\u00f6ringsupplevelse.<\/p>\n<p>F\u00f6rpackning: 500ml<\/p>","protected":false},"featured_media":891,"comment_status":"open","ping_status":"closed","template":"","meta":[],"product_brand":[1397],"product_cat":[1400],"product_tag":[1591,1583,1521,1578,1584,1581,1467,1532,1593,1576,1409,1575,1582,1586,1589,1502,1585,1588,1577,1579,1525,1526,1590,1587,1580,1594,1592],"class_list":{"0":"post-1022","1":"product","2":"type-product","3":"status-publish","4":"has-post-thumbnail","6":"product_brand-herbow","7":"product_cat-folyekony-mosogatoszer","8":"product_tag-alacsony-hofokon-is-hatekony","9":"product_tag-erzekeny-borueknek-is","10":"product_tag-oko-haztartas","11":"product_tag-oko-mososzer","12":"product_tag-babaruhakhoz-alkalmas","13":"product_tag-bio-mososzer","14":"product_tag-biologiailag-lebomlo","15":"product_tag-feher-es-szines-ruhakhoz","16":"product_tag-foszfatmentes","17":"product_tag-gepi-mososzer","18":"product_tag-herbow","19":"product_tag-herbow-gepi-mososzer","20":"product_tag-hipoallergen-mososzer","21":"product_tag-illatmentes-mososzer","22":"product_tag-kimeletes-tisztitas","23":"product_tag-kornyezetbarat-mosas","24":"product_tag-koncentralt-mososzer","25":"product_tag-melytisztito-mosas","26":"product_tag-mosogel","27":"product_tag-novenyi-alapu-mososzer","28":"product_tag-parabenmentes","29":"product_tag-szinezekmentes","30":"product_tag-szinkimelo-mosas","31":"product_tag-termeszetes-illat","32":"product_tag-termeszetes-mosogel","33":"product_tag-textilkimelo-formula","34":"product_tag-vegan-mososzer","36":"first","37":"instock","38":"taxable","39":"shipping-taxable","40":"product-type-simple"},"yoast_head":"<!-- This site is optimized with the Yoast SEO plugin v27.4 - https:\/\/yoast.com\/product\/yoast-seo-wordpress\/ -->\n<title>Herbow foly\u00e9kony mosogat\u00f3szer - Fresh nature (Illatmentes) - Herbow | International<\/title>\n<meta name=\"description\" content=\"A Herbow Fresh Nature k\u00e9zi mosogat\u00f3szer term\u00e9szetes eredet\u0171 tiszt\u00edt\u00f3erej\u00e9vel hat\u00e9konyan t\u00e1vol\u00edtja el a zs\u00edrt \u00e9s szennyez\u0151d\u00e9seket, mik\u00f6zben k\u00edm\u00e9li a kezet \u00e9s a k\u00f6rnyezetet. Mos\u00f3di\u00f3-extraktummal \u00e9s narancsterp\u00e9nekkel gazdag\u00edtott, j\u00f3l habz\u00f3, pH-semleges formula a friss, term\u00e9szetes tisztas\u00e1g \u00e9lm\u00e9ny\u00e9\u00e9rt.\" \/>\n<meta name=\"robots\" content=\"index, follow, max-snippet:-1, max-image-preview:large, max-video-preview:-1\" \/>\n<link rel=\"canonical\" href=\"https:\/\/herbow.eu\/sv\/product\/herbow-flytande-diskmedel-farsk-natur-oparfymerad\/\" \/>\n<meta property=\"og:locale\" content=\"sv_SE\" \/>\n<meta property=\"og:type\" content=\"article\" \/>\n<meta property=\"og:title\" content=\"Herbow foly\u00e9kony mosogat\u00f3szer - Fresh nature (Illatmentes) - Herbow | International\" \/>\n<meta property=\"og:description\" content=\"A Herbow Fresh Nature k\u00e9zi mosogat\u00f3szer term\u00e9szetes eredet\u0171 tiszt\u00edt\u00f3erej\u00e9vel hat\u00e9konyan t\u00e1vol\u00edtja el a zs\u00edrt \u00e9s szennyez\u0151d\u00e9seket, mik\u00f6zben k\u00edm\u00e9li a kezet \u00e9s a k\u00f6rnyezetet. Mos\u00f3di\u00f3-extraktummal \u00e9s narancsterp\u00e9nekkel gazdag\u00edtott, j\u00f3l habz\u00f3, pH-semleges formula a friss, term\u00e9szetes tisztas\u00e1g \u00e9lm\u00e9ny\u00e9\u00e9rt.\" \/>\n<meta property=\"og:url\" content=\"https:\/\/herbow.eu\/sv\/product\/herbow-flytande-diskmedel-farsk-natur-oparfymerad\/\" \/>\n<meta property=\"og:site_name\" content=\"Herbow | International\" \/>\n<meta property=\"article:publisher\" content=\"https:\/\/www.facebook.com\/herbowmosodioslabda\/\" \/>\n<meta property=\"article:modified_time\" content=\"2026-03-17T09:58:21+00:00\" \/>\n<meta property=\"og:image\" content=\"https:\/\/herbow.eu\/wp-content\/uploads\/2025\/08\/Herbow-_foly-mosogato_500ml_208x103mm_v5_illatmentes.png\" \/>\n\t<meta property=\"og:image:width\" content=\"2000\" \/>\n\t<meta property=\"og:image:height\" content=\"2000\" \/>\n\t<meta property=\"og:image:type\" content=\"image\/png\" \/>\n<meta name=\"twitter:card\" content=\"summary_large_image\" \/>\n<meta name=\"twitter:label1\" content=\"Ber\u00e4knad l\u00e4stid\" \/>\n\t<meta name=\"twitter:data1\" content=\"1 minut\" \/>\n<script type=\"application\/ld+json\" class=\"yoast-schema-graph\">{\"@context\":\"https:\\\/\\\/schema.org\",\"@graph\":[{\"@type\":\"WebPage\",\"@id\":\"https:\\\/\\\/herbow.eu\\\/product\\\/herbow-folyekony-mosogatoszer-fresh-nature-illatmentes\\\/\",\"url\":\"https:\\\/\\\/herbow.eu\\\/product\\\/herbow-folyekony-mosogatoszer-fresh-nature-illatmentes\\\/\",\"name\":\"Herbow foly\u00e9kony mosogat\u00f3szer - Fresh nature (Illatmentes) - Herbow | International\",\"isPartOf\":{\"@id\":\"https:\\\/\\\/herbow.eu\\\/#website\"},\"primaryImageOfPage\":{\"@id\":\"https:\\\/\\\/herbow.eu\\\/product\\\/herbow-folyekony-mosogatoszer-fresh-nature-illatmentes\\\/#primaryimage\"},\"image\":{\"@id\":\"https:\\\/\\\/herbow.eu\\\/product\\\/herbow-folyekony-mosogatoszer-fresh-nature-illatmentes\\\/#primaryimage\"},\"thumbnailUrl\":\"https:\\\/\\\/herbow.eu\\\/wp-content\\\/uploads\\\/2025\\\/08\\\/Herbow-_foly-mosogato_500ml_208x103mm_v5_illatmentes.png\",\"datePublished\":\"2025-08-18T09:05:56+00:00\",\"dateModified\":\"2026-03-17T09:58:21+00:00\",\"description\":\"A Herbow Fresh Nature k\u00e9zi mosogat\u00f3szer term\u00e9szetes eredet\u0171 tiszt\u00edt\u00f3erej\u00e9vel hat\u00e9konyan t\u00e1vol\u00edtja el a zs\u00edrt \u00e9s szennyez\u0151d\u00e9seket, mik\u00f6zben k\u00edm\u00e9li a kezet \u00e9s a k\u00f6rnyezetet. Mos\u00f3di\u00f3-extraktummal \u00e9s narancsterp\u00e9nekkel gazdag\u00edtott, j\u00f3l habz\u00f3, pH-semleges formula a friss, term\u00e9szetes tisztas\u00e1g \u00e9lm\u00e9ny\u00e9\u00e9rt.\",\"breadcrumb\":{\"@id\":\"https:\\\/\\\/herbow.eu\\\/product\\\/herbow-folyekony-mosogatoszer-fresh-nature-illatmentes\\\/#breadcrumb\"},\"inLanguage\":\"sv-SE\",\"potentialAction\":[{\"@type\":\"ReadAction\",\"target\":[\"https:\\\/\\\/herbow.eu\\\/product\\\/herbow-folyekony-mosogatoszer-fresh-nature-illatmentes\\\/\"]}]},{\"@type\":\"ImageObject\",\"inLanguage\":\"sv-SE\",\"@id\":\"https:\\\/\\\/herbow.eu\\\/product\\\/herbow-folyekony-mosogatoszer-fresh-nature-illatmentes\\\/#primaryimage\",\"url\":\"https:\\\/\\\/herbow.eu\\\/wp-content\\\/uploads\\\/2025\\\/08\\\/Herbow-_foly-mosogato_500ml_208x103mm_v5_illatmentes.png\",\"contentUrl\":\"https:\\\/\\\/herbow.eu\\\/wp-content\\\/uploads\\\/2025\\\/08\\\/Herbow-_foly-mosogato_500ml_208x103mm_v5_illatmentes.png\",\"width\":2000,\"height\":2000},{\"@type\":\"BreadcrumbList\",\"@id\":\"https:\\\/\\\/herbow.eu\\\/product\\\/herbow-folyekony-mosogatoszer-fresh-nature-illatmentes\\\/#breadcrumb\",\"itemListElement\":[{\"@type\":\"ListItem\",\"position\":1,\"name\":\"Kezd\u0151lap\",\"item\":\"https:\\\/\\\/herbow.eu\\\/\"},{\"@type\":\"ListItem\",\"position\":2,\"name\":\"Shop\",\"item\":\"https:\\\/\\\/herbow.eu\\\/shop\\\/\"},{\"@type\":\"ListItem\",\"position\":3,\"name\":\"Herbow foly\u00e9kony mosogat\u00f3szer &#8211; Fresh nature (Illatmentes)\"}]},{\"@type\":\"WebSite\",\"@id\":\"https:\\\/\\\/herbow.eu\\\/#website\",\"url\":\"https:\\\/\\\/herbow.eu\\\/\",\"name\":\"Herbow | Herbal Organic World\",\"description\":\"Herbal Organic World\",\"publisher\":{\"@id\":\"https:\\\/\\\/herbow.eu\\\/#organization\"},\"potentialAction\":[{\"@type\":\"SearchAction\",\"target\":{\"@type\":\"EntryPoint\",\"urlTemplate\":\"https:\\\/\\\/herbow.eu\\\/?s={search_term_string}\"},\"query-input\":{\"@type\":\"PropertyValueSpecification\",\"valueRequired\":true,\"valueName\":\"search_term_string\"}}],\"inLanguage\":\"sv-SE\"},{\"@type\":\"Organization\",\"@id\":\"https:\\\/\\\/herbow.eu\\\/#organization\",\"name\":\"Herbow International Zrt.\",\"url\":\"https:\\\/\\\/herbow.eu\\\/\",\"logo\":{\"@type\":\"ImageObject\",\"inLanguage\":\"sv-SE\",\"@id\":\"https:\\\/\\\/herbow.eu\\\/#\\\/schema\\\/logo\\\/image\\\/\",\"url\":\"https:\\\/\\\/herbow.eu\\\/wp-content\\\/uploads\\\/2025\\\/07\\\/herbow_logo_hun_2021-01_w-slogan_no-background.png\",\"contentUrl\":\"https:\\\/\\\/herbow.eu\\\/wp-content\\\/uploads\\\/2025\\\/07\\\/herbow_logo_hun_2021-01_w-slogan_no-background.png\",\"width\":2366,\"height\":1732,\"caption\":\"Herbow International Zrt.\"},\"image\":{\"@id\":\"https:\\\/\\\/herbow.eu\\\/#\\\/schema\\\/logo\\\/image\\\/\"},\"sameAs\":[\"https:\\\/\\\/www.facebook.com\\\/herbowmosodioslabda\\\/\",\"https:\\\/\\\/www.instagram.com\\\/herbowmosodioslabda\\\/\"]}]}<\/script>\n<!-- \/ Yoast SEO plugin. -->","yoast_head_json":{"title":"Herbow Liquid Diskmedel - Frisk natur (oparfymerad) - Herbow | International","description":"Herbow Fresh Nature handdiskmedel med sin naturliga reng\u00f6ringskraft avl\u00e4gsnar effektivt fett och smuts samtidigt som det \u00e4r sn\u00e4llt mot dina h\u00e4nder och milj\u00f6n. Berikad med wasodi-extrakt och apelsinsterpener \u00e4r det en skummande, pH-neutral formula f\u00f6r en fr\u00e4sch, naturlig reng\u00f6ringsupplevelse.","robots":{"index":"index","follow":"follow","max-snippet":"max-snippet:-1","max-image-preview":"max-image-preview:large","max-video-preview":"max-video-preview:-1"},"canonical":"https:\/\/herbow.eu\/sv\/product\/herbow-flytande-diskmedel-farsk-natur-oparfymerad\/","og_locale":"sv_SE","og_type":"article","og_title":"Herbow foly\u00e9kony mosogat\u00f3szer - Fresh nature (Illatmentes) - Herbow | International","og_description":"A Herbow Fresh Nature k\u00e9zi mosogat\u00f3szer term\u00e9szetes eredet\u0171 tiszt\u00edt\u00f3erej\u00e9vel hat\u00e9konyan t\u00e1vol\u00edtja el a zs\u00edrt \u00e9s szennyez\u0151d\u00e9seket, mik\u00f6zben k\u00edm\u00e9li a kezet \u00e9s a k\u00f6rnyezetet. Mos\u00f3di\u00f3-extraktummal \u00e9s narancsterp\u00e9nekkel gazdag\u00edtott, j\u00f3l habz\u00f3, pH-semleges formula a friss, term\u00e9szetes tisztas\u00e1g \u00e9lm\u00e9ny\u00e9\u00e9rt.","og_url":"https:\/\/herbow.eu\/sv\/product\/herbow-flytande-diskmedel-farsk-natur-oparfymerad\/","og_site_name":"Herbow | International","article_publisher":"https:\/\/www.facebook.com\/herbowmosodioslabda\/","article_modified_time":"2026-03-17T09:58:21+00:00","og_image":[{"width":2000,"height":2000,"url":"https:\/\/herbow.eu\/wp-content\/uploads\/2025\/08\/Herbow-_foly-mosogato_500ml_208x103mm_v5_illatmentes.png","type":"image\/png"}],"twitter_card":"summary_large_image","twitter_misc":{"Ber\u00e4knad l\u00e4stid":"1 minut"},"schema":{"@context":"https:\/\/schema.org","@graph":[{"@type":"WebPage","@id":"https:\/\/herbow.eu\/product\/herbow-folyekony-mosogatoszer-fresh-nature-illatmentes\/","url":"https:\/\/herbow.eu\/product\/herbow-folyekony-mosogatoszer-fresh-nature-illatmentes\/","name":"Herbow Liquid Diskmedel - Frisk natur (oparfymerad) - Herbow | International","isPartOf":{"@id":"https:\/\/herbow.eu\/#website"},"primaryImageOfPage":{"@id":"https:\/\/herbow.eu\/product\/herbow-folyekony-mosogatoszer-fresh-nature-illatmentes\/#primaryimage"},"image":{"@id":"https:\/\/herbow.eu\/product\/herbow-folyekony-mosogatoszer-fresh-nature-illatmentes\/#primaryimage"},"thumbnailUrl":"https:\/\/herbow.eu\/wp-content\/uploads\/2025\/08\/Herbow-_foly-mosogato_500ml_208x103mm_v5_illatmentes.png","datePublished":"2025-08-18T09:05:56+00:00","dateModified":"2026-03-17T09:58:21+00:00","description":"Herbow Fresh Nature handdiskmedel med sin naturliga reng\u00f6ringskraft avl\u00e4gsnar effektivt fett och smuts samtidigt som det \u00e4r sn\u00e4llt mot dina h\u00e4nder och milj\u00f6n. Berikad med wasodi-extrakt och apelsinsterpener \u00e4r det en skummande, pH-neutral formula f\u00f6r en fr\u00e4sch, naturlig reng\u00f6ringsupplevelse.","breadcrumb":{"@id":"https:\/\/herbow.eu\/product\/herbow-folyekony-mosogatoszer-fresh-nature-illatmentes\/#breadcrumb"},"inLanguage":"sv-SE","potentialAction":[{"@type":"ReadAction","target":["https:\/\/herbow.eu\/product\/herbow-folyekony-mosogatoszer-fresh-nature-illatmentes\/"]}]},{"@type":"ImageObject","inLanguage":"sv-SE","@id":"https:\/\/herbow.eu\/product\/herbow-folyekony-mosogatoszer-fresh-nature-illatmentes\/#primaryimage","url":"https:\/\/herbow.eu\/wp-content\/uploads\/2025\/08\/Herbow-_foly-mosogato_500ml_208x103mm_v5_illatmentes.png","contentUrl":"https:\/\/herbow.eu\/wp-content\/uploads\/2025\/08\/Herbow-_foly-mosogato_500ml_208x103mm_v5_illatmentes.png","width":2000,"height":2000},{"@type":"BreadcrumbList","@id":"https:\/\/herbow.eu\/product\/herbow-folyekony-mosogatoszer-fresh-nature-illatmentes\/#breadcrumb","itemListElement":[{"@type":"ListItem","position":1,"name":"Kezd\u0151lap","item":"https:\/\/herbow.eu\/"},{"@type":"ListItem","position":2,"name":"Shop","item":"https:\/\/herbow.eu\/shop\/"},{"@type":"ListItem","position":3,"name":"Herbow foly\u00e9kony mosogat\u00f3szer &#8211; Fresh nature (Illatmentes)"}]},{"@type":"WebSite","@id":"https:\/\/herbow.eu\/#website","url":"https:\/\/herbow.eu\/","name":"Herbow | Herbal Organic World","description":"Herbal Organic World","publisher":{"@id":"https:\/\/herbow.eu\/#organization"},"potentialAction":[{"@type":"SearchAction","target":{"@type":"EntryPoint","urlTemplate":"https:\/\/herbow.eu\/?s={search_term_string}"},"query-input":{"@type":"PropertyValueSpecification","valueRequired":true,"valueName":"search_term_string"}}],"inLanguage":"sv-SE"},{"@type":"Organization","@id":"https:\/\/herbow.eu\/#organization","name":"Herbow International Zrt.","url":"https:\/\/herbow.eu\/","logo":{"@type":"ImageObject","inLanguage":"sv-SE","@id":"https:\/\/herbow.eu\/#\/schema\/logo\/image\/","url":"https:\/\/herbow.eu\/wp-content\/uploads\/2025\/07\/herbow_logo_hun_2021-01_w-slogan_no-background.png","contentUrl":"https:\/\/herbow.eu\/wp-content\/uploads\/2025\/07\/herbow_logo_hun_2021-01_w-slogan_no-background.png","width":2366,"height":1732,"caption":"Herbow International Zrt."},"image":{"@id":"https:\/\/herbow.eu\/#\/schema\/logo\/image\/"},"sameAs":["https:\/\/www.facebook.com\/herbowmosodioslabda\/","https:\/\/www.instagram.com\/herbowmosodioslabda\/"]}]}},"jetpack_likes_enabled":true,"jetpack_sharing_enabled":true,"_links":{"self":[{"href":"https:\/\/herbow.eu\/sv\/wp-json\/wp\/v2\/product\/1022","targetHints":{"allow":["GET"]}}],"collection":[{"href":"https:\/\/herbow.eu\/sv\/wp-json\/wp\/v2\/product"}],"about":[{"href":"https:\/\/herbow.eu\/sv\/wp-json\/wp\/v2\/types\/product"}],"replies":[{"embeddable":true,"href":"https:\/\/herbow.eu\/sv\/wp-json\/wp\/v2\/comments?post=1022"}],"wp:featuredmedia":[{"embeddable":true,"href":"https:\/\/herbow.eu\/sv\/wp-json\/wp\/v2\/media\/891"}],"wp:attachment":[{"href":"https:\/\/herbow.eu\/sv\/wp-json\/wp\/v2\/media?parent=1022"}],"wp:term":[{"taxonomy":"product_brand","embeddable":true,"href":"https:\/\/herbow.eu\/sv\/wp-json\/wp\/v2\/product_brand?post=1022"},{"taxonomy":"product_cat","embeddable":true,"href":"https:\/\/herbow.eu\/sv\/wp-json\/wp\/v2\/product_cat?post=1022"},{"taxonomy":"product_tag","embeddable":true,"href":"https:\/\/herbow.eu\/sv\/wp-json\/wp\/v2\/product_tag?post=1022"}],"curies":[{"name":"wp","href":"https:\/\/api.w.org\/{rel}","templated":true}]}}