{"id":1012,"date":"2025-08-18T11:05:53","date_gmt":"2025-08-18T09:05:53","guid":{"rendered":"https:\/\/herbow.eu\/product\/herbow-mososzoda-850g\/"},"modified":"2026-03-17T10:58:34","modified_gmt":"2026-03-17T09:58:34","slug":"herbow-mososzoda-850g","status":"publish","type":"product","link":"https:\/\/herbow.eu\/sv\/product\/herbow-mososzoda-850g\/","title":{"rendered":"Herbow Tv\u00e4ttmedel 850g"},"content":{"rendered":"<p>A Herbow Mos\u00f3sz\u00f3da egy sokoldal\u00faan haszn\u00e1lhat\u00f3, term\u00e9szetes eredet\u0171 tiszt\u00edt\u00f3szer, amely v\u00edzl\u00e1gy\u00edt\u00f3, zs\u00edrold\u00f3 \u00e9s szagtalan\u00edt\u00f3 hat\u00e1s\u00e1val seg\u00edt a makacs szennyez\u0151d\u00e9sek elt\u00e1vol\u00edt\u00e1s\u00e1ban.<br \/>\nIde\u00e1lis v\u00e1laszt\u00e1s a nagyon szennyezett textilekhez, p\u00e9ld\u00e1ul munkaruh\u00e1khoz, konyhai t\u00f6rl\u0151kend\u0151kh\u00f6z, asztalter\u00edt\u0151kh\u00f6z, \u00e1gynem\u0171kh\u00f6z \u00e9s feh\u00e9rnem\u0171kh\u00f6z. A mos\u00f3sz\u00f3da term\u00e9szetes n\u00e1trium-karbon\u00e1t alap\u00fa anyag, amely k\u00f6rnyezetbar\u00e1t m\u00f3don bomlik le, \u00edgy nem terheli a term\u00e9szetet. El\u0151nye, hogy gy\u00e1rt\u00e1sa sor\u00e1n nem keletkezik k\u00e1ros mell\u00e9kterm\u00e9k, m\u00e9gis kiv\u00e1l\u00f3 tisztas\u00e1got biztos\u00edt, mik\u00f6zben megsz\u00fcnteti a kellemetlen szagokat. A mos\u00f3sz\u00f3da mosogat\u00f3szerek \u00e9s h\u00e1ztart\u00e1si tiszt\u00edt\u00f3szerek adal\u00e9kak\u00e9nt is haszn\u00e1lhat\u00f3, mivel fokozza azok hat\u00e9konys\u00e1g\u00e1t \u00e9s v\u00edzl\u00e1gy\u00edt\u00f3 k\u00e9pess\u00e9g\u00e9t.<\/p>\n<p>A Herbow Mos\u00f3sz\u00f3da kl\u00f3r-, foszf\u00e1t-, szulf\u00e1t-, optikai feh\u00e9r\u00edt\u0151- \u00e9s tart\u00f3s\u00edt\u00f3szer-mentes, valamint veg\u00e1n \u00e9s biol\u00f3giailag k\u00f6nnyen leboml\u00f3.<br \/>\nEgyszerre ny\u00fajt hat\u00e9konys\u00e1got \u00e9s k\u00f6rnyezettudatos megold\u00e1st, \u00edgy t\u00f6k\u00e9letes v\u00e1laszt\u00e1s minden tudatos h\u00e1ztart\u00e1sba.<\/p>\n<p><strong>Rekommenderad dosering:<\/strong><\/p>\n<ul>\n<li>Tv\u00e4tt: tills\u00e4tt 1-2 matskedar (ca 15-30 g) i tv\u00e4ttmedel eller flytande tv\u00e4ttmedel.<\/li>\n<li>F\u00f6r mycket smutsiga kl\u00e4der: l\u00f6s upp 2-3 matskedar tv\u00e4ttpulver i 5 liter varmt vatten f\u00f6r att bl\u00f6tl\u00e4gga.<\/li>\n<li>F\u00f6r allm\u00e4n reng\u00f6ring: l\u00f6s upp 1-2 matskedar tv\u00e4ttpulver i 1 liter varmt vatten och torka av ytan som ska reng\u00f6ras.<\/li>\n<\/ul>\n<p>Obs: den \u00e4r alkalisk, s\u00e5 anv\u00e4nd den inte p\u00e5 k\u00e4nsliga tyger (t.ex. ull, siden).<\/p>","protected":false},"excerpt":{"rendered":"<p>Term\u00e9szetes, k\u00f6rnyezetbar\u00e1t tiszt\u00edt\u00f3szer, amely v\u00edzl\u00e1gy\u00edt\u00f3, zs\u00edrold\u00f3 \u00e9s szagtalan\u00edt\u00f3 hat\u00e1s\u00e1nak k\u00f6sz\u00f6nhet\u0151en hat\u00e9konyan tiszt\u00edtja a text\u00edli\u00e1kat \u00e9s a h\u00e1ztart\u00e1si fel\u00fcleteket. K\u00edm\u00e9letes a k\u00f6rnyezethez, m\u00e9gis er\u0151teljes a szennyez\u0151d\u00e9sekkel szemben.<\/p>\n<p>Kiszerel\u00e9s: 850g<\/p>","protected":false},"featured_media":872,"comment_status":"open","ping_status":"closed","template":"","meta":[],"product_brand":[1397],"product_cat":[1488],"product_tag":[1431,1567,1583,1606,1578,1599,1602,1467,1523,1524,1608,1561,1593,1605,1604,1409,1596,1595,1549,1601,1562,1589,1598,1558,1609,1611,1597,1525,1612,1526,1600,1445,1587,1607,1503,1603,1610],"class_list":{"0":"post-1012","1":"product","2":"type-product","3":"status-publish","4":"has-post-thumbnail","6":"product_brand-herbow","7":"product_cat-mososzoda","8":"product_tag-allergenmentes","9":"product_tag-allatkiserlet-mentes","10":"product_tag-erzekeny-borueknek-is","11":"product_tag-oko-haztartas-megoldas","12":"product_tag-oko-mososzer","13":"product_tag-oko-tisztitoszer","14":"product_tag-bababarat-termek","15":"product_tag-biologiailag-lebomlo","16":"product_tag-biztonsagos-osszetevok","17":"product_tag-borbarat-formula","18":"product_tag-feluletkimelo-tisztitas","19":"product_tag-fenntarthato-haztartas","20":"product_tag-foszfatmentes","21":"product_tag-friss-illat","22":"product_tag-hatekony-tisztitas","23":"product_tag-herbow","24":"product_tag-herbow-haztartas","25":"product_tag-herbow-termek","26":"product_tag-herbtech-formula","27":"product_tag-hipoallergen-osszetevok","28":"product_tag-illatmentes-opcio","29":"product_tag-kimeletes-tisztitas","30":"product_tag-kornyezetbarat-termek","31":"product_tag-melytisztito-hatas","32":"product_tag-mindennapi-hasznalatra","33":"product_tag-modern-oko-tisztitas","34":"product_tag-novenyi-alapu-formula","35":"product_tag-parabenmentes","36":"product_tag-premium-minoseg","37":"product_tag-szinezekmentes","38":"product_tag-termeszetbarat-tisztitas","39":"product_tag-termeszetes-osszetevok","40":"product_tag-termeszetes-illat","41":"product_tag-textilkimelo","42":"product_tag-tudatos-haztartas","43":"product_tag-vegan-termek","44":"product_tag-zero-waste-szemlelet","46":"first","47":"instock","48":"taxable","49":"shipping-taxable","50":"product-type-simple"},"yoast_head":"<!-- This site is optimized with the Yoast SEO plugin v27.4 - https:\/\/yoast.com\/product\/yoast-seo-wordpress\/ -->\n<title>Herbow Mos\u00f3sz\u00f3da 850g - Herbow | International<\/title>\n<meta name=\"description\" content=\"Term\u00e9szetes, k\u00f6rnyezetbar\u00e1t tiszt\u00edt\u00f3szer, amely v\u00edzl\u00e1gy\u00edt\u00f3, zs\u00edrold\u00f3 \u00e9s szagtalan\u00edt\u00f3 hat\u00e1s\u00e1nak k\u00f6sz\u00f6nhet\u0151en hat\u00e9konyan tiszt\u00edtja a text\u00edli\u00e1kat \u00e9s a h\u00e1ztart\u00e1si fel\u00fcleteket. K\u00edm\u00e9letes a k\u00f6rnyezethez, m\u00e9gis er\u0151teljes a szennyez\u0151d\u00e9sekkel szemben.\" \/>\n<meta name=\"robots\" content=\"index, follow, max-snippet:-1, max-image-preview:large, max-video-preview:-1\" \/>\n<link rel=\"canonical\" href=\"https:\/\/herbow.eu\/sv\/product\/herbow-mososzoda-850g\/\" \/>\n<meta property=\"og:locale\" content=\"sv_SE\" \/>\n<meta property=\"og:type\" content=\"article\" \/>\n<meta property=\"og:title\" content=\"Herbow Mos\u00f3sz\u00f3da 850g - Herbow | International\" \/>\n<meta property=\"og:description\" content=\"Term\u00e9szetes, k\u00f6rnyezetbar\u00e1t tiszt\u00edt\u00f3szer, amely v\u00edzl\u00e1gy\u00edt\u00f3, zs\u00edrold\u00f3 \u00e9s szagtalan\u00edt\u00f3 hat\u00e1s\u00e1nak k\u00f6sz\u00f6nhet\u0151en hat\u00e9konyan tiszt\u00edtja a text\u00edli\u00e1kat \u00e9s a h\u00e1ztart\u00e1si fel\u00fcleteket. K\u00edm\u00e9letes a k\u00f6rnyezethez, m\u00e9gis er\u0151teljes a szennyez\u0151d\u00e9sekkel szemben.\" \/>\n<meta property=\"og:url\" content=\"https:\/\/herbow.eu\/sv\/product\/herbow-mososzoda-850g\/\" \/>\n<meta property=\"og:site_name\" content=\"Herbow | International\" \/>\n<meta property=\"article:publisher\" content=\"https:\/\/www.facebook.com\/herbowmosodioslabda\/\" \/>\n<meta property=\"article:modified_time\" content=\"2026-03-17T09:58:34+00:00\" \/>\n<meta property=\"og:image\" content=\"https:\/\/herbow.eu\/wp-content\/uploads\/2025\/08\/Herbow_mososzoda_290x100mm_cimke_flakonra_v5_karbon_UFI_redesign.png\" \/>\n\t<meta property=\"og:image:width\" content=\"2000\" \/>\n\t<meta property=\"og:image:height\" content=\"2000\" \/>\n\t<meta property=\"og:image:type\" content=\"image\/png\" \/>\n<meta name=\"twitter:card\" content=\"summary_large_image\" \/>\n<meta name=\"twitter:label1\" content=\"Ber\u00e4knad l\u00e4stid\" \/>\n\t<meta name=\"twitter:data1\" content=\"2 minuter\" \/>\n<script type=\"application\/ld+json\" class=\"yoast-schema-graph\">{\"@context\":\"https:\\\/\\\/schema.org\",\"@graph\":[{\"@type\":\"WebPage\",\"@id\":\"https:\\\/\\\/herbow.eu\\\/product\\\/herbow-mososzoda-850g\\\/\",\"url\":\"https:\\\/\\\/herbow.eu\\\/product\\\/herbow-mososzoda-850g\\\/\",\"name\":\"Herbow Mos\u00f3sz\u00f3da 850g - Herbow | International\",\"isPartOf\":{\"@id\":\"https:\\\/\\\/herbow.eu\\\/#website\"},\"primaryImageOfPage\":{\"@id\":\"https:\\\/\\\/herbow.eu\\\/product\\\/herbow-mososzoda-850g\\\/#primaryimage\"},\"image\":{\"@id\":\"https:\\\/\\\/herbow.eu\\\/product\\\/herbow-mososzoda-850g\\\/#primaryimage\"},\"thumbnailUrl\":\"https:\\\/\\\/herbow.eu\\\/wp-content\\\/uploads\\\/2025\\\/08\\\/Herbow_mososzoda_290x100mm_cimke_flakonra_v5_karbon_UFI_redesign.png\",\"datePublished\":\"2025-08-18T09:05:53+00:00\",\"dateModified\":\"2026-03-17T09:58:34+00:00\",\"description\":\"Term\u00e9szetes, k\u00f6rnyezetbar\u00e1t tiszt\u00edt\u00f3szer, amely v\u00edzl\u00e1gy\u00edt\u00f3, zs\u00edrold\u00f3 \u00e9s szagtalan\u00edt\u00f3 hat\u00e1s\u00e1nak k\u00f6sz\u00f6nhet\u0151en hat\u00e9konyan tiszt\u00edtja a text\u00edli\u00e1kat \u00e9s a h\u00e1ztart\u00e1si fel\u00fcleteket. K\u00edm\u00e9letes a k\u00f6rnyezethez, m\u00e9gis er\u0151teljes a szennyez\u0151d\u00e9sekkel szemben.\",\"breadcrumb\":{\"@id\":\"https:\\\/\\\/herbow.eu\\\/product\\\/herbow-mososzoda-850g\\\/#breadcrumb\"},\"inLanguage\":\"sv-SE\",\"potentialAction\":[{\"@type\":\"ReadAction\",\"target\":[\"https:\\\/\\\/herbow.eu\\\/product\\\/herbow-mososzoda-850g\\\/\"]}]},{\"@type\":\"ImageObject\",\"inLanguage\":\"sv-SE\",\"@id\":\"https:\\\/\\\/herbow.eu\\\/product\\\/herbow-mososzoda-850g\\\/#primaryimage\",\"url\":\"https:\\\/\\\/herbow.eu\\\/wp-content\\\/uploads\\\/2025\\\/08\\\/Herbow_mososzoda_290x100mm_cimke_flakonra_v5_karbon_UFI_redesign.png\",\"contentUrl\":\"https:\\\/\\\/herbow.eu\\\/wp-content\\\/uploads\\\/2025\\\/08\\\/Herbow_mososzoda_290x100mm_cimke_flakonra_v5_karbon_UFI_redesign.png\",\"width\":2000,\"height\":2000},{\"@type\":\"BreadcrumbList\",\"@id\":\"https:\\\/\\\/herbow.eu\\\/product\\\/herbow-mososzoda-850g\\\/#breadcrumb\",\"itemListElement\":[{\"@type\":\"ListItem\",\"position\":1,\"name\":\"Kezd\u0151lap\",\"item\":\"https:\\\/\\\/herbow.eu\\\/\"},{\"@type\":\"ListItem\",\"position\":2,\"name\":\"Shop\",\"item\":\"https:\\\/\\\/herbow.eu\\\/shop\\\/\"},{\"@type\":\"ListItem\",\"position\":3,\"name\":\"Herbow Mos\u00f3sz\u00f3da 850g\"}]},{\"@type\":\"WebSite\",\"@id\":\"https:\\\/\\\/herbow.eu\\\/#website\",\"url\":\"https:\\\/\\\/herbow.eu\\\/\",\"name\":\"Herbow | Herbal Organic World\",\"description\":\"Herbal Organic World\",\"publisher\":{\"@id\":\"https:\\\/\\\/herbow.eu\\\/#organization\"},\"potentialAction\":[{\"@type\":\"SearchAction\",\"target\":{\"@type\":\"EntryPoint\",\"urlTemplate\":\"https:\\\/\\\/herbow.eu\\\/?s={search_term_string}\"},\"query-input\":{\"@type\":\"PropertyValueSpecification\",\"valueRequired\":true,\"valueName\":\"search_term_string\"}}],\"inLanguage\":\"sv-SE\"},{\"@type\":\"Organization\",\"@id\":\"https:\\\/\\\/herbow.eu\\\/#organization\",\"name\":\"Herbow International Zrt.\",\"url\":\"https:\\\/\\\/herbow.eu\\\/\",\"logo\":{\"@type\":\"ImageObject\",\"inLanguage\":\"sv-SE\",\"@id\":\"https:\\\/\\\/herbow.eu\\\/#\\\/schema\\\/logo\\\/image\\\/\",\"url\":\"https:\\\/\\\/herbow.eu\\\/wp-content\\\/uploads\\\/2025\\\/07\\\/herbow_logo_hun_2021-01_w-slogan_no-background.png\",\"contentUrl\":\"https:\\\/\\\/herbow.eu\\\/wp-content\\\/uploads\\\/2025\\\/07\\\/herbow_logo_hun_2021-01_w-slogan_no-background.png\",\"width\":2366,\"height\":1732,\"caption\":\"Herbow International Zrt.\"},\"image\":{\"@id\":\"https:\\\/\\\/herbow.eu\\\/#\\\/schema\\\/logo\\\/image\\\/\"},\"sameAs\":[\"https:\\\/\\\/www.facebook.com\\\/herbowmosodioslabda\\\/\",\"https:\\\/\\\/www.instagram.com\\\/herbowmosodioslabda\\\/\"]}]}<\/script>\n<!-- \/ Yoast SEO plugin. -->","yoast_head_json":{"title":"Herbow Mos\u00f3sz\u00f3da 850g - Herbow | International","description":"Term\u00e9szetes, k\u00f6rnyezetbar\u00e1t tiszt\u00edt\u00f3szer, amely v\u00edzl\u00e1gy\u00edt\u00f3, zs\u00edrold\u00f3 \u00e9s szagtalan\u00edt\u00f3 hat\u00e1s\u00e1nak k\u00f6sz\u00f6nhet\u0151en hat\u00e9konyan tiszt\u00edtja a text\u00edli\u00e1kat \u00e9s a h\u00e1ztart\u00e1si fel\u00fcleteket. K\u00edm\u00e9letes a k\u00f6rnyezethez, m\u00e9gis er\u0151teljes a szennyez\u0151d\u00e9sekkel szemben.","robots":{"index":"index","follow":"follow","max-snippet":"max-snippet:-1","max-image-preview":"max-image-preview:large","max-video-preview":"max-video-preview:-1"},"canonical":"https:\/\/herbow.eu\/sv\/product\/herbow-mososzoda-850g\/","og_locale":"sv_SE","og_type":"article","og_title":"Herbow Mos\u00f3sz\u00f3da 850g - Herbow | International","og_description":"Term\u00e9szetes, k\u00f6rnyezetbar\u00e1t tiszt\u00edt\u00f3szer, amely v\u00edzl\u00e1gy\u00edt\u00f3, zs\u00edrold\u00f3 \u00e9s szagtalan\u00edt\u00f3 hat\u00e1s\u00e1nak k\u00f6sz\u00f6nhet\u0151en hat\u00e9konyan tiszt\u00edtja a text\u00edli\u00e1kat \u00e9s a h\u00e1ztart\u00e1si fel\u00fcleteket. K\u00edm\u00e9letes a k\u00f6rnyezethez, m\u00e9gis er\u0151teljes a szennyez\u0151d\u00e9sekkel szemben.","og_url":"https:\/\/herbow.eu\/sv\/product\/herbow-mososzoda-850g\/","og_site_name":"Herbow | International","article_publisher":"https:\/\/www.facebook.com\/herbowmosodioslabda\/","article_modified_time":"2026-03-17T09:58:34+00:00","og_image":[{"width":2000,"height":2000,"url":"https:\/\/herbow.eu\/wp-content\/uploads\/2025\/08\/Herbow_mososzoda_290x100mm_cimke_flakonra_v5_karbon_UFI_redesign.png","type":"image\/png"}],"twitter_card":"summary_large_image","twitter_misc":{"Ber\u00e4knad l\u00e4stid":"2 minuter"},"schema":{"@context":"https:\/\/schema.org","@graph":[{"@type":"WebPage","@id":"https:\/\/herbow.eu\/product\/herbow-mososzoda-850g\/","url":"https:\/\/herbow.eu\/product\/herbow-mososzoda-850g\/","name":"Herbow Mos\u00f3sz\u00f3da 850g - Herbow | International","isPartOf":{"@id":"https:\/\/herbow.eu\/#website"},"primaryImageOfPage":{"@id":"https:\/\/herbow.eu\/product\/herbow-mososzoda-850g\/#primaryimage"},"image":{"@id":"https:\/\/herbow.eu\/product\/herbow-mososzoda-850g\/#primaryimage"},"thumbnailUrl":"https:\/\/herbow.eu\/wp-content\/uploads\/2025\/08\/Herbow_mososzoda_290x100mm_cimke_flakonra_v5_karbon_UFI_redesign.png","datePublished":"2025-08-18T09:05:53+00:00","dateModified":"2026-03-17T09:58:34+00:00","description":"Term\u00e9szetes, k\u00f6rnyezetbar\u00e1t tiszt\u00edt\u00f3szer, amely v\u00edzl\u00e1gy\u00edt\u00f3, zs\u00edrold\u00f3 \u00e9s szagtalan\u00edt\u00f3 hat\u00e1s\u00e1nak k\u00f6sz\u00f6nhet\u0151en hat\u00e9konyan tiszt\u00edtja a text\u00edli\u00e1kat \u00e9s a h\u00e1ztart\u00e1si fel\u00fcleteket. K\u00edm\u00e9letes a k\u00f6rnyezethez, m\u00e9gis er\u0151teljes a szennyez\u0151d\u00e9sekkel szemben.","breadcrumb":{"@id":"https:\/\/herbow.eu\/product\/herbow-mososzoda-850g\/#breadcrumb"},"inLanguage":"sv-SE","potentialAction":[{"@type":"ReadAction","target":["https:\/\/herbow.eu\/product\/herbow-mososzoda-850g\/"]}]},{"@type":"ImageObject","inLanguage":"sv-SE","@id":"https:\/\/herbow.eu\/product\/herbow-mososzoda-850g\/#primaryimage","url":"https:\/\/herbow.eu\/wp-content\/uploads\/2025\/08\/Herbow_mososzoda_290x100mm_cimke_flakonra_v5_karbon_UFI_redesign.png","contentUrl":"https:\/\/herbow.eu\/wp-content\/uploads\/2025\/08\/Herbow_mososzoda_290x100mm_cimke_flakonra_v5_karbon_UFI_redesign.png","width":2000,"height":2000},{"@type":"BreadcrumbList","@id":"https:\/\/herbow.eu\/product\/herbow-mososzoda-850g\/#breadcrumb","itemListElement":[{"@type":"ListItem","position":1,"name":"Kezd\u0151lap","item":"https:\/\/herbow.eu\/"},{"@type":"ListItem","position":2,"name":"Shop","item":"https:\/\/herbow.eu\/shop\/"},{"@type":"ListItem","position":3,"name":"Herbow Mos\u00f3sz\u00f3da 850g"}]},{"@type":"WebSite","@id":"https:\/\/herbow.eu\/#website","url":"https:\/\/herbow.eu\/","name":"Herbow | Herbal Organic World","description":"Herbal Organic World","publisher":{"@id":"https:\/\/herbow.eu\/#organization"},"potentialAction":[{"@type":"SearchAction","target":{"@type":"EntryPoint","urlTemplate":"https:\/\/herbow.eu\/?s={search_term_string}"},"query-input":{"@type":"PropertyValueSpecification","valueRequired":true,"valueName":"search_term_string"}}],"inLanguage":"sv-SE"},{"@type":"Organization","@id":"https:\/\/herbow.eu\/#organization","name":"Herbow International Zrt.","url":"https:\/\/herbow.eu\/","logo":{"@type":"ImageObject","inLanguage":"sv-SE","@id":"https:\/\/herbow.eu\/#\/schema\/logo\/image\/","url":"https:\/\/herbow.eu\/wp-content\/uploads\/2025\/07\/herbow_logo_hun_2021-01_w-slogan_no-background.png","contentUrl":"https:\/\/herbow.eu\/wp-content\/uploads\/2025\/07\/herbow_logo_hun_2021-01_w-slogan_no-background.png","width":2366,"height":1732,"caption":"Herbow International Zrt."},"image":{"@id":"https:\/\/herbow.eu\/#\/schema\/logo\/image\/"},"sameAs":["https:\/\/www.facebook.com\/herbowmosodioslabda\/","https:\/\/www.instagram.com\/herbowmosodioslabda\/"]}]}},"jetpack_likes_enabled":true,"jetpack_sharing_enabled":true,"_links":{"self":[{"href":"https:\/\/herbow.eu\/sv\/wp-json\/wp\/v2\/product\/1012","targetHints":{"allow":["GET"]}}],"collection":[{"href":"https:\/\/herbow.eu\/sv\/wp-json\/wp\/v2\/product"}],"about":[{"href":"https:\/\/herbow.eu\/sv\/wp-json\/wp\/v2\/types\/product"}],"replies":[{"embeddable":true,"href":"https:\/\/herbow.eu\/sv\/wp-json\/wp\/v2\/comments?post=1012"}],"wp:featuredmedia":[{"embeddable":true,"href":"https:\/\/herbow.eu\/sv\/wp-json\/wp\/v2\/media\/872"}],"wp:attachment":[{"href":"https:\/\/herbow.eu\/sv\/wp-json\/wp\/v2\/media?parent=1012"}],"wp:term":[{"taxonomy":"product_brand","embeddable":true,"href":"https:\/\/herbow.eu\/sv\/wp-json\/wp\/v2\/product_brand?post=1012"},{"taxonomy":"product_cat","embeddable":true,"href":"https:\/\/herbow.eu\/sv\/wp-json\/wp\/v2\/product_cat?post=1012"},{"taxonomy":"product_tag","embeddable":true,"href":"https:\/\/herbow.eu\/sv\/wp-json\/wp\/v2\/product_tag?post=1012"}],"curies":[{"name":"wp","href":"https:\/\/api.w.org\/{rel}","templated":true}]}}