{"id":1008,"date":"2025-08-18T11:05:53","date_gmt":"2025-08-18T09:05:53","guid":{"rendered":"https:\/\/herbow.eu\/product\/herbow-textiloblito-ragyogo-nap\/"},"modified":"2026-03-17T10:58:30","modified_gmt":"2026-03-17T09:58:30","slug":"herbow-textiloblito-stralande-sol","status":"publish","type":"product","link":"https:\/\/herbow.eu\/sv\/product\/herbow-textiloblito-ragyogo-nap\/","title":{"rendered":"Herbow Textilsk\u00f6lj - Brilliant Sun 3000ml"},"content":{"rendered":"<p>Herbow Textilsk\u00f6ljmedel Ragyog\u00f3 Nap f\u00e5ngar sommarens soliga v\u00e4rme och naturens friskhet i en flaska. Den saftiga, tropiska doften av mango och den mjuka naturligheten hos nyklippt h\u00f6 \u00e5terger tillsammans doften av kl\u00e4der som torkar i solskenet. Formulan, som inneh\u00e5ller v\u00e4xtbaserade, katjoniska ingredienser, g\u00f6r textilierna mjuka och snygga, minskar statisk elektricitet och underl\u00e4ttar strykningen.<br \/>\nDen fosfat- och klorfria, veganska och biologiskt nedbrytbara formulan \u00e4r skonsam mot huden och milj\u00f6n, samtidigt som den bevarar kl\u00e4dernas naturliga mjukhet och fr\u00e4sch\u00f6r under l\u00e5ng tid.<\/p>\n<p>Doften av Ragyog\u00f3 Nap \u00e4r fruktig och naturlig \u2013 en gnutta sommargl\u00e4dje efter varje tv\u00e4tt.<\/p>\n<p>Rekommenderad dosering:<\/p>\n<ul>\n<li>Vid maskindisk ska du anv\u00e4nda 20 ml (ca 2\/3 kopp) sk\u00f6ljmedel f\u00f6r en tv\u00e4tt p\u00e5 4,5 kg.<\/li>\n<li>F\u00f6r handtv\u00e4tt r\u00e4cker det med 15 ml per 10 liter vatten.<\/li>\n<li>Sk\u00f6ljningen beh\u00f6ver inte sp\u00e4das ut.<\/li>\n<\/ul>","protected":false},"excerpt":{"rendered":"<p>Den naturliga harmonin mellan solmogen mango och nyklippt h\u00f6 fyller kl\u00e4derna med liv. En naturlig, v\u00e4xtbaserad formula som g\u00f6r textilierna mjuka, sk\u00f6na att ta p\u00e5 och ger dem en fr\u00e4sch doft.<\/p>\n<p>F\u00f6rpackning: 3000 ml<\/p>","protected":false},"featured_media":893,"comment_status":"open","ping_status":"closed","template":"","meta":[],"product_brand":[1397],"product_cat":[1399],"product_tag":[1431,1567,1583,1606,1578,1599,1602,1467,1523,1524,1608,1561,1593,1605,1604,1409,1596,1595,1549,1601,1562,1589,1598,1558,1609,1611,1597,1525,1612,1526,1600,1445,1587,1607,1503,1603,1610],"class_list":{"0":"post-1008","1":"product","2":"type-product","3":"status-publish","4":"has-post-thumbnail","6":"product_brand-herbow","7":"product_cat-textiloblito","8":"product_tag-allergenmentes","9":"product_tag-allatkiserlet-mentes","10":"product_tag-erzekeny-borueknek-is","11":"product_tag-oko-haztartas-megoldas","12":"product_tag-oko-mososzer","13":"product_tag-oko-tisztitoszer","14":"product_tag-bababarat-termek","15":"product_tag-biologiailag-lebomlo","16":"product_tag-biztonsagos-osszetevok","17":"product_tag-borbarat-formula","18":"product_tag-feluletkimelo-tisztitas","19":"product_tag-fenntarthato-haztartas","20":"product_tag-foszfatmentes","21":"product_tag-friss-illat","22":"product_tag-hatekony-tisztitas","23":"product_tag-herbow","24":"product_tag-herbow-haztartas","25":"product_tag-herbow-termek","26":"product_tag-herbtech-formula","27":"product_tag-hipoallergen-osszetevok","28":"product_tag-illatmentes-opcio","29":"product_tag-kimeletes-tisztitas","30":"product_tag-kornyezetbarat-termek","31":"product_tag-melytisztito-hatas","32":"product_tag-mindennapi-hasznalatra","33":"product_tag-modern-oko-tisztitas","34":"product_tag-novenyi-alapu-formula","35":"product_tag-parabenmentes","36":"product_tag-premium-minoseg","37":"product_tag-szinezekmentes","38":"product_tag-termeszetbarat-tisztitas","39":"product_tag-termeszetes-osszetevok","40":"product_tag-termeszetes-illat","41":"product_tag-textilkimelo","42":"product_tag-tudatos-haztartas","43":"product_tag-vegan-termek","44":"product_tag-zero-waste-szemlelet","46":"first","47":"instock","48":"taxable","49":"shipping-taxable","50":"product-type-simple"},"yoast_head":"<!-- This site is optimized with the Yoast SEO plugin v27.5 - https:\/\/yoast.com\/product\/yoast-seo-wordpress\/ -->\n<title>Herbow Textil\u00f6bl\u00edt\u0151 - Ragyog\u00f3 Nap 3000ml - Herbow | International<\/title>\n<meta name=\"description\" content=\"A nap\u00e9rlelt mang\u00f3 \u00e9s a frissen kasz\u00e1lt sz\u00e9na term\u00e9szetes harm\u00f3ni\u00e1ja \u00e9lettel t\u00f6lti meg a ruh\u00e1kat.Term\u00e9szetes eredet\u0171, n\u00f6v\u00e9nyi alap\u00fa formula, amely puh\u00e1v\u00e1, kellemes tapint\u00e1s\u00fav\u00e1 \u00e9s friss illat\u00fav\u00e1 var\u00e1zsolja a text\u00edli\u00e1kat.\" \/>\n<meta name=\"robots\" content=\"index, follow, max-snippet:-1, max-image-preview:large, max-video-preview:-1\" \/>\n<link rel=\"canonical\" href=\"https:\/\/herbow.eu\/sv\/product\/herbow-textiloblito-stralande-sol\/\" \/>\n<meta property=\"og:locale\" content=\"sv_SE\" \/>\n<meta property=\"og:type\" content=\"article\" \/>\n<meta property=\"og:title\" content=\"Herbow Textil\u00f6bl\u00edt\u0151 - Ragyog\u00f3 Nap 3000ml - Herbow | International\" \/>\n<meta property=\"og:description\" content=\"A nap\u00e9rlelt mang\u00f3 \u00e9s a frissen kasz\u00e1lt sz\u00e9na term\u00e9szetes harm\u00f3ni\u00e1ja \u00e9lettel t\u00f6lti meg a ruh\u00e1kat.Term\u00e9szetes eredet\u0171, n\u00f6v\u00e9nyi alap\u00fa formula, amely puh\u00e1v\u00e1, kellemes tapint\u00e1s\u00fav\u00e1 \u00e9s friss illat\u00fav\u00e1 var\u00e1zsolja a text\u00edli\u00e1kat.\" \/>\n<meta property=\"og:url\" content=\"https:\/\/herbow.eu\/sv\/product\/herbow-textiloblito-stralande-sol\/\" \/>\n<meta property=\"og:site_name\" content=\"Herbow | International\" \/>\n<meta property=\"article:publisher\" content=\"https:\/\/www.facebook.com\/herbowmosodioslabda\/\" \/>\n<meta property=\"article:modified_time\" content=\"2026-03-17T09:58:30+00:00\" \/>\n<meta property=\"og:image\" content=\"https:\/\/herbow.eu\/wp-content\/uploads\/2025\/08\/Herbow-aktualis_textiloblito_3000ml_redesign_radiant_sun_v3_latvany.png\" \/>\n\t<meta property=\"og:image:width\" content=\"2000\" \/>\n\t<meta property=\"og:image:height\" content=\"2000\" \/>\n\t<meta property=\"og:image:type\" content=\"image\/png\" \/>\n<meta name=\"twitter:card\" content=\"summary_large_image\" \/>\n<meta name=\"twitter:label1\" content=\"Ber\u00e4knad l\u00e4stid\" \/>\n\t<meta name=\"twitter:data1\" content=\"1 minut\" \/>\n<script type=\"application\/ld+json\" class=\"yoast-schema-graph\">{\"@context\":\"https:\\\/\\\/schema.org\",\"@graph\":[{\"@type\":\"WebPage\",\"@id\":\"https:\\\/\\\/herbow.eu\\\/product\\\/herbow-textiloblito-ragyogo-nap\\\/\",\"url\":\"https:\\\/\\\/herbow.eu\\\/product\\\/herbow-textiloblito-ragyogo-nap\\\/\",\"name\":\"Herbow Textil\u00f6bl\u00edt\u0151 - Ragyog\u00f3 Nap 3000ml - Herbow | International\",\"isPartOf\":{\"@id\":\"https:\\\/\\\/herbow.eu\\\/#website\"},\"primaryImageOfPage\":{\"@id\":\"https:\\\/\\\/herbow.eu\\\/product\\\/herbow-textiloblito-ragyogo-nap\\\/#primaryimage\"},\"image\":{\"@id\":\"https:\\\/\\\/herbow.eu\\\/product\\\/herbow-textiloblito-ragyogo-nap\\\/#primaryimage\"},\"thumbnailUrl\":\"https:\\\/\\\/herbow.eu\\\/wp-content\\\/uploads\\\/2025\\\/08\\\/Herbow-aktualis_textiloblito_3000ml_redesign_radiant_sun_v3_latvany.png\",\"datePublished\":\"2025-08-18T09:05:53+00:00\",\"dateModified\":\"2026-03-17T09:58:30+00:00\",\"description\":\"A nap\u00e9rlelt mang\u00f3 \u00e9s a frissen kasz\u00e1lt sz\u00e9na term\u00e9szetes harm\u00f3ni\u00e1ja \u00e9lettel t\u00f6lti meg a ruh\u00e1kat.Term\u00e9szetes eredet\u0171, n\u00f6v\u00e9nyi alap\u00fa formula, amely puh\u00e1v\u00e1, kellemes tapint\u00e1s\u00fav\u00e1 \u00e9s friss illat\u00fav\u00e1 var\u00e1zsolja a text\u00edli\u00e1kat.\",\"breadcrumb\":{\"@id\":\"https:\\\/\\\/herbow.eu\\\/product\\\/herbow-textiloblito-ragyogo-nap\\\/#breadcrumb\"},\"inLanguage\":\"sv-SE\",\"potentialAction\":[{\"@type\":\"ReadAction\",\"target\":[\"https:\\\/\\\/herbow.eu\\\/product\\\/herbow-textiloblito-ragyogo-nap\\\/\"]}]},{\"@type\":\"ImageObject\",\"inLanguage\":\"sv-SE\",\"@id\":\"https:\\\/\\\/herbow.eu\\\/product\\\/herbow-textiloblito-ragyogo-nap\\\/#primaryimage\",\"url\":\"https:\\\/\\\/herbow.eu\\\/wp-content\\\/uploads\\\/2025\\\/08\\\/Herbow-aktualis_textiloblito_3000ml_redesign_radiant_sun_v3_latvany.png\",\"contentUrl\":\"https:\\\/\\\/herbow.eu\\\/wp-content\\\/uploads\\\/2025\\\/08\\\/Herbow-aktualis_textiloblito_3000ml_redesign_radiant_sun_v3_latvany.png\",\"width\":2000,\"height\":2000},{\"@type\":\"BreadcrumbList\",\"@id\":\"https:\\\/\\\/herbow.eu\\\/product\\\/herbow-textiloblito-ragyogo-nap\\\/#breadcrumb\",\"itemListElement\":[{\"@type\":\"ListItem\",\"position\":1,\"name\":\"Kezd\u0151lap\",\"item\":\"https:\\\/\\\/herbow.eu\\\/\"},{\"@type\":\"ListItem\",\"position\":2,\"name\":\"Shop\",\"item\":\"https:\\\/\\\/herbow.eu\\\/shop\\\/\"},{\"@type\":\"ListItem\",\"position\":3,\"name\":\"Herbow Textil\u00f6bl\u00edt\u0151 &#8211; Ragyog\u00f3 Nap 3000ml\"}]},{\"@type\":\"WebSite\",\"@id\":\"https:\\\/\\\/herbow.eu\\\/#website\",\"url\":\"https:\\\/\\\/herbow.eu\\\/\",\"name\":\"Herbow | Herbal Organic World\",\"description\":\"Herbal Organic World\",\"publisher\":{\"@id\":\"https:\\\/\\\/herbow.eu\\\/#organization\"},\"potentialAction\":[{\"@type\":\"SearchAction\",\"target\":{\"@type\":\"EntryPoint\",\"urlTemplate\":\"https:\\\/\\\/herbow.eu\\\/?s={search_term_string}\"},\"query-input\":{\"@type\":\"PropertyValueSpecification\",\"valueRequired\":true,\"valueName\":\"search_term_string\"}}],\"inLanguage\":\"sv-SE\"},{\"@type\":\"Organization\",\"@id\":\"https:\\\/\\\/herbow.eu\\\/#organization\",\"name\":\"Herbow International Zrt.\",\"url\":\"https:\\\/\\\/herbow.eu\\\/\",\"logo\":{\"@type\":\"ImageObject\",\"inLanguage\":\"sv-SE\",\"@id\":\"https:\\\/\\\/herbow.eu\\\/#\\\/schema\\\/logo\\\/image\\\/\",\"url\":\"https:\\\/\\\/herbow.eu\\\/wp-content\\\/uploads\\\/2025\\\/07\\\/herbow_logo_hun_2021-01_w-slogan_no-background.png\",\"contentUrl\":\"https:\\\/\\\/herbow.eu\\\/wp-content\\\/uploads\\\/2025\\\/07\\\/herbow_logo_hun_2021-01_w-slogan_no-background.png\",\"width\":2366,\"height\":1732,\"caption\":\"Herbow International Zrt.\"},\"image\":{\"@id\":\"https:\\\/\\\/herbow.eu\\\/#\\\/schema\\\/logo\\\/image\\\/\"},\"sameAs\":[\"https:\\\/\\\/www.facebook.com\\\/herbowmosodioslabda\\\/\",\"https:\\\/\\\/www.instagram.com\\\/herbowmosodioslabda\\\/\"]}]}<\/script>\n<!-- \/ Yoast SEO plugin. -->","yoast_head_json":{"title":"Herbow Textilsk\u00f6ljmedel \u2013 Str\u00e5lande sol 3000 ml \u2013 Herbow | International","description":"Den naturliga harmonin mellan solmogen mango och nyklippt h\u00f6 fyller kl\u00e4derna med liv. En naturlig, v\u00e4xtbaserad formula som g\u00f6r textilierna mjuka, sk\u00f6na att ta p\u00e5 och ger dem en fr\u00e4sch doft.","robots":{"index":"index","follow":"follow","max-snippet":"max-snippet:-1","max-image-preview":"max-image-preview:large","max-video-preview":"max-video-preview:-1"},"canonical":"https:\/\/herbow.eu\/sv\/product\/herbow-textiloblito-stralande-sol\/","og_locale":"sv_SE","og_type":"article","og_title":"Herbow Textil\u00f6bl\u00edt\u0151 - Ragyog\u00f3 Nap 3000ml - Herbow | International","og_description":"A nap\u00e9rlelt mang\u00f3 \u00e9s a frissen kasz\u00e1lt sz\u00e9na term\u00e9szetes harm\u00f3ni\u00e1ja \u00e9lettel t\u00f6lti meg a ruh\u00e1kat.Term\u00e9szetes eredet\u0171, n\u00f6v\u00e9nyi alap\u00fa formula, amely puh\u00e1v\u00e1, kellemes tapint\u00e1s\u00fav\u00e1 \u00e9s friss illat\u00fav\u00e1 var\u00e1zsolja a text\u00edli\u00e1kat.","og_url":"https:\/\/herbow.eu\/sv\/product\/herbow-textiloblito-stralande-sol\/","og_site_name":"Herbow | International","article_publisher":"https:\/\/www.facebook.com\/herbowmosodioslabda\/","article_modified_time":"2026-03-17T09:58:30+00:00","og_image":[{"width":2000,"height":2000,"url":"https:\/\/herbow.eu\/wp-content\/uploads\/2025\/08\/Herbow-aktualis_textiloblito_3000ml_redesign_radiant_sun_v3_latvany.png","type":"image\/png"}],"twitter_card":"summary_large_image","twitter_misc":{"Ber\u00e4knad l\u00e4stid":"1 minut"},"schema":{"@context":"https:\/\/schema.org","@graph":[{"@type":"WebPage","@id":"https:\/\/herbow.eu\/product\/herbow-textiloblito-ragyogo-nap\/","url":"https:\/\/herbow.eu\/product\/herbow-textiloblito-ragyogo-nap\/","name":"Herbow Textilsk\u00f6ljmedel \u2013 Str\u00e5lande sol 3000 ml \u2013 Herbow | International","isPartOf":{"@id":"https:\/\/herbow.eu\/#website"},"primaryImageOfPage":{"@id":"https:\/\/herbow.eu\/product\/herbow-textiloblito-ragyogo-nap\/#primaryimage"},"image":{"@id":"https:\/\/herbow.eu\/product\/herbow-textiloblito-ragyogo-nap\/#primaryimage"},"thumbnailUrl":"https:\/\/herbow.eu\/wp-content\/uploads\/2025\/08\/Herbow-aktualis_textiloblito_3000ml_redesign_radiant_sun_v3_latvany.png","datePublished":"2025-08-18T09:05:53+00:00","dateModified":"2026-03-17T09:58:30+00:00","description":"Den naturliga harmonin mellan solmogen mango och nyklippt h\u00f6 fyller kl\u00e4derna med liv. En naturlig, v\u00e4xtbaserad formula som g\u00f6r textilierna mjuka, sk\u00f6na att ta p\u00e5 och ger dem en fr\u00e4sch doft.","breadcrumb":{"@id":"https:\/\/herbow.eu\/product\/herbow-textiloblito-ragyogo-nap\/#breadcrumb"},"inLanguage":"sv-SE","potentialAction":[{"@type":"ReadAction","target":["https:\/\/herbow.eu\/product\/herbow-textiloblito-ragyogo-nap\/"]}]},{"@type":"ImageObject","inLanguage":"sv-SE","@id":"https:\/\/herbow.eu\/product\/herbow-textiloblito-ragyogo-nap\/#primaryimage","url":"https:\/\/herbow.eu\/wp-content\/uploads\/2025\/08\/Herbow-aktualis_textiloblito_3000ml_redesign_radiant_sun_v3_latvany.png","contentUrl":"https:\/\/herbow.eu\/wp-content\/uploads\/2025\/08\/Herbow-aktualis_textiloblito_3000ml_redesign_radiant_sun_v3_latvany.png","width":2000,"height":2000},{"@type":"BreadcrumbList","@id":"https:\/\/herbow.eu\/product\/herbow-textiloblito-ragyogo-nap\/#breadcrumb","itemListElement":[{"@type":"ListItem","position":1,"name":"Kezd\u0151lap","item":"https:\/\/herbow.eu\/"},{"@type":"ListItem","position":2,"name":"Shop","item":"https:\/\/herbow.eu\/shop\/"},{"@type":"ListItem","position":3,"name":"Herbow Textil\u00f6bl\u00edt\u0151 &#8211; Ragyog\u00f3 Nap 3000ml"}]},{"@type":"WebSite","@id":"https:\/\/herbow.eu\/#website","url":"https:\/\/herbow.eu\/","name":"Herbow | Herbal Organic World","description":"Herbal Organic World","publisher":{"@id":"https:\/\/herbow.eu\/#organization"},"potentialAction":[{"@type":"SearchAction","target":{"@type":"EntryPoint","urlTemplate":"https:\/\/herbow.eu\/?s={search_term_string}"},"query-input":{"@type":"PropertyValueSpecification","valueRequired":true,"valueName":"search_term_string"}}],"inLanguage":"sv-SE"},{"@type":"Organization","@id":"https:\/\/herbow.eu\/#organization","name":"Herbow International Zrt.","url":"https:\/\/herbow.eu\/","logo":{"@type":"ImageObject","inLanguage":"sv-SE","@id":"https:\/\/herbow.eu\/#\/schema\/logo\/image\/","url":"https:\/\/herbow.eu\/wp-content\/uploads\/2025\/07\/herbow_logo_hun_2021-01_w-slogan_no-background.png","contentUrl":"https:\/\/herbow.eu\/wp-content\/uploads\/2025\/07\/herbow_logo_hun_2021-01_w-slogan_no-background.png","width":2366,"height":1732,"caption":"Herbow International Zrt."},"image":{"@id":"https:\/\/herbow.eu\/#\/schema\/logo\/image\/"},"sameAs":["https:\/\/www.facebook.com\/herbowmosodioslabda\/","https:\/\/www.instagram.com\/herbowmosodioslabda\/"]}]}},"jetpack_likes_enabled":true,"jetpack_sharing_enabled":true,"_links":{"self":[{"href":"https:\/\/herbow.eu\/sv\/wp-json\/wp\/v2\/product\/1008","targetHints":{"allow":["GET"]}}],"collection":[{"href":"https:\/\/herbow.eu\/sv\/wp-json\/wp\/v2\/product"}],"about":[{"href":"https:\/\/herbow.eu\/sv\/wp-json\/wp\/v2\/types\/product"}],"replies":[{"embeddable":true,"href":"https:\/\/herbow.eu\/sv\/wp-json\/wp\/v2\/comments?post=1008"}],"wp:featuredmedia":[{"embeddable":true,"href":"https:\/\/herbow.eu\/sv\/wp-json\/wp\/v2\/media\/893"}],"wp:attachment":[{"href":"https:\/\/herbow.eu\/sv\/wp-json\/wp\/v2\/media?parent=1008"}],"wp:term":[{"taxonomy":"product_brand","embeddable":true,"href":"https:\/\/herbow.eu\/sv\/wp-json\/wp\/v2\/product_brand?post=1008"},{"taxonomy":"product_cat","embeddable":true,"href":"https:\/\/herbow.eu\/sv\/wp-json\/wp\/v2\/product_cat?post=1008"},{"taxonomy":"product_tag","embeddable":true,"href":"https:\/\/herbow.eu\/sv\/wp-json\/wp\/v2\/product_tag?post=1008"}],"curies":[{"name":"wp","href":"https:\/\/api.w.org\/{rel}","templated":true}]}}