{"id":1005,"date":"2025-08-18T11:05:52","date_gmt":"2025-08-18T09:05:52","guid":{"rendered":"https:\/\/herbow.eu\/product\/herbow-textiloblito-legy-boldog\/"},"modified":"2026-03-17T10:58:48","modified_gmt":"2026-03-17T09:58:48","slug":"herbow-textiloblito-legy-boldog","status":"publish","type":"product","link":"https:\/\/herbow.eu\/sv\/product\/herbow-textiloblito-legy-boldog\/","title":{"rendered":"Herbow Fabric Rinse - Var glad!"},"content":{"rendered":"<div>Herbow Fabric Softener Be Happy \u00e4r en naturlig, v\u00e4xtbaserad formula som inte bara ger en delikat, naturlig doft, utan ocks\u00e5 g\u00f6r tygerna mjuka och l\u00e4tta att hantera.<\/div>\n<div>Tack vare sina antistatiska egenskaper minskar den ansamlingar p\u00e5 kl\u00e4derna samtidigt som fibrerna sl\u00e4tas ut och strykningen underl\u00e4ttas. Den mjuka, fr\u00e4scha doften av exotisk guayabafrukt framkallar gl\u00e4djen av sommarsolsken efter varje tv\u00e4tt. Doften \u00e4r harmonisk och balanserad och ger friskhet och l\u00e4tthet till vardagskl\u00e4derna. Den naturligt framst\u00e4llda katjoniska tensidformeln erbjuder ett milj\u00f6- och hudv\u00e4nligt alternativ till traditionella sk\u00f6ljmedel, s\u00e5 att du kan ta ett steg mot en mer h\u00e5llbar vardag.<\/div>\n<div><\/div>\n<div><strong>Rekommenderad dosering:<\/strong><\/div>\n<ul>\n<li>Vid maskindisk ska du anv\u00e4nda 20 ml (ca 2\/3 kopp) sk\u00f6ljmedel f\u00f6r en tv\u00e4tt p\u00e5 4,5 kg.<\/li>\n<li>F\u00f6r handtv\u00e4tt r\u00e4cker det med 15 ml per 10 liter vatten.<\/li>\n<\/ul>\n<div><\/div>\n<div><em>Sk\u00f6ljningen beh\u00f6ver inte sp\u00e4das ut.<\/em><\/div>","protected":false},"excerpt":{"rendered":"<p>Az egzotikus guayaba gy\u00fcm\u00f6lcs l\u00e1gy, friss illata puhas\u00e1got \u00e9s frissess\u00e9get ad a ruh\u00e1knak minden mos\u00e1s ut\u00e1n. Term\u00e9szetes alap\u00fa formul\u00e1ja seg\u00edt megel\u0151zni a sztatikus felt\u00f6lt\u0151d\u00e9st \u00e9s megk\u00f6nny\u00edti a vasal\u00e1st.<\/p>\n<p>Kiszerel\u00e9s: 2000ml | 3000ml<\/p>","protected":false},"featured_media":887,"comment_status":"open","ping_status":"closed","template":"","meta":[],"product_brand":[1397],"product_cat":[1399],"product_tag":[1431,1567,1583,1606,1578,1599,1602,1467,1523,1524,1608,1561,1593,1605,1604,1409,1596,1595,1549,1601,1562,1589,1598,1558,1609,1611,1597,1525,1612,1526,1600,1445,1587,1607,1503,1603,1610],"class_list":{"0":"post-1005","1":"product","2":"type-product","3":"status-publish","4":"has-post-thumbnail","6":"product_brand-herbow","7":"product_cat-textiloblito","8":"product_tag-allergenmentes","9":"product_tag-allatkiserlet-mentes","10":"product_tag-erzekeny-borueknek-is","11":"product_tag-oko-haztartas-megoldas","12":"product_tag-oko-mososzer","13":"product_tag-oko-tisztitoszer","14":"product_tag-bababarat-termek","15":"product_tag-biologiailag-lebomlo","16":"product_tag-biztonsagos-osszetevok","17":"product_tag-borbarat-formula","18":"product_tag-feluletkimelo-tisztitas","19":"product_tag-fenntarthato-haztartas","20":"product_tag-foszfatmentes","21":"product_tag-friss-illat","22":"product_tag-hatekony-tisztitas","23":"product_tag-herbow","24":"product_tag-herbow-haztartas","25":"product_tag-herbow-termek","26":"product_tag-herbtech-formula","27":"product_tag-hipoallergen-osszetevok","28":"product_tag-illatmentes-opcio","29":"product_tag-kimeletes-tisztitas","30":"product_tag-kornyezetbarat-termek","31":"product_tag-melytisztito-hatas","32":"product_tag-mindennapi-hasznalatra","33":"product_tag-modern-oko-tisztitas","34":"product_tag-novenyi-alapu-formula","35":"product_tag-parabenmentes","36":"product_tag-premium-minoseg","37":"product_tag-szinezekmentes","38":"product_tag-termeszetbarat-tisztitas","39":"product_tag-termeszetes-osszetevok","40":"product_tag-termeszetes-illat","41":"product_tag-textilkimelo","42":"product_tag-tudatos-haztartas","43":"product_tag-vegan-termek","44":"product_tag-zero-waste-szemlelet","46":"first","47":"instock","48":"taxable","49":"shipping-taxable","50":"product-type-variable"},"yoast_head":"<!-- This site is optimized with the Yoast SEO plugin v27.5 - https:\/\/yoast.com\/product\/yoast-seo-wordpress\/ -->\n<title>Herbow Textil\u00f6bl\u00edt\u0151 - L\u00e9gy boldog! - Herbow | International<\/title>\n<meta name=\"description\" content=\"Az egzotikus guayaba gy\u00fcm\u00f6lcs l\u00e1gy, friss illata puhas\u00e1got \u00e9s frissess\u00e9get ad a ruh\u00e1knak minden mos\u00e1s ut\u00e1n. Term\u00e9szetes alap\u00fa formul\u00e1ja seg\u00edt megel\u0151zni a sztatikus felt\u00f6lt\u0151d\u00e9st \u00e9s megk\u00f6nny\u00edti a vasal\u00e1st.\" \/>\n<meta name=\"robots\" content=\"index, follow, max-snippet:-1, max-image-preview:large, max-video-preview:-1\" \/>\n<link rel=\"canonical\" href=\"https:\/\/herbow.eu\/sv\/product\/herbow-textiloblito-legy-boldog\/\" \/>\n<meta property=\"og:locale\" content=\"sv_SE\" \/>\n<meta property=\"og:type\" content=\"article\" \/>\n<meta property=\"og:title\" content=\"Herbow Textil\u00f6bl\u00edt\u0151 - L\u00e9gy boldog! - Herbow | International\" \/>\n<meta property=\"og:description\" content=\"Az egzotikus guayaba gy\u00fcm\u00f6lcs l\u00e1gy, friss illata puhas\u00e1got \u00e9s frissess\u00e9get ad a ruh\u00e1knak minden mos\u00e1s ut\u00e1n. Term\u00e9szetes alap\u00fa formul\u00e1ja seg\u00edt megel\u0151zni a sztatikus felt\u00f6lt\u0151d\u00e9st \u00e9s megk\u00f6nny\u00edti a vasal\u00e1st.\" \/>\n<meta property=\"og:url\" content=\"https:\/\/herbow.eu\/sv\/product\/herbow-textiloblito-legy-boldog\/\" \/>\n<meta property=\"og:site_name\" content=\"Herbow | International\" \/>\n<meta property=\"article:publisher\" content=\"https:\/\/www.facebook.com\/herbowmosodioslabda\/\" \/>\n<meta property=\"article:modified_time\" content=\"2026-03-17T09:58:48+00:00\" \/>\n<meta property=\"og:image\" content=\"https:\/\/herbow.eu\/wp-content\/uploads\/2025\/08\/herbow_textiloblito_2000ml_redesign_be_happy_v4_latvany.png\" \/>\n\t<meta property=\"og:image:width\" content=\"2000\" \/>\n\t<meta property=\"og:image:height\" content=\"2000\" \/>\n\t<meta property=\"og:image:type\" content=\"image\/png\" \/>\n<meta name=\"twitter:card\" content=\"summary_large_image\" \/>\n<meta name=\"twitter:label1\" content=\"Ber\u00e4knad l\u00e4stid\" \/>\n\t<meta name=\"twitter:data1\" content=\"1 minut\" \/>\n<script type=\"application\/ld+json\" class=\"yoast-schema-graph\">{\"@context\":\"https:\\\/\\\/schema.org\",\"@graph\":[{\"@type\":\"WebPage\",\"@id\":\"https:\\\/\\\/herbow.eu\\\/product\\\/herbow-textiloblito-legy-boldog\\\/\",\"url\":\"https:\\\/\\\/herbow.eu\\\/product\\\/herbow-textiloblito-legy-boldog\\\/\",\"name\":\"Herbow Textil\u00f6bl\u00edt\u0151 - L\u00e9gy boldog! - Herbow | International\",\"isPartOf\":{\"@id\":\"https:\\\/\\\/herbow.eu\\\/#website\"},\"primaryImageOfPage\":{\"@id\":\"https:\\\/\\\/herbow.eu\\\/product\\\/herbow-textiloblito-legy-boldog\\\/#primaryimage\"},\"image\":{\"@id\":\"https:\\\/\\\/herbow.eu\\\/product\\\/herbow-textiloblito-legy-boldog\\\/#primaryimage\"},\"thumbnailUrl\":\"https:\\\/\\\/herbow.eu\\\/wp-content\\\/uploads\\\/2025\\\/08\\\/herbow_textiloblito_2000ml_redesign_be_happy_v4_latvany.png\",\"datePublished\":\"2025-08-18T09:05:52+00:00\",\"dateModified\":\"2026-03-17T09:58:48+00:00\",\"description\":\"Az egzotikus guayaba gy\u00fcm\u00f6lcs l\u00e1gy, friss illata puhas\u00e1got \u00e9s frissess\u00e9get ad a ruh\u00e1knak minden mos\u00e1s ut\u00e1n. Term\u00e9szetes alap\u00fa formul\u00e1ja seg\u00edt megel\u0151zni a sztatikus felt\u00f6lt\u0151d\u00e9st \u00e9s megk\u00f6nny\u00edti a vasal\u00e1st.\",\"breadcrumb\":{\"@id\":\"https:\\\/\\\/herbow.eu\\\/product\\\/herbow-textiloblito-legy-boldog\\\/#breadcrumb\"},\"inLanguage\":\"sv-SE\",\"potentialAction\":[{\"@type\":\"ReadAction\",\"target\":[\"https:\\\/\\\/herbow.eu\\\/product\\\/herbow-textiloblito-legy-boldog\\\/\"]}]},{\"@type\":\"ImageObject\",\"inLanguage\":\"sv-SE\",\"@id\":\"https:\\\/\\\/herbow.eu\\\/product\\\/herbow-textiloblito-legy-boldog\\\/#primaryimage\",\"url\":\"https:\\\/\\\/herbow.eu\\\/wp-content\\\/uploads\\\/2025\\\/08\\\/herbow_textiloblito_2000ml_redesign_be_happy_v4_latvany.png\",\"contentUrl\":\"https:\\\/\\\/herbow.eu\\\/wp-content\\\/uploads\\\/2025\\\/08\\\/herbow_textiloblito_2000ml_redesign_be_happy_v4_latvany.png\",\"width\":2000,\"height\":2000},{\"@type\":\"BreadcrumbList\",\"@id\":\"https:\\\/\\\/herbow.eu\\\/product\\\/herbow-textiloblito-legy-boldog\\\/#breadcrumb\",\"itemListElement\":[{\"@type\":\"ListItem\",\"position\":1,\"name\":\"Kezd\u0151lap\",\"item\":\"https:\\\/\\\/herbow.eu\\\/\"},{\"@type\":\"ListItem\",\"position\":2,\"name\":\"Shop\",\"item\":\"https:\\\/\\\/herbow.eu\\\/shop\\\/\"},{\"@type\":\"ListItem\",\"position\":3,\"name\":\"Herbow Textil\u00f6bl\u00edt\u0151 &#8211; L\u00e9gy boldog!\"}]},{\"@type\":\"WebSite\",\"@id\":\"https:\\\/\\\/herbow.eu\\\/#website\",\"url\":\"https:\\\/\\\/herbow.eu\\\/\",\"name\":\"Herbow | Herbal Organic World\",\"description\":\"Herbal Organic World\",\"publisher\":{\"@id\":\"https:\\\/\\\/herbow.eu\\\/#organization\"},\"potentialAction\":[{\"@type\":\"SearchAction\",\"target\":{\"@type\":\"EntryPoint\",\"urlTemplate\":\"https:\\\/\\\/herbow.eu\\\/?s={search_term_string}\"},\"query-input\":{\"@type\":\"PropertyValueSpecification\",\"valueRequired\":true,\"valueName\":\"search_term_string\"}}],\"inLanguage\":\"sv-SE\"},{\"@type\":\"Organization\",\"@id\":\"https:\\\/\\\/herbow.eu\\\/#organization\",\"name\":\"Herbow International Zrt.\",\"url\":\"https:\\\/\\\/herbow.eu\\\/\",\"logo\":{\"@type\":\"ImageObject\",\"inLanguage\":\"sv-SE\",\"@id\":\"https:\\\/\\\/herbow.eu\\\/#\\\/schema\\\/logo\\\/image\\\/\",\"url\":\"https:\\\/\\\/herbow.eu\\\/wp-content\\\/uploads\\\/2025\\\/07\\\/herbow_logo_hun_2021-01_w-slogan_no-background.png\",\"contentUrl\":\"https:\\\/\\\/herbow.eu\\\/wp-content\\\/uploads\\\/2025\\\/07\\\/herbow_logo_hun_2021-01_w-slogan_no-background.png\",\"width\":2366,\"height\":1732,\"caption\":\"Herbow International Zrt.\"},\"image\":{\"@id\":\"https:\\\/\\\/herbow.eu\\\/#\\\/schema\\\/logo\\\/image\\\/\"},\"sameAs\":[\"https:\\\/\\\/www.facebook.com\\\/herbowmosodioslabda\\\/\",\"https:\\\/\\\/www.instagram.com\\\/herbowmosodioslabda\\\/\"]}]}<\/script>\n<!-- \/ Yoast SEO plugin. -->","yoast_head_json":{"title":"Herbow Textil\u00f6bl\u00edt\u0151 - L\u00e9gy boldog! - Herbow | International","description":"Az egzotikus guayaba gy\u00fcm\u00f6lcs l\u00e1gy, friss illata puhas\u00e1got \u00e9s frissess\u00e9get ad a ruh\u00e1knak minden mos\u00e1s ut\u00e1n. Term\u00e9szetes alap\u00fa formul\u00e1ja seg\u00edt megel\u0151zni a sztatikus felt\u00f6lt\u0151d\u00e9st \u00e9s megk\u00f6nny\u00edti a vasal\u00e1st.","robots":{"index":"index","follow":"follow","max-snippet":"max-snippet:-1","max-image-preview":"max-image-preview:large","max-video-preview":"max-video-preview:-1"},"canonical":"https:\/\/herbow.eu\/sv\/product\/herbow-textiloblito-legy-boldog\/","og_locale":"sv_SE","og_type":"article","og_title":"Herbow Textil\u00f6bl\u00edt\u0151 - L\u00e9gy boldog! - Herbow | International","og_description":"Az egzotikus guayaba gy\u00fcm\u00f6lcs l\u00e1gy, friss illata puhas\u00e1got \u00e9s frissess\u00e9get ad a ruh\u00e1knak minden mos\u00e1s ut\u00e1n. Term\u00e9szetes alap\u00fa formul\u00e1ja seg\u00edt megel\u0151zni a sztatikus felt\u00f6lt\u0151d\u00e9st \u00e9s megk\u00f6nny\u00edti a vasal\u00e1st.","og_url":"https:\/\/herbow.eu\/sv\/product\/herbow-textiloblito-legy-boldog\/","og_site_name":"Herbow | International","article_publisher":"https:\/\/www.facebook.com\/herbowmosodioslabda\/","article_modified_time":"2026-03-17T09:58:48+00:00","og_image":[{"width":2000,"height":2000,"url":"https:\/\/herbow.eu\/wp-content\/uploads\/2025\/08\/herbow_textiloblito_2000ml_redesign_be_happy_v4_latvany.png","type":"image\/png"}],"twitter_card":"summary_large_image","twitter_misc":{"Ber\u00e4knad l\u00e4stid":"1 minut"},"schema":{"@context":"https:\/\/schema.org","@graph":[{"@type":"WebPage","@id":"https:\/\/herbow.eu\/product\/herbow-textiloblito-legy-boldog\/","url":"https:\/\/herbow.eu\/product\/herbow-textiloblito-legy-boldog\/","name":"Herbow Textil\u00f6bl\u00edt\u0151 - L\u00e9gy boldog! - Herbow | International","isPartOf":{"@id":"https:\/\/herbow.eu\/#website"},"primaryImageOfPage":{"@id":"https:\/\/herbow.eu\/product\/herbow-textiloblito-legy-boldog\/#primaryimage"},"image":{"@id":"https:\/\/herbow.eu\/product\/herbow-textiloblito-legy-boldog\/#primaryimage"},"thumbnailUrl":"https:\/\/herbow.eu\/wp-content\/uploads\/2025\/08\/herbow_textiloblito_2000ml_redesign_be_happy_v4_latvany.png","datePublished":"2025-08-18T09:05:52+00:00","dateModified":"2026-03-17T09:58:48+00:00","description":"Az egzotikus guayaba gy\u00fcm\u00f6lcs l\u00e1gy, friss illata puhas\u00e1got \u00e9s frissess\u00e9get ad a ruh\u00e1knak minden mos\u00e1s ut\u00e1n. Term\u00e9szetes alap\u00fa formul\u00e1ja seg\u00edt megel\u0151zni a sztatikus felt\u00f6lt\u0151d\u00e9st \u00e9s megk\u00f6nny\u00edti a vasal\u00e1st.","breadcrumb":{"@id":"https:\/\/herbow.eu\/product\/herbow-textiloblito-legy-boldog\/#breadcrumb"},"inLanguage":"sv-SE","potentialAction":[{"@type":"ReadAction","target":["https:\/\/herbow.eu\/product\/herbow-textiloblito-legy-boldog\/"]}]},{"@type":"ImageObject","inLanguage":"sv-SE","@id":"https:\/\/herbow.eu\/product\/herbow-textiloblito-legy-boldog\/#primaryimage","url":"https:\/\/herbow.eu\/wp-content\/uploads\/2025\/08\/herbow_textiloblito_2000ml_redesign_be_happy_v4_latvany.png","contentUrl":"https:\/\/herbow.eu\/wp-content\/uploads\/2025\/08\/herbow_textiloblito_2000ml_redesign_be_happy_v4_latvany.png","width":2000,"height":2000},{"@type":"BreadcrumbList","@id":"https:\/\/herbow.eu\/product\/herbow-textiloblito-legy-boldog\/#breadcrumb","itemListElement":[{"@type":"ListItem","position":1,"name":"Kezd\u0151lap","item":"https:\/\/herbow.eu\/"},{"@type":"ListItem","position":2,"name":"Shop","item":"https:\/\/herbow.eu\/shop\/"},{"@type":"ListItem","position":3,"name":"Herbow Textil\u00f6bl\u00edt\u0151 &#8211; L\u00e9gy boldog!"}]},{"@type":"WebSite","@id":"https:\/\/herbow.eu\/#website","url":"https:\/\/herbow.eu\/","name":"Herbow | Herbal Organic World","description":"Herbal Organic World","publisher":{"@id":"https:\/\/herbow.eu\/#organization"},"potentialAction":[{"@type":"SearchAction","target":{"@type":"EntryPoint","urlTemplate":"https:\/\/herbow.eu\/?s={search_term_string}"},"query-input":{"@type":"PropertyValueSpecification","valueRequired":true,"valueName":"search_term_string"}}],"inLanguage":"sv-SE"},{"@type":"Organization","@id":"https:\/\/herbow.eu\/#organization","name":"Herbow International Zrt.","url":"https:\/\/herbow.eu\/","logo":{"@type":"ImageObject","inLanguage":"sv-SE","@id":"https:\/\/herbow.eu\/#\/schema\/logo\/image\/","url":"https:\/\/herbow.eu\/wp-content\/uploads\/2025\/07\/herbow_logo_hun_2021-01_w-slogan_no-background.png","contentUrl":"https:\/\/herbow.eu\/wp-content\/uploads\/2025\/07\/herbow_logo_hun_2021-01_w-slogan_no-background.png","width":2366,"height":1732,"caption":"Herbow International Zrt."},"image":{"@id":"https:\/\/herbow.eu\/#\/schema\/logo\/image\/"},"sameAs":["https:\/\/www.facebook.com\/herbowmosodioslabda\/","https:\/\/www.instagram.com\/herbowmosodioslabda\/"]}]}},"jetpack_likes_enabled":true,"jetpack_sharing_enabled":true,"_links":{"self":[{"href":"https:\/\/herbow.eu\/sv\/wp-json\/wp\/v2\/product\/1005","targetHints":{"allow":["GET"]}}],"collection":[{"href":"https:\/\/herbow.eu\/sv\/wp-json\/wp\/v2\/product"}],"about":[{"href":"https:\/\/herbow.eu\/sv\/wp-json\/wp\/v2\/types\/product"}],"replies":[{"embeddable":true,"href":"https:\/\/herbow.eu\/sv\/wp-json\/wp\/v2\/comments?post=1005"}],"wp:featuredmedia":[{"embeddable":true,"href":"https:\/\/herbow.eu\/sv\/wp-json\/wp\/v2\/media\/887"}],"wp:attachment":[{"href":"https:\/\/herbow.eu\/sv\/wp-json\/wp\/v2\/media?parent=1005"}],"wp:term":[{"taxonomy":"product_brand","embeddable":true,"href":"https:\/\/herbow.eu\/sv\/wp-json\/wp\/v2\/product_brand?post=1005"},{"taxonomy":"product_cat","embeddable":true,"href":"https:\/\/herbow.eu\/sv\/wp-json\/wp\/v2\/product_cat?post=1005"},{"taxonomy":"product_tag","embeddable":true,"href":"https:\/\/herbow.eu\/sv\/wp-json\/wp\/v2\/product_tag?post=1005"}],"curies":[{"name":"wp","href":"https:\/\/api.w.org\/{rel}","templated":true}]}}