{"id":987,"date":"2025-08-18T11:05:49","date_gmt":"2025-08-18T09:05:49","guid":{"rendered":"https:\/\/herbow.eu\/product\/herbow-2in1-mosoparfum-oblito-koncentratum-ragyogo-nap\/"},"modified":"2026-03-17T10:58:48","modified_gmt":"2026-03-17T09:58:48","slug":"herbow-2v1-mosoparfum-oblito-koncentratum-ragyogo-nap","status":"publish","type":"product","link":"https:\/\/herbow.eu\/sl\/product\/herbow-2in1-mosoparfum-oblito-koncentratum-ragyogo-nap\/","title":{"rendered":"Herbow 2v1 pralni parfum - koncentrat za izpiranje Brilliant Sun"},"content":{"rendered":"<div>Di\u0161ava Brilliant Sun vsebuje sve\u017eino sonca in naravno sladkost manga. Subtilna toplota sena dopolnjuje ta harmoni\u010dni poletni vonj, ki po vsakem pranju prikli\u010de \u010distost sonca.<\/div>\n<div><\/div>\n<div>Herbow 2v1 Koncentrat za izpiranje perila s parfumom je naravna re\u0161itev na rastlinski osnovi, ki hkrati odi\u0161avi in neguje tkanine. Sestavine za nego tkanin rastlinskega izvora naravno meh\u010dajo obla\u010dila in so okolju in ko\u017ei prijazna alternativa sinteti\u010dnim sestavinam tradicionalnih meh\u010dalcev tkanin. Formula je veganska, ne vsebuje fosfatov in je biorazgradljiva, zato je prijazna do obla\u010dil in narave.<\/div>\n<div><\/div>\n<div>Ena stekleni\u010dka zadostuje za 40 ali 200 pranj. Uporabite 5 ml (pol kapljice) v predelu za izpiranje in pustite, da Brilliant Sun po vsakem pranju o\u017eivi \u010disto harmonijo sonca, sadja in narave.<\/div>\n<div>\u010cistost, svetloba, narava: dolgotrajen sve\u017e vonj v stekleni\u010dki v obliki naravnega parfuma za perilo.<\/div>","protected":false},"excerpt":{"rendered":"<p>Di\u0161ava Bright Sun zdru\u017euje so\u010dno sladkost manga in naravno toplino sve\u017ee poko\u0161enega sena. Dolgotrajen vonj po vsakem pranju.<\/p>\n<p>Embala\u017ea: 200 ml | 1000 ml<\/p>","protected":false},"featured_media":877,"comment_status":"open","ping_status":"closed","template":"","meta":[],"product_brand":[1397],"product_cat":[1402],"product_tag":[1534,1535,1546,1540,1524,1542,1550,1548,1409,1533,1549,1506,1552,1551,1504,1537,1541,1502,1547,1544,1499,1543,1508,1538,1509,1545,1539,1536],"class_list":{"0":"post-987","1":"product","2":"type-product","3":"status-publish","4":"has-post-thumbnail","6":"product_brand-herbow","7":"product_cat-2in1-mosoparfum-oblito-koncentratum","8":"product_tag-2in1-mosoparfum","9":"product_tag-2in1-textilfrissito","10":"product_tag-allergenmentes-illat-ha-szukseges","11":"product_tag-oko-textilapolas","12":"product_tag-borbarat-formula","13":"product_tag-friss-ruhak","14":"product_tag-gardrob-frissito","15":"product_tag-gazdasagos-hasznalat","16":"product_tag-herbow","17":"product_tag-herbow-2in1","18":"product_tag-herbtech-formula","19":"product_tag-hosszan-tarto-illat","20":"product_tag-illatkapszula-hatas","21":"product_tag-illatos-mosas","22":"product_tag-illatos-ruhak","23":"product_tag-illatosito-koncentratum","24":"product_tag-intenziv-illat","25":"product_tag-kornyezetbarat-mosas","26":"product_tag-koncentralt-formula","27":"product_tag-mindennapi-mosashoz","28":"product_tag-novenyi-alapu-textilapolo","29":"product_tag-puhabb-ruhak","30":"product_tag-ruhaillatosito","31":"product_tag-ruhaparfum","32":"product_tag-szines-es-feher-ruhakhoz","33":"product_tag-termeszetbarat-mosas","34":"product_tag-termeszetes-textilfrissito","35":"product_tag-textilfrissito-koncentratum","37":"first","38":"instock","39":"taxable","40":"shipping-taxable","41":"product-type-variable"},"yoast_head":"<!-- This site is optimized with the Yoast SEO plugin v27.5 - https:\/\/yoast.com\/product\/yoast-seo-wordpress\/ -->\n<title>Herbow 2in1 mos\u00f3parf\u00fcm - \u00f6bl\u00edt\u0151 koncentr\u00e1tum Ragyog\u00f3 nap - Herbow | International<\/title>\n<meta name=\"robots\" content=\"index, follow, max-snippet:-1, max-image-preview:large, max-video-preview:-1\" \/>\n<link rel=\"canonical\" href=\"https:\/\/herbow.eu\/sl\/product\/herbow-2v1-mosoparfum-oblito-koncentratum-ragyogo-nap\/\" \/>\n<meta property=\"og:locale\" content=\"sl_SI\" \/>\n<meta property=\"og:type\" content=\"article\" \/>\n<meta property=\"og:title\" content=\"Herbow 2in1 mos\u00f3parf\u00fcm - \u00f6bl\u00edt\u0151 koncentr\u00e1tum Ragyog\u00f3 nap - Herbow | International\" \/>\n<meta property=\"og:description\" content=\"A Ragyog\u00f3 Nap illata a mang\u00f3 l\u00e9d\u00fas \u00e9dess\u00e9g\u00e9t \u00f6tv\u00f6zi a frissen kasz\u00e1lt sz\u00e9na term\u00e9szetes melegs\u00e9g\u00e9vel. Hosszan tart\u00f3 illat minden mos\u00e1s ut\u00e1n.  Kiszerel\u00e9s: 200ml | 1000ml\" \/>\n<meta property=\"og:url\" content=\"https:\/\/herbow.eu\/sl\/product\/herbow-2v1-mosoparfum-oblito-koncentratum-ragyogo-nap\/\" \/>\n<meta property=\"og:site_name\" content=\"Herbow | International\" \/>\n<meta property=\"article:publisher\" content=\"https:\/\/www.facebook.com\/herbowmosodioslabda\/\" \/>\n<meta property=\"article:modified_time\" content=\"2026-03-17T09:58:48+00:00\" \/>\n<meta property=\"og:image\" content=\"https:\/\/herbow.eu\/wp-content\/uploads\/2025\/08\/herbow_parfum_200ml_144x110mm_v7_ragyogo_nap.png\" \/>\n\t<meta property=\"og:image:width\" content=\"2000\" \/>\n\t<meta property=\"og:image:height\" content=\"2000\" \/>\n\t<meta property=\"og:image:type\" content=\"image\/png\" \/>\n<meta name=\"twitter:card\" content=\"summary_large_image\" \/>\n<meta name=\"twitter:label1\" content=\"Est. reading time\" \/>\n\t<meta name=\"twitter:data1\" content=\"1 minuta\" \/>\n<script type=\"application\/ld+json\" class=\"yoast-schema-graph\">{\"@context\":\"https:\\\/\\\/schema.org\",\"@graph\":[{\"@type\":\"WebPage\",\"@id\":\"https:\\\/\\\/herbow.eu\\\/product\\\/herbow-2in1-mosoparfum-oblito-koncentratum-ragyogo-nap\\\/\",\"url\":\"https:\\\/\\\/herbow.eu\\\/product\\\/herbow-2in1-mosoparfum-oblito-koncentratum-ragyogo-nap\\\/\",\"name\":\"Herbow 2in1 mos\u00f3parf\u00fcm - \u00f6bl\u00edt\u0151 koncentr\u00e1tum Ragyog\u00f3 nap - Herbow | International\",\"isPartOf\":{\"@id\":\"https:\\\/\\\/herbow.eu\\\/#website\"},\"primaryImageOfPage\":{\"@id\":\"https:\\\/\\\/herbow.eu\\\/product\\\/herbow-2in1-mosoparfum-oblito-koncentratum-ragyogo-nap\\\/#primaryimage\"},\"image\":{\"@id\":\"https:\\\/\\\/herbow.eu\\\/product\\\/herbow-2in1-mosoparfum-oblito-koncentratum-ragyogo-nap\\\/#primaryimage\"},\"thumbnailUrl\":\"https:\\\/\\\/herbow.eu\\\/wp-content\\\/uploads\\\/2025\\\/08\\\/herbow_parfum_200ml_144x110mm_v7_ragyogo_nap.png\",\"datePublished\":\"2025-08-18T09:05:49+00:00\",\"dateModified\":\"2026-03-17T09:58:48+00:00\",\"breadcrumb\":{\"@id\":\"https:\\\/\\\/herbow.eu\\\/product\\\/herbow-2in1-mosoparfum-oblito-koncentratum-ragyogo-nap\\\/#breadcrumb\"},\"inLanguage\":\"sl-SI\",\"potentialAction\":[{\"@type\":\"ReadAction\",\"target\":[\"https:\\\/\\\/herbow.eu\\\/product\\\/herbow-2in1-mosoparfum-oblito-koncentratum-ragyogo-nap\\\/\"]}]},{\"@type\":\"ImageObject\",\"inLanguage\":\"sl-SI\",\"@id\":\"https:\\\/\\\/herbow.eu\\\/product\\\/herbow-2in1-mosoparfum-oblito-koncentratum-ragyogo-nap\\\/#primaryimage\",\"url\":\"https:\\\/\\\/herbow.eu\\\/wp-content\\\/uploads\\\/2025\\\/08\\\/herbow_parfum_200ml_144x110mm_v7_ragyogo_nap.png\",\"contentUrl\":\"https:\\\/\\\/herbow.eu\\\/wp-content\\\/uploads\\\/2025\\\/08\\\/herbow_parfum_200ml_144x110mm_v7_ragyogo_nap.png\",\"width\":2000,\"height\":2000},{\"@type\":\"BreadcrumbList\",\"@id\":\"https:\\\/\\\/herbow.eu\\\/product\\\/herbow-2in1-mosoparfum-oblito-koncentratum-ragyogo-nap\\\/#breadcrumb\",\"itemListElement\":[{\"@type\":\"ListItem\",\"position\":1,\"name\":\"Kezd\u0151lap\",\"item\":\"https:\\\/\\\/herbow.eu\\\/\"},{\"@type\":\"ListItem\",\"position\":2,\"name\":\"Shop\",\"item\":\"https:\\\/\\\/herbow.eu\\\/shop\\\/\"},{\"@type\":\"ListItem\",\"position\":3,\"name\":\"Herbow 2in1 mos\u00f3parf\u00fcm &#8211; \u00f6bl\u00edt\u0151 koncentr\u00e1tum Ragyog\u00f3 nap\"}]},{\"@type\":\"WebSite\",\"@id\":\"https:\\\/\\\/herbow.eu\\\/#website\",\"url\":\"https:\\\/\\\/herbow.eu\\\/\",\"name\":\"Herbow | Herbal Organic World\",\"description\":\"Herbal Organic World\",\"publisher\":{\"@id\":\"https:\\\/\\\/herbow.eu\\\/#organization\"},\"potentialAction\":[{\"@type\":\"SearchAction\",\"target\":{\"@type\":\"EntryPoint\",\"urlTemplate\":\"https:\\\/\\\/herbow.eu\\\/?s={search_term_string}\"},\"query-input\":{\"@type\":\"PropertyValueSpecification\",\"valueRequired\":true,\"valueName\":\"search_term_string\"}}],\"inLanguage\":\"sl-SI\"},{\"@type\":\"Organization\",\"@id\":\"https:\\\/\\\/herbow.eu\\\/#organization\",\"name\":\"Herbow International Zrt.\",\"url\":\"https:\\\/\\\/herbow.eu\\\/\",\"logo\":{\"@type\":\"ImageObject\",\"inLanguage\":\"sl-SI\",\"@id\":\"https:\\\/\\\/herbow.eu\\\/#\\\/schema\\\/logo\\\/image\\\/\",\"url\":\"https:\\\/\\\/herbow.eu\\\/wp-content\\\/uploads\\\/2025\\\/07\\\/herbow_logo_hun_2021-01_w-slogan_no-background.png\",\"contentUrl\":\"https:\\\/\\\/herbow.eu\\\/wp-content\\\/uploads\\\/2025\\\/07\\\/herbow_logo_hun_2021-01_w-slogan_no-background.png\",\"width\":2366,\"height\":1732,\"caption\":\"Herbow International Zrt.\"},\"image\":{\"@id\":\"https:\\\/\\\/herbow.eu\\\/#\\\/schema\\\/logo\\\/image\\\/\"},\"sameAs\":[\"https:\\\/\\\/www.facebook.com\\\/herbowmosodioslabda\\\/\",\"https:\\\/\\\/www.instagram.com\\\/herbowmosodioslabda\\\/\"]}]}<\/script>\n<!-- \/ Yoast SEO plugin. -->","yoast_head_json":{"title":"Herbow 2v1 pralni parfum - koncentrat za izpiranje Brilliant Sun - Herbow | International","robots":{"index":"index","follow":"follow","max-snippet":"max-snippet:-1","max-image-preview":"max-image-preview:large","max-video-preview":"max-video-preview:-1"},"canonical":"https:\/\/herbow.eu\/sl\/product\/herbow-2v1-mosoparfum-oblito-koncentratum-ragyogo-nap\/","og_locale":"sl_SI","og_type":"article","og_title":"Herbow 2in1 mos\u00f3parf\u00fcm - \u00f6bl\u00edt\u0151 koncentr\u00e1tum Ragyog\u00f3 nap - Herbow | International","og_description":"A Ragyog\u00f3 Nap illata a mang\u00f3 l\u00e9d\u00fas \u00e9dess\u00e9g\u00e9t \u00f6tv\u00f6zi a frissen kasz\u00e1lt sz\u00e9na term\u00e9szetes melegs\u00e9g\u00e9vel. Hosszan tart\u00f3 illat minden mos\u00e1s ut\u00e1n.  Kiszerel\u00e9s: 200ml | 1000ml","og_url":"https:\/\/herbow.eu\/sl\/product\/herbow-2v1-mosoparfum-oblito-koncentratum-ragyogo-nap\/","og_site_name":"Herbow | International","article_publisher":"https:\/\/www.facebook.com\/herbowmosodioslabda\/","article_modified_time":"2026-03-17T09:58:48+00:00","og_image":[{"width":2000,"height":2000,"url":"https:\/\/herbow.eu\/wp-content\/uploads\/2025\/08\/herbow_parfum_200ml_144x110mm_v7_ragyogo_nap.png","type":"image\/png"}],"twitter_card":"summary_large_image","twitter_misc":{"Est. reading time":"1 minuta"},"schema":{"@context":"https:\/\/schema.org","@graph":[{"@type":"WebPage","@id":"https:\/\/herbow.eu\/product\/herbow-2in1-mosoparfum-oblito-koncentratum-ragyogo-nap\/","url":"https:\/\/herbow.eu\/product\/herbow-2in1-mosoparfum-oblito-koncentratum-ragyogo-nap\/","name":"Herbow 2v1 pralni parfum - koncentrat za izpiranje Brilliant Sun - Herbow | International","isPartOf":{"@id":"https:\/\/herbow.eu\/#website"},"primaryImageOfPage":{"@id":"https:\/\/herbow.eu\/product\/herbow-2in1-mosoparfum-oblito-koncentratum-ragyogo-nap\/#primaryimage"},"image":{"@id":"https:\/\/herbow.eu\/product\/herbow-2in1-mosoparfum-oblito-koncentratum-ragyogo-nap\/#primaryimage"},"thumbnailUrl":"https:\/\/herbow.eu\/wp-content\/uploads\/2025\/08\/herbow_parfum_200ml_144x110mm_v7_ragyogo_nap.png","datePublished":"2025-08-18T09:05:49+00:00","dateModified":"2026-03-17T09:58:48+00:00","breadcrumb":{"@id":"https:\/\/herbow.eu\/product\/herbow-2in1-mosoparfum-oblito-koncentratum-ragyogo-nap\/#breadcrumb"},"inLanguage":"sl-SI","potentialAction":[{"@type":"ReadAction","target":["https:\/\/herbow.eu\/product\/herbow-2in1-mosoparfum-oblito-koncentratum-ragyogo-nap\/"]}]},{"@type":"ImageObject","inLanguage":"sl-SI","@id":"https:\/\/herbow.eu\/product\/herbow-2in1-mosoparfum-oblito-koncentratum-ragyogo-nap\/#primaryimage","url":"https:\/\/herbow.eu\/wp-content\/uploads\/2025\/08\/herbow_parfum_200ml_144x110mm_v7_ragyogo_nap.png","contentUrl":"https:\/\/herbow.eu\/wp-content\/uploads\/2025\/08\/herbow_parfum_200ml_144x110mm_v7_ragyogo_nap.png","width":2000,"height":2000},{"@type":"BreadcrumbList","@id":"https:\/\/herbow.eu\/product\/herbow-2in1-mosoparfum-oblito-koncentratum-ragyogo-nap\/#breadcrumb","itemListElement":[{"@type":"ListItem","position":1,"name":"Kezd\u0151lap","item":"https:\/\/herbow.eu\/"},{"@type":"ListItem","position":2,"name":"Shop","item":"https:\/\/herbow.eu\/shop\/"},{"@type":"ListItem","position":3,"name":"Herbow 2in1 mos\u00f3parf\u00fcm &#8211; \u00f6bl\u00edt\u0151 koncentr\u00e1tum Ragyog\u00f3 nap"}]},{"@type":"WebSite","@id":"https:\/\/herbow.eu\/#website","url":"https:\/\/herbow.eu\/","name":"Herbow | Herbal Organic World","description":"Zeli\u0161\u010dni organski svet","publisher":{"@id":"https:\/\/herbow.eu\/#organization"},"potentialAction":[{"@type":"SearchAction","target":{"@type":"EntryPoint","urlTemplate":"https:\/\/herbow.eu\/?s={search_term_string}"},"query-input":{"@type":"PropertyValueSpecification","valueRequired":true,"valueName":"search_term_string"}}],"inLanguage":"sl-SI"},{"@type":"Organization","@id":"https:\/\/herbow.eu\/#organization","name":"Herbow International Zrt.","url":"https:\/\/herbow.eu\/","logo":{"@type":"ImageObject","inLanguage":"sl-SI","@id":"https:\/\/herbow.eu\/#\/schema\/logo\/image\/","url":"https:\/\/herbow.eu\/wp-content\/uploads\/2025\/07\/herbow_logo_hun_2021-01_w-slogan_no-background.png","contentUrl":"https:\/\/herbow.eu\/wp-content\/uploads\/2025\/07\/herbow_logo_hun_2021-01_w-slogan_no-background.png","width":2366,"height":1732,"caption":"Herbow International Zrt."},"image":{"@id":"https:\/\/herbow.eu\/#\/schema\/logo\/image\/"},"sameAs":["https:\/\/www.facebook.com\/herbowmosodioslabda\/","https:\/\/www.instagram.com\/herbowmosodioslabda\/"]}]}},"jetpack_likes_enabled":true,"jetpack_sharing_enabled":true,"_links":{"self":[{"href":"https:\/\/herbow.eu\/sl\/wp-json\/wp\/v2\/product\/987","targetHints":{"allow":["GET"]}}],"collection":[{"href":"https:\/\/herbow.eu\/sl\/wp-json\/wp\/v2\/product"}],"about":[{"href":"https:\/\/herbow.eu\/sl\/wp-json\/wp\/v2\/types\/product"}],"replies":[{"embeddable":true,"href":"https:\/\/herbow.eu\/sl\/wp-json\/wp\/v2\/comments?post=987"}],"wp:featuredmedia":[{"embeddable":true,"href":"https:\/\/herbow.eu\/sl\/wp-json\/wp\/v2\/media\/877"}],"wp:attachment":[{"href":"https:\/\/herbow.eu\/sl\/wp-json\/wp\/v2\/media?parent=987"}],"wp:term":[{"taxonomy":"product_brand","embeddable":true,"href":"https:\/\/herbow.eu\/sl\/wp-json\/wp\/v2\/product_brand?post=987"},{"taxonomy":"product_cat","embeddable":true,"href":"https:\/\/herbow.eu\/sl\/wp-json\/wp\/v2\/product_cat?post=987"},{"taxonomy":"product_tag","embeddable":true,"href":"https:\/\/herbow.eu\/sl\/wp-json\/wp\/v2\/product_tag?post=987"}],"curies":[{"name":"wp","href":"https:\/\/api.w.org\/{rel}","templated":true}]}}