{"id":1256,"date":"2025-11-21T14:51:41","date_gmt":"2025-11-21T13:51:41","guid":{"rendered":"https:\/\/herbow.eu\/?post_type=product&#038;p=1256"},"modified":"2026-03-17T10:58:47","modified_gmt":"2026-03-17T09:58:47","slug":"herbow-3in1-mosoparfum-tundoklo-hercegno-200-ml","status":"publish","type":"product","link":"https:\/\/herbow.eu\/sl\/product\/herbow-3in1-mosoparfum-tundoklo-hercegno-200-ml\/","title":{"rendered":"Herbow 3v1 Parfum za pranje Princess Sparkling"},"content":{"rendered":"<p>Di\u0161ava The Fragrant Princess zdru\u017euje eleganco vrtnice in mehko toplino vanilije. Ne\u017ena cvetli\u010dna di\u0161ava je \u017eenstvena in harmoni\u010dna ter na tkaninah po vsakem pranju pusti elegantno, \u010disto sve\u017eino. Herbow 3v1 Wash Perfumes so nova generacija izdelkov za nego tkanin, ki zdru\u017eujejo mo\u010d narave in sodobne tehnologije v eni sami formuli. Njihova inovativna formulacija HerbTech 3v1 zdru\u017euje delovanje parfuma za perilo, osve\u017eilca tkanin in meh\u010dalca tkanin, zato obla\u010dila niso le dolgotrajno di\u0161e\u010da, temve\u010d tudi mehka, enostavna za uporabo in prijetna na otip. Ne\u017ene sestavine na rastlinski osnovi negujejo tkanine in hkrati ohranjajo njihovo naravno vpojnost. Po vsakem pranju ostanejo obla\u010dila s sve\u017eim, naravnim vonjem in dolgotrajno mehkobo - ne da bi pri tem \u0161kodovali ko\u017ei ali okolju.<\/p>\n<p>Herbow 3v1 Washing Perfume je preprosta, zavestna in u\u010dinkovita re\u0161itev za tiste, ki i\u0161\u010dejo naravno \u010disto\u010do brez kompromisov. Di\u0161ava The Dazzling Princess zdru\u017euje prefinjeno lepoto vrtnice s prefinjeno toplino vanilije - na tkaninah pusti dolgotrajno, mehko sve\u017eino, ki bo eleganten in \u017eenstven dodatek va\u0161emu vsakdanu.<\/p>\n<p>Za vsako pranje uporabite 5 ml (pol kapljice), \u010de \u017eelite intenzivnej\u0161i vonj, pa odmerek pove\u010dajte za nekaj mililitrov.<\/p>","protected":false},"excerpt":{"rendered":"<p>A <strong>Herbow parfum za pranje 3v1 - Princess Sparkling<\/strong> ima prefinjeno eleganco vrtnice in mehko toplino vanilije. Ne\u017eno cvetli\u010dna, \u017eenstvena di\u0161ava, ki prina\u0161a naravno harmonijo in trajno sve\u017eino tekstilu. Inovativna formula HerbTech 3v1 hkrati odi\u0161avi, zmeh\u010da in osve\u017ei obla\u010dila, da ostanejo prijetna na otip in di\u0161e\u010da po vsakem pranju.<\/p>","protected":false},"featured_media":1148,"comment_status":"open","ping_status":"closed","template":"","meta":[],"product_brand":[1397],"product_cat":[1491],"product_tag":[1496,1493,1501,1409,1492,1495,1506,1504,1502,1507,1511,1510,1414,1499,1500,1505,1508,1509,1494,1497,1498,1503],"class_list":{"0":"post-1256","1":"product","2":"type-product","3":"status-publish","4":"has-post-thumbnail","6":"product_brand-herbow","7":"product_cat-3in1-mosoparfum-oblito-koncentratum","8":"product_tag-3in1-formula","9":"product_tag-3in1-mosoparfum","10":"product_tag-oko-oblito-alternativa","11":"product_tag-herbow","12":"product_tag-herbow-3in1","13":"product_tag-herbtech-3in1","14":"product_tag-hosszan-tarto-illat","15":"product_tag-illatos-ruhak","16":"product_tag-kornyezetbarat-mosas","17":"product_tag-koncentralt-mosoparfum","18":"product_tag-mosodio-melle-kiegeszito","19":"product_tag-mosogel-melle-kiegeszito","20":"product_tag-mosoparfum","21":"product_tag-novenyi-alapu-textilapolo","22":"product_tag-novenyi-eredetu-osszetevok","23":"product_tag-puha-ruhak","24":"product_tag-ruhaillatosito","25":"product_tag-szines-es-feher-ruhakhoz","26":"product_tag-textiloblito-koncentratum","27":"product_tag-textilfrissito","28":"product_tag-textillagyito","29":"product_tag-tudatos-haztartas","31":"first","32":"instock","33":"taxable","34":"shipping-taxable","35":"product-type-variable"},"yoast_head":"<!-- This site is optimized with the Yoast SEO plugin v27.4 - https:\/\/yoast.com\/product\/yoast-seo-wordpress\/ -->\n<title>Herbow 3in1 Mos\u00f3parf\u00fcm T\u00fcnd\u00f6kl\u0151 Hercegn\u0151 - Herbow | International<\/title>\n<meta name=\"description\" content=\"A Herbow 3in1 Mos\u00f3parf\u00fcm \u2013 Ny\u00e1ri Es\u0151 a friss z\u00e1por ut\u00e1ni leveg\u0151 tisztas\u00e1g\u00e1t \u00e9s \u00fcde frissess\u00e9g\u00e9t hozza el. L\u00e1gy, term\u00e9szetes illata \u00e1tj\u00e1rja a ruh\u00e1kat, \u00e9s minden mos\u00e1ssal a friss leveg\u0151 \u00e9rzet\u00e9t hagyja maga ut\u00e1n.Innovat\u00edv HerbTech 3in1 formul\u00e1ja egyes\u00edti a mos\u00f3parf\u00fcm, textilfriss\u00edt\u0151 \u00e9s textill\u00e1gy\u00edt\u00f3 hat\u00e1s\u00e1t, hogy a ruha ne csak illatos, hanem l\u00e1gy \u00e9s hosszan friss maradjon.\" \/>\n<meta name=\"robots\" content=\"index, follow, max-snippet:-1, max-image-preview:large, max-video-preview:-1\" \/>\n<link rel=\"canonical\" href=\"https:\/\/herbow.eu\/sl\/product\/herbow-3in1-mosoparfum-tundoklo-hercegno-200-ml\/\" \/>\n<meta property=\"og:locale\" content=\"sl_SI\" \/>\n<meta property=\"og:type\" content=\"article\" \/>\n<meta property=\"og:title\" content=\"Herbow 3in1 Mos\u00f3parf\u00fcm T\u00fcnd\u00f6kl\u0151 Hercegn\u0151 - Herbow | International\" \/>\n<meta property=\"og:description\" content=\"A Herbow 3in1 Mos\u00f3parf\u00fcm \u2013 Ny\u00e1ri Es\u0151 a friss z\u00e1por ut\u00e1ni leveg\u0151 tisztas\u00e1g\u00e1t \u00e9s \u00fcde frissess\u00e9g\u00e9t hozza el. L\u00e1gy, term\u00e9szetes illata \u00e1tj\u00e1rja a ruh\u00e1kat, \u00e9s minden mos\u00e1ssal a friss leveg\u0151 \u00e9rzet\u00e9t hagyja maga ut\u00e1n.Innovat\u00edv HerbTech 3in1 formul\u00e1ja egyes\u00edti a mos\u00f3parf\u00fcm, textilfriss\u00edt\u0151 \u00e9s textill\u00e1gy\u00edt\u00f3 hat\u00e1s\u00e1t, hogy a ruha ne csak illatos, hanem l\u00e1gy \u00e9s hosszan friss maradjon.\" \/>\n<meta property=\"og:url\" content=\"https:\/\/herbow.eu\/sl\/product\/herbow-3in1-mosoparfum-tundoklo-hercegno-200-ml\/\" \/>\n<meta property=\"og:site_name\" content=\"Herbow | International\" \/>\n<meta property=\"article:publisher\" content=\"https:\/\/www.facebook.com\/herbowmosodioslabda\/\" \/>\n<meta property=\"article:modified_time\" content=\"2026-03-17T09:58:47+00:00\" \/>\n<meta property=\"og:image\" content=\"https:\/\/herbow.eu\/wp-content\/uploads\/2025\/11\/Woo_base_2000x2000_47432_3in1_Princess_200ml.png\" \/>\n\t<meta property=\"og:image:width\" content=\"2000\" \/>\n\t<meta property=\"og:image:height\" content=\"2000\" \/>\n\t<meta property=\"og:image:type\" content=\"image\/png\" \/>\n<meta name=\"twitter:card\" content=\"summary_large_image\" \/>\n<meta name=\"twitter:label1\" content=\"Est. reading time\" \/>\n\t<meta name=\"twitter:data1\" content=\"2 minuti\" \/>\n<script type=\"application\/ld+json\" class=\"yoast-schema-graph\">{\"@context\":\"https:\\\/\\\/schema.org\",\"@graph\":[{\"@type\":\"WebPage\",\"@id\":\"https:\\\/\\\/herbow.eu\\\/product\\\/herbow-3in1-mosoparfum-tundoklo-hercegno-200-ml\\\/\",\"url\":\"https:\\\/\\\/herbow.eu\\\/product\\\/herbow-3in1-mosoparfum-tundoklo-hercegno-200-ml\\\/\",\"name\":\"Herbow 3in1 Mos\u00f3parf\u00fcm T\u00fcnd\u00f6kl\u0151 Hercegn\u0151 - Herbow | International\",\"isPartOf\":{\"@id\":\"https:\\\/\\\/herbow.eu\\\/#website\"},\"primaryImageOfPage\":{\"@id\":\"https:\\\/\\\/herbow.eu\\\/product\\\/herbow-3in1-mosoparfum-tundoklo-hercegno-200-ml\\\/#primaryimage\"},\"image\":{\"@id\":\"https:\\\/\\\/herbow.eu\\\/product\\\/herbow-3in1-mosoparfum-tundoklo-hercegno-200-ml\\\/#primaryimage\"},\"thumbnailUrl\":\"https:\\\/\\\/herbow.eu\\\/wp-content\\\/uploads\\\/2025\\\/11\\\/Woo_base_2000x2000_47432_3in1_Princess_200ml.png\",\"datePublished\":\"2025-11-21T13:51:41+00:00\",\"dateModified\":\"2026-03-17T09:58:47+00:00\",\"description\":\"A Herbow 3in1 Mos\u00f3parf\u00fcm \u2013 Ny\u00e1ri Es\u0151 a friss z\u00e1por ut\u00e1ni leveg\u0151 tisztas\u00e1g\u00e1t \u00e9s \u00fcde frissess\u00e9g\u00e9t hozza el. L\u00e1gy, term\u00e9szetes illata \u00e1tj\u00e1rja a ruh\u00e1kat, \u00e9s minden mos\u00e1ssal a friss leveg\u0151 \u00e9rzet\u00e9t hagyja maga ut\u00e1n.Innovat\u00edv HerbTech 3in1 formul\u00e1ja egyes\u00edti a mos\u00f3parf\u00fcm, textilfriss\u00edt\u0151 \u00e9s textill\u00e1gy\u00edt\u00f3 hat\u00e1s\u00e1t, hogy a ruha ne csak illatos, hanem l\u00e1gy \u00e9s hosszan friss maradjon.\",\"breadcrumb\":{\"@id\":\"https:\\\/\\\/herbow.eu\\\/product\\\/herbow-3in1-mosoparfum-tundoklo-hercegno-200-ml\\\/#breadcrumb\"},\"inLanguage\":\"sl-SI\",\"potentialAction\":[{\"@type\":\"ReadAction\",\"target\":[\"https:\\\/\\\/herbow.eu\\\/product\\\/herbow-3in1-mosoparfum-tundoklo-hercegno-200-ml\\\/\"]}]},{\"@type\":\"ImageObject\",\"inLanguage\":\"sl-SI\",\"@id\":\"https:\\\/\\\/herbow.eu\\\/product\\\/herbow-3in1-mosoparfum-tundoklo-hercegno-200-ml\\\/#primaryimage\",\"url\":\"https:\\\/\\\/herbow.eu\\\/wp-content\\\/uploads\\\/2025\\\/11\\\/Woo_base_2000x2000_47432_3in1_Princess_200ml.png\",\"contentUrl\":\"https:\\\/\\\/herbow.eu\\\/wp-content\\\/uploads\\\/2025\\\/11\\\/Woo_base_2000x2000_47432_3in1_Princess_200ml.png\",\"width\":2000,\"height\":2000},{\"@type\":\"BreadcrumbList\",\"@id\":\"https:\\\/\\\/herbow.eu\\\/product\\\/herbow-3in1-mosoparfum-tundoklo-hercegno-200-ml\\\/#breadcrumb\",\"itemListElement\":[{\"@type\":\"ListItem\",\"position\":1,\"name\":\"Kezd\u0151lap\",\"item\":\"https:\\\/\\\/herbow.eu\\\/\"},{\"@type\":\"ListItem\",\"position\":2,\"name\":\"Shop\",\"item\":\"https:\\\/\\\/herbow.eu\\\/shop\\\/\"},{\"@type\":\"ListItem\",\"position\":3,\"name\":\"Herbow 3in1 Mos\u00f3parf\u00fcm T\u00fcnd\u00f6kl\u0151 Hercegn\u0151\"}]},{\"@type\":\"WebSite\",\"@id\":\"https:\\\/\\\/herbow.eu\\\/#website\",\"url\":\"https:\\\/\\\/herbow.eu\\\/\",\"name\":\"Herbow | Herbal Organic World\",\"description\":\"Herbal Organic World\",\"publisher\":{\"@id\":\"https:\\\/\\\/herbow.eu\\\/#organization\"},\"potentialAction\":[{\"@type\":\"SearchAction\",\"target\":{\"@type\":\"EntryPoint\",\"urlTemplate\":\"https:\\\/\\\/herbow.eu\\\/?s={search_term_string}\"},\"query-input\":{\"@type\":\"PropertyValueSpecification\",\"valueRequired\":true,\"valueName\":\"search_term_string\"}}],\"inLanguage\":\"sl-SI\"},{\"@type\":\"Organization\",\"@id\":\"https:\\\/\\\/herbow.eu\\\/#organization\",\"name\":\"Herbow International Zrt.\",\"url\":\"https:\\\/\\\/herbow.eu\\\/\",\"logo\":{\"@type\":\"ImageObject\",\"inLanguage\":\"sl-SI\",\"@id\":\"https:\\\/\\\/herbow.eu\\\/#\\\/schema\\\/logo\\\/image\\\/\",\"url\":\"https:\\\/\\\/herbow.eu\\\/wp-content\\\/uploads\\\/2025\\\/07\\\/herbow_logo_hun_2021-01_w-slogan_no-background.png\",\"contentUrl\":\"https:\\\/\\\/herbow.eu\\\/wp-content\\\/uploads\\\/2025\\\/07\\\/herbow_logo_hun_2021-01_w-slogan_no-background.png\",\"width\":2366,\"height\":1732,\"caption\":\"Herbow International Zrt.\"},\"image\":{\"@id\":\"https:\\\/\\\/herbow.eu\\\/#\\\/schema\\\/logo\\\/image\\\/\"},\"sameAs\":[\"https:\\\/\\\/www.facebook.com\\\/herbowmosodioslabda\\\/\",\"https:\\\/\\\/www.instagram.com\\\/herbowmosodioslabda\\\/\"]}]}<\/script>\n<!-- \/ Yoast SEO plugin. -->","yoast_head_json":{"title":"Herbow 3v1 Parfum za perilo Princess - Herbow | International","description":"Herbow 3v1 Washing Perfume - Summer Rain prina\u0161a \u010disto\u010do in sve\u017eino zraka po sve\u017eem prhanju. Njegova mehka, naravna di\u0161ava prodre v obla\u010dila in jih z vsakim pranjem navda s sve\u017eim zrakom.HerbTechova inovativna formula 3v1 zdru\u017euje prednosti parfuma za perilo, osve\u017eilca tkanin in meh\u010dalca tkanin, zato obla\u010dila niso le di\u0161e\u010da, ampak tudi mehka in sve\u017ea za dlje \u010dasa.","robots":{"index":"index","follow":"follow","max-snippet":"max-snippet:-1","max-image-preview":"max-image-preview:large","max-video-preview":"max-video-preview:-1"},"canonical":"https:\/\/herbow.eu\/sl\/product\/herbow-3in1-mosoparfum-tundoklo-hercegno-200-ml\/","og_locale":"sl_SI","og_type":"article","og_title":"Herbow 3in1 Mos\u00f3parf\u00fcm T\u00fcnd\u00f6kl\u0151 Hercegn\u0151 - Herbow | International","og_description":"A Herbow 3in1 Mos\u00f3parf\u00fcm \u2013 Ny\u00e1ri Es\u0151 a friss z\u00e1por ut\u00e1ni leveg\u0151 tisztas\u00e1g\u00e1t \u00e9s \u00fcde frissess\u00e9g\u00e9t hozza el. L\u00e1gy, term\u00e9szetes illata \u00e1tj\u00e1rja a ruh\u00e1kat, \u00e9s minden mos\u00e1ssal a friss leveg\u0151 \u00e9rzet\u00e9t hagyja maga ut\u00e1n.Innovat\u00edv HerbTech 3in1 formul\u00e1ja egyes\u00edti a mos\u00f3parf\u00fcm, textilfriss\u00edt\u0151 \u00e9s textill\u00e1gy\u00edt\u00f3 hat\u00e1s\u00e1t, hogy a ruha ne csak illatos, hanem l\u00e1gy \u00e9s hosszan friss maradjon.","og_url":"https:\/\/herbow.eu\/sl\/product\/herbow-3in1-mosoparfum-tundoklo-hercegno-200-ml\/","og_site_name":"Herbow | International","article_publisher":"https:\/\/www.facebook.com\/herbowmosodioslabda\/","article_modified_time":"2026-03-17T09:58:47+00:00","og_image":[{"width":2000,"height":2000,"url":"https:\/\/herbow.eu\/wp-content\/uploads\/2025\/11\/Woo_base_2000x2000_47432_3in1_Princess_200ml.png","type":"image\/png"}],"twitter_card":"summary_large_image","twitter_misc":{"Est. reading time":"2 minuti"},"schema":{"@context":"https:\/\/schema.org","@graph":[{"@type":"WebPage","@id":"https:\/\/herbow.eu\/product\/herbow-3in1-mosoparfum-tundoklo-hercegno-200-ml\/","url":"https:\/\/herbow.eu\/product\/herbow-3in1-mosoparfum-tundoklo-hercegno-200-ml\/","name":"Herbow 3v1 Parfum za perilo Princess - Herbow | International","isPartOf":{"@id":"https:\/\/herbow.eu\/#website"},"primaryImageOfPage":{"@id":"https:\/\/herbow.eu\/product\/herbow-3in1-mosoparfum-tundoklo-hercegno-200-ml\/#primaryimage"},"image":{"@id":"https:\/\/herbow.eu\/product\/herbow-3in1-mosoparfum-tundoklo-hercegno-200-ml\/#primaryimage"},"thumbnailUrl":"https:\/\/herbow.eu\/wp-content\/uploads\/2025\/11\/Woo_base_2000x2000_47432_3in1_Princess_200ml.png","datePublished":"2025-11-21T13:51:41+00:00","dateModified":"2026-03-17T09:58:47+00:00","description":"Herbow 3v1 Washing Perfume - Summer Rain prina\u0161a \u010disto\u010do in sve\u017eino zraka po sve\u017eem prhanju. Njegova mehka, naravna di\u0161ava prodre v obla\u010dila in jih z vsakim pranjem navda s sve\u017eim zrakom.HerbTechova inovativna formula 3v1 zdru\u017euje prednosti parfuma za perilo, osve\u017eilca tkanin in meh\u010dalca tkanin, zato obla\u010dila niso le di\u0161e\u010da, ampak tudi mehka in sve\u017ea za dlje \u010dasa.","breadcrumb":{"@id":"https:\/\/herbow.eu\/product\/herbow-3in1-mosoparfum-tundoklo-hercegno-200-ml\/#breadcrumb"},"inLanguage":"sl-SI","potentialAction":[{"@type":"ReadAction","target":["https:\/\/herbow.eu\/product\/herbow-3in1-mosoparfum-tundoklo-hercegno-200-ml\/"]}]},{"@type":"ImageObject","inLanguage":"sl-SI","@id":"https:\/\/herbow.eu\/product\/herbow-3in1-mosoparfum-tundoklo-hercegno-200-ml\/#primaryimage","url":"https:\/\/herbow.eu\/wp-content\/uploads\/2025\/11\/Woo_base_2000x2000_47432_3in1_Princess_200ml.png","contentUrl":"https:\/\/herbow.eu\/wp-content\/uploads\/2025\/11\/Woo_base_2000x2000_47432_3in1_Princess_200ml.png","width":2000,"height":2000},{"@type":"BreadcrumbList","@id":"https:\/\/herbow.eu\/product\/herbow-3in1-mosoparfum-tundoklo-hercegno-200-ml\/#breadcrumb","itemListElement":[{"@type":"ListItem","position":1,"name":"Kezd\u0151lap","item":"https:\/\/herbow.eu\/"},{"@type":"ListItem","position":2,"name":"Shop","item":"https:\/\/herbow.eu\/shop\/"},{"@type":"ListItem","position":3,"name":"Herbow 3in1 Mos\u00f3parf\u00fcm T\u00fcnd\u00f6kl\u0151 Hercegn\u0151"}]},{"@type":"WebSite","@id":"https:\/\/herbow.eu\/#website","url":"https:\/\/herbow.eu\/","name":"Herbow | Herbal Organic World","description":"Zeli\u0161\u010dni organski svet","publisher":{"@id":"https:\/\/herbow.eu\/#organization"},"potentialAction":[{"@type":"SearchAction","target":{"@type":"EntryPoint","urlTemplate":"https:\/\/herbow.eu\/?s={search_term_string}"},"query-input":{"@type":"PropertyValueSpecification","valueRequired":true,"valueName":"search_term_string"}}],"inLanguage":"sl-SI"},{"@type":"Organization","@id":"https:\/\/herbow.eu\/#organization","name":"Herbow International Zrt.","url":"https:\/\/herbow.eu\/","logo":{"@type":"ImageObject","inLanguage":"sl-SI","@id":"https:\/\/herbow.eu\/#\/schema\/logo\/image\/","url":"https:\/\/herbow.eu\/wp-content\/uploads\/2025\/07\/herbow_logo_hun_2021-01_w-slogan_no-background.png","contentUrl":"https:\/\/herbow.eu\/wp-content\/uploads\/2025\/07\/herbow_logo_hun_2021-01_w-slogan_no-background.png","width":2366,"height":1732,"caption":"Herbow International Zrt."},"image":{"@id":"https:\/\/herbow.eu\/#\/schema\/logo\/image\/"},"sameAs":["https:\/\/www.facebook.com\/herbowmosodioslabda\/","https:\/\/www.instagram.com\/herbowmosodioslabda\/"]}]}},"jetpack_likes_enabled":true,"jetpack_sharing_enabled":true,"_links":{"self":[{"href":"https:\/\/herbow.eu\/sl\/wp-json\/wp\/v2\/product\/1256","targetHints":{"allow":["GET"]}}],"collection":[{"href":"https:\/\/herbow.eu\/sl\/wp-json\/wp\/v2\/product"}],"about":[{"href":"https:\/\/herbow.eu\/sl\/wp-json\/wp\/v2\/types\/product"}],"replies":[{"embeddable":true,"href":"https:\/\/herbow.eu\/sl\/wp-json\/wp\/v2\/comments?post=1256"}],"wp:featuredmedia":[{"embeddable":true,"href":"https:\/\/herbow.eu\/sl\/wp-json\/wp\/v2\/media\/1148"}],"wp:attachment":[{"href":"https:\/\/herbow.eu\/sl\/wp-json\/wp\/v2\/media?parent=1256"}],"wp:term":[{"taxonomy":"product_brand","embeddable":true,"href":"https:\/\/herbow.eu\/sl\/wp-json\/wp\/v2\/product_brand?post=1256"},{"taxonomy":"product_cat","embeddable":true,"href":"https:\/\/herbow.eu\/sl\/wp-json\/wp\/v2\/product_cat?post=1256"},{"taxonomy":"product_tag","embeddable":true,"href":"https:\/\/herbow.eu\/sl\/wp-json\/wp\/v2\/product_tag?post=1256"}],"curies":[{"name":"wp","href":"https:\/\/api.w.org\/{rel}","templated":true}]}}