{"id":1033,"date":"2025-08-18T11:05:58","date_gmt":"2025-08-18T09:05:58","guid":{"rendered":"https:\/\/herbow.eu\/product\/herbow-ablak-tukor-es-uvegtisztito-probiotikus-spray-wipe-friss-szello-illattal\/"},"modified":"2026-03-17T10:58:06","modified_gmt":"2026-03-17T09:58:06","slug":"herbow-cistilec-oken-in-cistilec-zraka-probioticni-prsilni-robcek-s-svezim-vonjem-celuloze","status":"publish","type":"product","link":"https:\/\/herbow.eu\/sl\/product\/herbow-ablak-tukor-es-uvegtisztito-probiotikus-spray-wipe-friss-szello-illattal\/","title":{"rendered":"Herbow \u010cistilo za okna, ogledala in stekla s probioti\u010dnim razpr\u0161ilom in brisanjem - Fresh Breeze 500 ml"},"content":{"rendered":"<p>A <strong>Probioti\u010dno \u010distilo za okna, ogledala in stekla Herbow<\/strong> inovativna re\u0161itev, ki zdru\u017euje rastlinsko \u010distilno delovanje z naravno mo\u010djo probiotikov. Medtem ko rastlinske sestavine hitro in u\u010dinkovito odstranijo mastne sledi in umazanijo, koristni mikroorganizmi, ki ostanejo na povr\u0161ini, poskrbijo, da o\u010di\u0161\u010dena povr\u0161ina dolgo ostane \u010dista. Na povr\u0161ini ostane lesketajo\u010da se povr\u0161ina brez lis, ki prepre\u010duje ponovno umazanijo in zmanj\u0161uje usedanje prahu. Njegov sve\u017e, naraven vonj daje domu sve\u017e ob\u010dutek, hkrati pa ne vsebuje klora, fosfata, fosfonata, amoniaka ali EDTA. Probioti\u010dna \u010distila Herbow so izdelana iz aktivnih sestavin na rastlinski osnovi z znakom EU za okolje in sinergi\u010dne me\u0161anice bakterijskih spor, ki po \u010di\u0161\u010denju neprekinjeno delujejo za ohranjanje mikrobnega ravnovesja povr\u0161in.<\/p>\n<p>Uporaba:<\/p>\n<ul>\n<li>Razpr\u0161ite neposredno na stekleno ali zrcalno povr\u0161ino, nato pa obri\u0161ite do suhega s krpo iz mikrovlaken.<\/li>\n<li>Hitro se posu\u0161i in ne pu\u0161\u010da made\u017eev ali prog.<\/li>\n<\/ul>","protected":false},"excerpt":{"rendered":"<p>A <strong>Herbow \u010cistilo za okna, ogledala in stekla<\/strong> u\u010dinkovito odstranjuje mastne sledi, medtem ko njegovi koristni mikroorganizmi \u0161e naprej \u010distijo povr\u0161ine brez lis in s sve\u017eim vonjem.<\/p>\n<p>Embala\u017ea: 500 ml<\/p>","protected":false},"featured_media":1141,"comment_status":"open","ping_status":"closed","template":"","meta":[],"product_brand":[1397],"product_cat":[1459],"product_tag":[1568,1431,1567,1555,1570,1559,1557,1572,1467,1564,1565,1571,1561,1409,1422,1573,1563,1562,1412,1558,1560,1554,1553,1574,1569,1556,1566],"class_list":{"0":"post-1033","1":"product","2":"type-product","3":"status-publish","4":"has-post-thumbnail","6":"product_brand-herbow","7":"product_cat-herbow-probiotikus-tisztitoszerek","8":"product_tag-aktiv-probiotikumok","9":"product_tag-allergenmentes","10":"product_tag-allatkiserlet-mentes","11":"product_tag-elo-probiotikumok","12":"product_tag-oko-haztartasi-tisztitoszer","13":"product_tag-oko-tisztitas","14":"product_tag-biofilm-eltavolitas","15":"product_tag-biofilm-bonto-technologia","16":"product_tag-biologiailag-lebomlo","17":"product_tag-biztonsagos-tisztitas","18":"product_tag-borbarat-tisztitoszer","19":"product_tag-egeszseges-otthon","20":"product_tag-fenntarthato-haztartas","21":"product_tag-herbow","22":"product_tag-herbow-probiotikus","23":"product_tag-herbtech-probiotikus","24":"product_tag-hosszan-tarto-frissesseg","25":"product_tag-illatmentes-opcio","26":"product_tag-kornyezetbarat-tisztitoszer","27":"product_tag-melytisztito-hatas","28":"product_tag-novenyi-alapu-tisztitoszer","29":"product_tag-probiotikus-formula","30":"product_tag-probiotikus-tisztitoszer","31":"product_tag-tartos-mikrobialis-vedelem","32":"product_tag-termeszetes-higienia","33":"product_tag-termeszetes-tisztitas","34":"product_tag-vegan-tisztitoszer","36":"first","37":"instock","38":"taxable","39":"shipping-taxable","40":"product-type-simple"},"yoast_head":"<!-- This site is optimized with the Yoast SEO plugin v27.5 - https:\/\/yoast.com\/product\/yoast-seo-wordpress\/ -->\n<title>Herbow Ablak-, t\u00fck\u00f6r- \u00e9s \u00fcvegtiszt\u00edt\u00f3 Probiotikus Spray &amp; Wipe - Friss szell\u0151 illattal 500 ml - Herbow | International<\/title>\n<meta name=\"description\" content=\"A Herbow Ablak-, T\u00fck\u00f6r- \u00e9s \u00dcvegtiszt\u00edt\u00f3 hat\u00e9konyan elt\u00e1vol\u00edtja a zs\u00edros lenyomatokat mik\u00f6zben j\u00f3t\u00e9kony mikroorganizmusai tov\u00e1bb dolgoznak a fel\u00fcletek tisztas\u00e1g\u00e1\u00e9rt cs\u00edkmentesen, friss illattal.\" \/>\n<meta name=\"robots\" content=\"index, follow, max-snippet:-1, max-image-preview:large, max-video-preview:-1\" \/>\n<link rel=\"canonical\" href=\"https:\/\/herbow.eu\/sl\/product\/herbow-cistilec-oken-in-cistilec-zraka-probioticni-prsilni-robcek-s-svezim-vonjem-celuloze\/\" \/>\n<meta property=\"og:locale\" content=\"sl_SI\" \/>\n<meta property=\"og:type\" content=\"article\" \/>\n<meta property=\"og:title\" content=\"Herbow Ablak-, t\u00fck\u00f6r- \u00e9s \u00fcvegtiszt\u00edt\u00f3 Probiotikus Spray &amp; Wipe - Friss szell\u0151 illattal 500 ml - Herbow | International\" \/>\n<meta property=\"og:description\" content=\"A Herbow Ablak-, T\u00fck\u00f6r- \u00e9s \u00dcvegtiszt\u00edt\u00f3 hat\u00e9konyan elt\u00e1vol\u00edtja a zs\u00edros lenyomatokat mik\u00f6zben j\u00f3t\u00e9kony mikroorganizmusai tov\u00e1bb dolgoznak a fel\u00fcletek tisztas\u00e1g\u00e1\u00e9rt cs\u00edkmentesen, friss illattal.\" \/>\n<meta property=\"og:url\" content=\"https:\/\/herbow.eu\/sl\/product\/herbow-cistilec-oken-in-cistilec-zraka-probioticni-prsilni-robcek-s-svezim-vonjem-celuloze\/\" \/>\n<meta property=\"og:site_name\" content=\"Herbow | International\" \/>\n<meta property=\"article:publisher\" content=\"https:\/\/www.facebook.com\/herbowmosodioslabda\/\" \/>\n<meta property=\"article:modified_time\" content=\"2026-03-17T09:58:06+00:00\" \/>\n<meta property=\"og:image\" content=\"https:\/\/herbow.eu\/wp-content\/uploads\/2025\/11\/Woo_base_2000x2000_16053_ablaktisztito_stancolt_500ml_v7_latvany.png\" \/>\n\t<meta property=\"og:image:width\" content=\"2000\" \/>\n\t<meta property=\"og:image:height\" content=\"2000\" \/>\n\t<meta property=\"og:image:type\" content=\"image\/png\" \/>\n<meta name=\"twitter:card\" content=\"summary_large_image\" \/>\n<meta name=\"twitter:label1\" content=\"Est. reading time\" \/>\n\t<meta name=\"twitter:data1\" content=\"1 minuta\" \/>\n<script type=\"application\/ld+json\" class=\"yoast-schema-graph\">{\"@context\":\"https:\\\/\\\/schema.org\",\"@graph\":[{\"@type\":\"WebPage\",\"@id\":\"https:\\\/\\\/herbow.eu\\\/product\\\/herbow-ablak-tukor-es-uvegtisztito-probiotikus-spray-wipe-friss-szello-illattal\\\/\",\"url\":\"https:\\\/\\\/herbow.eu\\\/product\\\/herbow-ablak-tukor-es-uvegtisztito-probiotikus-spray-wipe-friss-szello-illattal\\\/\",\"name\":\"Herbow Ablak-, t\u00fck\u00f6r- \u00e9s \u00fcvegtiszt\u00edt\u00f3 Probiotikus Spray & Wipe - Friss szell\u0151 illattal 500 ml - Herbow | International\",\"isPartOf\":{\"@id\":\"https:\\\/\\\/herbow.eu\\\/#website\"},\"primaryImageOfPage\":{\"@id\":\"https:\\\/\\\/herbow.eu\\\/product\\\/herbow-ablak-tukor-es-uvegtisztito-probiotikus-spray-wipe-friss-szello-illattal\\\/#primaryimage\"},\"image\":{\"@id\":\"https:\\\/\\\/herbow.eu\\\/product\\\/herbow-ablak-tukor-es-uvegtisztito-probiotikus-spray-wipe-friss-szello-illattal\\\/#primaryimage\"},\"thumbnailUrl\":\"https:\\\/\\\/herbow.eu\\\/wp-content\\\/uploads\\\/2025\\\/11\\\/Woo_base_2000x2000_16053_ablaktisztito_stancolt_500ml_v7_latvany.png\",\"datePublished\":\"2025-08-18T09:05:58+00:00\",\"dateModified\":\"2026-03-17T09:58:06+00:00\",\"description\":\"A Herbow Ablak-, T\u00fck\u00f6r- \u00e9s \u00dcvegtiszt\u00edt\u00f3 hat\u00e9konyan elt\u00e1vol\u00edtja a zs\u00edros lenyomatokat mik\u00f6zben j\u00f3t\u00e9kony mikroorganizmusai tov\u00e1bb dolgoznak a fel\u00fcletek tisztas\u00e1g\u00e1\u00e9rt cs\u00edkmentesen, friss illattal.\",\"breadcrumb\":{\"@id\":\"https:\\\/\\\/herbow.eu\\\/product\\\/herbow-ablak-tukor-es-uvegtisztito-probiotikus-spray-wipe-friss-szello-illattal\\\/#breadcrumb\"},\"inLanguage\":\"sl-SI\",\"potentialAction\":[{\"@type\":\"ReadAction\",\"target\":[\"https:\\\/\\\/herbow.eu\\\/product\\\/herbow-ablak-tukor-es-uvegtisztito-probiotikus-spray-wipe-friss-szello-illattal\\\/\"]}]},{\"@type\":\"ImageObject\",\"inLanguage\":\"sl-SI\",\"@id\":\"https:\\\/\\\/herbow.eu\\\/product\\\/herbow-ablak-tukor-es-uvegtisztito-probiotikus-spray-wipe-friss-szello-illattal\\\/#primaryimage\",\"url\":\"https:\\\/\\\/herbow.eu\\\/wp-content\\\/uploads\\\/2025\\\/11\\\/Woo_base_2000x2000_16053_ablaktisztito_stancolt_500ml_v7_latvany.png\",\"contentUrl\":\"https:\\\/\\\/herbow.eu\\\/wp-content\\\/uploads\\\/2025\\\/11\\\/Woo_base_2000x2000_16053_ablaktisztito_stancolt_500ml_v7_latvany.png\",\"width\":2000,\"height\":2000},{\"@type\":\"BreadcrumbList\",\"@id\":\"https:\\\/\\\/herbow.eu\\\/product\\\/herbow-ablak-tukor-es-uvegtisztito-probiotikus-spray-wipe-friss-szello-illattal\\\/#breadcrumb\",\"itemListElement\":[{\"@type\":\"ListItem\",\"position\":1,\"name\":\"Kezd\u0151lap\",\"item\":\"https:\\\/\\\/herbow.eu\\\/\"},{\"@type\":\"ListItem\",\"position\":2,\"name\":\"Shop\",\"item\":\"https:\\\/\\\/herbow.eu\\\/shop\\\/\"},{\"@type\":\"ListItem\",\"position\":3,\"name\":\"Herbow Ablak-, t\u00fck\u00f6r- \u00e9s \u00fcvegtiszt\u00edt\u00f3 Probiotikus Spray &#038; Wipe &#8211; Friss szell\u0151 illattal 500 ml\"}]},{\"@type\":\"WebSite\",\"@id\":\"https:\\\/\\\/herbow.eu\\\/#website\",\"url\":\"https:\\\/\\\/herbow.eu\\\/\",\"name\":\"Herbow | Herbal Organic World\",\"description\":\"Herbal Organic World\",\"publisher\":{\"@id\":\"https:\\\/\\\/herbow.eu\\\/#organization\"},\"potentialAction\":[{\"@type\":\"SearchAction\",\"target\":{\"@type\":\"EntryPoint\",\"urlTemplate\":\"https:\\\/\\\/herbow.eu\\\/?s={search_term_string}\"},\"query-input\":{\"@type\":\"PropertyValueSpecification\",\"valueRequired\":true,\"valueName\":\"search_term_string\"}}],\"inLanguage\":\"sl-SI\"},{\"@type\":\"Organization\",\"@id\":\"https:\\\/\\\/herbow.eu\\\/#organization\",\"name\":\"Herbow International Zrt.\",\"url\":\"https:\\\/\\\/herbow.eu\\\/\",\"logo\":{\"@type\":\"ImageObject\",\"inLanguage\":\"sl-SI\",\"@id\":\"https:\\\/\\\/herbow.eu\\\/#\\\/schema\\\/logo\\\/image\\\/\",\"url\":\"https:\\\/\\\/herbow.eu\\\/wp-content\\\/uploads\\\/2025\\\/07\\\/herbow_logo_hun_2021-01_w-slogan_no-background.png\",\"contentUrl\":\"https:\\\/\\\/herbow.eu\\\/wp-content\\\/uploads\\\/2025\\\/07\\\/herbow_logo_hun_2021-01_w-slogan_no-background.png\",\"width\":2366,\"height\":1732,\"caption\":\"Herbow International Zrt.\"},\"image\":{\"@id\":\"https:\\\/\\\/herbow.eu\\\/#\\\/schema\\\/logo\\\/image\\\/\"},\"sameAs\":[\"https:\\\/\\\/www.facebook.com\\\/herbowmosodioslabda\\\/\",\"https:\\\/\\\/www.instagram.com\\\/herbowmosodioslabda\\\/\"]}]}<\/script>\n<!-- \/ Yoast SEO plugin. -->","yoast_head_json":{"title":"Herbow \u010cistilo za okna, ogledala in stekla, probioti\u010dni sprej in rob\u010dek - Fresh Breeze 500 ml - Herbow | International","description":"Herbow \u010distilo za okna, ogledala in stekla u\u010dinkovito odstranjuje mastne sledi, medtem ko njegovi koristni mikroorganizmi \u0161e naprej \u010distijo povr\u0161ine brez lis in s sve\u017eim vonjem.","robots":{"index":"index","follow":"follow","max-snippet":"max-snippet:-1","max-image-preview":"max-image-preview:large","max-video-preview":"max-video-preview:-1"},"canonical":"https:\/\/herbow.eu\/sl\/product\/herbow-cistilec-oken-in-cistilec-zraka-probioticni-prsilni-robcek-s-svezim-vonjem-celuloze\/","og_locale":"sl_SI","og_type":"article","og_title":"Herbow Ablak-, t\u00fck\u00f6r- \u00e9s \u00fcvegtiszt\u00edt\u00f3 Probiotikus Spray & Wipe - Friss szell\u0151 illattal 500 ml - Herbow | International","og_description":"A Herbow Ablak-, T\u00fck\u00f6r- \u00e9s \u00dcvegtiszt\u00edt\u00f3 hat\u00e9konyan elt\u00e1vol\u00edtja a zs\u00edros lenyomatokat mik\u00f6zben j\u00f3t\u00e9kony mikroorganizmusai tov\u00e1bb dolgoznak a fel\u00fcletek tisztas\u00e1g\u00e1\u00e9rt cs\u00edkmentesen, friss illattal.","og_url":"https:\/\/herbow.eu\/sl\/product\/herbow-cistilec-oken-in-cistilec-zraka-probioticni-prsilni-robcek-s-svezim-vonjem-celuloze\/","og_site_name":"Herbow | International","article_publisher":"https:\/\/www.facebook.com\/herbowmosodioslabda\/","article_modified_time":"2026-03-17T09:58:06+00:00","og_image":[{"width":2000,"height":2000,"url":"https:\/\/herbow.eu\/wp-content\/uploads\/2025\/11\/Woo_base_2000x2000_16053_ablaktisztito_stancolt_500ml_v7_latvany.png","type":"image\/png"}],"twitter_card":"summary_large_image","twitter_misc":{"Est. reading time":"1 minuta"},"schema":{"@context":"https:\/\/schema.org","@graph":[{"@type":"WebPage","@id":"https:\/\/herbow.eu\/product\/herbow-ablak-tukor-es-uvegtisztito-probiotikus-spray-wipe-friss-szello-illattal\/","url":"https:\/\/herbow.eu\/product\/herbow-ablak-tukor-es-uvegtisztito-probiotikus-spray-wipe-friss-szello-illattal\/","name":"Herbow \u010cistilo za okna, ogledala in stekla, probioti\u010dni sprej in rob\u010dek - Fresh Breeze 500 ml - Herbow | International","isPartOf":{"@id":"https:\/\/herbow.eu\/#website"},"primaryImageOfPage":{"@id":"https:\/\/herbow.eu\/product\/herbow-ablak-tukor-es-uvegtisztito-probiotikus-spray-wipe-friss-szello-illattal\/#primaryimage"},"image":{"@id":"https:\/\/herbow.eu\/product\/herbow-ablak-tukor-es-uvegtisztito-probiotikus-spray-wipe-friss-szello-illattal\/#primaryimage"},"thumbnailUrl":"https:\/\/herbow.eu\/wp-content\/uploads\/2025\/11\/Woo_base_2000x2000_16053_ablaktisztito_stancolt_500ml_v7_latvany.png","datePublished":"2025-08-18T09:05:58+00:00","dateModified":"2026-03-17T09:58:06+00:00","description":"Herbow \u010distilo za okna, ogledala in stekla u\u010dinkovito odstranjuje mastne sledi, medtem ko njegovi koristni mikroorganizmi \u0161e naprej \u010distijo povr\u0161ine brez lis in s sve\u017eim vonjem.","breadcrumb":{"@id":"https:\/\/herbow.eu\/product\/herbow-ablak-tukor-es-uvegtisztito-probiotikus-spray-wipe-friss-szello-illattal\/#breadcrumb"},"inLanguage":"sl-SI","potentialAction":[{"@type":"ReadAction","target":["https:\/\/herbow.eu\/product\/herbow-ablak-tukor-es-uvegtisztito-probiotikus-spray-wipe-friss-szello-illattal\/"]}]},{"@type":"ImageObject","inLanguage":"sl-SI","@id":"https:\/\/herbow.eu\/product\/herbow-ablak-tukor-es-uvegtisztito-probiotikus-spray-wipe-friss-szello-illattal\/#primaryimage","url":"https:\/\/herbow.eu\/wp-content\/uploads\/2025\/11\/Woo_base_2000x2000_16053_ablaktisztito_stancolt_500ml_v7_latvany.png","contentUrl":"https:\/\/herbow.eu\/wp-content\/uploads\/2025\/11\/Woo_base_2000x2000_16053_ablaktisztito_stancolt_500ml_v7_latvany.png","width":2000,"height":2000},{"@type":"BreadcrumbList","@id":"https:\/\/herbow.eu\/product\/herbow-ablak-tukor-es-uvegtisztito-probiotikus-spray-wipe-friss-szello-illattal\/#breadcrumb","itemListElement":[{"@type":"ListItem","position":1,"name":"Kezd\u0151lap","item":"https:\/\/herbow.eu\/"},{"@type":"ListItem","position":2,"name":"Shop","item":"https:\/\/herbow.eu\/shop\/"},{"@type":"ListItem","position":3,"name":"Herbow Ablak-, t\u00fck\u00f6r- \u00e9s \u00fcvegtiszt\u00edt\u00f3 Probiotikus Spray &#038; Wipe &#8211; Friss szell\u0151 illattal 500 ml"}]},{"@type":"WebSite","@id":"https:\/\/herbow.eu\/#website","url":"https:\/\/herbow.eu\/","name":"Herbow | Herbal Organic World","description":"Zeli\u0161\u010dni organski svet","publisher":{"@id":"https:\/\/herbow.eu\/#organization"},"potentialAction":[{"@type":"SearchAction","target":{"@type":"EntryPoint","urlTemplate":"https:\/\/herbow.eu\/?s={search_term_string}"},"query-input":{"@type":"PropertyValueSpecification","valueRequired":true,"valueName":"search_term_string"}}],"inLanguage":"sl-SI"},{"@type":"Organization","@id":"https:\/\/herbow.eu\/#organization","name":"Herbow International Zrt.","url":"https:\/\/herbow.eu\/","logo":{"@type":"ImageObject","inLanguage":"sl-SI","@id":"https:\/\/herbow.eu\/#\/schema\/logo\/image\/","url":"https:\/\/herbow.eu\/wp-content\/uploads\/2025\/07\/herbow_logo_hun_2021-01_w-slogan_no-background.png","contentUrl":"https:\/\/herbow.eu\/wp-content\/uploads\/2025\/07\/herbow_logo_hun_2021-01_w-slogan_no-background.png","width":2366,"height":1732,"caption":"Herbow International Zrt."},"image":{"@id":"https:\/\/herbow.eu\/#\/schema\/logo\/image\/"},"sameAs":["https:\/\/www.facebook.com\/herbowmosodioslabda\/","https:\/\/www.instagram.com\/herbowmosodioslabda\/"]}]}},"jetpack_likes_enabled":true,"jetpack_sharing_enabled":true,"_links":{"self":[{"href":"https:\/\/herbow.eu\/sl\/wp-json\/wp\/v2\/product\/1033","targetHints":{"allow":["GET"]}}],"collection":[{"href":"https:\/\/herbow.eu\/sl\/wp-json\/wp\/v2\/product"}],"about":[{"href":"https:\/\/herbow.eu\/sl\/wp-json\/wp\/v2\/types\/product"}],"replies":[{"embeddable":true,"href":"https:\/\/herbow.eu\/sl\/wp-json\/wp\/v2\/comments?post=1033"}],"wp:featuredmedia":[{"embeddable":true,"href":"https:\/\/herbow.eu\/sl\/wp-json\/wp\/v2\/media\/1141"}],"wp:attachment":[{"href":"https:\/\/herbow.eu\/sl\/wp-json\/wp\/v2\/media?parent=1033"}],"wp:term":[{"taxonomy":"product_brand","embeddable":true,"href":"https:\/\/herbow.eu\/sl\/wp-json\/wp\/v2\/product_brand?post=1033"},{"taxonomy":"product_cat","embeddable":true,"href":"https:\/\/herbow.eu\/sl\/wp-json\/wp\/v2\/product_cat?post=1033"},{"taxonomy":"product_tag","embeddable":true,"href":"https:\/\/herbow.eu\/sl\/wp-json\/wp\/v2\/product_tag?post=1033"}],"curies":[{"name":"wp","href":"https:\/\/api.w.org\/{rel}","templated":true}]}}