{"id":1027,"date":"2025-08-18T11:05:57","date_gmt":"2025-08-18T09:05:57","guid":{"rendered":"https:\/\/herbow.eu\/product\/herbow-gepi-oblito-orange-500ml\/"},"modified":"2026-03-17T10:58:12","modified_gmt":"2026-03-17T09:58:12","slug":"herbow-gepi-oblito-orange-500ml","status":"publish","type":"product","link":"https:\/\/herbow.eu\/sl\/product\/herbow-gepi-oblito-orange-500ml\/","title":{"rendered":"Herbow strojno izpiranje Orange 500ml"},"content":{"rendered":"<p>Izpiralo za pomivalni stroj Herbow z vonjem po pomaran\u010di je u\u010dinkovita in okolju prijazna re\u0161itev za popolnoma \u010disto in sijo\u010do posodo. Formula na rastlinski osnovi z nadzorovanim penjenjem zagotavlja optimalne rezultate pri vseh stopnjah trdote vode, pomaga prepre\u010devati nastanek vodnega kamna in kapljic ter omogo\u010da hitro su\u0161enje brez made\u017eev. Zaradi sestavin naravnega izvora, ki so biolo\u0161ko razgradljive, je izdelek prijazen do okolja in ko\u017ee. Posoda, kozarci in jedilni pribor ostanejo ble\u0161\u010de\u010de \u010disti s prijetnim sve\u017eim vonjem. Za najbolj\u0161e rezultate uporabljajte z detergentom za pomivalni stroj Herbow.<\/p>\n<p>Ekolo\u0161ka, veganska in ko\u017ei prijazna formula prina\u0161a naravno sve\u017eino v vsakdanje \u017eivljenje.<\/p>\n<p>Priporo\u010deno odmerjanje: v skladu z navodili proizvajalca pomivalnega stroja. Za odli\u010dne rezultate uporabljajte skupaj z detergentom za pomivalne stroje Herbow.<\/p>","protected":false},"excerpt":{"rendered":"<p>A <strong>Herbow Izpiralo za pomivalni stroj<\/strong> z vonjem pomaran\u010de, ki poskrbi za naravno \u010disto\u010do va\u0161e posode. Sestavine rastlinskega izvora prepre\u010dujejo nastanek made\u017eev vodnega kamna in zagotavljajo hitro su\u0161enje brez made\u017eev, hkrati pa pu\u0161\u010dajo prijeten, sve\u017e oran\u017eni sijaj.<\/p>\n<p>Embala\u017ea: 500 ml<\/p>","protected":false},"featured_media":871,"comment_status":"open","ping_status":"closed","template":"","meta":[],"product_brand":[1397],"product_cat":[1490],"product_tag":[],"class_list":{"0":"post-1027","1":"product","2":"type-product","3":"status-publish","4":"has-post-thumbnail","6":"product_brand-herbow","7":"product_cat-gepi-mosogatoszer","9":"first","10":"instock","11":"taxable","12":"shipping-taxable","13":"product-type-simple"},"yoast_head":"<!-- This site is optimized with the Yoast SEO plugin v27.5 - https:\/\/yoast.com\/product\/yoast-seo-wordpress\/ -->\n<title>Herbow g\u00e9pi \u00f6bl\u00edt\u0151 Orange 500ml - Herbow | International<\/title>\n<meta name=\"description\" content=\"A Herbow Mosogat\u00f3g\u00e9p \u00d6bl\u00edt\u0151 narancs illattal term\u00e9szetes m\u00f3don gondoskodik az ed\u00e9nyek ragyog\u00f3 tisztas\u00e1g\u00e1r\u00f3l. N\u00f6v\u00e9nyi eredet\u0171 \u00f6sszetev\u0151i megel\u0151zik a v\u00edzk\u0151foltok kialakul\u00e1s\u00e1t, gyors, foltmentes sz\u00e1rad\u00e1st biztos\u00edtanak, mik\u00f6zben kellemes, friss narancsillatot hagynak.\" \/>\n<meta name=\"robots\" content=\"index, follow, max-snippet:-1, max-image-preview:large, max-video-preview:-1\" \/>\n<link rel=\"canonical\" href=\"https:\/\/herbow.eu\/sl\/product\/herbow-gepi-oblito-orange-500ml\/\" \/>\n<meta property=\"og:locale\" content=\"sl_SI\" \/>\n<meta property=\"og:type\" content=\"article\" \/>\n<meta property=\"og:title\" content=\"Herbow g\u00e9pi \u00f6bl\u00edt\u0151 Orange 500ml - Herbow | International\" \/>\n<meta property=\"og:description\" content=\"A Herbow Mosogat\u00f3g\u00e9p \u00d6bl\u00edt\u0151 narancs illattal term\u00e9szetes m\u00f3don gondoskodik az ed\u00e9nyek ragyog\u00f3 tisztas\u00e1g\u00e1r\u00f3l. N\u00f6v\u00e9nyi eredet\u0171 \u00f6sszetev\u0151i megel\u0151zik a v\u00edzk\u0151foltok kialakul\u00e1s\u00e1t, gyors, foltmentes sz\u00e1rad\u00e1st biztos\u00edtanak, mik\u00f6zben kellemes, friss narancsillatot hagynak.\" \/>\n<meta property=\"og:url\" content=\"https:\/\/herbow.eu\/sl\/product\/herbow-gepi-oblito-orange-500ml\/\" \/>\n<meta property=\"og:site_name\" content=\"Herbow | International\" \/>\n<meta property=\"article:publisher\" content=\"https:\/\/www.facebook.com\/herbowmosodioslabda\/\" \/>\n<meta property=\"article:modified_time\" content=\"2026-03-17T09:58:12+00:00\" \/>\n<meta property=\"og:image\" content=\"https:\/\/herbow.eu\/wp-content\/uploads\/2025\/08\/herbow_mosogatogep_oblito_500ml_188x136_redesign_uj_narancs_illat_v6.png\" \/>\n\t<meta property=\"og:image:width\" content=\"2000\" \/>\n\t<meta property=\"og:image:height\" content=\"2000\" \/>\n\t<meta property=\"og:image:type\" content=\"image\/png\" \/>\n<meta name=\"twitter:card\" content=\"summary_large_image\" \/>\n<meta name=\"twitter:label1\" content=\"Est. reading time\" \/>\n\t<meta name=\"twitter:data1\" content=\"1 minuta\" \/>\n<script type=\"application\/ld+json\" class=\"yoast-schema-graph\">{\"@context\":\"https:\\\/\\\/schema.org\",\"@graph\":[{\"@type\":\"WebPage\",\"@id\":\"https:\\\/\\\/herbow.eu\\\/product\\\/herbow-gepi-oblito-orange-500ml\\\/\",\"url\":\"https:\\\/\\\/herbow.eu\\\/product\\\/herbow-gepi-oblito-orange-500ml\\\/\",\"name\":\"Herbow g\u00e9pi \u00f6bl\u00edt\u0151 Orange 500ml - Herbow | International\",\"isPartOf\":{\"@id\":\"https:\\\/\\\/herbow.eu\\\/#website\"},\"primaryImageOfPage\":{\"@id\":\"https:\\\/\\\/herbow.eu\\\/product\\\/herbow-gepi-oblito-orange-500ml\\\/#primaryimage\"},\"image\":{\"@id\":\"https:\\\/\\\/herbow.eu\\\/product\\\/herbow-gepi-oblito-orange-500ml\\\/#primaryimage\"},\"thumbnailUrl\":\"https:\\\/\\\/herbow.eu\\\/wp-content\\\/uploads\\\/2025\\\/08\\\/herbow_mosogatogep_oblito_500ml_188x136_redesign_uj_narancs_illat_v6.png\",\"datePublished\":\"2025-08-18T09:05:57+00:00\",\"dateModified\":\"2026-03-17T09:58:12+00:00\",\"description\":\"A Herbow Mosogat\u00f3g\u00e9p \u00d6bl\u00edt\u0151 narancs illattal term\u00e9szetes m\u00f3don gondoskodik az ed\u00e9nyek ragyog\u00f3 tisztas\u00e1g\u00e1r\u00f3l. N\u00f6v\u00e9nyi eredet\u0171 \u00f6sszetev\u0151i megel\u0151zik a v\u00edzk\u0151foltok kialakul\u00e1s\u00e1t, gyors, foltmentes sz\u00e1rad\u00e1st biztos\u00edtanak, mik\u00f6zben kellemes, friss narancsillatot hagynak.\",\"breadcrumb\":{\"@id\":\"https:\\\/\\\/herbow.eu\\\/product\\\/herbow-gepi-oblito-orange-500ml\\\/#breadcrumb\"},\"inLanguage\":\"sl-SI\",\"potentialAction\":[{\"@type\":\"ReadAction\",\"target\":[\"https:\\\/\\\/herbow.eu\\\/product\\\/herbow-gepi-oblito-orange-500ml\\\/\"]}]},{\"@type\":\"ImageObject\",\"inLanguage\":\"sl-SI\",\"@id\":\"https:\\\/\\\/herbow.eu\\\/product\\\/herbow-gepi-oblito-orange-500ml\\\/#primaryimage\",\"url\":\"https:\\\/\\\/herbow.eu\\\/wp-content\\\/uploads\\\/2025\\\/08\\\/herbow_mosogatogep_oblito_500ml_188x136_redesign_uj_narancs_illat_v6.png\",\"contentUrl\":\"https:\\\/\\\/herbow.eu\\\/wp-content\\\/uploads\\\/2025\\\/08\\\/herbow_mosogatogep_oblito_500ml_188x136_redesign_uj_narancs_illat_v6.png\",\"width\":2000,\"height\":2000},{\"@type\":\"BreadcrumbList\",\"@id\":\"https:\\\/\\\/herbow.eu\\\/product\\\/herbow-gepi-oblito-orange-500ml\\\/#breadcrumb\",\"itemListElement\":[{\"@type\":\"ListItem\",\"position\":1,\"name\":\"Kezd\u0151lap\",\"item\":\"https:\\\/\\\/herbow.eu\\\/\"},{\"@type\":\"ListItem\",\"position\":2,\"name\":\"Shop\",\"item\":\"https:\\\/\\\/herbow.eu\\\/shop\\\/\"},{\"@type\":\"ListItem\",\"position\":3,\"name\":\"Herbow g\u00e9pi \u00f6bl\u00edt\u0151 Orange 500ml\"}]},{\"@type\":\"WebSite\",\"@id\":\"https:\\\/\\\/herbow.eu\\\/#website\",\"url\":\"https:\\\/\\\/herbow.eu\\\/\",\"name\":\"Herbow | Herbal Organic World\",\"description\":\"Herbal Organic World\",\"publisher\":{\"@id\":\"https:\\\/\\\/herbow.eu\\\/#organization\"},\"potentialAction\":[{\"@type\":\"SearchAction\",\"target\":{\"@type\":\"EntryPoint\",\"urlTemplate\":\"https:\\\/\\\/herbow.eu\\\/?s={search_term_string}\"},\"query-input\":{\"@type\":\"PropertyValueSpecification\",\"valueRequired\":true,\"valueName\":\"search_term_string\"}}],\"inLanguage\":\"sl-SI\"},{\"@type\":\"Organization\",\"@id\":\"https:\\\/\\\/herbow.eu\\\/#organization\",\"name\":\"Herbow International Zrt.\",\"url\":\"https:\\\/\\\/herbow.eu\\\/\",\"logo\":{\"@type\":\"ImageObject\",\"inLanguage\":\"sl-SI\",\"@id\":\"https:\\\/\\\/herbow.eu\\\/#\\\/schema\\\/logo\\\/image\\\/\",\"url\":\"https:\\\/\\\/herbow.eu\\\/wp-content\\\/uploads\\\/2025\\\/07\\\/herbow_logo_hun_2021-01_w-slogan_no-background.png\",\"contentUrl\":\"https:\\\/\\\/herbow.eu\\\/wp-content\\\/uploads\\\/2025\\\/07\\\/herbow_logo_hun_2021-01_w-slogan_no-background.png\",\"width\":2366,\"height\":1732,\"caption\":\"Herbow International Zrt.\"},\"image\":{\"@id\":\"https:\\\/\\\/herbow.eu\\\/#\\\/schema\\\/logo\\\/image\\\/\"},\"sameAs\":[\"https:\\\/\\\/www.facebook.com\\\/herbowmosodioslabda\\\/\",\"https:\\\/\\\/www.instagram.com\\\/herbowmosodioslabda\\\/\"]}]}<\/script>\n<!-- \/ Yoast SEO plugin. -->","yoast_head_json":{"title":"Herbow Strojno izpiranje Orange 500ml - Herbow | International","description":"Izpiralo za pomivalni stroj Herbow z vonjem po pomaran\u010di je naraven na\u010din za ohranjanje sijo\u010de \u010disto\u010de posode. Sestavine rastlinskega izvora prepre\u010dujejo nabiranje vodnega kamna in zagotavljajo hitro su\u0161enje brez made\u017eev, hkrati pa pu\u0161\u010dajo prijeten, sve\u017e oran\u017eni odtenek.","robots":{"index":"index","follow":"follow","max-snippet":"max-snippet:-1","max-image-preview":"max-image-preview:large","max-video-preview":"max-video-preview:-1"},"canonical":"https:\/\/herbow.eu\/sl\/product\/herbow-gepi-oblito-orange-500ml\/","og_locale":"sl_SI","og_type":"article","og_title":"Herbow g\u00e9pi \u00f6bl\u00edt\u0151 Orange 500ml - Herbow | International","og_description":"A Herbow Mosogat\u00f3g\u00e9p \u00d6bl\u00edt\u0151 narancs illattal term\u00e9szetes m\u00f3don gondoskodik az ed\u00e9nyek ragyog\u00f3 tisztas\u00e1g\u00e1r\u00f3l. N\u00f6v\u00e9nyi eredet\u0171 \u00f6sszetev\u0151i megel\u0151zik a v\u00edzk\u0151foltok kialakul\u00e1s\u00e1t, gyors, foltmentes sz\u00e1rad\u00e1st biztos\u00edtanak, mik\u00f6zben kellemes, friss narancsillatot hagynak.","og_url":"https:\/\/herbow.eu\/sl\/product\/herbow-gepi-oblito-orange-500ml\/","og_site_name":"Herbow | International","article_publisher":"https:\/\/www.facebook.com\/herbowmosodioslabda\/","article_modified_time":"2026-03-17T09:58:12+00:00","og_image":[{"width":2000,"height":2000,"url":"https:\/\/herbow.eu\/wp-content\/uploads\/2025\/08\/herbow_mosogatogep_oblito_500ml_188x136_redesign_uj_narancs_illat_v6.png","type":"image\/png"}],"twitter_card":"summary_large_image","twitter_misc":{"Est. reading time":"1 minuta"},"schema":{"@context":"https:\/\/schema.org","@graph":[{"@type":"WebPage","@id":"https:\/\/herbow.eu\/product\/herbow-gepi-oblito-orange-500ml\/","url":"https:\/\/herbow.eu\/product\/herbow-gepi-oblito-orange-500ml\/","name":"Herbow Strojno izpiranje Orange 500ml - Herbow | International","isPartOf":{"@id":"https:\/\/herbow.eu\/#website"},"primaryImageOfPage":{"@id":"https:\/\/herbow.eu\/product\/herbow-gepi-oblito-orange-500ml\/#primaryimage"},"image":{"@id":"https:\/\/herbow.eu\/product\/herbow-gepi-oblito-orange-500ml\/#primaryimage"},"thumbnailUrl":"https:\/\/herbow.eu\/wp-content\/uploads\/2025\/08\/herbow_mosogatogep_oblito_500ml_188x136_redesign_uj_narancs_illat_v6.png","datePublished":"2025-08-18T09:05:57+00:00","dateModified":"2026-03-17T09:58:12+00:00","description":"Izpiralo za pomivalni stroj Herbow z vonjem po pomaran\u010di je naraven na\u010din za ohranjanje sijo\u010de \u010disto\u010de posode. Sestavine rastlinskega izvora prepre\u010dujejo nabiranje vodnega kamna in zagotavljajo hitro su\u0161enje brez made\u017eev, hkrati pa pu\u0161\u010dajo prijeten, sve\u017e oran\u017eni odtenek.","breadcrumb":{"@id":"https:\/\/herbow.eu\/product\/herbow-gepi-oblito-orange-500ml\/#breadcrumb"},"inLanguage":"sl-SI","potentialAction":[{"@type":"ReadAction","target":["https:\/\/herbow.eu\/product\/herbow-gepi-oblito-orange-500ml\/"]}]},{"@type":"ImageObject","inLanguage":"sl-SI","@id":"https:\/\/herbow.eu\/product\/herbow-gepi-oblito-orange-500ml\/#primaryimage","url":"https:\/\/herbow.eu\/wp-content\/uploads\/2025\/08\/herbow_mosogatogep_oblito_500ml_188x136_redesign_uj_narancs_illat_v6.png","contentUrl":"https:\/\/herbow.eu\/wp-content\/uploads\/2025\/08\/herbow_mosogatogep_oblito_500ml_188x136_redesign_uj_narancs_illat_v6.png","width":2000,"height":2000},{"@type":"BreadcrumbList","@id":"https:\/\/herbow.eu\/product\/herbow-gepi-oblito-orange-500ml\/#breadcrumb","itemListElement":[{"@type":"ListItem","position":1,"name":"Kezd\u0151lap","item":"https:\/\/herbow.eu\/"},{"@type":"ListItem","position":2,"name":"Shop","item":"https:\/\/herbow.eu\/shop\/"},{"@type":"ListItem","position":3,"name":"Herbow g\u00e9pi \u00f6bl\u00edt\u0151 Orange 500ml"}]},{"@type":"WebSite","@id":"https:\/\/herbow.eu\/#website","url":"https:\/\/herbow.eu\/","name":"Herbow | Herbal Organic World","description":"Zeli\u0161\u010dni organski svet","publisher":{"@id":"https:\/\/herbow.eu\/#organization"},"potentialAction":[{"@type":"SearchAction","target":{"@type":"EntryPoint","urlTemplate":"https:\/\/herbow.eu\/?s={search_term_string}"},"query-input":{"@type":"PropertyValueSpecification","valueRequired":true,"valueName":"search_term_string"}}],"inLanguage":"sl-SI"},{"@type":"Organization","@id":"https:\/\/herbow.eu\/#organization","name":"Herbow International Zrt.","url":"https:\/\/herbow.eu\/","logo":{"@type":"ImageObject","inLanguage":"sl-SI","@id":"https:\/\/herbow.eu\/#\/schema\/logo\/image\/","url":"https:\/\/herbow.eu\/wp-content\/uploads\/2025\/07\/herbow_logo_hun_2021-01_w-slogan_no-background.png","contentUrl":"https:\/\/herbow.eu\/wp-content\/uploads\/2025\/07\/herbow_logo_hun_2021-01_w-slogan_no-background.png","width":2366,"height":1732,"caption":"Herbow International Zrt."},"image":{"@id":"https:\/\/herbow.eu\/#\/schema\/logo\/image\/"},"sameAs":["https:\/\/www.facebook.com\/herbowmosodioslabda\/","https:\/\/www.instagram.com\/herbowmosodioslabda\/"]}]}},"jetpack_likes_enabled":true,"jetpack_sharing_enabled":true,"_links":{"self":[{"href":"https:\/\/herbow.eu\/sl\/wp-json\/wp\/v2\/product\/1027","targetHints":{"allow":["GET"]}}],"collection":[{"href":"https:\/\/herbow.eu\/sl\/wp-json\/wp\/v2\/product"}],"about":[{"href":"https:\/\/herbow.eu\/sl\/wp-json\/wp\/v2\/types\/product"}],"replies":[{"embeddable":true,"href":"https:\/\/herbow.eu\/sl\/wp-json\/wp\/v2\/comments?post=1027"}],"wp:featuredmedia":[{"embeddable":true,"href":"https:\/\/herbow.eu\/sl\/wp-json\/wp\/v2\/media\/871"}],"wp:attachment":[{"href":"https:\/\/herbow.eu\/sl\/wp-json\/wp\/v2\/media?parent=1027"}],"wp:term":[{"taxonomy":"product_brand","embeddable":true,"href":"https:\/\/herbow.eu\/sl\/wp-json\/wp\/v2\/product_brand?post=1027"},{"taxonomy":"product_cat","embeddable":true,"href":"https:\/\/herbow.eu\/sl\/wp-json\/wp\/v2\/product_cat?post=1027"},{"taxonomy":"product_tag","embeddable":true,"href":"https:\/\/herbow.eu\/sl\/wp-json\/wp\/v2\/product_tag?post=1027"}],"curies":[{"name":"wp","href":"https:\/\/api.w.org\/{rel}","templated":true}]}}