{"id":1023,"date":"2025-08-18T11:05:56","date_gmt":"2025-08-18T09:05:56","guid":{"rendered":"https:\/\/herbow.eu\/product\/herbow-folyekony-mosogatoszer-passionate-nature-mango-illatt\/"},"modified":"2026-03-17T10:58:22","modified_gmt":"2026-03-17T09:58:22","slug":"herbow-tekoce-milo-za-posodo-strastna-narava-z-vonjem-manga","status":"publish","type":"product","link":"https:\/\/herbow.eu\/sl\/product\/herbow-folyekony-mosogatoszer-passionate-nature-mango-illatt\/","title":{"rendered":"Herbow teko\u010da teko\u010dina za pomivanje posode - Strastna narava - (vonj MANGO)"},"content":{"rendered":"<p>Herbow Passionate Nature teko\u010dina za ro\u010dno pomivanje posode zdru\u017euje \u010distost narave z energijo sadne sve\u017eine. Vsebuje ne\u017eno ekstrahirane izvle\u010dke 12% pralnih ore\u0161\u010dkov in pomaran\u010dnih sterolov, ki imajo naravni razma\u0161\u010devalni u\u010dinek za u\u010dinkovito odstranjevanje ostankov hrane in trdovratne umazanije, hkrati pa so ne\u017eni do rok in okolja. Vonj pomaran\u010dnega olja in manga je hkrati ne\u017een in sve\u017e ter ob vsaki uporabi prikli\u010de sadno spokojnost narave. Formula je pH-nevtralna ter ne vsebuje parafina in mineralnih olj, zato je idealna za vsakodnevno uporabo, tudi za tiste z ob\u010dutljivo ko\u017eo. Gosto, stabilno peno lahko stisnete neposredno na gobico, kar je gospodarna, priro\u010dna in u\u010dinkovita re\u0161itev.<\/p>\n<ul>\n<li>Ne vsebuje umetnih di\u0161av, barvil in ostrih kemikalij.<\/li>\n<li>Na voljo v vrhunski embala\u017ei s \u010drpalko, ki je sodobna in prakti\u010dna.<\/li>\n<li>Zmogljivost: 500 ml = dovolj za pribli\u017eno 100 jedi.<\/li>\n<\/ul>","protected":false},"excerpt":{"rendered":"<p>Herbow Passionate Nature teko\u010dina za ro\u010dno pomivanje posode zagotavlja sijo\u010do \u010disto\u010do z naravno u\u010dinkovitostjo in eksoti\u010dnim vonjem. Obogaten z izvle\u010dkom wasodi in pomaran\u010dnimi sterpeni je visoko pene\u010da se formula z nevtralnim pH in \u017eivahno sadno harmonijo sve\u017eega mangovega in pomaran\u010dnega olja.<\/p>\n<p>Embala\u017ea: 500 ml<\/p>","protected":false},"featured_media":858,"comment_status":"open","ping_status":"closed","template":"","meta":[],"product_brand":[1397],"product_cat":[1400],"product_tag":[1568,1431,1567,1555,1570,1559,1557,1572,1467,1564,1565,1571,1561,1409,1422,1573,1563,1562,1412,1558,1560,1554,1553,1574,1569,1556,1566],"class_list":{"0":"post-1023","1":"product","2":"type-product","3":"status-publish","4":"has-post-thumbnail","6":"product_brand-herbow","7":"product_cat-folyekony-mosogatoszer","8":"product_tag-aktiv-probiotikumok","9":"product_tag-allergenmentes","10":"product_tag-allatkiserlet-mentes","11":"product_tag-elo-probiotikumok","12":"product_tag-oko-haztartasi-tisztitoszer","13":"product_tag-oko-tisztitas","14":"product_tag-biofilm-eltavolitas","15":"product_tag-biofilm-bonto-technologia","16":"product_tag-biologiailag-lebomlo","17":"product_tag-biztonsagos-tisztitas","18":"product_tag-borbarat-tisztitoszer","19":"product_tag-egeszseges-otthon","20":"product_tag-fenntarthato-haztartas","21":"product_tag-herbow","22":"product_tag-herbow-probiotikus","23":"product_tag-herbtech-probiotikus","24":"product_tag-hosszan-tarto-frissesseg","25":"product_tag-illatmentes-opcio","26":"product_tag-kornyezetbarat-tisztitoszer","27":"product_tag-melytisztito-hatas","28":"product_tag-novenyi-alapu-tisztitoszer","29":"product_tag-probiotikus-formula","30":"product_tag-probiotikus-tisztitoszer","31":"product_tag-tartos-mikrobialis-vedelem","32":"product_tag-termeszetes-higienia","33":"product_tag-termeszetes-tisztitas","34":"product_tag-vegan-tisztitoszer","36":"first","37":"instock","38":"taxable","39":"shipping-taxable","40":"product-type-simple"},"yoast_head":"<!-- This site is optimized with the Yoast SEO plugin v27.5 - https:\/\/yoast.com\/product\/yoast-seo-wordpress\/ -->\n<title>Herbow foly\u00e9kony mosogat\u00f3szer - Passionate nature - (MANG\u00d3 illatt) - Herbow | International<\/title>\n<meta name=\"description\" content=\"A Herbow Passionate Nature k\u00e9zi mosogat\u00f3szer term\u00e9szetes hat\u00e9konys\u00e1ggal \u00e9s egzotikus illattal gondoskodik az ed\u00e9nyek ragyog\u00f3 tisztas\u00e1g\u00e1r\u00f3l. Mos\u00f3di\u00f3-extraktummal \u00e9s narancsterp\u00e9nekkel gazdag\u00edtott, j\u00f3l habz\u00f3, pH-semleges formula a friss mang\u00f3 \u00e9s narancsolaj \u00e9l\u00e9nk, gy\u00fcm\u00f6lcs\u00f6s harm\u00f3ni\u00e1j\u00e1val.\" \/>\n<meta name=\"robots\" content=\"index, follow, max-snippet:-1, max-image-preview:large, max-video-preview:-1\" \/>\n<link rel=\"canonical\" href=\"https:\/\/herbow.eu\/sl\/product\/herbow-tekoce-milo-za-posodo-strastna-narava-z-vonjem-manga\/\" \/>\n<meta property=\"og:locale\" content=\"sl_SI\" \/>\n<meta property=\"og:type\" content=\"article\" \/>\n<meta property=\"og:title\" content=\"Herbow foly\u00e9kony mosogat\u00f3szer - Passionate nature - (MANG\u00d3 illatt) - Herbow | International\" \/>\n<meta property=\"og:description\" content=\"A Herbow Passionate Nature k\u00e9zi mosogat\u00f3szer term\u00e9szetes hat\u00e9konys\u00e1ggal \u00e9s egzotikus illattal gondoskodik az ed\u00e9nyek ragyog\u00f3 tisztas\u00e1g\u00e1r\u00f3l. Mos\u00f3di\u00f3-extraktummal \u00e9s narancsterp\u00e9nekkel gazdag\u00edtott, j\u00f3l habz\u00f3, pH-semleges formula a friss mang\u00f3 \u00e9s narancsolaj \u00e9l\u00e9nk, gy\u00fcm\u00f6lcs\u00f6s harm\u00f3ni\u00e1j\u00e1val.\" \/>\n<meta property=\"og:url\" content=\"https:\/\/herbow.eu\/sl\/product\/herbow-tekoce-milo-za-posodo-strastna-narava-z-vonjem-manga\/\" \/>\n<meta property=\"og:site_name\" content=\"Herbow | International\" \/>\n<meta property=\"article:publisher\" content=\"https:\/\/www.facebook.com\/herbowmosodioslabda\/\" \/>\n<meta property=\"article:modified_time\" content=\"2026-03-17T09:58:22+00:00\" \/>\n<meta property=\"og:image\" content=\"https:\/\/herbow.eu\/wp-content\/uploads\/2025\/08\/Herbow_CFA_foly-mosogato_500ml_208x103mm_v5_mango.png\" \/>\n\t<meta property=\"og:image:width\" content=\"2000\" \/>\n\t<meta property=\"og:image:height\" content=\"2000\" \/>\n\t<meta property=\"og:image:type\" content=\"image\/png\" \/>\n<meta name=\"twitter:card\" content=\"summary_large_image\" \/>\n<meta name=\"twitter:label1\" content=\"Est. reading time\" \/>\n\t<meta name=\"twitter:data1\" content=\"1 minuta\" \/>\n<script type=\"application\/ld+json\" class=\"yoast-schema-graph\">{\"@context\":\"https:\\\/\\\/schema.org\",\"@graph\":[{\"@type\":\"WebPage\",\"@id\":\"https:\\\/\\\/herbow.eu\\\/product\\\/herbow-folyekony-mosogatoszer-passionate-nature-mango-illatt\\\/\",\"url\":\"https:\\\/\\\/herbow.eu\\\/product\\\/herbow-folyekony-mosogatoszer-passionate-nature-mango-illatt\\\/\",\"name\":\"Herbow foly\u00e9kony mosogat\u00f3szer - Passionate nature - (MANG\u00d3 illatt) - Herbow | International\",\"isPartOf\":{\"@id\":\"https:\\\/\\\/herbow.eu\\\/#website\"},\"primaryImageOfPage\":{\"@id\":\"https:\\\/\\\/herbow.eu\\\/product\\\/herbow-folyekony-mosogatoszer-passionate-nature-mango-illatt\\\/#primaryimage\"},\"image\":{\"@id\":\"https:\\\/\\\/herbow.eu\\\/product\\\/herbow-folyekony-mosogatoszer-passionate-nature-mango-illatt\\\/#primaryimage\"},\"thumbnailUrl\":\"https:\\\/\\\/herbow.eu\\\/wp-content\\\/uploads\\\/2025\\\/08\\\/Herbow_CFA_foly-mosogato_500ml_208x103mm_v5_mango.png\",\"datePublished\":\"2025-08-18T09:05:56+00:00\",\"dateModified\":\"2026-03-17T09:58:22+00:00\",\"description\":\"A Herbow Passionate Nature k\u00e9zi mosogat\u00f3szer term\u00e9szetes hat\u00e9konys\u00e1ggal \u00e9s egzotikus illattal gondoskodik az ed\u00e9nyek ragyog\u00f3 tisztas\u00e1g\u00e1r\u00f3l. Mos\u00f3di\u00f3-extraktummal \u00e9s narancsterp\u00e9nekkel gazdag\u00edtott, j\u00f3l habz\u00f3, pH-semleges formula a friss mang\u00f3 \u00e9s narancsolaj \u00e9l\u00e9nk, gy\u00fcm\u00f6lcs\u00f6s harm\u00f3ni\u00e1j\u00e1val.\",\"breadcrumb\":{\"@id\":\"https:\\\/\\\/herbow.eu\\\/product\\\/herbow-folyekony-mosogatoszer-passionate-nature-mango-illatt\\\/#breadcrumb\"},\"inLanguage\":\"sl-SI\",\"potentialAction\":[{\"@type\":\"ReadAction\",\"target\":[\"https:\\\/\\\/herbow.eu\\\/product\\\/herbow-folyekony-mosogatoszer-passionate-nature-mango-illatt\\\/\"]}]},{\"@type\":\"ImageObject\",\"inLanguage\":\"sl-SI\",\"@id\":\"https:\\\/\\\/herbow.eu\\\/product\\\/herbow-folyekony-mosogatoszer-passionate-nature-mango-illatt\\\/#primaryimage\",\"url\":\"https:\\\/\\\/herbow.eu\\\/wp-content\\\/uploads\\\/2025\\\/08\\\/Herbow_CFA_foly-mosogato_500ml_208x103mm_v5_mango.png\",\"contentUrl\":\"https:\\\/\\\/herbow.eu\\\/wp-content\\\/uploads\\\/2025\\\/08\\\/Herbow_CFA_foly-mosogato_500ml_208x103mm_v5_mango.png\",\"width\":2000,\"height\":2000},{\"@type\":\"BreadcrumbList\",\"@id\":\"https:\\\/\\\/herbow.eu\\\/product\\\/herbow-folyekony-mosogatoszer-passionate-nature-mango-illatt\\\/#breadcrumb\",\"itemListElement\":[{\"@type\":\"ListItem\",\"position\":1,\"name\":\"Kezd\u0151lap\",\"item\":\"https:\\\/\\\/herbow.eu\\\/\"},{\"@type\":\"ListItem\",\"position\":2,\"name\":\"Shop\",\"item\":\"https:\\\/\\\/herbow.eu\\\/shop\\\/\"},{\"@type\":\"ListItem\",\"position\":3,\"name\":\"Herbow foly\u00e9kony mosogat\u00f3szer &#8211; Passionate nature &#8211; (MANG\u00d3 illatt)\"}]},{\"@type\":\"WebSite\",\"@id\":\"https:\\\/\\\/herbow.eu\\\/#website\",\"url\":\"https:\\\/\\\/herbow.eu\\\/\",\"name\":\"Herbow | Herbal Organic World\",\"description\":\"Herbal Organic World\",\"publisher\":{\"@id\":\"https:\\\/\\\/herbow.eu\\\/#organization\"},\"potentialAction\":[{\"@type\":\"SearchAction\",\"target\":{\"@type\":\"EntryPoint\",\"urlTemplate\":\"https:\\\/\\\/herbow.eu\\\/?s={search_term_string}\"},\"query-input\":{\"@type\":\"PropertyValueSpecification\",\"valueRequired\":true,\"valueName\":\"search_term_string\"}}],\"inLanguage\":\"sl-SI\"},{\"@type\":\"Organization\",\"@id\":\"https:\\\/\\\/herbow.eu\\\/#organization\",\"name\":\"Herbow International Zrt.\",\"url\":\"https:\\\/\\\/herbow.eu\\\/\",\"logo\":{\"@type\":\"ImageObject\",\"inLanguage\":\"sl-SI\",\"@id\":\"https:\\\/\\\/herbow.eu\\\/#\\\/schema\\\/logo\\\/image\\\/\",\"url\":\"https:\\\/\\\/herbow.eu\\\/wp-content\\\/uploads\\\/2025\\\/07\\\/herbow_logo_hun_2021-01_w-slogan_no-background.png\",\"contentUrl\":\"https:\\\/\\\/herbow.eu\\\/wp-content\\\/uploads\\\/2025\\\/07\\\/herbow_logo_hun_2021-01_w-slogan_no-background.png\",\"width\":2366,\"height\":1732,\"caption\":\"Herbow International Zrt.\"},\"image\":{\"@id\":\"https:\\\/\\\/herbow.eu\\\/#\\\/schema\\\/logo\\\/image\\\/\"},\"sameAs\":[\"https:\\\/\\\/www.facebook.com\\\/herbowmosodioslabda\\\/\",\"https:\\\/\\\/www.instagram.com\\\/herbowmosodioslabda\\\/\"]}]}<\/script>\n<!-- \/ Yoast SEO plugin. -->","yoast_head_json":{"title":"Herbow teko\u010dina za pomivanje posode - Passionate nature - (vonj MANGO) - Herbow | International","description":"Herbow Passionate Nature teko\u010dina za ro\u010dno pomivanje posode zagotavlja sijo\u010do \u010disto\u010do z naravno u\u010dinkovitostjo in eksoti\u010dnim vonjem. Obogaten z izvle\u010dkom wasodi in pomaran\u010dnimi sterpeni je visoko pene\u010da se formula z nevtralnim pH in \u017eivahno sadno harmonijo sve\u017eega mangovega in pomaran\u010dnega olja.","robots":{"index":"index","follow":"follow","max-snippet":"max-snippet:-1","max-image-preview":"max-image-preview:large","max-video-preview":"max-video-preview:-1"},"canonical":"https:\/\/herbow.eu\/sl\/product\/herbow-tekoce-milo-za-posodo-strastna-narava-z-vonjem-manga\/","og_locale":"sl_SI","og_type":"article","og_title":"Herbow foly\u00e9kony mosogat\u00f3szer - Passionate nature - (MANG\u00d3 illatt) - Herbow | International","og_description":"A Herbow Passionate Nature k\u00e9zi mosogat\u00f3szer term\u00e9szetes hat\u00e9konys\u00e1ggal \u00e9s egzotikus illattal gondoskodik az ed\u00e9nyek ragyog\u00f3 tisztas\u00e1g\u00e1r\u00f3l. Mos\u00f3di\u00f3-extraktummal \u00e9s narancsterp\u00e9nekkel gazdag\u00edtott, j\u00f3l habz\u00f3, pH-semleges formula a friss mang\u00f3 \u00e9s narancsolaj \u00e9l\u00e9nk, gy\u00fcm\u00f6lcs\u00f6s harm\u00f3ni\u00e1j\u00e1val.","og_url":"https:\/\/herbow.eu\/sl\/product\/herbow-tekoce-milo-za-posodo-strastna-narava-z-vonjem-manga\/","og_site_name":"Herbow | International","article_publisher":"https:\/\/www.facebook.com\/herbowmosodioslabda\/","article_modified_time":"2026-03-17T09:58:22+00:00","og_image":[{"width":2000,"height":2000,"url":"https:\/\/herbow.eu\/wp-content\/uploads\/2025\/08\/Herbow_CFA_foly-mosogato_500ml_208x103mm_v5_mango.png","type":"image\/png"}],"twitter_card":"summary_large_image","twitter_misc":{"Est. reading time":"1 minuta"},"schema":{"@context":"https:\/\/schema.org","@graph":[{"@type":"WebPage","@id":"https:\/\/herbow.eu\/product\/herbow-folyekony-mosogatoszer-passionate-nature-mango-illatt\/","url":"https:\/\/herbow.eu\/product\/herbow-folyekony-mosogatoszer-passionate-nature-mango-illatt\/","name":"Herbow teko\u010dina za pomivanje posode - Passionate nature - (vonj MANGO) - Herbow | International","isPartOf":{"@id":"https:\/\/herbow.eu\/#website"},"primaryImageOfPage":{"@id":"https:\/\/herbow.eu\/product\/herbow-folyekony-mosogatoszer-passionate-nature-mango-illatt\/#primaryimage"},"image":{"@id":"https:\/\/herbow.eu\/product\/herbow-folyekony-mosogatoszer-passionate-nature-mango-illatt\/#primaryimage"},"thumbnailUrl":"https:\/\/herbow.eu\/wp-content\/uploads\/2025\/08\/Herbow_CFA_foly-mosogato_500ml_208x103mm_v5_mango.png","datePublished":"2025-08-18T09:05:56+00:00","dateModified":"2026-03-17T09:58:22+00:00","description":"Herbow Passionate Nature teko\u010dina za ro\u010dno pomivanje posode zagotavlja sijo\u010do \u010disto\u010do z naravno u\u010dinkovitostjo in eksoti\u010dnim vonjem. Obogaten z izvle\u010dkom wasodi in pomaran\u010dnimi sterpeni je visoko pene\u010da se formula z nevtralnim pH in \u017eivahno sadno harmonijo sve\u017eega mangovega in pomaran\u010dnega olja.","breadcrumb":{"@id":"https:\/\/herbow.eu\/product\/herbow-folyekony-mosogatoszer-passionate-nature-mango-illatt\/#breadcrumb"},"inLanguage":"sl-SI","potentialAction":[{"@type":"ReadAction","target":["https:\/\/herbow.eu\/product\/herbow-folyekony-mosogatoszer-passionate-nature-mango-illatt\/"]}]},{"@type":"ImageObject","inLanguage":"sl-SI","@id":"https:\/\/herbow.eu\/product\/herbow-folyekony-mosogatoszer-passionate-nature-mango-illatt\/#primaryimage","url":"https:\/\/herbow.eu\/wp-content\/uploads\/2025\/08\/Herbow_CFA_foly-mosogato_500ml_208x103mm_v5_mango.png","contentUrl":"https:\/\/herbow.eu\/wp-content\/uploads\/2025\/08\/Herbow_CFA_foly-mosogato_500ml_208x103mm_v5_mango.png","width":2000,"height":2000},{"@type":"BreadcrumbList","@id":"https:\/\/herbow.eu\/product\/herbow-folyekony-mosogatoszer-passionate-nature-mango-illatt\/#breadcrumb","itemListElement":[{"@type":"ListItem","position":1,"name":"Kezd\u0151lap","item":"https:\/\/herbow.eu\/"},{"@type":"ListItem","position":2,"name":"Shop","item":"https:\/\/herbow.eu\/shop\/"},{"@type":"ListItem","position":3,"name":"Herbow foly\u00e9kony mosogat\u00f3szer &#8211; Passionate nature &#8211; (MANG\u00d3 illatt)"}]},{"@type":"WebSite","@id":"https:\/\/herbow.eu\/#website","url":"https:\/\/herbow.eu\/","name":"Herbow | Herbal Organic World","description":"Zeli\u0161\u010dni organski svet","publisher":{"@id":"https:\/\/herbow.eu\/#organization"},"potentialAction":[{"@type":"SearchAction","target":{"@type":"EntryPoint","urlTemplate":"https:\/\/herbow.eu\/?s={search_term_string}"},"query-input":{"@type":"PropertyValueSpecification","valueRequired":true,"valueName":"search_term_string"}}],"inLanguage":"sl-SI"},{"@type":"Organization","@id":"https:\/\/herbow.eu\/#organization","name":"Herbow International Zrt.","url":"https:\/\/herbow.eu\/","logo":{"@type":"ImageObject","inLanguage":"sl-SI","@id":"https:\/\/herbow.eu\/#\/schema\/logo\/image\/","url":"https:\/\/herbow.eu\/wp-content\/uploads\/2025\/07\/herbow_logo_hun_2021-01_w-slogan_no-background.png","contentUrl":"https:\/\/herbow.eu\/wp-content\/uploads\/2025\/07\/herbow_logo_hun_2021-01_w-slogan_no-background.png","width":2366,"height":1732,"caption":"Herbow International Zrt."},"image":{"@id":"https:\/\/herbow.eu\/#\/schema\/logo\/image\/"},"sameAs":["https:\/\/www.facebook.com\/herbowmosodioslabda\/","https:\/\/www.instagram.com\/herbowmosodioslabda\/"]}]}},"jetpack_likes_enabled":true,"jetpack_sharing_enabled":true,"_links":{"self":[{"href":"https:\/\/herbow.eu\/sl\/wp-json\/wp\/v2\/product\/1023","targetHints":{"allow":["GET"]}}],"collection":[{"href":"https:\/\/herbow.eu\/sl\/wp-json\/wp\/v2\/product"}],"about":[{"href":"https:\/\/herbow.eu\/sl\/wp-json\/wp\/v2\/types\/product"}],"replies":[{"embeddable":true,"href":"https:\/\/herbow.eu\/sl\/wp-json\/wp\/v2\/comments?post=1023"}],"wp:featuredmedia":[{"embeddable":true,"href":"https:\/\/herbow.eu\/sl\/wp-json\/wp\/v2\/media\/858"}],"wp:attachment":[{"href":"https:\/\/herbow.eu\/sl\/wp-json\/wp\/v2\/media?parent=1023"}],"wp:term":[{"taxonomy":"product_brand","embeddable":true,"href":"https:\/\/herbow.eu\/sl\/wp-json\/wp\/v2\/product_brand?post=1023"},{"taxonomy":"product_cat","embeddable":true,"href":"https:\/\/herbow.eu\/sl\/wp-json\/wp\/v2\/product_cat?post=1023"},{"taxonomy":"product_tag","embeddable":true,"href":"https:\/\/herbow.eu\/sl\/wp-json\/wp\/v2\/product_tag?post=1023"}],"curies":[{"name":"wp","href":"https:\/\/api.w.org\/{rel}","templated":true}]}}