{"id":1019,"date":"2025-08-18T11:05:55","date_gmt":"2025-08-18T09:05:55","guid":{"rendered":"https:\/\/herbow.eu\/product\/herbow-folyekony-mososzer-szines-ruhakhoz-color-harmony-zold-tea-illat-2\/"},"modified":"2026-03-17T10:58:47","modified_gmt":"2026-03-17T09:58:47","slug":"herbow-tekoca-kolonjska-voda-color-harmony-zold-tea-fragrance","status":"publish","type":"product","link":"https:\/\/herbow.eu\/sl\/product\/herbow-folyekony-mososzer-color-harmony-zold-tea-illat\/","title":{"rendered":"Herbow teko\u010di detergent za barvna obla\u010dila - Color harmony (di\u0161ava GREEN TEA)"},"content":{"rendered":"<p>Teko\u010di detergent za pranje perila Herbow Green Tea prina\u0161a do\u017eivetje naravne sve\u017eine in harmonije pri vsakem pranju.<br \/>\nVsebuje ne\u017eno ekstrahiran izvle\u010dek pralnih orehov 12% in bioencime, ki u\u010dinkovito odstranjujejo umazanijo tudi pri nizkih temperaturah, hkrati pa ohranjajo strukturo tkanin in \u017eivahnost barv. Sestavine na rastlinski osnovi so ne\u017ene do ko\u017ee, vendar zagotavljajo izjemno u\u010dinkovitost pranja - tudi pri 30-40 \u00b0C. Uporablja se lahko za vse barvne tkanine, od bomba\u017ea do finih tkanin, da bodo va\u0161a obla\u010dila dlje \u010dasa mehka in sve\u017ee di\u0161e\u010da. Njegov ne\u017een vonj zelenega \u010daja daje pomirjujo\u010d, sve\u017e in naraven ob\u010dutek \u010disto\u010de, ne da bi bil vsiljiv. Ne vsebuje umetnih barvil, opti\u010dnih belil ali drugih dra\u017ee\u010dih kemikalij. Veganska in ko\u017ei prijazna formula, ki \u0161\u010diti tkanine in okolje.<\/p>\n<ul>\n<li>Njegova edinstvenost: izjemno pralno delovanje z rastlinskimi sestavinami, ki ne po\u0161kodujejo tkanine.<\/li>\n<li>Zmogljivost: 1000 ml = pribli\u017eno 33 pranj<\/li>\n<li>Uporaba: za obi\u010dajno umazanijo zadostuje 30 ml pralnega sredstva za eno pranje.<\/li>\n<\/ul>\n<p>Ni priporo\u010dljivo za izdelke iz volne in svile.<\/p>","protected":false},"excerpt":{"rendered":"<p>Teko\u010di detergent za pranje perila Herbow z vonjem zelenega \u010daja zagotavlja naravno \u010disto\u010do in sve\u017eino barvitih obla\u010dil. \u010cisti z izvle\u010dkom wasabija in bioencimi, hkrati pa ohranja \u017eivahnost barv in mehkobo obla\u010dil - z ne\u017enim, sve\u017eim vonjem zelenega \u010daja.<\/p>","protected":false},"featured_media":866,"comment_status":"open","ping_status":"closed","template":"","meta":[],"product_brand":[1397],"product_cat":[1398],"product_tag":[1568,1431,1567,1555,1570,1559,1557,1572,1467,1564,1565,1571,1561,1409,1422,1573,1563,1562,1412,1558,1560,1554,1553,1574,1569,1556,1566],"class_list":{"0":"post-1019","1":"product","2":"type-product","3":"status-publish","4":"has-post-thumbnail","6":"product_brand-herbow","7":"product_cat-folyekony-mososzer","8":"product_tag-aktiv-probiotikumok","9":"product_tag-allergenmentes","10":"product_tag-allatkiserlet-mentes","11":"product_tag-elo-probiotikumok","12":"product_tag-oko-haztartasi-tisztitoszer","13":"product_tag-oko-tisztitas","14":"product_tag-biofilm-eltavolitas","15":"product_tag-biofilm-bonto-technologia","16":"product_tag-biologiailag-lebomlo","17":"product_tag-biztonsagos-tisztitas","18":"product_tag-borbarat-tisztitoszer","19":"product_tag-egeszseges-otthon","20":"product_tag-fenntarthato-haztartas","21":"product_tag-herbow","22":"product_tag-herbow-probiotikus","23":"product_tag-herbtech-probiotikus","24":"product_tag-hosszan-tarto-frissesseg","25":"product_tag-illatmentes-opcio","26":"product_tag-kornyezetbarat-tisztitoszer","27":"product_tag-melytisztito-hatas","28":"product_tag-novenyi-alapu-tisztitoszer","29":"product_tag-probiotikus-formula","30":"product_tag-probiotikus-tisztitoszer","31":"product_tag-tartos-mikrobialis-vedelem","32":"product_tag-termeszetes-higienia","33":"product_tag-termeszetes-tisztitas","34":"product_tag-vegan-tisztitoszer","36":"first","37":"instock","38":"taxable","39":"shipping-taxable","40":"product-type-variable"},"yoast_head":"<!-- This site is optimized with the Yoast SEO plugin v27.5 - https:\/\/yoast.com\/product\/yoast-seo-wordpress\/ -->\n<title>Herbow foly\u00e9kony mos\u00f3szer sz\u00ednes ruh\u00e1khoz - Color harmony (Z\u00d6LD TEA illat) - Herbow | International<\/title>\n<meta name=\"description\" content=\"A Herbow Z\u00f6ld Tea illat\u00fa foly\u00e9kony mos\u00f3szer term\u00e9szetes tisztas\u00e1got \u00e9s frissess\u00e9get ny\u00fajt sz\u00ednes ruh\u00e1khoz. Mos\u00f3di\u00f3-extraktummal \u00e9s bioenzimekkel tiszt\u00edt, mik\u00f6zben meg\u00f3vja a sz\u00ednek \u00e9l\u00e9nks\u00e9g\u00e9t \u00e9s a ruh\u00e1k puhas\u00e1g\u00e1t \u2013 finom, friss z\u00f6ld tea illattal.\" \/>\n<meta name=\"robots\" content=\"index, follow, max-snippet:-1, max-image-preview:large, max-video-preview:-1\" \/>\n<link rel=\"canonical\" href=\"https:\/\/herbow.eu\/sl\/product\/herbow-tekoca-kolonjska-voda-color-harmony-zold-tea-fragrance\/\" \/>\n<meta property=\"og:locale\" content=\"sl_SI\" \/>\n<meta property=\"og:type\" content=\"article\" \/>\n<meta property=\"og:title\" content=\"Herbow foly\u00e9kony mos\u00f3szer sz\u00ednes ruh\u00e1khoz - Color harmony (Z\u00d6LD TEA illat) - Herbow | International\" \/>\n<meta property=\"og:description\" content=\"A Herbow Z\u00f6ld Tea illat\u00fa foly\u00e9kony mos\u00f3szer term\u00e9szetes tisztas\u00e1got \u00e9s frissess\u00e9get ny\u00fajt sz\u00ednes ruh\u00e1khoz. Mos\u00f3di\u00f3-extraktummal \u00e9s bioenzimekkel tiszt\u00edt, mik\u00f6zben meg\u00f3vja a sz\u00ednek \u00e9l\u00e9nks\u00e9g\u00e9t \u00e9s a ruh\u00e1k puhas\u00e1g\u00e1t \u2013 finom, friss z\u00f6ld tea illattal.\" \/>\n<meta property=\"og:url\" content=\"https:\/\/herbow.eu\/sl\/product\/herbow-tekoca-kolonjska-voda-color-harmony-zold-tea-fragrance\/\" \/>\n<meta property=\"og:site_name\" content=\"Herbow | International\" \/>\n<meta property=\"article:publisher\" content=\"https:\/\/www.facebook.com\/herbowmosodioslabda\/\" \/>\n<meta property=\"article:modified_time\" content=\"2026-03-17T09:58:47+00:00\" \/>\n<meta property=\"og:image\" content=\"https:\/\/herbow.eu\/wp-content\/uploads\/2025\/08\/herbow_folyekony_mososzer_1000ml_redesign_v13_zold_tea.png\" \/>\n\t<meta property=\"og:image:width\" content=\"2000\" \/>\n\t<meta property=\"og:image:height\" content=\"2000\" \/>\n\t<meta property=\"og:image:type\" content=\"image\/png\" \/>\n<meta name=\"twitter:card\" content=\"summary_large_image\" \/>\n<meta name=\"twitter:label1\" content=\"Est. reading time\" \/>\n\t<meta name=\"twitter:data1\" content=\"1 minuta\" \/>\n<script type=\"application\/ld+json\" class=\"yoast-schema-graph\">{\"@context\":\"https:\\\/\\\/schema.org\",\"@graph\":[{\"@type\":\"WebPage\",\"@id\":\"https:\\\/\\\/herbow.eu\\\/product\\\/herbow-folyekony-mososzer-color-harmony-zold-tea-illat\\\/\",\"url\":\"https:\\\/\\\/herbow.eu\\\/product\\\/herbow-folyekony-mososzer-color-harmony-zold-tea-illat\\\/\",\"name\":\"Herbow foly\u00e9kony mos\u00f3szer sz\u00ednes ruh\u00e1khoz - Color harmony (Z\u00d6LD TEA illat) - Herbow | International\",\"isPartOf\":{\"@id\":\"https:\\\/\\\/herbow.eu\\\/#website\"},\"primaryImageOfPage\":{\"@id\":\"https:\\\/\\\/herbow.eu\\\/product\\\/herbow-folyekony-mososzer-color-harmony-zold-tea-illat\\\/#primaryimage\"},\"image\":{\"@id\":\"https:\\\/\\\/herbow.eu\\\/product\\\/herbow-folyekony-mososzer-color-harmony-zold-tea-illat\\\/#primaryimage\"},\"thumbnailUrl\":\"https:\\\/\\\/herbow.eu\\\/wp-content\\\/uploads\\\/2025\\\/08\\\/herbow_folyekony_mososzer_1000ml_redesign_v13_zold_tea.png\",\"datePublished\":\"2025-08-18T09:05:55+00:00\",\"dateModified\":\"2026-03-17T09:58:47+00:00\",\"description\":\"A Herbow Z\u00f6ld Tea illat\u00fa foly\u00e9kony mos\u00f3szer term\u00e9szetes tisztas\u00e1got \u00e9s frissess\u00e9get ny\u00fajt sz\u00ednes ruh\u00e1khoz. Mos\u00f3di\u00f3-extraktummal \u00e9s bioenzimekkel tiszt\u00edt, mik\u00f6zben meg\u00f3vja a sz\u00ednek \u00e9l\u00e9nks\u00e9g\u00e9t \u00e9s a ruh\u00e1k puhas\u00e1g\u00e1t \u2013 finom, friss z\u00f6ld tea illattal.\",\"breadcrumb\":{\"@id\":\"https:\\\/\\\/herbow.eu\\\/product\\\/herbow-folyekony-mososzer-color-harmony-zold-tea-illat\\\/#breadcrumb\"},\"inLanguage\":\"sl-SI\",\"potentialAction\":[{\"@type\":\"ReadAction\",\"target\":[\"https:\\\/\\\/herbow.eu\\\/product\\\/herbow-folyekony-mososzer-color-harmony-zold-tea-illat\\\/\"]}]},{\"@type\":\"ImageObject\",\"inLanguage\":\"sl-SI\",\"@id\":\"https:\\\/\\\/herbow.eu\\\/product\\\/herbow-folyekony-mososzer-color-harmony-zold-tea-illat\\\/#primaryimage\",\"url\":\"https:\\\/\\\/herbow.eu\\\/wp-content\\\/uploads\\\/2025\\\/08\\\/herbow_folyekony_mososzer_1000ml_redesign_v13_zold_tea.png\",\"contentUrl\":\"https:\\\/\\\/herbow.eu\\\/wp-content\\\/uploads\\\/2025\\\/08\\\/herbow_folyekony_mososzer_1000ml_redesign_v13_zold_tea.png\",\"width\":2000,\"height\":2000},{\"@type\":\"BreadcrumbList\",\"@id\":\"https:\\\/\\\/herbow.eu\\\/product\\\/herbow-folyekony-mososzer-color-harmony-zold-tea-illat\\\/#breadcrumb\",\"itemListElement\":[{\"@type\":\"ListItem\",\"position\":1,\"name\":\"Kezd\u0151lap\",\"item\":\"https:\\\/\\\/herbow.eu\\\/\"},{\"@type\":\"ListItem\",\"position\":2,\"name\":\"Shop\",\"item\":\"https:\\\/\\\/herbow.eu\\\/shop\\\/\"},{\"@type\":\"ListItem\",\"position\":3,\"name\":\"Herbow foly\u00e9kony mos\u00f3szer sz\u00ednes ruh\u00e1khoz &#8211; Color harmony (Z\u00d6LD TEA illat)\"}]},{\"@type\":\"WebSite\",\"@id\":\"https:\\\/\\\/herbow.eu\\\/#website\",\"url\":\"https:\\\/\\\/herbow.eu\\\/\",\"name\":\"Herbow | Herbal Organic World\",\"description\":\"Herbal Organic World\",\"publisher\":{\"@id\":\"https:\\\/\\\/herbow.eu\\\/#organization\"},\"potentialAction\":[{\"@type\":\"SearchAction\",\"target\":{\"@type\":\"EntryPoint\",\"urlTemplate\":\"https:\\\/\\\/herbow.eu\\\/?s={search_term_string}\"},\"query-input\":{\"@type\":\"PropertyValueSpecification\",\"valueRequired\":true,\"valueName\":\"search_term_string\"}}],\"inLanguage\":\"sl-SI\"},{\"@type\":\"Organization\",\"@id\":\"https:\\\/\\\/herbow.eu\\\/#organization\",\"name\":\"Herbow International Zrt.\",\"url\":\"https:\\\/\\\/herbow.eu\\\/\",\"logo\":{\"@type\":\"ImageObject\",\"inLanguage\":\"sl-SI\",\"@id\":\"https:\\\/\\\/herbow.eu\\\/#\\\/schema\\\/logo\\\/image\\\/\",\"url\":\"https:\\\/\\\/herbow.eu\\\/wp-content\\\/uploads\\\/2025\\\/07\\\/herbow_logo_hun_2021-01_w-slogan_no-background.png\",\"contentUrl\":\"https:\\\/\\\/herbow.eu\\\/wp-content\\\/uploads\\\/2025\\\/07\\\/herbow_logo_hun_2021-01_w-slogan_no-background.png\",\"width\":2366,\"height\":1732,\"caption\":\"Herbow International Zrt.\"},\"image\":{\"@id\":\"https:\\\/\\\/herbow.eu\\\/#\\\/schema\\\/logo\\\/image\\\/\"},\"sameAs\":[\"https:\\\/\\\/www.facebook.com\\\/herbowmosodioslabda\\\/\",\"https:\\\/\\\/www.instagram.com\\\/herbowmosodioslabda\\\/\"]}]}<\/script>\n<!-- \/ Yoast SEO plugin. -->","yoast_head_json":{"title":"Herbow teko\u010di detergent za pranje barvnih obla\u010dil - harmonija barv (vonj po ZELENEM \u010cAJU) - Herbow | International","description":"Teko\u010di detergent za pranje perila Herbow z vonjem zelenega \u010daja zagotavlja naravno \u010disto\u010do in sve\u017eino barvitih obla\u010dil. \u010cisti z izvle\u010dkom wasabija in bioencimi, hkrati pa ohranja \u017eivahnost barv in mehkobo obla\u010dil - z ne\u017enim, sve\u017eim vonjem zelenega \u010daja.","robots":{"index":"index","follow":"follow","max-snippet":"max-snippet:-1","max-image-preview":"max-image-preview:large","max-video-preview":"max-video-preview:-1"},"canonical":"https:\/\/herbow.eu\/sl\/product\/herbow-tekoca-kolonjska-voda-color-harmony-zold-tea-fragrance\/","og_locale":"sl_SI","og_type":"article","og_title":"Herbow foly\u00e9kony mos\u00f3szer sz\u00ednes ruh\u00e1khoz - Color harmony (Z\u00d6LD TEA illat) - Herbow | International","og_description":"A Herbow Z\u00f6ld Tea illat\u00fa foly\u00e9kony mos\u00f3szer term\u00e9szetes tisztas\u00e1got \u00e9s frissess\u00e9get ny\u00fajt sz\u00ednes ruh\u00e1khoz. Mos\u00f3di\u00f3-extraktummal \u00e9s bioenzimekkel tiszt\u00edt, mik\u00f6zben meg\u00f3vja a sz\u00ednek \u00e9l\u00e9nks\u00e9g\u00e9t \u00e9s a ruh\u00e1k puhas\u00e1g\u00e1t \u2013 finom, friss z\u00f6ld tea illattal.","og_url":"https:\/\/herbow.eu\/sl\/product\/herbow-tekoca-kolonjska-voda-color-harmony-zold-tea-fragrance\/","og_site_name":"Herbow | International","article_publisher":"https:\/\/www.facebook.com\/herbowmosodioslabda\/","article_modified_time":"2026-03-17T09:58:47+00:00","og_image":[{"width":2000,"height":2000,"url":"https:\/\/herbow.eu\/wp-content\/uploads\/2025\/08\/herbow_folyekony_mososzer_1000ml_redesign_v13_zold_tea.png","type":"image\/png"}],"twitter_card":"summary_large_image","twitter_misc":{"Est. reading time":"1 minuta"},"schema":{"@context":"https:\/\/schema.org","@graph":[{"@type":"WebPage","@id":"https:\/\/herbow.eu\/product\/herbow-folyekony-mososzer-color-harmony-zold-tea-illat\/","url":"https:\/\/herbow.eu\/product\/herbow-folyekony-mososzer-color-harmony-zold-tea-illat\/","name":"Herbow teko\u010di detergent za pranje barvnih obla\u010dil - harmonija barv (vonj po ZELENEM \u010cAJU) - Herbow | International","isPartOf":{"@id":"https:\/\/herbow.eu\/#website"},"primaryImageOfPage":{"@id":"https:\/\/herbow.eu\/product\/herbow-folyekony-mososzer-color-harmony-zold-tea-illat\/#primaryimage"},"image":{"@id":"https:\/\/herbow.eu\/product\/herbow-folyekony-mososzer-color-harmony-zold-tea-illat\/#primaryimage"},"thumbnailUrl":"https:\/\/herbow.eu\/wp-content\/uploads\/2025\/08\/herbow_folyekony_mososzer_1000ml_redesign_v13_zold_tea.png","datePublished":"2025-08-18T09:05:55+00:00","dateModified":"2026-03-17T09:58:47+00:00","description":"Teko\u010di detergent za pranje perila Herbow z vonjem zelenega \u010daja zagotavlja naravno \u010disto\u010do in sve\u017eino barvitih obla\u010dil. \u010cisti z izvle\u010dkom wasabija in bioencimi, hkrati pa ohranja \u017eivahnost barv in mehkobo obla\u010dil - z ne\u017enim, sve\u017eim vonjem zelenega \u010daja.","breadcrumb":{"@id":"https:\/\/herbow.eu\/product\/herbow-folyekony-mososzer-color-harmony-zold-tea-illat\/#breadcrumb"},"inLanguage":"sl-SI","potentialAction":[{"@type":"ReadAction","target":["https:\/\/herbow.eu\/product\/herbow-folyekony-mososzer-color-harmony-zold-tea-illat\/"]}]},{"@type":"ImageObject","inLanguage":"sl-SI","@id":"https:\/\/herbow.eu\/product\/herbow-folyekony-mososzer-color-harmony-zold-tea-illat\/#primaryimage","url":"https:\/\/herbow.eu\/wp-content\/uploads\/2025\/08\/herbow_folyekony_mososzer_1000ml_redesign_v13_zold_tea.png","contentUrl":"https:\/\/herbow.eu\/wp-content\/uploads\/2025\/08\/herbow_folyekony_mososzer_1000ml_redesign_v13_zold_tea.png","width":2000,"height":2000},{"@type":"BreadcrumbList","@id":"https:\/\/herbow.eu\/product\/herbow-folyekony-mososzer-color-harmony-zold-tea-illat\/#breadcrumb","itemListElement":[{"@type":"ListItem","position":1,"name":"Kezd\u0151lap","item":"https:\/\/herbow.eu\/"},{"@type":"ListItem","position":2,"name":"Shop","item":"https:\/\/herbow.eu\/shop\/"},{"@type":"ListItem","position":3,"name":"Herbow foly\u00e9kony mos\u00f3szer sz\u00ednes ruh\u00e1khoz &#8211; Color harmony (Z\u00d6LD TEA illat)"}]},{"@type":"WebSite","@id":"https:\/\/herbow.eu\/#website","url":"https:\/\/herbow.eu\/","name":"Herbow | Herbal Organic World","description":"Zeli\u0161\u010dni organski svet","publisher":{"@id":"https:\/\/herbow.eu\/#organization"},"potentialAction":[{"@type":"SearchAction","target":{"@type":"EntryPoint","urlTemplate":"https:\/\/herbow.eu\/?s={search_term_string}"},"query-input":{"@type":"PropertyValueSpecification","valueRequired":true,"valueName":"search_term_string"}}],"inLanguage":"sl-SI"},{"@type":"Organization","@id":"https:\/\/herbow.eu\/#organization","name":"Herbow International Zrt.","url":"https:\/\/herbow.eu\/","logo":{"@type":"ImageObject","inLanguage":"sl-SI","@id":"https:\/\/herbow.eu\/#\/schema\/logo\/image\/","url":"https:\/\/herbow.eu\/wp-content\/uploads\/2025\/07\/herbow_logo_hun_2021-01_w-slogan_no-background.png","contentUrl":"https:\/\/herbow.eu\/wp-content\/uploads\/2025\/07\/herbow_logo_hun_2021-01_w-slogan_no-background.png","width":2366,"height":1732,"caption":"Herbow International Zrt."},"image":{"@id":"https:\/\/herbow.eu\/#\/schema\/logo\/image\/"},"sameAs":["https:\/\/www.facebook.com\/herbowmosodioslabda\/","https:\/\/www.instagram.com\/herbowmosodioslabda\/"]}]}},"jetpack_likes_enabled":true,"jetpack_sharing_enabled":true,"_links":{"self":[{"href":"https:\/\/herbow.eu\/sl\/wp-json\/wp\/v2\/product\/1019","targetHints":{"allow":["GET"]}}],"collection":[{"href":"https:\/\/herbow.eu\/sl\/wp-json\/wp\/v2\/product"}],"about":[{"href":"https:\/\/herbow.eu\/sl\/wp-json\/wp\/v2\/types\/product"}],"replies":[{"embeddable":true,"href":"https:\/\/herbow.eu\/sl\/wp-json\/wp\/v2\/comments?post=1019"}],"wp:featuredmedia":[{"embeddable":true,"href":"https:\/\/herbow.eu\/sl\/wp-json\/wp\/v2\/media\/866"}],"wp:attachment":[{"href":"https:\/\/herbow.eu\/sl\/wp-json\/wp\/v2\/media?parent=1019"}],"wp:term":[{"taxonomy":"product_brand","embeddable":true,"href":"https:\/\/herbow.eu\/sl\/wp-json\/wp\/v2\/product_brand?post=1019"},{"taxonomy":"product_cat","embeddable":true,"href":"https:\/\/herbow.eu\/sl\/wp-json\/wp\/v2\/product_cat?post=1019"},{"taxonomy":"product_tag","embeddable":true,"href":"https:\/\/herbow.eu\/sl\/wp-json\/wp\/v2\/product_tag?post=1019"}],"curies":[{"name":"wp","href":"https:\/\/api.w.org\/{rel}","templated":true}]}}