{"id":1009,"date":"2025-08-18T11:05:53","date_gmt":"2025-08-18T09:05:53","guid":{"rendered":"https:\/\/herbow.eu\/product\/herbow-mosogep-meregtelenito\/"},"modified":"2026-03-17T10:58:31","modified_gmt":"2026-03-17T09:58:31","slug":"herbow-mosogep-meregtelenito","status":"publish","type":"product","link":"https:\/\/herbow.eu\/sl\/product\/herbow-mosogep-meregtelenito\/","title":{"rendered":"Herbow razstrupljevalec pralnega stroja"},"content":{"rendered":"<p>\u010cistilo za pralne stroje Herbow je naraven na\u010din za ohranjanje \u010disto\u010de va\u0161ega pralnega stroja brez \u0161kodljivih kemikalij.<br \/>\nS kombinacijo zmletega pralnega pra\u0161ka, citronske kisline in mineralnega zeolita ne raztaplja le vodnega kamna, temve\u010d deluje tudi razku\u017eevalno in stroj o\u010disti bakterij, glivic in njihovih ostankov.<\/p>\n<p>Redna uporaba pomaga prepre\u010devati neprijetne vonjave, umazanijo in plesen. Zaradi protimikrobnih lastnosti naravnega pralnega pra\u0161ka ostane notranjost stroja higiensko \u010dista, grelni element pa je za\u0161\u010diten pred nanosi vodnega kamna. Izdelek ne vsebuje fosfatov, sulfatov, klora in konzervansov, je veganski in lahko biorazgradljiv.<\/p>\n<p>Predlog za uporabo:<\/p>\n<ul>\n<li>Uporabljajte vsak mesec ali vsaka dva meseca, odvisno od pogostosti uporabe pralnega stroja.<\/li>\n<li>Ena vre\u010dka (100 g) zadostuje za eno popolno \u010di\u0161\u010denje.<\/li>\n<\/ul>\n<p>Velikost pakiranja: 200 g = dovolj za 2 uporabi.<\/p>","protected":false},"excerpt":{"rendered":"<p>\u010cisti in razku\u017euje z mo\u010djo naravnega pralnega pra\u0161ka brez agresivnih kemikalij. \u010cistilo za pralne stroje Herbow odstranjuje vodni kamen, usedline in neprijetne vonjave ter tako poskrbi za higieni\u010dno \u010disto\u010do stroja in obla\u010dil.<\/p>\n<p>Velikost paketa: 1 paket<\/p>","protected":false},"featured_media":869,"comment_status":"open","ping_status":"closed","template":"","meta":[],"product_brand":[1397],"product_cat":[1489],"product_tag":[1431,1567,1583,1606,1578,1599,1602,1467,1523,1524,1608,1561,1593,1605,1604,1409,1596,1595,1549,1601,1562,1589,1598,1558,1609,1611,1597,1525,1612,1526,1600,1445,1587,1607,1503,1603,1610],"class_list":{"0":"post-1009","1":"product","2":"type-product","3":"status-publish","4":"has-post-thumbnail","6":"product_brand-herbow","7":"product_cat-mosogep-meregtelenito","8":"product_tag-allergenmentes","9":"product_tag-allatkiserlet-mentes","10":"product_tag-erzekeny-borueknek-is","11":"product_tag-oko-haztartas-megoldas","12":"product_tag-oko-mososzer","13":"product_tag-oko-tisztitoszer","14":"product_tag-bababarat-termek","15":"product_tag-biologiailag-lebomlo","16":"product_tag-biztonsagos-osszetevok","17":"product_tag-borbarat-formula","18":"product_tag-feluletkimelo-tisztitas","19":"product_tag-fenntarthato-haztartas","20":"product_tag-foszfatmentes","21":"product_tag-friss-illat","22":"product_tag-hatekony-tisztitas","23":"product_tag-herbow","24":"product_tag-herbow-haztartas","25":"product_tag-herbow-termek","26":"product_tag-herbtech-formula","27":"product_tag-hipoallergen-osszetevok","28":"product_tag-illatmentes-opcio","29":"product_tag-kimeletes-tisztitas","30":"product_tag-kornyezetbarat-termek","31":"product_tag-melytisztito-hatas","32":"product_tag-mindennapi-hasznalatra","33":"product_tag-modern-oko-tisztitas","34":"product_tag-novenyi-alapu-formula","35":"product_tag-parabenmentes","36":"product_tag-premium-minoseg","37":"product_tag-szinezekmentes","38":"product_tag-termeszetbarat-tisztitas","39":"product_tag-termeszetes-osszetevok","40":"product_tag-termeszetes-illat","41":"product_tag-textilkimelo","42":"product_tag-tudatos-haztartas","43":"product_tag-vegan-termek","44":"product_tag-zero-waste-szemlelet","46":"first","47":"instock","48":"taxable","49":"shipping-taxable","50":"product-type-simple"},"yoast_head":"<!-- This site is optimized with the Yoast SEO plugin v27.5 - https:\/\/yoast.com\/product\/yoast-seo-wordpress\/ -->\n<title>Herbow Mos\u00f3g\u00e9p M\u00e9regtelen\u00edt\u0151 - Herbow | International<\/title>\n<meta name=\"description\" content=\"Term\u00e9szetes mos\u00f3di\u00f3 erej\u00e9vel tiszt\u00edt \u00e9s fert\u0151tlen\u00edt, agressz\u00edv vegyszerek n\u00e9lk\u00fcl. A Herbow Mos\u00f3g\u00e9p Tiszt\u00edt\u00f3 elt\u00e1vol\u00edtja a v\u00edzk\u00f6vet, a lerak\u00f3dott szennyez\u0151d\u00e9seket \u00e9s a kellemetlen szagokat, hogy a g\u00e9p \u00e9s a ruh\u00e1k is higi\u00e9nikusan tiszt\u00e1k maradjanak.\" \/>\n<meta name=\"robots\" content=\"index, follow, max-snippet:-1, max-image-preview:large, max-video-preview:-1\" \/>\n<link rel=\"canonical\" href=\"https:\/\/herbow.eu\/sl\/product\/herbow-mosogep-meregtelenito\/\" \/>\n<meta property=\"og:locale\" content=\"sl_SI\" \/>\n<meta property=\"og:type\" content=\"article\" \/>\n<meta property=\"og:title\" content=\"Herbow Mos\u00f3g\u00e9p M\u00e9regtelen\u00edt\u0151 - Herbow | International\" \/>\n<meta property=\"og:description\" content=\"Term\u00e9szetes mos\u00f3di\u00f3 erej\u00e9vel tiszt\u00edt \u00e9s fert\u0151tlen\u00edt, agressz\u00edv vegyszerek n\u00e9lk\u00fcl. A Herbow Mos\u00f3g\u00e9p Tiszt\u00edt\u00f3 elt\u00e1vol\u00edtja a v\u00edzk\u00f6vet, a lerak\u00f3dott szennyez\u0151d\u00e9seket \u00e9s a kellemetlen szagokat, hogy a g\u00e9p \u00e9s a ruh\u00e1k is higi\u00e9nikusan tiszt\u00e1k maradjanak.\" \/>\n<meta property=\"og:url\" content=\"https:\/\/herbow.eu\/sl\/product\/herbow-mosogep-meregtelenito\/\" \/>\n<meta property=\"og:site_name\" content=\"Herbow | International\" \/>\n<meta property=\"article:publisher\" content=\"https:\/\/www.facebook.com\/herbowmosodioslabda\/\" \/>\n<meta property=\"article:modified_time\" content=\"2026-03-17T09:58:31+00:00\" \/>\n<meta property=\"og:image\" content=\"https:\/\/herbow.eu\/wp-content\/uploads\/2025\/08\/Herbow_meregtelenito_nyomdai_v22_redesign.png\" \/>\n\t<meta property=\"og:image:width\" content=\"2000\" \/>\n\t<meta property=\"og:image:height\" content=\"2000\" \/>\n\t<meta property=\"og:image:type\" content=\"image\/png\" \/>\n<meta name=\"twitter:card\" content=\"summary_large_image\" \/>\n<meta name=\"twitter:label1\" content=\"Est. reading time\" \/>\n\t<meta name=\"twitter:data1\" content=\"1 minuta\" \/>\n<script type=\"application\/ld+json\" class=\"yoast-schema-graph\">{\"@context\":\"https:\\\/\\\/schema.org\",\"@graph\":[{\"@type\":\"WebPage\",\"@id\":\"https:\\\/\\\/herbow.eu\\\/product\\\/herbow-mosogep-meregtelenito\\\/\",\"url\":\"https:\\\/\\\/herbow.eu\\\/product\\\/herbow-mosogep-meregtelenito\\\/\",\"name\":\"Herbow Mos\u00f3g\u00e9p M\u00e9regtelen\u00edt\u0151 - Herbow | International\",\"isPartOf\":{\"@id\":\"https:\\\/\\\/herbow.eu\\\/#website\"},\"primaryImageOfPage\":{\"@id\":\"https:\\\/\\\/herbow.eu\\\/product\\\/herbow-mosogep-meregtelenito\\\/#primaryimage\"},\"image\":{\"@id\":\"https:\\\/\\\/herbow.eu\\\/product\\\/herbow-mosogep-meregtelenito\\\/#primaryimage\"},\"thumbnailUrl\":\"https:\\\/\\\/herbow.eu\\\/wp-content\\\/uploads\\\/2025\\\/08\\\/Herbow_meregtelenito_nyomdai_v22_redesign.png\",\"datePublished\":\"2025-08-18T09:05:53+00:00\",\"dateModified\":\"2026-03-17T09:58:31+00:00\",\"description\":\"Term\u00e9szetes mos\u00f3di\u00f3 erej\u00e9vel tiszt\u00edt \u00e9s fert\u0151tlen\u00edt, agressz\u00edv vegyszerek n\u00e9lk\u00fcl. A Herbow Mos\u00f3g\u00e9p Tiszt\u00edt\u00f3 elt\u00e1vol\u00edtja a v\u00edzk\u00f6vet, a lerak\u00f3dott szennyez\u0151d\u00e9seket \u00e9s a kellemetlen szagokat, hogy a g\u00e9p \u00e9s a ruh\u00e1k is higi\u00e9nikusan tiszt\u00e1k maradjanak.\",\"breadcrumb\":{\"@id\":\"https:\\\/\\\/herbow.eu\\\/product\\\/herbow-mosogep-meregtelenito\\\/#breadcrumb\"},\"inLanguage\":\"sl-SI\",\"potentialAction\":[{\"@type\":\"ReadAction\",\"target\":[\"https:\\\/\\\/herbow.eu\\\/product\\\/herbow-mosogep-meregtelenito\\\/\"]}]},{\"@type\":\"ImageObject\",\"inLanguage\":\"sl-SI\",\"@id\":\"https:\\\/\\\/herbow.eu\\\/product\\\/herbow-mosogep-meregtelenito\\\/#primaryimage\",\"url\":\"https:\\\/\\\/herbow.eu\\\/wp-content\\\/uploads\\\/2025\\\/08\\\/Herbow_meregtelenito_nyomdai_v22_redesign.png\",\"contentUrl\":\"https:\\\/\\\/herbow.eu\\\/wp-content\\\/uploads\\\/2025\\\/08\\\/Herbow_meregtelenito_nyomdai_v22_redesign.png\",\"width\":2000,\"height\":2000},{\"@type\":\"BreadcrumbList\",\"@id\":\"https:\\\/\\\/herbow.eu\\\/product\\\/herbow-mosogep-meregtelenito\\\/#breadcrumb\",\"itemListElement\":[{\"@type\":\"ListItem\",\"position\":1,\"name\":\"Kezd\u0151lap\",\"item\":\"https:\\\/\\\/herbow.eu\\\/\"},{\"@type\":\"ListItem\",\"position\":2,\"name\":\"Shop\",\"item\":\"https:\\\/\\\/herbow.eu\\\/shop\\\/\"},{\"@type\":\"ListItem\",\"position\":3,\"name\":\"Herbow Mos\u00f3g\u00e9p M\u00e9regtelen\u00edt\u0151\"}]},{\"@type\":\"WebSite\",\"@id\":\"https:\\\/\\\/herbow.eu\\\/#website\",\"url\":\"https:\\\/\\\/herbow.eu\\\/\",\"name\":\"Herbow | Herbal Organic World\",\"description\":\"Herbal Organic World\",\"publisher\":{\"@id\":\"https:\\\/\\\/herbow.eu\\\/#organization\"},\"potentialAction\":[{\"@type\":\"SearchAction\",\"target\":{\"@type\":\"EntryPoint\",\"urlTemplate\":\"https:\\\/\\\/herbow.eu\\\/?s={search_term_string}\"},\"query-input\":{\"@type\":\"PropertyValueSpecification\",\"valueRequired\":true,\"valueName\":\"search_term_string\"}}],\"inLanguage\":\"sl-SI\"},{\"@type\":\"Organization\",\"@id\":\"https:\\\/\\\/herbow.eu\\\/#organization\",\"name\":\"Herbow International Zrt.\",\"url\":\"https:\\\/\\\/herbow.eu\\\/\",\"logo\":{\"@type\":\"ImageObject\",\"inLanguage\":\"sl-SI\",\"@id\":\"https:\\\/\\\/herbow.eu\\\/#\\\/schema\\\/logo\\\/image\\\/\",\"url\":\"https:\\\/\\\/herbow.eu\\\/wp-content\\\/uploads\\\/2025\\\/07\\\/herbow_logo_hun_2021-01_w-slogan_no-background.png\",\"contentUrl\":\"https:\\\/\\\/herbow.eu\\\/wp-content\\\/uploads\\\/2025\\\/07\\\/herbow_logo_hun_2021-01_w-slogan_no-background.png\",\"width\":2366,\"height\":1732,\"caption\":\"Herbow International Zrt.\"},\"image\":{\"@id\":\"https:\\\/\\\/herbow.eu\\\/#\\\/schema\\\/logo\\\/image\\\/\"},\"sameAs\":[\"https:\\\/\\\/www.facebook.com\\\/herbowmosodioslabda\\\/\",\"https:\\\/\\\/www.instagram.com\\\/herbowmosodioslabda\\\/\"]}]}<\/script>\n<!-- \/ Yoast SEO plugin. -->","yoast_head_json":{"title":"Herbow razstrupljevalnik za pralne stroje - Herbow | International","description":"\u010cisti in razku\u017euje z mo\u010djo naravnega pralnega pra\u0161ka brez agresivnih kemikalij. \u010cistilo za pralne stroje Herbow odstranjuje vodni kamen, usedline in neprijetne vonjave ter tako poskrbi za higieni\u010dno \u010disto\u010do stroja in obla\u010dil.","robots":{"index":"index","follow":"follow","max-snippet":"max-snippet:-1","max-image-preview":"max-image-preview:large","max-video-preview":"max-video-preview:-1"},"canonical":"https:\/\/herbow.eu\/sl\/product\/herbow-mosogep-meregtelenito\/","og_locale":"sl_SI","og_type":"article","og_title":"Herbow Mos\u00f3g\u00e9p M\u00e9regtelen\u00edt\u0151 - Herbow | International","og_description":"Term\u00e9szetes mos\u00f3di\u00f3 erej\u00e9vel tiszt\u00edt \u00e9s fert\u0151tlen\u00edt, agressz\u00edv vegyszerek n\u00e9lk\u00fcl. A Herbow Mos\u00f3g\u00e9p Tiszt\u00edt\u00f3 elt\u00e1vol\u00edtja a v\u00edzk\u00f6vet, a lerak\u00f3dott szennyez\u0151d\u00e9seket \u00e9s a kellemetlen szagokat, hogy a g\u00e9p \u00e9s a ruh\u00e1k is higi\u00e9nikusan tiszt\u00e1k maradjanak.","og_url":"https:\/\/herbow.eu\/sl\/product\/herbow-mosogep-meregtelenito\/","og_site_name":"Herbow | International","article_publisher":"https:\/\/www.facebook.com\/herbowmosodioslabda\/","article_modified_time":"2026-03-17T09:58:31+00:00","og_image":[{"width":2000,"height":2000,"url":"https:\/\/herbow.eu\/wp-content\/uploads\/2025\/08\/Herbow_meregtelenito_nyomdai_v22_redesign.png","type":"image\/png"}],"twitter_card":"summary_large_image","twitter_misc":{"Est. reading time":"1 minuta"},"schema":{"@context":"https:\/\/schema.org","@graph":[{"@type":"WebPage","@id":"https:\/\/herbow.eu\/product\/herbow-mosogep-meregtelenito\/","url":"https:\/\/herbow.eu\/product\/herbow-mosogep-meregtelenito\/","name":"Herbow razstrupljevalnik za pralne stroje - Herbow | International","isPartOf":{"@id":"https:\/\/herbow.eu\/#website"},"primaryImageOfPage":{"@id":"https:\/\/herbow.eu\/product\/herbow-mosogep-meregtelenito\/#primaryimage"},"image":{"@id":"https:\/\/herbow.eu\/product\/herbow-mosogep-meregtelenito\/#primaryimage"},"thumbnailUrl":"https:\/\/herbow.eu\/wp-content\/uploads\/2025\/08\/Herbow_meregtelenito_nyomdai_v22_redesign.png","datePublished":"2025-08-18T09:05:53+00:00","dateModified":"2026-03-17T09:58:31+00:00","description":"\u010cisti in razku\u017euje z mo\u010djo naravnega pralnega pra\u0161ka brez agresivnih kemikalij. \u010cistilo za pralne stroje Herbow odstranjuje vodni kamen, usedline in neprijetne vonjave ter tako poskrbi za higieni\u010dno \u010disto\u010do stroja in obla\u010dil.","breadcrumb":{"@id":"https:\/\/herbow.eu\/product\/herbow-mosogep-meregtelenito\/#breadcrumb"},"inLanguage":"sl-SI","potentialAction":[{"@type":"ReadAction","target":["https:\/\/herbow.eu\/product\/herbow-mosogep-meregtelenito\/"]}]},{"@type":"ImageObject","inLanguage":"sl-SI","@id":"https:\/\/herbow.eu\/product\/herbow-mosogep-meregtelenito\/#primaryimage","url":"https:\/\/herbow.eu\/wp-content\/uploads\/2025\/08\/Herbow_meregtelenito_nyomdai_v22_redesign.png","contentUrl":"https:\/\/herbow.eu\/wp-content\/uploads\/2025\/08\/Herbow_meregtelenito_nyomdai_v22_redesign.png","width":2000,"height":2000},{"@type":"BreadcrumbList","@id":"https:\/\/herbow.eu\/product\/herbow-mosogep-meregtelenito\/#breadcrumb","itemListElement":[{"@type":"ListItem","position":1,"name":"Kezd\u0151lap","item":"https:\/\/herbow.eu\/"},{"@type":"ListItem","position":2,"name":"Shop","item":"https:\/\/herbow.eu\/shop\/"},{"@type":"ListItem","position":3,"name":"Herbow Mos\u00f3g\u00e9p M\u00e9regtelen\u00edt\u0151"}]},{"@type":"WebSite","@id":"https:\/\/herbow.eu\/#website","url":"https:\/\/herbow.eu\/","name":"Herbow | Herbal Organic World","description":"Zeli\u0161\u010dni organski svet","publisher":{"@id":"https:\/\/herbow.eu\/#organization"},"potentialAction":[{"@type":"SearchAction","target":{"@type":"EntryPoint","urlTemplate":"https:\/\/herbow.eu\/?s={search_term_string}"},"query-input":{"@type":"PropertyValueSpecification","valueRequired":true,"valueName":"search_term_string"}}],"inLanguage":"sl-SI"},{"@type":"Organization","@id":"https:\/\/herbow.eu\/#organization","name":"Herbow International Zrt.","url":"https:\/\/herbow.eu\/","logo":{"@type":"ImageObject","inLanguage":"sl-SI","@id":"https:\/\/herbow.eu\/#\/schema\/logo\/image\/","url":"https:\/\/herbow.eu\/wp-content\/uploads\/2025\/07\/herbow_logo_hun_2021-01_w-slogan_no-background.png","contentUrl":"https:\/\/herbow.eu\/wp-content\/uploads\/2025\/07\/herbow_logo_hun_2021-01_w-slogan_no-background.png","width":2366,"height":1732,"caption":"Herbow International Zrt."},"image":{"@id":"https:\/\/herbow.eu\/#\/schema\/logo\/image\/"},"sameAs":["https:\/\/www.facebook.com\/herbowmosodioslabda\/","https:\/\/www.instagram.com\/herbowmosodioslabda\/"]}]}},"jetpack_likes_enabled":true,"jetpack_sharing_enabled":true,"_links":{"self":[{"href":"https:\/\/herbow.eu\/sl\/wp-json\/wp\/v2\/product\/1009","targetHints":{"allow":["GET"]}}],"collection":[{"href":"https:\/\/herbow.eu\/sl\/wp-json\/wp\/v2\/product"}],"about":[{"href":"https:\/\/herbow.eu\/sl\/wp-json\/wp\/v2\/types\/product"}],"replies":[{"embeddable":true,"href":"https:\/\/herbow.eu\/sl\/wp-json\/wp\/v2\/comments?post=1009"}],"wp:featuredmedia":[{"embeddable":true,"href":"https:\/\/herbow.eu\/sl\/wp-json\/wp\/v2\/media\/869"}],"wp:attachment":[{"href":"https:\/\/herbow.eu\/sl\/wp-json\/wp\/v2\/media?parent=1009"}],"wp:term":[{"taxonomy":"product_brand","embeddable":true,"href":"https:\/\/herbow.eu\/sl\/wp-json\/wp\/v2\/product_brand?post=1009"},{"taxonomy":"product_cat","embeddable":true,"href":"https:\/\/herbow.eu\/sl\/wp-json\/wp\/v2\/product_cat?post=1009"},{"taxonomy":"product_tag","embeddable":true,"href":"https:\/\/herbow.eu\/sl\/wp-json\/wp\/v2\/product_tag?post=1009"}],"curies":[{"name":"wp","href":"https:\/\/api.w.org\/{rel}","templated":true}]}}