{"id":762,"date":"2025-07-20T11:47:54","date_gmt":"2025-07-20T09:47:54","guid":{"rendered":"https:\/\/herbow.eu\/?page_id=762"},"modified":"2025-07-20T12:16:59","modified_gmt":"2025-07-20T10:16:59","slug":"mosodiosis-krogla","status":"publish","type":"page","link":"https:\/\/herbow.eu\/sl\/mosodios-labda\/","title":{"rendered":"Krogla za pranje perila"},"content":{"rendered":"<section class=\"section\" id=\"section_178724753\">\n\t\t<div class=\"section-bg fill\" >\n\t\t\t\t\t\t\t<div class=\"video-overlay no-click fill visible\"><\/div>\n\t<video class=\"video-bg fill visible\" preload playsinline autoplay muted loop>\n\t\t<source src=\"https:\/\/videos.files.wordpress.com\/glsn1bsR\/heap-of-soap-nut-for-ecological-washing-raw-aritha-2023-11-28-17-45-48-utc.mp4\" type=\"video\/mp4\">\t<\/video>\n\t\t\t<div class=\"section-bg-overlay absolute fill\"><\/div>\n\t\t\t\n\n\t\t<\/div>\n\n\t\t\n\n\t\t<div class=\"section-content relative\">\n\t\t\t\n\n\t<div id=\"text-406428682\" class=\"text\">\n\t\t\n\n<h1 class=\"uppercase\" style=\"text-align: center;\" data-animate=\"fadeInUp\" data-animate-delay=\"500\">V \u010dem je skrivnost pralne \u017eoge Herbow?<\/h1>\n\t\t\n<style>\n#text-406428682 {\n  text-align: center;\n  color: rgb(255, 255, 255);\n}\n#text-406428682 > * {\n  color: rgb(255, 255, 255);\n}\n<\/style>\n\t<\/div>\n\t\n\n\t\t<\/div>\n\n\t\t\n<style>\n#section_178724753 {\n  padding-top: 30px;\n  padding-bottom: 30px;\n  min-height: 300px;\n}\n#section_178724753 .section-bg-overlay {\n  background-color: rgba(0, 0, 0, 0.145);\n}\n@media (min-width:550px) {\n  #section_178724753 {\n    min-height: 400px;\n  }\n}\n@media (min-width:850px) {\n  #section_178724753 {\n    min-height: 500px;\n  }\n}\n<\/style>\n\t<\/section>\n\t\n\n\t<section class=\"section\" id=\"section_1096171817\">\n\t\t<div class=\"section-bg fill\" >\n\t\t\t\t\t\t\t\t\t\n\t\t\t\n\n\t\t<\/div>\n\n\t\t\n\n\t\t<div class=\"section-content relative\">\n\t\t\t\n\n<div class=\"row align-center\"  id=\"row-962407657\">\n\n\n\t<div id=\"col-1195649506\" class=\"col medium-12 small-12 large-6\"  >\n\t\t\t\t<div class=\"col-inner\"  >\n\t\t\t\n\t\t\t\n\n\t<div id=\"gap-512049532\" class=\"gap-element clearfix\" style=\"display:block; height:auto;\">\n\t\t\n<style>\n#gap-512049532 {\n  padding-top: 10px;\n}\n@media (min-width:550px) {\n  #gap-512049532 {\n    padding-top: 20px;\n  }\n}\n@media (min-width:850px) {\n  #gap-512049532 {\n    padding-top: 30px;\n  }\n}\n<\/style>\n\t<\/div>\n\t\n\n\t<div class=\"img has-hover x md-x lg-x y md-y lg-y\" id=\"image_286911293\">\n\t\t\t\t\t\t<div data-animate=\"bounceInLeft\">\t\t<div class=\"img-inner dark\" >\n\t\t\t<img loading=\"lazy\" decoding=\"async\" width=\"633\" height=\"407\" src=\"https:\/\/herbow.eu\/wp-content\/uploads\/2025\/07\/herbowlabdavizbenv3ujlogo2020v201633x407_20200521_110138.png\" class=\"attachment-large size-large\" alt=\"\" srcset=\"https:\/\/herbow.eu\/wp-content\/uploads\/2025\/07\/herbowlabdavizbenv3ujlogo2020v201633x407_20200521_110138.png 633w, https:\/\/herbow.eu\/wp-content\/uploads\/2025\/07\/herbowlabdavizbenv3ujlogo2020v201633x407_20200521_110138-622x400.png 622w, https:\/\/herbow.eu\/wp-content\/uploads\/2025\/07\/herbowlabdavizbenv3ujlogo2020v201633x407_20200521_110138-500x321.png 500w\" sizes=\"auto, (max-width: 633px) 100vw, 633px\" data-attachment-id=\"655\" data-permalink=\"https:\/\/herbow.eu\/sl\/fullscreen-fashion\/herbowlabdavizbenv3ujlogo2020v201633x407_20200521_110138\/#main\" data-orig-file=\"https:\/\/herbow.eu\/wp-content\/uploads\/2025\/07\/herbowlabdavizbenv3ujlogo2020v201633x407_20200521_110138.png\" data-orig-size=\"633,407\" data-comments-opened=\"1\" data-image-meta=\"{&quot;aperture&quot;:&quot;0&quot;,&quot;credit&quot;:&quot;&quot;,&quot;camera&quot;:&quot;&quot;,&quot;caption&quot;:&quot;&quot;,&quot;created_timestamp&quot;:&quot;0&quot;,&quot;copyright&quot;:&quot;&quot;,&quot;focal_length&quot;:&quot;0&quot;,&quot;iso&quot;:&quot;0&quot;,&quot;shutter_speed&quot;:&quot;0&quot;,&quot;title&quot;:&quot;&quot;,&quot;orientation&quot;:&quot;0&quot;}\" data-image-title=\"herbowlabdavizbenv3ujlogo2020v201633x407_20200521_110138\" data-image-description=\"\" data-image-caption=\"\" data-large-file=\"https:\/\/herbow.eu\/wp-content\/uploads\/2025\/07\/herbowlabdavizbenv3ujlogo2020v201633x407_20200521_110138.png\" \/>\t\t\t\t\t\t\n\t\t\t\t\t<\/div>\n\t\t<\/div>\t\t\t\t\t\t\n<style>\n#image_286911293 {\n  width: 100%;\n}\n<\/style>\n\t<\/div>\n\t\n\n\t<div id=\"text-1191084747\" class=\"text\">\n\t\t\n\n<h3><strong>Sve\u017ea in \u010dista obla\u010dila brez sinteti\u010dnih materialov!<\/strong><\/h3>\n\t\t\n<style>\n#text-1191084747 {\n  font-size: 1.55rem;\n}\n<\/style>\n\t<\/div>\n\t\n<p>Pralna matica 100% v 100% je naravna, ima dobre \u010distilne lastnosti in je okolju prijazna alternativa pranja. Pralna krogla, ki je temelj ponudbe Herbow, ponuja \u0161tevilne prednosti za va\u0161e zdravje in udobje. To ekolo\u0161ko pralno sredstvo deluje zaradi naravnih aktivnih sestavin, zato je odli\u010dno za ob\u010dutljivo ko\u017eo, priporo\u010dljivo pa je tudi za pranje otro\u0161kih obla\u010dil. Pri uporabi pralne krogle na obla\u010dilih ne ostanejo ostanki pralnega sredstva, ki lahko dra\u017eijo ko\u017eo in povzro\u010dajo alergije.<\/p>\n<p>\u00a0<\/p>\n\n\t\t<\/div>\n\t\t\t\t\n<style>\n#col-1195649506 > .col-inner {\n  padding: 0px 10% 0px 0px;\n}\n<\/style>\n\t<\/div>\n\n\t\n\n\t<div id=\"col-671503832\" class=\"col medium-12 small-12 large-6\"  data-animate=\"bounceInUp\">\n\t\t\t\t<div class=\"col-inner\" style=\"background-color:rgba(241, 241, 241, 0.93);\" >\n\t\t\t\n\t<div class=\"is-border\"\n\t\tstyle=\"border-color:rgb(73, 193, 147);border-width:10px 0px 0px 0px;\">\n\t<\/div>\n\t\t\t\n\n<p><strong>Uporaba pralnega pra\u0161ka je bila doslej okorna. Treba je bilo pre\u0161teti \u0161tevilo zrn, jih povezati v platneno vre\u010dko, si zapomniti, kdaj jih je treba zavre\u010di, in jih takoj po pranju vzeti iz stroja, da se ne bi umazali. Poleg tega imajo neobdelani pralni orehi \u010duden vonj. Vendar so raziskovalci podjetja Herbow naredili korak naprej in razvili dana\u0161njo inovativno formulo za pralne matice, s katero je pranje brez kemikalij \u0161e bolj prakti\u010dno in enostavno!<\/strong><\/p>\n<p><strong>Priro\u010dno za uporabo<br \/><\/strong>Vrzite ga v pralni stroj kot pralno kapsulo. Pralne matice smo zavili v celulozno mre\u017eico v obliki kroglice, da so priro\u010dne za uporabo!<\/p>\n<p><strong>Ve\u010dja mo\u010d pranja<\/strong><br \/>Recikliran bomba\u017e, zavit v kroglico, pove\u010da penjenje naravne povr\u0161insko aktivne snovi (saponina) v pralnem sredstvu, kar \u0161e pove\u010da u\u010dinkovitost pranja.<\/p>\n<p><strong>Sve\u017e vonj<\/strong><br \/>S tehnologijo Balance System se pralna matica obdela z naravno kulturo koristnih mikroorganizmov (B.S Regen). Posledi\u010dno se odpravi njen prej\u0161nji kisli vonj, obla\u010dila pa ostanejo di\u0161e\u010da dlje \u010dasa.<\/p>\n\n\t\t<\/div>\n\t\t\t\t\n<style>\n#col-671503832 > .col-inner {\n  padding: 15% 10% 5% 10%;\n  margin: 0 0px 0px 0px;\n}\n@media (min-width:550px) {\n  #col-671503832 > .col-inner {\n    padding: 10% 10% 8% 10%;\n  }\n}\n@media (min-width:850px) {\n  #col-671503832 > .col-inner {\n    padding: 15% 15% 10% 15%;\n    margin: -172px 0px 0px 0px;\n  }\n}\n<\/style>\n\t<\/div>\n\n\t\n\n<\/div>\n<div class=\"row\"  id=\"row-1202539178\">\n\n\n\t<div id=\"col-1190786149\" class=\"col medium-6 small-12 large-6\"  >\n\t\t\t\t<div class=\"col-inner\"  >\n\t\t\t\n\t\t\t\n\n<p><strong>O orehih<\/strong><br \/>Indijski mosodij (Sapindus Mukorossi) je plod drevesa iz dru\u017eine mila. To drevo je doma v predgorju Himalaje in raste v Indiji in Nepalu. Plodovi mavri\u010dnega drevesa so v obliki pome, plodove obdaja \u010dvrsta zunanja lupina, ki je bogata s saponini. Saponin je naravna povr\u0161insko aktivna snov, ki v interakciji z vodo nase ve\u017ee ma\u0161\u010dobo in umazanijo, zato je odli\u010den detergent za pranje perila. Ima tudi \u0161tevilne koristne lastnosti.<\/p>\n\n\t\t<\/div>\n\t\t\t\t\n<style>\n#col-1190786149 > .col-inner {\n  margin: -50px 0px 0px 0px;\n}\n<\/style>\n\t<\/div>\n\n\t\n\n\t<div id=\"col-1331158389\" class=\"col medium-6 small-12 large-6\"  >\n\t\t\t\t<div class=\"col-inner\"  >\n\t\t\t\n\t\t\t\n\n\t<div class=\"img has-hover x md-x lg-x y md-y lg-y\" id=\"image_537316035\">\n\t\t\t\t\t\t<div data-animate=\"bounceInRight\">\t\t<div class=\"img-inner dark\" >\n\t\t\t<img loading=\"lazy\" decoding=\"async\" width=\"1020\" height=\"586\" src=\"https:\/\/herbow.eu\/wp-content\/uploads\/2025\/07\/soap-nut-on-white-background-2024-10-31-21-18-04-utc-1392x800.jpg\" class=\"attachment-large size-large\" alt=\"\" srcset=\"https:\/\/herbow.eu\/wp-content\/uploads\/2025\/07\/soap-nut-on-white-background-2024-10-31-21-18-04-utc-1392x800.jpg 1392w, https:\/\/herbow.eu\/wp-content\/uploads\/2025\/07\/soap-nut-on-white-background-2024-10-31-21-18-04-utc-696x400.jpg 696w, https:\/\/herbow.eu\/wp-content\/uploads\/2025\/07\/soap-nut-on-white-background-2024-10-31-21-18-04-utc-768x441.jpg 768w, https:\/\/herbow.eu\/wp-content\/uploads\/2025\/07\/soap-nut-on-white-background-2024-10-31-21-18-04-utc-1536x883.jpg 1536w, https:\/\/herbow.eu\/wp-content\/uploads\/2025\/07\/soap-nut-on-white-background-2024-10-31-21-18-04-utc-2048x1177.jpg 2048w, https:\/\/herbow.eu\/wp-content\/uploads\/2025\/07\/soap-nut-on-white-background-2024-10-31-21-18-04-utc-500x287.jpg 500w\" sizes=\"auto, (max-width: 1020px) 100vw, 1020px\" data-attachment-id=\"752\" data-permalink=\"https:\/\/herbow.eu\/sl\/a-herbow-rol\/soap-nut-on-white-background\/#main\" data-orig-file=\"https:\/\/herbow.eu\/wp-content\/uploads\/2025\/07\/soap-nut-on-white-background-2024-10-31-21-18-04-utc.jpg\" data-orig-size=\"2500,1437\" data-comments-opened=\"1\" data-image-meta=\"{&quot;aperture&quot;:&quot;16&quot;,&quot;credit&quot;:&quot;&quot;,&quot;camera&quot;:&quot;NIKON D800E&quot;,&quot;caption&quot;:&quot;Soap nut on white background&quot;,&quot;created_timestamp&quot;:&quot;1478123934&quot;,&quot;copyright&quot;:&quot;&quot;,&quot;focal_length&quot;:&quot;70&quot;,&quot;iso&quot;:&quot;100&quot;,&quot;shutter_speed&quot;:&quot;0.00625&quot;,&quot;title&quot;:&quot;Soap nut on white background&quot;,&quot;orientation&quot;:&quot;1&quot;}\" data-image-title=\"Soap nut on white background\" data-image-description=\"\" data-image-caption=\"&lt;p&gt;Soap nut on white background&lt;\/p&gt;\" data-large-file=\"https:\/\/herbow.eu\/wp-content\/uploads\/2025\/07\/soap-nut-on-white-background-2024-10-31-21-18-04-utc-1392x800.jpg\" \/>\t\t\t\t\t\t\n\t\t\t\t\t<\/div>\n\t\t<\/div>\t\t\t\t\t\t\n<style>\n#image_537316035 {\n  width: 100%;\n}\n<\/style>\n\t<\/div>\n\t\n\n\n\t\t<\/div>\n\t\t\t\t\n<style>\n#col-1331158389 > .col-inner {\n  margin: -250px 0px 0px 0px;\n}\n<\/style>\n\t<\/div>\n\n\t\n\n<\/div>\n\n\t\t<\/div>\n\n\t\t\n<style>\n#section_1096171817 {\n  padding-top: 30px;\n  padding-bottom: 30px;\n}\n<\/style>\n\t<\/section>\n\t\n\n\t<section class=\"section\" id=\"section_4952543\">\n\t\t<div class=\"section-bg fill\" >\n\t\t\t\t\t\t\t\t\t\n\t\t\t\n\t<div class=\"is-border\"\n\t\tstyle=\"border-color:rgb(73, 193, 147);border-width:10px 0px 0px 0px;\">\n\t<\/div>\n\n\t\t<\/div>\n\n\t\t\n\n\t\t<div class=\"section-content relative\">\n\t\t\t\n\n<p><strong>Naravni<\/strong> - 100% je popolnoma naraven in ne vsebuje umetnih kemikalij, ki bi lahko \u0161kodovale telesu ali okolju.<\/p>\n<p><strong>Okolju prijazno<\/strong> - je lahko biorazgradljiv, ne onesna\u017euje okolja. Zanimivo je, da raste na drevesih, ki jih nikoli ne \u0161kropijo, saj njegova naravna vsebnost saponina odganja \u0161kodljivce. Ima za\u0161\u010ditne lastnosti za tla in proizvaja veliko kisika, s \u010dimer prispeva k optimalnemu ekosistemu na Zemlji.<\/p>\n<p><strong>Antibakterijski<\/strong> - antiseptik<\/p>\n<p><strong>Hipoalergeni<\/strong> - ne dra\u017ei ko\u017ee. Idealen za ob\u010dutljivo in ekcematozno ko\u017eo ter za ljudi z drugimi ko\u017enimi obolenji (npr. luskavica, nevrodermitis). Varen za uporabo pri pranju otro\u0161kih obla\u010dil.<\/p>\n<p><strong>\u0160kodljivo za tekstil<\/strong> - je ne\u017een in ima odli\u010dne lastnosti pranja, ne da bi po\u0161kodoval strukturo tekstila. Obla\u010dila dlje \u010dasa ohranijo barvo in obstojnost<\/p>\n<p><strong>Ekonomi\u010dno<\/strong> - Lupine pralnih orehov se lahko ponovno uporabijo, na primer 1 kroglica pralnega oreha zadostuje za 5 pranj.<\/p>\n<p><strong>, ki jih je mogo\u010de reciklirati.<\/strong> - Izrabljene lupine orehov se lahko kompostirajo, uporabljena mre\u017ea na osnovi celuloze pa je biorazgradljiva.<\/p>\n\n\t\t<\/div>\n\n\t\t\n<style>\n#section_4952543 {\n  padding-top: 30px;\n  padding-bottom: 30px;\n  background-color: rgba(156, 128, 89, 0.215);\n}\n<\/style>\n\t<\/section>","protected":false},"excerpt":{"rendered":"","protected":false},"author":268520272,"featured_media":0,"parent":0,"menu_order":0,"comment_status":"closed","ping_status":"closed","template":"","meta":{"footnotes":""},"class_list":["post-762","page","type-page","status-publish","hentry"],"yoast_head":"<!-- This site is optimized with the Yoast SEO plugin v27.4 - https:\/\/yoast.com\/product\/yoast-seo-wordpress\/ -->\n<title>Mos\u00f3di\u00f3s labda - Herbow | International<\/title>\n<meta name=\"description\" content=\"Innovat\u00edv mos\u00f3di\u00f3s labda term\u00e9szetes tisztas\u00e1ggal, vegyszerek n\u00e9lk\u00fcl. K\u00edm\u00e9letes, k\u00f6rnyezetbar\u00e1t megold\u00e1s az eg\u00e9sz csal\u00e1dnak.\" \/>\n<meta name=\"robots\" content=\"index, follow, max-snippet:-1, max-image-preview:large, max-video-preview:-1\" \/>\n<link rel=\"canonical\" href=\"https:\/\/herbow.eu\/sl\/mosodiosis-krogla\/\" \/>\n<meta property=\"og:locale\" content=\"sl_SI\" \/>\n<meta property=\"og:type\" content=\"article\" \/>\n<meta property=\"og:title\" content=\"Mos\u00f3di\u00f3s labda - Herbow | International\" \/>\n<meta property=\"og:description\" content=\"Innovat\u00edv mos\u00f3di\u00f3s labda term\u00e9szetes tisztas\u00e1ggal, vegyszerek n\u00e9lk\u00fcl. K\u00edm\u00e9letes, k\u00f6rnyezetbar\u00e1t megold\u00e1s az eg\u00e9sz csal\u00e1dnak.\" \/>\n<meta property=\"og:url\" content=\"https:\/\/herbow.eu\/sl\/mosodiosis-krogla\/\" \/>\n<meta property=\"og:site_name\" content=\"Herbow | International\" \/>\n<meta property=\"article:publisher\" content=\"https:\/\/www.facebook.com\/herbowmosodioslabda\/\" \/>\n<meta property=\"article:modified_time\" content=\"2025-07-20T10:16:59+00:00\" \/>\n<meta name=\"twitter:card\" content=\"summary_large_image\" \/>\n<script type=\"application\/ld+json\" class=\"yoast-schema-graph\">{\"@context\":\"https:\\\/\\\/schema.org\",\"@graph\":[{\"@type\":\"WebPage\",\"@id\":\"https:\\\/\\\/herbow.eu\\\/mosodios-labda\\\/\",\"url\":\"https:\\\/\\\/herbow.eu\\\/mosodios-labda\\\/\",\"name\":\"Mos\u00f3di\u00f3s labda - Herbow | International\",\"isPartOf\":{\"@id\":\"https:\\\/\\\/herbow.eu\\\/#website\"},\"datePublished\":\"2025-07-20T09:47:54+00:00\",\"dateModified\":\"2025-07-20T10:16:59+00:00\",\"description\":\"Innovat\u00edv mos\u00f3di\u00f3s labda term\u00e9szetes tisztas\u00e1ggal, vegyszerek n\u00e9lk\u00fcl. K\u00edm\u00e9letes, k\u00f6rnyezetbar\u00e1t megold\u00e1s az eg\u00e9sz csal\u00e1dnak.\",\"breadcrumb\":{\"@id\":\"https:\\\/\\\/herbow.eu\\\/mosodios-labda\\\/#breadcrumb\"},\"inLanguage\":\"sl-SI\",\"potentialAction\":[{\"@type\":\"ReadAction\",\"target\":[\"https:\\\/\\\/herbow.eu\\\/mosodios-labda\\\/\"]}]},{\"@type\":\"BreadcrumbList\",\"@id\":\"https:\\\/\\\/herbow.eu\\\/mosodios-labda\\\/#breadcrumb\",\"itemListElement\":[{\"@type\":\"ListItem\",\"position\":1,\"name\":\"Kezd\u0151lap\",\"item\":\"https:\\\/\\\/herbow.eu\\\/\"},{\"@type\":\"ListItem\",\"position\":2,\"name\":\"Mos\u00f3di\u00f3s labda\"}]},{\"@type\":\"WebSite\",\"@id\":\"https:\\\/\\\/herbow.eu\\\/#website\",\"url\":\"https:\\\/\\\/herbow.eu\\\/\",\"name\":\"Herbow | Herbal Organic World\",\"description\":\"Herbal Organic World\",\"publisher\":{\"@id\":\"https:\\\/\\\/herbow.eu\\\/#organization\"},\"potentialAction\":[{\"@type\":\"SearchAction\",\"target\":{\"@type\":\"EntryPoint\",\"urlTemplate\":\"https:\\\/\\\/herbow.eu\\\/?s={search_term_string}\"},\"query-input\":{\"@type\":\"PropertyValueSpecification\",\"valueRequired\":true,\"valueName\":\"search_term_string\"}}],\"inLanguage\":\"sl-SI\"},{\"@type\":\"Organization\",\"@id\":\"https:\\\/\\\/herbow.eu\\\/#organization\",\"name\":\"Herbow International Zrt.\",\"url\":\"https:\\\/\\\/herbow.eu\\\/\",\"logo\":{\"@type\":\"ImageObject\",\"inLanguage\":\"sl-SI\",\"@id\":\"https:\\\/\\\/herbow.eu\\\/#\\\/schema\\\/logo\\\/image\\\/\",\"url\":\"https:\\\/\\\/herbow.eu\\\/wp-content\\\/uploads\\\/2025\\\/07\\\/herbow_logo_hun_2021-01_w-slogan_no-background.png\",\"contentUrl\":\"https:\\\/\\\/herbow.eu\\\/wp-content\\\/uploads\\\/2025\\\/07\\\/herbow_logo_hun_2021-01_w-slogan_no-background.png\",\"width\":2366,\"height\":1732,\"caption\":\"Herbow International Zrt.\"},\"image\":{\"@id\":\"https:\\\/\\\/herbow.eu\\\/#\\\/schema\\\/logo\\\/image\\\/\"},\"sameAs\":[\"https:\\\/\\\/www.facebook.com\\\/herbowmosodioslabda\\\/\",\"https:\\\/\\\/www.instagram.com\\\/herbowmosodioslabda\\\/\"]}]}<\/script>\n<!-- \/ Yoast SEO plugin. -->","yoast_head_json":{"title":"Pralna kroglica - Herbow | International","description":"Inovativna pralna krogla z naravno \u010disto\u010do brez kemikalij. Ne\u017ena, okolju prijazna re\u0161itev za vso dru\u017eino.","robots":{"index":"index","follow":"follow","max-snippet":"max-snippet:-1","max-image-preview":"max-image-preview:large","max-video-preview":"max-video-preview:-1"},"canonical":"https:\/\/herbow.eu\/sl\/mosodiosis-krogla\/","og_locale":"sl_SI","og_type":"article","og_title":"Mos\u00f3di\u00f3s labda - Herbow | International","og_description":"Innovat\u00edv mos\u00f3di\u00f3s labda term\u00e9szetes tisztas\u00e1ggal, vegyszerek n\u00e9lk\u00fcl. K\u00edm\u00e9letes, k\u00f6rnyezetbar\u00e1t megold\u00e1s az eg\u00e9sz csal\u00e1dnak.","og_url":"https:\/\/herbow.eu\/sl\/mosodiosis-krogla\/","og_site_name":"Herbow | International","article_publisher":"https:\/\/www.facebook.com\/herbowmosodioslabda\/","article_modified_time":"2025-07-20T10:16:59+00:00","twitter_card":"summary_large_image","schema":{"@context":"https:\/\/schema.org","@graph":[{"@type":"WebPage","@id":"https:\/\/herbow.eu\/mosodios-labda\/","url":"https:\/\/herbow.eu\/mosodios-labda\/","name":"Pralna kroglica - Herbow | International","isPartOf":{"@id":"https:\/\/herbow.eu\/#website"},"datePublished":"2025-07-20T09:47:54+00:00","dateModified":"2025-07-20T10:16:59+00:00","description":"Inovativna pralna krogla z naravno \u010disto\u010do brez kemikalij. Ne\u017ena, okolju prijazna re\u0161itev za vso dru\u017eino.","breadcrumb":{"@id":"https:\/\/herbow.eu\/mosodios-labda\/#breadcrumb"},"inLanguage":"sl-SI","potentialAction":[{"@type":"ReadAction","target":["https:\/\/herbow.eu\/mosodios-labda\/"]}]},{"@type":"BreadcrumbList","@id":"https:\/\/herbow.eu\/mosodios-labda\/#breadcrumb","itemListElement":[{"@type":"ListItem","position":1,"name":"Kezd\u0151lap","item":"https:\/\/herbow.eu\/"},{"@type":"ListItem","position":2,"name":"Mos\u00f3di\u00f3s labda"}]},{"@type":"WebSite","@id":"https:\/\/herbow.eu\/#website","url":"https:\/\/herbow.eu\/","name":"Herbow | Herbal Organic World","description":"Zeli\u0161\u010dni organski svet","publisher":{"@id":"https:\/\/herbow.eu\/#organization"},"potentialAction":[{"@type":"SearchAction","target":{"@type":"EntryPoint","urlTemplate":"https:\/\/herbow.eu\/?s={search_term_string}"},"query-input":{"@type":"PropertyValueSpecification","valueRequired":true,"valueName":"search_term_string"}}],"inLanguage":"sl-SI"},{"@type":"Organization","@id":"https:\/\/herbow.eu\/#organization","name":"Herbow International Zrt.","url":"https:\/\/herbow.eu\/","logo":{"@type":"ImageObject","inLanguage":"sl-SI","@id":"https:\/\/herbow.eu\/#\/schema\/logo\/image\/","url":"https:\/\/herbow.eu\/wp-content\/uploads\/2025\/07\/herbow_logo_hun_2021-01_w-slogan_no-background.png","contentUrl":"https:\/\/herbow.eu\/wp-content\/uploads\/2025\/07\/herbow_logo_hun_2021-01_w-slogan_no-background.png","width":2366,"height":1732,"caption":"Herbow International Zrt."},"image":{"@id":"https:\/\/herbow.eu\/#\/schema\/logo\/image\/"},"sameAs":["https:\/\/www.facebook.com\/herbowmosodioslabda\/","https:\/\/www.instagram.com\/herbowmosodioslabda\/"]}]}},"jetpack_likes_enabled":true,"jetpack_sharing_enabled":true,"jetpack_shortlink":"https:\/\/wp.me\/Ph13on-ci","_links":{"self":[{"href":"https:\/\/herbow.eu\/sl\/wp-json\/wp\/v2\/pages\/762","targetHints":{"allow":["GET"]}}],"collection":[{"href":"https:\/\/herbow.eu\/sl\/wp-json\/wp\/v2\/pages"}],"about":[{"href":"https:\/\/herbow.eu\/sl\/wp-json\/wp\/v2\/types\/page"}],"author":[{"embeddable":true,"href":"https:\/\/herbow.eu\/sl\/wp-json\/wp\/v2\/users\/268520272"}],"replies":[{"embeddable":true,"href":"https:\/\/herbow.eu\/sl\/wp-json\/wp\/v2\/comments?post=762"}],"version-history":[{"count":14,"href":"https:\/\/herbow.eu\/sl\/wp-json\/wp\/v2\/pages\/762\/revisions"}],"predecessor-version":[{"id":780,"href":"https:\/\/herbow.eu\/sl\/wp-json\/wp\/v2\/pages\/762\/revisions\/780"}],"wp:attachment":[{"href":"https:\/\/herbow.eu\/sl\/wp-json\/wp\/v2\/media?parent=762"}],"curies":[{"name":"wp","href":"https:\/\/api.w.org\/{rel}","templated":true}]}}