{"id":762,"date":"2025-07-20T11:47:54","date_gmt":"2025-07-20T09:47:54","guid":{"rendered":"https:\/\/herbow.eu\/?page_id=762"},"modified":"2025-07-20T12:16:59","modified_gmt":"2025-07-20T10:16:59","slug":"mosodio-labda","status":"publish","type":"page","link":"https:\/\/herbow.eu\/sk\/mosodios-labda\/","title":{"rendered":"Lopta na pranie"},"content":{"rendered":"<section class=\"section\" id=\"section_1770021777\">\n\t\t<div class=\"section-bg fill\" >\n\t\t\t\t\t\t\t<div class=\"video-overlay no-click fill visible\"><\/div>\n\t<video class=\"video-bg fill visible\" preload playsinline autoplay muted loop>\n\t\t<source src=\"https:\/\/videos.files.wordpress.com\/glsn1bsR\/heap-of-soap-nut-for-ecological-washing-raw-aritha-2023-11-28-17-45-48-utc.mp4\" type=\"video\/mp4\">\t<\/video>\n\t\t\t<div class=\"section-bg-overlay absolute fill\"><\/div>\n\t\t\t\n\n\t\t<\/div>\n\n\t\t\n\n\t\t<div class=\"section-content relative\">\n\t\t\t\n\n\t<div id=\"text-4011276811\" class=\"text\">\n\t\t\n\n<h1 class=\"uppercase\" style=\"text-align: center;\" data-animate=\"fadeInUp\" data-animate-delay=\"500\">A Herbow prac\u00ed goly\u00f3 titka<\/h1>\n\t\t\n<style>\n#text-4011276811 {\n  text-align: center;\n  color: rgb(255, 255, 255);\n}\n#text-4011276811 > * {\n  color: rgb(255, 255, 255);\n}\n<\/style>\n\t<\/div>\n\t\n\n\t\t<\/div>\n\n\t\t\n<style>\n#section_1770021777 {\n  padding-top: 30px;\n  padding-bottom: 30px;\n  min-height: 300px;\n}\n#section_1770021777 .section-bg-overlay {\n  background-color: rgba(0, 0, 0, 0.145);\n}\n@media (min-width:550px) {\n  #section_1770021777 {\n    min-height: 400px;\n  }\n}\n@media (min-width:850px) {\n  #section_1770021777 {\n    min-height: 500px;\n  }\n}\n<\/style>\n\t<\/section>\n\t\n\n\t<section class=\"section\" id=\"section_247742184\">\n\t\t<div class=\"section-bg fill\" >\n\t\t\t\t\t\t\t\t\t\n\t\t\t\n\n\t\t<\/div>\n\n\t\t\n\n\t\t<div class=\"section-content relative\">\n\t\t\t\n\n<div class=\"row align-center\"  id=\"row-1817990350\">\n\n\n\t<div id=\"col-1561019301\" class=\"col medium-12 small-12 large-6\"  >\n\t\t\t\t<div class=\"col-inner\"  >\n\t\t\t\n\t\t\t\n\n\t<div id=\"gap-1823243515\" class=\"gap-element clearfix\" style=\"display:block; height:auto;\">\n\t\t\n<style>\n#gap-1823243515 {\n  padding-top: 10px;\n}\n@media (min-width:550px) {\n  #gap-1823243515 {\n    padding-top: 20px;\n  }\n}\n@media (min-width:850px) {\n  #gap-1823243515 {\n    padding-top: 30px;\n  }\n}\n<\/style>\n\t<\/div>\n\t\n\n\t<div class=\"img has-hover x md-x lg-x y md-y lg-y\" id=\"image_2146700606\">\n\t\t\t\t\t\t<div data-animate=\"bounceInLeft\">\t\t<div class=\"img-inner dark\" >\n\t\t\t<img loading=\"lazy\" decoding=\"async\" width=\"633\" height=\"407\" src=\"https:\/\/herbow.eu\/wp-content\/uploads\/2025\/07\/herbowlabdavizbenv3ujlogo2020v201633x407_20200521_110138.png\" class=\"attachment-large size-large\" alt=\"\" srcset=\"https:\/\/herbow.eu\/wp-content\/uploads\/2025\/07\/herbowlabdavizbenv3ujlogo2020v201633x407_20200521_110138.png 633w, https:\/\/herbow.eu\/wp-content\/uploads\/2025\/07\/herbowlabdavizbenv3ujlogo2020v201633x407_20200521_110138-622x400.png 622w, https:\/\/herbow.eu\/wp-content\/uploads\/2025\/07\/herbowlabdavizbenv3ujlogo2020v201633x407_20200521_110138-500x321.png 500w\" sizes=\"auto, (max-width: 633px) 100vw, 633px\" data-attachment-id=\"655\" data-permalink=\"https:\/\/herbow.eu\/sk\/fullscreen-fashion\/herbowlabdavizbenv3ujlogo2020v201633x407_20200521_110138\/#main\" data-orig-file=\"https:\/\/herbow.eu\/wp-content\/uploads\/2025\/07\/herbowlabdavizbenv3ujlogo2020v201633x407_20200521_110138.png\" data-orig-size=\"633,407\" data-comments-opened=\"1\" data-image-meta=\"{&quot;aperture&quot;:&quot;0&quot;,&quot;credit&quot;:&quot;&quot;,&quot;camera&quot;:&quot;&quot;,&quot;caption&quot;:&quot;&quot;,&quot;created_timestamp&quot;:&quot;0&quot;,&quot;copyright&quot;:&quot;&quot;,&quot;focal_length&quot;:&quot;0&quot;,&quot;iso&quot;:&quot;0&quot;,&quot;shutter_speed&quot;:&quot;0&quot;,&quot;title&quot;:&quot;&quot;,&quot;orientation&quot;:&quot;0&quot;}\" data-image-title=\"herbowlabdavizbenv3ujlogo2020v201633x407_20200521_110138\" data-image-description=\"\" data-image-caption=\"\" data-large-file=\"https:\/\/herbow.eu\/wp-content\/uploads\/2025\/07\/herbowlabdavizbenv3ujlogo2020v201633x407_20200521_110138.png\" \/>\t\t\t\t\t\t\n\t\t\t\t\t<\/div>\n\t\t<\/div>\t\t\t\t\t\t\n<style>\n#image_2146700606 {\n  width: 100%;\n}\n<\/style>\n\t<\/div>\n\t\n\n\t<div id=\"text-1516083702\" class=\"text\">\n\t\t\n\n<h3><strong>Svie\u017ee a \u010dist\u00e9 oble\u010denie bez pridania syntetick\u00fdch l\u00e1tok!<\/strong><\/h3>\n\t\t\n<style>\n#text-1516083702 {\n  font-size: 1.55rem;\n}\n<\/style>\n\t<\/div>\n\t\n<p>S cie\u013eom dosiahnu\u0165 prirodzen\u00fd, dobr\u00fd \u010distiaci \u00fa\u010dinok a ekologick\u00fa alternat\u00edvu prania v%sa pou\u017e\u00edvaj\u00fa k\u00f4stky mydlovn\u00edka. Mydlov\u00fd gu\u013e\u00f4\u010dkov\u00fd produktov\u00fd rad Herbow pon\u00faka mno\u017estvo v\u00fdhod pre va\u0161e zdravie a pohodlie. Organick\u00fd prac\u00ed prostriedok funguje v\u010faka svojim pr\u00edrodn\u00fdm \u00fa\u010dinn\u00fdm l\u00e1tkam, a preto je ve\u013emi \u0161etrn\u00fd k citlivej poko\u017eke, odpor\u00fa\u010da sa aj na pranie detsk\u00e9ho oble\u010denia. Pri pou\u017e\u00edvan\u00ed mydlov\u00fdch gu\u013e\u00f4\u010dok nezostan\u00fa v oble\u010den\u00ed \u017eiadne zvy\u0161ky pracieho prostriedku, ktor\u00e9 by mohli dr\u00e1\u017edi\u0165 poko\u017eku a sp\u00f4sobova\u0165 alergie.<\/p>\n<p>\u00a0<\/p>\n\n\t\t<\/div>\n\t\t\t\t\n<style>\n#col-1561019301 > .col-inner {\n  padding: 0px 10% 0px 0px;\n}\n<\/style>\n\t<\/div>\n\n\t\n\n\t<div id=\"col-487417163\" class=\"col medium-12 small-12 large-6\"  data-animate=\"bounceInUp\">\n\t\t\t\t<div class=\"col-inner\" style=\"background-color:rgba(241, 241, 241, 0.93);\" >\n\t\t\t\n\t<div class=\"is-border\"\n\t\tstyle=\"border-color:rgb(73, 193, 147);border-width:10px 0px 0px 0px;\">\n\t<\/div>\n\t\t\t\n\n<p><strong>Pou\u017e\u00edvanie prac\u00edch orechov bolo doteraz n\u00e1ro\u010dn\u00e9. Bolo treba po\u010d\u00edta\u0165 zrnk\u00e1, zv\u00e4zova\u0165 ich do pl\u00e1ten\u00fdch vreciek, pam\u00e4ta\u0165 si, kedy ich vyhodi\u0165, a po pran\u00ed ich ihne\u010f vybra\u0165 z pr\u00e1\u010dky, aby sa nezaparili. Navy\u0161e, neo\u0161etren\u00e9 pracie orechy maj\u00fa aj zvl\u00e1\u0161tny z\u00e1pach. V\u00fdskumn\u00edci spolo\u010dnosti Herbow v\u0161ak pracie orechy doviedli \u010falej a vyvinuli dne\u0161n\u00fa inovat\u00edvnu recept\u00faru prac\u00edch guli\u010diek, v\u010faka ktorej je pranie bez ch\u00e9mie e\u0161te praktickej\u0161ie a jednoduch\u0161ie!<\/strong><\/p>\n<p><strong>Pohodln\u00e9 pou\u017e\u00edvanie<br \/><\/strong>Sta\u010d\u00ed vlo\u017ei\u0165 do pr\u00e1\u010dky ako praciu kapsulu. Orechy sa zabalili do sie\u0165ky na b\u00e1ze celul\u00f3zy v tvare gule, \u010d\u00edm sa u\u013eah\u010duje ich praktick\u00e9 pou\u017e\u00edvanie!<\/p>\n<p><strong>Zv\u00fd\u0161en\u00fd prac\u00ed \u00fa\u010dinok<\/strong><br \/>Recyklovan\u00e1 bavlna zabalen\u00e1 do lopty zvy\u0161uje penivos\u0165 pr\u00edrodn\u00e9ho sapon\u00e1tu z mydlov\u00fdch orechov, \u010d\u00edm \u010falej zvy\u0161uje um\u00fdvac\u00ed efekt.<\/p>\n<p><strong>Svie\u017ea v\u00f4\u0148a<\/strong><br \/>Pou\u017eit\u00edm technol\u00f3gie Balance System o\u0161etrujeme mydlov\u00e9 orechy kult\u00farou prospe\u0161n\u00fdch (B.S Regen) pr\u00edrodn\u00fdch mikroorganizmov. V d\u00f4sledku toho ich predch\u00e1dzaj\u00faca, mierne kysl\u00e1 v\u00f4\u0148a zmizne a oble\u010denie zostane dlho vo\u0148av\u00e9.<\/p>\n\n\t\t<\/div>\n\t\t\t\t\n<style>\n#col-487417163 > .col-inner {\n  padding: 15% 10% 5% 10%;\n  margin: 0 0px 0px 0px;\n}\n@media (min-width:550px) {\n  #col-487417163 > .col-inner {\n    padding: 10% 10% 8% 10%;\n  }\n}\n@media (min-width:850px) {\n  #col-487417163 > .col-inner {\n    padding: 15% 15% 10% 15%;\n    margin: -172px 0px 0px 0px;\n  }\n}\n<\/style>\n\t<\/div>\n\n\t\n\n<\/div>\n<div class=\"row\"  id=\"row-1634961223\">\n\n\n\t<div id=\"col-419222551\" class=\"col medium-6 small-12 large-6\"  >\n\t\t\t\t<div class=\"col-inner\"  >\n\t\t\t\n\t\t\t\n\n<p><strong>O mydloplode<\/strong><br \/>Indick\u00fd orech (Sapindus Mukorossi) je plod stromu patriaceho do \u010de\u013eade mydlovn\u00edkovit\u00fdch. Tento pozoruhodn\u00fd strom poch\u00e1dza z podhoria Himal\u00e1j\u00ed a rastie na \u00fazemiach Indie a Nep\u00e1lu. Plod mydlovn\u00edka je k\u00f4stkovica, plod obklopuje tvrd\u00e1 vonkaj\u0161ia \u0161krupina, ktor\u00e1 je bohat\u00e1 na sapon\u00edny. Sapon\u00edn je pr\u00edrodn\u00e1 povrchovo akt\u00edvna l\u00e1tka, ktor\u00e1 v interakcii s vodou via\u017ee tuky a ne\u010distoty, a preto je ide\u00e1lny na pranie bielizne. Okrem toho m\u00e1 aj mnoho prospe\u0161n\u00fdch vlastnost\u00ed.<\/p>\n\n\t\t<\/div>\n\t\t\t\t\n<style>\n#col-419222551 > .col-inner {\n  margin: -50px 0px 0px 0px;\n}\n<\/style>\n\t<\/div>\n\n\t\n\n\t<div id=\"col-732778878\" class=\"col medium-6 small-12 large-6\"  >\n\t\t\t\t<div class=\"col-inner\"  >\n\t\t\t\n\t\t\t\n\n\t<div class=\"img has-hover x md-x lg-x y md-y lg-y\" id=\"image_1720816329\">\n\t\t\t\t\t\t<div data-animate=\"bounceInRight\">\t\t<div class=\"img-inner dark\" >\n\t\t\t<img loading=\"lazy\" decoding=\"async\" width=\"1020\" height=\"586\" src=\"https:\/\/herbow.eu\/wp-content\/uploads\/2025\/07\/soap-nut-on-white-background-2024-10-31-21-18-04-utc-1392x800.jpg\" class=\"attachment-large size-large\" alt=\"\" srcset=\"https:\/\/herbow.eu\/wp-content\/uploads\/2025\/07\/soap-nut-on-white-background-2024-10-31-21-18-04-utc-1392x800.jpg 1392w, https:\/\/herbow.eu\/wp-content\/uploads\/2025\/07\/soap-nut-on-white-background-2024-10-31-21-18-04-utc-696x400.jpg 696w, https:\/\/herbow.eu\/wp-content\/uploads\/2025\/07\/soap-nut-on-white-background-2024-10-31-21-18-04-utc-768x441.jpg 768w, https:\/\/herbow.eu\/wp-content\/uploads\/2025\/07\/soap-nut-on-white-background-2024-10-31-21-18-04-utc-1536x883.jpg 1536w, https:\/\/herbow.eu\/wp-content\/uploads\/2025\/07\/soap-nut-on-white-background-2024-10-31-21-18-04-utc-2048x1177.jpg 2048w, https:\/\/herbow.eu\/wp-content\/uploads\/2025\/07\/soap-nut-on-white-background-2024-10-31-21-18-04-utc-500x287.jpg 500w\" sizes=\"auto, (max-width: 1020px) 100vw, 1020px\" data-attachment-id=\"752\" data-permalink=\"https:\/\/herbow.eu\/sk\/a-herbow-rol\/soap-nut-on-white-background\/#main\" data-orig-file=\"https:\/\/herbow.eu\/wp-content\/uploads\/2025\/07\/soap-nut-on-white-background-2024-10-31-21-18-04-utc.jpg\" data-orig-size=\"2500,1437\" data-comments-opened=\"1\" data-image-meta=\"{&quot;aperture&quot;:&quot;16&quot;,&quot;credit&quot;:&quot;&quot;,&quot;camera&quot;:&quot;NIKON D800E&quot;,&quot;caption&quot;:&quot;Soap nut on white background&quot;,&quot;created_timestamp&quot;:&quot;1478123934&quot;,&quot;copyright&quot;:&quot;&quot;,&quot;focal_length&quot;:&quot;70&quot;,&quot;iso&quot;:&quot;100&quot;,&quot;shutter_speed&quot;:&quot;0.00625&quot;,&quot;title&quot;:&quot;Soap nut on white background&quot;,&quot;orientation&quot;:&quot;1&quot;}\" data-image-title=\"Soap nut on white background\" data-image-description=\"\" data-image-caption=\"&lt;p&gt;Soap nut on white background&lt;\/p&gt;\" data-large-file=\"https:\/\/herbow.eu\/wp-content\/uploads\/2025\/07\/soap-nut-on-white-background-2024-10-31-21-18-04-utc-1392x800.jpg\" \/>\t\t\t\t\t\t\n\t\t\t\t\t<\/div>\n\t\t<\/div>\t\t\t\t\t\t\n<style>\n#image_1720816329 {\n  width: 100%;\n}\n<\/style>\n\t<\/div>\n\t\n\n\n\t\t<\/div>\n\t\t\t\t\n<style>\n#col-732778878 > .col-inner {\n  margin: -250px 0px 0px 0px;\n}\n<\/style>\n\t<\/div>\n\n\t\n\n<\/div>\n\n\t\t<\/div>\n\n\t\t\n<style>\n#section_247742184 {\n  padding-top: 30px;\n  padding-bottom: 30px;\n}\n<\/style>\n\t<\/section>\n\t\n\n\t<section class=\"section\" id=\"section_633168316\">\n\t\t<div class=\"section-bg fill\" >\n\t\t\t\t\t\t\t\t\t\n\t\t\t\n\t<div class=\"is-border\"\n\t\tstyle=\"border-color:rgb(73, 193, 147);border-width:10px 0px 0px 0px;\">\n\t<\/div>\n\n\t\t<\/div>\n\n\t\t\n\n\t\t<div class=\"section-content relative\">\n\t\t\t\n\n<p><strong>Prirodzen\u00fd<\/strong> \u2013 a mos\u00f3di\u00f3 100%-osan term\u00e9szetes, nem tartalmaz semmif\u00e9le mesters\u00e9ges vegyi anyagot ami a szervezetre vagy a k\u00f6rnyezetre k\u00e1ros hat\u00e1st gyakorolna.<\/p>\n<p><strong>Ekologick\u00fd<\/strong> \u2013 \u013eahko sa rozklad\u00e1, neza\u0165a\u017euje \u017eivotn\u00e9 prostredie. Zauj\u00edmavos\u0165ou je, \u017ee rastie na strome, ktor\u00fd sa nikdy neo\u0161etruje postrekmi, preto\u017ee v\u010faka svojmu prirodzen\u00e9mu obsahu sapon\u00ednov odpudzuje \u0161kodcov. M\u00e1 vlastnos\u0165 ochrany p\u00f4dy a produkuje ve\u013ea kysl\u00edka, \u010d\u00edm prispieva k optim\u00e1lnemu ekosyst\u00e9mu na\u0161ej Zeme<\/p>\n<p><strong>Antibakteri\u00e1lne<\/strong> \u2013 dezinfek\u010dn\u00fd \u00fa\u010dinok<\/p>\n<p><strong>Hipoalerg\u00e9nne<\/strong> \u2013 nedr\u00e1\u017edi poko\u017eku. Ide\u00e1lny pre citliv\u00fa a ekzematick\u00fa poko\u017eku a pre \u013eud\u00ed trpiacich in\u00fdmi ko\u017en\u00fdmi ochoreniami (napr. psori\u00e1za, neurodermit\u00edda). Bezpe\u010dne sa odpor\u00fa\u010da na pranie detsk\u00e9ho oble\u010denia<\/p>\n<p><strong>\u0160etr\u00ed text\u00edliu<\/strong> \u2013 okrem vynikaj\u00facej \u00fa\u010dinnosti prania je jemn\u00fd, preto\u017ee nepo\u0161kodzuje \u0161trukt\u00faru text\u00edli\u00ed. Jeho pou\u017eit\u00edm si oble\u010denie dlh\u0161ie udr\u017e\u00ed svoj tvar a farbu.<\/p>\n<p><strong>Ekonomick\u00fd<\/strong> \u2013 \u0161krupina mydlov\u00fdch orechov je opakovane pou\u017eite\u013en\u00e1, napr\u00edklad 1 gu\u013e\u00f4\u010dka mydlov\u00fdch orechov vysta\u010d\u00ed na 5 pran\u00ed<\/p>\n<p><strong>Recyklovate\u013en\u00e9<\/strong> \u2013 Pou\u017eit\u00e9 \u0161krupiny orechov s\u00fa kompostovate\u013en\u00e9, rovnako ako pou\u017eit\u00e9 sie\u0165ky na b\u00e1ze celul\u00f3zy s\u00fa biologicky rozlo\u017eite\u013en\u00e9.<\/p>\n\n\t\t<\/div>\n\n\t\t\n<style>\n#section_633168316 {\n  padding-top: 30px;\n  padding-bottom: 30px;\n  background-color: rgba(156, 128, 89, 0.215);\n}\n<\/style>\n\t<\/section>","protected":false},"excerpt":{"rendered":"","protected":false},"author":268520272,"featured_media":0,"parent":0,"menu_order":0,"comment_status":"closed","ping_status":"closed","template":"","meta":{"footnotes":""},"class_list":["post-762","page","type-page","status-publish","hentry"],"yoast_head":"<!-- This site is optimized with the Yoast SEO plugin v27.5 - https:\/\/yoast.com\/product\/yoast-seo-wordpress\/ -->\n<title>Mos\u00f3di\u00f3s labda - Herbow | International<\/title>\n<meta name=\"description\" content=\"Innovat\u00edv mos\u00f3di\u00f3s labda term\u00e9szetes tisztas\u00e1ggal, vegyszerek n\u00e9lk\u00fcl. K\u00edm\u00e9letes, k\u00f6rnyezetbar\u00e1t megold\u00e1s az eg\u00e9sz csal\u00e1dnak.\" \/>\n<meta name=\"robots\" content=\"index, follow, max-snippet:-1, max-image-preview:large, max-video-preview:-1\" \/>\n<link rel=\"canonical\" href=\"https:\/\/herbow.eu\/sk\/mosodio-labda\/\" \/>\n<meta property=\"og:locale\" content=\"sk_SK\" \/>\n<meta property=\"og:type\" content=\"article\" \/>\n<meta property=\"og:title\" content=\"Mos\u00f3di\u00f3s labda - Herbow | International\" \/>\n<meta property=\"og:description\" content=\"Innovat\u00edv mos\u00f3di\u00f3s labda term\u00e9szetes tisztas\u00e1ggal, vegyszerek n\u00e9lk\u00fcl. K\u00edm\u00e9letes, k\u00f6rnyezetbar\u00e1t megold\u00e1s az eg\u00e9sz csal\u00e1dnak.\" \/>\n<meta property=\"og:url\" content=\"https:\/\/herbow.eu\/sk\/mosodio-labda\/\" \/>\n<meta property=\"og:site_name\" content=\"Herbow | International\" \/>\n<meta property=\"article:publisher\" content=\"https:\/\/www.facebook.com\/herbowmosodioslabda\/\" \/>\n<meta property=\"article:modified_time\" content=\"2025-07-20T10:16:59+00:00\" \/>\n<meta name=\"twitter:card\" content=\"summary_large_image\" \/>\n<script type=\"application\/ld+json\" class=\"yoast-schema-graph\">{\"@context\":\"https:\\\/\\\/schema.org\",\"@graph\":[{\"@type\":\"WebPage\",\"@id\":\"https:\\\/\\\/herbow.eu\\\/mosodios-labda\\\/\",\"url\":\"https:\\\/\\\/herbow.eu\\\/mosodios-labda\\\/\",\"name\":\"Mos\u00f3di\u00f3s labda - Herbow | International\",\"isPartOf\":{\"@id\":\"https:\\\/\\\/herbow.eu\\\/#website\"},\"datePublished\":\"2025-07-20T09:47:54+00:00\",\"dateModified\":\"2025-07-20T10:16:59+00:00\",\"description\":\"Innovat\u00edv mos\u00f3di\u00f3s labda term\u00e9szetes tisztas\u00e1ggal, vegyszerek n\u00e9lk\u00fcl. K\u00edm\u00e9letes, k\u00f6rnyezetbar\u00e1t megold\u00e1s az eg\u00e9sz csal\u00e1dnak.\",\"breadcrumb\":{\"@id\":\"https:\\\/\\\/herbow.eu\\\/mosodios-labda\\\/#breadcrumb\"},\"inLanguage\":\"sk-SK\",\"potentialAction\":[{\"@type\":\"ReadAction\",\"target\":[\"https:\\\/\\\/herbow.eu\\\/mosodios-labda\\\/\"]}]},{\"@type\":\"BreadcrumbList\",\"@id\":\"https:\\\/\\\/herbow.eu\\\/mosodios-labda\\\/#breadcrumb\",\"itemListElement\":[{\"@type\":\"ListItem\",\"position\":1,\"name\":\"Kezd\u0151lap\",\"item\":\"https:\\\/\\\/herbow.eu\\\/\"},{\"@type\":\"ListItem\",\"position\":2,\"name\":\"Mos\u00f3di\u00f3s labda\"}]},{\"@type\":\"WebSite\",\"@id\":\"https:\\\/\\\/herbow.eu\\\/#website\",\"url\":\"https:\\\/\\\/herbow.eu\\\/\",\"name\":\"Herbow | Herbal Organic World\",\"description\":\"Herbal Organic World\",\"publisher\":{\"@id\":\"https:\\\/\\\/herbow.eu\\\/#organization\"},\"potentialAction\":[{\"@type\":\"SearchAction\",\"target\":{\"@type\":\"EntryPoint\",\"urlTemplate\":\"https:\\\/\\\/herbow.eu\\\/?s={search_term_string}\"},\"query-input\":{\"@type\":\"PropertyValueSpecification\",\"valueRequired\":true,\"valueName\":\"search_term_string\"}}],\"inLanguage\":\"sk-SK\"},{\"@type\":\"Organization\",\"@id\":\"https:\\\/\\\/herbow.eu\\\/#organization\",\"name\":\"Herbow International Zrt.\",\"url\":\"https:\\\/\\\/herbow.eu\\\/\",\"logo\":{\"@type\":\"ImageObject\",\"inLanguage\":\"sk-SK\",\"@id\":\"https:\\\/\\\/herbow.eu\\\/#\\\/schema\\\/logo\\\/image\\\/\",\"url\":\"https:\\\/\\\/herbow.eu\\\/wp-content\\\/uploads\\\/2025\\\/07\\\/herbow_logo_hun_2021-01_w-slogan_no-background.png\",\"contentUrl\":\"https:\\\/\\\/herbow.eu\\\/wp-content\\\/uploads\\\/2025\\\/07\\\/herbow_logo_hun_2021-01_w-slogan_no-background.png\",\"width\":2366,\"height\":1732,\"caption\":\"Herbow International Zrt.\"},\"image\":{\"@id\":\"https:\\\/\\\/herbow.eu\\\/#\\\/schema\\\/logo\\\/image\\\/\"},\"sameAs\":[\"https:\\\/\\\/www.facebook.com\\\/herbowmosodioslabda\\\/\",\"https:\\\/\\\/www.instagram.com\\\/herbowmosodioslabda\\\/\"]}]}<\/script>\n<!-- \/ Yoast SEO plugin. -->","yoast_head_json":{"title":"Mydlov\u00e9 orechy - Herbow | International","description":"Inovat\u00edv gu\u013ea z mydlov\u00fdch orechov pre prirodzen\u00fa \u010distotu bez ch\u00e9mie. Jemn\u00e9, ekologick\u00e9 rie\u0161enie pre cel\u00fa rodinu.","robots":{"index":"index","follow":"follow","max-snippet":"max-snippet:-1","max-image-preview":"max-image-preview:large","max-video-preview":"max-video-preview:-1"},"canonical":"https:\/\/herbow.eu\/sk\/mosodio-labda\/","og_locale":"sk_SK","og_type":"article","og_title":"Mos\u00f3di\u00f3s labda - Herbow | International","og_description":"Innovat\u00edv mos\u00f3di\u00f3s labda term\u00e9szetes tisztas\u00e1ggal, vegyszerek n\u00e9lk\u00fcl. K\u00edm\u00e9letes, k\u00f6rnyezetbar\u00e1t megold\u00e1s az eg\u00e9sz csal\u00e1dnak.","og_url":"https:\/\/herbow.eu\/sk\/mosodio-labda\/","og_site_name":"Herbow | International","article_publisher":"https:\/\/www.facebook.com\/herbowmosodioslabda\/","article_modified_time":"2025-07-20T10:16:59+00:00","twitter_card":"summary_large_image","schema":{"@context":"https:\/\/schema.org","@graph":[{"@type":"WebPage","@id":"https:\/\/herbow.eu\/mosodios-labda\/","url":"https:\/\/herbow.eu\/mosodios-labda\/","name":"Mydlov\u00e9 orechy - Herbow | International","isPartOf":{"@id":"https:\/\/herbow.eu\/#website"},"datePublished":"2025-07-20T09:47:54+00:00","dateModified":"2025-07-20T10:16:59+00:00","description":"Inovat\u00edv gu\u013ea z mydlov\u00fdch orechov pre prirodzen\u00fa \u010distotu bez ch\u00e9mie. Jemn\u00e9, ekologick\u00e9 rie\u0161enie pre cel\u00fa rodinu.","breadcrumb":{"@id":"https:\/\/herbow.eu\/mosodios-labda\/#breadcrumb"},"inLanguage":"sk-SK","potentialAction":[{"@type":"ReadAction","target":["https:\/\/herbow.eu\/mosodios-labda\/"]}]},{"@type":"BreadcrumbList","@id":"https:\/\/herbow.eu\/mosodios-labda\/#breadcrumb","itemListElement":[{"@type":"ListItem","position":1,"name":"Kezd\u0151lap","item":"https:\/\/herbow.eu\/"},{"@type":"ListItem","position":2,"name":"Mos\u00f3di\u00f3s labda"}]},{"@type":"WebSite","@id":"https:\/\/herbow.eu\/#website","url":"https:\/\/herbow.eu\/","name":"Herbow | Herbal Organic World","description":"Bylinn\u00fd organick\u00fd svet","publisher":{"@id":"https:\/\/herbow.eu\/#organization"},"potentialAction":[{"@type":"SearchAction","target":{"@type":"EntryPoint","urlTemplate":"https:\/\/herbow.eu\/?s={search_term_string}"},"query-input":{"@type":"PropertyValueSpecification","valueRequired":true,"valueName":"search_term_string"}}],"inLanguage":"sk-SK"},{"@type":"Organization","@id":"https:\/\/herbow.eu\/#organization","name":"Herbow International Zrt.","url":"https:\/\/herbow.eu\/","logo":{"@type":"ImageObject","inLanguage":"sk-SK","@id":"https:\/\/herbow.eu\/#\/schema\/logo\/image\/","url":"https:\/\/herbow.eu\/wp-content\/uploads\/2025\/07\/herbow_logo_hun_2021-01_w-slogan_no-background.png","contentUrl":"https:\/\/herbow.eu\/wp-content\/uploads\/2025\/07\/herbow_logo_hun_2021-01_w-slogan_no-background.png","width":2366,"height":1732,"caption":"Herbow International Zrt."},"image":{"@id":"https:\/\/herbow.eu\/#\/schema\/logo\/image\/"},"sameAs":["https:\/\/www.facebook.com\/herbowmosodioslabda\/","https:\/\/www.instagram.com\/herbowmosodioslabda\/"]}]}},"jetpack_likes_enabled":true,"jetpack_sharing_enabled":true,"jetpack_shortlink":"https:\/\/wp.me\/Ph13on-ci","_links":{"self":[{"href":"https:\/\/herbow.eu\/sk\/wp-json\/wp\/v2\/pages\/762","targetHints":{"allow":["GET"]}}],"collection":[{"href":"https:\/\/herbow.eu\/sk\/wp-json\/wp\/v2\/pages"}],"about":[{"href":"https:\/\/herbow.eu\/sk\/wp-json\/wp\/v2\/types\/page"}],"author":[{"embeddable":true,"href":"https:\/\/herbow.eu\/sk\/wp-json\/wp\/v2\/users\/268520272"}],"replies":[{"embeddable":true,"href":"https:\/\/herbow.eu\/sk\/wp-json\/wp\/v2\/comments?post=762"}],"version-history":[{"count":14,"href":"https:\/\/herbow.eu\/sk\/wp-json\/wp\/v2\/pages\/762\/revisions"}],"predecessor-version":[{"id":780,"href":"https:\/\/herbow.eu\/sk\/wp-json\/wp\/v2\/pages\/762\/revisions\/780"}],"wp:attachment":[{"href":"https:\/\/herbow.eu\/sk\/wp-json\/wp\/v2\/media?parent=762"}],"curies":[{"name":"wp","href":"https:\/\/api.w.org\/{rel}","templated":true}]}}