{"id":1248,"date":"2025-11-21T14:44:28","date_gmt":"2025-11-21T13:44:28","guid":{"rendered":"https:\/\/herbow.eu\/?post_type=product&#038;p=1248"},"modified":"2026-03-17T10:58:47","modified_gmt":"2026-03-17T09:58:47","slug":"herbow-3in1-parfum-de-rufe-fly-happy-200-ml","status":"publish","type":"product","link":"https:\/\/herbow.eu\/ro\/product\/herbow-3in1-mosoparfum-legy-boldog-200-ml\/","title":{"rendered":"Herbow 3in1 Parfum de sp\u0103lare Be Happy!"},"content":{"rendered":"<p>Be Happy! aduce prospe\u021bimea natural\u0103 \u0219i lejeritatea fructat\u0103 a guayaba tropical\u0103 \u00een via\u021ba de zi cu zi. Dup\u0103 fiecare sp\u0103lare, acesta las\u0103 hainele cu un parfum luxuriant \u0219i vibrant, care aduce veselie \u0219i energie proasp\u0103t\u0103 \u00een via\u021ba de zi cu zi. Acest parfum evoc\u0103 momente de soare, distrac\u021bie \u0219i mi\u0219care, chiar \u0219i \u00een cele mai gri zile. Parfumurile de sp\u0103lare Herbow 3in1 sunt o nou\u0103 genera\u021bie de produse de \u00eengrijire a \u021bes\u0103turilor care combin\u0103 puterea naturii \u0219i tehnologia modern\u0103 \u00eentr-o singur\u0103 formul\u0103. Formula lor inovatoare HerbTech 3in1 combin\u0103 puterea unui parfum de sp\u0103lare, a unui odorizant pentru \u021bes\u0103turi \u0219i a unui balsam de rufe pentru a l\u0103sa hainele nu doar cu un parfum de lung\u0103 durat\u0103, ci \u0219i moi, u\u0219or de manevrat \u0219i pl\u0103cute la atingere. Ingredientele bl\u00e2nde, pe baz\u0103 de plante, hr\u0103nesc \u021bes\u0103turile, p\u0103str\u00e2ndu-le \u00een acela\u0219i timp absorb\u021bia natural\u0103. Dup\u0103 fiecare sp\u0103lare, hainele r\u0103m\u00e2n cu un parfum proasp\u0103t, natural \u0219i o moliciune de durat\u0103, f\u0103r\u0103 a d\u0103una pielii sau mediului.<\/p>\n<p>Parfumul de sp\u0103lare Herbow 3in1 este o solu\u021bie simpl\u0103, con\u0219tient\u0103 \u0219i eficient\u0103 pentru cei care caut\u0103 cur\u0103\u021benia natural\u0103 f\u0103r\u0103 compromisuri. Parfumul tropical de guayaba de lung\u0103 durat\u0103 al Be Happy las\u0103 \u021bes\u0103turile proaspete \u0219i vibrante, readuc\u00e2nd un sentiment de exaltare \u0219i energie cu fiecare sp\u0103lare.<\/p>\n<p>Utiliza\u021bi 5 ml (o jum\u0103tate de capac) pentru fiecare sp\u0103lare, iar dac\u0103 dori\u021bi un parfum mai intens, m\u0103ri\u021bi doza cu c\u00e2\u021biva mililitri.<\/p>","protected":false},"excerpt":{"rendered":"<p>Noul <strong>Herbow 3in1 Parfum de sp\u0103lare Be Happy!<\/strong> tropical guayaba v\u0103 umple casa cu un parfum proasp\u0103t, vibrant. Formula inovatoare 3in1 de la HerbTech combin\u0103 parfumul de rufe, odorizantul de \u021bes\u0103turi \u0219i balsamul de rufe pentru a l\u0103sa hainele nu numai parfumate, ci \u0219i moi, u\u0219or de manevrat \u0219i proaspete pentru perioade lungi de timp, \u00een timp ce ingredientele sale pe baz\u0103 de plante sunt delicate cu \u021bes\u0103turile \u0219i pielea.<br \/>\nO pic\u0103tur\u0103 de fericire tropical\u0103 \u00een fiecare sp\u0103lare.<\/p>","protected":false},"featured_media":1144,"comment_status":"open","ping_status":"closed","template":"","meta":[],"product_brand":[1397],"product_cat":[1491],"product_tag":[1496,1493,1501,1409,1492,1495,1506,1504,1502,1507,1511,1510,1414,1499,1500,1505,1508,1509,1494,1497,1498,1503],"class_list":{"0":"post-1248","1":"product","2":"type-product","3":"status-publish","4":"has-post-thumbnail","6":"product_brand-herbow","7":"product_cat-3in1-mosoparfum-oblito-koncentratum","8":"product_tag-3in1-formula","9":"product_tag-3in1-mosoparfum","10":"product_tag-oko-oblito-alternativa","11":"product_tag-herbow","12":"product_tag-herbow-3in1","13":"product_tag-herbtech-3in1","14":"product_tag-hosszan-tarto-illat","15":"product_tag-illatos-ruhak","16":"product_tag-kornyezetbarat-mosas","17":"product_tag-koncentralt-mosoparfum","18":"product_tag-mosodio-melle-kiegeszito","19":"product_tag-mosogel-melle-kiegeszito","20":"product_tag-mosoparfum","21":"product_tag-novenyi-alapu-textilapolo","22":"product_tag-novenyi-eredetu-osszetevok","23":"product_tag-puha-ruhak","24":"product_tag-ruhaillatosito","25":"product_tag-szines-es-feher-ruhakhoz","26":"product_tag-textiloblito-koncentratum","27":"product_tag-textilfrissito","28":"product_tag-textillagyito","29":"product_tag-tudatos-haztartas","31":"first","32":"instock","33":"taxable","34":"shipping-taxable","35":"product-type-variable"},"yoast_head":"<!-- This site is optimized with the Yoast SEO plugin v27.4 - https:\/\/yoast.com\/product\/yoast-seo-wordpress\/ -->\n<title>Herbow 3in1 Mos\u00f3parf\u00fcm L\u00e9gy Boldog! - Herbow | International<\/title>\n<meta name=\"description\" content=\"Az \u00faj Herbow 3in1 Mos\u00f3parf\u00fcm L\u00e9gy Boldog! a tr\u00f3pusi guayaba friss, \u00e9lettel teli illat\u00e1val t\u00f6lti meg otthonod. Innovat\u00edv HerbTech 3in1 formul\u00e1ja egyes\u00edti a mos\u00f3parf\u00fcm, textilfriss\u00edt\u0151 \u00e9s textill\u00e1gy\u00edt\u00f3 hat\u00e1s\u00e1t, hogy a ruha ne csak illatos, hanem l\u00e1gy, k\u00f6nnyen kezelhet\u0151 \u00e9s hosszan friss maradjon, mik\u00f6zben n\u00f6v\u00e9nyi alap\u00fa \u00f6sszetev\u0151i k\u00edm\u00e9letesek a text\u00edli\u00e1khoz \u00e9s a b\u0151rh\u00f6z.Egy csepp tr\u00f3pusi boldogs\u00e1g minden mos\u00e1sban.\" \/>\n<meta name=\"robots\" content=\"index, follow, max-snippet:-1, max-image-preview:large, max-video-preview:-1\" \/>\n<link rel=\"canonical\" href=\"https:\/\/herbow.eu\/ro\/product\/herbow-3in1-parfum-de-rufe-fly-happy-200-ml\/\" \/>\n<meta property=\"og:locale\" content=\"ro_RO\" \/>\n<meta property=\"og:type\" content=\"article\" \/>\n<meta property=\"og:title\" content=\"Herbow 3in1 Mos\u00f3parf\u00fcm L\u00e9gy Boldog! - Herbow | International\" \/>\n<meta property=\"og:description\" content=\"Az \u00faj Herbow 3in1 Mos\u00f3parf\u00fcm L\u00e9gy Boldog! a tr\u00f3pusi guayaba friss, \u00e9lettel teli illat\u00e1val t\u00f6lti meg otthonod. Innovat\u00edv HerbTech 3in1 formul\u00e1ja egyes\u00edti a mos\u00f3parf\u00fcm, textilfriss\u00edt\u0151 \u00e9s textill\u00e1gy\u00edt\u00f3 hat\u00e1s\u00e1t, hogy a ruha ne csak illatos, hanem l\u00e1gy, k\u00f6nnyen kezelhet\u0151 \u00e9s hosszan friss maradjon, mik\u00f6zben n\u00f6v\u00e9nyi alap\u00fa \u00f6sszetev\u0151i k\u00edm\u00e9letesek a text\u00edli\u00e1khoz \u00e9s a b\u0151rh\u00f6z.Egy csepp tr\u00f3pusi boldogs\u00e1g minden mos\u00e1sban.\" \/>\n<meta property=\"og:url\" content=\"https:\/\/herbow.eu\/ro\/product\/herbow-3in1-parfum-de-rufe-fly-happy-200-ml\/\" \/>\n<meta property=\"og:site_name\" content=\"Herbow | International\" \/>\n<meta property=\"article:publisher\" content=\"https:\/\/www.facebook.com\/herbowmosodioslabda\/\" \/>\n<meta property=\"article:modified_time\" content=\"2026-03-17T09:58:47+00:00\" \/>\n<meta property=\"og:image\" content=\"https:\/\/herbow.eu\/wp-content\/uploads\/2025\/11\/Woo_base_2000x2000_47432_3in1_Be_Happy_200ml-copy.png\" \/>\n\t<meta property=\"og:image:width\" content=\"2000\" \/>\n\t<meta property=\"og:image:height\" content=\"2000\" \/>\n\t<meta property=\"og:image:type\" content=\"image\/png\" \/>\n<meta name=\"twitter:card\" content=\"summary_large_image\" \/>\n<meta name=\"twitter:label1\" content=\"Timp estimat pentru citire\" \/>\n\t<meta name=\"twitter:data1\" content=\"2 minute\" \/>\n<script type=\"application\/ld+json\" class=\"yoast-schema-graph\">{\"@context\":\"https:\\\/\\\/schema.org\",\"@graph\":[{\"@type\":\"WebPage\",\"@id\":\"https:\\\/\\\/herbow.eu\\\/product\\\/herbow-3in1-mosoparfum-legy-boldog-200-ml\\\/\",\"url\":\"https:\\\/\\\/herbow.eu\\\/product\\\/herbow-3in1-mosoparfum-legy-boldog-200-ml\\\/\",\"name\":\"Herbow 3in1 Mos\u00f3parf\u00fcm L\u00e9gy Boldog! - Herbow | International\",\"isPartOf\":{\"@id\":\"https:\\\/\\\/herbow.eu\\\/#website\"},\"primaryImageOfPage\":{\"@id\":\"https:\\\/\\\/herbow.eu\\\/product\\\/herbow-3in1-mosoparfum-legy-boldog-200-ml\\\/#primaryimage\"},\"image\":{\"@id\":\"https:\\\/\\\/herbow.eu\\\/product\\\/herbow-3in1-mosoparfum-legy-boldog-200-ml\\\/#primaryimage\"},\"thumbnailUrl\":\"https:\\\/\\\/herbow.eu\\\/wp-content\\\/uploads\\\/2025\\\/11\\\/Woo_base_2000x2000_47432_3in1_Be_Happy_200ml-copy.png\",\"datePublished\":\"2025-11-21T13:44:28+00:00\",\"dateModified\":\"2026-03-17T09:58:47+00:00\",\"description\":\"Az \u00faj Herbow 3in1 Mos\u00f3parf\u00fcm L\u00e9gy Boldog! a tr\u00f3pusi guayaba friss, \u00e9lettel teli illat\u00e1val t\u00f6lti meg otthonod. Innovat\u00edv HerbTech 3in1 formul\u00e1ja egyes\u00edti a mos\u00f3parf\u00fcm, textilfriss\u00edt\u0151 \u00e9s textill\u00e1gy\u00edt\u00f3 hat\u00e1s\u00e1t, hogy a ruha ne csak illatos, hanem l\u00e1gy, k\u00f6nnyen kezelhet\u0151 \u00e9s hosszan friss maradjon, mik\u00f6zben n\u00f6v\u00e9nyi alap\u00fa \u00f6sszetev\u0151i k\u00edm\u00e9letesek a text\u00edli\u00e1khoz \u00e9s a b\u0151rh\u00f6z.Egy csepp tr\u00f3pusi boldogs\u00e1g minden mos\u00e1sban.\",\"breadcrumb\":{\"@id\":\"https:\\\/\\\/herbow.eu\\\/product\\\/herbow-3in1-mosoparfum-legy-boldog-200-ml\\\/#breadcrumb\"},\"inLanguage\":\"ro-RO\",\"potentialAction\":[{\"@type\":\"ReadAction\",\"target\":[\"https:\\\/\\\/herbow.eu\\\/product\\\/herbow-3in1-mosoparfum-legy-boldog-200-ml\\\/\"]}]},{\"@type\":\"ImageObject\",\"inLanguage\":\"ro-RO\",\"@id\":\"https:\\\/\\\/herbow.eu\\\/product\\\/herbow-3in1-mosoparfum-legy-boldog-200-ml\\\/#primaryimage\",\"url\":\"https:\\\/\\\/herbow.eu\\\/wp-content\\\/uploads\\\/2025\\\/11\\\/Woo_base_2000x2000_47432_3in1_Be_Happy_200ml-copy.png\",\"contentUrl\":\"https:\\\/\\\/herbow.eu\\\/wp-content\\\/uploads\\\/2025\\\/11\\\/Woo_base_2000x2000_47432_3in1_Be_Happy_200ml-copy.png\",\"width\":2000,\"height\":2000},{\"@type\":\"BreadcrumbList\",\"@id\":\"https:\\\/\\\/herbow.eu\\\/product\\\/herbow-3in1-mosoparfum-legy-boldog-200-ml\\\/#breadcrumb\",\"itemListElement\":[{\"@type\":\"ListItem\",\"position\":1,\"name\":\"Kezd\u0151lap\",\"item\":\"https:\\\/\\\/herbow.eu\\\/\"},{\"@type\":\"ListItem\",\"position\":2,\"name\":\"Shop\",\"item\":\"https:\\\/\\\/herbow.eu\\\/shop\\\/\"},{\"@type\":\"ListItem\",\"position\":3,\"name\":\"Herbow 3in1 Mos\u00f3parf\u00fcm L\u00e9gy Boldog!\"}]},{\"@type\":\"WebSite\",\"@id\":\"https:\\\/\\\/herbow.eu\\\/#website\",\"url\":\"https:\\\/\\\/herbow.eu\\\/\",\"name\":\"Herbow | Herbal Organic World\",\"description\":\"Herbal Organic World\",\"publisher\":{\"@id\":\"https:\\\/\\\/herbow.eu\\\/#organization\"},\"potentialAction\":[{\"@type\":\"SearchAction\",\"target\":{\"@type\":\"EntryPoint\",\"urlTemplate\":\"https:\\\/\\\/herbow.eu\\\/?s={search_term_string}\"},\"query-input\":{\"@type\":\"PropertyValueSpecification\",\"valueRequired\":true,\"valueName\":\"search_term_string\"}}],\"inLanguage\":\"ro-RO\"},{\"@type\":\"Organization\",\"@id\":\"https:\\\/\\\/herbow.eu\\\/#organization\",\"name\":\"Herbow International Zrt.\",\"url\":\"https:\\\/\\\/herbow.eu\\\/\",\"logo\":{\"@type\":\"ImageObject\",\"inLanguage\":\"ro-RO\",\"@id\":\"https:\\\/\\\/herbow.eu\\\/#\\\/schema\\\/logo\\\/image\\\/\",\"url\":\"https:\\\/\\\/herbow.eu\\\/wp-content\\\/uploads\\\/2025\\\/07\\\/herbow_logo_hun_2021-01_w-slogan_no-background.png\",\"contentUrl\":\"https:\\\/\\\/herbow.eu\\\/wp-content\\\/uploads\\\/2025\\\/07\\\/herbow_logo_hun_2021-01_w-slogan_no-background.png\",\"width\":2366,\"height\":1732,\"caption\":\"Herbow International Zrt.\"},\"image\":{\"@id\":\"https:\\\/\\\/herbow.eu\\\/#\\\/schema\\\/logo\\\/image\\\/\"},\"sameAs\":[\"https:\\\/\\\/www.facebook.com\\\/herbowmosodioslabda\\\/\",\"https:\\\/\\\/www.instagram.com\\\/herbowmosodioslabda\\\/\"]}]}<\/script>\n<!-- \/ Yoast SEO plugin. -->","yoast_head_json":{"title":"Parfum de sp\u0103lare Herbow 3in1 Be Happy! - Herbow | International","description":"Noul parfum de sp\u0103lare Herbow 3in1 Be Happy! v\u0103 va umple casa cu mirosul proasp\u0103t \u0219i vibrant de guayaba tropical\u0103. Formula inovatoare 3in1 de la HerbTech combin\u0103 parfumul de sp\u0103lare, odorizantul \u0219i balsamul de rufe pentru a l\u0103sa hainele nu doar parfumate, ci \u0219i moi, u\u0219or de manevrat \u0219i proaspete pentru mai mult timp, \u00een timp ce ingredientele sale pe baz\u0103 de plante sunt delicate cu \u021bes\u0103turile \u0219i pielea.","robots":{"index":"index","follow":"follow","max-snippet":"max-snippet:-1","max-image-preview":"max-image-preview:large","max-video-preview":"max-video-preview:-1"},"canonical":"https:\/\/herbow.eu\/ro\/product\/herbow-3in1-parfum-de-rufe-fly-happy-200-ml\/","og_locale":"ro_RO","og_type":"article","og_title":"Herbow 3in1 Mos\u00f3parf\u00fcm L\u00e9gy Boldog! - Herbow | International","og_description":"Az \u00faj Herbow 3in1 Mos\u00f3parf\u00fcm L\u00e9gy Boldog! a tr\u00f3pusi guayaba friss, \u00e9lettel teli illat\u00e1val t\u00f6lti meg otthonod. Innovat\u00edv HerbTech 3in1 formul\u00e1ja egyes\u00edti a mos\u00f3parf\u00fcm, textilfriss\u00edt\u0151 \u00e9s textill\u00e1gy\u00edt\u00f3 hat\u00e1s\u00e1t, hogy a ruha ne csak illatos, hanem l\u00e1gy, k\u00f6nnyen kezelhet\u0151 \u00e9s hosszan friss maradjon, mik\u00f6zben n\u00f6v\u00e9nyi alap\u00fa \u00f6sszetev\u0151i k\u00edm\u00e9letesek a text\u00edli\u00e1khoz \u00e9s a b\u0151rh\u00f6z.Egy csepp tr\u00f3pusi boldogs\u00e1g minden mos\u00e1sban.","og_url":"https:\/\/herbow.eu\/ro\/product\/herbow-3in1-parfum-de-rufe-fly-happy-200-ml\/","og_site_name":"Herbow | International","article_publisher":"https:\/\/www.facebook.com\/herbowmosodioslabda\/","article_modified_time":"2026-03-17T09:58:47+00:00","og_image":[{"width":2000,"height":2000,"url":"https:\/\/herbow.eu\/wp-content\/uploads\/2025\/11\/Woo_base_2000x2000_47432_3in1_Be_Happy_200ml-copy.png","type":"image\/png"}],"twitter_card":"summary_large_image","twitter_misc":{"Timp estimat pentru citire":"2 minute"},"schema":{"@context":"https:\/\/schema.org","@graph":[{"@type":"WebPage","@id":"https:\/\/herbow.eu\/product\/herbow-3in1-mosoparfum-legy-boldog-200-ml\/","url":"https:\/\/herbow.eu\/product\/herbow-3in1-mosoparfum-legy-boldog-200-ml\/","name":"Parfum de sp\u0103lare Herbow 3in1 Be Happy! - Herbow | International","isPartOf":{"@id":"https:\/\/herbow.eu\/#website"},"primaryImageOfPage":{"@id":"https:\/\/herbow.eu\/product\/herbow-3in1-mosoparfum-legy-boldog-200-ml\/#primaryimage"},"image":{"@id":"https:\/\/herbow.eu\/product\/herbow-3in1-mosoparfum-legy-boldog-200-ml\/#primaryimage"},"thumbnailUrl":"https:\/\/herbow.eu\/wp-content\/uploads\/2025\/11\/Woo_base_2000x2000_47432_3in1_Be_Happy_200ml-copy.png","datePublished":"2025-11-21T13:44:28+00:00","dateModified":"2026-03-17T09:58:47+00:00","description":"Noul parfum de sp\u0103lare Herbow 3in1 Be Happy! v\u0103 va umple casa cu mirosul proasp\u0103t \u0219i vibrant de guayaba tropical\u0103. Formula inovatoare 3in1 de la HerbTech combin\u0103 parfumul de sp\u0103lare, odorizantul \u0219i balsamul de rufe pentru a l\u0103sa hainele nu doar parfumate, ci \u0219i moi, u\u0219or de manevrat \u0219i proaspete pentru mai mult timp, \u00een timp ce ingredientele sale pe baz\u0103 de plante sunt delicate cu \u021bes\u0103turile \u0219i pielea.","breadcrumb":{"@id":"https:\/\/herbow.eu\/product\/herbow-3in1-mosoparfum-legy-boldog-200-ml\/#breadcrumb"},"inLanguage":"ro-RO","potentialAction":[{"@type":"ReadAction","target":["https:\/\/herbow.eu\/product\/herbow-3in1-mosoparfum-legy-boldog-200-ml\/"]}]},{"@type":"ImageObject","inLanguage":"ro-RO","@id":"https:\/\/herbow.eu\/product\/herbow-3in1-mosoparfum-legy-boldog-200-ml\/#primaryimage","url":"https:\/\/herbow.eu\/wp-content\/uploads\/2025\/11\/Woo_base_2000x2000_47432_3in1_Be_Happy_200ml-copy.png","contentUrl":"https:\/\/herbow.eu\/wp-content\/uploads\/2025\/11\/Woo_base_2000x2000_47432_3in1_Be_Happy_200ml-copy.png","width":2000,"height":2000},{"@type":"BreadcrumbList","@id":"https:\/\/herbow.eu\/product\/herbow-3in1-mosoparfum-legy-boldog-200-ml\/#breadcrumb","itemListElement":[{"@type":"ListItem","position":1,"name":"Kezd\u0151lap","item":"https:\/\/herbow.eu\/"},{"@type":"ListItem","position":2,"name":"Shop","item":"https:\/\/herbow.eu\/shop\/"},{"@type":"ListItem","position":3,"name":"Herbow 3in1 Mos\u00f3parf\u00fcm L\u00e9gy Boldog!"}]},{"@type":"WebSite","@id":"https:\/\/herbow.eu\/#website","url":"https:\/\/herbow.eu\/","name":"Herbow | Lumea organic\u0103 pe baz\u0103 de plante","description":"Lumea organic\u0103 pe baz\u0103 de plante","publisher":{"@id":"https:\/\/herbow.eu\/#organization"},"potentialAction":[{"@type":"SearchAction","target":{"@type":"EntryPoint","urlTemplate":"https:\/\/herbow.eu\/?s={search_term_string}"},"query-input":{"@type":"PropertyValueSpecification","valueRequired":true,"valueName":"search_term_string"}}],"inLanguage":"ro-RO"},{"@type":"Organization","@id":"https:\/\/herbow.eu\/#organization","name":"Herbow International Zrt.","url":"https:\/\/herbow.eu\/","logo":{"@type":"ImageObject","inLanguage":"ro-RO","@id":"https:\/\/herbow.eu\/#\/schema\/logo\/image\/","url":"https:\/\/herbow.eu\/wp-content\/uploads\/2025\/07\/herbow_logo_hun_2021-01_w-slogan_no-background.png","contentUrl":"https:\/\/herbow.eu\/wp-content\/uploads\/2025\/07\/herbow_logo_hun_2021-01_w-slogan_no-background.png","width":2366,"height":1732,"caption":"Herbow International Zrt."},"image":{"@id":"https:\/\/herbow.eu\/#\/schema\/logo\/image\/"},"sameAs":["https:\/\/www.facebook.com\/herbowmosodioslabda\/","https:\/\/www.instagram.com\/herbowmosodioslabda\/"]}]}},"jetpack_likes_enabled":true,"jetpack_sharing_enabled":true,"_links":{"self":[{"href":"https:\/\/herbow.eu\/ro\/wp-json\/wp\/v2\/product\/1248","targetHints":{"allow":["GET"]}}],"collection":[{"href":"https:\/\/herbow.eu\/ro\/wp-json\/wp\/v2\/product"}],"about":[{"href":"https:\/\/herbow.eu\/ro\/wp-json\/wp\/v2\/types\/product"}],"replies":[{"embeddable":true,"href":"https:\/\/herbow.eu\/ro\/wp-json\/wp\/v2\/comments?post=1248"}],"wp:featuredmedia":[{"embeddable":true,"href":"https:\/\/herbow.eu\/ro\/wp-json\/wp\/v2\/media\/1144"}],"wp:attachment":[{"href":"https:\/\/herbow.eu\/ro\/wp-json\/wp\/v2\/media?parent=1248"}],"wp:term":[{"taxonomy":"product_brand","embeddable":true,"href":"https:\/\/herbow.eu\/ro\/wp-json\/wp\/v2\/product_brand?post=1248"},{"taxonomy":"product_cat","embeddable":true,"href":"https:\/\/herbow.eu\/ro\/wp-json\/wp\/v2\/product_cat?post=1248"},{"taxonomy":"product_tag","embeddable":true,"href":"https:\/\/herbow.eu\/ro\/wp-json\/wp\/v2\/product_tag?post=1248"}],"curies":[{"name":"wp","href":"https:\/\/api.w.org\/{rel}","templated":true}]}}