{"id":1039,"date":"2025-08-18T11:05:59","date_gmt":"2025-08-18T09:05:59","guid":{"rendered":"https:\/\/herbow.eu\/product\/herbow-bambino-folyekony-mososzer-koncentratum-univerzalis-gyumolcsos-kert\/"},"modified":"2026-03-17T10:58:03","modified_gmt":"2026-03-17T09:58:03","slug":"herbow-bambino-river-flake-washer-concentrate-universal-tuber-garden-2","status":"publish","type":"product","link":"https:\/\/herbow.eu\/ro\/product\/herbow-bambino-folyekony-mososzer-koncentratum-univerzalis-gyumolcsos-kert\/","title":{"rendered":"Herbow Bambino Detergent lichid concentrat universal de gr\u0103din\u0103 cu fructe 1000ml"},"content":{"rendered":"<p>Detergentul lichid de rufe Herbow Bambino cu parfum concentrat Fruity Garden ofer\u0103 o armonie natural\u0103 de cur\u0103\u021benie \u0219i \u00eengrijire delicat\u0103 la fiecare sp\u0103lare. Acesta con\u021bine extract de nuci de sp\u0103lare extras delicat, care, datorit\u0103 con\u021binutului s\u0103u natural de saponine, \u00eendep\u0103rteaz\u0103 eficient murd\u0103ria, protej\u00e2nd \u00een acela\u0219i timp fibrele \u021bes\u0103turilor \u0219i pielea. Bio-enzimele ad\u0103ugate \u0219i tensidele derivate din plante ajut\u0103 la dizolvarea petelor \u00eenc\u0103p\u0103\u021b\u00e2nate, l\u0103s\u00e2nd hainele str\u0103lucitor de curate, moi \u0219i proaspete. Parfumul fructat de gr\u0103din\u0103 aduce hainelor o prospe\u021bime vesel\u0103, \u00eensorit\u0103, u\u0219oar\u0103 \u0219i natural\u0103, precum aerul curat \u0219i mirosul de fructe proaspete \u00eentr-o diminea\u021b\u0103 de var\u0103. O formul\u0103 prietenoas\u0103 cu pielea \u0219i f\u0103r\u0103 alergeni, care nu con\u021bine coloran\u021bi artificiali, \u00een\u0103lbitori optici, clor sau fosfa\u021bi. Recomandat\u0103 at\u00e2t pentru hainele colorate, c\u00e2t \u0219i pentru cele albe, este eficient\u0103 chiar \u0219i la temperaturi sc\u0103zute, economisind energie \u0219i protej\u00e2nd mediul.<\/p>\n<p>Dozatorul de 1000 ml este suficient pentru aproximativ 40 de sp\u0103l\u0103ri, ceea ce \u00eel face o alegere economic\u0103 \u0219i durabil\u0103 pentru sp\u0103larea zilnic\u0103.<\/p>\n<p>Pentru o consisten\u021b\u0103 perfect\u0103 a cl\u0103tirii, utiliza\u021bi Herbow Bambino 2in1 Wash Perfume Rinse Concentrate.<\/p>","protected":false},"excerpt":{"rendered":"<p>A <strong>Detergent lichid concentrat Herbow Bambino<\/strong> cur\u0103\u021b\u0103 delicat dar eficient hainele pentru bebelu\u0219i, copii \u0219i adul\u021bi cu piele sensibil\u0103. Datorit\u0103 extractelor sale naturale de nuci de sp\u0103lat \u0219i bio-enzime, ofer\u0103 o cur\u0103\u021benie str\u0103lucitoare \u0219i un parfum delicat de fructe, chiar \u0219i la temperaturi sc\u0103zute.<\/p>\n<p>Capacitate: 1000ml<\/p>","protected":false},"featured_media":900,"comment_status":"open","ping_status":"closed","template":"","meta":[],"product_brand":[1397],"product_cat":[1408],"product_tag":[1431,1527,1517,1531,1521,1529,1518,1522,1515,1516,1514,1513,1523,1524,1519,1532,1409,1512,1430,1520,1502,1530,1441,1525,1526,1445,1528],"class_list":{"0":"post-1039","1":"product","2":"type-product","3":"status-publish","4":"has-post-thumbnail","6":"product_brand-herbow","7":"product_cat-herbow-baby-bambino-termekcsalad","8":"product_tag-allergenmentes","9":"product_tag-allatkiserletmentes","10":"product_tag-erzekeny-borre","11":"product_tag-erzekeny-textiliakhoz","12":"product_tag-oko-haztartas","13":"product_tag-okocimkes-termek","14":"product_tag-ujszulott-borere","15":"product_tag-bababarat-tisztitas","16":"product_tag-babamosas","17":"product_tag-babaruhakhoz","18":"product_tag-babatermek","19":"product_tag-bambino","20":"product_tag-biztonsagos-osszetevok","21":"product_tag-borbarat-formula","22":"product_tag-dermatologiailag-tesztelt","23":"product_tag-feher-es-szines-ruhakhoz","24":"product_tag-herbow","25":"product_tag-herbow-bambino","26":"product_tag-hipoallergen","27":"product_tag-illatmentes-termek","28":"product_tag-kornyezetbarat-mosas","29":"product_tag-koncentratum","30":"product_tag-novenyi-alapu","31":"product_tag-parabenmentes","32":"product_tag-szinezekmentes","33":"product_tag-termeszetes-osszetevok","34":"product_tag-vegan","36":"first","37":"instock","38":"taxable","39":"shipping-taxable","40":"product-type-simple"},"yoast_head":"<!-- This site is optimized with the Yoast SEO plugin v27.4 - https:\/\/yoast.com\/product\/yoast-seo-wordpress\/ -->\n<title>Herbow Bambino Foly\u00e9kony mos\u00f3szer koncentr\u00e1tum univerz\u00e1lis gy\u00fcm\u00f6lcs\u00f6s kert 1000ml - Herbow | International<\/title>\n<meta name=\"robots\" content=\"index, follow, max-snippet:-1, max-image-preview:large, max-video-preview:-1\" \/>\n<link rel=\"canonical\" href=\"https:\/\/herbow.eu\/ro\/product\/herbow-bambino-river-flake-washer-concentrate-universal-tuber-garden-2\/\" \/>\n<meta property=\"og:locale\" content=\"ro_RO\" \/>\n<meta property=\"og:type\" content=\"article\" \/>\n<meta property=\"og:title\" content=\"Herbow Bambino Foly\u00e9kony mos\u00f3szer koncentr\u00e1tum univerz\u00e1lis gy\u00fcm\u00f6lcs\u00f6s kert 1000ml - Herbow | International\" \/>\n<meta property=\"og:description\" content=\"A Herbow Bambino foly\u00e9kony mos\u00f3szer koncentr\u00e1tum gyeng\u00e9den, m\u00e9gis hat\u00e9konyan tiszt\u00edtja a bab\u00e1k, gyermekek \u00e9s \u00e9rz\u00e9keny b\u0151r\u0171 feln\u0151ttek ruh\u00e1it. Term\u00e9szetes mos\u00f3di\u00f3 kivonat\u00e1nak \u00e9s bioenzimeinek k\u00f6sz\u00f6nhet\u0151en m\u00e1r alacsony h\u0151fokon is ragyog\u00f3 tisztas\u00e1got \u00e9s finoman gy\u00fcm\u00f6lcs\u00f6s illatot biztos\u00edt k\u00edm\u00e9letesen.  Kiszerel\u00e9s: 1000ml\" \/>\n<meta property=\"og:url\" content=\"https:\/\/herbow.eu\/ro\/product\/herbow-bambino-river-flake-washer-concentrate-universal-tuber-garden-2\/\" \/>\n<meta property=\"og:site_name\" content=\"Herbow | International\" \/>\n<meta property=\"article:publisher\" content=\"https:\/\/www.facebook.com\/herbowmosodioslabda\/\" \/>\n<meta property=\"article:modified_time\" content=\"2026-03-17T09:58:03+00:00\" \/>\n<meta property=\"og:image\" content=\"https:\/\/herbow.eu\/wp-content\/uploads\/2025\/08\/Herbow-bambino_parfum_2in1_1000ml_redesign_front_v2_245x156mm_malna.png\" \/>\n\t<meta property=\"og:image:width\" content=\"2000\" \/>\n\t<meta property=\"og:image:height\" content=\"2000\" \/>\n\t<meta property=\"og:image:type\" content=\"image\/png\" \/>\n<meta name=\"twitter:card\" content=\"summary_large_image\" \/>\n<meta name=\"twitter:label1\" content=\"Timp estimat pentru citire\" \/>\n\t<meta name=\"twitter:data1\" content=\"2 minute\" \/>\n<script type=\"application\/ld+json\" class=\"yoast-schema-graph\">{\"@context\":\"https:\\\/\\\/schema.org\",\"@graph\":[{\"@type\":\"WebPage\",\"@id\":\"https:\\\/\\\/herbow.eu\\\/product\\\/herbow-bambino-folyekony-mososzer-koncentratum-univerzalis-gyumolcsos-kert\\\/\",\"url\":\"https:\\\/\\\/herbow.eu\\\/product\\\/herbow-bambino-folyekony-mososzer-koncentratum-univerzalis-gyumolcsos-kert\\\/\",\"name\":\"Herbow Bambino Foly\u00e9kony mos\u00f3szer koncentr\u00e1tum univerz\u00e1lis gy\u00fcm\u00f6lcs\u00f6s kert 1000ml - Herbow | International\",\"isPartOf\":{\"@id\":\"https:\\\/\\\/herbow.eu\\\/#website\"},\"primaryImageOfPage\":{\"@id\":\"https:\\\/\\\/herbow.eu\\\/product\\\/herbow-bambino-folyekony-mososzer-koncentratum-univerzalis-gyumolcsos-kert\\\/#primaryimage\"},\"image\":{\"@id\":\"https:\\\/\\\/herbow.eu\\\/product\\\/herbow-bambino-folyekony-mososzer-koncentratum-univerzalis-gyumolcsos-kert\\\/#primaryimage\"},\"thumbnailUrl\":\"https:\\\/\\\/herbow.eu\\\/wp-content\\\/uploads\\\/2025\\\/08\\\/Herbow-bambino_parfum_2in1_1000ml_redesign_front_v2_245x156mm_malna.png\",\"datePublished\":\"2025-08-18T09:05:59+00:00\",\"dateModified\":\"2026-03-17T09:58:03+00:00\",\"breadcrumb\":{\"@id\":\"https:\\\/\\\/herbow.eu\\\/product\\\/herbow-bambino-folyekony-mososzer-koncentratum-univerzalis-gyumolcsos-kert\\\/#breadcrumb\"},\"inLanguage\":\"ro-RO\",\"potentialAction\":[{\"@type\":\"ReadAction\",\"target\":[\"https:\\\/\\\/herbow.eu\\\/product\\\/herbow-bambino-folyekony-mososzer-koncentratum-univerzalis-gyumolcsos-kert\\\/\"]}]},{\"@type\":\"ImageObject\",\"inLanguage\":\"ro-RO\",\"@id\":\"https:\\\/\\\/herbow.eu\\\/product\\\/herbow-bambino-folyekony-mososzer-koncentratum-univerzalis-gyumolcsos-kert\\\/#primaryimage\",\"url\":\"https:\\\/\\\/herbow.eu\\\/wp-content\\\/uploads\\\/2025\\\/08\\\/Herbow-bambino_parfum_2in1_1000ml_redesign_front_v2_245x156mm_malna.png\",\"contentUrl\":\"https:\\\/\\\/herbow.eu\\\/wp-content\\\/uploads\\\/2025\\\/08\\\/Herbow-bambino_parfum_2in1_1000ml_redesign_front_v2_245x156mm_malna.png\",\"width\":2000,\"height\":2000},{\"@type\":\"BreadcrumbList\",\"@id\":\"https:\\\/\\\/herbow.eu\\\/product\\\/herbow-bambino-folyekony-mososzer-koncentratum-univerzalis-gyumolcsos-kert\\\/#breadcrumb\",\"itemListElement\":[{\"@type\":\"ListItem\",\"position\":1,\"name\":\"Kezd\u0151lap\",\"item\":\"https:\\\/\\\/herbow.eu\\\/\"},{\"@type\":\"ListItem\",\"position\":2,\"name\":\"Shop\",\"item\":\"https:\\\/\\\/herbow.eu\\\/shop\\\/\"},{\"@type\":\"ListItem\",\"position\":3,\"name\":\"Herbow Bambino Foly\u00e9kony mos\u00f3szer koncentr\u00e1tum univerz\u00e1lis gy\u00fcm\u00f6lcs\u00f6s kert 1000ml\"}]},{\"@type\":\"WebSite\",\"@id\":\"https:\\\/\\\/herbow.eu\\\/#website\",\"url\":\"https:\\\/\\\/herbow.eu\\\/\",\"name\":\"Herbow | Herbal Organic World\",\"description\":\"Herbal Organic World\",\"publisher\":{\"@id\":\"https:\\\/\\\/herbow.eu\\\/#organization\"},\"potentialAction\":[{\"@type\":\"SearchAction\",\"target\":{\"@type\":\"EntryPoint\",\"urlTemplate\":\"https:\\\/\\\/herbow.eu\\\/?s={search_term_string}\"},\"query-input\":{\"@type\":\"PropertyValueSpecification\",\"valueRequired\":true,\"valueName\":\"search_term_string\"}}],\"inLanguage\":\"ro-RO\"},{\"@type\":\"Organization\",\"@id\":\"https:\\\/\\\/herbow.eu\\\/#organization\",\"name\":\"Herbow International Zrt.\",\"url\":\"https:\\\/\\\/herbow.eu\\\/\",\"logo\":{\"@type\":\"ImageObject\",\"inLanguage\":\"ro-RO\",\"@id\":\"https:\\\/\\\/herbow.eu\\\/#\\\/schema\\\/logo\\\/image\\\/\",\"url\":\"https:\\\/\\\/herbow.eu\\\/wp-content\\\/uploads\\\/2025\\\/07\\\/herbow_logo_hun_2021-01_w-slogan_no-background.png\",\"contentUrl\":\"https:\\\/\\\/herbow.eu\\\/wp-content\\\/uploads\\\/2025\\\/07\\\/herbow_logo_hun_2021-01_w-slogan_no-background.png\",\"width\":2366,\"height\":1732,\"caption\":\"Herbow International Zrt.\"},\"image\":{\"@id\":\"https:\\\/\\\/herbow.eu\\\/#\\\/schema\\\/logo\\\/image\\\/\"},\"sameAs\":[\"https:\\\/\\\/www.facebook.com\\\/herbowmosodioslabda\\\/\",\"https:\\\/\\\/www.instagram.com\\\/herbowmosodioslabda\\\/\"]}]}<\/script>\n<!-- \/ Yoast SEO plugin. -->","yoast_head_json":{"title":"Herbow Bambino Detergent lichid concentrat Universal Fruity Garden 1000ml - Herbow | International","robots":{"index":"index","follow":"follow","max-snippet":"max-snippet:-1","max-image-preview":"max-image-preview:large","max-video-preview":"max-video-preview:-1"},"canonical":"https:\/\/herbow.eu\/ro\/product\/herbow-bambino-river-flake-washer-concentrate-universal-tuber-garden-2\/","og_locale":"ro_RO","og_type":"article","og_title":"Herbow Bambino Foly\u00e9kony mos\u00f3szer koncentr\u00e1tum univerz\u00e1lis gy\u00fcm\u00f6lcs\u00f6s kert 1000ml - Herbow | International","og_description":"A Herbow Bambino foly\u00e9kony mos\u00f3szer koncentr\u00e1tum gyeng\u00e9den, m\u00e9gis hat\u00e9konyan tiszt\u00edtja a bab\u00e1k, gyermekek \u00e9s \u00e9rz\u00e9keny b\u0151r\u0171 feln\u0151ttek ruh\u00e1it. Term\u00e9szetes mos\u00f3di\u00f3 kivonat\u00e1nak \u00e9s bioenzimeinek k\u00f6sz\u00f6nhet\u0151en m\u00e1r alacsony h\u0151fokon is ragyog\u00f3 tisztas\u00e1got \u00e9s finoman gy\u00fcm\u00f6lcs\u00f6s illatot biztos\u00edt k\u00edm\u00e9letesen.  Kiszerel\u00e9s: 1000ml","og_url":"https:\/\/herbow.eu\/ro\/product\/herbow-bambino-river-flake-washer-concentrate-universal-tuber-garden-2\/","og_site_name":"Herbow | International","article_publisher":"https:\/\/www.facebook.com\/herbowmosodioslabda\/","article_modified_time":"2026-03-17T09:58:03+00:00","og_image":[{"width":2000,"height":2000,"url":"https:\/\/herbow.eu\/wp-content\/uploads\/2025\/08\/Herbow-bambino_parfum_2in1_1000ml_redesign_front_v2_245x156mm_malna.png","type":"image\/png"}],"twitter_card":"summary_large_image","twitter_misc":{"Timp estimat pentru citire":"2 minute"},"schema":{"@context":"https:\/\/schema.org","@graph":[{"@type":"WebPage","@id":"https:\/\/herbow.eu\/product\/herbow-bambino-folyekony-mososzer-koncentratum-univerzalis-gyumolcsos-kert\/","url":"https:\/\/herbow.eu\/product\/herbow-bambino-folyekony-mososzer-koncentratum-univerzalis-gyumolcsos-kert\/","name":"Herbow Bambino Detergent lichid concentrat Universal Fruity Garden 1000ml - Herbow | International","isPartOf":{"@id":"https:\/\/herbow.eu\/#website"},"primaryImageOfPage":{"@id":"https:\/\/herbow.eu\/product\/herbow-bambino-folyekony-mososzer-koncentratum-univerzalis-gyumolcsos-kert\/#primaryimage"},"image":{"@id":"https:\/\/herbow.eu\/product\/herbow-bambino-folyekony-mososzer-koncentratum-univerzalis-gyumolcsos-kert\/#primaryimage"},"thumbnailUrl":"https:\/\/herbow.eu\/wp-content\/uploads\/2025\/08\/Herbow-bambino_parfum_2in1_1000ml_redesign_front_v2_245x156mm_malna.png","datePublished":"2025-08-18T09:05:59+00:00","dateModified":"2026-03-17T09:58:03+00:00","breadcrumb":{"@id":"https:\/\/herbow.eu\/product\/herbow-bambino-folyekony-mososzer-koncentratum-univerzalis-gyumolcsos-kert\/#breadcrumb"},"inLanguage":"ro-RO","potentialAction":[{"@type":"ReadAction","target":["https:\/\/herbow.eu\/product\/herbow-bambino-folyekony-mososzer-koncentratum-univerzalis-gyumolcsos-kert\/"]}]},{"@type":"ImageObject","inLanguage":"ro-RO","@id":"https:\/\/herbow.eu\/product\/herbow-bambino-folyekony-mososzer-koncentratum-univerzalis-gyumolcsos-kert\/#primaryimage","url":"https:\/\/herbow.eu\/wp-content\/uploads\/2025\/08\/Herbow-bambino_parfum_2in1_1000ml_redesign_front_v2_245x156mm_malna.png","contentUrl":"https:\/\/herbow.eu\/wp-content\/uploads\/2025\/08\/Herbow-bambino_parfum_2in1_1000ml_redesign_front_v2_245x156mm_malna.png","width":2000,"height":2000},{"@type":"BreadcrumbList","@id":"https:\/\/herbow.eu\/product\/herbow-bambino-folyekony-mososzer-koncentratum-univerzalis-gyumolcsos-kert\/#breadcrumb","itemListElement":[{"@type":"ListItem","position":1,"name":"Kezd\u0151lap","item":"https:\/\/herbow.eu\/"},{"@type":"ListItem","position":2,"name":"Shop","item":"https:\/\/herbow.eu\/shop\/"},{"@type":"ListItem","position":3,"name":"Herbow Bambino Foly\u00e9kony mos\u00f3szer koncentr\u00e1tum univerz\u00e1lis gy\u00fcm\u00f6lcs\u00f6s kert 1000ml"}]},{"@type":"WebSite","@id":"https:\/\/herbow.eu\/#website","url":"https:\/\/herbow.eu\/","name":"Herbow | Lumea organic\u0103 pe baz\u0103 de plante","description":"Lumea organic\u0103 pe baz\u0103 de plante","publisher":{"@id":"https:\/\/herbow.eu\/#organization"},"potentialAction":[{"@type":"SearchAction","target":{"@type":"EntryPoint","urlTemplate":"https:\/\/herbow.eu\/?s={search_term_string}"},"query-input":{"@type":"PropertyValueSpecification","valueRequired":true,"valueName":"search_term_string"}}],"inLanguage":"ro-RO"},{"@type":"Organization","@id":"https:\/\/herbow.eu\/#organization","name":"Herbow International Zrt.","url":"https:\/\/herbow.eu\/","logo":{"@type":"ImageObject","inLanguage":"ro-RO","@id":"https:\/\/herbow.eu\/#\/schema\/logo\/image\/","url":"https:\/\/herbow.eu\/wp-content\/uploads\/2025\/07\/herbow_logo_hun_2021-01_w-slogan_no-background.png","contentUrl":"https:\/\/herbow.eu\/wp-content\/uploads\/2025\/07\/herbow_logo_hun_2021-01_w-slogan_no-background.png","width":2366,"height":1732,"caption":"Herbow International Zrt."},"image":{"@id":"https:\/\/herbow.eu\/#\/schema\/logo\/image\/"},"sameAs":["https:\/\/www.facebook.com\/herbowmosodioslabda\/","https:\/\/www.instagram.com\/herbowmosodioslabda\/"]}]}},"jetpack_likes_enabled":true,"jetpack_sharing_enabled":true,"_links":{"self":[{"href":"https:\/\/herbow.eu\/ro\/wp-json\/wp\/v2\/product\/1039","targetHints":{"allow":["GET"]}}],"collection":[{"href":"https:\/\/herbow.eu\/ro\/wp-json\/wp\/v2\/product"}],"about":[{"href":"https:\/\/herbow.eu\/ro\/wp-json\/wp\/v2\/types\/product"}],"replies":[{"embeddable":true,"href":"https:\/\/herbow.eu\/ro\/wp-json\/wp\/v2\/comments?post=1039"}],"wp:featuredmedia":[{"embeddable":true,"href":"https:\/\/herbow.eu\/ro\/wp-json\/wp\/v2\/media\/900"}],"wp:attachment":[{"href":"https:\/\/herbow.eu\/ro\/wp-json\/wp\/v2\/media?parent=1039"}],"wp:term":[{"taxonomy":"product_brand","embeddable":true,"href":"https:\/\/herbow.eu\/ro\/wp-json\/wp\/v2\/product_brand?post=1039"},{"taxonomy":"product_cat","embeddable":true,"href":"https:\/\/herbow.eu\/ro\/wp-json\/wp\/v2\/product_cat?post=1039"},{"taxonomy":"product_tag","embeddable":true,"href":"https:\/\/herbow.eu\/ro\/wp-json\/wp\/v2\/product_tag?post=1039"}],"curies":[{"name":"wp","href":"https:\/\/api.w.org\/{rel}","templated":true}]}}