{"id":1038,"date":"2025-08-18T11:05:59","date_gmt":"2025-08-18T09:05:59","guid":{"rendered":"https:\/\/herbow.eu\/product\/herbow-bambino-folttisztito-szines-ruhakhoz\/"},"modified":"2026-03-17T10:58:02","modified_gmt":"2026-03-17T09:58:02","slug":"herbow-bambino-pentru-costume-populare","status":"publish","type":"product","link":"https:\/\/herbow.eu\/ro\/product\/herbow-bambino-folttisztito-szines-ruhakhoz\/","title":{"rendered":"Herbow Bambino cur\u0103\u021b\u0103 petele pentru haine colorate 700g"},"content":{"rendered":"<p>Produsul de cur\u0103\u021bare a hainelor colorate Herbow Bambino este f\u0103r\u0103 parfum \u0219i alergeni, special formulat pentru cur\u0103\u021barea hainelor colorate pentru bebelu\u0219i, copii \u0219i adul\u021bi cu piele sensibil\u0103. Con\u021bine pulbere natural\u0103 de nuci de sp\u0103lat \u0219i ingrediente active botanice concentrate care dizolv\u0103 eficient petele, p\u0103str\u00e2nd \u00een acela\u0219i timp str\u0103lucirea culorilor \u0219i textura \u021bes\u0103turilor. Formula este delicat\u0103 cu pielea \u0219i cu mediul \u00eenconjur\u0103tor, \u00eendep\u0103rt\u00e2nd petele \u00eenc\u0103p\u0103\u021b\u00e2nate delicat, dar spectaculos. Formula sa f\u0103r\u0103 parfum, f\u0103r\u0103 clor, f\u0103r\u0103 fosfa\u021bi \u0219i f\u0103r\u0103 \u00een\u0103lbitor optic asigur\u0103 c\u0103 hainele r\u0103m\u00e2n curate \u0219i cu o prospe\u021bime natural\u0103 - f\u0103r\u0103 irita\u021bii ale pielii. Poate fi utilizat ca aditiv de sp\u0103lare sau \u00eenmuiere prealabil\u0103, \u00een toate tipurile de ma\u0219ini de sp\u0103lat \u0219i pentru sp\u0103larea manual\u0103. Deosebit de eficient pentru hainele pentru copii, \u0219or\u021buri \u0219i \u021bes\u0103turi colorate.<\/p>\n<p>Pentru rezultate optime, combina\u021bi cu detergen\u021bii lichizi concentra\u021bi Herbow Bambino.<\/p>","protected":false},"excerpt":{"rendered":"<p>A <strong>Herbow Bambino Folklore Cleaner<\/strong> pentru articole de \u00eembr\u0103c\u0103minte colorate, cu ulei washi natural \u0219i ingrediente active care ajut\u0103 la \u00eendep\u0103rtarea delicat\u0103 a petelor persistente, protej\u00e2nd \u00een acela\u0219i timp culorile \u0219i pielea sensibil\u0103.<br \/>\nO solu\u021bie f\u0103r\u0103 mirosuri \u0219i alergeni pentru haine curate \u0219i vibrante.<\/p>\n<p>Dimensiunea pachetului: 700g<\/p>","protected":false},"featured_media":898,"comment_status":"open","ping_status":"closed","template":"","meta":[],"product_brand":[1397],"product_cat":[1408],"product_tag":[1431,1527,1517,1531,1521,1529,1518,1522,1515,1516,1514,1513,1523,1524,1519,1532,1409,1512,1430,1520,1502,1530,1441,1525,1526,1445,1528],"class_list":{"0":"post-1038","1":"product","2":"type-product","3":"status-publish","4":"has-post-thumbnail","6":"product_brand-herbow","7":"product_cat-herbow-baby-bambino-termekcsalad","8":"product_tag-allergenmentes","9":"product_tag-allatkiserletmentes","10":"product_tag-erzekeny-borre","11":"product_tag-erzekeny-textiliakhoz","12":"product_tag-oko-haztartas","13":"product_tag-okocimkes-termek","14":"product_tag-ujszulott-borere","15":"product_tag-bababarat-tisztitas","16":"product_tag-babamosas","17":"product_tag-babaruhakhoz","18":"product_tag-babatermek","19":"product_tag-bambino","20":"product_tag-biztonsagos-osszetevok","21":"product_tag-borbarat-formula","22":"product_tag-dermatologiailag-tesztelt","23":"product_tag-feher-es-szines-ruhakhoz","24":"product_tag-herbow","25":"product_tag-herbow-bambino","26":"product_tag-hipoallergen","27":"product_tag-illatmentes-termek","28":"product_tag-kornyezetbarat-mosas","29":"product_tag-koncentratum","30":"product_tag-novenyi-alapu","31":"product_tag-parabenmentes","32":"product_tag-szinezekmentes","33":"product_tag-termeszetes-osszetevok","34":"product_tag-vegan","36":"first","37":"instock","38":"taxable","39":"shipping-taxable","40":"product-type-simple"},"yoast_head":"<!-- This site is optimized with the Yoast SEO plugin v27.4 - https:\/\/yoast.com\/product\/yoast-seo-wordpress\/ -->\n<title>Herbow Bambino folttiszt\u00edt\u00f3 szines ruh\u00e1khoz 700g - Herbow | International<\/title>\n<meta name=\"description\" content=\"A Herbow Bambino Folttiszt\u00edt\u00f3 sz\u00ednes ruh\u00e1khoz term\u00e9szetes mos\u00f3di\u00f3-\u0151rlem\u00e9nnyel \u00e9s akt\u00edv hat\u00f3anyagokkal seg\u00edt elt\u00e1vol\u00edtani a makacs foltokat, k\u00edm\u00e9letesen, a sz\u00ednek \u00e9s az \u00e9rz\u00e9keny b\u0151r v\u00e9delm\u00e9vel.Illat- \u00e9s allerg\u00e9nmentes megold\u00e1s a tiszta, \u00e9l\u00e9nk ruh\u00e1k\u00e9rt.\" \/>\n<meta name=\"robots\" content=\"index, follow, max-snippet:-1, max-image-preview:large, max-video-preview:-1\" \/>\n<link rel=\"canonical\" href=\"https:\/\/herbow.eu\/ro\/product\/herbow-bambino-pentru-costume-populare\/\" \/>\n<meta property=\"og:locale\" content=\"ro_RO\" \/>\n<meta property=\"og:type\" content=\"article\" \/>\n<meta property=\"og:title\" content=\"Herbow Bambino folttiszt\u00edt\u00f3 szines ruh\u00e1khoz 700g - Herbow | International\" \/>\n<meta property=\"og:description\" content=\"A Herbow Bambino Folttiszt\u00edt\u00f3 sz\u00ednes ruh\u00e1khoz term\u00e9szetes mos\u00f3di\u00f3-\u0151rlem\u00e9nnyel \u00e9s akt\u00edv hat\u00f3anyagokkal seg\u00edt elt\u00e1vol\u00edtani a makacs foltokat, k\u00edm\u00e9letesen, a sz\u00ednek \u00e9s az \u00e9rz\u00e9keny b\u0151r v\u00e9delm\u00e9vel.Illat- \u00e9s allerg\u00e9nmentes megold\u00e1s a tiszta, \u00e9l\u00e9nk ruh\u00e1k\u00e9rt.\" \/>\n<meta property=\"og:url\" content=\"https:\/\/herbow.eu\/ro\/product\/herbow-bambino-pentru-costume-populare\/\" \/>\n<meta property=\"og:site_name\" content=\"Herbow | International\" \/>\n<meta property=\"article:publisher\" content=\"https:\/\/www.facebook.com\/herbowmosodioslabda\/\" \/>\n<meta property=\"article:modified_time\" content=\"2026-03-17T09:58:02+00:00\" \/>\n<meta property=\"og:image\" content=\"https:\/\/herbow.eu\/wp-content\/uploads\/2025\/08\/Herbow-Bambino_folttisztito_nyomdai_290x100mm_v4_redesign_szines.png\" \/>\n\t<meta property=\"og:image:width\" content=\"2000\" \/>\n\t<meta property=\"og:image:height\" content=\"2000\" \/>\n\t<meta property=\"og:image:type\" content=\"image\/png\" \/>\n<meta name=\"twitter:card\" content=\"summary_large_image\" \/>\n<meta name=\"twitter:label1\" content=\"Timp estimat pentru citire\" \/>\n\t<meta name=\"twitter:data1\" content=\"1 minut\" \/>\n<script type=\"application\/ld+json\" class=\"yoast-schema-graph\">{\"@context\":\"https:\\\/\\\/schema.org\",\"@graph\":[{\"@type\":\"WebPage\",\"@id\":\"https:\\\/\\\/herbow.eu\\\/product\\\/herbow-bambino-folttisztito-szines-ruhakhoz\\\/\",\"url\":\"https:\\\/\\\/herbow.eu\\\/product\\\/herbow-bambino-folttisztito-szines-ruhakhoz\\\/\",\"name\":\"Herbow Bambino folttiszt\u00edt\u00f3 szines ruh\u00e1khoz 700g - Herbow | International\",\"isPartOf\":{\"@id\":\"https:\\\/\\\/herbow.eu\\\/#website\"},\"primaryImageOfPage\":{\"@id\":\"https:\\\/\\\/herbow.eu\\\/product\\\/herbow-bambino-folttisztito-szines-ruhakhoz\\\/#primaryimage\"},\"image\":{\"@id\":\"https:\\\/\\\/herbow.eu\\\/product\\\/herbow-bambino-folttisztito-szines-ruhakhoz\\\/#primaryimage\"},\"thumbnailUrl\":\"https:\\\/\\\/herbow.eu\\\/wp-content\\\/uploads\\\/2025\\\/08\\\/Herbow-Bambino_folttisztito_nyomdai_290x100mm_v4_redesign_szines.png\",\"datePublished\":\"2025-08-18T09:05:59+00:00\",\"dateModified\":\"2026-03-17T09:58:02+00:00\",\"description\":\"A Herbow Bambino Folttiszt\u00edt\u00f3 sz\u00ednes ruh\u00e1khoz term\u00e9szetes mos\u00f3di\u00f3-\u0151rlem\u00e9nnyel \u00e9s akt\u00edv hat\u00f3anyagokkal seg\u00edt elt\u00e1vol\u00edtani a makacs foltokat, k\u00edm\u00e9letesen, a sz\u00ednek \u00e9s az \u00e9rz\u00e9keny b\u0151r v\u00e9delm\u00e9vel.Illat- \u00e9s allerg\u00e9nmentes megold\u00e1s a tiszta, \u00e9l\u00e9nk ruh\u00e1k\u00e9rt.\",\"breadcrumb\":{\"@id\":\"https:\\\/\\\/herbow.eu\\\/product\\\/herbow-bambino-folttisztito-szines-ruhakhoz\\\/#breadcrumb\"},\"inLanguage\":\"ro-RO\",\"potentialAction\":[{\"@type\":\"ReadAction\",\"target\":[\"https:\\\/\\\/herbow.eu\\\/product\\\/herbow-bambino-folttisztito-szines-ruhakhoz\\\/\"]}]},{\"@type\":\"ImageObject\",\"inLanguage\":\"ro-RO\",\"@id\":\"https:\\\/\\\/herbow.eu\\\/product\\\/herbow-bambino-folttisztito-szines-ruhakhoz\\\/#primaryimage\",\"url\":\"https:\\\/\\\/herbow.eu\\\/wp-content\\\/uploads\\\/2025\\\/08\\\/Herbow-Bambino_folttisztito_nyomdai_290x100mm_v4_redesign_szines.png\",\"contentUrl\":\"https:\\\/\\\/herbow.eu\\\/wp-content\\\/uploads\\\/2025\\\/08\\\/Herbow-Bambino_folttisztito_nyomdai_290x100mm_v4_redesign_szines.png\",\"width\":2000,\"height\":2000},{\"@type\":\"BreadcrumbList\",\"@id\":\"https:\\\/\\\/herbow.eu\\\/product\\\/herbow-bambino-folttisztito-szines-ruhakhoz\\\/#breadcrumb\",\"itemListElement\":[{\"@type\":\"ListItem\",\"position\":1,\"name\":\"Kezd\u0151lap\",\"item\":\"https:\\\/\\\/herbow.eu\\\/\"},{\"@type\":\"ListItem\",\"position\":2,\"name\":\"Shop\",\"item\":\"https:\\\/\\\/herbow.eu\\\/shop\\\/\"},{\"@type\":\"ListItem\",\"position\":3,\"name\":\"Herbow Bambino folttiszt\u00edt\u00f3 szines ruh\u00e1khoz 700g\"}]},{\"@type\":\"WebSite\",\"@id\":\"https:\\\/\\\/herbow.eu\\\/#website\",\"url\":\"https:\\\/\\\/herbow.eu\\\/\",\"name\":\"Herbow | Herbal Organic World\",\"description\":\"Herbal Organic World\",\"publisher\":{\"@id\":\"https:\\\/\\\/herbow.eu\\\/#organization\"},\"potentialAction\":[{\"@type\":\"SearchAction\",\"target\":{\"@type\":\"EntryPoint\",\"urlTemplate\":\"https:\\\/\\\/herbow.eu\\\/?s={search_term_string}\"},\"query-input\":{\"@type\":\"PropertyValueSpecification\",\"valueRequired\":true,\"valueName\":\"search_term_string\"}}],\"inLanguage\":\"ro-RO\"},{\"@type\":\"Organization\",\"@id\":\"https:\\\/\\\/herbow.eu\\\/#organization\",\"name\":\"Herbow International Zrt.\",\"url\":\"https:\\\/\\\/herbow.eu\\\/\",\"logo\":{\"@type\":\"ImageObject\",\"inLanguage\":\"ro-RO\",\"@id\":\"https:\\\/\\\/herbow.eu\\\/#\\\/schema\\\/logo\\\/image\\\/\",\"url\":\"https:\\\/\\\/herbow.eu\\\/wp-content\\\/uploads\\\/2025\\\/07\\\/herbow_logo_hun_2021-01_w-slogan_no-background.png\",\"contentUrl\":\"https:\\\/\\\/herbow.eu\\\/wp-content\\\/uploads\\\/2025\\\/07\\\/herbow_logo_hun_2021-01_w-slogan_no-background.png\",\"width\":2366,\"height\":1732,\"caption\":\"Herbow International Zrt.\"},\"image\":{\"@id\":\"https:\\\/\\\/herbow.eu\\\/#\\\/schema\\\/logo\\\/image\\\/\"},\"sameAs\":[\"https:\\\/\\\/www.facebook.com\\\/herbowmosodioslabda\\\/\",\"https:\\\/\\\/www.instagram.com\\\/herbowmosodioslabda\\\/\"]}]}<\/script>\n<!-- \/ Yoast SEO plugin. -->","yoast_head_json":{"title":"Herbow Bambino cur\u0103\u021b\u0103 petele pentru haine colorate 700g - Herbow | International","description":"Produsul Herbow Bambino Colour Cleaner pentru haine colorate, cu ulei natural washi \u0219i ingrediente active, ajut\u0103 la \u00eendep\u0103rtarea delicat\u0103 a petelor persistente, protej\u00e2nd culorile \u0219i pielea sensibil\u0103.Solu\u021bie f\u0103r\u0103 parfum \u0219i alergeni pentru haine curate \u0219i vibrante.","robots":{"index":"index","follow":"follow","max-snippet":"max-snippet:-1","max-image-preview":"max-image-preview:large","max-video-preview":"max-video-preview:-1"},"canonical":"https:\/\/herbow.eu\/ro\/product\/herbow-bambino-pentru-costume-populare\/","og_locale":"ro_RO","og_type":"article","og_title":"Herbow Bambino folttiszt\u00edt\u00f3 szines ruh\u00e1khoz 700g - Herbow | International","og_description":"A Herbow Bambino Folttiszt\u00edt\u00f3 sz\u00ednes ruh\u00e1khoz term\u00e9szetes mos\u00f3di\u00f3-\u0151rlem\u00e9nnyel \u00e9s akt\u00edv hat\u00f3anyagokkal seg\u00edt elt\u00e1vol\u00edtani a makacs foltokat, k\u00edm\u00e9letesen, a sz\u00ednek \u00e9s az \u00e9rz\u00e9keny b\u0151r v\u00e9delm\u00e9vel.Illat- \u00e9s allerg\u00e9nmentes megold\u00e1s a tiszta, \u00e9l\u00e9nk ruh\u00e1k\u00e9rt.","og_url":"https:\/\/herbow.eu\/ro\/product\/herbow-bambino-pentru-costume-populare\/","og_site_name":"Herbow | International","article_publisher":"https:\/\/www.facebook.com\/herbowmosodioslabda\/","article_modified_time":"2026-03-17T09:58:02+00:00","og_image":[{"width":2000,"height":2000,"url":"https:\/\/herbow.eu\/wp-content\/uploads\/2025\/08\/Herbow-Bambino_folttisztito_nyomdai_290x100mm_v4_redesign_szines.png","type":"image\/png"}],"twitter_card":"summary_large_image","twitter_misc":{"Timp estimat pentru citire":"1 minut"},"schema":{"@context":"https:\/\/schema.org","@graph":[{"@type":"WebPage","@id":"https:\/\/herbow.eu\/product\/herbow-bambino-folttisztito-szines-ruhakhoz\/","url":"https:\/\/herbow.eu\/product\/herbow-bambino-folttisztito-szines-ruhakhoz\/","name":"Herbow Bambino cur\u0103\u021b\u0103 petele pentru haine colorate 700g - Herbow | International","isPartOf":{"@id":"https:\/\/herbow.eu\/#website"},"primaryImageOfPage":{"@id":"https:\/\/herbow.eu\/product\/herbow-bambino-folttisztito-szines-ruhakhoz\/#primaryimage"},"image":{"@id":"https:\/\/herbow.eu\/product\/herbow-bambino-folttisztito-szines-ruhakhoz\/#primaryimage"},"thumbnailUrl":"https:\/\/herbow.eu\/wp-content\/uploads\/2025\/08\/Herbow-Bambino_folttisztito_nyomdai_290x100mm_v4_redesign_szines.png","datePublished":"2025-08-18T09:05:59+00:00","dateModified":"2026-03-17T09:58:02+00:00","description":"Produsul Herbow Bambino Colour Cleaner pentru haine colorate, cu ulei natural washi \u0219i ingrediente active, ajut\u0103 la \u00eendep\u0103rtarea delicat\u0103 a petelor persistente, protej\u00e2nd culorile \u0219i pielea sensibil\u0103.Solu\u021bie f\u0103r\u0103 parfum \u0219i alergeni pentru haine curate \u0219i vibrante.","breadcrumb":{"@id":"https:\/\/herbow.eu\/product\/herbow-bambino-folttisztito-szines-ruhakhoz\/#breadcrumb"},"inLanguage":"ro-RO","potentialAction":[{"@type":"ReadAction","target":["https:\/\/herbow.eu\/product\/herbow-bambino-folttisztito-szines-ruhakhoz\/"]}]},{"@type":"ImageObject","inLanguage":"ro-RO","@id":"https:\/\/herbow.eu\/product\/herbow-bambino-folttisztito-szines-ruhakhoz\/#primaryimage","url":"https:\/\/herbow.eu\/wp-content\/uploads\/2025\/08\/Herbow-Bambino_folttisztito_nyomdai_290x100mm_v4_redesign_szines.png","contentUrl":"https:\/\/herbow.eu\/wp-content\/uploads\/2025\/08\/Herbow-Bambino_folttisztito_nyomdai_290x100mm_v4_redesign_szines.png","width":2000,"height":2000},{"@type":"BreadcrumbList","@id":"https:\/\/herbow.eu\/product\/herbow-bambino-folttisztito-szines-ruhakhoz\/#breadcrumb","itemListElement":[{"@type":"ListItem","position":1,"name":"Kezd\u0151lap","item":"https:\/\/herbow.eu\/"},{"@type":"ListItem","position":2,"name":"Shop","item":"https:\/\/herbow.eu\/shop\/"},{"@type":"ListItem","position":3,"name":"Herbow Bambino folttiszt\u00edt\u00f3 szines ruh\u00e1khoz 700g"}]},{"@type":"WebSite","@id":"https:\/\/herbow.eu\/#website","url":"https:\/\/herbow.eu\/","name":"Herbow | Lumea organic\u0103 pe baz\u0103 de plante","description":"Lumea organic\u0103 pe baz\u0103 de plante","publisher":{"@id":"https:\/\/herbow.eu\/#organization"},"potentialAction":[{"@type":"SearchAction","target":{"@type":"EntryPoint","urlTemplate":"https:\/\/herbow.eu\/?s={search_term_string}"},"query-input":{"@type":"PropertyValueSpecification","valueRequired":true,"valueName":"search_term_string"}}],"inLanguage":"ro-RO"},{"@type":"Organization","@id":"https:\/\/herbow.eu\/#organization","name":"Herbow International Zrt.","url":"https:\/\/herbow.eu\/","logo":{"@type":"ImageObject","inLanguage":"ro-RO","@id":"https:\/\/herbow.eu\/#\/schema\/logo\/image\/","url":"https:\/\/herbow.eu\/wp-content\/uploads\/2025\/07\/herbow_logo_hun_2021-01_w-slogan_no-background.png","contentUrl":"https:\/\/herbow.eu\/wp-content\/uploads\/2025\/07\/herbow_logo_hun_2021-01_w-slogan_no-background.png","width":2366,"height":1732,"caption":"Herbow International Zrt."},"image":{"@id":"https:\/\/herbow.eu\/#\/schema\/logo\/image\/"},"sameAs":["https:\/\/www.facebook.com\/herbowmosodioslabda\/","https:\/\/www.instagram.com\/herbowmosodioslabda\/"]}]}},"jetpack_likes_enabled":true,"jetpack_sharing_enabled":true,"_links":{"self":[{"href":"https:\/\/herbow.eu\/ro\/wp-json\/wp\/v2\/product\/1038","targetHints":{"allow":["GET"]}}],"collection":[{"href":"https:\/\/herbow.eu\/ro\/wp-json\/wp\/v2\/product"}],"about":[{"href":"https:\/\/herbow.eu\/ro\/wp-json\/wp\/v2\/types\/product"}],"replies":[{"embeddable":true,"href":"https:\/\/herbow.eu\/ro\/wp-json\/wp\/v2\/comments?post=1038"}],"wp:featuredmedia":[{"embeddable":true,"href":"https:\/\/herbow.eu\/ro\/wp-json\/wp\/v2\/media\/898"}],"wp:attachment":[{"href":"https:\/\/herbow.eu\/ro\/wp-json\/wp\/v2\/media?parent=1038"}],"wp:term":[{"taxonomy":"product_brand","embeddable":true,"href":"https:\/\/herbow.eu\/ro\/wp-json\/wp\/v2\/product_brand?post=1038"},{"taxonomy":"product_cat","embeddable":true,"href":"https:\/\/herbow.eu\/ro\/wp-json\/wp\/v2\/product_cat?post=1038"},{"taxonomy":"product_tag","embeddable":true,"href":"https:\/\/herbow.eu\/ro\/wp-json\/wp\/v2\/product_tag?post=1038"}],"curies":[{"name":"wp","href":"https:\/\/api.w.org\/{rel}","templated":true}]}}