{"id":1031,"date":"2025-08-18T11:05:57","date_gmt":"2025-08-18T09:05:57","guid":{"rendered":"https:\/\/herbow.eu\/product\/herbow-furdoszobai-tisztito-probiotikus-spray-friss-citrus-illattal\/"},"modified":"2026-03-17T10:58:17","modified_gmt":"2026-03-17T09:58:17","slug":"herbow-furdosobai-cleanito-spray-probiotic-cu-parfum-proaspat-de-citrice","status":"publish","type":"product","link":"https:\/\/herbow.eu\/ro\/product\/herbow-furdoszobai-tisztito-probiotikus-spray-friss-citrus-illattal\/","title":{"rendered":"Spray probiotic pentru cur\u0103\u021barea b\u0103ii Herbow cu parfum proasp\u0103t de citrice 500 ml"},"content":{"rendered":"<p>Produsul Herbow Probiotic Bathroom Cleaner - Fresh Citrus Fragrance combin\u0103 puterea naturii \u0219i a \u0219tiin\u021bei pentru a v\u0103 men\u021bine baia curat\u0103 \u0219i proasp\u0103t\u0103. Ingredientele sale botanice \u0219i con\u021binutul de acid citric dizolv\u0103 rapid calcarul, reziduurile de s\u0103pun, depunerile minerale \u0219i de rugin\u0103 din jurul robinetelor \u0219i gresiei. Dup\u0103 cur\u0103\u021bare, microorganismele probiotice care r\u0103m\u00e2n pe suprafa\u021b\u0103 continu\u0103 s\u0103 ac\u021bioneze: \u00eempiedic\u0103 \u00een mod natural recolonizarea murd\u0103riei \u0219i a bacteriilor, men\u021bin\u00e2nd suprafe\u021bele mai curate pentru mai mult timp. Formula sa de uscare hidrofug\u0103 \u0219i f\u0103r\u0103 pete las\u0103 suprafe\u021bele lucioase \u0219i netede, oferind \u00een acela\u0219i timp propriet\u0103\u021bi antibacteriene \u0219i antistatice. Produsul nu con\u021bine clor, fosfat, fosfonat, amoniac sau EDTA, ci doar ingrediente pe baz\u0103 de plante, cu etichet\u0103 ecologic\u0103 UE \u0219i un amestec sinergic de spori bacterieni benefici. Utilizarea regulat\u0103 este o solu\u021bie sigur\u0103, ecologic\u0103 \u0219i eficient\u0103 pentru cur\u0103\u021barea zilnic\u0103 a b\u0103ii.<\/p>\n<p>Utilizare:<\/p>\n<ul>\n<li>Pulveriza\u021bi direct pe suprafa\u021b\u0103, l\u0103sa\u021bi s\u0103 ac\u021bioneze timp de c\u00e2teva secunde, apoi \u0219terge\u021bi cu o c\u00e2rp\u0103 umed\u0103 sau uscat\u0103.<\/li>\n<li>Nu necesit\u0103 cl\u0103tire, se usuc\u0103 rapid \u0219i nu las\u0103 pete.<\/li>\n<\/ul>","protected":false},"excerpt":{"rendered":"<p>A <strong>Herbow Probiotic Cleaner pentru baie<\/strong> dizolv\u0103 eficient calcarul, reziduurile de s\u0103pun \u0219i petele de rugin\u0103. Microorganismele sale benefice asigur\u0103 o cur\u0103\u021benie proasp\u0103t\u0103, igienic\u0103 \u0219i de lung\u0103 durat\u0103.<\/p>\n<p>Ambalaj: 500ml<\/p>","protected":false},"featured_media":1140,"comment_status":"open","ping_status":"closed","template":"","meta":[],"product_brand":[1397],"product_cat":[1459],"product_tag":[1568,1431,1567,1555,1570,1559,1557,1572,1467,1564,1565,1571,1561,1409,1422,1573,1563,1562,1412,1558,1560,1554,1553,1574,1569,1556,1566],"class_list":{"0":"post-1031","1":"product","2":"type-product","3":"status-publish","4":"has-post-thumbnail","6":"product_brand-herbow","7":"product_cat-herbow-probiotikus-tisztitoszerek","8":"product_tag-aktiv-probiotikumok","9":"product_tag-allergenmentes","10":"product_tag-allatkiserlet-mentes","11":"product_tag-elo-probiotikumok","12":"product_tag-oko-haztartasi-tisztitoszer","13":"product_tag-oko-tisztitas","14":"product_tag-biofilm-eltavolitas","15":"product_tag-biofilm-bonto-technologia","16":"product_tag-biologiailag-lebomlo","17":"product_tag-biztonsagos-tisztitas","18":"product_tag-borbarat-tisztitoszer","19":"product_tag-egeszseges-otthon","20":"product_tag-fenntarthato-haztartas","21":"product_tag-herbow","22":"product_tag-herbow-probiotikus","23":"product_tag-herbtech-probiotikus","24":"product_tag-hosszan-tarto-frissesseg","25":"product_tag-illatmentes-opcio","26":"product_tag-kornyezetbarat-tisztitoszer","27":"product_tag-melytisztito-hatas","28":"product_tag-novenyi-alapu-tisztitoszer","29":"product_tag-probiotikus-formula","30":"product_tag-probiotikus-tisztitoszer","31":"product_tag-tartos-mikrobialis-vedelem","32":"product_tag-termeszetes-higienia","33":"product_tag-termeszetes-tisztitas","34":"product_tag-vegan-tisztitoszer","36":"first","37":"instock","38":"taxable","39":"shipping-taxable","40":"product-type-simple"},"yoast_head":"<!-- This site is optimized with the Yoast SEO plugin v27.4 - https:\/\/yoast.com\/product\/yoast-seo-wordpress\/ -->\n<title>Herbow F\u00fcrd\u0151szobai tiszt\u00edt\u00f3 Probiotikus spray Friss citrus illattal 500 ml - Herbow | International<\/title>\n<meta name=\"description\" content=\"A Herbow Probiotikus F\u00fcrd\u0151szobai Tiszt\u00edt\u00f3 hat\u00e9konyan oldja a v\u00edzk\u00f6vet, szappanmaradv\u00e1nyokat \u00e9s rozsdafoltokat. J\u00f3t\u00e9kony mikroorganizmusai hosszan gondoskodnak a higi\u00e9nikus, friss tisztas\u00e1gr\u00f3l.\" \/>\n<meta name=\"robots\" content=\"index, follow, max-snippet:-1, max-image-preview:large, max-video-preview:-1\" \/>\n<link rel=\"canonical\" href=\"https:\/\/herbow.eu\/ro\/product\/herbow-furdosobai-cleanito-spray-probiotic-cu-parfum-proaspat-de-citrice\/\" \/>\n<meta property=\"og:locale\" content=\"ro_RO\" \/>\n<meta property=\"og:type\" content=\"article\" \/>\n<meta property=\"og:title\" content=\"Herbow F\u00fcrd\u0151szobai tiszt\u00edt\u00f3 Probiotikus spray Friss citrus illattal 500 ml - Herbow | International\" \/>\n<meta property=\"og:description\" content=\"A Herbow Probiotikus F\u00fcrd\u0151szobai Tiszt\u00edt\u00f3 hat\u00e9konyan oldja a v\u00edzk\u00f6vet, szappanmaradv\u00e1nyokat \u00e9s rozsdafoltokat. J\u00f3t\u00e9kony mikroorganizmusai hosszan gondoskodnak a higi\u00e9nikus, friss tisztas\u00e1gr\u00f3l.\" \/>\n<meta property=\"og:url\" content=\"https:\/\/herbow.eu\/ro\/product\/herbow-furdosobai-cleanito-spray-probiotic-cu-parfum-proaspat-de-citrice\/\" \/>\n<meta property=\"og:site_name\" content=\"Herbow | International\" \/>\n<meta property=\"article:publisher\" content=\"https:\/\/www.facebook.com\/herbowmosodioslabda\/\" \/>\n<meta property=\"article:modified_time\" content=\"2026-03-17T09:58:17+00:00\" \/>\n<meta property=\"og:image\" content=\"https:\/\/herbow.eu\/wp-content\/uploads\/2025\/11\/Woo_base_2000x2000_16015_furdoszobai_tisztitoszer_stancolt_500ml_v7_latvany.png\" \/>\n\t<meta property=\"og:image:width\" content=\"2000\" \/>\n\t<meta property=\"og:image:height\" content=\"2000\" \/>\n\t<meta property=\"og:image:type\" content=\"image\/png\" \/>\n<meta name=\"twitter:card\" content=\"summary_large_image\" \/>\n<meta name=\"twitter:label1\" content=\"Timp estimat pentru citire\" \/>\n\t<meta name=\"twitter:data1\" content=\"1 minut\" \/>\n<script type=\"application\/ld+json\" class=\"yoast-schema-graph\">{\"@context\":\"https:\\\/\\\/schema.org\",\"@graph\":[{\"@type\":\"WebPage\",\"@id\":\"https:\\\/\\\/herbow.eu\\\/product\\\/herbow-furdoszobai-tisztito-probiotikus-spray-friss-citrus-illattal\\\/\",\"url\":\"https:\\\/\\\/herbow.eu\\\/product\\\/herbow-furdoszobai-tisztito-probiotikus-spray-friss-citrus-illattal\\\/\",\"name\":\"Herbow F\u00fcrd\u0151szobai tiszt\u00edt\u00f3 Probiotikus spray Friss citrus illattal 500 ml - Herbow | International\",\"isPartOf\":{\"@id\":\"https:\\\/\\\/herbow.eu\\\/#website\"},\"primaryImageOfPage\":{\"@id\":\"https:\\\/\\\/herbow.eu\\\/product\\\/herbow-furdoszobai-tisztito-probiotikus-spray-friss-citrus-illattal\\\/#primaryimage\"},\"image\":{\"@id\":\"https:\\\/\\\/herbow.eu\\\/product\\\/herbow-furdoszobai-tisztito-probiotikus-spray-friss-citrus-illattal\\\/#primaryimage\"},\"thumbnailUrl\":\"https:\\\/\\\/herbow.eu\\\/wp-content\\\/uploads\\\/2025\\\/11\\\/Woo_base_2000x2000_16015_furdoszobai_tisztitoszer_stancolt_500ml_v7_latvany.png\",\"datePublished\":\"2025-08-18T09:05:57+00:00\",\"dateModified\":\"2026-03-17T09:58:17+00:00\",\"description\":\"A Herbow Probiotikus F\u00fcrd\u0151szobai Tiszt\u00edt\u00f3 hat\u00e9konyan oldja a v\u00edzk\u00f6vet, szappanmaradv\u00e1nyokat \u00e9s rozsdafoltokat. J\u00f3t\u00e9kony mikroorganizmusai hosszan gondoskodnak a higi\u00e9nikus, friss tisztas\u00e1gr\u00f3l.\",\"breadcrumb\":{\"@id\":\"https:\\\/\\\/herbow.eu\\\/product\\\/herbow-furdoszobai-tisztito-probiotikus-spray-friss-citrus-illattal\\\/#breadcrumb\"},\"inLanguage\":\"ro-RO\",\"potentialAction\":[{\"@type\":\"ReadAction\",\"target\":[\"https:\\\/\\\/herbow.eu\\\/product\\\/herbow-furdoszobai-tisztito-probiotikus-spray-friss-citrus-illattal\\\/\"]}]},{\"@type\":\"ImageObject\",\"inLanguage\":\"ro-RO\",\"@id\":\"https:\\\/\\\/herbow.eu\\\/product\\\/herbow-furdoszobai-tisztito-probiotikus-spray-friss-citrus-illattal\\\/#primaryimage\",\"url\":\"https:\\\/\\\/herbow.eu\\\/wp-content\\\/uploads\\\/2025\\\/11\\\/Woo_base_2000x2000_16015_furdoszobai_tisztitoszer_stancolt_500ml_v7_latvany.png\",\"contentUrl\":\"https:\\\/\\\/herbow.eu\\\/wp-content\\\/uploads\\\/2025\\\/11\\\/Woo_base_2000x2000_16015_furdoszobai_tisztitoszer_stancolt_500ml_v7_latvany.png\",\"width\":2000,\"height\":2000},{\"@type\":\"BreadcrumbList\",\"@id\":\"https:\\\/\\\/herbow.eu\\\/product\\\/herbow-furdoszobai-tisztito-probiotikus-spray-friss-citrus-illattal\\\/#breadcrumb\",\"itemListElement\":[{\"@type\":\"ListItem\",\"position\":1,\"name\":\"Kezd\u0151lap\",\"item\":\"https:\\\/\\\/herbow.eu\\\/\"},{\"@type\":\"ListItem\",\"position\":2,\"name\":\"Shop\",\"item\":\"https:\\\/\\\/herbow.eu\\\/shop\\\/\"},{\"@type\":\"ListItem\",\"position\":3,\"name\":\"Herbow F\u00fcrd\u0151szobai tiszt\u00edt\u00f3 Probiotikus spray Friss citrus illattal 500 ml\"}]},{\"@type\":\"WebSite\",\"@id\":\"https:\\\/\\\/herbow.eu\\\/#website\",\"url\":\"https:\\\/\\\/herbow.eu\\\/\",\"name\":\"Herbow | Herbal Organic World\",\"description\":\"Herbal Organic World\",\"publisher\":{\"@id\":\"https:\\\/\\\/herbow.eu\\\/#organization\"},\"potentialAction\":[{\"@type\":\"SearchAction\",\"target\":{\"@type\":\"EntryPoint\",\"urlTemplate\":\"https:\\\/\\\/herbow.eu\\\/?s={search_term_string}\"},\"query-input\":{\"@type\":\"PropertyValueSpecification\",\"valueRequired\":true,\"valueName\":\"search_term_string\"}}],\"inLanguage\":\"ro-RO\"},{\"@type\":\"Organization\",\"@id\":\"https:\\\/\\\/herbow.eu\\\/#organization\",\"name\":\"Herbow International Zrt.\",\"url\":\"https:\\\/\\\/herbow.eu\\\/\",\"logo\":{\"@type\":\"ImageObject\",\"inLanguage\":\"ro-RO\",\"@id\":\"https:\\\/\\\/herbow.eu\\\/#\\\/schema\\\/logo\\\/image\\\/\",\"url\":\"https:\\\/\\\/herbow.eu\\\/wp-content\\\/uploads\\\/2025\\\/07\\\/herbow_logo_hun_2021-01_w-slogan_no-background.png\",\"contentUrl\":\"https:\\\/\\\/herbow.eu\\\/wp-content\\\/uploads\\\/2025\\\/07\\\/herbow_logo_hun_2021-01_w-slogan_no-background.png\",\"width\":2366,\"height\":1732,\"caption\":\"Herbow International Zrt.\"},\"image\":{\"@id\":\"https:\\\/\\\/herbow.eu\\\/#\\\/schema\\\/logo\\\/image\\\/\"},\"sameAs\":[\"https:\\\/\\\/www.facebook.com\\\/herbowmosodioslabda\\\/\",\"https:\\\/\\\/www.instagram.com\\\/herbowmosodioslabda\\\/\"]}]}<\/script>\n<!-- \/ Yoast SEO plugin. -->","yoast_head_json":{"title":"Spray probiotic pentru cur\u0103\u021barea b\u0103ii Herbow cu parfum proasp\u0103t de citrice 500 ml - Herbow | International","description":"Herbow Probiotic Bathroom Cleaner dizolv\u0103 eficient calcarul, reziduurile de s\u0103pun \u0219i petele de rugin\u0103. Microorganismele sale benefice asigur\u0103 o cur\u0103\u021benie proasp\u0103t\u0103, igienic\u0103 \u0219i de lung\u0103 durat\u0103.","robots":{"index":"index","follow":"follow","max-snippet":"max-snippet:-1","max-image-preview":"max-image-preview:large","max-video-preview":"max-video-preview:-1"},"canonical":"https:\/\/herbow.eu\/ro\/product\/herbow-furdosobai-cleanito-spray-probiotic-cu-parfum-proaspat-de-citrice\/","og_locale":"ro_RO","og_type":"article","og_title":"Herbow F\u00fcrd\u0151szobai tiszt\u00edt\u00f3 Probiotikus spray Friss citrus illattal 500 ml - Herbow | International","og_description":"A Herbow Probiotikus F\u00fcrd\u0151szobai Tiszt\u00edt\u00f3 hat\u00e9konyan oldja a v\u00edzk\u00f6vet, szappanmaradv\u00e1nyokat \u00e9s rozsdafoltokat. J\u00f3t\u00e9kony mikroorganizmusai hosszan gondoskodnak a higi\u00e9nikus, friss tisztas\u00e1gr\u00f3l.","og_url":"https:\/\/herbow.eu\/ro\/product\/herbow-furdosobai-cleanito-spray-probiotic-cu-parfum-proaspat-de-citrice\/","og_site_name":"Herbow | International","article_publisher":"https:\/\/www.facebook.com\/herbowmosodioslabda\/","article_modified_time":"2026-03-17T09:58:17+00:00","og_image":[{"width":2000,"height":2000,"url":"https:\/\/herbow.eu\/wp-content\/uploads\/2025\/11\/Woo_base_2000x2000_16015_furdoszobai_tisztitoszer_stancolt_500ml_v7_latvany.png","type":"image\/png"}],"twitter_card":"summary_large_image","twitter_misc":{"Timp estimat pentru citire":"1 minut"},"schema":{"@context":"https:\/\/schema.org","@graph":[{"@type":"WebPage","@id":"https:\/\/herbow.eu\/product\/herbow-furdoszobai-tisztito-probiotikus-spray-friss-citrus-illattal\/","url":"https:\/\/herbow.eu\/product\/herbow-furdoszobai-tisztito-probiotikus-spray-friss-citrus-illattal\/","name":"Spray probiotic pentru cur\u0103\u021barea b\u0103ii Herbow cu parfum proasp\u0103t de citrice 500 ml - Herbow | International","isPartOf":{"@id":"https:\/\/herbow.eu\/#website"},"primaryImageOfPage":{"@id":"https:\/\/herbow.eu\/product\/herbow-furdoszobai-tisztito-probiotikus-spray-friss-citrus-illattal\/#primaryimage"},"image":{"@id":"https:\/\/herbow.eu\/product\/herbow-furdoszobai-tisztito-probiotikus-spray-friss-citrus-illattal\/#primaryimage"},"thumbnailUrl":"https:\/\/herbow.eu\/wp-content\/uploads\/2025\/11\/Woo_base_2000x2000_16015_furdoszobai_tisztitoszer_stancolt_500ml_v7_latvany.png","datePublished":"2025-08-18T09:05:57+00:00","dateModified":"2026-03-17T09:58:17+00:00","description":"Herbow Probiotic Bathroom Cleaner dizolv\u0103 eficient calcarul, reziduurile de s\u0103pun \u0219i petele de rugin\u0103. Microorganismele sale benefice asigur\u0103 o cur\u0103\u021benie proasp\u0103t\u0103, igienic\u0103 \u0219i de lung\u0103 durat\u0103.","breadcrumb":{"@id":"https:\/\/herbow.eu\/product\/herbow-furdoszobai-tisztito-probiotikus-spray-friss-citrus-illattal\/#breadcrumb"},"inLanguage":"ro-RO","potentialAction":[{"@type":"ReadAction","target":["https:\/\/herbow.eu\/product\/herbow-furdoszobai-tisztito-probiotikus-spray-friss-citrus-illattal\/"]}]},{"@type":"ImageObject","inLanguage":"ro-RO","@id":"https:\/\/herbow.eu\/product\/herbow-furdoszobai-tisztito-probiotikus-spray-friss-citrus-illattal\/#primaryimage","url":"https:\/\/herbow.eu\/wp-content\/uploads\/2025\/11\/Woo_base_2000x2000_16015_furdoszobai_tisztitoszer_stancolt_500ml_v7_latvany.png","contentUrl":"https:\/\/herbow.eu\/wp-content\/uploads\/2025\/11\/Woo_base_2000x2000_16015_furdoszobai_tisztitoszer_stancolt_500ml_v7_latvany.png","width":2000,"height":2000},{"@type":"BreadcrumbList","@id":"https:\/\/herbow.eu\/product\/herbow-furdoszobai-tisztito-probiotikus-spray-friss-citrus-illattal\/#breadcrumb","itemListElement":[{"@type":"ListItem","position":1,"name":"Kezd\u0151lap","item":"https:\/\/herbow.eu\/"},{"@type":"ListItem","position":2,"name":"Shop","item":"https:\/\/herbow.eu\/shop\/"},{"@type":"ListItem","position":3,"name":"Herbow F\u00fcrd\u0151szobai tiszt\u00edt\u00f3 Probiotikus spray Friss citrus illattal 500 ml"}]},{"@type":"WebSite","@id":"https:\/\/herbow.eu\/#website","url":"https:\/\/herbow.eu\/","name":"Herbow | Lumea organic\u0103 pe baz\u0103 de plante","description":"Lumea organic\u0103 pe baz\u0103 de plante","publisher":{"@id":"https:\/\/herbow.eu\/#organization"},"potentialAction":[{"@type":"SearchAction","target":{"@type":"EntryPoint","urlTemplate":"https:\/\/herbow.eu\/?s={search_term_string}"},"query-input":{"@type":"PropertyValueSpecification","valueRequired":true,"valueName":"search_term_string"}}],"inLanguage":"ro-RO"},{"@type":"Organization","@id":"https:\/\/herbow.eu\/#organization","name":"Herbow International Zrt.","url":"https:\/\/herbow.eu\/","logo":{"@type":"ImageObject","inLanguage":"ro-RO","@id":"https:\/\/herbow.eu\/#\/schema\/logo\/image\/","url":"https:\/\/herbow.eu\/wp-content\/uploads\/2025\/07\/herbow_logo_hun_2021-01_w-slogan_no-background.png","contentUrl":"https:\/\/herbow.eu\/wp-content\/uploads\/2025\/07\/herbow_logo_hun_2021-01_w-slogan_no-background.png","width":2366,"height":1732,"caption":"Herbow International Zrt."},"image":{"@id":"https:\/\/herbow.eu\/#\/schema\/logo\/image\/"},"sameAs":["https:\/\/www.facebook.com\/herbowmosodioslabda\/","https:\/\/www.instagram.com\/herbowmosodioslabda\/"]}]}},"jetpack_likes_enabled":true,"jetpack_sharing_enabled":true,"_links":{"self":[{"href":"https:\/\/herbow.eu\/ro\/wp-json\/wp\/v2\/product\/1031","targetHints":{"allow":["GET"]}}],"collection":[{"href":"https:\/\/herbow.eu\/ro\/wp-json\/wp\/v2\/product"}],"about":[{"href":"https:\/\/herbow.eu\/ro\/wp-json\/wp\/v2\/types\/product"}],"replies":[{"embeddable":true,"href":"https:\/\/herbow.eu\/ro\/wp-json\/wp\/v2\/comments?post=1031"}],"wp:featuredmedia":[{"embeddable":true,"href":"https:\/\/herbow.eu\/ro\/wp-json\/wp\/v2\/media\/1140"}],"wp:attachment":[{"href":"https:\/\/herbow.eu\/ro\/wp-json\/wp\/v2\/media?parent=1031"}],"wp:term":[{"taxonomy":"product_brand","embeddable":true,"href":"https:\/\/herbow.eu\/ro\/wp-json\/wp\/v2\/product_brand?post=1031"},{"taxonomy":"product_cat","embeddable":true,"href":"https:\/\/herbow.eu\/ro\/wp-json\/wp\/v2\/product_cat?post=1031"},{"taxonomy":"product_tag","embeddable":true,"href":"https:\/\/herbow.eu\/ro\/wp-json\/wp\/v2\/product_tag?post=1031"}],"curies":[{"name":"wp","href":"https:\/\/api.w.org\/{rel}","templated":true}]}}