{"id":1028,"date":"2025-08-18T11:05:57","date_gmt":"2025-08-18T09:05:57","guid":{"rendered":"https:\/\/herbow.eu\/product\/herbow-probiotikus-padlofelmoso-feher-fuge-illattal\/"},"modified":"2026-03-17T10:58:13","modified_gmt":"2026-03-17T09:58:13","slug":"herbow-probiotic-padlofelmoso-cu-parfum-alb-fuge","status":"publish","type":"product","link":"https:\/\/herbow.eu\/ro\/product\/herbow-probiotikus-padlofelmoso-feher-fuge-illattal\/","title":{"rendered":"Herbow Mop probiotic pentru podele cu parfum de smochine albe 1000 ml"},"content":{"rendered":"<p>Mopul Herbow Probiotic pentru podele - Parfum White Fig aduce experien\u021ba cur\u0103\u021beniei naturale \u00een via\u021ba de zi cu zi. Ingredientele sale derivate din plante \u00eendep\u0103rteaz\u0103 delicat, dar eficient murd\u0103ria \u0219i praful, \u00een timp ce microorganismele probiotice ac\u021bioneaz\u0103 dup\u0103 cur\u0103\u021bare pentru a men\u021bine podelele proaspete \u0219i igienice mult timp dup\u0103 ce au fost cur\u0103\u021bate. Ideal pentru cur\u0103\u021barea ceramicii, plasticului, lemnului f\u0103r\u0103 sudur\u0103 \u0219i a altor suprafe\u021be dure, neporoase. Las\u0103 o suprafa\u021b\u0103 str\u0103lucitor de curat\u0103, f\u0103r\u0103 pete, nu necesit\u0103 cl\u0103tire \u0219i umple spa\u021biul cu un parfum natural de smochine albe. Poate fi folosit \u0219i ca detergent general pentru suprafe\u021be, chiar nediluat sub form\u0103 de spray - este potrivit pentru orice, de la buc\u0103t\u0103rii la b\u0103i. Formula sa nu con\u021bine clor, fosfat, fosfonat, amoniac \u0219i EDTA \u0219i con\u021bine numai ingrediente pe baz\u0103 de plante, etichetate ecologic de UE, \u0219i un amestec de spori bacterieni benefici. Tehnologia probiotic\u0103 Herbow ofer\u0103 o modalitate natural\u0103 de a asigura puritatea \u0219i prospe\u021bimea de lung\u0103 durat\u0103, protej\u00e2nd \u00een acela\u0219i timp mediul.<\/p>\n<p>Utilizare: Ad\u0103uga\u021bi aproximativ 25-30 ml (2 capace) de mop la 5 litri de ap\u0103.<\/p>\n<p>Nu necesit\u0103 cl\u0103tire. Pentru cur\u0103\u021barea general\u0103 a suprafe\u021belor, poate fi utilizat \u0219i sub form\u0103 de spray, nediluat.<\/p>","protected":false},"excerpt":{"rendered":"<p>A <strong>Mop de podea Herbow Probiotic<\/strong> cur\u0103\u021b\u0103 \u0219i \u00eengrije\u0219te cu ingredientele sale naturale, \u00een timp ce microorganismele sale benefice ofer\u0103 o prospe\u021bime de lung\u0103 durat\u0103 podelelor \u0219i altor suprafe\u021be. Parfumul s\u0103u delicat de smochine albe creeaz\u0103 o atmosfer\u0103 curat\u0103 \u0219i armonioas\u0103 \u00een casa dvs.<\/p>\n<p>Capacitate: 1000ml<\/p>","protected":false},"featured_media":910,"comment_status":"open","ping_status":"closed","template":"","meta":[],"product_brand":[1397],"product_cat":[1459],"product_tag":[1568,1431,1567,1555,1570,1559,1557,1572,1467,1564,1565,1571,1561,1409,1422,1573,1563,1562,1412,1558,1560,1554,1553,1574,1569,1556,1566],"class_list":{"0":"post-1028","1":"product","2":"type-product","3":"status-publish","4":"has-post-thumbnail","6":"product_brand-herbow","7":"product_cat-herbow-probiotikus-tisztitoszerek","8":"product_tag-aktiv-probiotikumok","9":"product_tag-allergenmentes","10":"product_tag-allatkiserlet-mentes","11":"product_tag-elo-probiotikumok","12":"product_tag-oko-haztartasi-tisztitoszer","13":"product_tag-oko-tisztitas","14":"product_tag-biofilm-eltavolitas","15":"product_tag-biofilm-bonto-technologia","16":"product_tag-biologiailag-lebomlo","17":"product_tag-biztonsagos-tisztitas","18":"product_tag-borbarat-tisztitoszer","19":"product_tag-egeszseges-otthon","20":"product_tag-fenntarthato-haztartas","21":"product_tag-herbow","22":"product_tag-herbow-probiotikus","23":"product_tag-herbtech-probiotikus","24":"product_tag-hosszan-tarto-frissesseg","25":"product_tag-illatmentes-opcio","26":"product_tag-kornyezetbarat-tisztitoszer","27":"product_tag-melytisztito-hatas","28":"product_tag-novenyi-alapu-tisztitoszer","29":"product_tag-probiotikus-formula","30":"product_tag-probiotikus-tisztitoszer","31":"product_tag-tartos-mikrobialis-vedelem","32":"product_tag-termeszetes-higienia","33":"product_tag-termeszetes-tisztitas","34":"product_tag-vegan-tisztitoszer","36":"first","37":"instock","38":"taxable","39":"shipping-taxable","40":"product-type-simple"},"yoast_head":"<!-- This site is optimized with the Yoast SEO plugin v27.5 - https:\/\/yoast.com\/product\/yoast-seo-wordpress\/ -->\n<title>Herbow Probiotikus Padl\u00f3felmos\u00f3 Feh\u00e9r f\u00fcge illattal 1000 ml - Herbow | International<\/title>\n<meta name=\"description\" content=\"A Herbow Probiotikus Padl\u00f3felmos\u00f3 term\u00e9szetes \u00f6sszetev\u0151ivel tiszt\u00edt \u00e9s \u00e1pol, mik\u00f6zben j\u00f3t\u00e9kony mikroorganizmusai hosszan gondoskodnak a padl\u00f3 \u00e9s m\u00e1s fel\u00fcletek frissess\u00e9g\u00e9r\u0151l. Finom, feh\u00e9r f\u00fcge illata tiszta, harmonikus hangulatot teremt az otthonodban.\" \/>\n<meta name=\"robots\" content=\"index, follow, max-snippet:-1, max-image-preview:large, max-video-preview:-1\" \/>\n<link rel=\"canonical\" href=\"https:\/\/herbow.eu\/ro\/product\/herbow-probiotic-padlofelmoso-cu-parfum-alb-fuge\/\" \/>\n<meta property=\"og:locale\" content=\"ro_RO\" \/>\n<meta property=\"og:type\" content=\"article\" \/>\n<meta property=\"og:title\" content=\"Herbow Probiotikus Padl\u00f3felmos\u00f3 Feh\u00e9r f\u00fcge illattal 1000 ml - Herbow | International\" \/>\n<meta property=\"og:description\" content=\"A Herbow Probiotikus Padl\u00f3felmos\u00f3 term\u00e9szetes \u00f6sszetev\u0151ivel tiszt\u00edt \u00e9s \u00e1pol, mik\u00f6zben j\u00f3t\u00e9kony mikroorganizmusai hosszan gondoskodnak a padl\u00f3 \u00e9s m\u00e1s fel\u00fcletek frissess\u00e9g\u00e9r\u0151l. Finom, feh\u00e9r f\u00fcge illata tiszta, harmonikus hangulatot teremt az otthonodban.\" \/>\n<meta property=\"og:url\" content=\"https:\/\/herbow.eu\/ro\/product\/herbow-probiotic-padlofelmoso-cu-parfum-alb-fuge\/\" \/>\n<meta property=\"og:site_name\" content=\"Herbow | International\" \/>\n<meta property=\"article:publisher\" content=\"https:\/\/www.facebook.com\/herbowmosodioslabda\/\" \/>\n<meta property=\"article:modified_time\" content=\"2026-03-17T09:58:13+00:00\" \/>\n<meta property=\"og:image\" content=\"https:\/\/herbow.eu\/wp-content\/uploads\/2025\/08\/Herbow-Probiotikus-Padlofelmoso-Feher-fuge-illattal-1000-ml.png\" \/>\n\t<meta property=\"og:image:width\" content=\"2000\" \/>\n\t<meta property=\"og:image:height\" content=\"2000\" \/>\n\t<meta property=\"og:image:type\" content=\"image\/png\" \/>\n<meta name=\"twitter:card\" content=\"summary_large_image\" \/>\n<meta name=\"twitter:label1\" content=\"Timp estimat pentru citire\" \/>\n\t<meta name=\"twitter:data1\" content=\"2 minute\" \/>\n<script type=\"application\/ld+json\" class=\"yoast-schema-graph\">{\"@context\":\"https:\\\/\\\/schema.org\",\"@graph\":[{\"@type\":\"WebPage\",\"@id\":\"https:\\\/\\\/herbow.eu\\\/product\\\/herbow-probiotikus-padlofelmoso-feher-fuge-illattal\\\/\",\"url\":\"https:\\\/\\\/herbow.eu\\\/product\\\/herbow-probiotikus-padlofelmoso-feher-fuge-illattal\\\/\",\"name\":\"Herbow Probiotikus Padl\u00f3felmos\u00f3 Feh\u00e9r f\u00fcge illattal 1000 ml - Herbow | International\",\"isPartOf\":{\"@id\":\"https:\\\/\\\/herbow.eu\\\/#website\"},\"primaryImageOfPage\":{\"@id\":\"https:\\\/\\\/herbow.eu\\\/product\\\/herbow-probiotikus-padlofelmoso-feher-fuge-illattal\\\/#primaryimage\"},\"image\":{\"@id\":\"https:\\\/\\\/herbow.eu\\\/product\\\/herbow-probiotikus-padlofelmoso-feher-fuge-illattal\\\/#primaryimage\"},\"thumbnailUrl\":\"https:\\\/\\\/herbow.eu\\\/wp-content\\\/uploads\\\/2025\\\/08\\\/Herbow-Probiotikus-Padlofelmoso-Feher-fuge-illattal-1000-ml.png\",\"datePublished\":\"2025-08-18T09:05:57+00:00\",\"dateModified\":\"2026-03-17T09:58:13+00:00\",\"description\":\"A Herbow Probiotikus Padl\u00f3felmos\u00f3 term\u00e9szetes \u00f6sszetev\u0151ivel tiszt\u00edt \u00e9s \u00e1pol, mik\u00f6zben j\u00f3t\u00e9kony mikroorganizmusai hosszan gondoskodnak a padl\u00f3 \u00e9s m\u00e1s fel\u00fcletek frissess\u00e9g\u00e9r\u0151l. Finom, feh\u00e9r f\u00fcge illata tiszta, harmonikus hangulatot teremt az otthonodban.\",\"breadcrumb\":{\"@id\":\"https:\\\/\\\/herbow.eu\\\/product\\\/herbow-probiotikus-padlofelmoso-feher-fuge-illattal\\\/#breadcrumb\"},\"inLanguage\":\"ro-RO\",\"potentialAction\":[{\"@type\":\"ReadAction\",\"target\":[\"https:\\\/\\\/herbow.eu\\\/product\\\/herbow-probiotikus-padlofelmoso-feher-fuge-illattal\\\/\"]}]},{\"@type\":\"ImageObject\",\"inLanguage\":\"ro-RO\",\"@id\":\"https:\\\/\\\/herbow.eu\\\/product\\\/herbow-probiotikus-padlofelmoso-feher-fuge-illattal\\\/#primaryimage\",\"url\":\"https:\\\/\\\/herbow.eu\\\/wp-content\\\/uploads\\\/2025\\\/08\\\/Herbow-Probiotikus-Padlofelmoso-Feher-fuge-illattal-1000-ml.png\",\"contentUrl\":\"https:\\\/\\\/herbow.eu\\\/wp-content\\\/uploads\\\/2025\\\/08\\\/Herbow-Probiotikus-Padlofelmoso-Feher-fuge-illattal-1000-ml.png\",\"width\":2000,\"height\":2000},{\"@type\":\"BreadcrumbList\",\"@id\":\"https:\\\/\\\/herbow.eu\\\/product\\\/herbow-probiotikus-padlofelmoso-feher-fuge-illattal\\\/#breadcrumb\",\"itemListElement\":[{\"@type\":\"ListItem\",\"position\":1,\"name\":\"Kezd\u0151lap\",\"item\":\"https:\\\/\\\/herbow.eu\\\/\"},{\"@type\":\"ListItem\",\"position\":2,\"name\":\"Shop\",\"item\":\"https:\\\/\\\/herbow.eu\\\/shop\\\/\"},{\"@type\":\"ListItem\",\"position\":3,\"name\":\"Herbow Probiotikus Padl\u00f3felmos\u00f3 Feh\u00e9r f\u00fcge illattal 1000 ml\"}]},{\"@type\":\"WebSite\",\"@id\":\"https:\\\/\\\/herbow.eu\\\/#website\",\"url\":\"https:\\\/\\\/herbow.eu\\\/\",\"name\":\"Herbow | Herbal Organic World\",\"description\":\"Herbal Organic World\",\"publisher\":{\"@id\":\"https:\\\/\\\/herbow.eu\\\/#organization\"},\"potentialAction\":[{\"@type\":\"SearchAction\",\"target\":{\"@type\":\"EntryPoint\",\"urlTemplate\":\"https:\\\/\\\/herbow.eu\\\/?s={search_term_string}\"},\"query-input\":{\"@type\":\"PropertyValueSpecification\",\"valueRequired\":true,\"valueName\":\"search_term_string\"}}],\"inLanguage\":\"ro-RO\"},{\"@type\":\"Organization\",\"@id\":\"https:\\\/\\\/herbow.eu\\\/#organization\",\"name\":\"Herbow International Zrt.\",\"url\":\"https:\\\/\\\/herbow.eu\\\/\",\"logo\":{\"@type\":\"ImageObject\",\"inLanguage\":\"ro-RO\",\"@id\":\"https:\\\/\\\/herbow.eu\\\/#\\\/schema\\\/logo\\\/image\\\/\",\"url\":\"https:\\\/\\\/herbow.eu\\\/wp-content\\\/uploads\\\/2025\\\/07\\\/herbow_logo_hun_2021-01_w-slogan_no-background.png\",\"contentUrl\":\"https:\\\/\\\/herbow.eu\\\/wp-content\\\/uploads\\\/2025\\\/07\\\/herbow_logo_hun_2021-01_w-slogan_no-background.png\",\"width\":2366,\"height\":1732,\"caption\":\"Herbow International Zrt.\"},\"image\":{\"@id\":\"https:\\\/\\\/herbow.eu\\\/#\\\/schema\\\/logo\\\/image\\\/\"},\"sameAs\":[\"https:\\\/\\\/www.facebook.com\\\/herbowmosodioslabda\\\/\",\"https:\\\/\\\/www.instagram.com\\\/herbowmosodioslabda\\\/\"]}]}<\/script>\n<!-- \/ Yoast SEO plugin. -->","yoast_head_json":{"title":"Mop de pardoseal\u0103 Herbow Probiotic cu parfum de smochin alb 1000 ml - Herbow | International","description":"Herbow Probiotic Floor Mop cur\u0103\u021b\u0103 \u0219i \u00eengrije\u0219te cu ingrediente naturale, \u00een timp ce microorganismele sale benefice men\u021bin podelele \u0219i alte suprafe\u021be proaspete pentru mai mult timp. Parfumul s\u0103u delicat de smochine albe creeaz\u0103 o atmosfer\u0103 curat\u0103 \u0219i armonioas\u0103 \u00een casa dvs.","robots":{"index":"index","follow":"follow","max-snippet":"max-snippet:-1","max-image-preview":"max-image-preview:large","max-video-preview":"max-video-preview:-1"},"canonical":"https:\/\/herbow.eu\/ro\/product\/herbow-probiotic-padlofelmoso-cu-parfum-alb-fuge\/","og_locale":"ro_RO","og_type":"article","og_title":"Herbow Probiotikus Padl\u00f3felmos\u00f3 Feh\u00e9r f\u00fcge illattal 1000 ml - Herbow | International","og_description":"A Herbow Probiotikus Padl\u00f3felmos\u00f3 term\u00e9szetes \u00f6sszetev\u0151ivel tiszt\u00edt \u00e9s \u00e1pol, mik\u00f6zben j\u00f3t\u00e9kony mikroorganizmusai hosszan gondoskodnak a padl\u00f3 \u00e9s m\u00e1s fel\u00fcletek frissess\u00e9g\u00e9r\u0151l. Finom, feh\u00e9r f\u00fcge illata tiszta, harmonikus hangulatot teremt az otthonodban.","og_url":"https:\/\/herbow.eu\/ro\/product\/herbow-probiotic-padlofelmoso-cu-parfum-alb-fuge\/","og_site_name":"Herbow | International","article_publisher":"https:\/\/www.facebook.com\/herbowmosodioslabda\/","article_modified_time":"2026-03-17T09:58:13+00:00","og_image":[{"width":2000,"height":2000,"url":"https:\/\/herbow.eu\/wp-content\/uploads\/2025\/08\/Herbow-Probiotikus-Padlofelmoso-Feher-fuge-illattal-1000-ml.png","type":"image\/png"}],"twitter_card":"summary_large_image","twitter_misc":{"Timp estimat pentru citire":"2 minute"},"schema":{"@context":"https:\/\/schema.org","@graph":[{"@type":"WebPage","@id":"https:\/\/herbow.eu\/product\/herbow-probiotikus-padlofelmoso-feher-fuge-illattal\/","url":"https:\/\/herbow.eu\/product\/herbow-probiotikus-padlofelmoso-feher-fuge-illattal\/","name":"Mop de pardoseal\u0103 Herbow Probiotic cu parfum de smochin alb 1000 ml - Herbow | International","isPartOf":{"@id":"https:\/\/herbow.eu\/#website"},"primaryImageOfPage":{"@id":"https:\/\/herbow.eu\/product\/herbow-probiotikus-padlofelmoso-feher-fuge-illattal\/#primaryimage"},"image":{"@id":"https:\/\/herbow.eu\/product\/herbow-probiotikus-padlofelmoso-feher-fuge-illattal\/#primaryimage"},"thumbnailUrl":"https:\/\/herbow.eu\/wp-content\/uploads\/2025\/08\/Herbow-Probiotikus-Padlofelmoso-Feher-fuge-illattal-1000-ml.png","datePublished":"2025-08-18T09:05:57+00:00","dateModified":"2026-03-17T09:58:13+00:00","description":"Herbow Probiotic Floor Mop cur\u0103\u021b\u0103 \u0219i \u00eengrije\u0219te cu ingrediente naturale, \u00een timp ce microorganismele sale benefice men\u021bin podelele \u0219i alte suprafe\u021be proaspete pentru mai mult timp. Parfumul s\u0103u delicat de smochine albe creeaz\u0103 o atmosfer\u0103 curat\u0103 \u0219i armonioas\u0103 \u00een casa dvs.","breadcrumb":{"@id":"https:\/\/herbow.eu\/product\/herbow-probiotikus-padlofelmoso-feher-fuge-illattal\/#breadcrumb"},"inLanguage":"ro-RO","potentialAction":[{"@type":"ReadAction","target":["https:\/\/herbow.eu\/product\/herbow-probiotikus-padlofelmoso-feher-fuge-illattal\/"]}]},{"@type":"ImageObject","inLanguage":"ro-RO","@id":"https:\/\/herbow.eu\/product\/herbow-probiotikus-padlofelmoso-feher-fuge-illattal\/#primaryimage","url":"https:\/\/herbow.eu\/wp-content\/uploads\/2025\/08\/Herbow-Probiotikus-Padlofelmoso-Feher-fuge-illattal-1000-ml.png","contentUrl":"https:\/\/herbow.eu\/wp-content\/uploads\/2025\/08\/Herbow-Probiotikus-Padlofelmoso-Feher-fuge-illattal-1000-ml.png","width":2000,"height":2000},{"@type":"BreadcrumbList","@id":"https:\/\/herbow.eu\/product\/herbow-probiotikus-padlofelmoso-feher-fuge-illattal\/#breadcrumb","itemListElement":[{"@type":"ListItem","position":1,"name":"Kezd\u0151lap","item":"https:\/\/herbow.eu\/"},{"@type":"ListItem","position":2,"name":"Shop","item":"https:\/\/herbow.eu\/shop\/"},{"@type":"ListItem","position":3,"name":"Herbow Probiotikus Padl\u00f3felmos\u00f3 Feh\u00e9r f\u00fcge illattal 1000 ml"}]},{"@type":"WebSite","@id":"https:\/\/herbow.eu\/#website","url":"https:\/\/herbow.eu\/","name":"Herbow | Lumea organic\u0103 pe baz\u0103 de plante","description":"Lumea organic\u0103 pe baz\u0103 de plante","publisher":{"@id":"https:\/\/herbow.eu\/#organization"},"potentialAction":[{"@type":"SearchAction","target":{"@type":"EntryPoint","urlTemplate":"https:\/\/herbow.eu\/?s={search_term_string}"},"query-input":{"@type":"PropertyValueSpecification","valueRequired":true,"valueName":"search_term_string"}}],"inLanguage":"ro-RO"},{"@type":"Organization","@id":"https:\/\/herbow.eu\/#organization","name":"Herbow International Zrt.","url":"https:\/\/herbow.eu\/","logo":{"@type":"ImageObject","inLanguage":"ro-RO","@id":"https:\/\/herbow.eu\/#\/schema\/logo\/image\/","url":"https:\/\/herbow.eu\/wp-content\/uploads\/2025\/07\/herbow_logo_hun_2021-01_w-slogan_no-background.png","contentUrl":"https:\/\/herbow.eu\/wp-content\/uploads\/2025\/07\/herbow_logo_hun_2021-01_w-slogan_no-background.png","width":2366,"height":1732,"caption":"Herbow International Zrt."},"image":{"@id":"https:\/\/herbow.eu\/#\/schema\/logo\/image\/"},"sameAs":["https:\/\/www.facebook.com\/herbowmosodioslabda\/","https:\/\/www.instagram.com\/herbowmosodioslabda\/"]}]}},"jetpack_likes_enabled":true,"jetpack_sharing_enabled":true,"_links":{"self":[{"href":"https:\/\/herbow.eu\/ro\/wp-json\/wp\/v2\/product\/1028","targetHints":{"allow":["GET"]}}],"collection":[{"href":"https:\/\/herbow.eu\/ro\/wp-json\/wp\/v2\/product"}],"about":[{"href":"https:\/\/herbow.eu\/ro\/wp-json\/wp\/v2\/types\/product"}],"replies":[{"embeddable":true,"href":"https:\/\/herbow.eu\/ro\/wp-json\/wp\/v2\/comments?post=1028"}],"wp:featuredmedia":[{"embeddable":true,"href":"https:\/\/herbow.eu\/ro\/wp-json\/wp\/v2\/media\/910"}],"wp:attachment":[{"href":"https:\/\/herbow.eu\/ro\/wp-json\/wp\/v2\/media?parent=1028"}],"wp:term":[{"taxonomy":"product_brand","embeddable":true,"href":"https:\/\/herbow.eu\/ro\/wp-json\/wp\/v2\/product_brand?post=1028"},{"taxonomy":"product_cat","embeddable":true,"href":"https:\/\/herbow.eu\/ro\/wp-json\/wp\/v2\/product_cat?post=1028"},{"taxonomy":"product_tag","embeddable":true,"href":"https:\/\/herbow.eu\/ro\/wp-json\/wp\/v2\/product_tag?post=1028"}],"curies":[{"name":"wp","href":"https:\/\/api.w.org\/{rel}","templated":true}]}}