{"id":1025,"date":"2025-08-18T11:05:56","date_gmt":"2025-08-18T09:05:56","guid":{"rendered":"https:\/\/herbow.eu\/product\/herbow-gepi-mosogatoszer-natur-illattal-750ml\/"},"modified":"2026-03-17T10:58:19","modified_gmt":"2026-03-17T09:58:19","slug":"lichid-de-spalat-vase-herbow-gepi-cu-parfum-natural-750ml","status":"publish","type":"product","link":"https:\/\/herbow.eu\/ro\/product\/herbow-gepi-mosogatoszer-natur-illattal-750ml\/","title":{"rendered":"Lichid de sp\u0103lat vase Herbow Super Concentrat cu arom\u0103 natural\u0103 750 ml"},"content":{"rendered":"<p>Lichidul de sp\u0103lat vase la ma\u0219in\u0103 Herbow cu parfum natural este o formul\u0103 super concentrat\u0103, pe baz\u0103 de plante, care con\u021bine extract natural de nuci de sp\u0103lat \u0219i enzime vegetale pentru degresare eficient\u0103 \u0219i \u00eendep\u0103rtarea reziduurilor alimentare. Ingredientele sale naturale sunt delicate cu ma\u0219ina \u0219i cu mediul \u00eenconjur\u0103tor, asigur\u00e2nd \u00een acela\u0219i timp o cur\u0103\u021benie f\u0103r\u0103 compromisuri. Formula sa cu spum\u0103 controlat\u0103 se adapteaz\u0103 la toate durit\u0103\u021bile apei, f\u0103c\u00e2ndu-l sigur pentru utilizarea \u00een ma\u0219ini cu dedurizatoare de ap\u0103. Formula lichid\u0103 se dizolv\u0103 rapid, \u00ee\u0219i face efectul la \u00eenceputul ciclului de sp\u0103lare \u0219i nu las\u0103 reziduuri pe vase sau \u00een interiorul ma\u0219inii. Parfumul natural ofer\u0103 o senza\u021bie de cur\u0103\u021benie proasp\u0103t\u0103 \u0219i neutr\u0103 - neintruziv\u0103, dar pl\u0103cut proasp\u0103t\u0103, ceea ce o face o alegere bun\u0103 pentru cei sensibili la parfumuri. Formula noastr\u0103 nu con\u021bine fosfa\u021bi, EDTA \u0219i clor, nu con\u021bine coloran\u021bi artificiali \u0219i este biodegradabil\u0103. Formula sa vegan\u0103 \u0219i ambalajul dispenserului cu spum\u0103 premium permit o dozare precis\u0103 \u0219i o utilizare economic\u0103. Detergentul natural pentru sp\u0103lat vase Herbow ofer\u0103 armonia perfect\u0103 \u00eentre cur\u0103\u021benia natural\u0103, eficien\u021ba \u0219i respectarea mediului - f\u0103r\u0103 compromisuri.<\/p>\n<p>Doza recomandat\u0103:<\/p>\n<ul>\n<li>Doza recomandat\u0103 pentru toate tipurile de ma\u0219ini de sp\u0103lat vase (inclusiv ma\u0219inile cu 9-12-15 locuri cu dedurizator de ap\u0103) este de 10-20 ml, \u00een func\u021bie de nivelul de murd\u0103rie.<\/li>\n<li>Nu ad\u0103uga\u021bi mai mult dec\u00e2t cantitatea prescris\u0103, deoarece supradozarea cu dedurizator de ap\u0103 de uz casnic poate provoca spum\u0103.<\/li>\n<li>Pentru un rezultat bun al cur\u0103\u021b\u0103rii, verifica\u021bi dac\u0103 ma\u0219ina este umplut\u0103 cu detergent de vase.<\/li>\n<li>Nu este necesar\u0103 regenerarea s\u0103rii atunci c\u00e2nd se utilizeaz\u0103 detergentul pentru ma\u0219ini de sp\u0103lat vase Herbow.<\/li>\n<\/ul>\n<p>Sfat: Pentru o eficien\u021b\u0103 pe termen lung, cur\u0103\u021ba\u021bi ma\u0219ina de sp\u0103lat vase o dat\u0103 pe lun\u0103 \u00een conformitate cu instruc\u021biunile produc\u0103torului.Pentru o eficien\u021b\u0103 pe termen lung, cur\u0103\u021ba\u021bi ma\u0219ina de sp\u0103lat vase o dat\u0103 pe lun\u0103 \u00een conformitate cu instruc\u021biunile produc\u0103torului.<\/p>","protected":false},"excerpt":{"rendered":"<p>Parfumul cur\u0103\u021beniei naturale care las\u0103 vasele proaspete \u0219i str\u0103lucitoare. O formul\u0103 super concentrat\u0103 cu extracte de nuci de sp\u0103lat \u0219i enzime vegetale care \u00eendep\u0103rteaz\u0103 eficient gr\u0103simea, fiind \u00een acela\u0219i timp prietenoas\u0103 cu mediul.<\/p>\n<p>Capacitate: 750ml<\/p>","protected":false},"featured_media":907,"comment_status":"open","ping_status":"closed","template":"","meta":[],"product_brand":[1397],"product_cat":[1490,1400],"product_tag":[1591,1583,1521,1578,1584,1581,1467,1532,1593,1576,1409,1575,1582,1586,1589,1502,1585,1588,1577,1579,1525,1526,1590,1587,1580,1594,1592],"class_list":{"0":"post-1025","1":"product","2":"type-product","3":"status-publish","4":"has-post-thumbnail","6":"product_brand-herbow","7":"product_cat-gepi-mosogatoszer","8":"product_cat-folyekony-mosogatoszer","9":"product_tag-alacsony-hofokon-is-hatekony","10":"product_tag-erzekeny-borueknek-is","11":"product_tag-oko-haztartas","12":"product_tag-oko-mososzer","13":"product_tag-babaruhakhoz-alkalmas","14":"product_tag-bio-mososzer","15":"product_tag-biologiailag-lebomlo","16":"product_tag-feher-es-szines-ruhakhoz","17":"product_tag-foszfatmentes","18":"product_tag-gepi-mososzer","19":"product_tag-herbow","20":"product_tag-herbow-gepi-mososzer","21":"product_tag-hipoallergen-mososzer","22":"product_tag-illatmentes-mososzer","23":"product_tag-kimeletes-tisztitas","24":"product_tag-kornyezetbarat-mosas","25":"product_tag-koncentralt-mososzer","26":"product_tag-melytisztito-mosas","27":"product_tag-mosogel","28":"product_tag-novenyi-alapu-mososzer","29":"product_tag-parabenmentes","30":"product_tag-szinezekmentes","31":"product_tag-szinkimelo-mosas","32":"product_tag-termeszetes-illat","33":"product_tag-termeszetes-mosogel","34":"product_tag-textilkimelo-formula","35":"product_tag-vegan-mososzer","37":"first","38":"instock","39":"taxable","40":"shipping-taxable","41":"product-type-simple"},"yoast_head":"<!-- This site is optimized with the Yoast SEO plugin v27.4 - https:\/\/yoast.com\/product\/yoast-seo-wordpress\/ -->\n<title>Herbow G\u00e9pi Mosogat\u00f3szer Szuper Koncentr\u00e1tum Nat\u00far illattal 750 ml - Herbow | International<\/title>\n<meta name=\"description\" content=\"A term\u00e9szetes tisztas\u00e1g illata, amely frissess\u00e9get \u00e9s ragyog\u00f3 ed\u00e9nyeket hagy maga ut\u00e1n. Mos\u00f3di\u00f3-extraktummal \u00e9s n\u00f6v\u00e9nyi enzimekkel k\u00e9sz\u00fclt szuper koncentr\u00e1lt formula, amely hat\u00e9konyan elt\u00e1vol\u00edtja a zs\u00edrt, mik\u00f6zben k\u00edm\u00e9letes a k\u00f6rnyezethez.\" \/>\n<meta name=\"robots\" content=\"index, follow, max-snippet:-1, max-image-preview:large, max-video-preview:-1\" \/>\n<link rel=\"canonical\" href=\"https:\/\/herbow.eu\/ro\/product\/lichid-de-spalat-vase-herbow-gepi-cu-parfum-natural-750ml\/\" \/>\n<meta property=\"og:locale\" content=\"ro_RO\" \/>\n<meta property=\"og:type\" content=\"article\" \/>\n<meta property=\"og:title\" content=\"Herbow G\u00e9pi Mosogat\u00f3szer Szuper Koncentr\u00e1tum Nat\u00far illattal 750 ml - Herbow | International\" \/>\n<meta property=\"og:description\" content=\"A term\u00e9szetes tisztas\u00e1g illata, amely frissess\u00e9get \u00e9s ragyog\u00f3 ed\u00e9nyeket hagy maga ut\u00e1n. Mos\u00f3di\u00f3-extraktummal \u00e9s n\u00f6v\u00e9nyi enzimekkel k\u00e9sz\u00fclt szuper koncentr\u00e1lt formula, amely hat\u00e9konyan elt\u00e1vol\u00edtja a zs\u00edrt, mik\u00f6zben k\u00edm\u00e9letes a k\u00f6rnyezethez.\" \/>\n<meta property=\"og:url\" content=\"https:\/\/herbow.eu\/ro\/product\/lichid-de-spalat-vase-herbow-gepi-cu-parfum-natural-750ml\/\" \/>\n<meta property=\"og:site_name\" content=\"Herbow | International\" \/>\n<meta property=\"article:publisher\" content=\"https:\/\/www.facebook.com\/herbowmosodioslabda\/\" \/>\n<meta property=\"article:modified_time\" content=\"2026-03-17T09:58:19+00:00\" \/>\n<meta property=\"og:image\" content=\"https:\/\/herbow.eu\/wp-content\/uploads\/2025\/08\/Herbow-Gepi-Mosogatoszer.png\" \/>\n\t<meta property=\"og:image:width\" content=\"2000\" \/>\n\t<meta property=\"og:image:height\" content=\"2000\" \/>\n\t<meta property=\"og:image:type\" content=\"image\/png\" \/>\n<meta name=\"twitter:card\" content=\"summary_large_image\" \/>\n<meta name=\"twitter:label1\" content=\"Timp estimat pentru citire\" \/>\n\t<meta name=\"twitter:data1\" content=\"2 minute\" \/>\n<script type=\"application\/ld+json\" class=\"yoast-schema-graph\">{\"@context\":\"https:\\\/\\\/schema.org\",\"@graph\":[{\"@type\":\"WebPage\",\"@id\":\"https:\\\/\\\/herbow.eu\\\/product\\\/herbow-gepi-mosogatoszer-natur-illattal-750ml\\\/\",\"url\":\"https:\\\/\\\/herbow.eu\\\/product\\\/herbow-gepi-mosogatoszer-natur-illattal-750ml\\\/\",\"name\":\"Herbow G\u00e9pi Mosogat\u00f3szer Szuper Koncentr\u00e1tum Nat\u00far illattal 750 ml - Herbow | International\",\"isPartOf\":{\"@id\":\"https:\\\/\\\/herbow.eu\\\/#website\"},\"primaryImageOfPage\":{\"@id\":\"https:\\\/\\\/herbow.eu\\\/product\\\/herbow-gepi-mosogatoszer-natur-illattal-750ml\\\/#primaryimage\"},\"image\":{\"@id\":\"https:\\\/\\\/herbow.eu\\\/product\\\/herbow-gepi-mosogatoszer-natur-illattal-750ml\\\/#primaryimage\"},\"thumbnailUrl\":\"https:\\\/\\\/herbow.eu\\\/wp-content\\\/uploads\\\/2025\\\/08\\\/Herbow-Gepi-Mosogatoszer.png\",\"datePublished\":\"2025-08-18T09:05:56+00:00\",\"dateModified\":\"2026-03-17T09:58:19+00:00\",\"description\":\"A term\u00e9szetes tisztas\u00e1g illata, amely frissess\u00e9get \u00e9s ragyog\u00f3 ed\u00e9nyeket hagy maga ut\u00e1n. Mos\u00f3di\u00f3-extraktummal \u00e9s n\u00f6v\u00e9nyi enzimekkel k\u00e9sz\u00fclt szuper koncentr\u00e1lt formula, amely hat\u00e9konyan elt\u00e1vol\u00edtja a zs\u00edrt, mik\u00f6zben k\u00edm\u00e9letes a k\u00f6rnyezethez.\",\"breadcrumb\":{\"@id\":\"https:\\\/\\\/herbow.eu\\\/product\\\/herbow-gepi-mosogatoszer-natur-illattal-750ml\\\/#breadcrumb\"},\"inLanguage\":\"ro-RO\",\"potentialAction\":[{\"@type\":\"ReadAction\",\"target\":[\"https:\\\/\\\/herbow.eu\\\/product\\\/herbow-gepi-mosogatoszer-natur-illattal-750ml\\\/\"]}]},{\"@type\":\"ImageObject\",\"inLanguage\":\"ro-RO\",\"@id\":\"https:\\\/\\\/herbow.eu\\\/product\\\/herbow-gepi-mosogatoszer-natur-illattal-750ml\\\/#primaryimage\",\"url\":\"https:\\\/\\\/herbow.eu\\\/wp-content\\\/uploads\\\/2025\\\/08\\\/Herbow-Gepi-Mosogatoszer.png\",\"contentUrl\":\"https:\\\/\\\/herbow.eu\\\/wp-content\\\/uploads\\\/2025\\\/08\\\/Herbow-Gepi-Mosogatoszer.png\",\"width\":2000,\"height\":2000},{\"@type\":\"BreadcrumbList\",\"@id\":\"https:\\\/\\\/herbow.eu\\\/product\\\/herbow-gepi-mosogatoszer-natur-illattal-750ml\\\/#breadcrumb\",\"itemListElement\":[{\"@type\":\"ListItem\",\"position\":1,\"name\":\"Kezd\u0151lap\",\"item\":\"https:\\\/\\\/herbow.eu\\\/\"},{\"@type\":\"ListItem\",\"position\":2,\"name\":\"Shop\",\"item\":\"https:\\\/\\\/herbow.eu\\\/shop\\\/\"},{\"@type\":\"ListItem\",\"position\":3,\"name\":\"Herbow G\u00e9pi Mosogat\u00f3szer Szuper Koncentr\u00e1tum Nat\u00far illattal 750 ml\"}]},{\"@type\":\"WebSite\",\"@id\":\"https:\\\/\\\/herbow.eu\\\/#website\",\"url\":\"https:\\\/\\\/herbow.eu\\\/\",\"name\":\"Herbow | Herbal Organic World\",\"description\":\"Herbal Organic World\",\"publisher\":{\"@id\":\"https:\\\/\\\/herbow.eu\\\/#organization\"},\"potentialAction\":[{\"@type\":\"SearchAction\",\"target\":{\"@type\":\"EntryPoint\",\"urlTemplate\":\"https:\\\/\\\/herbow.eu\\\/?s={search_term_string}\"},\"query-input\":{\"@type\":\"PropertyValueSpecification\",\"valueRequired\":true,\"valueName\":\"search_term_string\"}}],\"inLanguage\":\"ro-RO\"},{\"@type\":\"Organization\",\"@id\":\"https:\\\/\\\/herbow.eu\\\/#organization\",\"name\":\"Herbow International Zrt.\",\"url\":\"https:\\\/\\\/herbow.eu\\\/\",\"logo\":{\"@type\":\"ImageObject\",\"inLanguage\":\"ro-RO\",\"@id\":\"https:\\\/\\\/herbow.eu\\\/#\\\/schema\\\/logo\\\/image\\\/\",\"url\":\"https:\\\/\\\/herbow.eu\\\/wp-content\\\/uploads\\\/2025\\\/07\\\/herbow_logo_hun_2021-01_w-slogan_no-background.png\",\"contentUrl\":\"https:\\\/\\\/herbow.eu\\\/wp-content\\\/uploads\\\/2025\\\/07\\\/herbow_logo_hun_2021-01_w-slogan_no-background.png\",\"width\":2366,\"height\":1732,\"caption\":\"Herbow International Zrt.\"},\"image\":{\"@id\":\"https:\\\/\\\/herbow.eu\\\/#\\\/schema\\\/logo\\\/image\\\/\"},\"sameAs\":[\"https:\\\/\\\/www.facebook.com\\\/herbowmosodioslabda\\\/\",\"https:\\\/\\\/www.instagram.com\\\/herbowmosodioslabda\\\/\"]}]}<\/script>\n<!-- \/ Yoast SEO plugin. -->","yoast_head_json":{"title":"Lichid de sp\u0103lat vase Herbow Super Concentrat cu arom\u0103 natural\u0103 750 ml - Herbow | International","description":"Parfumul cur\u0103\u021beniei naturale care las\u0103 vasele proaspete \u0219i str\u0103lucitoare. O formul\u0103 super concentrat\u0103 cu extracte de nuci de sp\u0103lat \u0219i enzime vegetale care \u00eendep\u0103rteaz\u0103 eficient gr\u0103simea, fiind \u00een acela\u0219i timp prietenoas\u0103 cu mediul.","robots":{"index":"index","follow":"follow","max-snippet":"max-snippet:-1","max-image-preview":"max-image-preview:large","max-video-preview":"max-video-preview:-1"},"canonical":"https:\/\/herbow.eu\/ro\/product\/lichid-de-spalat-vase-herbow-gepi-cu-parfum-natural-750ml\/","og_locale":"ro_RO","og_type":"article","og_title":"Herbow G\u00e9pi Mosogat\u00f3szer Szuper Koncentr\u00e1tum Nat\u00far illattal 750 ml - Herbow | International","og_description":"A term\u00e9szetes tisztas\u00e1g illata, amely frissess\u00e9get \u00e9s ragyog\u00f3 ed\u00e9nyeket hagy maga ut\u00e1n. Mos\u00f3di\u00f3-extraktummal \u00e9s n\u00f6v\u00e9nyi enzimekkel k\u00e9sz\u00fclt szuper koncentr\u00e1lt formula, amely hat\u00e9konyan elt\u00e1vol\u00edtja a zs\u00edrt, mik\u00f6zben k\u00edm\u00e9letes a k\u00f6rnyezethez.","og_url":"https:\/\/herbow.eu\/ro\/product\/lichid-de-spalat-vase-herbow-gepi-cu-parfum-natural-750ml\/","og_site_name":"Herbow | International","article_publisher":"https:\/\/www.facebook.com\/herbowmosodioslabda\/","article_modified_time":"2026-03-17T09:58:19+00:00","og_image":[{"width":2000,"height":2000,"url":"https:\/\/herbow.eu\/wp-content\/uploads\/2025\/08\/Herbow-Gepi-Mosogatoszer.png","type":"image\/png"}],"twitter_card":"summary_large_image","twitter_misc":{"Timp estimat pentru citire":"2 minute"},"schema":{"@context":"https:\/\/schema.org","@graph":[{"@type":"WebPage","@id":"https:\/\/herbow.eu\/product\/herbow-gepi-mosogatoszer-natur-illattal-750ml\/","url":"https:\/\/herbow.eu\/product\/herbow-gepi-mosogatoszer-natur-illattal-750ml\/","name":"Lichid de sp\u0103lat vase Herbow Super Concentrat cu arom\u0103 natural\u0103 750 ml - Herbow | International","isPartOf":{"@id":"https:\/\/herbow.eu\/#website"},"primaryImageOfPage":{"@id":"https:\/\/herbow.eu\/product\/herbow-gepi-mosogatoszer-natur-illattal-750ml\/#primaryimage"},"image":{"@id":"https:\/\/herbow.eu\/product\/herbow-gepi-mosogatoszer-natur-illattal-750ml\/#primaryimage"},"thumbnailUrl":"https:\/\/herbow.eu\/wp-content\/uploads\/2025\/08\/Herbow-Gepi-Mosogatoszer.png","datePublished":"2025-08-18T09:05:56+00:00","dateModified":"2026-03-17T09:58:19+00:00","description":"Parfumul cur\u0103\u021beniei naturale care las\u0103 vasele proaspete \u0219i str\u0103lucitoare. O formul\u0103 super concentrat\u0103 cu extracte de nuci de sp\u0103lat \u0219i enzime vegetale care \u00eendep\u0103rteaz\u0103 eficient gr\u0103simea, fiind \u00een acela\u0219i timp prietenoas\u0103 cu mediul.","breadcrumb":{"@id":"https:\/\/herbow.eu\/product\/herbow-gepi-mosogatoszer-natur-illattal-750ml\/#breadcrumb"},"inLanguage":"ro-RO","potentialAction":[{"@type":"ReadAction","target":["https:\/\/herbow.eu\/product\/herbow-gepi-mosogatoszer-natur-illattal-750ml\/"]}]},{"@type":"ImageObject","inLanguage":"ro-RO","@id":"https:\/\/herbow.eu\/product\/herbow-gepi-mosogatoszer-natur-illattal-750ml\/#primaryimage","url":"https:\/\/herbow.eu\/wp-content\/uploads\/2025\/08\/Herbow-Gepi-Mosogatoszer.png","contentUrl":"https:\/\/herbow.eu\/wp-content\/uploads\/2025\/08\/Herbow-Gepi-Mosogatoszer.png","width":2000,"height":2000},{"@type":"BreadcrumbList","@id":"https:\/\/herbow.eu\/product\/herbow-gepi-mosogatoszer-natur-illattal-750ml\/#breadcrumb","itemListElement":[{"@type":"ListItem","position":1,"name":"Kezd\u0151lap","item":"https:\/\/herbow.eu\/"},{"@type":"ListItem","position":2,"name":"Shop","item":"https:\/\/herbow.eu\/shop\/"},{"@type":"ListItem","position":3,"name":"Herbow G\u00e9pi Mosogat\u00f3szer Szuper Koncentr\u00e1tum Nat\u00far illattal 750 ml"}]},{"@type":"WebSite","@id":"https:\/\/herbow.eu\/#website","url":"https:\/\/herbow.eu\/","name":"Herbow | Lumea organic\u0103 pe baz\u0103 de plante","description":"Lumea organic\u0103 pe baz\u0103 de plante","publisher":{"@id":"https:\/\/herbow.eu\/#organization"},"potentialAction":[{"@type":"SearchAction","target":{"@type":"EntryPoint","urlTemplate":"https:\/\/herbow.eu\/?s={search_term_string}"},"query-input":{"@type":"PropertyValueSpecification","valueRequired":true,"valueName":"search_term_string"}}],"inLanguage":"ro-RO"},{"@type":"Organization","@id":"https:\/\/herbow.eu\/#organization","name":"Herbow International Zrt.","url":"https:\/\/herbow.eu\/","logo":{"@type":"ImageObject","inLanguage":"ro-RO","@id":"https:\/\/herbow.eu\/#\/schema\/logo\/image\/","url":"https:\/\/herbow.eu\/wp-content\/uploads\/2025\/07\/herbow_logo_hun_2021-01_w-slogan_no-background.png","contentUrl":"https:\/\/herbow.eu\/wp-content\/uploads\/2025\/07\/herbow_logo_hun_2021-01_w-slogan_no-background.png","width":2366,"height":1732,"caption":"Herbow International Zrt."},"image":{"@id":"https:\/\/herbow.eu\/#\/schema\/logo\/image\/"},"sameAs":["https:\/\/www.facebook.com\/herbowmosodioslabda\/","https:\/\/www.instagram.com\/herbowmosodioslabda\/"]}]}},"jetpack_likes_enabled":true,"jetpack_sharing_enabled":true,"_links":{"self":[{"href":"https:\/\/herbow.eu\/ro\/wp-json\/wp\/v2\/product\/1025","targetHints":{"allow":["GET"]}}],"collection":[{"href":"https:\/\/herbow.eu\/ro\/wp-json\/wp\/v2\/product"}],"about":[{"href":"https:\/\/herbow.eu\/ro\/wp-json\/wp\/v2\/types\/product"}],"replies":[{"embeddable":true,"href":"https:\/\/herbow.eu\/ro\/wp-json\/wp\/v2\/comments?post=1025"}],"wp:featuredmedia":[{"embeddable":true,"href":"https:\/\/herbow.eu\/ro\/wp-json\/wp\/v2\/media\/907"}],"wp:attachment":[{"href":"https:\/\/herbow.eu\/ro\/wp-json\/wp\/v2\/media?parent=1025"}],"wp:term":[{"taxonomy":"product_brand","embeddable":true,"href":"https:\/\/herbow.eu\/ro\/wp-json\/wp\/v2\/product_brand?post=1025"},{"taxonomy":"product_cat","embeddable":true,"href":"https:\/\/herbow.eu\/ro\/wp-json\/wp\/v2\/product_cat?post=1025"},{"taxonomy":"product_tag","embeddable":true,"href":"https:\/\/herbow.eu\/ro\/wp-json\/wp\/v2\/product_tag?post=1025"}],"curies":[{"name":"wp","href":"https:\/\/api.w.org\/{rel}","templated":true}]}}