{"id":1019,"date":"2025-08-18T11:05:55","date_gmt":"2025-08-18T09:05:55","guid":{"rendered":"https:\/\/herbow.eu\/product\/herbow-folyekony-mososzer-szines-ruhakhoz-color-harmony-zold-tea-illat-2\/"},"modified":"2026-03-17T10:58:47","modified_gmt":"2026-03-17T09:58:47","slug":"apa-de-colonie-lichida-herbow-color-harmony-zold-tea-parfum","status":"publish","type":"product","link":"https:\/\/herbow.eu\/ro\/product\/herbow-folyekony-mososzer-color-harmony-zold-tea-illat\/","title":{"rendered":"Detergent lichid de rufe Herbow pentru haine colorate - Color harmony (parfum GREEN TEA)"},"content":{"rendered":"<p>Detergentul lichid pentru rufe Herbow Green Tea aduce o experien\u021b\u0103 de prospe\u021bime natural\u0103 \u0219i armonie la fiecare sp\u0103lare.<br \/>\nAcesta con\u021bine extract de nuc\u0103 de sp\u0103lat 12% extras delicat \u0219i bioenzime care \u00eendep\u0103rteaz\u0103 eficient murd\u0103ria chiar \u0219i la temperaturi sc\u0103zute, p\u0103str\u00e2nd \u00een acela\u0219i timp structura \u021bes\u0103turilor \u0219i men\u021bin\u00e2nd vibra\u021bia culorilor. Ingredientele pe baz\u0103 de plante sunt delicate pentru piele, dar asigur\u0103 performan\u021be de sp\u0103lare remarcabile - chiar \u0219i la 30-40\u00b0C. Poate fi folosit pe toate \u021bes\u0103turile colorate, de la bumbac la \u021bes\u0103turi mai fine, pentru a v\u0103 p\u0103stra hainele moi \u0219i cu un miros proasp\u0103t pentru mai mult timp. Parfumul s\u0103u delicat de ceai verde ofer\u0103 o senza\u021bie de cur\u0103\u021benie lini\u0219titoare, proasp\u0103t\u0103 \u0219i natural\u0103, f\u0103r\u0103 a fi intruziv\u0103. Nu con\u021bine coloran\u021bi artificiali, \u00een\u0103lbitori optici sau alte substan\u021be chimice iritante. Formul\u0103 vegan\u0103 \u0219i prietenoas\u0103 cu pielea, care protejeaz\u0103 \u021bes\u0103turile \u0219i mediul.<\/p>\n<ul>\n<li>Unicitatea sa: ac\u021biune detergent\u0103 excep\u021bional\u0103 cu ingrediente vegetale, f\u0103r\u0103 a deteriora \u021bes\u0103tura.<\/li>\n<li>Capacitate: 1000 ml = aprox. 33 de sp\u0103l\u0103ri<\/li>\n<li>Utilizare: pentru murd\u0103ria normal\u0103, 30 ml de detergent sunt suficien\u021bi pentru o sp\u0103lare.<\/li>\n<\/ul>\n<p>Nu se recomand\u0103 pentru produsele din l\u00e2n\u0103 \u0219i m\u0103tase.<\/p>","protected":false},"excerpt":{"rendered":"<p>Detergentul lichid pentru rufe Herbow cu parfum de ceai verde asigur\u0103 cur\u0103\u021benie natural\u0103 \u0219i prospe\u021bime pentru hainele colorate. Cur\u0103\u021b\u0103 cu extract de wasabi \u0219i bio-enzime, p\u0103str\u00e2nd \u00een acela\u0219i timp vivacitatea culorilor \u0219i moliciunea hainelor - cu un parfum delicat \u0219i proasp\u0103t de ceai verde.<\/p>","protected":false},"featured_media":866,"comment_status":"open","ping_status":"closed","template":"","meta":[],"product_brand":[1397],"product_cat":[1398],"product_tag":[1568,1431,1567,1555,1570,1559,1557,1572,1467,1564,1565,1571,1561,1409,1422,1573,1563,1562,1412,1558,1560,1554,1553,1574,1569,1556,1566],"class_list":{"0":"post-1019","1":"product","2":"type-product","3":"status-publish","4":"has-post-thumbnail","6":"product_brand-herbow","7":"product_cat-folyekony-mososzer","8":"product_tag-aktiv-probiotikumok","9":"product_tag-allergenmentes","10":"product_tag-allatkiserlet-mentes","11":"product_tag-elo-probiotikumok","12":"product_tag-oko-haztartasi-tisztitoszer","13":"product_tag-oko-tisztitas","14":"product_tag-biofilm-eltavolitas","15":"product_tag-biofilm-bonto-technologia","16":"product_tag-biologiailag-lebomlo","17":"product_tag-biztonsagos-tisztitas","18":"product_tag-borbarat-tisztitoszer","19":"product_tag-egeszseges-otthon","20":"product_tag-fenntarthato-haztartas","21":"product_tag-herbow","22":"product_tag-herbow-probiotikus","23":"product_tag-herbtech-probiotikus","24":"product_tag-hosszan-tarto-frissesseg","25":"product_tag-illatmentes-opcio","26":"product_tag-kornyezetbarat-tisztitoszer","27":"product_tag-melytisztito-hatas","28":"product_tag-novenyi-alapu-tisztitoszer","29":"product_tag-probiotikus-formula","30":"product_tag-probiotikus-tisztitoszer","31":"product_tag-tartos-mikrobialis-vedelem","32":"product_tag-termeszetes-higienia","33":"product_tag-termeszetes-tisztitas","34":"product_tag-vegan-tisztitoszer","36":"first","37":"instock","38":"taxable","39":"shipping-taxable","40":"product-type-variable"},"yoast_head":"<!-- This site is optimized with the Yoast SEO plugin v27.4 - https:\/\/yoast.com\/product\/yoast-seo-wordpress\/ -->\n<title>Herbow foly\u00e9kony mos\u00f3szer sz\u00ednes ruh\u00e1khoz - Color harmony (Z\u00d6LD TEA illat) - Herbow | International<\/title>\n<meta name=\"description\" content=\"A Herbow Z\u00f6ld Tea illat\u00fa foly\u00e9kony mos\u00f3szer term\u00e9szetes tisztas\u00e1got \u00e9s frissess\u00e9get ny\u00fajt sz\u00ednes ruh\u00e1khoz. Mos\u00f3di\u00f3-extraktummal \u00e9s bioenzimekkel tiszt\u00edt, mik\u00f6zben meg\u00f3vja a sz\u00ednek \u00e9l\u00e9nks\u00e9g\u00e9t \u00e9s a ruh\u00e1k puhas\u00e1g\u00e1t \u2013 finom, friss z\u00f6ld tea illattal.\" \/>\n<meta name=\"robots\" content=\"index, follow, max-snippet:-1, max-image-preview:large, max-video-preview:-1\" \/>\n<link rel=\"canonical\" href=\"https:\/\/herbow.eu\/ro\/product\/apa-de-colonie-lichida-herbow-color-harmony-zold-tea-parfum\/\" \/>\n<meta property=\"og:locale\" content=\"ro_RO\" \/>\n<meta property=\"og:type\" content=\"article\" \/>\n<meta property=\"og:title\" content=\"Herbow foly\u00e9kony mos\u00f3szer sz\u00ednes ruh\u00e1khoz - Color harmony (Z\u00d6LD TEA illat) - Herbow | International\" \/>\n<meta property=\"og:description\" content=\"A Herbow Z\u00f6ld Tea illat\u00fa foly\u00e9kony mos\u00f3szer term\u00e9szetes tisztas\u00e1got \u00e9s frissess\u00e9get ny\u00fajt sz\u00ednes ruh\u00e1khoz. Mos\u00f3di\u00f3-extraktummal \u00e9s bioenzimekkel tiszt\u00edt, mik\u00f6zben meg\u00f3vja a sz\u00ednek \u00e9l\u00e9nks\u00e9g\u00e9t \u00e9s a ruh\u00e1k puhas\u00e1g\u00e1t \u2013 finom, friss z\u00f6ld tea illattal.\" \/>\n<meta property=\"og:url\" content=\"https:\/\/herbow.eu\/ro\/product\/apa-de-colonie-lichida-herbow-color-harmony-zold-tea-parfum\/\" \/>\n<meta property=\"og:site_name\" content=\"Herbow | International\" \/>\n<meta property=\"article:publisher\" content=\"https:\/\/www.facebook.com\/herbowmosodioslabda\/\" \/>\n<meta property=\"article:modified_time\" content=\"2026-03-17T09:58:47+00:00\" \/>\n<meta property=\"og:image\" content=\"https:\/\/herbow.eu\/wp-content\/uploads\/2025\/08\/herbow_folyekony_mososzer_1000ml_redesign_v13_zold_tea.png\" \/>\n\t<meta property=\"og:image:width\" content=\"2000\" \/>\n\t<meta property=\"og:image:height\" content=\"2000\" \/>\n\t<meta property=\"og:image:type\" content=\"image\/png\" \/>\n<meta name=\"twitter:card\" content=\"summary_large_image\" \/>\n<meta name=\"twitter:label1\" content=\"Timp estimat pentru citire\" \/>\n\t<meta name=\"twitter:data1\" content=\"1 minut\" \/>\n<script type=\"application\/ld+json\" class=\"yoast-schema-graph\">{\"@context\":\"https:\\\/\\\/schema.org\",\"@graph\":[{\"@type\":\"WebPage\",\"@id\":\"https:\\\/\\\/herbow.eu\\\/product\\\/herbow-folyekony-mososzer-color-harmony-zold-tea-illat\\\/\",\"url\":\"https:\\\/\\\/herbow.eu\\\/product\\\/herbow-folyekony-mososzer-color-harmony-zold-tea-illat\\\/\",\"name\":\"Herbow foly\u00e9kony mos\u00f3szer sz\u00ednes ruh\u00e1khoz - Color harmony (Z\u00d6LD TEA illat) - Herbow | International\",\"isPartOf\":{\"@id\":\"https:\\\/\\\/herbow.eu\\\/#website\"},\"primaryImageOfPage\":{\"@id\":\"https:\\\/\\\/herbow.eu\\\/product\\\/herbow-folyekony-mososzer-color-harmony-zold-tea-illat\\\/#primaryimage\"},\"image\":{\"@id\":\"https:\\\/\\\/herbow.eu\\\/product\\\/herbow-folyekony-mososzer-color-harmony-zold-tea-illat\\\/#primaryimage\"},\"thumbnailUrl\":\"https:\\\/\\\/herbow.eu\\\/wp-content\\\/uploads\\\/2025\\\/08\\\/herbow_folyekony_mososzer_1000ml_redesign_v13_zold_tea.png\",\"datePublished\":\"2025-08-18T09:05:55+00:00\",\"dateModified\":\"2026-03-17T09:58:47+00:00\",\"description\":\"A Herbow Z\u00f6ld Tea illat\u00fa foly\u00e9kony mos\u00f3szer term\u00e9szetes tisztas\u00e1got \u00e9s frissess\u00e9get ny\u00fajt sz\u00ednes ruh\u00e1khoz. Mos\u00f3di\u00f3-extraktummal \u00e9s bioenzimekkel tiszt\u00edt, mik\u00f6zben meg\u00f3vja a sz\u00ednek \u00e9l\u00e9nks\u00e9g\u00e9t \u00e9s a ruh\u00e1k puhas\u00e1g\u00e1t \u2013 finom, friss z\u00f6ld tea illattal.\",\"breadcrumb\":{\"@id\":\"https:\\\/\\\/herbow.eu\\\/product\\\/herbow-folyekony-mososzer-color-harmony-zold-tea-illat\\\/#breadcrumb\"},\"inLanguage\":\"ro-RO\",\"potentialAction\":[{\"@type\":\"ReadAction\",\"target\":[\"https:\\\/\\\/herbow.eu\\\/product\\\/herbow-folyekony-mososzer-color-harmony-zold-tea-illat\\\/\"]}]},{\"@type\":\"ImageObject\",\"inLanguage\":\"ro-RO\",\"@id\":\"https:\\\/\\\/herbow.eu\\\/product\\\/herbow-folyekony-mososzer-color-harmony-zold-tea-illat\\\/#primaryimage\",\"url\":\"https:\\\/\\\/herbow.eu\\\/wp-content\\\/uploads\\\/2025\\\/08\\\/herbow_folyekony_mososzer_1000ml_redesign_v13_zold_tea.png\",\"contentUrl\":\"https:\\\/\\\/herbow.eu\\\/wp-content\\\/uploads\\\/2025\\\/08\\\/herbow_folyekony_mososzer_1000ml_redesign_v13_zold_tea.png\",\"width\":2000,\"height\":2000},{\"@type\":\"BreadcrumbList\",\"@id\":\"https:\\\/\\\/herbow.eu\\\/product\\\/herbow-folyekony-mososzer-color-harmony-zold-tea-illat\\\/#breadcrumb\",\"itemListElement\":[{\"@type\":\"ListItem\",\"position\":1,\"name\":\"Kezd\u0151lap\",\"item\":\"https:\\\/\\\/herbow.eu\\\/\"},{\"@type\":\"ListItem\",\"position\":2,\"name\":\"Shop\",\"item\":\"https:\\\/\\\/herbow.eu\\\/shop\\\/\"},{\"@type\":\"ListItem\",\"position\":3,\"name\":\"Herbow foly\u00e9kony mos\u00f3szer sz\u00ednes ruh\u00e1khoz &#8211; Color harmony (Z\u00d6LD TEA illat)\"}]},{\"@type\":\"WebSite\",\"@id\":\"https:\\\/\\\/herbow.eu\\\/#website\",\"url\":\"https:\\\/\\\/herbow.eu\\\/\",\"name\":\"Herbow | Herbal Organic World\",\"description\":\"Herbal Organic World\",\"publisher\":{\"@id\":\"https:\\\/\\\/herbow.eu\\\/#organization\"},\"potentialAction\":[{\"@type\":\"SearchAction\",\"target\":{\"@type\":\"EntryPoint\",\"urlTemplate\":\"https:\\\/\\\/herbow.eu\\\/?s={search_term_string}\"},\"query-input\":{\"@type\":\"PropertyValueSpecification\",\"valueRequired\":true,\"valueName\":\"search_term_string\"}}],\"inLanguage\":\"ro-RO\"},{\"@type\":\"Organization\",\"@id\":\"https:\\\/\\\/herbow.eu\\\/#organization\",\"name\":\"Herbow International Zrt.\",\"url\":\"https:\\\/\\\/herbow.eu\\\/\",\"logo\":{\"@type\":\"ImageObject\",\"inLanguage\":\"ro-RO\",\"@id\":\"https:\\\/\\\/herbow.eu\\\/#\\\/schema\\\/logo\\\/image\\\/\",\"url\":\"https:\\\/\\\/herbow.eu\\\/wp-content\\\/uploads\\\/2025\\\/07\\\/herbow_logo_hun_2021-01_w-slogan_no-background.png\",\"contentUrl\":\"https:\\\/\\\/herbow.eu\\\/wp-content\\\/uploads\\\/2025\\\/07\\\/herbow_logo_hun_2021-01_w-slogan_no-background.png\",\"width\":2366,\"height\":1732,\"caption\":\"Herbow International Zrt.\"},\"image\":{\"@id\":\"https:\\\/\\\/herbow.eu\\\/#\\\/schema\\\/logo\\\/image\\\/\"},\"sameAs\":[\"https:\\\/\\\/www.facebook.com\\\/herbowmosodioslabda\\\/\",\"https:\\\/\\\/www.instagram.com\\\/herbowmosodioslabda\\\/\"]}]}<\/script>\n<!-- \/ Yoast SEO plugin. -->","yoast_head_json":{"title":"Detergent lichid Herbow pentru rufe colorate - Armonia culorilor (arom\u0103 de ceai verde) - Herbow | International","description":"Detergentul lichid pentru rufe Herbow cu parfum de ceai verde asigur\u0103 cur\u0103\u021benie natural\u0103 \u0219i prospe\u021bime pentru hainele colorate. Cur\u0103\u021b\u0103 cu extract de wasabi \u0219i bio-enzime, p\u0103str\u00e2nd \u00een acela\u0219i timp vivacitatea culorilor \u0219i moliciunea hainelor - cu un parfum delicat \u0219i proasp\u0103t de ceai verde.","robots":{"index":"index","follow":"follow","max-snippet":"max-snippet:-1","max-image-preview":"max-image-preview:large","max-video-preview":"max-video-preview:-1"},"canonical":"https:\/\/herbow.eu\/ro\/product\/apa-de-colonie-lichida-herbow-color-harmony-zold-tea-parfum\/","og_locale":"ro_RO","og_type":"article","og_title":"Herbow foly\u00e9kony mos\u00f3szer sz\u00ednes ruh\u00e1khoz - Color harmony (Z\u00d6LD TEA illat) - Herbow | International","og_description":"A Herbow Z\u00f6ld Tea illat\u00fa foly\u00e9kony mos\u00f3szer term\u00e9szetes tisztas\u00e1got \u00e9s frissess\u00e9get ny\u00fajt sz\u00ednes ruh\u00e1khoz. Mos\u00f3di\u00f3-extraktummal \u00e9s bioenzimekkel tiszt\u00edt, mik\u00f6zben meg\u00f3vja a sz\u00ednek \u00e9l\u00e9nks\u00e9g\u00e9t \u00e9s a ruh\u00e1k puhas\u00e1g\u00e1t \u2013 finom, friss z\u00f6ld tea illattal.","og_url":"https:\/\/herbow.eu\/ro\/product\/apa-de-colonie-lichida-herbow-color-harmony-zold-tea-parfum\/","og_site_name":"Herbow | International","article_publisher":"https:\/\/www.facebook.com\/herbowmosodioslabda\/","article_modified_time":"2026-03-17T09:58:47+00:00","og_image":[{"width":2000,"height":2000,"url":"https:\/\/herbow.eu\/wp-content\/uploads\/2025\/08\/herbow_folyekony_mososzer_1000ml_redesign_v13_zold_tea.png","type":"image\/png"}],"twitter_card":"summary_large_image","twitter_misc":{"Timp estimat pentru citire":"1 minut"},"schema":{"@context":"https:\/\/schema.org","@graph":[{"@type":"WebPage","@id":"https:\/\/herbow.eu\/product\/herbow-folyekony-mososzer-color-harmony-zold-tea-illat\/","url":"https:\/\/herbow.eu\/product\/herbow-folyekony-mososzer-color-harmony-zold-tea-illat\/","name":"Detergent lichid Herbow pentru rufe colorate - Armonia culorilor (arom\u0103 de ceai verde) - Herbow | International","isPartOf":{"@id":"https:\/\/herbow.eu\/#website"},"primaryImageOfPage":{"@id":"https:\/\/herbow.eu\/product\/herbow-folyekony-mososzer-color-harmony-zold-tea-illat\/#primaryimage"},"image":{"@id":"https:\/\/herbow.eu\/product\/herbow-folyekony-mososzer-color-harmony-zold-tea-illat\/#primaryimage"},"thumbnailUrl":"https:\/\/herbow.eu\/wp-content\/uploads\/2025\/08\/herbow_folyekony_mososzer_1000ml_redesign_v13_zold_tea.png","datePublished":"2025-08-18T09:05:55+00:00","dateModified":"2026-03-17T09:58:47+00:00","description":"Detergentul lichid pentru rufe Herbow cu parfum de ceai verde asigur\u0103 cur\u0103\u021benie natural\u0103 \u0219i prospe\u021bime pentru hainele colorate. Cur\u0103\u021b\u0103 cu extract de wasabi \u0219i bio-enzime, p\u0103str\u00e2nd \u00een acela\u0219i timp vivacitatea culorilor \u0219i moliciunea hainelor - cu un parfum delicat \u0219i proasp\u0103t de ceai verde.","breadcrumb":{"@id":"https:\/\/herbow.eu\/product\/herbow-folyekony-mososzer-color-harmony-zold-tea-illat\/#breadcrumb"},"inLanguage":"ro-RO","potentialAction":[{"@type":"ReadAction","target":["https:\/\/herbow.eu\/product\/herbow-folyekony-mososzer-color-harmony-zold-tea-illat\/"]}]},{"@type":"ImageObject","inLanguage":"ro-RO","@id":"https:\/\/herbow.eu\/product\/herbow-folyekony-mososzer-color-harmony-zold-tea-illat\/#primaryimage","url":"https:\/\/herbow.eu\/wp-content\/uploads\/2025\/08\/herbow_folyekony_mososzer_1000ml_redesign_v13_zold_tea.png","contentUrl":"https:\/\/herbow.eu\/wp-content\/uploads\/2025\/08\/herbow_folyekony_mososzer_1000ml_redesign_v13_zold_tea.png","width":2000,"height":2000},{"@type":"BreadcrumbList","@id":"https:\/\/herbow.eu\/product\/herbow-folyekony-mososzer-color-harmony-zold-tea-illat\/#breadcrumb","itemListElement":[{"@type":"ListItem","position":1,"name":"Kezd\u0151lap","item":"https:\/\/herbow.eu\/"},{"@type":"ListItem","position":2,"name":"Shop","item":"https:\/\/herbow.eu\/shop\/"},{"@type":"ListItem","position":3,"name":"Herbow foly\u00e9kony mos\u00f3szer sz\u00ednes ruh\u00e1khoz &#8211; Color harmony (Z\u00d6LD TEA illat)"}]},{"@type":"WebSite","@id":"https:\/\/herbow.eu\/#website","url":"https:\/\/herbow.eu\/","name":"Herbow | Lumea organic\u0103 pe baz\u0103 de plante","description":"Lumea organic\u0103 pe baz\u0103 de plante","publisher":{"@id":"https:\/\/herbow.eu\/#organization"},"potentialAction":[{"@type":"SearchAction","target":{"@type":"EntryPoint","urlTemplate":"https:\/\/herbow.eu\/?s={search_term_string}"},"query-input":{"@type":"PropertyValueSpecification","valueRequired":true,"valueName":"search_term_string"}}],"inLanguage":"ro-RO"},{"@type":"Organization","@id":"https:\/\/herbow.eu\/#organization","name":"Herbow International Zrt.","url":"https:\/\/herbow.eu\/","logo":{"@type":"ImageObject","inLanguage":"ro-RO","@id":"https:\/\/herbow.eu\/#\/schema\/logo\/image\/","url":"https:\/\/herbow.eu\/wp-content\/uploads\/2025\/07\/herbow_logo_hun_2021-01_w-slogan_no-background.png","contentUrl":"https:\/\/herbow.eu\/wp-content\/uploads\/2025\/07\/herbow_logo_hun_2021-01_w-slogan_no-background.png","width":2366,"height":1732,"caption":"Herbow International Zrt."},"image":{"@id":"https:\/\/herbow.eu\/#\/schema\/logo\/image\/"},"sameAs":["https:\/\/www.facebook.com\/herbowmosodioslabda\/","https:\/\/www.instagram.com\/herbowmosodioslabda\/"]}]}},"jetpack_likes_enabled":true,"jetpack_sharing_enabled":true,"_links":{"self":[{"href":"https:\/\/herbow.eu\/ro\/wp-json\/wp\/v2\/product\/1019","targetHints":{"allow":["GET"]}}],"collection":[{"href":"https:\/\/herbow.eu\/ro\/wp-json\/wp\/v2\/product"}],"about":[{"href":"https:\/\/herbow.eu\/ro\/wp-json\/wp\/v2\/types\/product"}],"replies":[{"embeddable":true,"href":"https:\/\/herbow.eu\/ro\/wp-json\/wp\/v2\/comments?post=1019"}],"wp:featuredmedia":[{"embeddable":true,"href":"https:\/\/herbow.eu\/ro\/wp-json\/wp\/v2\/media\/866"}],"wp:attachment":[{"href":"https:\/\/herbow.eu\/ro\/wp-json\/wp\/v2\/media?parent=1019"}],"wp:term":[{"taxonomy":"product_brand","embeddable":true,"href":"https:\/\/herbow.eu\/ro\/wp-json\/wp\/v2\/product_brand?post=1019"},{"taxonomy":"product_cat","embeddable":true,"href":"https:\/\/herbow.eu\/ro\/wp-json\/wp\/v2\/product_cat?post=1019"},{"taxonomy":"product_tag","embeddable":true,"href":"https:\/\/herbow.eu\/ro\/wp-json\/wp\/v2\/product_tag?post=1019"}],"curies":[{"name":"wp","href":"https:\/\/api.w.org\/{rel}","templated":true}]}}