{"id":614,"date":"2025-07-19T16:26:11","date_gmt":"2025-07-19T14:26:11","guid":{"rendered":"https:\/\/herbow.eu\/?page_id=614"},"modified":"2026-01-10T13:03:41","modified_gmt":"2026-01-10T12:03:41","slug":"contact-2","status":"publish","type":"page","link":"https:\/\/herbow.eu\/ro\/kapcsolat\/","title":{"rendered":"Persoan\u0103 de contact"},"content":{"rendered":"\n\n\t<section class=\"section dark has-parallax\" id=\"section_1946095244\">\n\t\t<div class=\"section-bg fill\" data-parallax-container=\".section\" data-parallax-background data-parallax=\"-3\">\n\t\t\t<img loading=\"lazy\" decoding=\"async\" width=\"3280\" height=\"1848\" src=\"https:\/\/herbow.eu\/wp-content\/uploads\/2025\/11\/Banner_03-copy.jpg\" class=\"bg attachment- size-\" alt=\"\" data-attachment-id=\"1622\" data-permalink=\"https:\/\/herbow.eu\/ro\/kapcsolat\/banner_03-copy\/#main\" data-orig-file=\"https:\/\/herbow.eu\/wp-content\/uploads\/2025\/11\/Banner_03-copy.jpg\" data-orig-size=\"3280,1848\" data-comments-opened=\"1\" data-image-meta=\"{&quot;aperture&quot;:&quot;0&quot;,&quot;credit&quot;:&quot;&quot;,&quot;camera&quot;:&quot;&quot;,&quot;caption&quot;:&quot;&quot;,&quot;created_timestamp&quot;:&quot;0&quot;,&quot;copyright&quot;:&quot;&quot;,&quot;focal_length&quot;:&quot;0&quot;,&quot;iso&quot;:&quot;0&quot;,&quot;shutter_speed&quot;:&quot;0&quot;,&quot;title&quot;:&quot;&quot;,&quot;orientation&quot;:&quot;1&quot;}\" data-image-title=\"Banner_03 copy\" data-image-description=\"\" data-image-caption=\"\" data-large-file=\"https:\/\/herbow.eu\/wp-content\/uploads\/2025\/11\/Banner_03-copy-1400x789.jpg\" \/>\t\t\t\t\t\t<div class=\"section-bg-overlay absolute fill\"><\/div>\n\t\t\t\n\n\t\t<\/div>\n\n\t\t\n\n\t\t<div class=\"section-content relative\">\n\t\t\t\n\n<div class=\"row\"  id=\"row-593422679\">\n\n\n\t<div id=\"col-916821943\" class=\"col small-12 large-12\"  >\n\t\t\t\t<div class=\"col-inner text-center\"  >\n\t\t\t\n\t\t\t\n\n<h1 class=\"uppercase\" style=\"font-size: 200%;\"><strong>KAPCSOLAT<\/strong><\/h1>\n\n\t\t<\/div>\n\t\t\t\t\n<style>\n#col-916821943 > .col-inner {\n  padding: 20px 0px 0px 0px;\n}\n<\/style>\n\t<\/div>\n\n\t\n\n<\/div>\n\n\t\t<\/div>\n\n\t\t\n<style>\n#section_1946095244 {\n  padding-top: 140px;\n  padding-bottom: 140px;\n  background-color: rgb(40, 40, 40);\n}\n#section_1946095244 .section-bg-overlay {\n  background-color: rgba(0, 0, 0, 0.3);\n}\n#section_1946095244 .section-bg img {\n  object-position: 48% 50%;\n}\n<\/style>\n\t<\/section>\n\t\n\n\t<section class=\"section\" id=\"section_2069269903\">\n\t\t<div class=\"section-bg fill\" >\n\t\t\t\t\t\t\t\t\t\n\t\t\t\n\n\t\t<\/div>\n\n\t\t\n\n\t\t<div class=\"section-content relative\">\n\t\t\t\n\n<div class=\"row\"  id=\"row-2047184853\">\n\n\n\t<div id=\"col-440217296\" class=\"col small-12 large-12\"  >\n\t\t\t\t<div class=\"col-inner\"  >\n\t\t\t\n\t\t\t\n\n<div class=\"row align-equal\"  id=\"row-386636470\">\n\n\n\t<div id=\"col-1519945765\" class=\"col medium-6 small-12 large-6\"  data-animate=\"fadeInUp\">\n\t\t\t\t<div class=\"col-inner text-center\"  >\n\t\t\t\n\t\t\t\n\n\n\t\t<div class=\"icon-box featured-box icon-box-center text-center\"  >\n\t\t\t\t\t<div class=\"icon-box-img\" style=\"width: 60px\">\n\t\t\t\t<div class=\"icon\">\n\t\t\t\t\t<div class=\"icon-inner\" >\n\t\t\t\t\t\t<img loading=\"lazy\" decoding=\"async\" width=\"400\" height=\"400\" src=\"https:\/\/herbow.eu\/wp-content\/uploads\/2025\/11\/contact-page-for-flatsome-wordpress-theme-pointed-icon-phone-400x400.png?crop=1\" class=\"attachment-medium size-medium\" alt=\"\" srcset=\"https:\/\/herbow.eu\/wp-content\/uploads\/2025\/11\/contact-page-for-flatsome-wordpress-theme-pointed-icon-phone-400x400.png?crop=1 400w, https:\/\/herbow.eu\/wp-content\/uploads\/2025\/11\/contact-page-for-flatsome-wordpress-theme-pointed-icon-phone-280x280.png?crop=1 280w, https:\/\/herbow.eu\/wp-content\/uploads\/2025\/11\/contact-page-for-flatsome-wordpress-theme-pointed-icon-phone-240x240.png?crop=1 240w, https:\/\/herbow.eu\/wp-content\/uploads\/2025\/11\/contact-page-for-flatsome-wordpress-theme-pointed-icon-phone-500x500.png 500w, https:\/\/herbow.eu\/wp-content\/uploads\/2025\/11\/contact-page-for-flatsome-wordpress-theme-pointed-icon-phone-100x100.png?crop=1 100w, https:\/\/herbow.eu\/wp-content\/uploads\/2025\/11\/contact-page-for-flatsome-wordpress-theme-pointed-icon-phone.png 512w\" sizes=\"auto, (max-width: 400px) 100vw, 400px\" data-attachment-id=\"1585\" data-permalink=\"https:\/\/herbow.eu\/ro\/contact-page-for-flatsome-wordpress-theme-pointed-icon-phone\/\" data-orig-file=\"https:\/\/herbow.eu\/wp-content\/uploads\/2025\/11\/contact-page-for-flatsome-wordpress-theme-pointed-icon-phone.png\" data-orig-size=\"512,512\" data-comments-opened=\"1\" data-image-meta=\"{&quot;aperture&quot;:&quot;0&quot;,&quot;credit&quot;:&quot;&quot;,&quot;camera&quot;:&quot;&quot;,&quot;caption&quot;:&quot;&quot;,&quot;created_timestamp&quot;:&quot;0&quot;,&quot;copyright&quot;:&quot;&quot;,&quot;focal_length&quot;:&quot;0&quot;,&quot;iso&quot;:&quot;0&quot;,&quot;shutter_speed&quot;:&quot;0&quot;,&quot;title&quot;:&quot;&quot;,&quot;orientation&quot;:&quot;0&quot;}\" data-image-title=\"contact-page-for-flatsome-wordpress-theme-pointed-icon-phone\" data-image-description=\"\" data-image-caption=\"\" data-large-file=\"https:\/\/herbow.eu\/wp-content\/uploads\/2025\/11\/contact-page-for-flatsome-wordpress-theme-pointed-icon-phone.png\" \/>\t\t\t\t\t<\/div>\n\t\t\t\t<\/div>\n\t\t\t<\/div>\n\t\t\t\t<div class=\"icon-box-text last-reset\">\n\t\t\t\t\t\t\t\t\t\n\n<h4>K\u00e9rd\u00e9sed van? H\u00edvj minket!<\/h4>\n<p>H\u00edvj minket b\u00e1tran! Koll\u00e9g\u00e1ink gyors \u00e9s szem\u00e9lyes seg\u00edts\u00e9get ny\u00fajtanak, hogy minden Herbow term\u00e9k haszn\u00e1lata, illetve a v\u00e1s\u00e1rl\u00e1si folyamat is g\u00f6rd\u00fcl\u00e9keny \u00e9s egyszer\u0171 legyen.<\/p>\n\t<div id=\"gap-367914025\" class=\"gap-element clearfix\" style=\"display:block; height:auto;\">\n\t\t\n<style>\n#gap-367914025 {\n  padding-top: 20px;\n}\n<\/style>\n\t<\/div>\n\t\n\n<a href=\"tel:+3642440135\" class=\"button secondary\" >\n\t\t<span>+36 42 440 135<\/span>\n\t<\/a>\n\n\n\n\t\t<\/div>\n\t<\/div>\n\t\n\t\n\n\t\t<\/div>\n\t\t\t\t\t<\/div>\n\n\t\n\n\t<div id=\"col-1339158534\" class=\"col medium-6 small-12 large-6\"  data-animate=\"fadeInUp\">\n\t\t\t\t<div class=\"col-inner text-center\"  >\n\t\t\t\n\t\t\t\n\n\n\t\t<div class=\"icon-box featured-box icon-box-center text-center\"  >\n\t\t\t\t\t<div class=\"icon-box-img\" style=\"width: 60px\">\n\t\t\t\t<div class=\"icon\">\n\t\t\t\t\t<div class=\"icon-inner\" >\n\t\t\t\t\t\t<img loading=\"lazy\" decoding=\"async\" width=\"400\" height=\"400\" src=\"https:\/\/herbow.eu\/wp-content\/uploads\/2025\/11\/contact-page-for-flatsome-wordpress-theme-pointed-icon-chat-400x400.png?crop=1\" class=\"attachment-medium size-medium\" alt=\"\" srcset=\"https:\/\/herbow.eu\/wp-content\/uploads\/2025\/11\/contact-page-for-flatsome-wordpress-theme-pointed-icon-chat-400x400.png?crop=1 400w, https:\/\/herbow.eu\/wp-content\/uploads\/2025\/11\/contact-page-for-flatsome-wordpress-theme-pointed-icon-chat-280x280.png?crop=1 280w, https:\/\/herbow.eu\/wp-content\/uploads\/2025\/11\/contact-page-for-flatsome-wordpress-theme-pointed-icon-chat-240x240.png?crop=1 240w, https:\/\/herbow.eu\/wp-content\/uploads\/2025\/11\/contact-page-for-flatsome-wordpress-theme-pointed-icon-chat-500x500.png 500w, https:\/\/herbow.eu\/wp-content\/uploads\/2025\/11\/contact-page-for-flatsome-wordpress-theme-pointed-icon-chat-100x100.png?crop=1 100w, https:\/\/herbow.eu\/wp-content\/uploads\/2025\/11\/contact-page-for-flatsome-wordpress-theme-pointed-icon-chat.png 512w\" sizes=\"auto, (max-width: 400px) 100vw, 400px\" data-attachment-id=\"1584\" data-permalink=\"https:\/\/herbow.eu\/ro\/contact-page-for-flatsome-wordpress-theme-pointed-icon-chat\/\" data-orig-file=\"https:\/\/herbow.eu\/wp-content\/uploads\/2025\/11\/contact-page-for-flatsome-wordpress-theme-pointed-icon-chat.png\" data-orig-size=\"512,512\" data-comments-opened=\"1\" data-image-meta=\"{&quot;aperture&quot;:&quot;0&quot;,&quot;credit&quot;:&quot;&quot;,&quot;camera&quot;:&quot;&quot;,&quot;caption&quot;:&quot;&quot;,&quot;created_timestamp&quot;:&quot;0&quot;,&quot;copyright&quot;:&quot;&quot;,&quot;focal_length&quot;:&quot;0&quot;,&quot;iso&quot;:&quot;0&quot;,&quot;shutter_speed&quot;:&quot;0&quot;,&quot;title&quot;:&quot;&quot;,&quot;orientation&quot;:&quot;0&quot;}\" data-image-title=\"contact-page-for-flatsome-wordpress-theme-pointed-icon-chat\" data-image-description=\"\" data-image-caption=\"\" data-large-file=\"https:\/\/herbow.eu\/wp-content\/uploads\/2025\/11\/contact-page-for-flatsome-wordpress-theme-pointed-icon-chat.png\" \/>\t\t\t\t\t<\/div>\n\t\t\t\t<\/div>\n\t\t\t<\/div>\n\t\t\t\t<div class=\"icon-box-text last-reset\">\n\t\t\t\t\t\t\t\t\t\n\n<h4>L\u00e9pj kapcsolatba az \u00fcgyf\u00e9lszolg\u00e1lattal<\/h4>\n<p>N\u00e9ha mindenkinek j\u00f3l j\u00f6n egy kis seg\u00edts\u00e9g. Ne agg\u00f3dj, mi itt vagyunk, hogy t\u00e1mogassunk.<\/p>\n\t<div id=\"gap-1912893346\" class=\"gap-element clearfix\" style=\"display:block; height:auto;\">\n\t\t\n<style>\n#gap-1912893346 {\n  padding-top: 20px;\n}\n<\/style>\n\t<\/div>\n\t\n\n\n\t\t<\/div>\n\t<\/div>\n\t\n\t\n<a href=\"mailto:info@herbow.eu\" class=\"button secondary\" >\n\t\t<span>\u00fcgyf\u00e9lszolg\u00e1lat<\/span>\n\t<\/a>\n\n\n\n\t\t<\/div>\n\t\t\t\t\t<\/div>\n\n\t\n\n\t<div id=\"col-451881519\" class=\"col small-12 large-12\"  >\n\t\t\t\t<div class=\"col-inner text-center\" style=\"background-color:rgb(255,255,255);\" >\n\t\t\t\n\t\t\t\n\n<h3>K\u00e9rd\u00e9sed van a Herbow term\u00e9kekkel, rendel\u00e9seddel vagy egy\u00fcttm\u0171k\u00f6d\u00e9ssel kapcsolatban? <br \/>T\u00f6ltsd ki az \u0171rlapot, \u00e9s csapatunk hamarosan felveszi veled a kapcsolatot.<\/h3>\n<div class=\"is-divider divider clearfix\" ><\/div>\n\n<div class=\"row align-center\"  id=\"row-110053559\">\n\n\n\t<div id=\"col-970178835\" class=\"col medium-11 small-12 large-9\"  data-animate=\"blurIn\">\n\t\t\t\t<div class=\"col-inner text-left\"  >\n\t\t\t\n\t\t\t\n\n<style id=\"wpforms-css-vars-2439\">\n\t\t\t\t#wpforms-2439 {\n\t\t\t\t--wpforms-field-border-radius: 10px;\n--wpforms-field-background-color: #fcf5ea;\n--wpforms-field-border-color: rgba(0, 0, 0, 0.25);\n--wpforms-field-border-color-spare: rgba(0, 0, 0, 0.25);\n--wpforms-field-text-color: rgba(0, 0, 0, 0.7);\n--wpforms-label-color: rgba(0, 0, 0, 0.85);\n--wpforms-label-sublabel-color: rgba(0, 0, 0, 0.55);\n--wpforms-container-padding: 0px;\n--wpforms-container-border-width: 1px;\n--wpforms-container-border-radius: 3px;\n--wpforms-background-color: rgba(0, 0, 0, 0);\n--wpforms-field-size-input-height: 43px;\n--wpforms-field-size-input-spacing: 15px;\n--wpforms-field-size-font-size: 16px;\n--wpforms-field-size-line-height: 19px;\n--wpforms-field-size-padding-h: 14px;\n--wpforms-field-size-checkbox-size: 16px;\n--wpforms-field-size-sublabel-spacing: 5px;\n--wpforms-field-size-icon-size: 1;\n--wpforms-label-size-font-size: 16px;\n--wpforms-label-size-line-height: 19px;\n--wpforms-label-size-sublabel-font-size: 14px;\n--wpforms-label-size-sublabel-line-height: 17px;\n--wpforms-button-size-font-size: 17px;\n--wpforms-button-size-height: 41px;\n--wpforms-button-size-padding-h: 15px;\n--wpforms-button-size-margin-top: 10px;\n--wpforms-container-shadow-size-box-shadow: none;\n\t\t\t}\n\t\t\t<\/style><div class=\"wpforms-container wpforms-container-full wpforms-render-modern\" id=\"wpforms-2439\"><form id=\"wpforms-form-2439\" class=\"wpforms-validate wpforms-form wpforms-ajax-form\" data-formid=\"2439\" method=\"post\" enctype=\"multipart\/form-data\" action=\"\/ro\/wp-json\/wp\/v2\/pages\/614\" data-token=\"e8cc33aa533cd82df707c8a7146f8800\" data-token-time=\"1777042448\"><noscript class=\"wpforms-error-noscript\">Please enable JavaScript in your browser to complete this form.<\/noscript><div id=\"wpforms-error-noscript\" style=\"display: none;\">Please enable JavaScript in your browser to complete this form.<\/div><div class=\"wpforms-field-container\"><div id=\"wpforms-2439-field_1-container\" class=\"wpforms-field wpforms-field-name\" data-field-id=\"1\"><fieldset><legend class=\"wpforms-field-label\">Name <span class=\"wpforms-required-label\" aria-hidden=\"true\">*<\/span><\/legend><div class=\"wpforms-field-row wpforms-field-large\"><div class=\"wpforms-field-row-block wpforms-first wpforms-one-half\"><input type=\"text\" id=\"wpforms-2439-field_1\" class=\"wpforms-field-name-first wpforms-field-required\" name=\"wpforms[fields][1][first]\" aria-errormessage=\"wpforms-2439-field_1-error\" required><label for=\"wpforms-2439-field_1\" class=\"wpforms-field-sublabel after\">First<\/label><\/div><div class=\"wpforms-field-row-block wpforms-one-half\"><input type=\"text\" id=\"wpforms-2439-field_1-last\" class=\"wpforms-field-name-last wpforms-field-required\" name=\"wpforms[fields][1][last]\" aria-errormessage=\"wpforms-2439-field_1-last-error\" required><label for=\"wpforms-2439-field_1-last\" class=\"wpforms-field-sublabel after\">Last<\/label><\/div><\/div><\/fieldset><\/div>\t\t<div id=\"wpforms-2439-field_4-container\"\n\t\t\tclass=\"wpforms-field wpforms-field-text\"\n\t\t\tdata-field-type=\"text\"\n\t\t\tdata-field-id=\"4\"\n\t\t\t>\n\t\t\t<label class=\"wpforms-field-label\" for=\"wpforms-2439-field_4\" >or Comment Message<\/label>\n\t\t\t<input type=\"text\" id=\"wpforms-2439-field_4\" class=\"wpforms-field-medium\" name=\"wpforms[fields][4]\" >\n\t\t<\/div>\n\t\t<div id=\"wpforms-2439-field_2-container\" class=\"wpforms-field wpforms-field-email\" data-field-id=\"2\"><label class=\"wpforms-field-label\" for=\"wpforms-2439-field_2\">Email <span class=\"wpforms-required-label\" aria-hidden=\"true\">*<\/span><\/label><input type=\"email\" id=\"wpforms-2439-field_2\" class=\"wpforms-field-large wpforms-field-required\" name=\"wpforms[fields][2]\" spellcheck=\"false\" aria-errormessage=\"wpforms-2439-field_2-error\" required><\/div><div id=\"wpforms-2439-field_3-container\" class=\"wpforms-field wpforms-field-textarea\" data-field-id=\"3\"><label class=\"wpforms-field-label\" for=\"wpforms-2439-field_3\">Comment or Message<\/label><textarea id=\"wpforms-2439-field_3\" class=\"wpforms-field-medium\" name=\"wpforms[fields][3]\" aria-errormessage=\"wpforms-2439-field_3-error\" ><\/textarea><\/div><script>\n\t\t\t\t( function() {\n\t\t\t\t\tconst style = document.createElement( 'style' );\n\t\t\t\t\tstyle.appendChild( document.createTextNode( '#wpforms-2439-field_4-container { position: absolute !important; overflow: hidden !important; display: inline !important; height: 1px !important; width: 1px !important; z-index: -1000 !important; padding: 0 !important; } #wpforms-2439-field_4-container input { visibility: hidden; } #wpforms-conversational-form-page #wpforms-2439-field_4-container label { counter-increment: none; }' ) );\n\t\t\t\t\tdocument.head.appendChild( style );\n\t\t\t\t\tdocument.currentScript?.remove();\n\t\t\t\t} )();\n\t\t\t<\/script><\/div><!-- .wpforms-field-container --><div class=\"wpforms-submit-container\" ><input type=\"hidden\" name=\"wpforms[id]\" value=\"2439\"><input type=\"hidden\" name=\"page_title\" value=\"\"><input type=\"hidden\" name=\"page_url\" value=\"https:\/\/herbow.eu\/ro\/wp-json\/wp\/v2\/pages\/614\"><input type=\"hidden\" name=\"url_referer\" value=\"\"><button type=\"submit\" name=\"wpforms[submit]\" id=\"wpforms-submit-2439\" class=\"wpforms-submit\" data-alt-text=\"Sending...\" data-submit-text=\"Submit\" aria-live=\"assertive\" value=\"wpforms-submit\">Submit<\/button><img loading=\"lazy\" decoding=\"async\" src=\"https:\/\/herbow.eu\/wp-content\/plugins\/wpforms-lite\/assets\/images\/submit-spin.svg\" class=\"wpforms-submit-spinner\" style=\"display: none;\" width=\"26\" height=\"26\" alt=\"Loading\"><\/div><\/form><\/div>  <!-- .wpforms-container -->\n\n\t\t<\/div>\n\t\t\t\t\t<\/div>\n\n\t\n\n<\/div>\n\n\t\t<\/div>\n\t\t\t\t\t<\/div>\n\n\t\n\n\n<style>\n#row-386636470 > .col > .col-inner {\n  padding: 40px 40px 40px 40px;\n  background-color: rgb(255,255,255);\n}\n<\/style>\n<\/div>\n\n\t\t<\/div>\n\t\t\t\t\n<style>\n#col-440217296 > .col-inner {\n  margin: -100px 0px 0px 0px;\n}\n<\/style>\n\t<\/div>\n\n\t\n\n<\/div>\n\n\t\t<\/div>\n\n\t\t\n<style>\n#section_2069269903 {\n  padding-top: 30px;\n  padding-bottom: 30px;\n  background-color: rgb(244, 244, 244);\n}\n<\/style>\n\t<\/section>\n\t\n\n","protected":false},"excerpt":{"rendered":"","protected":false},"author":268520272,"featured_media":0,"parent":0,"menu_order":0,"comment_status":"closed","ping_status":"closed","template":"","meta":{"footnotes":""},"class_list":["post-614","page","type-page","status-publish","hentry"],"yoast_head":"<!-- This site is optimized with the Yoast SEO plugin v27.4 - https:\/\/yoast.com\/product\/yoast-seo-wordpress\/ -->\n<title>Kapcsolat - Herbow | International<\/title>\n<meta name=\"description\" content=\"H\u00edvj minket b\u00e1tran! Koll\u00e9g\u00e1ink gyors \u00e9s szem\u00e9lyes seg\u00edts\u00e9get ny\u00fajtanak, hogy minden Herbow term\u00e9k haszn\u00e1lata, illetve a v\u00e1s\u00e1rl\u00e1si folyamat is g\u00f6rd\u00fcl\u00e9keny \u00e9s egyszer\u0171 legyen.\" \/>\n<meta name=\"robots\" content=\"index, follow, max-snippet:-1, max-image-preview:large, max-video-preview:-1\" \/>\n<link rel=\"canonical\" href=\"https:\/\/herbow.eu\/ro\/contact-2\/\" \/>\n<meta property=\"og:locale\" content=\"ro_RO\" \/>\n<meta property=\"og:type\" content=\"article\" \/>\n<meta property=\"og:title\" content=\"Kapcsolat - Herbow | International\" \/>\n<meta property=\"og:description\" content=\"H\u00edvj minket b\u00e1tran! Koll\u00e9g\u00e1ink gyors \u00e9s szem\u00e9lyes seg\u00edts\u00e9get ny\u00fajtanak, hogy minden Herbow term\u00e9k haszn\u00e1lata, illetve a v\u00e1s\u00e1rl\u00e1si folyamat is g\u00f6rd\u00fcl\u00e9keny \u00e9s egyszer\u0171 legyen.\" \/>\n<meta property=\"og:url\" content=\"https:\/\/herbow.eu\/ro\/contact-2\/\" \/>\n<meta property=\"og:site_name\" content=\"Herbow | International\" \/>\n<meta property=\"article:publisher\" content=\"https:\/\/www.facebook.com\/herbowmosodioslabda\/\" \/>\n<meta property=\"article:modified_time\" content=\"2026-01-10T12:03:41+00:00\" \/>\n<meta name=\"twitter:card\" content=\"summary_large_image\" \/>\n<meta name=\"twitter:label1\" content=\"Timp estimat pentru citire\" \/>\n\t<meta name=\"twitter:data1\" content=\"1 minut\" \/>\n<script type=\"application\/ld+json\" class=\"yoast-schema-graph\">{\"@context\":\"https:\\\/\\\/schema.org\",\"@graph\":[{\"@type\":\"WebPage\",\"@id\":\"https:\\\/\\\/herbow.eu\\\/kapcsolat\\\/\",\"url\":\"https:\\\/\\\/herbow.eu\\\/kapcsolat\\\/\",\"name\":\"Kapcsolat - Herbow | International\",\"isPartOf\":{\"@id\":\"https:\\\/\\\/herbow.eu\\\/#website\"},\"datePublished\":\"2025-07-19T14:26:11+00:00\",\"dateModified\":\"2026-01-10T12:03:41+00:00\",\"description\":\"H\u00edvj minket b\u00e1tran! Koll\u00e9g\u00e1ink gyors \u00e9s szem\u00e9lyes seg\u00edts\u00e9get ny\u00fajtanak, hogy minden Herbow term\u00e9k haszn\u00e1lata, illetve a v\u00e1s\u00e1rl\u00e1si folyamat is g\u00f6rd\u00fcl\u00e9keny \u00e9s egyszer\u0171 legyen.\",\"breadcrumb\":{\"@id\":\"https:\\\/\\\/herbow.eu\\\/kapcsolat\\\/#breadcrumb\"},\"inLanguage\":\"ro-RO\",\"potentialAction\":[{\"@type\":\"ReadAction\",\"target\":[\"https:\\\/\\\/herbow.eu\\\/kapcsolat\\\/\"]}]},{\"@type\":\"BreadcrumbList\",\"@id\":\"https:\\\/\\\/herbow.eu\\\/kapcsolat\\\/#breadcrumb\",\"itemListElement\":[{\"@type\":\"ListItem\",\"position\":1,\"name\":\"Kezd\u0151lap\",\"item\":\"https:\\\/\\\/herbow.eu\\\/\"},{\"@type\":\"ListItem\",\"position\":2,\"name\":\"Kapcsolat\"}]},{\"@type\":\"WebSite\",\"@id\":\"https:\\\/\\\/herbow.eu\\\/#website\",\"url\":\"https:\\\/\\\/herbow.eu\\\/\",\"name\":\"Herbow | Herbal Organic World\",\"description\":\"Herbal Organic World\",\"publisher\":{\"@id\":\"https:\\\/\\\/herbow.eu\\\/#organization\"},\"potentialAction\":[{\"@type\":\"SearchAction\",\"target\":{\"@type\":\"EntryPoint\",\"urlTemplate\":\"https:\\\/\\\/herbow.eu\\\/?s={search_term_string}\"},\"query-input\":{\"@type\":\"PropertyValueSpecification\",\"valueRequired\":true,\"valueName\":\"search_term_string\"}}],\"inLanguage\":\"ro-RO\"},{\"@type\":\"Organization\",\"@id\":\"https:\\\/\\\/herbow.eu\\\/#organization\",\"name\":\"Herbow International Zrt.\",\"url\":\"https:\\\/\\\/herbow.eu\\\/\",\"logo\":{\"@type\":\"ImageObject\",\"inLanguage\":\"ro-RO\",\"@id\":\"https:\\\/\\\/herbow.eu\\\/#\\\/schema\\\/logo\\\/image\\\/\",\"url\":\"https:\\\/\\\/herbow.eu\\\/wp-content\\\/uploads\\\/2025\\\/07\\\/herbow_logo_hun_2021-01_w-slogan_no-background.png\",\"contentUrl\":\"https:\\\/\\\/herbow.eu\\\/wp-content\\\/uploads\\\/2025\\\/07\\\/herbow_logo_hun_2021-01_w-slogan_no-background.png\",\"width\":2366,\"height\":1732,\"caption\":\"Herbow International Zrt.\"},\"image\":{\"@id\":\"https:\\\/\\\/herbow.eu\\\/#\\\/schema\\\/logo\\\/image\\\/\"},\"sameAs\":[\"https:\\\/\\\/www.facebook.com\\\/herbowmosodioslabda\\\/\",\"https:\\\/\\\/www.instagram.com\\\/herbowmosodioslabda\\\/\"]}]}<\/script>\n<!-- \/ Yoast SEO plugin. -->","yoast_head_json":{"title":"Contact - Herbow | International","description":"Nu ezita\u021bi s\u0103 ne suna\u021bi! Personalul nostru v\u0103 va oferi asisten\u021b\u0103 rapid\u0103 \u0219i personalizat\u0103 pentru a face utilizarea oric\u0103rui produs Herbow \u0219i procesul de cump\u0103rare u\u0219or \u0219i f\u0103r\u0103 probleme.","robots":{"index":"index","follow":"follow","max-snippet":"max-snippet:-1","max-image-preview":"max-image-preview:large","max-video-preview":"max-video-preview:-1"},"canonical":"https:\/\/herbow.eu\/ro\/contact-2\/","og_locale":"ro_RO","og_type":"article","og_title":"Kapcsolat - Herbow | International","og_description":"H\u00edvj minket b\u00e1tran! Koll\u00e9g\u00e1ink gyors \u00e9s szem\u00e9lyes seg\u00edts\u00e9get ny\u00fajtanak, hogy minden Herbow term\u00e9k haszn\u00e1lata, illetve a v\u00e1s\u00e1rl\u00e1si folyamat is g\u00f6rd\u00fcl\u00e9keny \u00e9s egyszer\u0171 legyen.","og_url":"https:\/\/herbow.eu\/ro\/contact-2\/","og_site_name":"Herbow | International","article_publisher":"https:\/\/www.facebook.com\/herbowmosodioslabda\/","article_modified_time":"2026-01-10T12:03:41+00:00","twitter_card":"summary_large_image","twitter_misc":{"Timp estimat pentru citire":"1 minut"},"schema":{"@context":"https:\/\/schema.org","@graph":[{"@type":"WebPage","@id":"https:\/\/herbow.eu\/kapcsolat\/","url":"https:\/\/herbow.eu\/kapcsolat\/","name":"Contact - Herbow | International","isPartOf":{"@id":"https:\/\/herbow.eu\/#website"},"datePublished":"2025-07-19T14:26:11+00:00","dateModified":"2026-01-10T12:03:41+00:00","description":"Nu ezita\u021bi s\u0103 ne suna\u021bi! Personalul nostru v\u0103 va oferi asisten\u021b\u0103 rapid\u0103 \u0219i personalizat\u0103 pentru a face utilizarea oric\u0103rui produs Herbow \u0219i procesul de cump\u0103rare u\u0219or \u0219i f\u0103r\u0103 probleme.","breadcrumb":{"@id":"https:\/\/herbow.eu\/kapcsolat\/#breadcrumb"},"inLanguage":"ro-RO","potentialAction":[{"@type":"ReadAction","target":["https:\/\/herbow.eu\/kapcsolat\/"]}]},{"@type":"BreadcrumbList","@id":"https:\/\/herbow.eu\/kapcsolat\/#breadcrumb","itemListElement":[{"@type":"ListItem","position":1,"name":"Kezd\u0151lap","item":"https:\/\/herbow.eu\/"},{"@type":"ListItem","position":2,"name":"Kapcsolat"}]},{"@type":"WebSite","@id":"https:\/\/herbow.eu\/#website","url":"https:\/\/herbow.eu\/","name":"Herbow | Lumea organic\u0103 pe baz\u0103 de plante","description":"Lumea organic\u0103 pe baz\u0103 de plante","publisher":{"@id":"https:\/\/herbow.eu\/#organization"},"potentialAction":[{"@type":"SearchAction","target":{"@type":"EntryPoint","urlTemplate":"https:\/\/herbow.eu\/?s={search_term_string}"},"query-input":{"@type":"PropertyValueSpecification","valueRequired":true,"valueName":"search_term_string"}}],"inLanguage":"ro-RO"},{"@type":"Organization","@id":"https:\/\/herbow.eu\/#organization","name":"Herbow International Zrt.","url":"https:\/\/herbow.eu\/","logo":{"@type":"ImageObject","inLanguage":"ro-RO","@id":"https:\/\/herbow.eu\/#\/schema\/logo\/image\/","url":"https:\/\/herbow.eu\/wp-content\/uploads\/2025\/07\/herbow_logo_hun_2021-01_w-slogan_no-background.png","contentUrl":"https:\/\/herbow.eu\/wp-content\/uploads\/2025\/07\/herbow_logo_hun_2021-01_w-slogan_no-background.png","width":2366,"height":1732,"caption":"Herbow International Zrt."},"image":{"@id":"https:\/\/herbow.eu\/#\/schema\/logo\/image\/"},"sameAs":["https:\/\/www.facebook.com\/herbowmosodioslabda\/","https:\/\/www.instagram.com\/herbowmosodioslabda\/"]}]}},"jetpack_likes_enabled":true,"jetpack_sharing_enabled":true,"jetpack_shortlink":"https:\/\/wp.me\/Ph13on-9U","_links":{"self":[{"href":"https:\/\/herbow.eu\/ro\/wp-json\/wp\/v2\/pages\/614","targetHints":{"allow":["GET"]}}],"collection":[{"href":"https:\/\/herbow.eu\/ro\/wp-json\/wp\/v2\/pages"}],"about":[{"href":"https:\/\/herbow.eu\/ro\/wp-json\/wp\/v2\/types\/page"}],"author":[{"embeddable":true,"href":"https:\/\/herbow.eu\/ro\/wp-json\/wp\/v2\/users\/268520272"}],"replies":[{"embeddable":true,"href":"https:\/\/herbow.eu\/ro\/wp-json\/wp\/v2\/comments?post=614"}],"version-history":[{"count":13,"href":"https:\/\/herbow.eu\/ro\/wp-json\/wp\/v2\/pages\/614\/revisions"}],"predecessor-version":[{"id":2447,"href":"https:\/\/herbow.eu\/ro\/wp-json\/wp\/v2\/pages\/614\/revisions\/2447"}],"wp:attachment":[{"href":"https:\/\/herbow.eu\/ro\/wp-json\/wp\/v2\/media?parent=614"}],"curies":[{"name":"wp","href":"https:\/\/api.w.org\/{rel}","templated":true}]}}