{"id":2112,"date":"2025-12-15T11:00:51","date_gmt":"2025-12-15T10:00:51","guid":{"rendered":"https:\/\/herbow.eu\/?post_type=product&#038;p=2112"},"modified":"2026-03-17T10:58:47","modified_gmt":"2026-03-17T09:58:47","slug":"herbow-3w1-perfumy-mosra-fekete-szerelem","status":"publish","type":"product","link":"https:\/\/herbow.eu\/pl\/product\/herbow-3in1-mosoparfum-feher-szerelem\/","title":{"rendered":"Herbow 3in1 Wash Perfume White Love"},"content":{"rendered":"<p>P\u0142ynny detergent o zapachu zielonej herbaty Herbow \u0142\u0105czy w sobie moc natury i nowoczesn\u0105 technologi\u0119 prania, aby kolorowe ubrania na d\u0142ugo zachowa\u0142y swoj\u0105 b\u0142yskotliwo\u015b\u0107, mi\u0119kko\u015b\u0107 i \u015bwie\u017co\u015b\u0107.<\/p>\n<p><strong>Naturalne oczyszczanie, delikatna piel\u0119gnacja<\/strong><br \/>\nProszek do prania zawiera ekstrakt z orzech\u00f3w pior\u0105cych i bioenzymy, kt\u00f3re skutecznie rozk\u0142adaj\u0105 zabrudzenia, jednocze\u015bnie chroni\u0105c w\u0142\u00f3kna tkaniny. Pomaga zapobiega\u0107 blakni\u0119ciu kolor\u00f3w, dzi\u0119ki czemu Twoje ubrania d\u0142u\u017cej zachowaj\u0105 sw\u00f3j pierwotny wygl\u0105d.<\/p>\n<p><strong>\u015awie\u017cy, naturalny zapach zielonej herbaty<\/strong><br \/>\nDelikatny, czysty zapach zielonej herbaty po praniu pozostawia przyjemne uczucie \u015bwie\u017co\u015bci, nie b\u0119d\u0105c przy tym nachalnym. Idealny wyb\u00f3r zar\u00f3wno do odzie\u017cy codziennej, roboczej, jak i tekstyli\u00f3w domowych.<\/p>\n<p><strong>Dlaczego warto wybra\u0107 p\u0142yn do prania Herbow Zelen\u00fd \u010daj?<\/strong><\/p>\n<ul>\n<li>Opracowany dla kolorowych ubra\u0144<\/li>\n<li>Z ekstraktem z mydlnicy lekarskiej i bioenzymami<\/li>\n<li>Delikatne dla w\u0142\u00f3kien tekstylnych<\/li>\n<li>Pomaga zachowa\u0107 \u017cywo\u015b\u0107 kolor\u00f3w<\/li>\n<li>\u015awie\u017cy, naturalny zapach zielonej herbaty<\/li>\n<li>Odpowiedni do codziennego u\u017cytkuP\u0142ynny detergent o zapachu zielonej herbaty Herbow to idealny wyb\u00f3r dla os\u00f3b poszukuj\u0105cych skutecznego, a jednocze\u015bnie bardziej naturalnego rozwi\u0105zania do prania kolorowych ubra\u0144 \u2013 bez kompromis\u00f3w.<\/li>\n<\/ul>","protected":false},"excerpt":{"rendered":"<p>A <strong data-start=\"333\" data-end=\"378\">Herbaciany zielony p\u0142yn do prania<\/strong> zapewnia naturaln\u0105 czysto\u015b\u0107 i \u015bwie\u017co\u015b\u0107 <strong data-start=\"430\" data-end=\"446\">kolorowe ubrania<\/strong> Dla. Dzi\u0119ki ekstraktowi z orzech\u00f3w pior\u0105cych i bioenzymom skutecznie czy\u015bci, jednocze\u015bnie zachowuj\u0105c \u017cywe kolory i mi\u0119kko\u015b\u0107 tkanin. Delikatny, \u015bwie\u017cy zapach zielonej herbaty utrzymuje si\u0119 na ubraniach przez d\u0142ugi czas.<\/p>","protected":false},"featured_media":2120,"comment_status":"open","ping_status":"closed","template":"","meta":[],"product_brand":[1397],"product_cat":[1491],"product_tag":[1496,1493,1501,1409,1492,1495,1506,1504,1502,1507,1511,1510,1414,1499,1500,1505,1508,1509,1494,1497,1498,1503],"class_list":{"0":"post-2112","1":"product","2":"type-product","3":"status-publish","4":"has-post-thumbnail","6":"product_brand-herbow","7":"product_cat-3in1-mosoparfum-oblito-koncentratum","8":"product_tag-3in1-formula","9":"product_tag-3in1-mosoparfum","10":"product_tag-oko-oblito-alternativa","11":"product_tag-herbow","12":"product_tag-herbow-3in1","13":"product_tag-herbtech-3in1","14":"product_tag-hosszan-tarto-illat","15":"product_tag-illatos-ruhak","16":"product_tag-kornyezetbarat-mosas","17":"product_tag-koncentralt-mosoparfum","18":"product_tag-mosodio-melle-kiegeszito","19":"product_tag-mosogel-melle-kiegeszito","20":"product_tag-mosoparfum","21":"product_tag-novenyi-alapu-textilapolo","22":"product_tag-novenyi-eredetu-osszetevok","23":"product_tag-puha-ruhak","24":"product_tag-ruhaillatosito","25":"product_tag-szines-es-feher-ruhakhoz","26":"product_tag-textiloblito-koncentratum","27":"product_tag-textilfrissito","28":"product_tag-textillagyito","29":"product_tag-tudatos-haztartas","31":"first","32":"instock","33":"taxable","34":"shipping-taxable","35":"product-type-variable"},"yoast_head":"<!-- This site is optimized with the Yoast SEO plugin v27.4 - https:\/\/yoast.com\/product\/yoast-seo-wordpress\/ -->\n<title>Herbow 3in1 Mos\u00f3parf\u00fcm Feh\u00e9r szerelem - Herbow | International<\/title>\n<meta name=\"description\" content=\"A Herbow Z\u00f6ld Tea illat\u00fa foly\u00e9kony mos\u00f3szer term\u00e9szetes tisztas\u00e1got \u00e9s frissess\u00e9get biztos\u00edt a sz\u00ednes ruh\u00e1k sz\u00e1m\u00e1ra. Mos\u00f3di\u00f3-extraktummal \u00e9s bioenzimekkel hat\u00e9konyan tiszt\u00edt, mik\u00f6zben meg\u0151rzi a sz\u00ednek \u00e9l\u00e9nks\u00e9g\u00e9t \u00e9s a text\u00edli\u00e1k puhas\u00e1g\u00e1t. Finom, friss z\u00f6ld tea illata hosszan megmarad a ruh\u00e1kon.\" \/>\n<meta name=\"robots\" content=\"index, follow, max-snippet:-1, max-image-preview:large, max-video-preview:-1\" \/>\n<link rel=\"canonical\" href=\"https:\/\/herbow.eu\/pl\/product\/herbow-3w1-perfumy-mosra-fekete-szerelem\/\" \/>\n<meta property=\"og:locale\" content=\"pl_PL\" \/>\n<meta property=\"og:type\" content=\"article\" \/>\n<meta property=\"og:title\" content=\"Herbow 3in1 Mos\u00f3parf\u00fcm Feh\u00e9r szerelem - Herbow | International\" \/>\n<meta property=\"og:description\" content=\"A Herbow Z\u00f6ld Tea illat\u00fa foly\u00e9kony mos\u00f3szer term\u00e9szetes tisztas\u00e1got \u00e9s frissess\u00e9get biztos\u00edt a sz\u00ednes ruh\u00e1k sz\u00e1m\u00e1ra. Mos\u00f3di\u00f3-extraktummal \u00e9s bioenzimekkel hat\u00e9konyan tiszt\u00edt, mik\u00f6zben meg\u0151rzi a sz\u00ednek \u00e9l\u00e9nks\u00e9g\u00e9t \u00e9s a text\u00edli\u00e1k puhas\u00e1g\u00e1t. Finom, friss z\u00f6ld tea illata hosszan megmarad a ruh\u00e1kon.\" \/>\n<meta property=\"og:url\" content=\"https:\/\/herbow.eu\/pl\/product\/herbow-3w1-perfumy-mosra-fekete-szerelem\/\" \/>\n<meta property=\"og:site_name\" content=\"Herbow | International\" \/>\n<meta property=\"article:publisher\" content=\"https:\/\/www.facebook.com\/herbowmosodioslabda\/\" \/>\n<meta property=\"article:modified_time\" content=\"2026-03-17T09:58:47+00:00\" \/>\n<meta property=\"og:image\" content=\"https:\/\/herbow.eu\/wp-content\/uploads\/2025\/12\/Woo_base_2000x2000_47432_3in1_white_love_200ml.png\" \/>\n\t<meta property=\"og:image:width\" content=\"2000\" \/>\n\t<meta property=\"og:image:height\" content=\"2000\" \/>\n\t<meta property=\"og:image:type\" content=\"image\/png\" \/>\n<meta name=\"twitter:card\" content=\"summary_large_image\" \/>\n<meta name=\"twitter:label1\" content=\"Szacowany czas czytania\" \/>\n\t<meta name=\"twitter:data1\" content=\"1 minuta\" \/>\n<script type=\"application\/ld+json\" class=\"yoast-schema-graph\">{\"@context\":\"https:\\\/\\\/schema.org\",\"@graph\":[{\"@type\":\"WebPage\",\"@id\":\"https:\\\/\\\/herbow.eu\\\/product\\\/herbow-3in1-mosoparfum-feher-szerelem\\\/\",\"url\":\"https:\\\/\\\/herbow.eu\\\/product\\\/herbow-3in1-mosoparfum-feher-szerelem\\\/\",\"name\":\"Herbow 3in1 Mos\u00f3parf\u00fcm Feh\u00e9r szerelem - Herbow | International\",\"isPartOf\":{\"@id\":\"https:\\\/\\\/herbow.eu\\\/#website\"},\"primaryImageOfPage\":{\"@id\":\"https:\\\/\\\/herbow.eu\\\/product\\\/herbow-3in1-mosoparfum-feher-szerelem\\\/#primaryimage\"},\"image\":{\"@id\":\"https:\\\/\\\/herbow.eu\\\/product\\\/herbow-3in1-mosoparfum-feher-szerelem\\\/#primaryimage\"},\"thumbnailUrl\":\"https:\\\/\\\/herbow.eu\\\/wp-content\\\/uploads\\\/2025\\\/12\\\/Woo_base_2000x2000_47432_3in1_white_love_200ml.png\",\"datePublished\":\"2025-12-15T10:00:51+00:00\",\"dateModified\":\"2026-03-17T09:58:47+00:00\",\"description\":\"A Herbow Z\u00f6ld Tea illat\u00fa foly\u00e9kony mos\u00f3szer term\u00e9szetes tisztas\u00e1got \u00e9s frissess\u00e9get biztos\u00edt a sz\u00ednes ruh\u00e1k sz\u00e1m\u00e1ra. Mos\u00f3di\u00f3-extraktummal \u00e9s bioenzimekkel hat\u00e9konyan tiszt\u00edt, mik\u00f6zben meg\u0151rzi a sz\u00ednek \u00e9l\u00e9nks\u00e9g\u00e9t \u00e9s a text\u00edli\u00e1k puhas\u00e1g\u00e1t. Finom, friss z\u00f6ld tea illata hosszan megmarad a ruh\u00e1kon.\",\"breadcrumb\":{\"@id\":\"https:\\\/\\\/herbow.eu\\\/product\\\/herbow-3in1-mosoparfum-feher-szerelem\\\/#breadcrumb\"},\"inLanguage\":\"pl-PL\",\"potentialAction\":[{\"@type\":\"ReadAction\",\"target\":[\"https:\\\/\\\/herbow.eu\\\/product\\\/herbow-3in1-mosoparfum-feher-szerelem\\\/\"]}]},{\"@type\":\"ImageObject\",\"inLanguage\":\"pl-PL\",\"@id\":\"https:\\\/\\\/herbow.eu\\\/product\\\/herbow-3in1-mosoparfum-feher-szerelem\\\/#primaryimage\",\"url\":\"https:\\\/\\\/herbow.eu\\\/wp-content\\\/uploads\\\/2025\\\/12\\\/Woo_base_2000x2000_47432_3in1_white_love_200ml.png\",\"contentUrl\":\"https:\\\/\\\/herbow.eu\\\/wp-content\\\/uploads\\\/2025\\\/12\\\/Woo_base_2000x2000_47432_3in1_white_love_200ml.png\",\"width\":2000,\"height\":2000},{\"@type\":\"BreadcrumbList\",\"@id\":\"https:\\\/\\\/herbow.eu\\\/product\\\/herbow-3in1-mosoparfum-feher-szerelem\\\/#breadcrumb\",\"itemListElement\":[{\"@type\":\"ListItem\",\"position\":1,\"name\":\"Kezd\u0151lap\",\"item\":\"https:\\\/\\\/herbow.eu\\\/\"},{\"@type\":\"ListItem\",\"position\":2,\"name\":\"Shop\",\"item\":\"https:\\\/\\\/herbow.eu\\\/shop\\\/\"},{\"@type\":\"ListItem\",\"position\":3,\"name\":\"Herbow 3in1 Mos\u00f3parf\u00fcm Feh\u00e9r szerelem\"}]},{\"@type\":\"WebSite\",\"@id\":\"https:\\\/\\\/herbow.eu\\\/#website\",\"url\":\"https:\\\/\\\/herbow.eu\\\/\",\"name\":\"Herbow | Herbal Organic World\",\"description\":\"Herbal Organic World\",\"publisher\":{\"@id\":\"https:\\\/\\\/herbow.eu\\\/#organization\"},\"potentialAction\":[{\"@type\":\"SearchAction\",\"target\":{\"@type\":\"EntryPoint\",\"urlTemplate\":\"https:\\\/\\\/herbow.eu\\\/?s={search_term_string}\"},\"query-input\":{\"@type\":\"PropertyValueSpecification\",\"valueRequired\":true,\"valueName\":\"search_term_string\"}}],\"inLanguage\":\"pl-PL\"},{\"@type\":\"Organization\",\"@id\":\"https:\\\/\\\/herbow.eu\\\/#organization\",\"name\":\"Herbow International Zrt.\",\"url\":\"https:\\\/\\\/herbow.eu\\\/\",\"logo\":{\"@type\":\"ImageObject\",\"inLanguage\":\"pl-PL\",\"@id\":\"https:\\\/\\\/herbow.eu\\\/#\\\/schema\\\/logo\\\/image\\\/\",\"url\":\"https:\\\/\\\/herbow.eu\\\/wp-content\\\/uploads\\\/2025\\\/07\\\/herbow_logo_hun_2021-01_w-slogan_no-background.png\",\"contentUrl\":\"https:\\\/\\\/herbow.eu\\\/wp-content\\\/uploads\\\/2025\\\/07\\\/herbow_logo_hun_2021-01_w-slogan_no-background.png\",\"width\":2366,\"height\":1732,\"caption\":\"Herbow International Zrt.\"},\"image\":{\"@id\":\"https:\\\/\\\/herbow.eu\\\/#\\\/schema\\\/logo\\\/image\\\/\"},\"sameAs\":[\"https:\\\/\\\/www.facebook.com\\\/herbowmosodioslabda\\\/\",\"https:\\\/\\\/www.instagram.com\\\/herbowmosodioslabda\\\/\"]}]}<\/script>\n<!-- \/ Yoast SEO plugin. -->","yoast_head_json":{"title":"Drogere perwolinowy Herbow 3 w 1 Bia\u0142a Mi\u0142o\u015b\u0107 - Herbow | International","description":"P\u0142ynny detergent o zapachu Herbow Z\u00f6ld Tea zapewnia naturaln\u0105 czysto\u015b\u0107 i \u015bwie\u017co\u015b\u0107 kolorowym ubraniom. Dzi\u0119ki ekstraktowi z orzech\u00f3w mydlanych i bioenzymom skutecznie czy\u015bci, jednocze\u015bnie zachowuj\u0105c \u017cywo\u015b\u0107 kolor\u00f3w i mi\u0119kko\u015b\u0107 tkanin. Delikatny, \u015bwie\u017cy zapach zielonej herbaty d\u0142ugo utrzymuje si\u0119 na ubraniach.","robots":{"index":"index","follow":"follow","max-snippet":"max-snippet:-1","max-image-preview":"max-image-preview:large","max-video-preview":"max-video-preview:-1"},"canonical":"https:\/\/herbow.eu\/pl\/product\/herbow-3w1-perfumy-mosra-fekete-szerelem\/","og_locale":"pl_PL","og_type":"article","og_title":"Herbow 3in1 Mos\u00f3parf\u00fcm Feh\u00e9r szerelem - Herbow | International","og_description":"A Herbow Z\u00f6ld Tea illat\u00fa foly\u00e9kony mos\u00f3szer term\u00e9szetes tisztas\u00e1got \u00e9s frissess\u00e9get biztos\u00edt a sz\u00ednes ruh\u00e1k sz\u00e1m\u00e1ra. Mos\u00f3di\u00f3-extraktummal \u00e9s bioenzimekkel hat\u00e9konyan tiszt\u00edt, mik\u00f6zben meg\u0151rzi a sz\u00ednek \u00e9l\u00e9nks\u00e9g\u00e9t \u00e9s a text\u00edli\u00e1k puhas\u00e1g\u00e1t. Finom, friss z\u00f6ld tea illata hosszan megmarad a ruh\u00e1kon.","og_url":"https:\/\/herbow.eu\/pl\/product\/herbow-3w1-perfumy-mosra-fekete-szerelem\/","og_site_name":"Herbow | International","article_publisher":"https:\/\/www.facebook.com\/herbowmosodioslabda\/","article_modified_time":"2026-03-17T09:58:47+00:00","og_image":[{"width":2000,"height":2000,"url":"https:\/\/herbow.eu\/wp-content\/uploads\/2025\/12\/Woo_base_2000x2000_47432_3in1_white_love_200ml.png","type":"image\/png"}],"twitter_card":"summary_large_image","twitter_misc":{"Szacowany czas czytania":"1 minuta"},"schema":{"@context":"https:\/\/schema.org","@graph":[{"@type":"WebPage","@id":"https:\/\/herbow.eu\/product\/herbow-3in1-mosoparfum-feher-szerelem\/","url":"https:\/\/herbow.eu\/product\/herbow-3in1-mosoparfum-feher-szerelem\/","name":"Drogere perwolinowy Herbow 3 w 1 Bia\u0142a Mi\u0142o\u015b\u0107 - Herbow | International","isPartOf":{"@id":"https:\/\/herbow.eu\/#website"},"primaryImageOfPage":{"@id":"https:\/\/herbow.eu\/product\/herbow-3in1-mosoparfum-feher-szerelem\/#primaryimage"},"image":{"@id":"https:\/\/herbow.eu\/product\/herbow-3in1-mosoparfum-feher-szerelem\/#primaryimage"},"thumbnailUrl":"https:\/\/herbow.eu\/wp-content\/uploads\/2025\/12\/Woo_base_2000x2000_47432_3in1_white_love_200ml.png","datePublished":"2025-12-15T10:00:51+00:00","dateModified":"2026-03-17T09:58:47+00:00","description":"P\u0142ynny detergent o zapachu Herbow Z\u00f6ld Tea zapewnia naturaln\u0105 czysto\u015b\u0107 i \u015bwie\u017co\u015b\u0107 kolorowym ubraniom. Dzi\u0119ki ekstraktowi z orzech\u00f3w mydlanych i bioenzymom skutecznie czy\u015bci, jednocze\u015bnie zachowuj\u0105c \u017cywo\u015b\u0107 kolor\u00f3w i mi\u0119kko\u015b\u0107 tkanin. Delikatny, \u015bwie\u017cy zapach zielonej herbaty d\u0142ugo utrzymuje si\u0119 na ubraniach.","breadcrumb":{"@id":"https:\/\/herbow.eu\/product\/herbow-3in1-mosoparfum-feher-szerelem\/#breadcrumb"},"inLanguage":"pl-PL","potentialAction":[{"@type":"ReadAction","target":["https:\/\/herbow.eu\/product\/herbow-3in1-mosoparfum-feher-szerelem\/"]}]},{"@type":"ImageObject","inLanguage":"pl-PL","@id":"https:\/\/herbow.eu\/product\/herbow-3in1-mosoparfum-feher-szerelem\/#primaryimage","url":"https:\/\/herbow.eu\/wp-content\/uploads\/2025\/12\/Woo_base_2000x2000_47432_3in1_white_love_200ml.png","contentUrl":"https:\/\/herbow.eu\/wp-content\/uploads\/2025\/12\/Woo_base_2000x2000_47432_3in1_white_love_200ml.png","width":2000,"height":2000},{"@type":"BreadcrumbList","@id":"https:\/\/herbow.eu\/product\/herbow-3in1-mosoparfum-feher-szerelem\/#breadcrumb","itemListElement":[{"@type":"ListItem","position":1,"name":"Kezd\u0151lap","item":"https:\/\/herbow.eu\/"},{"@type":"ListItem","position":2,"name":"Shop","item":"https:\/\/herbow.eu\/shop\/"},{"@type":"ListItem","position":3,"name":"Herbow 3in1 Mos\u00f3parf\u00fcm Feh\u00e9r szerelem"}]},{"@type":"WebSite","@id":"https:\/\/herbow.eu\/#website","url":"https:\/\/herbow.eu\/","name":"Herbow | Herbal Organic World","description":"Herbal Organic World","publisher":{"@id":"https:\/\/herbow.eu\/#organization"},"potentialAction":[{"@type":"SearchAction","target":{"@type":"EntryPoint","urlTemplate":"https:\/\/herbow.eu\/?s={search_term_string}"},"query-input":{"@type":"PropertyValueSpecification","valueRequired":true,"valueName":"search_term_string"}}],"inLanguage":"pl-PL"},{"@type":"Organization","@id":"https:\/\/herbow.eu\/#organization","name":"Herbow International Zrt.","url":"https:\/\/herbow.eu\/","logo":{"@type":"ImageObject","inLanguage":"pl-PL","@id":"https:\/\/herbow.eu\/#\/schema\/logo\/image\/","url":"https:\/\/herbow.eu\/wp-content\/uploads\/2025\/07\/herbow_logo_hun_2021-01_w-slogan_no-background.png","contentUrl":"https:\/\/herbow.eu\/wp-content\/uploads\/2025\/07\/herbow_logo_hun_2021-01_w-slogan_no-background.png","width":2366,"height":1732,"caption":"Herbow International Zrt."},"image":{"@id":"https:\/\/herbow.eu\/#\/schema\/logo\/image\/"},"sameAs":["https:\/\/www.facebook.com\/herbowmosodioslabda\/","https:\/\/www.instagram.com\/herbowmosodioslabda\/"]}]}},"jetpack_likes_enabled":true,"jetpack_sharing_enabled":true,"_links":{"self":[{"href":"https:\/\/herbow.eu\/pl\/wp-json\/wp\/v2\/product\/2112","targetHints":{"allow":["GET"]}}],"collection":[{"href":"https:\/\/herbow.eu\/pl\/wp-json\/wp\/v2\/product"}],"about":[{"href":"https:\/\/herbow.eu\/pl\/wp-json\/wp\/v2\/types\/product"}],"replies":[{"embeddable":true,"href":"https:\/\/herbow.eu\/pl\/wp-json\/wp\/v2\/comments?post=2112"}],"wp:featuredmedia":[{"embeddable":true,"href":"https:\/\/herbow.eu\/pl\/wp-json\/wp\/v2\/media\/2120"}],"wp:attachment":[{"href":"https:\/\/herbow.eu\/pl\/wp-json\/wp\/v2\/media?parent=2112"}],"wp:term":[{"taxonomy":"product_brand","embeddable":true,"href":"https:\/\/herbow.eu\/pl\/wp-json\/wp\/v2\/product_brand?post=2112"},{"taxonomy":"product_cat","embeddable":true,"href":"https:\/\/herbow.eu\/pl\/wp-json\/wp\/v2\/product_cat?post=2112"},{"taxonomy":"product_tag","embeddable":true,"href":"https:\/\/herbow.eu\/pl\/wp-json\/wp\/v2\/product_tag?post=2112"}],"curies":[{"name":"wp","href":"https:\/\/api.w.org\/{rel}","templated":true}]}}