{"id":1242,"date":"2025-11-21T14:35:29","date_gmt":"2025-11-21T13:35:29","guid":{"rendered":"https:\/\/herbow.eu\/?post_type=product&#038;p=1242"},"modified":"2026-03-17T10:58:47","modified_gmt":"2026-03-17T09:58:47","slug":"perfumy-3w1-mosoparfum-tunder-baba-200-ml","status":"publish","type":"product","link":"https:\/\/herbow.eu\/pl\/product\/herbow-3in1-mosoparfum-tunder-baba-200-ml\/","title":{"rendered":"Herbow 3w1 Perfumy do prania Fairy Baby"},"content":{"rendered":"<p>Zapach T\u00fcnd\u00e9r Baba przywo\u0142uje subteln\u0105 r\u00f3wnowag\u0119 mi\u0119dzy czysto\u015bci\u0105 a trosk\u0105. \u015awie\u017cy, naturalny zapach rumianku tworzy mi\u0119kk\u0105, spokojn\u0105 atmosfer\u0119, kt\u00f3ra przenika \u015bwie\u017co wyprane ubrania i utrzymuje si\u0119 przez d\u0142ugi czas. Zapach ten jest jednocze\u015bnie koj\u0105cy i daj\u0105cy poczucie bezpiecze\u0144stwa, jakby z ka\u017cdym praniem \u015bwiat na chwil\u0119 zwalnia\u0142. Perfumy do prania Herbow 3w1 to nowa generacja \u015brodk\u00f3w do piel\u0119gnacji tkanin, \u0142\u0105cz\u0105ca moc natury z nowoczesn\u0105 technologi\u0105 w jednej formule. Ich innowacyjna formu\u0142a HerbTech 3w1 \u0142\u0105czy w sobie dzia\u0142anie perfum do prania, od\u015bwie\u017cacza do tkanin i p\u0142ynu zmi\u0119kczaj\u0105cego, dzi\u0119ki czemu ubrania nie tylko d\u0142ugo pachn\u0105, ale tak\u017ce pozostaj\u0105 mi\u0119kkie, \u0142atwe w piel\u0119gnacji i przyjemne w dotyku.<\/p>\n<p>Ro\u015blinne, \u0142agodne sk\u0142adniki piel\u0119gnuj\u0105 tekstylia, zachowuj\u0105c ich naturaln\u0105 ch\u0142onno\u015b\u0107. Po ka\u017cdym praniu ubrania zyskuj\u0105 \u015bwie\u017cy, naturalny zapach i d\u0142ugotrwa\u0142\u0105 mi\u0119kko\u015b\u0107, nie obci\u0105\u017caj\u0105c sk\u00f3ry ani \u015brodowiska. Perfumy do prania Herbow 3w1 to proste, \u015bwiadome i skuteczne rozwi\u0105zanie dla os\u00f3b poszukuj\u0105cych naturalnej czysto\u015bci bez kompromis\u00f3w. Zapach T\u0119czowej Babci pozostaje d\u0142ugo na tekstyliach, a z ka\u017cdym praniem przywraca uczucie troski, spokoju i bezpiecze\u0144stwa.<\/p>\n<p>U\u017cywaj 5 ml (p\u00f3\u0142 nakr\u0119tki) do ka\u017cdego prania, a je\u015bli chcesz uzyska\u0107 intensywniejszy zapach, zwi\u0119ksz dawk\u0119 o kilka mililitr\u00f3w.<\/p>","protected":false},"excerpt":{"rendered":"<p>A <strong>Herbow 3w1 Perfumy do Prania \u2013 Bajkowa Lalka<\/strong> a kamilla delikatnym, czystym zapachem przynosi poczucie troski i spokoju. Innowacyjny <strong>HerbTech 3w1<\/strong> Jego formu\u0142a \u0142\u0105czy w sobie dzia\u0142anie p\u0142ynu do prania perfumowanego, od\u015bwie\u017cacza tkanin i p\u0142ynu do p\u0142ukania tkanin, dzi\u0119ki czemu pranie nie tylko pachnie, ale jest te\u017c mi\u0119kkie i d\u0142ugo pozostaje \u015bwie\u017ce.<\/p>","protected":false},"featured_media":1146,"comment_status":"open","ping_status":"closed","template":"","meta":[],"product_brand":[1397],"product_cat":[1491],"product_tag":[1496,1493,1501,1409,1492,1495,1506,1504,1502,1507,1511,1510,1414,1499,1500,1505,1508,1509,1494,1497,1498,1503],"class_list":{"0":"post-1242","1":"product","2":"type-product","3":"status-publish","4":"has-post-thumbnail","6":"product_brand-herbow","7":"product_cat-3in1-mosoparfum-oblito-koncentratum","8":"product_tag-3in1-formula","9":"product_tag-3in1-mosoparfum","10":"product_tag-oko-oblito-alternativa","11":"product_tag-herbow","12":"product_tag-herbow-3in1","13":"product_tag-herbtech-3in1","14":"product_tag-hosszan-tarto-illat","15":"product_tag-illatos-ruhak","16":"product_tag-kornyezetbarat-mosas","17":"product_tag-koncentralt-mosoparfum","18":"product_tag-mosodio-melle-kiegeszito","19":"product_tag-mosogel-melle-kiegeszito","20":"product_tag-mosoparfum","21":"product_tag-novenyi-alapu-textilapolo","22":"product_tag-novenyi-eredetu-osszetevok","23":"product_tag-puha-ruhak","24":"product_tag-ruhaillatosito","25":"product_tag-szines-es-feher-ruhakhoz","26":"product_tag-textiloblito-koncentratum","27":"product_tag-textilfrissito","28":"product_tag-textillagyito","29":"product_tag-tudatos-haztartas","31":"first","32":"instock","33":"taxable","34":"shipping-taxable","35":"product-type-variable"},"yoast_head":"<!-- This site is optimized with the Yoast SEO plugin v27.5 - https:\/\/yoast.com\/product\/yoast-seo-wordpress\/ -->\n<title>Herbow 3in1 Mos\u00f3parf\u00fcm T\u00fcnd\u00e9r Baba - Herbow | International<\/title>\n<meta name=\"description\" content=\"A Herbow 3in1 Mos\u00f3parf\u00fcm \u2013 T\u00fcnd\u00e9r Baba a kamilla finom, tiszta illat\u00e1val a gondoskod\u00e1s \u00e9s a nyugalom \u00e9rz\u00e9s\u00e9t hozza el. Innovat\u00edv HerbTech 3in1 formul\u00e1ja egyes\u00edti a mos\u00f3parf\u00fcm, textilfriss\u00edt\u0151 \u00e9s textill\u00e1gy\u00edt\u00f3 hat\u00e1s\u00e1t, hogy a ruha ne csak illatos, hanem l\u00e1gy \u00e9s hosszan friss maradjon.\" \/>\n<meta name=\"robots\" content=\"index, follow, max-snippet:-1, max-image-preview:large, max-video-preview:-1\" \/>\n<link rel=\"canonical\" href=\"https:\/\/herbow.eu\/pl\/product\/perfumy-3w1-mosoparfum-tunder-baba-200-ml\/\" \/>\n<meta property=\"og:locale\" content=\"pl_PL\" \/>\n<meta property=\"og:type\" content=\"article\" \/>\n<meta property=\"og:title\" content=\"Herbow 3in1 Mos\u00f3parf\u00fcm T\u00fcnd\u00e9r Baba - Herbow | International\" \/>\n<meta property=\"og:description\" content=\"A Herbow 3in1 Mos\u00f3parf\u00fcm \u2013 T\u00fcnd\u00e9r Baba a kamilla finom, tiszta illat\u00e1val a gondoskod\u00e1s \u00e9s a nyugalom \u00e9rz\u00e9s\u00e9t hozza el. Innovat\u00edv HerbTech 3in1 formul\u00e1ja egyes\u00edti a mos\u00f3parf\u00fcm, textilfriss\u00edt\u0151 \u00e9s textill\u00e1gy\u00edt\u00f3 hat\u00e1s\u00e1t, hogy a ruha ne csak illatos, hanem l\u00e1gy \u00e9s hosszan friss maradjon.\" \/>\n<meta property=\"og:url\" content=\"https:\/\/herbow.eu\/pl\/product\/perfumy-3w1-mosoparfum-tunder-baba-200-ml\/\" \/>\n<meta property=\"og:site_name\" content=\"Herbow | International\" \/>\n<meta property=\"article:publisher\" content=\"https:\/\/www.facebook.com\/herbowmosodioslabda\/\" \/>\n<meta property=\"article:modified_time\" content=\"2026-03-17T09:58:47+00:00\" \/>\n<meta property=\"og:image\" content=\"https:\/\/herbow.eu\/wp-content\/uploads\/2025\/11\/Woo_base_2000x2000_47432_3in1_Fairy_Baby_200ml-copy.png\" \/>\n\t<meta property=\"og:image:width\" content=\"2000\" \/>\n\t<meta property=\"og:image:height\" content=\"2000\" \/>\n\t<meta property=\"og:image:type\" content=\"image\/png\" \/>\n<meta name=\"twitter:card\" content=\"summary_large_image\" \/>\n<meta name=\"twitter:label1\" content=\"Szacowany czas czytania\" \/>\n\t<meta name=\"twitter:data1\" content=\"2 minuty\" \/>\n<script type=\"application\/ld+json\" class=\"yoast-schema-graph\">{\"@context\":\"https:\\\/\\\/schema.org\",\"@graph\":[{\"@type\":\"WebPage\",\"@id\":\"https:\\\/\\\/herbow.eu\\\/product\\\/herbow-3in1-mosoparfum-tunder-baba-200-ml\\\/\",\"url\":\"https:\\\/\\\/herbow.eu\\\/product\\\/herbow-3in1-mosoparfum-tunder-baba-200-ml\\\/\",\"name\":\"Herbow 3in1 Mos\u00f3parf\u00fcm T\u00fcnd\u00e9r Baba - Herbow | International\",\"isPartOf\":{\"@id\":\"https:\\\/\\\/herbow.eu\\\/#website\"},\"primaryImageOfPage\":{\"@id\":\"https:\\\/\\\/herbow.eu\\\/product\\\/herbow-3in1-mosoparfum-tunder-baba-200-ml\\\/#primaryimage\"},\"image\":{\"@id\":\"https:\\\/\\\/herbow.eu\\\/product\\\/herbow-3in1-mosoparfum-tunder-baba-200-ml\\\/#primaryimage\"},\"thumbnailUrl\":\"https:\\\/\\\/herbow.eu\\\/wp-content\\\/uploads\\\/2025\\\/11\\\/Woo_base_2000x2000_47432_3in1_Fairy_Baby_200ml-copy.png\",\"datePublished\":\"2025-11-21T13:35:29+00:00\",\"dateModified\":\"2026-03-17T09:58:47+00:00\",\"description\":\"A Herbow 3in1 Mos\u00f3parf\u00fcm \u2013 T\u00fcnd\u00e9r Baba a kamilla finom, tiszta illat\u00e1val a gondoskod\u00e1s \u00e9s a nyugalom \u00e9rz\u00e9s\u00e9t hozza el. Innovat\u00edv HerbTech 3in1 formul\u00e1ja egyes\u00edti a mos\u00f3parf\u00fcm, textilfriss\u00edt\u0151 \u00e9s textill\u00e1gy\u00edt\u00f3 hat\u00e1s\u00e1t, hogy a ruha ne csak illatos, hanem l\u00e1gy \u00e9s hosszan friss maradjon.\",\"breadcrumb\":{\"@id\":\"https:\\\/\\\/herbow.eu\\\/product\\\/herbow-3in1-mosoparfum-tunder-baba-200-ml\\\/#breadcrumb\"},\"inLanguage\":\"pl-PL\",\"potentialAction\":[{\"@type\":\"ReadAction\",\"target\":[\"https:\\\/\\\/herbow.eu\\\/product\\\/herbow-3in1-mosoparfum-tunder-baba-200-ml\\\/\"]}]},{\"@type\":\"ImageObject\",\"inLanguage\":\"pl-PL\",\"@id\":\"https:\\\/\\\/herbow.eu\\\/product\\\/herbow-3in1-mosoparfum-tunder-baba-200-ml\\\/#primaryimage\",\"url\":\"https:\\\/\\\/herbow.eu\\\/wp-content\\\/uploads\\\/2025\\\/11\\\/Woo_base_2000x2000_47432_3in1_Fairy_Baby_200ml-copy.png\",\"contentUrl\":\"https:\\\/\\\/herbow.eu\\\/wp-content\\\/uploads\\\/2025\\\/11\\\/Woo_base_2000x2000_47432_3in1_Fairy_Baby_200ml-copy.png\",\"width\":2000,\"height\":2000},{\"@type\":\"BreadcrumbList\",\"@id\":\"https:\\\/\\\/herbow.eu\\\/product\\\/herbow-3in1-mosoparfum-tunder-baba-200-ml\\\/#breadcrumb\",\"itemListElement\":[{\"@type\":\"ListItem\",\"position\":1,\"name\":\"Kezd\u0151lap\",\"item\":\"https:\\\/\\\/herbow.eu\\\/\"},{\"@type\":\"ListItem\",\"position\":2,\"name\":\"Shop\",\"item\":\"https:\\\/\\\/herbow.eu\\\/shop\\\/\"},{\"@type\":\"ListItem\",\"position\":3,\"name\":\"Herbow 3in1 Mos\u00f3parf\u00fcm T\u00fcnd\u00e9r Baba\"}]},{\"@type\":\"WebSite\",\"@id\":\"https:\\\/\\\/herbow.eu\\\/#website\",\"url\":\"https:\\\/\\\/herbow.eu\\\/\",\"name\":\"Herbow | Herbal Organic World\",\"description\":\"Herbal Organic World\",\"publisher\":{\"@id\":\"https:\\\/\\\/herbow.eu\\\/#organization\"},\"potentialAction\":[{\"@type\":\"SearchAction\",\"target\":{\"@type\":\"EntryPoint\",\"urlTemplate\":\"https:\\\/\\\/herbow.eu\\\/?s={search_term_string}\"},\"query-input\":{\"@type\":\"PropertyValueSpecification\",\"valueRequired\":true,\"valueName\":\"search_term_string\"}}],\"inLanguage\":\"pl-PL\"},{\"@type\":\"Organization\",\"@id\":\"https:\\\/\\\/herbow.eu\\\/#organization\",\"name\":\"Herbow International Zrt.\",\"url\":\"https:\\\/\\\/herbow.eu\\\/\",\"logo\":{\"@type\":\"ImageObject\",\"inLanguage\":\"pl-PL\",\"@id\":\"https:\\\/\\\/herbow.eu\\\/#\\\/schema\\\/logo\\\/image\\\/\",\"url\":\"https:\\\/\\\/herbow.eu\\\/wp-content\\\/uploads\\\/2025\\\/07\\\/herbow_logo_hun_2021-01_w-slogan_no-background.png\",\"contentUrl\":\"https:\\\/\\\/herbow.eu\\\/wp-content\\\/uploads\\\/2025\\\/07\\\/herbow_logo_hun_2021-01_w-slogan_no-background.png\",\"width\":2366,\"height\":1732,\"caption\":\"Herbow International Zrt.\"},\"image\":{\"@id\":\"https:\\\/\\\/herbow.eu\\\/#\\\/schema\\\/logo\\\/image\\\/\"},\"sameAs\":[\"https:\\\/\\\/www.facebook.com\\\/herbowmosodioslabda\\\/\",\"https:\\\/\\\/www.instagram.com\\\/herbowmosodioslabda\\\/\"]}]}<\/script>\n<!-- \/ Yoast SEO plugin. -->","yoast_head_json":{"title":"Herbow 3w1 P\u0142yn zapachowy do prania Fairy Baby - Herbow | Mi\u0119dzynarodowy","description":"Herbow Perfumy do prania 3w1 - Bajkowy Dziecko z delikatnym, czystym zapachem rumianku przynosi uczucie troski i spokoju. Jego innowacyjna formu\u0142a HerbTech 3w1 \u0142\u0105czy w sobie dzia\u0142anie perfum do prania, od\u015bwie\u017cacza tkanin i p\u0142ynu do p\u0142ukania, dzi\u0119ki czemu ubrania pozostaj\u0105 nie tylko pachn\u0105ce, ale tak\u017ce mi\u0119kkie i d\u0142ugo \u015bwie\u017ce.","robots":{"index":"index","follow":"follow","max-snippet":"max-snippet:-1","max-image-preview":"max-image-preview:large","max-video-preview":"max-video-preview:-1"},"canonical":"https:\/\/herbow.eu\/pl\/product\/perfumy-3w1-mosoparfum-tunder-baba-200-ml\/","og_locale":"pl_PL","og_type":"article","og_title":"Herbow 3in1 Mos\u00f3parf\u00fcm T\u00fcnd\u00e9r Baba - Herbow | International","og_description":"A Herbow 3in1 Mos\u00f3parf\u00fcm \u2013 T\u00fcnd\u00e9r Baba a kamilla finom, tiszta illat\u00e1val a gondoskod\u00e1s \u00e9s a nyugalom \u00e9rz\u00e9s\u00e9t hozza el. Innovat\u00edv HerbTech 3in1 formul\u00e1ja egyes\u00edti a mos\u00f3parf\u00fcm, textilfriss\u00edt\u0151 \u00e9s textill\u00e1gy\u00edt\u00f3 hat\u00e1s\u00e1t, hogy a ruha ne csak illatos, hanem l\u00e1gy \u00e9s hosszan friss maradjon.","og_url":"https:\/\/herbow.eu\/pl\/product\/perfumy-3w1-mosoparfum-tunder-baba-200-ml\/","og_site_name":"Herbow | International","article_publisher":"https:\/\/www.facebook.com\/herbowmosodioslabda\/","article_modified_time":"2026-03-17T09:58:47+00:00","og_image":[{"width":2000,"height":2000,"url":"https:\/\/herbow.eu\/wp-content\/uploads\/2025\/11\/Woo_base_2000x2000_47432_3in1_Fairy_Baby_200ml-copy.png","type":"image\/png"}],"twitter_card":"summary_large_image","twitter_misc":{"Szacowany czas czytania":"2 minuty"},"schema":{"@context":"https:\/\/schema.org","@graph":[{"@type":"WebPage","@id":"https:\/\/herbow.eu\/product\/herbow-3in1-mosoparfum-tunder-baba-200-ml\/","url":"https:\/\/herbow.eu\/product\/herbow-3in1-mosoparfum-tunder-baba-200-ml\/","name":"Herbow 3w1 P\u0142yn zapachowy do prania Fairy Baby - Herbow | Mi\u0119dzynarodowy","isPartOf":{"@id":"https:\/\/herbow.eu\/#website"},"primaryImageOfPage":{"@id":"https:\/\/herbow.eu\/product\/herbow-3in1-mosoparfum-tunder-baba-200-ml\/#primaryimage"},"image":{"@id":"https:\/\/herbow.eu\/product\/herbow-3in1-mosoparfum-tunder-baba-200-ml\/#primaryimage"},"thumbnailUrl":"https:\/\/herbow.eu\/wp-content\/uploads\/2025\/11\/Woo_base_2000x2000_47432_3in1_Fairy_Baby_200ml-copy.png","datePublished":"2025-11-21T13:35:29+00:00","dateModified":"2026-03-17T09:58:47+00:00","description":"Herbow Perfumy do prania 3w1 - Bajkowy Dziecko z delikatnym, czystym zapachem rumianku przynosi uczucie troski i spokoju. Jego innowacyjna formu\u0142a HerbTech 3w1 \u0142\u0105czy w sobie dzia\u0142anie perfum do prania, od\u015bwie\u017cacza tkanin i p\u0142ynu do p\u0142ukania, dzi\u0119ki czemu ubrania pozostaj\u0105 nie tylko pachn\u0105ce, ale tak\u017ce mi\u0119kkie i d\u0142ugo \u015bwie\u017ce.","breadcrumb":{"@id":"https:\/\/herbow.eu\/product\/herbow-3in1-mosoparfum-tunder-baba-200-ml\/#breadcrumb"},"inLanguage":"pl-PL","potentialAction":[{"@type":"ReadAction","target":["https:\/\/herbow.eu\/product\/herbow-3in1-mosoparfum-tunder-baba-200-ml\/"]}]},{"@type":"ImageObject","inLanguage":"pl-PL","@id":"https:\/\/herbow.eu\/product\/herbow-3in1-mosoparfum-tunder-baba-200-ml\/#primaryimage","url":"https:\/\/herbow.eu\/wp-content\/uploads\/2025\/11\/Woo_base_2000x2000_47432_3in1_Fairy_Baby_200ml-copy.png","contentUrl":"https:\/\/herbow.eu\/wp-content\/uploads\/2025\/11\/Woo_base_2000x2000_47432_3in1_Fairy_Baby_200ml-copy.png","width":2000,"height":2000},{"@type":"BreadcrumbList","@id":"https:\/\/herbow.eu\/product\/herbow-3in1-mosoparfum-tunder-baba-200-ml\/#breadcrumb","itemListElement":[{"@type":"ListItem","position":1,"name":"Kezd\u0151lap","item":"https:\/\/herbow.eu\/"},{"@type":"ListItem","position":2,"name":"Shop","item":"https:\/\/herbow.eu\/shop\/"},{"@type":"ListItem","position":3,"name":"Herbow 3in1 Mos\u00f3parf\u00fcm T\u00fcnd\u00e9r Baba"}]},{"@type":"WebSite","@id":"https:\/\/herbow.eu\/#website","url":"https:\/\/herbow.eu\/","name":"Herbow | Herbal Organic World","description":"Herbal Organic World","publisher":{"@id":"https:\/\/herbow.eu\/#organization"},"potentialAction":[{"@type":"SearchAction","target":{"@type":"EntryPoint","urlTemplate":"https:\/\/herbow.eu\/?s={search_term_string}"},"query-input":{"@type":"PropertyValueSpecification","valueRequired":true,"valueName":"search_term_string"}}],"inLanguage":"pl-PL"},{"@type":"Organization","@id":"https:\/\/herbow.eu\/#organization","name":"Herbow International Zrt.","url":"https:\/\/herbow.eu\/","logo":{"@type":"ImageObject","inLanguage":"pl-PL","@id":"https:\/\/herbow.eu\/#\/schema\/logo\/image\/","url":"https:\/\/herbow.eu\/wp-content\/uploads\/2025\/07\/herbow_logo_hun_2021-01_w-slogan_no-background.png","contentUrl":"https:\/\/herbow.eu\/wp-content\/uploads\/2025\/07\/herbow_logo_hun_2021-01_w-slogan_no-background.png","width":2366,"height":1732,"caption":"Herbow International Zrt."},"image":{"@id":"https:\/\/herbow.eu\/#\/schema\/logo\/image\/"},"sameAs":["https:\/\/www.facebook.com\/herbowmosodioslabda\/","https:\/\/www.instagram.com\/herbowmosodioslabda\/"]}]}},"jetpack_likes_enabled":true,"jetpack_sharing_enabled":true,"_links":{"self":[{"href":"https:\/\/herbow.eu\/pl\/wp-json\/wp\/v2\/product\/1242","targetHints":{"allow":["GET"]}}],"collection":[{"href":"https:\/\/herbow.eu\/pl\/wp-json\/wp\/v2\/product"}],"about":[{"href":"https:\/\/herbow.eu\/pl\/wp-json\/wp\/v2\/types\/product"}],"replies":[{"embeddable":true,"href":"https:\/\/herbow.eu\/pl\/wp-json\/wp\/v2\/comments?post=1242"}],"wp:featuredmedia":[{"embeddable":true,"href":"https:\/\/herbow.eu\/pl\/wp-json\/wp\/v2\/media\/1146"}],"wp:attachment":[{"href":"https:\/\/herbow.eu\/pl\/wp-json\/wp\/v2\/media?parent=1242"}],"wp:term":[{"taxonomy":"product_brand","embeddable":true,"href":"https:\/\/herbow.eu\/pl\/wp-json\/wp\/v2\/product_brand?post=1242"},{"taxonomy":"product_cat","embeddable":true,"href":"https:\/\/herbow.eu\/pl\/wp-json\/wp\/v2\/product_cat?post=1242"},{"taxonomy":"product_tag","embeddable":true,"href":"https:\/\/herbow.eu\/pl\/wp-json\/wp\/v2\/product_tag?post=1242"}],"curies":[{"name":"wp","href":"https:\/\/api.w.org\/{rel}","templated":true}]}}