{"id":1039,"date":"2025-08-18T11:05:59","date_gmt":"2025-08-18T09:05:59","guid":{"rendered":"https:\/\/herbow.eu\/product\/herbow-bambino-folyekony-mososzer-koncentratum-univerzalis-gyumolcsos-kert\/"},"modified":"2026-03-17T10:58:03","modified_gmt":"2026-03-17T09:58:03","slug":"herbow-bambino-river-flake-spryskiwacz-koncentrat-uniwersalny-ogrod-bulwiasty","status":"publish","type":"product","link":"https:\/\/herbow.eu\/pl\/product\/herbow-bambino-folyekony-mososzer-koncentratum-univerzalis-gyumolcsos-kert\/","title":{"rendered":"Herbow Bambino Koncentrat p\u0142ynu do prania uniwersalny owocowy ogr\u00f3d 1000ml"},"content":{"rendered":"<p>P\u0142yn do prania Herbow Bambino o skoncentrowanym zapachu Fruity Garden zapewnia naturaln\u0105 harmoni\u0119 czysto\u015bci i delikatnej piel\u0119gnacji podczas ka\u017cdego prania. Zawiera delikatnie ekstrakt z Orzech\u00f3w Pior\u0105cych, kt\u00f3ry dzi\u0119ki zawarto\u015bci naturalnych saponin skutecznie usuwa zabrudzenia, jednocze\u015bnie chroni\u0105c w\u0142\u00f3kna tkanin i sk\u00f3r\u0119. Dodane bio-enzymy i ro\u015blinne tenzydy pomagaj\u0105 rozpuszcza\u0107 uporczywe plamy, pozostawiaj\u0105c ubrania genialnie czyste, mi\u0119kkie i \u015bwie\u017ce. Owocowy zapach gardenii nadaje ubraniom radosn\u0105, s\u0142oneczn\u0105 \u015bwie\u017co\u015b\u0107, lekk\u0105 i naturaln\u0105, jak czyste powietrze i zapach \u015bwie\u017cych owoc\u00f3w w letni poranek. Przyjazna dla sk\u00f3ry i wolna od alergen\u00f3w formu\u0142a nie zawiera sztucznych barwnik\u00f3w, wybielaczy optycznych, chloru ani fosforan\u00f3w. Zalecany zar\u00f3wno do ubra\u0144 kolorowych, jak i bia\u0142ych, jest skuteczny nawet w niskich temperaturach, oszcz\u0119dzaj\u0105c energi\u0119 i chroni\u0105c \u015brodowisko.<\/p>\n<p>Dozownik o pojemno\u015bci 1000 ml wystarcza na oko\u0142o 40 pra\u0144, co czyni go ekonomicznym i zr\u00f3wnowa\u017conym wyborem do codziennego prania.<\/p>\n<p>Aby uzyska\u0107 idealn\u0105 konsystencj\u0119 p\u0142ukanki, u\u017cyj koncentratu do p\u0142ukania Herbow Bambino 2in1 Wash Perfume.<\/p>","protected":false},"excerpt":{"rendered":"<p>A <strong>Koncentrat detergentu w p\u0142ynie Herbow Bambino<\/strong> delikatnie, ale skutecznie czy\u015bci ubrania niemowl\u0105t, dzieci i doros\u0142ych o wra\u017cliwej sk\u00f3rze. Dzi\u0119ki naturalnym ekstraktom z orzech\u00f3w pior\u0105cych i bioenzymom zapewnia doskona\u0142\u0105 czysto\u015b\u0107 i delikatnie owocowy zapach nawet w niskich temperaturach.<\/p>\n<p>Pojemno\u015b\u0107: 1000 ml<\/p>","protected":false},"featured_media":900,"comment_status":"open","ping_status":"closed","template":"","meta":[],"product_brand":[1397],"product_cat":[1408],"product_tag":[1431,1527,1517,1531,1521,1529,1518,1522,1515,1516,1514,1513,1523,1524,1519,1532,1409,1512,1430,1520,1502,1530,1441,1525,1526,1445,1528],"class_list":{"0":"post-1039","1":"product","2":"type-product","3":"status-publish","4":"has-post-thumbnail","6":"product_brand-herbow","7":"product_cat-herbow-baby-bambino-termekcsalad","8":"product_tag-allergenmentes","9":"product_tag-allatkiserletmentes","10":"product_tag-erzekeny-borre","11":"product_tag-erzekeny-textiliakhoz","12":"product_tag-oko-haztartas","13":"product_tag-okocimkes-termek","14":"product_tag-ujszulott-borere","15":"product_tag-bababarat-tisztitas","16":"product_tag-babamosas","17":"product_tag-babaruhakhoz","18":"product_tag-babatermek","19":"product_tag-bambino","20":"product_tag-biztonsagos-osszetevok","21":"product_tag-borbarat-formula","22":"product_tag-dermatologiailag-tesztelt","23":"product_tag-feher-es-szines-ruhakhoz","24":"product_tag-herbow","25":"product_tag-herbow-bambino","26":"product_tag-hipoallergen","27":"product_tag-illatmentes-termek","28":"product_tag-kornyezetbarat-mosas","29":"product_tag-koncentratum","30":"product_tag-novenyi-alapu","31":"product_tag-parabenmentes","32":"product_tag-szinezekmentes","33":"product_tag-termeszetes-osszetevok","34":"product_tag-vegan","36":"first","37":"instock","38":"taxable","39":"shipping-taxable","40":"product-type-simple"},"yoast_head":"<!-- This site is optimized with the Yoast SEO plugin v27.4 - https:\/\/yoast.com\/product\/yoast-seo-wordpress\/ -->\n<title>Herbow Bambino Foly\u00e9kony mos\u00f3szer koncentr\u00e1tum univerz\u00e1lis gy\u00fcm\u00f6lcs\u00f6s kert 1000ml - Herbow | International<\/title>\n<meta name=\"robots\" content=\"index, follow, max-snippet:-1, max-image-preview:large, max-video-preview:-1\" \/>\n<link rel=\"canonical\" href=\"https:\/\/herbow.eu\/pl\/product\/herbow-bambino-river-flake-spryskiwacz-koncentrat-uniwersalny-ogrod-bulwiasty\/\" \/>\n<meta property=\"og:locale\" content=\"pl_PL\" \/>\n<meta property=\"og:type\" content=\"article\" \/>\n<meta property=\"og:title\" content=\"Herbow Bambino Foly\u00e9kony mos\u00f3szer koncentr\u00e1tum univerz\u00e1lis gy\u00fcm\u00f6lcs\u00f6s kert 1000ml - Herbow | International\" \/>\n<meta property=\"og:description\" content=\"A Herbow Bambino foly\u00e9kony mos\u00f3szer koncentr\u00e1tum gyeng\u00e9den, m\u00e9gis hat\u00e9konyan tiszt\u00edtja a bab\u00e1k, gyermekek \u00e9s \u00e9rz\u00e9keny b\u0151r\u0171 feln\u0151ttek ruh\u00e1it. Term\u00e9szetes mos\u00f3di\u00f3 kivonat\u00e1nak \u00e9s bioenzimeinek k\u00f6sz\u00f6nhet\u0151en m\u00e1r alacsony h\u0151fokon is ragyog\u00f3 tisztas\u00e1got \u00e9s finoman gy\u00fcm\u00f6lcs\u00f6s illatot biztos\u00edt k\u00edm\u00e9letesen.  Kiszerel\u00e9s: 1000ml\" \/>\n<meta property=\"og:url\" content=\"https:\/\/herbow.eu\/pl\/product\/herbow-bambino-river-flake-spryskiwacz-koncentrat-uniwersalny-ogrod-bulwiasty\/\" \/>\n<meta property=\"og:site_name\" content=\"Herbow | International\" \/>\n<meta property=\"article:publisher\" content=\"https:\/\/www.facebook.com\/herbowmosodioslabda\/\" \/>\n<meta property=\"article:modified_time\" content=\"2026-03-17T09:58:03+00:00\" \/>\n<meta property=\"og:image\" content=\"https:\/\/herbow.eu\/wp-content\/uploads\/2025\/08\/Herbow-bambino_parfum_2in1_1000ml_redesign_front_v2_245x156mm_malna.png\" \/>\n\t<meta property=\"og:image:width\" content=\"2000\" \/>\n\t<meta property=\"og:image:height\" content=\"2000\" \/>\n\t<meta property=\"og:image:type\" content=\"image\/png\" \/>\n<meta name=\"twitter:card\" content=\"summary_large_image\" \/>\n<meta name=\"twitter:label1\" content=\"Szacowany czas czytania\" \/>\n\t<meta name=\"twitter:data1\" content=\"2 minuty\" \/>\n<script type=\"application\/ld+json\" class=\"yoast-schema-graph\">{\"@context\":\"https:\\\/\\\/schema.org\",\"@graph\":[{\"@type\":\"WebPage\",\"@id\":\"https:\\\/\\\/herbow.eu\\\/product\\\/herbow-bambino-folyekony-mososzer-koncentratum-univerzalis-gyumolcsos-kert\\\/\",\"url\":\"https:\\\/\\\/herbow.eu\\\/product\\\/herbow-bambino-folyekony-mososzer-koncentratum-univerzalis-gyumolcsos-kert\\\/\",\"name\":\"Herbow Bambino Foly\u00e9kony mos\u00f3szer koncentr\u00e1tum univerz\u00e1lis gy\u00fcm\u00f6lcs\u00f6s kert 1000ml - Herbow | International\",\"isPartOf\":{\"@id\":\"https:\\\/\\\/herbow.eu\\\/#website\"},\"primaryImageOfPage\":{\"@id\":\"https:\\\/\\\/herbow.eu\\\/product\\\/herbow-bambino-folyekony-mososzer-koncentratum-univerzalis-gyumolcsos-kert\\\/#primaryimage\"},\"image\":{\"@id\":\"https:\\\/\\\/herbow.eu\\\/product\\\/herbow-bambino-folyekony-mososzer-koncentratum-univerzalis-gyumolcsos-kert\\\/#primaryimage\"},\"thumbnailUrl\":\"https:\\\/\\\/herbow.eu\\\/wp-content\\\/uploads\\\/2025\\\/08\\\/Herbow-bambino_parfum_2in1_1000ml_redesign_front_v2_245x156mm_malna.png\",\"datePublished\":\"2025-08-18T09:05:59+00:00\",\"dateModified\":\"2026-03-17T09:58:03+00:00\",\"breadcrumb\":{\"@id\":\"https:\\\/\\\/herbow.eu\\\/product\\\/herbow-bambino-folyekony-mososzer-koncentratum-univerzalis-gyumolcsos-kert\\\/#breadcrumb\"},\"inLanguage\":\"pl-PL\",\"potentialAction\":[{\"@type\":\"ReadAction\",\"target\":[\"https:\\\/\\\/herbow.eu\\\/product\\\/herbow-bambino-folyekony-mososzer-koncentratum-univerzalis-gyumolcsos-kert\\\/\"]}]},{\"@type\":\"ImageObject\",\"inLanguage\":\"pl-PL\",\"@id\":\"https:\\\/\\\/herbow.eu\\\/product\\\/herbow-bambino-folyekony-mososzer-koncentratum-univerzalis-gyumolcsos-kert\\\/#primaryimage\",\"url\":\"https:\\\/\\\/herbow.eu\\\/wp-content\\\/uploads\\\/2025\\\/08\\\/Herbow-bambino_parfum_2in1_1000ml_redesign_front_v2_245x156mm_malna.png\",\"contentUrl\":\"https:\\\/\\\/herbow.eu\\\/wp-content\\\/uploads\\\/2025\\\/08\\\/Herbow-bambino_parfum_2in1_1000ml_redesign_front_v2_245x156mm_malna.png\",\"width\":2000,\"height\":2000},{\"@type\":\"BreadcrumbList\",\"@id\":\"https:\\\/\\\/herbow.eu\\\/product\\\/herbow-bambino-folyekony-mososzer-koncentratum-univerzalis-gyumolcsos-kert\\\/#breadcrumb\",\"itemListElement\":[{\"@type\":\"ListItem\",\"position\":1,\"name\":\"Kezd\u0151lap\",\"item\":\"https:\\\/\\\/herbow.eu\\\/\"},{\"@type\":\"ListItem\",\"position\":2,\"name\":\"Shop\",\"item\":\"https:\\\/\\\/herbow.eu\\\/shop\\\/\"},{\"@type\":\"ListItem\",\"position\":3,\"name\":\"Herbow Bambino Foly\u00e9kony mos\u00f3szer koncentr\u00e1tum univerz\u00e1lis gy\u00fcm\u00f6lcs\u00f6s kert 1000ml\"}]},{\"@type\":\"WebSite\",\"@id\":\"https:\\\/\\\/herbow.eu\\\/#website\",\"url\":\"https:\\\/\\\/herbow.eu\\\/\",\"name\":\"Herbow | Herbal Organic World\",\"description\":\"Herbal Organic World\",\"publisher\":{\"@id\":\"https:\\\/\\\/herbow.eu\\\/#organization\"},\"potentialAction\":[{\"@type\":\"SearchAction\",\"target\":{\"@type\":\"EntryPoint\",\"urlTemplate\":\"https:\\\/\\\/herbow.eu\\\/?s={search_term_string}\"},\"query-input\":{\"@type\":\"PropertyValueSpecification\",\"valueRequired\":true,\"valueName\":\"search_term_string\"}}],\"inLanguage\":\"pl-PL\"},{\"@type\":\"Organization\",\"@id\":\"https:\\\/\\\/herbow.eu\\\/#organization\",\"name\":\"Herbow International Zrt.\",\"url\":\"https:\\\/\\\/herbow.eu\\\/\",\"logo\":{\"@type\":\"ImageObject\",\"inLanguage\":\"pl-PL\",\"@id\":\"https:\\\/\\\/herbow.eu\\\/#\\\/schema\\\/logo\\\/image\\\/\",\"url\":\"https:\\\/\\\/herbow.eu\\\/wp-content\\\/uploads\\\/2025\\\/07\\\/herbow_logo_hun_2021-01_w-slogan_no-background.png\",\"contentUrl\":\"https:\\\/\\\/herbow.eu\\\/wp-content\\\/uploads\\\/2025\\\/07\\\/herbow_logo_hun_2021-01_w-slogan_no-background.png\",\"width\":2366,\"height\":1732,\"caption\":\"Herbow International Zrt.\"},\"image\":{\"@id\":\"https:\\\/\\\/herbow.eu\\\/#\\\/schema\\\/logo\\\/image\\\/\"},\"sameAs\":[\"https:\\\/\\\/www.facebook.com\\\/herbowmosodioslabda\\\/\",\"https:\\\/\\\/www.instagram.com\\\/herbowmosodioslabda\\\/\"]}]}<\/script>\n<!-- \/ Yoast SEO plugin. -->","yoast_head_json":{"title":"Herbow Bambino Koncentrat p\u0142ynu do prania Uniwersalny Owocowy Ogr\u00f3d 1000ml - Herbow | International","robots":{"index":"index","follow":"follow","max-snippet":"max-snippet:-1","max-image-preview":"max-image-preview:large","max-video-preview":"max-video-preview:-1"},"canonical":"https:\/\/herbow.eu\/pl\/product\/herbow-bambino-river-flake-spryskiwacz-koncentrat-uniwersalny-ogrod-bulwiasty\/","og_locale":"pl_PL","og_type":"article","og_title":"Herbow Bambino Foly\u00e9kony mos\u00f3szer koncentr\u00e1tum univerz\u00e1lis gy\u00fcm\u00f6lcs\u00f6s kert 1000ml - Herbow | International","og_description":"A Herbow Bambino foly\u00e9kony mos\u00f3szer koncentr\u00e1tum gyeng\u00e9den, m\u00e9gis hat\u00e9konyan tiszt\u00edtja a bab\u00e1k, gyermekek \u00e9s \u00e9rz\u00e9keny b\u0151r\u0171 feln\u0151ttek ruh\u00e1it. Term\u00e9szetes mos\u00f3di\u00f3 kivonat\u00e1nak \u00e9s bioenzimeinek k\u00f6sz\u00f6nhet\u0151en m\u00e1r alacsony h\u0151fokon is ragyog\u00f3 tisztas\u00e1got \u00e9s finoman gy\u00fcm\u00f6lcs\u00f6s illatot biztos\u00edt k\u00edm\u00e9letesen.  Kiszerel\u00e9s: 1000ml","og_url":"https:\/\/herbow.eu\/pl\/product\/herbow-bambino-river-flake-spryskiwacz-koncentrat-uniwersalny-ogrod-bulwiasty\/","og_site_name":"Herbow | International","article_publisher":"https:\/\/www.facebook.com\/herbowmosodioslabda\/","article_modified_time":"2026-03-17T09:58:03+00:00","og_image":[{"width":2000,"height":2000,"url":"https:\/\/herbow.eu\/wp-content\/uploads\/2025\/08\/Herbow-bambino_parfum_2in1_1000ml_redesign_front_v2_245x156mm_malna.png","type":"image\/png"}],"twitter_card":"summary_large_image","twitter_misc":{"Szacowany czas czytania":"2 minuty"},"schema":{"@context":"https:\/\/schema.org","@graph":[{"@type":"WebPage","@id":"https:\/\/herbow.eu\/product\/herbow-bambino-folyekony-mososzer-koncentratum-univerzalis-gyumolcsos-kert\/","url":"https:\/\/herbow.eu\/product\/herbow-bambino-folyekony-mososzer-koncentratum-univerzalis-gyumolcsos-kert\/","name":"Herbow Bambino Koncentrat p\u0142ynu do prania Uniwersalny Owocowy Ogr\u00f3d 1000ml - Herbow | International","isPartOf":{"@id":"https:\/\/herbow.eu\/#website"},"primaryImageOfPage":{"@id":"https:\/\/herbow.eu\/product\/herbow-bambino-folyekony-mososzer-koncentratum-univerzalis-gyumolcsos-kert\/#primaryimage"},"image":{"@id":"https:\/\/herbow.eu\/product\/herbow-bambino-folyekony-mososzer-koncentratum-univerzalis-gyumolcsos-kert\/#primaryimage"},"thumbnailUrl":"https:\/\/herbow.eu\/wp-content\/uploads\/2025\/08\/Herbow-bambino_parfum_2in1_1000ml_redesign_front_v2_245x156mm_malna.png","datePublished":"2025-08-18T09:05:59+00:00","dateModified":"2026-03-17T09:58:03+00:00","breadcrumb":{"@id":"https:\/\/herbow.eu\/product\/herbow-bambino-folyekony-mososzer-koncentratum-univerzalis-gyumolcsos-kert\/#breadcrumb"},"inLanguage":"pl-PL","potentialAction":[{"@type":"ReadAction","target":["https:\/\/herbow.eu\/product\/herbow-bambino-folyekony-mososzer-koncentratum-univerzalis-gyumolcsos-kert\/"]}]},{"@type":"ImageObject","inLanguage":"pl-PL","@id":"https:\/\/herbow.eu\/product\/herbow-bambino-folyekony-mososzer-koncentratum-univerzalis-gyumolcsos-kert\/#primaryimage","url":"https:\/\/herbow.eu\/wp-content\/uploads\/2025\/08\/Herbow-bambino_parfum_2in1_1000ml_redesign_front_v2_245x156mm_malna.png","contentUrl":"https:\/\/herbow.eu\/wp-content\/uploads\/2025\/08\/Herbow-bambino_parfum_2in1_1000ml_redesign_front_v2_245x156mm_malna.png","width":2000,"height":2000},{"@type":"BreadcrumbList","@id":"https:\/\/herbow.eu\/product\/herbow-bambino-folyekony-mososzer-koncentratum-univerzalis-gyumolcsos-kert\/#breadcrumb","itemListElement":[{"@type":"ListItem","position":1,"name":"Kezd\u0151lap","item":"https:\/\/herbow.eu\/"},{"@type":"ListItem","position":2,"name":"Shop","item":"https:\/\/herbow.eu\/shop\/"},{"@type":"ListItem","position":3,"name":"Herbow Bambino Foly\u00e9kony mos\u00f3szer koncentr\u00e1tum univerz\u00e1lis gy\u00fcm\u00f6lcs\u00f6s kert 1000ml"}]},{"@type":"WebSite","@id":"https:\/\/herbow.eu\/#website","url":"https:\/\/herbow.eu\/","name":"Herbow | Herbal Organic World","description":"Herbal Organic World","publisher":{"@id":"https:\/\/herbow.eu\/#organization"},"potentialAction":[{"@type":"SearchAction","target":{"@type":"EntryPoint","urlTemplate":"https:\/\/herbow.eu\/?s={search_term_string}"},"query-input":{"@type":"PropertyValueSpecification","valueRequired":true,"valueName":"search_term_string"}}],"inLanguage":"pl-PL"},{"@type":"Organization","@id":"https:\/\/herbow.eu\/#organization","name":"Herbow International Zrt.","url":"https:\/\/herbow.eu\/","logo":{"@type":"ImageObject","inLanguage":"pl-PL","@id":"https:\/\/herbow.eu\/#\/schema\/logo\/image\/","url":"https:\/\/herbow.eu\/wp-content\/uploads\/2025\/07\/herbow_logo_hun_2021-01_w-slogan_no-background.png","contentUrl":"https:\/\/herbow.eu\/wp-content\/uploads\/2025\/07\/herbow_logo_hun_2021-01_w-slogan_no-background.png","width":2366,"height":1732,"caption":"Herbow International Zrt."},"image":{"@id":"https:\/\/herbow.eu\/#\/schema\/logo\/image\/"},"sameAs":["https:\/\/www.facebook.com\/herbowmosodioslabda\/","https:\/\/www.instagram.com\/herbowmosodioslabda\/"]}]}},"jetpack_likes_enabled":true,"jetpack_sharing_enabled":true,"_links":{"self":[{"href":"https:\/\/herbow.eu\/pl\/wp-json\/wp\/v2\/product\/1039","targetHints":{"allow":["GET"]}}],"collection":[{"href":"https:\/\/herbow.eu\/pl\/wp-json\/wp\/v2\/product"}],"about":[{"href":"https:\/\/herbow.eu\/pl\/wp-json\/wp\/v2\/types\/product"}],"replies":[{"embeddable":true,"href":"https:\/\/herbow.eu\/pl\/wp-json\/wp\/v2\/comments?post=1039"}],"wp:featuredmedia":[{"embeddable":true,"href":"https:\/\/herbow.eu\/pl\/wp-json\/wp\/v2\/media\/900"}],"wp:attachment":[{"href":"https:\/\/herbow.eu\/pl\/wp-json\/wp\/v2\/media?parent=1039"}],"wp:term":[{"taxonomy":"product_brand","embeddable":true,"href":"https:\/\/herbow.eu\/pl\/wp-json\/wp\/v2\/product_brand?post=1039"},{"taxonomy":"product_cat","embeddable":true,"href":"https:\/\/herbow.eu\/pl\/wp-json\/wp\/v2\/product_cat?post=1039"},{"taxonomy":"product_tag","embeddable":true,"href":"https:\/\/herbow.eu\/pl\/wp-json\/wp\/v2\/product_tag?post=1039"}],"curies":[{"name":"wp","href":"https:\/\/api.w.org\/{rel}","templated":true}]}}