{"id":1038,"date":"2025-08-18T11:05:59","date_gmt":"2025-08-18T09:05:59","guid":{"rendered":"https:\/\/herbow.eu\/product\/herbow-bambino-folttisztito-szines-ruhakhoz\/"},"modified":"2026-03-17T10:58:02","modified_gmt":"2026-03-17T09:58:02","slug":"herbow-bambino-odplamiajacy-do-kolorowych-ubran","status":"publish","type":"product","link":"https:\/\/herbow.eu\/pl\/product\/herbow-bambino-folttisztito-szines-ruhakhoz\/","title":{"rendered":"Herbow Bambino p\u0142yn do czyszczenia kolorowych ubra\u0144 700g"},"content":{"rendered":"<p>Herbow Bambino odplamiacz do kolor\u00f3w zosta\u0142 opracowany specjalnie do prania kolorowych ubra\u0144 niemowl\u0105t, dzieci i doros\u0142ych z wra\u017cliw\u0105 sk\u00f3r\u0105, bez zapachu i alergen\u00f3w. Zawiera naturaln\u0105 mielon\u0105 mydlnic\u0119 i skoncentrowane sk\u0142adniki aktywne ro\u015blinne, kt\u00f3re skutecznie usuwaj\u0105 plamy, jednocze\u015bnie chroni\u0105c jasno\u015b\u0107 kolor\u00f3w i struktur\u0119 tkanin. Formu\u0142a jest \u0142agodna dla sk\u00f3ry i przyjazna dla \u015brodowiska, dzi\u0119ki czemu skutecznie, ale delikatnie usuwa uporczywe zabrudzenia. Kompozycja bez substancji zapachowych, chloru, fosforan\u00f3w i wybielaczy optycznych zapewnia, \u017ce ubrania pozostaj\u0105 czyste i naturalnie \u015bwie\u017ce \u2013 bez podra\u017cnie\u0144 sk\u00f3ry. Mo\u017ce by\u0107 stosowany jako dodatek do prania lub do namaczania, we wszystkich typach pralek oraz do prania r\u0119cznego. Szczeg\u00f3lnie skuteczny w przypadku ubranek dzieci\u0119cych, \u015bliniak\u00f3w i kolorowych tekstyli\u00f3w.<\/p>\n<p>Dla najlepszych rezultat\u00f3w po\u0142\u0105cz z koncentratami p\u0142ynnych detergent\u00f3w Herbow Bambino.<\/p>","protected":false},"excerpt":{"rendered":"<p>A <strong>Herbow Bambino P\u0142yn do czyszczenia folii<\/strong> Do kolorowych ubra\u0144, naturalny proszek z orzech\u00f3w pior\u0105cych i aktywne sk\u0142adniki pomagaj\u0105 skutecznie usuwa\u0107 uporczywe plamy, delikatnie, chroni\u0105c kolory i wra\u017cliw\u0105 sk\u00f3r\u0119.<br \/>\nRozwi\u0105zanie bez zapach\u00f3w i alergen\u00f3w dla czystych, \u017cywych kolor\u00f3w ubra\u0144.<\/p>\n<p>Opakowanie: 700g<\/p>","protected":false},"featured_media":898,"comment_status":"open","ping_status":"closed","template":"","meta":[],"product_brand":[1397],"product_cat":[1408],"product_tag":[1431,1527,1517,1531,1521,1529,1518,1522,1515,1516,1514,1513,1523,1524,1519,1532,1409,1512,1430,1520,1502,1530,1441,1525,1526,1445,1528],"class_list":{"0":"post-1038","1":"product","2":"type-product","3":"status-publish","4":"has-post-thumbnail","6":"product_brand-herbow","7":"product_cat-herbow-baby-bambino-termekcsalad","8":"product_tag-allergenmentes","9":"product_tag-allatkiserletmentes","10":"product_tag-erzekeny-borre","11":"product_tag-erzekeny-textiliakhoz","12":"product_tag-oko-haztartas","13":"product_tag-okocimkes-termek","14":"product_tag-ujszulott-borere","15":"product_tag-bababarat-tisztitas","16":"product_tag-babamosas","17":"product_tag-babaruhakhoz","18":"product_tag-babatermek","19":"product_tag-bambino","20":"product_tag-biztonsagos-osszetevok","21":"product_tag-borbarat-formula","22":"product_tag-dermatologiailag-tesztelt","23":"product_tag-feher-es-szines-ruhakhoz","24":"product_tag-herbow","25":"product_tag-herbow-bambino","26":"product_tag-hipoallergen","27":"product_tag-illatmentes-termek","28":"product_tag-kornyezetbarat-mosas","29":"product_tag-koncentratum","30":"product_tag-novenyi-alapu","31":"product_tag-parabenmentes","32":"product_tag-szinezekmentes","33":"product_tag-termeszetes-osszetevok","34":"product_tag-vegan","36":"first","37":"instock","38":"taxable","39":"shipping-taxable","40":"product-type-simple"},"yoast_head":"<!-- This site is optimized with the Yoast SEO plugin v27.4 - https:\/\/yoast.com\/product\/yoast-seo-wordpress\/ -->\n<title>Herbow Bambino folttiszt\u00edt\u00f3 szines ruh\u00e1khoz 700g - Herbow | International<\/title>\n<meta name=\"description\" content=\"A Herbow Bambino Folttiszt\u00edt\u00f3 sz\u00ednes ruh\u00e1khoz term\u00e9szetes mos\u00f3di\u00f3-\u0151rlem\u00e9nnyel \u00e9s akt\u00edv hat\u00f3anyagokkal seg\u00edt elt\u00e1vol\u00edtani a makacs foltokat, k\u00edm\u00e9letesen, a sz\u00ednek \u00e9s az \u00e9rz\u00e9keny b\u0151r v\u00e9delm\u00e9vel.Illat- \u00e9s allerg\u00e9nmentes megold\u00e1s a tiszta, \u00e9l\u00e9nk ruh\u00e1k\u00e9rt.\" \/>\n<meta name=\"robots\" content=\"index, follow, max-snippet:-1, max-image-preview:large, max-video-preview:-1\" \/>\n<link rel=\"canonical\" href=\"https:\/\/herbow.eu\/pl\/product\/herbow-bambino-odplamiajacy-do-kolorowych-ubran\/\" \/>\n<meta property=\"og:locale\" content=\"pl_PL\" \/>\n<meta property=\"og:type\" content=\"article\" \/>\n<meta property=\"og:title\" content=\"Herbow Bambino folttiszt\u00edt\u00f3 szines ruh\u00e1khoz 700g - Herbow | International\" \/>\n<meta property=\"og:description\" content=\"A Herbow Bambino Folttiszt\u00edt\u00f3 sz\u00ednes ruh\u00e1khoz term\u00e9szetes mos\u00f3di\u00f3-\u0151rlem\u00e9nnyel \u00e9s akt\u00edv hat\u00f3anyagokkal seg\u00edt elt\u00e1vol\u00edtani a makacs foltokat, k\u00edm\u00e9letesen, a sz\u00ednek \u00e9s az \u00e9rz\u00e9keny b\u0151r v\u00e9delm\u00e9vel.Illat- \u00e9s allerg\u00e9nmentes megold\u00e1s a tiszta, \u00e9l\u00e9nk ruh\u00e1k\u00e9rt.\" \/>\n<meta property=\"og:url\" content=\"https:\/\/herbow.eu\/pl\/product\/herbow-bambino-odplamiajacy-do-kolorowych-ubran\/\" \/>\n<meta property=\"og:site_name\" content=\"Herbow | International\" \/>\n<meta property=\"article:publisher\" content=\"https:\/\/www.facebook.com\/herbowmosodioslabda\/\" \/>\n<meta property=\"article:modified_time\" content=\"2026-03-17T09:58:02+00:00\" \/>\n<meta property=\"og:image\" content=\"https:\/\/herbow.eu\/wp-content\/uploads\/2025\/08\/Herbow-Bambino_folttisztito_nyomdai_290x100mm_v4_redesign_szines.png\" \/>\n\t<meta property=\"og:image:width\" content=\"2000\" \/>\n\t<meta property=\"og:image:height\" content=\"2000\" \/>\n\t<meta property=\"og:image:type\" content=\"image\/png\" \/>\n<meta name=\"twitter:card\" content=\"summary_large_image\" \/>\n<meta name=\"twitter:label1\" content=\"Szacowany czas czytania\" \/>\n\t<meta name=\"twitter:data1\" content=\"1 minuta\" \/>\n<script type=\"application\/ld+json\" class=\"yoast-schema-graph\">{\"@context\":\"https:\\\/\\\/schema.org\",\"@graph\":[{\"@type\":\"WebPage\",\"@id\":\"https:\\\/\\\/herbow.eu\\\/product\\\/herbow-bambino-folttisztito-szines-ruhakhoz\\\/\",\"url\":\"https:\\\/\\\/herbow.eu\\\/product\\\/herbow-bambino-folttisztito-szines-ruhakhoz\\\/\",\"name\":\"Herbow Bambino folttiszt\u00edt\u00f3 szines ruh\u00e1khoz 700g - Herbow | International\",\"isPartOf\":{\"@id\":\"https:\\\/\\\/herbow.eu\\\/#website\"},\"primaryImageOfPage\":{\"@id\":\"https:\\\/\\\/herbow.eu\\\/product\\\/herbow-bambino-folttisztito-szines-ruhakhoz\\\/#primaryimage\"},\"image\":{\"@id\":\"https:\\\/\\\/herbow.eu\\\/product\\\/herbow-bambino-folttisztito-szines-ruhakhoz\\\/#primaryimage\"},\"thumbnailUrl\":\"https:\\\/\\\/herbow.eu\\\/wp-content\\\/uploads\\\/2025\\\/08\\\/Herbow-Bambino_folttisztito_nyomdai_290x100mm_v4_redesign_szines.png\",\"datePublished\":\"2025-08-18T09:05:59+00:00\",\"dateModified\":\"2026-03-17T09:58:02+00:00\",\"description\":\"A Herbow Bambino Folttiszt\u00edt\u00f3 sz\u00ednes ruh\u00e1khoz term\u00e9szetes mos\u00f3di\u00f3-\u0151rlem\u00e9nnyel \u00e9s akt\u00edv hat\u00f3anyagokkal seg\u00edt elt\u00e1vol\u00edtani a makacs foltokat, k\u00edm\u00e9letesen, a sz\u00ednek \u00e9s az \u00e9rz\u00e9keny b\u0151r v\u00e9delm\u00e9vel.Illat- \u00e9s allerg\u00e9nmentes megold\u00e1s a tiszta, \u00e9l\u00e9nk ruh\u00e1k\u00e9rt.\",\"breadcrumb\":{\"@id\":\"https:\\\/\\\/herbow.eu\\\/product\\\/herbow-bambino-folttisztito-szines-ruhakhoz\\\/#breadcrumb\"},\"inLanguage\":\"pl-PL\",\"potentialAction\":[{\"@type\":\"ReadAction\",\"target\":[\"https:\\\/\\\/herbow.eu\\\/product\\\/herbow-bambino-folttisztito-szines-ruhakhoz\\\/\"]}]},{\"@type\":\"ImageObject\",\"inLanguage\":\"pl-PL\",\"@id\":\"https:\\\/\\\/herbow.eu\\\/product\\\/herbow-bambino-folttisztito-szines-ruhakhoz\\\/#primaryimage\",\"url\":\"https:\\\/\\\/herbow.eu\\\/wp-content\\\/uploads\\\/2025\\\/08\\\/Herbow-Bambino_folttisztito_nyomdai_290x100mm_v4_redesign_szines.png\",\"contentUrl\":\"https:\\\/\\\/herbow.eu\\\/wp-content\\\/uploads\\\/2025\\\/08\\\/Herbow-Bambino_folttisztito_nyomdai_290x100mm_v4_redesign_szines.png\",\"width\":2000,\"height\":2000},{\"@type\":\"BreadcrumbList\",\"@id\":\"https:\\\/\\\/herbow.eu\\\/product\\\/herbow-bambino-folttisztito-szines-ruhakhoz\\\/#breadcrumb\",\"itemListElement\":[{\"@type\":\"ListItem\",\"position\":1,\"name\":\"Kezd\u0151lap\",\"item\":\"https:\\\/\\\/herbow.eu\\\/\"},{\"@type\":\"ListItem\",\"position\":2,\"name\":\"Shop\",\"item\":\"https:\\\/\\\/herbow.eu\\\/shop\\\/\"},{\"@type\":\"ListItem\",\"position\":3,\"name\":\"Herbow Bambino folttiszt\u00edt\u00f3 szines ruh\u00e1khoz 700g\"}]},{\"@type\":\"WebSite\",\"@id\":\"https:\\\/\\\/herbow.eu\\\/#website\",\"url\":\"https:\\\/\\\/herbow.eu\\\/\",\"name\":\"Herbow | Herbal Organic World\",\"description\":\"Herbal Organic World\",\"publisher\":{\"@id\":\"https:\\\/\\\/herbow.eu\\\/#organization\"},\"potentialAction\":[{\"@type\":\"SearchAction\",\"target\":{\"@type\":\"EntryPoint\",\"urlTemplate\":\"https:\\\/\\\/herbow.eu\\\/?s={search_term_string}\"},\"query-input\":{\"@type\":\"PropertyValueSpecification\",\"valueRequired\":true,\"valueName\":\"search_term_string\"}}],\"inLanguage\":\"pl-PL\"},{\"@type\":\"Organization\",\"@id\":\"https:\\\/\\\/herbow.eu\\\/#organization\",\"name\":\"Herbow International Zrt.\",\"url\":\"https:\\\/\\\/herbow.eu\\\/\",\"logo\":{\"@type\":\"ImageObject\",\"inLanguage\":\"pl-PL\",\"@id\":\"https:\\\/\\\/herbow.eu\\\/#\\\/schema\\\/logo\\\/image\\\/\",\"url\":\"https:\\\/\\\/herbow.eu\\\/wp-content\\\/uploads\\\/2025\\\/07\\\/herbow_logo_hun_2021-01_w-slogan_no-background.png\",\"contentUrl\":\"https:\\\/\\\/herbow.eu\\\/wp-content\\\/uploads\\\/2025\\\/07\\\/herbow_logo_hun_2021-01_w-slogan_no-background.png\",\"width\":2366,\"height\":1732,\"caption\":\"Herbow International Zrt.\"},\"image\":{\"@id\":\"https:\\\/\\\/herbow.eu\\\/#\\\/schema\\\/logo\\\/image\\\/\"},\"sameAs\":[\"https:\\\/\\\/www.facebook.com\\\/herbowmosodioslabda\\\/\",\"https:\\\/\\\/www.instagram.com\\\/herbowmosodioslabda\\\/\"]}]}<\/script>\n<!-- \/ Yoast SEO plugin. -->","yoast_head_json":{"title":"Herbow Bambino odplamiacz do kolorowych tkanin 700 g - Herbow | Mi\u0119dzynarodowy","description":"Herbow Bambino odplamiacz do kolor\u00f3w z naturalnym ekstraktem z orzecha mydlanego i aktywnymi sk\u0142adnikami pomaga usuwa\u0107 uporczywe plamy, delikatnie, chroni\u0105c kolory i wra\u017cliw\u0105 sk\u00f3r\u0119. Rozwi\u0105zanie bez zapachu i alergen\u00f3w dla czystych, \u017cywych ubra\u0144.","robots":{"index":"index","follow":"follow","max-snippet":"max-snippet:-1","max-image-preview":"max-image-preview:large","max-video-preview":"max-video-preview:-1"},"canonical":"https:\/\/herbow.eu\/pl\/product\/herbow-bambino-odplamiajacy-do-kolorowych-ubran\/","og_locale":"pl_PL","og_type":"article","og_title":"Herbow Bambino folttiszt\u00edt\u00f3 szines ruh\u00e1khoz 700g - Herbow | International","og_description":"A Herbow Bambino Folttiszt\u00edt\u00f3 sz\u00ednes ruh\u00e1khoz term\u00e9szetes mos\u00f3di\u00f3-\u0151rlem\u00e9nnyel \u00e9s akt\u00edv hat\u00f3anyagokkal seg\u00edt elt\u00e1vol\u00edtani a makacs foltokat, k\u00edm\u00e9letesen, a sz\u00ednek \u00e9s az \u00e9rz\u00e9keny b\u0151r v\u00e9delm\u00e9vel.Illat- \u00e9s allerg\u00e9nmentes megold\u00e1s a tiszta, \u00e9l\u00e9nk ruh\u00e1k\u00e9rt.","og_url":"https:\/\/herbow.eu\/pl\/product\/herbow-bambino-odplamiajacy-do-kolorowych-ubran\/","og_site_name":"Herbow | International","article_publisher":"https:\/\/www.facebook.com\/herbowmosodioslabda\/","article_modified_time":"2026-03-17T09:58:02+00:00","og_image":[{"width":2000,"height":2000,"url":"https:\/\/herbow.eu\/wp-content\/uploads\/2025\/08\/Herbow-Bambino_folttisztito_nyomdai_290x100mm_v4_redesign_szines.png","type":"image\/png"}],"twitter_card":"summary_large_image","twitter_misc":{"Szacowany czas czytania":"1 minuta"},"schema":{"@context":"https:\/\/schema.org","@graph":[{"@type":"WebPage","@id":"https:\/\/herbow.eu\/product\/herbow-bambino-folttisztito-szines-ruhakhoz\/","url":"https:\/\/herbow.eu\/product\/herbow-bambino-folttisztito-szines-ruhakhoz\/","name":"Herbow Bambino odplamiacz do kolorowych tkanin 700 g - Herbow | Mi\u0119dzynarodowy","isPartOf":{"@id":"https:\/\/herbow.eu\/#website"},"primaryImageOfPage":{"@id":"https:\/\/herbow.eu\/product\/herbow-bambino-folttisztito-szines-ruhakhoz\/#primaryimage"},"image":{"@id":"https:\/\/herbow.eu\/product\/herbow-bambino-folttisztito-szines-ruhakhoz\/#primaryimage"},"thumbnailUrl":"https:\/\/herbow.eu\/wp-content\/uploads\/2025\/08\/Herbow-Bambino_folttisztito_nyomdai_290x100mm_v4_redesign_szines.png","datePublished":"2025-08-18T09:05:59+00:00","dateModified":"2026-03-17T09:58:02+00:00","description":"Herbow Bambino odplamiacz do kolor\u00f3w z naturalnym ekstraktem z orzecha mydlanego i aktywnymi sk\u0142adnikami pomaga usuwa\u0107 uporczywe plamy, delikatnie, chroni\u0105c kolory i wra\u017cliw\u0105 sk\u00f3r\u0119. Rozwi\u0105zanie bez zapachu i alergen\u00f3w dla czystych, \u017cywych ubra\u0144.","breadcrumb":{"@id":"https:\/\/herbow.eu\/product\/herbow-bambino-folttisztito-szines-ruhakhoz\/#breadcrumb"},"inLanguage":"pl-PL","potentialAction":[{"@type":"ReadAction","target":["https:\/\/herbow.eu\/product\/herbow-bambino-folttisztito-szines-ruhakhoz\/"]}]},{"@type":"ImageObject","inLanguage":"pl-PL","@id":"https:\/\/herbow.eu\/product\/herbow-bambino-folttisztito-szines-ruhakhoz\/#primaryimage","url":"https:\/\/herbow.eu\/wp-content\/uploads\/2025\/08\/Herbow-Bambino_folttisztito_nyomdai_290x100mm_v4_redesign_szines.png","contentUrl":"https:\/\/herbow.eu\/wp-content\/uploads\/2025\/08\/Herbow-Bambino_folttisztito_nyomdai_290x100mm_v4_redesign_szines.png","width":2000,"height":2000},{"@type":"BreadcrumbList","@id":"https:\/\/herbow.eu\/product\/herbow-bambino-folttisztito-szines-ruhakhoz\/#breadcrumb","itemListElement":[{"@type":"ListItem","position":1,"name":"Kezd\u0151lap","item":"https:\/\/herbow.eu\/"},{"@type":"ListItem","position":2,"name":"Shop","item":"https:\/\/herbow.eu\/shop\/"},{"@type":"ListItem","position":3,"name":"Herbow Bambino folttiszt\u00edt\u00f3 szines ruh\u00e1khoz 700g"}]},{"@type":"WebSite","@id":"https:\/\/herbow.eu\/#website","url":"https:\/\/herbow.eu\/","name":"Herbow | Herbal Organic World","description":"Herbal Organic World","publisher":{"@id":"https:\/\/herbow.eu\/#organization"},"potentialAction":[{"@type":"SearchAction","target":{"@type":"EntryPoint","urlTemplate":"https:\/\/herbow.eu\/?s={search_term_string}"},"query-input":{"@type":"PropertyValueSpecification","valueRequired":true,"valueName":"search_term_string"}}],"inLanguage":"pl-PL"},{"@type":"Organization","@id":"https:\/\/herbow.eu\/#organization","name":"Herbow International Zrt.","url":"https:\/\/herbow.eu\/","logo":{"@type":"ImageObject","inLanguage":"pl-PL","@id":"https:\/\/herbow.eu\/#\/schema\/logo\/image\/","url":"https:\/\/herbow.eu\/wp-content\/uploads\/2025\/07\/herbow_logo_hun_2021-01_w-slogan_no-background.png","contentUrl":"https:\/\/herbow.eu\/wp-content\/uploads\/2025\/07\/herbow_logo_hun_2021-01_w-slogan_no-background.png","width":2366,"height":1732,"caption":"Herbow International Zrt."},"image":{"@id":"https:\/\/herbow.eu\/#\/schema\/logo\/image\/"},"sameAs":["https:\/\/www.facebook.com\/herbowmosodioslabda\/","https:\/\/www.instagram.com\/herbowmosodioslabda\/"]}]}},"jetpack_likes_enabled":true,"jetpack_sharing_enabled":true,"_links":{"self":[{"href":"https:\/\/herbow.eu\/pl\/wp-json\/wp\/v2\/product\/1038","targetHints":{"allow":["GET"]}}],"collection":[{"href":"https:\/\/herbow.eu\/pl\/wp-json\/wp\/v2\/product"}],"about":[{"href":"https:\/\/herbow.eu\/pl\/wp-json\/wp\/v2\/types\/product"}],"replies":[{"embeddable":true,"href":"https:\/\/herbow.eu\/pl\/wp-json\/wp\/v2\/comments?post=1038"}],"wp:featuredmedia":[{"embeddable":true,"href":"https:\/\/herbow.eu\/pl\/wp-json\/wp\/v2\/media\/898"}],"wp:attachment":[{"href":"https:\/\/herbow.eu\/pl\/wp-json\/wp\/v2\/media?parent=1038"}],"wp:term":[{"taxonomy":"product_brand","embeddable":true,"href":"https:\/\/herbow.eu\/pl\/wp-json\/wp\/v2\/product_brand?post=1038"},{"taxonomy":"product_cat","embeddable":true,"href":"https:\/\/herbow.eu\/pl\/wp-json\/wp\/v2\/product_cat?post=1038"},{"taxonomy":"product_tag","embeddable":true,"href":"https:\/\/herbow.eu\/pl\/wp-json\/wp\/v2\/product_tag?post=1038"}],"curies":[{"name":"wp","href":"https:\/\/api.w.org\/{rel}","templated":true}]}}