{"id":1013,"date":"2025-08-18T11:05:55","date_gmt":"2025-08-18T09:05:55","guid":{"rendered":"https:\/\/herbow.eu\/product\/herbow-folyekony-mososzer-szines-ruhakhoz-pure-nature-natur-illat\/"},"modified":"2026-03-17T10:58:23","modified_gmt":"2026-03-17T09:58:23","slug":"herbow-plyn-do-prania-kolorowych-ubran-pure-nature-naturalny-zapach","status":"publish","type":"product","link":"https:\/\/herbow.eu\/pl\/product\/herbow-folyekony-mososzer-szines-ruhakhoz-pure-nature-natur-illat\/","title":{"rendered":"Herbow p\u0142ynny detergent do kolor\u00f3w \u2013 Pure Nature (zapach NATUR)"},"content":{"rendered":"<p>P\u0142ynny detergent Herbow Pure Nature dzi\u0119ki sile natury dba o czysto\u015b\u0107 i \u015bwie\u017co\u015b\u0107 ubra\u0144. Zawiera ekstrakt z orzech\u00f3w pior\u0105cych (12%) uzyskany delikatn\u0105 metod\u0105 oraz bioenzymy, kt\u00f3re skutecznie usuwaj\u0105 zabrudzenia nawet w niskich temperaturach, jednocze\u015bnie chroni\u0105c struktur\u0119 i kolor tkanin. Sk\u0142adniki ro\u015blinne s\u0105 delikatne dla sk\u00f3ry, a jednocze\u015bnie zapewniaj\u0105 doskona\u0142\u0105 moc prania \u2013 nawet w temperaturach 30-40\u00b0C. Mo\u017ce by\u0107 stosowany do bia\u0142ych i kolorowych ubra\u0144, od bawe\u0142nianych T-shirt\u00f3w po po\u015bciel, w szafie ka\u017cdego cz\u0142onka rodziny. Bezzapachowa, naturalna formu\u0142a Pure Nature jest idealna dla tych, kt\u00f3rzy ceni\u0105 naturaln\u0105 czysto\u015b\u0107 bez substancji zapachowych. Nie zawiera sztucznych substancji zapachowych, barwnik\u00f3w, wybielaczy optycznych ani innych dra\u017cni\u0105cych chemikali\u00f3w.<\/p>\n<p>Formu\u0142a wega\u0144ska i \u0142agodna dla sk\u00f3ry, kt\u00f3ra chroni mi\u0119kko\u015b\u0107 ubra\u0144, \u015bwie\u017co\u015b\u0107 kolor\u00f3w i harmoni\u0119 z natur\u0105.<\/p>\n<ul>\n<li>Unikalno\u015b\u0107: znakomita moc prania ze sk\u0142adnikami ro\u015blinnymi, bez uszkadzania tkanin.<\/li>\n<li>Opakowanie: 1000 ml = ok. 33 pra\u0144<\/li>\n<li>Spos\u00f3b u\u017cycia: W przypadku normalnego zabrudzenia wystarczy 30 ml detergentu na jedno pranie.<\/li>\n<\/ul>\n<p>Nie zalecane do produkt\u00f3w z we\u0142ny i jedwabiu.<\/p>","protected":false},"excerpt":{"rendered":"<p>P\u0142ynny detergent Herbow Pure Nature zapewnia naturaln\u0105 czysto\u015b\u0107 kolorowych ubra\u0144. Czy\u015bci dzi\u0119ki ekstraktowi z orzech\u00f3w pior\u0105cych i bioenzymom, jednocze\u015bnie chroni\u0105c \u017cywo\u015b\u0107 kolor\u00f3w i mi\u0119kko\u015b\u0107 ubra\u0144, bez sztucznych substancji zapachowych.<\/p>\n<p>Pojemno\u015b\u0107: 1000 ml<\/p>","protected":false},"featured_media":1138,"comment_status":"open","ping_status":"closed","template":"","meta":[],"product_brand":[1397],"product_cat":[1398],"product_tag":[1568,1431,1567,1555,1570,1559,1557,1572,1467,1564,1565,1571,1561,1409,1422,1573,1563,1562,1412,1558,1560,1554,1553,1574,1569,1556,1566],"class_list":{"0":"post-1013","1":"product","2":"type-product","3":"status-publish","4":"has-post-thumbnail","6":"product_brand-herbow","7":"product_cat-folyekony-mososzer","8":"product_tag-aktiv-probiotikumok","9":"product_tag-allergenmentes","10":"product_tag-allatkiserlet-mentes","11":"product_tag-elo-probiotikumok","12":"product_tag-oko-haztartasi-tisztitoszer","13":"product_tag-oko-tisztitas","14":"product_tag-biofilm-eltavolitas","15":"product_tag-biofilm-bonto-technologia","16":"product_tag-biologiailag-lebomlo","17":"product_tag-biztonsagos-tisztitas","18":"product_tag-borbarat-tisztitoszer","19":"product_tag-egeszseges-otthon","20":"product_tag-fenntarthato-haztartas","21":"product_tag-herbow","22":"product_tag-herbow-probiotikus","23":"product_tag-herbtech-probiotikus","24":"product_tag-hosszan-tarto-frissesseg","25":"product_tag-illatmentes-opcio","26":"product_tag-kornyezetbarat-tisztitoszer","27":"product_tag-melytisztito-hatas","28":"product_tag-novenyi-alapu-tisztitoszer","29":"product_tag-probiotikus-formula","30":"product_tag-probiotikus-tisztitoszer","31":"product_tag-tartos-mikrobialis-vedelem","32":"product_tag-termeszetes-higienia","33":"product_tag-termeszetes-tisztitas","34":"product_tag-vegan-tisztitoszer","36":"first","37":"instock","38":"taxable","39":"shipping-taxable","40":"product-type-simple"},"yoast_head":"<!-- This site is optimized with the Yoast SEO plugin v27.5 - https:\/\/yoast.com\/product\/yoast-seo-wordpress\/ -->\n<title>Herbow foly\u00e9kony mos\u00f3szer sz\u00ednes ruh\u00e1khoz - Pure Nature (NATUR illat) - Herbow | International<\/title>\n<meta name=\"description\" content=\"A Herbow Pure Nature foly\u00e9kony mos\u00f3szer term\u00e9szetes tisztas\u00e1got ny\u00fajt sz\u00ednes ruh\u00e1khoz. Mos\u00f3di\u00f3-extraktummal \u00e9s bioenzimekkel tiszt\u00edt, mik\u00f6zben meg\u00f3vja a sz\u00ednek \u00e9l\u00e9nks\u00e9g\u00e9t \u00e9s a ruh\u00e1k puhas\u00e1g\u00e1t, mesters\u00e9ges illatanyagok n\u00e9lk\u00fcl.\" \/>\n<meta name=\"robots\" content=\"index, follow, max-snippet:-1, max-image-preview:large, max-video-preview:-1\" \/>\n<link rel=\"canonical\" href=\"https:\/\/herbow.eu\/pl\/product\/herbow-plyn-do-prania-kolorowych-ubran-pure-nature-naturalny-zapach\/\" \/>\n<meta property=\"og:locale\" content=\"pl_PL\" \/>\n<meta property=\"og:type\" content=\"article\" \/>\n<meta property=\"og:title\" content=\"Herbow foly\u00e9kony mos\u00f3szer sz\u00ednes ruh\u00e1khoz - Pure Nature (NATUR illat) - Herbow | International\" \/>\n<meta property=\"og:description\" content=\"A Herbow Pure Nature foly\u00e9kony mos\u00f3szer term\u00e9szetes tisztas\u00e1got ny\u00fajt sz\u00ednes ruh\u00e1khoz. Mos\u00f3di\u00f3-extraktummal \u00e9s bioenzimekkel tiszt\u00edt, mik\u00f6zben meg\u00f3vja a sz\u00ednek \u00e9l\u00e9nks\u00e9g\u00e9t \u00e9s a ruh\u00e1k puhas\u00e1g\u00e1t, mesters\u00e9ges illatanyagok n\u00e9lk\u00fcl.\" \/>\n<meta property=\"og:url\" content=\"https:\/\/herbow.eu\/pl\/product\/herbow-plyn-do-prania-kolorowych-ubran-pure-nature-naturalny-zapach\/\" \/>\n<meta property=\"og:site_name\" content=\"Herbow | International\" \/>\n<meta property=\"article:publisher\" content=\"https:\/\/www.facebook.com\/herbowmosodioslabda\/\" \/>\n<meta property=\"article:modified_time\" content=\"2026-03-17T09:58:23+00:00\" \/>\n<meta property=\"og:image\" content=\"https:\/\/herbow.eu\/wp-content\/uploads\/2025\/11\/Woo_base_2000x2000_0059_16084_CFA_herbow_folyekony_mososzer_1000ml_redesign_v13_parfummentes.png\" \/>\n\t<meta property=\"og:image:width\" content=\"2000\" \/>\n\t<meta property=\"og:image:height\" content=\"2000\" \/>\n\t<meta property=\"og:image:type\" content=\"image\/png\" \/>\n<meta name=\"twitter:card\" content=\"summary_large_image\" \/>\n<meta name=\"twitter:label1\" content=\"Szacowany czas czytania\" \/>\n\t<meta name=\"twitter:data1\" content=\"1 minuta\" \/>\n<script type=\"application\/ld+json\" class=\"yoast-schema-graph\">{\"@context\":\"https:\\\/\\\/schema.org\",\"@graph\":[{\"@type\":\"WebPage\",\"@id\":\"https:\\\/\\\/herbow.eu\\\/product\\\/herbow-folyekony-mososzer-szines-ruhakhoz-pure-nature-natur-illat\\\/\",\"url\":\"https:\\\/\\\/herbow.eu\\\/product\\\/herbow-folyekony-mososzer-szines-ruhakhoz-pure-nature-natur-illat\\\/\",\"name\":\"Herbow foly\u00e9kony mos\u00f3szer sz\u00ednes ruh\u00e1khoz - Pure Nature (NATUR illat) - Herbow | International\",\"isPartOf\":{\"@id\":\"https:\\\/\\\/herbow.eu\\\/#website\"},\"primaryImageOfPage\":{\"@id\":\"https:\\\/\\\/herbow.eu\\\/product\\\/herbow-folyekony-mososzer-szines-ruhakhoz-pure-nature-natur-illat\\\/#primaryimage\"},\"image\":{\"@id\":\"https:\\\/\\\/herbow.eu\\\/product\\\/herbow-folyekony-mososzer-szines-ruhakhoz-pure-nature-natur-illat\\\/#primaryimage\"},\"thumbnailUrl\":\"https:\\\/\\\/herbow.eu\\\/wp-content\\\/uploads\\\/2025\\\/11\\\/Woo_base_2000x2000_0059_16084_CFA_herbow_folyekony_mososzer_1000ml_redesign_v13_parfummentes.png\",\"datePublished\":\"2025-08-18T09:05:55+00:00\",\"dateModified\":\"2026-03-17T09:58:23+00:00\",\"description\":\"A Herbow Pure Nature foly\u00e9kony mos\u00f3szer term\u00e9szetes tisztas\u00e1got ny\u00fajt sz\u00ednes ruh\u00e1khoz. Mos\u00f3di\u00f3-extraktummal \u00e9s bioenzimekkel tiszt\u00edt, mik\u00f6zben meg\u00f3vja a sz\u00ednek \u00e9l\u00e9nks\u00e9g\u00e9t \u00e9s a ruh\u00e1k puhas\u00e1g\u00e1t, mesters\u00e9ges illatanyagok n\u00e9lk\u00fcl.\",\"breadcrumb\":{\"@id\":\"https:\\\/\\\/herbow.eu\\\/product\\\/herbow-folyekony-mososzer-szines-ruhakhoz-pure-nature-natur-illat\\\/#breadcrumb\"},\"inLanguage\":\"pl-PL\",\"potentialAction\":[{\"@type\":\"ReadAction\",\"target\":[\"https:\\\/\\\/herbow.eu\\\/product\\\/herbow-folyekony-mososzer-szines-ruhakhoz-pure-nature-natur-illat\\\/\"]}]},{\"@type\":\"ImageObject\",\"inLanguage\":\"pl-PL\",\"@id\":\"https:\\\/\\\/herbow.eu\\\/product\\\/herbow-folyekony-mososzer-szines-ruhakhoz-pure-nature-natur-illat\\\/#primaryimage\",\"url\":\"https:\\\/\\\/herbow.eu\\\/wp-content\\\/uploads\\\/2025\\\/11\\\/Woo_base_2000x2000_0059_16084_CFA_herbow_folyekony_mososzer_1000ml_redesign_v13_parfummentes.png\",\"contentUrl\":\"https:\\\/\\\/herbow.eu\\\/wp-content\\\/uploads\\\/2025\\\/11\\\/Woo_base_2000x2000_0059_16084_CFA_herbow_folyekony_mososzer_1000ml_redesign_v13_parfummentes.png\",\"width\":2000,\"height\":2000},{\"@type\":\"BreadcrumbList\",\"@id\":\"https:\\\/\\\/herbow.eu\\\/product\\\/herbow-folyekony-mososzer-szines-ruhakhoz-pure-nature-natur-illat\\\/#breadcrumb\",\"itemListElement\":[{\"@type\":\"ListItem\",\"position\":1,\"name\":\"Kezd\u0151lap\",\"item\":\"https:\\\/\\\/herbow.eu\\\/\"},{\"@type\":\"ListItem\",\"position\":2,\"name\":\"Shop\",\"item\":\"https:\\\/\\\/herbow.eu\\\/shop\\\/\"},{\"@type\":\"ListItem\",\"position\":3,\"name\":\"Herbow foly\u00e9kony mos\u00f3szer sz\u00ednes ruh\u00e1khoz &#8211; Pure Nature (NATUR illat)\"}]},{\"@type\":\"WebSite\",\"@id\":\"https:\\\/\\\/herbow.eu\\\/#website\",\"url\":\"https:\\\/\\\/herbow.eu\\\/\",\"name\":\"Herbow | Herbal Organic World\",\"description\":\"Herbal Organic World\",\"publisher\":{\"@id\":\"https:\\\/\\\/herbow.eu\\\/#organization\"},\"potentialAction\":[{\"@type\":\"SearchAction\",\"target\":{\"@type\":\"EntryPoint\",\"urlTemplate\":\"https:\\\/\\\/herbow.eu\\\/?s={search_term_string}\"},\"query-input\":{\"@type\":\"PropertyValueSpecification\",\"valueRequired\":true,\"valueName\":\"search_term_string\"}}],\"inLanguage\":\"pl-PL\"},{\"@type\":\"Organization\",\"@id\":\"https:\\\/\\\/herbow.eu\\\/#organization\",\"name\":\"Herbow International Zrt.\",\"url\":\"https:\\\/\\\/herbow.eu\\\/\",\"logo\":{\"@type\":\"ImageObject\",\"inLanguage\":\"pl-PL\",\"@id\":\"https:\\\/\\\/herbow.eu\\\/#\\\/schema\\\/logo\\\/image\\\/\",\"url\":\"https:\\\/\\\/herbow.eu\\\/wp-content\\\/uploads\\\/2025\\\/07\\\/herbow_logo_hun_2021-01_w-slogan_no-background.png\",\"contentUrl\":\"https:\\\/\\\/herbow.eu\\\/wp-content\\\/uploads\\\/2025\\\/07\\\/herbow_logo_hun_2021-01_w-slogan_no-background.png\",\"width\":2366,\"height\":1732,\"caption\":\"Herbow International Zrt.\"},\"image\":{\"@id\":\"https:\\\/\\\/herbow.eu\\\/#\\\/schema\\\/logo\\\/image\\\/\"},\"sameAs\":[\"https:\\\/\\\/www.facebook.com\\\/herbowmosodioslabda\\\/\",\"https:\\\/\\\/www.instagram.com\\\/herbowmosodioslabda\\\/\"]}]}<\/script>\n<!-- \/ Yoast SEO plugin. -->","yoast_head_json":{"title":"Herbow P\u0142yn do prania tkanin kolorowych - Pure Nature (zapach NATUR) - Herbow | International","description":"P\u0142ynny detergent Herbow Pure Nature zapewnia naturaln\u0105 czysto\u015b\u0107 kolorowych ubra\u0144. Czy\u015bci dzi\u0119ki ekstraktowi z orzech\u00f3w pior\u0105cych i bioenzymom, jednocze\u015bnie chroni\u0105c \u017cywo\u015b\u0107 kolor\u00f3w i mi\u0119kko\u015b\u0107 ubra\u0144, bez sztucznych substancji zapachowych.","robots":{"index":"index","follow":"follow","max-snippet":"max-snippet:-1","max-image-preview":"max-image-preview:large","max-video-preview":"max-video-preview:-1"},"canonical":"https:\/\/herbow.eu\/pl\/product\/herbow-plyn-do-prania-kolorowych-ubran-pure-nature-naturalny-zapach\/","og_locale":"pl_PL","og_type":"article","og_title":"Herbow foly\u00e9kony mos\u00f3szer sz\u00ednes ruh\u00e1khoz - Pure Nature (NATUR illat) - Herbow | International","og_description":"A Herbow Pure Nature foly\u00e9kony mos\u00f3szer term\u00e9szetes tisztas\u00e1got ny\u00fajt sz\u00ednes ruh\u00e1khoz. Mos\u00f3di\u00f3-extraktummal \u00e9s bioenzimekkel tiszt\u00edt, mik\u00f6zben meg\u00f3vja a sz\u00ednek \u00e9l\u00e9nks\u00e9g\u00e9t \u00e9s a ruh\u00e1k puhas\u00e1g\u00e1t, mesters\u00e9ges illatanyagok n\u00e9lk\u00fcl.","og_url":"https:\/\/herbow.eu\/pl\/product\/herbow-plyn-do-prania-kolorowych-ubran-pure-nature-naturalny-zapach\/","og_site_name":"Herbow | International","article_publisher":"https:\/\/www.facebook.com\/herbowmosodioslabda\/","article_modified_time":"2026-03-17T09:58:23+00:00","og_image":[{"width":2000,"height":2000,"url":"https:\/\/herbow.eu\/wp-content\/uploads\/2025\/11\/Woo_base_2000x2000_0059_16084_CFA_herbow_folyekony_mososzer_1000ml_redesign_v13_parfummentes.png","type":"image\/png"}],"twitter_card":"summary_large_image","twitter_misc":{"Szacowany czas czytania":"1 minuta"},"schema":{"@context":"https:\/\/schema.org","@graph":[{"@type":"WebPage","@id":"https:\/\/herbow.eu\/product\/herbow-folyekony-mososzer-szines-ruhakhoz-pure-nature-natur-illat\/","url":"https:\/\/herbow.eu\/product\/herbow-folyekony-mososzer-szines-ruhakhoz-pure-nature-natur-illat\/","name":"Herbow P\u0142yn do prania tkanin kolorowych - Pure Nature (zapach NATUR) - Herbow | International","isPartOf":{"@id":"https:\/\/herbow.eu\/#website"},"primaryImageOfPage":{"@id":"https:\/\/herbow.eu\/product\/herbow-folyekony-mososzer-szines-ruhakhoz-pure-nature-natur-illat\/#primaryimage"},"image":{"@id":"https:\/\/herbow.eu\/product\/herbow-folyekony-mososzer-szines-ruhakhoz-pure-nature-natur-illat\/#primaryimage"},"thumbnailUrl":"https:\/\/herbow.eu\/wp-content\/uploads\/2025\/11\/Woo_base_2000x2000_0059_16084_CFA_herbow_folyekony_mososzer_1000ml_redesign_v13_parfummentes.png","datePublished":"2025-08-18T09:05:55+00:00","dateModified":"2026-03-17T09:58:23+00:00","description":"P\u0142ynny detergent Herbow Pure Nature zapewnia naturaln\u0105 czysto\u015b\u0107 kolorowych ubra\u0144. Czy\u015bci dzi\u0119ki ekstraktowi z orzech\u00f3w pior\u0105cych i bioenzymom, jednocze\u015bnie chroni\u0105c \u017cywo\u015b\u0107 kolor\u00f3w i mi\u0119kko\u015b\u0107 ubra\u0144, bez sztucznych substancji zapachowych.","breadcrumb":{"@id":"https:\/\/herbow.eu\/product\/herbow-folyekony-mososzer-szines-ruhakhoz-pure-nature-natur-illat\/#breadcrumb"},"inLanguage":"pl-PL","potentialAction":[{"@type":"ReadAction","target":["https:\/\/herbow.eu\/product\/herbow-folyekony-mososzer-szines-ruhakhoz-pure-nature-natur-illat\/"]}]},{"@type":"ImageObject","inLanguage":"pl-PL","@id":"https:\/\/herbow.eu\/product\/herbow-folyekony-mososzer-szines-ruhakhoz-pure-nature-natur-illat\/#primaryimage","url":"https:\/\/herbow.eu\/wp-content\/uploads\/2025\/11\/Woo_base_2000x2000_0059_16084_CFA_herbow_folyekony_mososzer_1000ml_redesign_v13_parfummentes.png","contentUrl":"https:\/\/herbow.eu\/wp-content\/uploads\/2025\/11\/Woo_base_2000x2000_0059_16084_CFA_herbow_folyekony_mososzer_1000ml_redesign_v13_parfummentes.png","width":2000,"height":2000},{"@type":"BreadcrumbList","@id":"https:\/\/herbow.eu\/product\/herbow-folyekony-mososzer-szines-ruhakhoz-pure-nature-natur-illat\/#breadcrumb","itemListElement":[{"@type":"ListItem","position":1,"name":"Kezd\u0151lap","item":"https:\/\/herbow.eu\/"},{"@type":"ListItem","position":2,"name":"Shop","item":"https:\/\/herbow.eu\/shop\/"},{"@type":"ListItem","position":3,"name":"Herbow foly\u00e9kony mos\u00f3szer sz\u00ednes ruh\u00e1khoz &#8211; Pure Nature (NATUR illat)"}]},{"@type":"WebSite","@id":"https:\/\/herbow.eu\/#website","url":"https:\/\/herbow.eu\/","name":"Herbow | Herbal Organic World","description":"Herbal Organic World","publisher":{"@id":"https:\/\/herbow.eu\/#organization"},"potentialAction":[{"@type":"SearchAction","target":{"@type":"EntryPoint","urlTemplate":"https:\/\/herbow.eu\/?s={search_term_string}"},"query-input":{"@type":"PropertyValueSpecification","valueRequired":true,"valueName":"search_term_string"}}],"inLanguage":"pl-PL"},{"@type":"Organization","@id":"https:\/\/herbow.eu\/#organization","name":"Herbow International Zrt.","url":"https:\/\/herbow.eu\/","logo":{"@type":"ImageObject","inLanguage":"pl-PL","@id":"https:\/\/herbow.eu\/#\/schema\/logo\/image\/","url":"https:\/\/herbow.eu\/wp-content\/uploads\/2025\/07\/herbow_logo_hun_2021-01_w-slogan_no-background.png","contentUrl":"https:\/\/herbow.eu\/wp-content\/uploads\/2025\/07\/herbow_logo_hun_2021-01_w-slogan_no-background.png","width":2366,"height":1732,"caption":"Herbow International Zrt."},"image":{"@id":"https:\/\/herbow.eu\/#\/schema\/logo\/image\/"},"sameAs":["https:\/\/www.facebook.com\/herbowmosodioslabda\/","https:\/\/www.instagram.com\/herbowmosodioslabda\/"]}]}},"jetpack_likes_enabled":true,"jetpack_sharing_enabled":true,"_links":{"self":[{"href":"https:\/\/herbow.eu\/pl\/wp-json\/wp\/v2\/product\/1013","targetHints":{"allow":["GET"]}}],"collection":[{"href":"https:\/\/herbow.eu\/pl\/wp-json\/wp\/v2\/product"}],"about":[{"href":"https:\/\/herbow.eu\/pl\/wp-json\/wp\/v2\/types\/product"}],"replies":[{"embeddable":true,"href":"https:\/\/herbow.eu\/pl\/wp-json\/wp\/v2\/comments?post=1013"}],"wp:featuredmedia":[{"embeddable":true,"href":"https:\/\/herbow.eu\/pl\/wp-json\/wp\/v2\/media\/1138"}],"wp:attachment":[{"href":"https:\/\/herbow.eu\/pl\/wp-json\/wp\/v2\/media?parent=1013"}],"wp:term":[{"taxonomy":"product_brand","embeddable":true,"href":"https:\/\/herbow.eu\/pl\/wp-json\/wp\/v2\/product_brand?post=1013"},{"taxonomy":"product_cat","embeddable":true,"href":"https:\/\/herbow.eu\/pl\/wp-json\/wp\/v2\/product_cat?post=1013"},{"taxonomy":"product_tag","embeddable":true,"href":"https:\/\/herbow.eu\/pl\/wp-json\/wp\/v2\/product_tag?post=1013"}],"curies":[{"name":"wp","href":"https:\/\/api.w.org\/{rel}","templated":true}]}}