{"id":762,"date":"2025-07-20T11:47:54","date_gmt":"2025-07-20T09:47:54","guid":{"rendered":"https:\/\/herbow.eu\/?page_id=762"},"modified":"2025-07-20T12:16:59","modified_gmt":"2025-07-20T10:16:59","slug":"moszo-labrador","status":"publish","type":"page","link":"https:\/\/herbow.eu\/pl\/mosodios-labda\/","title":{"rendered":"Kula do prania"},"content":{"rendered":"<section class=\"section\" id=\"section_167884215\">\n\t\t<div class=\"section-bg fill\" >\n\t\t\t\t\t\t\t<div class=\"video-overlay no-click fill visible\"><\/div>\n\t<video class=\"video-bg fill visible\" preload playsinline autoplay muted loop>\n\t\t<source src=\"https:\/\/videos.files.wordpress.com\/glsn1bsR\/heap-of-soap-nut-for-ecological-washing-raw-aritha-2023-11-28-17-45-48-utc.mp4\" type=\"video\/mp4\">\t<\/video>\n\t\t\t<div class=\"section-bg-overlay absolute fill\"><\/div>\n\t\t\t\n\n\t\t<\/div>\n\n\t\t\n\n\t\t<div class=\"section-content relative\">\n\t\t\t\n\n\t<div id=\"text-3594233772\" class=\"text\">\n\t\t\n\n<h1 class=\"uppercase\" style=\"text-align: center;\" data-animate=\"fadeInUp\" data-animate-delay=\"500\">Jaki jest sekret kuli z orzech\u00f3w pior\u0105cych Herbow?<\/h1>\n\t\t\n<style>\n#text-3594233772 {\n  text-align: center;\n  color: rgb(255, 255, 255);\n}\n#text-3594233772 > * {\n  color: rgb(255, 255, 255);\n}\n<\/style>\n\t<\/div>\n\t\n\n\t\t<\/div>\n\n\t\t\n<style>\n#section_167884215 {\n  padding-top: 30px;\n  padding-bottom: 30px;\n  min-height: 300px;\n}\n#section_167884215 .section-bg-overlay {\n  background-color: rgba(0, 0, 0, 0.145);\n}\n@media (min-width:550px) {\n  #section_167884215 {\n    min-height: 400px;\n  }\n}\n@media (min-width:850px) {\n  #section_167884215 {\n    min-height: 500px;\n  }\n}\n<\/style>\n\t<\/section>\n\t\n\n\t<section class=\"section\" id=\"section_577300720\">\n\t\t<div class=\"section-bg fill\" >\n\t\t\t\t\t\t\t\t\t\n\t\t\t\n\n\t\t<\/div>\n\n\t\t\n\n\t\t<div class=\"section-content relative\">\n\t\t\t\n\n<div class=\"row align-center\"  id=\"row-123546918\">\n\n\n\t<div id=\"col-1724734945\" class=\"col medium-12 small-12 large-6\"  >\n\t\t\t\t<div class=\"col-inner\"  >\n\t\t\t\n\t\t\t\n\n\t<div id=\"gap-1911195817\" class=\"gap-element clearfix\" style=\"display:block; height:auto;\">\n\t\t\n<style>\n#gap-1911195817 {\n  padding-top: 10px;\n}\n@media (min-width:550px) {\n  #gap-1911195817 {\n    padding-top: 20px;\n  }\n}\n@media (min-width:850px) {\n  #gap-1911195817 {\n    padding-top: 30px;\n  }\n}\n<\/style>\n\t<\/div>\n\t\n\n\t<div class=\"img has-hover x md-x lg-x y md-y lg-y\" id=\"image_921237142\">\n\t\t\t\t\t\t<div data-animate=\"bounceInLeft\">\t\t<div class=\"img-inner dark\" >\n\t\t\t<img loading=\"lazy\" decoding=\"async\" width=\"633\" height=\"407\" src=\"https:\/\/herbow.eu\/wp-content\/uploads\/2025\/07\/herbowlabdavizbenv3ujlogo2020v201633x407_20200521_110138.png\" class=\"attachment-large size-large\" alt=\"\" srcset=\"https:\/\/herbow.eu\/wp-content\/uploads\/2025\/07\/herbowlabdavizbenv3ujlogo2020v201633x407_20200521_110138.png 633w, https:\/\/herbow.eu\/wp-content\/uploads\/2025\/07\/herbowlabdavizbenv3ujlogo2020v201633x407_20200521_110138-622x400.png 622w, https:\/\/herbow.eu\/wp-content\/uploads\/2025\/07\/herbowlabdavizbenv3ujlogo2020v201633x407_20200521_110138-500x321.png 500w\" sizes=\"auto, (max-width: 633px) 100vw, 633px\" data-attachment-id=\"655\" data-permalink=\"https:\/\/herbow.eu\/pl\/fullscreen-fashion\/herbowlabdavizbenv3ujlogo2020v201633x407_20200521_110138\/#main\" data-orig-file=\"https:\/\/herbow.eu\/wp-content\/uploads\/2025\/07\/herbowlabdavizbenv3ujlogo2020v201633x407_20200521_110138.png\" data-orig-size=\"633,407\" data-comments-opened=\"1\" data-image-meta=\"{&quot;aperture&quot;:&quot;0&quot;,&quot;credit&quot;:&quot;&quot;,&quot;camera&quot;:&quot;&quot;,&quot;caption&quot;:&quot;&quot;,&quot;created_timestamp&quot;:&quot;0&quot;,&quot;copyright&quot;:&quot;&quot;,&quot;focal_length&quot;:&quot;0&quot;,&quot;iso&quot;:&quot;0&quot;,&quot;shutter_speed&quot;:&quot;0&quot;,&quot;title&quot;:&quot;&quot;,&quot;orientation&quot;:&quot;0&quot;}\" data-image-title=\"herbowlabdavizbenv3ujlogo2020v201633x407_20200521_110138\" data-image-description=\"\" data-image-caption=\"\" data-large-file=\"https:\/\/herbow.eu\/wp-content\/uploads\/2025\/07\/herbowlabdavizbenv3ujlogo2020v201633x407_20200521_110138.png\" \/>\t\t\t\t\t\t\n\t\t\t\t\t<\/div>\n\t\t<\/div>\t\t\t\t\t\t\n<style>\n#image_921237142 {\n  width: 100%;\n}\n<\/style>\n\t<\/div>\n\t\n\n\t<div id=\"text-2391086445\" class=\"text\">\n\t\t\n\n<h3><strong>\u015awie\u017ce i czyste pranie bez dodatku syntetyk\u00f3w!<\/strong><\/h3>\n\t\t\n<style>\n#text-2391086445 {\n  font-size: 1.55rem;\n}\n<\/style>\n\t<\/div>\n\t\n<p>A mos\u00f3di\u00f3 100%-ban term\u00e9szetes, j\u00f3 tiszt\u00edt\u00f3hat\u00e1ssal rendelkezik \u00e9s k\u00f6rnyezetbar\u00e1t mos\u00e1si alternat\u00edva. A Herbow term\u00e9kcsal\u00e1d alapj\u00e1t jelent\u0151 mos\u00f3di\u00f3s labda sz\u00e1mos el\u0151nnyel szolg\u00e1lja eg\u00e9szs\u00e9gedet \u00e9s k\u00e9nyelmedet. Az organikus mos\u00f3szer term\u00e9szetes hat\u00f3anyagainak k\u00f6sz\u00f6nhet\u0151en fejti ki hat\u00e1s\u00e1t, ez\u00e9rt nagyszer\u0171en k\u00edm\u00e9li az \u00e9rz\u00e9keny b\u0151rt, kisbab\u00e1k ruh\u00e1inak mos\u00e1s\u00e1ra is aj\u00e1nlott. A mos\u00f3di\u00f3s labda haszn\u00e1lata sor\u00e1n a ruh\u00e1ban nem maradnak mos\u00f3szer-maradv\u00e1nyok, amik irrit\u00e1lhatj\u00e1k a b\u0151rt \u00e9s allergi\u00e1t okozhatnak.<\/p>\n<p>\u00a0<\/p>\n\n\t\t<\/div>\n\t\t\t\t\n<style>\n#col-1724734945 > .col-inner {\n  padding: 0px 10% 0px 0px;\n}\n<\/style>\n\t<\/div>\n\n\t\n\n\t<div id=\"col-2066239295\" class=\"col medium-12 small-12 large-6\"  data-animate=\"bounceInUp\">\n\t\t\t\t<div class=\"col-inner\" style=\"background-color:rgba(241, 241, 241, 0.93);\" >\n\t\t\t\n\t<div class=\"is-border\"\n\t\tstyle=\"border-color:rgb(73, 193, 147);border-width:10px 0px 0px 0px;\">\n\t<\/div>\n\t\t\t\n\n<p><strong>U\u017cywanie orzech\u00f3w pior\u0105cych do tej pory by\u0142o uci\u0105\u017cliwe. Trzeba by\u0142o liczy\u0107 orzechy, wi\u0105za\u0107 je mu\u015blinowym woreczku, pami\u0119ta\u0107, kiedy je wyrzuci\u0107, i natychmiast wyjmowa\u0107 je z pralki po praniu, \u017ceby si\u0119 nie zepsu\u0142y. Dodatkowo, nieprzetworzone orzechy pior\u0105ce maj\u0105 te\u017c dziwny zapach. Jednak naukowcy z Herbow przemy\u015bleli kwesti\u0119 orzech\u00f3w pior\u0105cych i opracowali innowacyjn\u0105 formu\u0142\u0119 kul do prania z orzech\u00f3w pior\u0105cych, dzi\u0119ki czemu pranie bez chemikali\u00f3w sta\u0142o si\u0119 jeszcze bardziej praktyczne i prostsze!<\/strong><\/p>\n<p><strong>Wygoda u\u017cytkowania<br \/><\/strong>Wystarczy wrzuci\u0107 do pralki jak kapsu\u0142k\u0119 do prania. Orzechy pior\u0105ce s\u0105 zapakowane w siatk\u0119 na bazie celulozy w kszta\u0142cie kulki, co u\u0142atwia ich praktyczne zastosowanie!<\/p>\n<p><strong>Zwi\u0119kszona moc prania<\/strong><br \/>Bawe\u0142na z recyklingu zawini\u0119ta w kulk\u0119 \u0142agodn\u0105 wzmacnia pienienie si\u0119 naturalnych substancji powierzchniowo czynnych (saponiny) z orzech\u00f3w pior\u0105cych, jeszcze bardziej zwi\u0119kszaj\u0105c jego moc czyszcz\u0105c\u0105.<\/p>\n<p><strong>\u015awie\u017cy zapach<\/strong><br \/>Dzi\u0119ki zastosowaniu technologii Balance System, mydlnica jest poddawana dzia\u0142aniu dobroczynnej (B.S Regen) naturalnej kultury mikroorganizm\u00f3w. W rezultacie jej wcze\u015bniejszy, kwa\u015bny zapach znika, a pranie pozostaje pachn\u0105ce przez d\u0142ugi czas.<\/p>\n\n\t\t<\/div>\n\t\t\t\t\n<style>\n#col-2066239295 > .col-inner {\n  padding: 15% 10% 5% 10%;\n  margin: 0 0px 0px 0px;\n}\n@media (min-width:550px) {\n  #col-2066239295 > .col-inner {\n    padding: 10% 10% 8% 10%;\n  }\n}\n@media (min-width:850px) {\n  #col-2066239295 > .col-inner {\n    padding: 15% 15% 10% 15%;\n    margin: -172px 0px 0px 0px;\n  }\n}\n<\/style>\n\t<\/div>\n\n\t\n\n<\/div>\n<div class=\"row\"  id=\"row-343653743\">\n\n\n\t<div id=\"col-1045848907\" class=\"col medium-6 small-12 large-6\"  >\n\t\t\t\t<div class=\"col-inner\"  >\n\t\t\t\n\t\t\t\n\n<p><strong>O orzechach pior\u0105cych<\/strong><br \/>Indyjskie orzechy pior\u0105ce (Sapindus Mukorossi) to owoce drzewa z rodziny mydlenicowatych. To niezwyk\u0142e drzewo pochodzi z podn\u00f3\u017ca Himalaj\u00f3w, ro\u015bnie na terenie Indii i Nepalu. Owoce mydlenicy to pestkowce, otoczone tward\u0105 \u0142upin\u0105, kt\u00f3ra jest bogata w saponiny. Saponina jest naturalnym \u015brodkiem powierzchniowo czynnym, kt\u00f3ry w interakcji z wod\u0105 wi\u0105\u017ce t\u0142uszcze i zabrudzenia, dzi\u0119ki czemu doskonale nadaje si\u0119 do prania ubra\u0144. Posiada r\u00f3wnie\u017c wiele korzystnych w\u0142a\u015bciwo\u015bci.<\/p>\n\n\t\t<\/div>\n\t\t\t\t\n<style>\n#col-1045848907 > .col-inner {\n  margin: -50px 0px 0px 0px;\n}\n<\/style>\n\t<\/div>\n\n\t\n\n\t<div id=\"col-1112038218\" class=\"col medium-6 small-12 large-6\"  >\n\t\t\t\t<div class=\"col-inner\"  >\n\t\t\t\n\t\t\t\n\n\t<div class=\"img has-hover x md-x lg-x y md-y lg-y\" id=\"image_243897640\">\n\t\t\t\t\t\t<div data-animate=\"bounceInRight\">\t\t<div class=\"img-inner dark\" >\n\t\t\t<img loading=\"lazy\" decoding=\"async\" width=\"1020\" height=\"586\" src=\"https:\/\/herbow.eu\/wp-content\/uploads\/2025\/07\/soap-nut-on-white-background-2024-10-31-21-18-04-utc-1392x800.jpg\" class=\"attachment-large size-large\" alt=\"\" srcset=\"https:\/\/herbow.eu\/wp-content\/uploads\/2025\/07\/soap-nut-on-white-background-2024-10-31-21-18-04-utc-1392x800.jpg 1392w, https:\/\/herbow.eu\/wp-content\/uploads\/2025\/07\/soap-nut-on-white-background-2024-10-31-21-18-04-utc-696x400.jpg 696w, https:\/\/herbow.eu\/wp-content\/uploads\/2025\/07\/soap-nut-on-white-background-2024-10-31-21-18-04-utc-768x441.jpg 768w, https:\/\/herbow.eu\/wp-content\/uploads\/2025\/07\/soap-nut-on-white-background-2024-10-31-21-18-04-utc-1536x883.jpg 1536w, https:\/\/herbow.eu\/wp-content\/uploads\/2025\/07\/soap-nut-on-white-background-2024-10-31-21-18-04-utc-2048x1177.jpg 2048w, https:\/\/herbow.eu\/wp-content\/uploads\/2025\/07\/soap-nut-on-white-background-2024-10-31-21-18-04-utc-500x287.jpg 500w\" sizes=\"auto, (max-width: 1020px) 100vw, 1020px\" data-attachment-id=\"752\" data-permalink=\"https:\/\/herbow.eu\/pl\/a-herbow-rol\/soap-nut-on-white-background\/#main\" data-orig-file=\"https:\/\/herbow.eu\/wp-content\/uploads\/2025\/07\/soap-nut-on-white-background-2024-10-31-21-18-04-utc.jpg\" data-orig-size=\"2500,1437\" data-comments-opened=\"1\" data-image-meta=\"{&quot;aperture&quot;:&quot;16&quot;,&quot;credit&quot;:&quot;&quot;,&quot;camera&quot;:&quot;NIKON D800E&quot;,&quot;caption&quot;:&quot;Soap nut on white background&quot;,&quot;created_timestamp&quot;:&quot;1478123934&quot;,&quot;copyright&quot;:&quot;&quot;,&quot;focal_length&quot;:&quot;70&quot;,&quot;iso&quot;:&quot;100&quot;,&quot;shutter_speed&quot;:&quot;0.00625&quot;,&quot;title&quot;:&quot;Soap nut on white background&quot;,&quot;orientation&quot;:&quot;1&quot;}\" data-image-title=\"Soap nut on white background\" data-image-description=\"\" data-image-caption=\"&lt;p&gt;Soap nut on white background&lt;\/p&gt;\" data-large-file=\"https:\/\/herbow.eu\/wp-content\/uploads\/2025\/07\/soap-nut-on-white-background-2024-10-31-21-18-04-utc-1392x800.jpg\" \/>\t\t\t\t\t\t\n\t\t\t\t\t<\/div>\n\t\t<\/div>\t\t\t\t\t\t\n<style>\n#image_243897640 {\n  width: 100%;\n}\n<\/style>\n\t<\/div>\n\t\n\n\n\t\t<\/div>\n\t\t\t\t\n<style>\n#col-1112038218 > .col-inner {\n  margin: -250px 0px 0px 0px;\n}\n<\/style>\n\t<\/div>\n\n\t\n\n<\/div>\n\n\t\t<\/div>\n\n\t\t\n<style>\n#section_577300720 {\n  padding-top: 30px;\n  padding-bottom: 30px;\n}\n<\/style>\n\t<\/section>\n\t\n\n\t<section class=\"section\" id=\"section_591279778\">\n\t\t<div class=\"section-bg fill\" >\n\t\t\t\t\t\t\t\t\t\n\t\t\t\n\t<div class=\"is-border\"\n\t\tstyle=\"border-color:rgb(73, 193, 147);border-width:10px 0px 0px 0px;\">\n\t<\/div>\n\n\t\t<\/div>\n\n\t\t\n\n\t\t<div class=\"section-content relative\">\n\t\t\t\n\n<p><strong>Naturalny<\/strong> \u2013 myd\u0142o orzechowe 100%naturalnie, nie zawiera \u017cadnych sztucznych chemikali\u00f3w, kt\u00f3re mia\u0142yby szkodliwy wp\u0142yw na organizm lub \u015brodowisko.<\/p>\n<p><strong>Ekologiczny<\/strong> - \u0142atwo si\u0119 rozk\u0142ada, nie obci\u0105\u017ca \u015brodowiska. Co ciekawe, ro\u015bnie na drzewie, kt\u00f3rego nigdy si\u0119 nie opryskuje, poniewa\u017c dzi\u0119ki naturalnej zawarto\u015bci saponin odstrasza szkodniki. Posiada w\u0142a\u015bciwo\u015bci glebochronne i wytwarza du\u017co tlenu, przyczyniaj\u0105c si\u0119 w ten spos\u00f3b do optymalnego ekosystemu naszej Ziemi.<\/p>\n<p><strong>Antybakteryjny<\/strong> \u2013 odka\u017caj\u0105cy<\/p>\n<p><strong>Hipoalergiczny<\/strong> \u2013 nie podra\u017cnia sk\u00f3ry. Idealny dla sk\u00f3ry wra\u017cliwej i sk\u0142onnej do egzemy, a tak\u017ce dla os\u00f3b cierpi\u0105cych na inne choroby sk\u00f3ry (np. \u0142uszczyc\u0119, neurodermit). Mo\u017ce by\u0107 bezpiecznie polecany do prania ubranek niemowl\u0119cych.<\/p>\n<p><strong>Ochrona tkaniny<\/strong> \u2013 doskona\u0142a wydajno\u015b\u0107 prania, a jednocze\u015bnie delikatno\u015b\u0107, poniewa\u017c nie niszczy struktury tkanin. Dzi\u0119ki niemu ubrania d\u0142u\u017cej zachowuj\u0105 sw\u00f3j kszta\u0142t i kolor<\/p>\n<p><strong>Ekonomiczny<\/strong> \u2013 Sk\u00f3rka z orzech\u00f3w pior\u0105cych mo\u017ce by\u0107 u\u017cywana wielokrotnie, na przyk\u0142ad 1 kulka z orzech\u00f3w pior\u0105cych wystarcza na 5 pra\u0144<\/p>\n<p><strong>Nadaj\u0105cy si\u0119 do recyklingu<\/strong> \u2013 Zu\u017cyte \u0142upiny orzecha s\u0105 kompostowalne, a u\u017cyta siatka na bazie celulozy jest r\u00f3wnie\u017c biodegradowalna<\/p>\n\n\t\t<\/div>\n\n\t\t\n<style>\n#section_591279778 {\n  padding-top: 30px;\n  padding-bottom: 30px;\n  background-color: rgba(156, 128, 89, 0.215);\n}\n<\/style>\n\t<\/section>","protected":false},"excerpt":{"rendered":"","protected":false},"author":268520272,"featured_media":0,"parent":0,"menu_order":0,"comment_status":"closed","ping_status":"closed","template":"","meta":{"footnotes":""},"class_list":["post-762","page","type-page","status-publish","hentry"],"yoast_head":"<!-- This site is optimized with the Yoast SEO plugin v27.4 - https:\/\/yoast.com\/product\/yoast-seo-wordpress\/ -->\n<title>Mos\u00f3di\u00f3s labda - Herbow | International<\/title>\n<meta name=\"description\" content=\"Innovat\u00edv mos\u00f3di\u00f3s labda term\u00e9szetes tisztas\u00e1ggal, vegyszerek n\u00e9lk\u00fcl. K\u00edm\u00e9letes, k\u00f6rnyezetbar\u00e1t megold\u00e1s az eg\u00e9sz csal\u00e1dnak.\" \/>\n<meta name=\"robots\" content=\"index, follow, max-snippet:-1, max-image-preview:large, max-video-preview:-1\" \/>\n<link rel=\"canonical\" href=\"https:\/\/herbow.eu\/pl\/moszo-labrador\/\" \/>\n<meta property=\"og:locale\" content=\"pl_PL\" \/>\n<meta property=\"og:type\" content=\"article\" \/>\n<meta property=\"og:title\" content=\"Mos\u00f3di\u00f3s labda - Herbow | International\" \/>\n<meta property=\"og:description\" content=\"Innovat\u00edv mos\u00f3di\u00f3s labda term\u00e9szetes tisztas\u00e1ggal, vegyszerek n\u00e9lk\u00fcl. K\u00edm\u00e9letes, k\u00f6rnyezetbar\u00e1t megold\u00e1s az eg\u00e9sz csal\u00e1dnak.\" \/>\n<meta property=\"og:url\" content=\"https:\/\/herbow.eu\/pl\/moszo-labrador\/\" \/>\n<meta property=\"og:site_name\" content=\"Herbow | International\" \/>\n<meta property=\"article:publisher\" content=\"https:\/\/www.facebook.com\/herbowmosodioslabda\/\" \/>\n<meta property=\"article:modified_time\" content=\"2025-07-20T10:16:59+00:00\" \/>\n<meta name=\"twitter:card\" content=\"summary_large_image\" \/>\n<script type=\"application\/ld+json\" class=\"yoast-schema-graph\">{\"@context\":\"https:\\\/\\\/schema.org\",\"@graph\":[{\"@type\":\"WebPage\",\"@id\":\"https:\\\/\\\/herbow.eu\\\/mosodios-labda\\\/\",\"url\":\"https:\\\/\\\/herbow.eu\\\/mosodios-labda\\\/\",\"name\":\"Mos\u00f3di\u00f3s labda - Herbow | International\",\"isPartOf\":{\"@id\":\"https:\\\/\\\/herbow.eu\\\/#website\"},\"datePublished\":\"2025-07-20T09:47:54+00:00\",\"dateModified\":\"2025-07-20T10:16:59+00:00\",\"description\":\"Innovat\u00edv mos\u00f3di\u00f3s labda term\u00e9szetes tisztas\u00e1ggal, vegyszerek n\u00e9lk\u00fcl. K\u00edm\u00e9letes, k\u00f6rnyezetbar\u00e1t megold\u00e1s az eg\u00e9sz csal\u00e1dnak.\",\"breadcrumb\":{\"@id\":\"https:\\\/\\\/herbow.eu\\\/mosodios-labda\\\/#breadcrumb\"},\"inLanguage\":\"pl-PL\",\"potentialAction\":[{\"@type\":\"ReadAction\",\"target\":[\"https:\\\/\\\/herbow.eu\\\/mosodios-labda\\\/\"]}]},{\"@type\":\"BreadcrumbList\",\"@id\":\"https:\\\/\\\/herbow.eu\\\/mosodios-labda\\\/#breadcrumb\",\"itemListElement\":[{\"@type\":\"ListItem\",\"position\":1,\"name\":\"Kezd\u0151lap\",\"item\":\"https:\\\/\\\/herbow.eu\\\/\"},{\"@type\":\"ListItem\",\"position\":2,\"name\":\"Mos\u00f3di\u00f3s labda\"}]},{\"@type\":\"WebSite\",\"@id\":\"https:\\\/\\\/herbow.eu\\\/#website\",\"url\":\"https:\\\/\\\/herbow.eu\\\/\",\"name\":\"Herbow | Herbal Organic World\",\"description\":\"Herbal Organic World\",\"publisher\":{\"@id\":\"https:\\\/\\\/herbow.eu\\\/#organization\"},\"potentialAction\":[{\"@type\":\"SearchAction\",\"target\":{\"@type\":\"EntryPoint\",\"urlTemplate\":\"https:\\\/\\\/herbow.eu\\\/?s={search_term_string}\"},\"query-input\":{\"@type\":\"PropertyValueSpecification\",\"valueRequired\":true,\"valueName\":\"search_term_string\"}}],\"inLanguage\":\"pl-PL\"},{\"@type\":\"Organization\",\"@id\":\"https:\\\/\\\/herbow.eu\\\/#organization\",\"name\":\"Herbow International Zrt.\",\"url\":\"https:\\\/\\\/herbow.eu\\\/\",\"logo\":{\"@type\":\"ImageObject\",\"inLanguage\":\"pl-PL\",\"@id\":\"https:\\\/\\\/herbow.eu\\\/#\\\/schema\\\/logo\\\/image\\\/\",\"url\":\"https:\\\/\\\/herbow.eu\\\/wp-content\\\/uploads\\\/2025\\\/07\\\/herbow_logo_hun_2021-01_w-slogan_no-background.png\",\"contentUrl\":\"https:\\\/\\\/herbow.eu\\\/wp-content\\\/uploads\\\/2025\\\/07\\\/herbow_logo_hun_2021-01_w-slogan_no-background.png\",\"width\":2366,\"height\":1732,\"caption\":\"Herbow International Zrt.\"},\"image\":{\"@id\":\"https:\\\/\\\/herbow.eu\\\/#\\\/schema\\\/logo\\\/image\\\/\"},\"sameAs\":[\"https:\\\/\\\/www.facebook.com\\\/herbowmosodioslabda\\\/\",\"https:\\\/\\\/www.instagram.com\\\/herbowmosodioslabda\\\/\"]}]}<\/script>\n<!-- \/ Yoast SEO plugin. -->","yoast_head_json":{"title":"Pi\u0142ka do mocowania wk\u0142adki - Herbow | Mi\u0119dzynarodowe","description":"Innowacyjna kula do prania z orzech\u00f3w myj\u0105cych zapewnia naturaln\u0105 czysto\u015b\u0107 bez chemikali\u00f3w. Delikatne, ekologiczne rozwi\u0105zanie dla ca\u0142ej rodziny.","robots":{"index":"index","follow":"follow","max-snippet":"max-snippet:-1","max-image-preview":"max-image-preview:large","max-video-preview":"max-video-preview:-1"},"canonical":"https:\/\/herbow.eu\/pl\/moszo-labrador\/","og_locale":"pl_PL","og_type":"article","og_title":"Mos\u00f3di\u00f3s labda - Herbow | International","og_description":"Innovat\u00edv mos\u00f3di\u00f3s labda term\u00e9szetes tisztas\u00e1ggal, vegyszerek n\u00e9lk\u00fcl. K\u00edm\u00e9letes, k\u00f6rnyezetbar\u00e1t megold\u00e1s az eg\u00e9sz csal\u00e1dnak.","og_url":"https:\/\/herbow.eu\/pl\/moszo-labrador\/","og_site_name":"Herbow | International","article_publisher":"https:\/\/www.facebook.com\/herbowmosodioslabda\/","article_modified_time":"2025-07-20T10:16:59+00:00","twitter_card":"summary_large_image","schema":{"@context":"https:\/\/schema.org","@graph":[{"@type":"WebPage","@id":"https:\/\/herbow.eu\/mosodios-labda\/","url":"https:\/\/herbow.eu\/mosodios-labda\/","name":"Pi\u0142ka do mocowania wk\u0142adki - Herbow | Mi\u0119dzynarodowe","isPartOf":{"@id":"https:\/\/herbow.eu\/#website"},"datePublished":"2025-07-20T09:47:54+00:00","dateModified":"2025-07-20T10:16:59+00:00","description":"Innowacyjna kula do prania z orzech\u00f3w myj\u0105cych zapewnia naturaln\u0105 czysto\u015b\u0107 bez chemikali\u00f3w. Delikatne, ekologiczne rozwi\u0105zanie dla ca\u0142ej rodziny.","breadcrumb":{"@id":"https:\/\/herbow.eu\/mosodios-labda\/#breadcrumb"},"inLanguage":"pl-PL","potentialAction":[{"@type":"ReadAction","target":["https:\/\/herbow.eu\/mosodios-labda\/"]}]},{"@type":"BreadcrumbList","@id":"https:\/\/herbow.eu\/mosodios-labda\/#breadcrumb","itemListElement":[{"@type":"ListItem","position":1,"name":"Kezd\u0151lap","item":"https:\/\/herbow.eu\/"},{"@type":"ListItem","position":2,"name":"Mos\u00f3di\u00f3s labda"}]},{"@type":"WebSite","@id":"https:\/\/herbow.eu\/#website","url":"https:\/\/herbow.eu\/","name":"Herbow | Herbal Organic World","description":"Herbal Organic World","publisher":{"@id":"https:\/\/herbow.eu\/#organization"},"potentialAction":[{"@type":"SearchAction","target":{"@type":"EntryPoint","urlTemplate":"https:\/\/herbow.eu\/?s={search_term_string}"},"query-input":{"@type":"PropertyValueSpecification","valueRequired":true,"valueName":"search_term_string"}}],"inLanguage":"pl-PL"},{"@type":"Organization","@id":"https:\/\/herbow.eu\/#organization","name":"Herbow International Zrt.","url":"https:\/\/herbow.eu\/","logo":{"@type":"ImageObject","inLanguage":"pl-PL","@id":"https:\/\/herbow.eu\/#\/schema\/logo\/image\/","url":"https:\/\/herbow.eu\/wp-content\/uploads\/2025\/07\/herbow_logo_hun_2021-01_w-slogan_no-background.png","contentUrl":"https:\/\/herbow.eu\/wp-content\/uploads\/2025\/07\/herbow_logo_hun_2021-01_w-slogan_no-background.png","width":2366,"height":1732,"caption":"Herbow International Zrt."},"image":{"@id":"https:\/\/herbow.eu\/#\/schema\/logo\/image\/"},"sameAs":["https:\/\/www.facebook.com\/herbowmosodioslabda\/","https:\/\/www.instagram.com\/herbowmosodioslabda\/"]}]}},"jetpack_likes_enabled":true,"jetpack_sharing_enabled":true,"jetpack_shortlink":"https:\/\/wp.me\/Ph13on-ci","_links":{"self":[{"href":"https:\/\/herbow.eu\/pl\/wp-json\/wp\/v2\/pages\/762","targetHints":{"allow":["GET"]}}],"collection":[{"href":"https:\/\/herbow.eu\/pl\/wp-json\/wp\/v2\/pages"}],"about":[{"href":"https:\/\/herbow.eu\/pl\/wp-json\/wp\/v2\/types\/page"}],"author":[{"embeddable":true,"href":"https:\/\/herbow.eu\/pl\/wp-json\/wp\/v2\/users\/268520272"}],"replies":[{"embeddable":true,"href":"https:\/\/herbow.eu\/pl\/wp-json\/wp\/v2\/comments?post=762"}],"version-history":[{"count":14,"href":"https:\/\/herbow.eu\/pl\/wp-json\/wp\/v2\/pages\/762\/revisions"}],"predecessor-version":[{"id":780,"href":"https:\/\/herbow.eu\/pl\/wp-json\/wp\/v2\/pages\/762\/revisions\/780"}],"wp:attachment":[{"href":"https:\/\/herbow.eu\/pl\/wp-json\/wp\/v2\/media?parent=762"}],"curies":[{"name":"wp","href":"https:\/\/api.w.org\/{rel}","templated":true}]}}