{"id":984,"date":"2025-08-18T11:05:48","date_gmt":"2025-08-18T09:05:48","guid":{"rendered":"https:\/\/herbow.eu\/product\/herbow-2in1-mosoparfum-oblito-koncentratum-holdfenyes-ej\/"},"modified":"2026-03-17T10:58:48","modified_gmt":"2026-03-17T09:58:48","slug":"herbow-2in1-mosoparfum-oblito-concentratum-holdfenyes-ej-2","status":"publish","type":"product","link":"https:\/\/herbow.eu\/nl\/product\/herbow-2in1-mosoparfum-oblito-koncentratum-holdfenyes-ej\/","title":{"rendered":"Herbow 2in1 Was Parfum - Spoel Concentraat - Maanlicht Nacht"},"content":{"rendered":"<div>Moonlit Night is de geur van rust en harmonie. De kalmerende frisheid van lavendel en de delicate bloemengeur van roos roepen een rustige, vredige avond op met een gevoel van zuiverheid en rust in de lucht.<\/div>\n<div><\/div>\n<div>Herbow 2in1 Wasparfumspoeling Concentraat is een natuurlijke, plantaardige oplossing die zowel geurt als stoffen verzorgt. De plantaardige wasverzorgende ingredi\u00ebnten verzachten kleding op natuurlijke wijze en bieden een milieuvriendelijk, huidvriendelijk alternatief voor de synthetische ingredi\u00ebnten van traditionele wasverzachters. De formule is veganistisch, fosfaatvrij en biologisch afbreekbaar, dus het is vriendelijk voor zowel kleding als de natuur.<\/div>\n<div><\/div>\n<div>E\u00e9n flesje is voldoende voor 40 of 200 wasbeurten. Gebruik 5 ml, of een halve dop, in het spoelgedeelte en geniet van de kalmerende geur van Moonlight Night na elke wasbeurt.<\/div>\n<div>Zuiverheid, harmonie, natuur: een langdurige frisse geur in een flesje, in de vorm van een natuurlijk wasparfum.<\/div>","protected":false},"excerpt":{"rendered":"<p>De geur Moonlit Night combineert de kalmte van lavendel en de elegantie van roos om je kleding na elke wasbeurt een zacht kalmerende, aangename geur te geven.<\/p>","protected":false},"featured_media":874,"comment_status":"open","ping_status":"closed","template":"","meta":[],"product_brand":[1397],"product_cat":[1402],"product_tag":[1534,1535,1546,1540,1524,1542,1550,1548,1409,1533,1549,1506,1552,1551,1504,1537,1541,1502,1547,1544,1499,1543,1508,1538,1509,1545,1539,1536],"class_list":{"0":"post-984","1":"product","2":"type-product","3":"status-publish","4":"has-post-thumbnail","6":"product_brand-herbow","7":"product_cat-2in1-mosoparfum-oblito-koncentratum","8":"product_tag-2in1-mosoparfum","9":"product_tag-2in1-textilfrissito","10":"product_tag-allergenmentes-illat-ha-szukseges","11":"product_tag-oko-textilapolas","12":"product_tag-borbarat-formula","13":"product_tag-friss-ruhak","14":"product_tag-gardrob-frissito","15":"product_tag-gazdasagos-hasznalat","16":"product_tag-herbow","17":"product_tag-herbow-2in1","18":"product_tag-herbtech-formula","19":"product_tag-hosszan-tarto-illat","20":"product_tag-illatkapszula-hatas","21":"product_tag-illatos-mosas","22":"product_tag-illatos-ruhak","23":"product_tag-illatosito-koncentratum","24":"product_tag-intenziv-illat","25":"product_tag-kornyezetbarat-mosas","26":"product_tag-koncentralt-formula","27":"product_tag-mindennapi-mosashoz","28":"product_tag-novenyi-alapu-textilapolo","29":"product_tag-puhabb-ruhak","30":"product_tag-ruhaillatosito","31":"product_tag-ruhaparfum","32":"product_tag-szines-es-feher-ruhakhoz","33":"product_tag-termeszetbarat-mosas","34":"product_tag-termeszetes-textilfrissito","35":"product_tag-textilfrissito-koncentratum","37":"first","38":"instock","39":"taxable","40":"shipping-taxable","41":"product-type-variable"},"yoast_head":"<!-- This site is optimized with the Yoast SEO plugin v27.5 - https:\/\/yoast.com\/product\/yoast-seo-wordpress\/ -->\n<title>Herbow 2in1 mos\u00f3parf\u00fcm - \u00f6bl\u00edt\u0151 koncentr\u00e1tum - Holdf\u00e9nyes \u00e9j - Herbow | International<\/title>\n<meta name=\"robots\" content=\"index, follow, max-snippet:-1, max-image-preview:large, max-video-preview:-1\" \/>\n<link rel=\"canonical\" href=\"https:\/\/herbow.eu\/nl\/product\/herbow-2in1-mosoparfum-oblito-concentratum-holdfenyes-ej-2\/\" \/>\n<meta property=\"og:locale\" content=\"nl_NL\" \/>\n<meta property=\"og:type\" content=\"article\" \/>\n<meta property=\"og:title\" content=\"Herbow 2in1 mos\u00f3parf\u00fcm - \u00f6bl\u00edt\u0151 koncentr\u00e1tum - Holdf\u00e9nyes \u00e9j - Herbow | International\" \/>\n<meta property=\"og:description\" content=\"A Holdf\u00e9nyes \u00c9j illata a levendula nyugalm\u00e1t \u00e9s a r\u00f3zsa eleganci\u00e1j\u00e1t egyes\u00edti, hogy ruh\u00e1idat finoman megnyugtat\u00f3, kellemes illat lengje k\u00f6r\u00fcl minden mos\u00e1s ut\u00e1n.\" \/>\n<meta property=\"og:url\" content=\"https:\/\/herbow.eu\/nl\/product\/herbow-2in1-mosoparfum-oblito-concentratum-holdfenyes-ej-2\/\" \/>\n<meta property=\"og:site_name\" content=\"Herbow | International\" \/>\n<meta property=\"article:publisher\" content=\"https:\/\/www.facebook.com\/herbowmosodioslabda\/\" \/>\n<meta property=\"article:modified_time\" content=\"2026-03-17T09:58:48+00:00\" \/>\n<meta property=\"og:image\" content=\"https:\/\/herbow.eu\/wp-content\/uploads\/2025\/08\/herbow_parfum_200ml_144x110mm_v7_holdfenyes_ej.png\" \/>\n\t<meta property=\"og:image:width\" content=\"2000\" \/>\n\t<meta property=\"og:image:height\" content=\"2000\" \/>\n\t<meta property=\"og:image:type\" content=\"image\/png\" \/>\n<meta name=\"twitter:card\" content=\"summary_large_image\" \/>\n<meta name=\"twitter:label1\" content=\"Geschatte leestijd\" \/>\n\t<meta name=\"twitter:data1\" content=\"1 minuut\" \/>\n<script type=\"application\/ld+json\" class=\"yoast-schema-graph\">{\"@context\":\"https:\\\/\\\/schema.org\",\"@graph\":[{\"@type\":\"WebPage\",\"@id\":\"https:\\\/\\\/herbow.eu\\\/product\\\/herbow-2in1-mosoparfum-oblito-koncentratum-holdfenyes-ej\\\/\",\"url\":\"https:\\\/\\\/herbow.eu\\\/product\\\/herbow-2in1-mosoparfum-oblito-koncentratum-holdfenyes-ej\\\/\",\"name\":\"Herbow 2in1 mos\u00f3parf\u00fcm - \u00f6bl\u00edt\u0151 koncentr\u00e1tum - Holdf\u00e9nyes \u00e9j - Herbow | International\",\"isPartOf\":{\"@id\":\"https:\\\/\\\/herbow.eu\\\/#website\"},\"primaryImageOfPage\":{\"@id\":\"https:\\\/\\\/herbow.eu\\\/product\\\/herbow-2in1-mosoparfum-oblito-koncentratum-holdfenyes-ej\\\/#primaryimage\"},\"image\":{\"@id\":\"https:\\\/\\\/herbow.eu\\\/product\\\/herbow-2in1-mosoparfum-oblito-koncentratum-holdfenyes-ej\\\/#primaryimage\"},\"thumbnailUrl\":\"https:\\\/\\\/herbow.eu\\\/wp-content\\\/uploads\\\/2025\\\/08\\\/herbow_parfum_200ml_144x110mm_v7_holdfenyes_ej.png\",\"datePublished\":\"2025-08-18T09:05:48+00:00\",\"dateModified\":\"2026-03-17T09:58:48+00:00\",\"breadcrumb\":{\"@id\":\"https:\\\/\\\/herbow.eu\\\/product\\\/herbow-2in1-mosoparfum-oblito-koncentratum-holdfenyes-ej\\\/#breadcrumb\"},\"inLanguage\":\"nl-NL\",\"potentialAction\":[{\"@type\":\"ReadAction\",\"target\":[\"https:\\\/\\\/herbow.eu\\\/product\\\/herbow-2in1-mosoparfum-oblito-koncentratum-holdfenyes-ej\\\/\"]}]},{\"@type\":\"ImageObject\",\"inLanguage\":\"nl-NL\",\"@id\":\"https:\\\/\\\/herbow.eu\\\/product\\\/herbow-2in1-mosoparfum-oblito-koncentratum-holdfenyes-ej\\\/#primaryimage\",\"url\":\"https:\\\/\\\/herbow.eu\\\/wp-content\\\/uploads\\\/2025\\\/08\\\/herbow_parfum_200ml_144x110mm_v7_holdfenyes_ej.png\",\"contentUrl\":\"https:\\\/\\\/herbow.eu\\\/wp-content\\\/uploads\\\/2025\\\/08\\\/herbow_parfum_200ml_144x110mm_v7_holdfenyes_ej.png\",\"width\":2000,\"height\":2000},{\"@type\":\"BreadcrumbList\",\"@id\":\"https:\\\/\\\/herbow.eu\\\/product\\\/herbow-2in1-mosoparfum-oblito-koncentratum-holdfenyes-ej\\\/#breadcrumb\",\"itemListElement\":[{\"@type\":\"ListItem\",\"position\":1,\"name\":\"Kezd\u0151lap\",\"item\":\"https:\\\/\\\/herbow.eu\\\/\"},{\"@type\":\"ListItem\",\"position\":2,\"name\":\"Shop\",\"item\":\"https:\\\/\\\/herbow.eu\\\/shop\\\/\"},{\"@type\":\"ListItem\",\"position\":3,\"name\":\"Herbow 2in1 mos\u00f3parf\u00fcm &#8211; \u00f6bl\u00edt\u0151 koncentr\u00e1tum &#8211; Holdf\u00e9nyes \u00e9j\"}]},{\"@type\":\"WebSite\",\"@id\":\"https:\\\/\\\/herbow.eu\\\/#website\",\"url\":\"https:\\\/\\\/herbow.eu\\\/\",\"name\":\"Herbow | Herbal Organic World\",\"description\":\"Herbal Organic World\",\"publisher\":{\"@id\":\"https:\\\/\\\/herbow.eu\\\/#organization\"},\"potentialAction\":[{\"@type\":\"SearchAction\",\"target\":{\"@type\":\"EntryPoint\",\"urlTemplate\":\"https:\\\/\\\/herbow.eu\\\/?s={search_term_string}\"},\"query-input\":{\"@type\":\"PropertyValueSpecification\",\"valueRequired\":true,\"valueName\":\"search_term_string\"}}],\"inLanguage\":\"nl-NL\"},{\"@type\":\"Organization\",\"@id\":\"https:\\\/\\\/herbow.eu\\\/#organization\",\"name\":\"Herbow International Zrt.\",\"url\":\"https:\\\/\\\/herbow.eu\\\/\",\"logo\":{\"@type\":\"ImageObject\",\"inLanguage\":\"nl-NL\",\"@id\":\"https:\\\/\\\/herbow.eu\\\/#\\\/schema\\\/logo\\\/image\\\/\",\"url\":\"https:\\\/\\\/herbow.eu\\\/wp-content\\\/uploads\\\/2025\\\/07\\\/herbow_logo_hun_2021-01_w-slogan_no-background.png\",\"contentUrl\":\"https:\\\/\\\/herbow.eu\\\/wp-content\\\/uploads\\\/2025\\\/07\\\/herbow_logo_hun_2021-01_w-slogan_no-background.png\",\"width\":2366,\"height\":1732,\"caption\":\"Herbow International Zrt.\"},\"image\":{\"@id\":\"https:\\\/\\\/herbow.eu\\\/#\\\/schema\\\/logo\\\/image\\\/\"},\"sameAs\":[\"https:\\\/\\\/www.facebook.com\\\/herbowmosodioslabda\\\/\",\"https:\\\/\\\/www.instagram.com\\\/herbowmosodioslabda\\\/\"]}]}<\/script>\n<!-- \/ Yoast SEO plugin. -->","yoast_head_json":{"title":"Herbow 2in1 Wash Parfum - Spoel Concentraat - Moonlight Night - Herbow | International","robots":{"index":"index","follow":"follow","max-snippet":"max-snippet:-1","max-image-preview":"max-image-preview:large","max-video-preview":"max-video-preview:-1"},"canonical":"https:\/\/herbow.eu\/nl\/product\/herbow-2in1-mosoparfum-oblito-concentratum-holdfenyes-ej-2\/","og_locale":"nl_NL","og_type":"article","og_title":"Herbow 2in1 mos\u00f3parf\u00fcm - \u00f6bl\u00edt\u0151 koncentr\u00e1tum - Holdf\u00e9nyes \u00e9j - Herbow | International","og_description":"A Holdf\u00e9nyes \u00c9j illata a levendula nyugalm\u00e1t \u00e9s a r\u00f3zsa eleganci\u00e1j\u00e1t egyes\u00edti, hogy ruh\u00e1idat finoman megnyugtat\u00f3, kellemes illat lengje k\u00f6r\u00fcl minden mos\u00e1s ut\u00e1n.","og_url":"https:\/\/herbow.eu\/nl\/product\/herbow-2in1-mosoparfum-oblito-concentratum-holdfenyes-ej-2\/","og_site_name":"Herbow | International","article_publisher":"https:\/\/www.facebook.com\/herbowmosodioslabda\/","article_modified_time":"2026-03-17T09:58:48+00:00","og_image":[{"width":2000,"height":2000,"url":"https:\/\/herbow.eu\/wp-content\/uploads\/2025\/08\/herbow_parfum_200ml_144x110mm_v7_holdfenyes_ej.png","type":"image\/png"}],"twitter_card":"summary_large_image","twitter_misc":{"Geschatte leestijd":"1 minuut"},"schema":{"@context":"https:\/\/schema.org","@graph":[{"@type":"WebPage","@id":"https:\/\/herbow.eu\/product\/herbow-2in1-mosoparfum-oblito-koncentratum-holdfenyes-ej\/","url":"https:\/\/herbow.eu\/product\/herbow-2in1-mosoparfum-oblito-koncentratum-holdfenyes-ej\/","name":"Herbow 2in1 Wash Parfum - Spoel Concentraat - Moonlight Night - Herbow | International","isPartOf":{"@id":"https:\/\/herbow.eu\/#website"},"primaryImageOfPage":{"@id":"https:\/\/herbow.eu\/product\/herbow-2in1-mosoparfum-oblito-koncentratum-holdfenyes-ej\/#primaryimage"},"image":{"@id":"https:\/\/herbow.eu\/product\/herbow-2in1-mosoparfum-oblito-koncentratum-holdfenyes-ej\/#primaryimage"},"thumbnailUrl":"https:\/\/herbow.eu\/wp-content\/uploads\/2025\/08\/herbow_parfum_200ml_144x110mm_v7_holdfenyes_ej.png","datePublished":"2025-08-18T09:05:48+00:00","dateModified":"2026-03-17T09:58:48+00:00","breadcrumb":{"@id":"https:\/\/herbow.eu\/product\/herbow-2in1-mosoparfum-oblito-koncentratum-holdfenyes-ej\/#breadcrumb"},"inLanguage":"nl-NL","potentialAction":[{"@type":"ReadAction","target":["https:\/\/herbow.eu\/product\/herbow-2in1-mosoparfum-oblito-koncentratum-holdfenyes-ej\/"]}]},{"@type":"ImageObject","inLanguage":"nl-NL","@id":"https:\/\/herbow.eu\/product\/herbow-2in1-mosoparfum-oblito-koncentratum-holdfenyes-ej\/#primaryimage","url":"https:\/\/herbow.eu\/wp-content\/uploads\/2025\/08\/herbow_parfum_200ml_144x110mm_v7_holdfenyes_ej.png","contentUrl":"https:\/\/herbow.eu\/wp-content\/uploads\/2025\/08\/herbow_parfum_200ml_144x110mm_v7_holdfenyes_ej.png","width":2000,"height":2000},{"@type":"BreadcrumbList","@id":"https:\/\/herbow.eu\/product\/herbow-2in1-mosoparfum-oblito-koncentratum-holdfenyes-ej\/#breadcrumb","itemListElement":[{"@type":"ListItem","position":1,"name":"Kezd\u0151lap","item":"https:\/\/herbow.eu\/"},{"@type":"ListItem","position":2,"name":"Shop","item":"https:\/\/herbow.eu\/shop\/"},{"@type":"ListItem","position":3,"name":"Herbow 2in1 mos\u00f3parf\u00fcm &#8211; \u00f6bl\u00edt\u0151 koncentr\u00e1tum &#8211; Holdf\u00e9nyes \u00e9j"}]},{"@type":"WebSite","@id":"https:\/\/herbow.eu\/#website","url":"https:\/\/herbow.eu\/","name":"Herbow | Herbal Organic World","description":"Kruiden Biologische Wereld","publisher":{"@id":"https:\/\/herbow.eu\/#organization"},"potentialAction":[{"@type":"SearchAction","target":{"@type":"EntryPoint","urlTemplate":"https:\/\/herbow.eu\/?s={search_term_string}"},"query-input":{"@type":"PropertyValueSpecification","valueRequired":true,"valueName":"search_term_string"}}],"inLanguage":"nl-NL"},{"@type":"Organization","@id":"https:\/\/herbow.eu\/#organization","name":"Herbow International Zrt.","url":"https:\/\/herbow.eu\/","logo":{"@type":"ImageObject","inLanguage":"nl-NL","@id":"https:\/\/herbow.eu\/#\/schema\/logo\/image\/","url":"https:\/\/herbow.eu\/wp-content\/uploads\/2025\/07\/herbow_logo_hun_2021-01_w-slogan_no-background.png","contentUrl":"https:\/\/herbow.eu\/wp-content\/uploads\/2025\/07\/herbow_logo_hun_2021-01_w-slogan_no-background.png","width":2366,"height":1732,"caption":"Herbow International Zrt."},"image":{"@id":"https:\/\/herbow.eu\/#\/schema\/logo\/image\/"},"sameAs":["https:\/\/www.facebook.com\/herbowmosodioslabda\/","https:\/\/www.instagram.com\/herbowmosodioslabda\/"]}]}},"jetpack_likes_enabled":true,"jetpack_sharing_enabled":true,"_links":{"self":[{"href":"https:\/\/herbow.eu\/nl\/wp-json\/wp\/v2\/product\/984","targetHints":{"allow":["GET"]}}],"collection":[{"href":"https:\/\/herbow.eu\/nl\/wp-json\/wp\/v2\/product"}],"about":[{"href":"https:\/\/herbow.eu\/nl\/wp-json\/wp\/v2\/types\/product"}],"replies":[{"embeddable":true,"href":"https:\/\/herbow.eu\/nl\/wp-json\/wp\/v2\/comments?post=984"}],"wp:featuredmedia":[{"embeddable":true,"href":"https:\/\/herbow.eu\/nl\/wp-json\/wp\/v2\/media\/874"}],"wp:attachment":[{"href":"https:\/\/herbow.eu\/nl\/wp-json\/wp\/v2\/media?parent=984"}],"wp:term":[{"taxonomy":"product_brand","embeddable":true,"href":"https:\/\/herbow.eu\/nl\/wp-json\/wp\/v2\/product_brand?post=984"},{"taxonomy":"product_cat","embeddable":true,"href":"https:\/\/herbow.eu\/nl\/wp-json\/wp\/v2\/product_cat?post=984"},{"taxonomy":"product_tag","embeddable":true,"href":"https:\/\/herbow.eu\/nl\/wp-json\/wp\/v2\/product_tag?post=984"}],"curies":[{"name":"wp","href":"https:\/\/api.w.org\/{rel}","templated":true}]}}