{"id":1038,"date":"2025-08-18T11:05:59","date_gmt":"2025-08-18T09:05:59","guid":{"rendered":"https:\/\/herbow.eu\/product\/herbow-bambino-folttisztito-szines-ruhakhoz\/"},"modified":"2026-03-17T10:58:02","modified_gmt":"2026-03-17T09:58:02","slug":"herbow-bambino-voor-folkloristische-kostuums","status":"publish","type":"product","link":"https:\/\/herbow.eu\/nl\/product\/herbow-bambino-folttisztito-szines-ruhakhoz\/","title":{"rendered":"Herbow Bambino vlekkenreiniger voor gekleurde kleding 700g"},"content":{"rendered":"<p>Herbow Bambino Colour Clothes Cleaner is geur- en allergeenvrij en speciaal samengesteld voor het reinigen van kleurrijke kleding voor baby's, kinderen en volwassenen met een gevoelige huid. Het bevat natuurlijk waspoeder en geconcentreerde botanische actieve ingredi\u00ebnten die vlekken effectief oplossen met behoud van de levendigheid van kleuren en de textuur van stoffen. De formule is zacht voor de huid en het milieu en verwijdert hardnekkige vlekken op milde maar spectaculaire wijze. De geurvrije, chloorvrije, fosfaatvrije en optisch bleekmiddelvrije formule zorgt ervoor dat kleding schoon en natuurlijk fris blijft - zonder huidirritatie. Kan gebruikt worden als wasadditief of voorwas, in alle soorten wasmachines en voor handwas. Bijzonder effectief voor kinderkleding, schorten en gekleurde stoffen.<\/p>\n<p>Combineer voor de beste resultaten met Herbow Bambino vloeibaar wasmiddelconcentraat.<\/p>","protected":false},"excerpt":{"rendered":"<p>A <strong>Herbow Bambino Folklore-reiniger<\/strong> voor gekleurde kleding met natuurlijke washi-olie en actieve ingredi\u00ebnten helpt hardnekkige vlekken mild te verwijderen en beschermt tegelijkertijd de kleuren en de gevoelige huid.<br \/>\nEen geur- en allergeenvrije oplossing voor schone, levendige kleding.<\/p>\n<p>Verpakkingsgrootte: 700g<\/p>","protected":false},"featured_media":898,"comment_status":"open","ping_status":"closed","template":"","meta":[],"product_brand":[1397],"product_cat":[1408],"product_tag":[1431,1527,1517,1531,1521,1529,1518,1522,1515,1516,1514,1513,1523,1524,1519,1532,1409,1512,1430,1520,1502,1530,1441,1525,1526,1445,1528],"class_list":{"0":"post-1038","1":"product","2":"type-product","3":"status-publish","4":"has-post-thumbnail","6":"product_brand-herbow","7":"product_cat-herbow-baby-bambino-termekcsalad","8":"product_tag-allergenmentes","9":"product_tag-allatkiserletmentes","10":"product_tag-erzekeny-borre","11":"product_tag-erzekeny-textiliakhoz","12":"product_tag-oko-haztartas","13":"product_tag-okocimkes-termek","14":"product_tag-ujszulott-borere","15":"product_tag-bababarat-tisztitas","16":"product_tag-babamosas","17":"product_tag-babaruhakhoz","18":"product_tag-babatermek","19":"product_tag-bambino","20":"product_tag-biztonsagos-osszetevok","21":"product_tag-borbarat-formula","22":"product_tag-dermatologiailag-tesztelt","23":"product_tag-feher-es-szines-ruhakhoz","24":"product_tag-herbow","25":"product_tag-herbow-bambino","26":"product_tag-hipoallergen","27":"product_tag-illatmentes-termek","28":"product_tag-kornyezetbarat-mosas","29":"product_tag-koncentratum","30":"product_tag-novenyi-alapu","31":"product_tag-parabenmentes","32":"product_tag-szinezekmentes","33":"product_tag-termeszetes-osszetevok","34":"product_tag-vegan","36":"first","37":"instock","38":"taxable","39":"shipping-taxable","40":"product-type-simple"},"yoast_head":"<!-- This site is optimized with the Yoast SEO plugin v27.5 - https:\/\/yoast.com\/product\/yoast-seo-wordpress\/ -->\n<title>Herbow Bambino folttiszt\u00edt\u00f3 szines ruh\u00e1khoz 700g - Herbow | International<\/title>\n<meta name=\"description\" content=\"A Herbow Bambino Folttiszt\u00edt\u00f3 sz\u00ednes ruh\u00e1khoz term\u00e9szetes mos\u00f3di\u00f3-\u0151rlem\u00e9nnyel \u00e9s akt\u00edv hat\u00f3anyagokkal seg\u00edt elt\u00e1vol\u00edtani a makacs foltokat, k\u00edm\u00e9letesen, a sz\u00ednek \u00e9s az \u00e9rz\u00e9keny b\u0151r v\u00e9delm\u00e9vel.Illat- \u00e9s allerg\u00e9nmentes megold\u00e1s a tiszta, \u00e9l\u00e9nk ruh\u00e1k\u00e9rt.\" \/>\n<meta name=\"robots\" content=\"index, follow, max-snippet:-1, max-image-preview:large, max-video-preview:-1\" \/>\n<link rel=\"canonical\" href=\"https:\/\/herbow.eu\/nl\/product\/herbow-bambino-voor-folkloristische-kostuums\/\" \/>\n<meta property=\"og:locale\" content=\"nl_NL\" \/>\n<meta property=\"og:type\" content=\"article\" \/>\n<meta property=\"og:title\" content=\"Herbow Bambino folttiszt\u00edt\u00f3 szines ruh\u00e1khoz 700g - Herbow | International\" \/>\n<meta property=\"og:description\" content=\"A Herbow Bambino Folttiszt\u00edt\u00f3 sz\u00ednes ruh\u00e1khoz term\u00e9szetes mos\u00f3di\u00f3-\u0151rlem\u00e9nnyel \u00e9s akt\u00edv hat\u00f3anyagokkal seg\u00edt elt\u00e1vol\u00edtani a makacs foltokat, k\u00edm\u00e9letesen, a sz\u00ednek \u00e9s az \u00e9rz\u00e9keny b\u0151r v\u00e9delm\u00e9vel.Illat- \u00e9s allerg\u00e9nmentes megold\u00e1s a tiszta, \u00e9l\u00e9nk ruh\u00e1k\u00e9rt.\" \/>\n<meta property=\"og:url\" content=\"https:\/\/herbow.eu\/nl\/product\/herbow-bambino-voor-folkloristische-kostuums\/\" \/>\n<meta property=\"og:site_name\" content=\"Herbow | International\" \/>\n<meta property=\"article:publisher\" content=\"https:\/\/www.facebook.com\/herbowmosodioslabda\/\" \/>\n<meta property=\"article:modified_time\" content=\"2026-03-17T09:58:02+00:00\" \/>\n<meta property=\"og:image\" content=\"https:\/\/herbow.eu\/wp-content\/uploads\/2025\/08\/Herbow-Bambino_folttisztito_nyomdai_290x100mm_v4_redesign_szines.png\" \/>\n\t<meta property=\"og:image:width\" content=\"2000\" \/>\n\t<meta property=\"og:image:height\" content=\"2000\" \/>\n\t<meta property=\"og:image:type\" content=\"image\/png\" \/>\n<meta name=\"twitter:card\" content=\"summary_large_image\" \/>\n<meta name=\"twitter:label1\" content=\"Geschatte leestijd\" \/>\n\t<meta name=\"twitter:data1\" content=\"1 minuut\" \/>\n<script type=\"application\/ld+json\" class=\"yoast-schema-graph\">{\"@context\":\"https:\\\/\\\/schema.org\",\"@graph\":[{\"@type\":\"WebPage\",\"@id\":\"https:\\\/\\\/herbow.eu\\\/product\\\/herbow-bambino-folttisztito-szines-ruhakhoz\\\/\",\"url\":\"https:\\\/\\\/herbow.eu\\\/product\\\/herbow-bambino-folttisztito-szines-ruhakhoz\\\/\",\"name\":\"Herbow Bambino folttiszt\u00edt\u00f3 szines ruh\u00e1khoz 700g - Herbow | International\",\"isPartOf\":{\"@id\":\"https:\\\/\\\/herbow.eu\\\/#website\"},\"primaryImageOfPage\":{\"@id\":\"https:\\\/\\\/herbow.eu\\\/product\\\/herbow-bambino-folttisztito-szines-ruhakhoz\\\/#primaryimage\"},\"image\":{\"@id\":\"https:\\\/\\\/herbow.eu\\\/product\\\/herbow-bambino-folttisztito-szines-ruhakhoz\\\/#primaryimage\"},\"thumbnailUrl\":\"https:\\\/\\\/herbow.eu\\\/wp-content\\\/uploads\\\/2025\\\/08\\\/Herbow-Bambino_folttisztito_nyomdai_290x100mm_v4_redesign_szines.png\",\"datePublished\":\"2025-08-18T09:05:59+00:00\",\"dateModified\":\"2026-03-17T09:58:02+00:00\",\"description\":\"A Herbow Bambino Folttiszt\u00edt\u00f3 sz\u00ednes ruh\u00e1khoz term\u00e9szetes mos\u00f3di\u00f3-\u0151rlem\u00e9nnyel \u00e9s akt\u00edv hat\u00f3anyagokkal seg\u00edt elt\u00e1vol\u00edtani a makacs foltokat, k\u00edm\u00e9letesen, a sz\u00ednek \u00e9s az \u00e9rz\u00e9keny b\u0151r v\u00e9delm\u00e9vel.Illat- \u00e9s allerg\u00e9nmentes megold\u00e1s a tiszta, \u00e9l\u00e9nk ruh\u00e1k\u00e9rt.\",\"breadcrumb\":{\"@id\":\"https:\\\/\\\/herbow.eu\\\/product\\\/herbow-bambino-folttisztito-szines-ruhakhoz\\\/#breadcrumb\"},\"inLanguage\":\"nl-NL\",\"potentialAction\":[{\"@type\":\"ReadAction\",\"target\":[\"https:\\\/\\\/herbow.eu\\\/product\\\/herbow-bambino-folttisztito-szines-ruhakhoz\\\/\"]}]},{\"@type\":\"ImageObject\",\"inLanguage\":\"nl-NL\",\"@id\":\"https:\\\/\\\/herbow.eu\\\/product\\\/herbow-bambino-folttisztito-szines-ruhakhoz\\\/#primaryimage\",\"url\":\"https:\\\/\\\/herbow.eu\\\/wp-content\\\/uploads\\\/2025\\\/08\\\/Herbow-Bambino_folttisztito_nyomdai_290x100mm_v4_redesign_szines.png\",\"contentUrl\":\"https:\\\/\\\/herbow.eu\\\/wp-content\\\/uploads\\\/2025\\\/08\\\/Herbow-Bambino_folttisztito_nyomdai_290x100mm_v4_redesign_szines.png\",\"width\":2000,\"height\":2000},{\"@type\":\"BreadcrumbList\",\"@id\":\"https:\\\/\\\/herbow.eu\\\/product\\\/herbow-bambino-folttisztito-szines-ruhakhoz\\\/#breadcrumb\",\"itemListElement\":[{\"@type\":\"ListItem\",\"position\":1,\"name\":\"Kezd\u0151lap\",\"item\":\"https:\\\/\\\/herbow.eu\\\/\"},{\"@type\":\"ListItem\",\"position\":2,\"name\":\"Shop\",\"item\":\"https:\\\/\\\/herbow.eu\\\/shop\\\/\"},{\"@type\":\"ListItem\",\"position\":3,\"name\":\"Herbow Bambino folttiszt\u00edt\u00f3 szines ruh\u00e1khoz 700g\"}]},{\"@type\":\"WebSite\",\"@id\":\"https:\\\/\\\/herbow.eu\\\/#website\",\"url\":\"https:\\\/\\\/herbow.eu\\\/\",\"name\":\"Herbow | Herbal Organic World\",\"description\":\"Herbal Organic World\",\"publisher\":{\"@id\":\"https:\\\/\\\/herbow.eu\\\/#organization\"},\"potentialAction\":[{\"@type\":\"SearchAction\",\"target\":{\"@type\":\"EntryPoint\",\"urlTemplate\":\"https:\\\/\\\/herbow.eu\\\/?s={search_term_string}\"},\"query-input\":{\"@type\":\"PropertyValueSpecification\",\"valueRequired\":true,\"valueName\":\"search_term_string\"}}],\"inLanguage\":\"nl-NL\"},{\"@type\":\"Organization\",\"@id\":\"https:\\\/\\\/herbow.eu\\\/#organization\",\"name\":\"Herbow International Zrt.\",\"url\":\"https:\\\/\\\/herbow.eu\\\/\",\"logo\":{\"@type\":\"ImageObject\",\"inLanguage\":\"nl-NL\",\"@id\":\"https:\\\/\\\/herbow.eu\\\/#\\\/schema\\\/logo\\\/image\\\/\",\"url\":\"https:\\\/\\\/herbow.eu\\\/wp-content\\\/uploads\\\/2025\\\/07\\\/herbow_logo_hun_2021-01_w-slogan_no-background.png\",\"contentUrl\":\"https:\\\/\\\/herbow.eu\\\/wp-content\\\/uploads\\\/2025\\\/07\\\/herbow_logo_hun_2021-01_w-slogan_no-background.png\",\"width\":2366,\"height\":1732,\"caption\":\"Herbow International Zrt.\"},\"image\":{\"@id\":\"https:\\\/\\\/herbow.eu\\\/#\\\/schema\\\/logo\\\/image\\\/\"},\"sameAs\":[\"https:\\\/\\\/www.facebook.com\\\/herbowmosodioslabda\\\/\",\"https:\\\/\\\/www.instagram.com\\\/herbowmosodioslabda\\\/\"]}]}<\/script>\n<!-- \/ Yoast SEO plugin. -->","yoast_head_json":{"title":"Herbow Bambino vlekkenreiniger voor gekleurde kleding 700g - Herbow | International","description":"De Herbow Bambino Colour Cleaner voor gekleurde kleding met natuurlijke washi-olie en actieve ingredi\u00ebnten helpt hardnekkige vlekken voorzichtig te verwijderen en beschermt kleuren en de gevoelige huid.Geur- en allergeenvrije oplossing voor schone, levendige kleding.","robots":{"index":"index","follow":"follow","max-snippet":"max-snippet:-1","max-image-preview":"max-image-preview:large","max-video-preview":"max-video-preview:-1"},"canonical":"https:\/\/herbow.eu\/nl\/product\/herbow-bambino-voor-folkloristische-kostuums\/","og_locale":"nl_NL","og_type":"article","og_title":"Herbow Bambino folttiszt\u00edt\u00f3 szines ruh\u00e1khoz 700g - Herbow | International","og_description":"A Herbow Bambino Folttiszt\u00edt\u00f3 sz\u00ednes ruh\u00e1khoz term\u00e9szetes mos\u00f3di\u00f3-\u0151rlem\u00e9nnyel \u00e9s akt\u00edv hat\u00f3anyagokkal seg\u00edt elt\u00e1vol\u00edtani a makacs foltokat, k\u00edm\u00e9letesen, a sz\u00ednek \u00e9s az \u00e9rz\u00e9keny b\u0151r v\u00e9delm\u00e9vel.Illat- \u00e9s allerg\u00e9nmentes megold\u00e1s a tiszta, \u00e9l\u00e9nk ruh\u00e1k\u00e9rt.","og_url":"https:\/\/herbow.eu\/nl\/product\/herbow-bambino-voor-folkloristische-kostuums\/","og_site_name":"Herbow | International","article_publisher":"https:\/\/www.facebook.com\/herbowmosodioslabda\/","article_modified_time":"2026-03-17T09:58:02+00:00","og_image":[{"width":2000,"height":2000,"url":"https:\/\/herbow.eu\/wp-content\/uploads\/2025\/08\/Herbow-Bambino_folttisztito_nyomdai_290x100mm_v4_redesign_szines.png","type":"image\/png"}],"twitter_card":"summary_large_image","twitter_misc":{"Geschatte leestijd":"1 minuut"},"schema":{"@context":"https:\/\/schema.org","@graph":[{"@type":"WebPage","@id":"https:\/\/herbow.eu\/product\/herbow-bambino-folttisztito-szines-ruhakhoz\/","url":"https:\/\/herbow.eu\/product\/herbow-bambino-folttisztito-szines-ruhakhoz\/","name":"Herbow Bambino vlekkenreiniger voor gekleurde kleding 700g - Herbow | International","isPartOf":{"@id":"https:\/\/herbow.eu\/#website"},"primaryImageOfPage":{"@id":"https:\/\/herbow.eu\/product\/herbow-bambino-folttisztito-szines-ruhakhoz\/#primaryimage"},"image":{"@id":"https:\/\/herbow.eu\/product\/herbow-bambino-folttisztito-szines-ruhakhoz\/#primaryimage"},"thumbnailUrl":"https:\/\/herbow.eu\/wp-content\/uploads\/2025\/08\/Herbow-Bambino_folttisztito_nyomdai_290x100mm_v4_redesign_szines.png","datePublished":"2025-08-18T09:05:59+00:00","dateModified":"2026-03-17T09:58:02+00:00","description":"De Herbow Bambino Colour Cleaner voor gekleurde kleding met natuurlijke washi-olie en actieve ingredi\u00ebnten helpt hardnekkige vlekken voorzichtig te verwijderen en beschermt kleuren en de gevoelige huid.Geur- en allergeenvrije oplossing voor schone, levendige kleding.","breadcrumb":{"@id":"https:\/\/herbow.eu\/product\/herbow-bambino-folttisztito-szines-ruhakhoz\/#breadcrumb"},"inLanguage":"nl-NL","potentialAction":[{"@type":"ReadAction","target":["https:\/\/herbow.eu\/product\/herbow-bambino-folttisztito-szines-ruhakhoz\/"]}]},{"@type":"ImageObject","inLanguage":"nl-NL","@id":"https:\/\/herbow.eu\/product\/herbow-bambino-folttisztito-szines-ruhakhoz\/#primaryimage","url":"https:\/\/herbow.eu\/wp-content\/uploads\/2025\/08\/Herbow-Bambino_folttisztito_nyomdai_290x100mm_v4_redesign_szines.png","contentUrl":"https:\/\/herbow.eu\/wp-content\/uploads\/2025\/08\/Herbow-Bambino_folttisztito_nyomdai_290x100mm_v4_redesign_szines.png","width":2000,"height":2000},{"@type":"BreadcrumbList","@id":"https:\/\/herbow.eu\/product\/herbow-bambino-folttisztito-szines-ruhakhoz\/#breadcrumb","itemListElement":[{"@type":"ListItem","position":1,"name":"Kezd\u0151lap","item":"https:\/\/herbow.eu\/"},{"@type":"ListItem","position":2,"name":"Shop","item":"https:\/\/herbow.eu\/shop\/"},{"@type":"ListItem","position":3,"name":"Herbow Bambino folttiszt\u00edt\u00f3 szines ruh\u00e1khoz 700g"}]},{"@type":"WebSite","@id":"https:\/\/herbow.eu\/#website","url":"https:\/\/herbow.eu\/","name":"Herbow | Herbal Organic World","description":"Kruiden Biologische Wereld","publisher":{"@id":"https:\/\/herbow.eu\/#organization"},"potentialAction":[{"@type":"SearchAction","target":{"@type":"EntryPoint","urlTemplate":"https:\/\/herbow.eu\/?s={search_term_string}"},"query-input":{"@type":"PropertyValueSpecification","valueRequired":true,"valueName":"search_term_string"}}],"inLanguage":"nl-NL"},{"@type":"Organization","@id":"https:\/\/herbow.eu\/#organization","name":"Herbow International Zrt.","url":"https:\/\/herbow.eu\/","logo":{"@type":"ImageObject","inLanguage":"nl-NL","@id":"https:\/\/herbow.eu\/#\/schema\/logo\/image\/","url":"https:\/\/herbow.eu\/wp-content\/uploads\/2025\/07\/herbow_logo_hun_2021-01_w-slogan_no-background.png","contentUrl":"https:\/\/herbow.eu\/wp-content\/uploads\/2025\/07\/herbow_logo_hun_2021-01_w-slogan_no-background.png","width":2366,"height":1732,"caption":"Herbow International Zrt."},"image":{"@id":"https:\/\/herbow.eu\/#\/schema\/logo\/image\/"},"sameAs":["https:\/\/www.facebook.com\/herbowmosodioslabda\/","https:\/\/www.instagram.com\/herbowmosodioslabda\/"]}]}},"jetpack_likes_enabled":true,"jetpack_sharing_enabled":true,"_links":{"self":[{"href":"https:\/\/herbow.eu\/nl\/wp-json\/wp\/v2\/product\/1038","targetHints":{"allow":["GET"]}}],"collection":[{"href":"https:\/\/herbow.eu\/nl\/wp-json\/wp\/v2\/product"}],"about":[{"href":"https:\/\/herbow.eu\/nl\/wp-json\/wp\/v2\/types\/product"}],"replies":[{"embeddable":true,"href":"https:\/\/herbow.eu\/nl\/wp-json\/wp\/v2\/comments?post=1038"}],"wp:featuredmedia":[{"embeddable":true,"href":"https:\/\/herbow.eu\/nl\/wp-json\/wp\/v2\/media\/898"}],"wp:attachment":[{"href":"https:\/\/herbow.eu\/nl\/wp-json\/wp\/v2\/media?parent=1038"}],"wp:term":[{"taxonomy":"product_brand","embeddable":true,"href":"https:\/\/herbow.eu\/nl\/wp-json\/wp\/v2\/product_brand?post=1038"},{"taxonomy":"product_cat","embeddable":true,"href":"https:\/\/herbow.eu\/nl\/wp-json\/wp\/v2\/product_cat?post=1038"},{"taxonomy":"product_tag","embeddable":true,"href":"https:\/\/herbow.eu\/nl\/wp-json\/wp\/v2\/product_tag?post=1038"}],"curies":[{"name":"wp","href":"https:\/\/api.w.org\/{rel}","templated":true}]}}