{"id":1034,"date":"2025-08-18T11:05:58","date_gmt":"2025-08-18T09:05:58","guid":{"rendered":"https:\/\/herbow.eu\/product\/herbow-zoldseg-es-gyumolcs-moso\/"},"modified":"2026-03-17T10:58:07","modified_gmt":"2026-03-17T09:58:07","slug":"herbow-zoldseg-en-gyumolcs-wasserij","status":"publish","type":"product","link":"https:\/\/herbow.eu\/nl\/product\/herbow-zoldseg-es-gyumolcs-moso\/","title":{"rendered":"Herbow Groente- &amp; Fruitwas 500 ml"},"content":{"rendered":"<p>Alledaagse gezondheid is niet alleen gebaseerd op het grondig wassen van onze handen, maar ook op het wassen van wat we eten. Herbow Fruit &amp; Vegetable Wash is van natuurlijke oorsprong en geformuleerd met suikerhoudende oppervlakteactieve stoffen om vuil, stof, was en pesticideresiduen effectief van oppervlakken te verwijderen. Gewoon water kan niet alle resten wegwassen, maar deze zachte maar effectieve formule reinigt de schil diep zonder de smaak of textuur aan te tasten. Bij regelmatig gebruik zorgt het voor natuurlijkere smaken en een zekerder gevoel bij elke hap. Het product is pH-neutraal, conserveringsmiddelvrij, kleurstofvrij, allergeenvrij en milieuvriendelijk.<\/p>\n<p>Het kan niet alleen veilig gebruikt worden om fruit en groenten schoon te maken, maar ook flessen en fopspenen.<\/p>\n<p>Gebruik:<\/p>\n<ul>\n<li>Breng direct aan op het fruit of de groente en spoel af met schoon water.<\/li>\n<li>Wrijf zachtjes indien nodig. Het gereinigde voedsel kan onmiddellijk worden gegeten of worden gebruikt om te koken en te bakken.<\/li>\n<\/ul>\n<p>Buiten bereik van kinderen bewaren.<br \/>\nHet product niet inslikken en alleen gebruiken zoals voorgeschreven!<\/p>","protected":false},"excerpt":{"rendered":"<p>De natuurlijke ingredi\u00ebnten verwijderen vuil en pesticidenresten van het oppervlak van groenten en fruit. Allergeen- en conserveermiddelvrije formule die zelfs veilig gebruikt kan worden in babyvoeding.<\/p>\n<p>Verpakking: 500 ml<\/p>","protected":false},"featured_media":1142,"comment_status":"open","ping_status":"closed","template":"","meta":[],"product_brand":[1397],"product_cat":[1459],"product_tag":[1591,1583,1521,1578,1584,1581,1467,1532,1593,1576,1409,1575,1582,1586,1589,1502,1585,1588,1577,1579,1525,1526,1590,1587,1580,1594,1592],"class_list":{"0":"post-1034","1":"product","2":"type-product","3":"status-publish","4":"has-post-thumbnail","6":"product_brand-herbow","7":"product_cat-herbow-probiotikus-tisztitoszerek","8":"product_tag-alacsony-hofokon-is-hatekony","9":"product_tag-erzekeny-borueknek-is","10":"product_tag-oko-haztartas","11":"product_tag-oko-mososzer","12":"product_tag-babaruhakhoz-alkalmas","13":"product_tag-bio-mososzer","14":"product_tag-biologiailag-lebomlo","15":"product_tag-feher-es-szines-ruhakhoz","16":"product_tag-foszfatmentes","17":"product_tag-gepi-mososzer","18":"product_tag-herbow","19":"product_tag-herbow-gepi-mososzer","20":"product_tag-hipoallergen-mososzer","21":"product_tag-illatmentes-mososzer","22":"product_tag-kimeletes-tisztitas","23":"product_tag-kornyezetbarat-mosas","24":"product_tag-koncentralt-mososzer","25":"product_tag-melytisztito-mosas","26":"product_tag-mosogel","27":"product_tag-novenyi-alapu-mososzer","28":"product_tag-parabenmentes","29":"product_tag-szinezekmentes","30":"product_tag-szinkimelo-mosas","31":"product_tag-termeszetes-illat","32":"product_tag-termeszetes-mosogel","33":"product_tag-textilkimelo-formula","34":"product_tag-vegan-mososzer","36":"first","37":"instock","38":"taxable","39":"shipping-taxable","40":"product-type-simple"},"yoast_head":"<!-- This site is optimized with the Yoast SEO plugin v27.4 - https:\/\/yoast.com\/product\/yoast-seo-wordpress\/ -->\n<title>Herbow Z\u00f6lds\u00e9g &amp; Gy\u00fcm\u00f6lcs mos\u00f3 500 ml - Herbow | International<\/title>\n<meta name=\"robots\" content=\"index, follow, max-snippet:-1, max-image-preview:large, max-video-preview:-1\" \/>\n<link rel=\"canonical\" href=\"https:\/\/herbow.eu\/nl\/product\/herbow-zoldseg-en-gyumolcs-wasserij\/\" \/>\n<meta property=\"og:locale\" content=\"nl_NL\" \/>\n<meta property=\"og:type\" content=\"article\" \/>\n<meta property=\"og:title\" content=\"Herbow Z\u00f6lds\u00e9g &amp; Gy\u00fcm\u00f6lcs mos\u00f3 500 ml - Herbow | International\" \/>\n<meta property=\"og:description\" content=\"Term\u00e9szetes \u00f6sszetev\u0151ivel elt\u00e1vol\u00edtja a z\u00f6lds\u00e9gek \u00e9s gy\u00fcm\u00f6lcs\u00f6k fel\u00fclet\u00e9r\u0151l a szennyez\u0151d\u00e9seket \u00e9s n\u00f6v\u00e9nyv\u00e9d\u0151szer-maradv\u00e1nyokat. Allerg\u00e9n- \u00e9s tart\u00f3s\u00edt\u00f3szermentes formula, amely biztons\u00e1gosan haszn\u00e1lhat\u00f3 ak\u00e1r bab\u00e1k \u00e9tel\u00e9hez is.  Kiszerel\u00e9s: 500ml\" \/>\n<meta property=\"og:url\" content=\"https:\/\/herbow.eu\/nl\/product\/herbow-zoldseg-en-gyumolcs-wasserij\/\" \/>\n<meta property=\"og:site_name\" content=\"Herbow | International\" \/>\n<meta property=\"article:publisher\" content=\"https:\/\/www.facebook.com\/herbowmosodioslabda\/\" \/>\n<meta property=\"article:modified_time\" content=\"2026-03-17T09:58:07+00:00\" \/>\n<meta property=\"og:image\" content=\"https:\/\/herbow.eu\/wp-content\/uploads\/2025\/11\/Woo_base_2000x2000_16688_gyum-zolds-mos_500ml_208x103mm_v18_tif.png\" \/>\n\t<meta property=\"og:image:width\" content=\"2000\" \/>\n\t<meta property=\"og:image:height\" content=\"2000\" \/>\n\t<meta property=\"og:image:type\" content=\"image\/png\" \/>\n<meta name=\"twitter:card\" content=\"summary_large_image\" \/>\n<meta name=\"twitter:label1\" content=\"Geschatte leestijd\" \/>\n\t<meta name=\"twitter:data1\" content=\"1 minuut\" \/>\n<script type=\"application\/ld+json\" class=\"yoast-schema-graph\">{\"@context\":\"https:\\\/\\\/schema.org\",\"@graph\":[{\"@type\":\"WebPage\",\"@id\":\"https:\\\/\\\/herbow.eu\\\/product\\\/herbow-zoldseg-es-gyumolcs-moso\\\/\",\"url\":\"https:\\\/\\\/herbow.eu\\\/product\\\/herbow-zoldseg-es-gyumolcs-moso\\\/\",\"name\":\"Herbow Z\u00f6lds\u00e9g & Gy\u00fcm\u00f6lcs mos\u00f3 500 ml - Herbow | International\",\"isPartOf\":{\"@id\":\"https:\\\/\\\/herbow.eu\\\/#website\"},\"primaryImageOfPage\":{\"@id\":\"https:\\\/\\\/herbow.eu\\\/product\\\/herbow-zoldseg-es-gyumolcs-moso\\\/#primaryimage\"},\"image\":{\"@id\":\"https:\\\/\\\/herbow.eu\\\/product\\\/herbow-zoldseg-es-gyumolcs-moso\\\/#primaryimage\"},\"thumbnailUrl\":\"https:\\\/\\\/herbow.eu\\\/wp-content\\\/uploads\\\/2025\\\/11\\\/Woo_base_2000x2000_16688_gyum-zolds-mos_500ml_208x103mm_v18_tif.png\",\"datePublished\":\"2025-08-18T09:05:58+00:00\",\"dateModified\":\"2026-03-17T09:58:07+00:00\",\"breadcrumb\":{\"@id\":\"https:\\\/\\\/herbow.eu\\\/product\\\/herbow-zoldseg-es-gyumolcs-moso\\\/#breadcrumb\"},\"inLanguage\":\"nl-NL\",\"potentialAction\":[{\"@type\":\"ReadAction\",\"target\":[\"https:\\\/\\\/herbow.eu\\\/product\\\/herbow-zoldseg-es-gyumolcs-moso\\\/\"]}]},{\"@type\":\"ImageObject\",\"inLanguage\":\"nl-NL\",\"@id\":\"https:\\\/\\\/herbow.eu\\\/product\\\/herbow-zoldseg-es-gyumolcs-moso\\\/#primaryimage\",\"url\":\"https:\\\/\\\/herbow.eu\\\/wp-content\\\/uploads\\\/2025\\\/11\\\/Woo_base_2000x2000_16688_gyum-zolds-mos_500ml_208x103mm_v18_tif.png\",\"contentUrl\":\"https:\\\/\\\/herbow.eu\\\/wp-content\\\/uploads\\\/2025\\\/11\\\/Woo_base_2000x2000_16688_gyum-zolds-mos_500ml_208x103mm_v18_tif.png\",\"width\":2000,\"height\":2000},{\"@type\":\"BreadcrumbList\",\"@id\":\"https:\\\/\\\/herbow.eu\\\/product\\\/herbow-zoldseg-es-gyumolcs-moso\\\/#breadcrumb\",\"itemListElement\":[{\"@type\":\"ListItem\",\"position\":1,\"name\":\"Kezd\u0151lap\",\"item\":\"https:\\\/\\\/herbow.eu\\\/\"},{\"@type\":\"ListItem\",\"position\":2,\"name\":\"Shop\",\"item\":\"https:\\\/\\\/herbow.eu\\\/shop\\\/\"},{\"@type\":\"ListItem\",\"position\":3,\"name\":\"Herbow Z\u00f6lds\u00e9g &#038; Gy\u00fcm\u00f6lcs mos\u00f3 500 ml\"}]},{\"@type\":\"WebSite\",\"@id\":\"https:\\\/\\\/herbow.eu\\\/#website\",\"url\":\"https:\\\/\\\/herbow.eu\\\/\",\"name\":\"Herbow | Herbal Organic World\",\"description\":\"Herbal Organic World\",\"publisher\":{\"@id\":\"https:\\\/\\\/herbow.eu\\\/#organization\"},\"potentialAction\":[{\"@type\":\"SearchAction\",\"target\":{\"@type\":\"EntryPoint\",\"urlTemplate\":\"https:\\\/\\\/herbow.eu\\\/?s={search_term_string}\"},\"query-input\":{\"@type\":\"PropertyValueSpecification\",\"valueRequired\":true,\"valueName\":\"search_term_string\"}}],\"inLanguage\":\"nl-NL\"},{\"@type\":\"Organization\",\"@id\":\"https:\\\/\\\/herbow.eu\\\/#organization\",\"name\":\"Herbow International Zrt.\",\"url\":\"https:\\\/\\\/herbow.eu\\\/\",\"logo\":{\"@type\":\"ImageObject\",\"inLanguage\":\"nl-NL\",\"@id\":\"https:\\\/\\\/herbow.eu\\\/#\\\/schema\\\/logo\\\/image\\\/\",\"url\":\"https:\\\/\\\/herbow.eu\\\/wp-content\\\/uploads\\\/2025\\\/07\\\/herbow_logo_hun_2021-01_w-slogan_no-background.png\",\"contentUrl\":\"https:\\\/\\\/herbow.eu\\\/wp-content\\\/uploads\\\/2025\\\/07\\\/herbow_logo_hun_2021-01_w-slogan_no-background.png\",\"width\":2366,\"height\":1732,\"caption\":\"Herbow International Zrt.\"},\"image\":{\"@id\":\"https:\\\/\\\/herbow.eu\\\/#\\\/schema\\\/logo\\\/image\\\/\"},\"sameAs\":[\"https:\\\/\\\/www.facebook.com\\\/herbowmosodioslabda\\\/\",\"https:\\\/\\\/www.instagram.com\\\/herbowmosodioslabda\\\/\"]}]}<\/script>\n<!-- \/ Yoast SEO plugin. -->","yoast_head_json":{"title":"Herbow Groente- &amp; Fruitwas 500 ml - Herbow | International","robots":{"index":"index","follow":"follow","max-snippet":"max-snippet:-1","max-image-preview":"max-image-preview:large","max-video-preview":"max-video-preview:-1"},"canonical":"https:\/\/herbow.eu\/nl\/product\/herbow-zoldseg-en-gyumolcs-wasserij\/","og_locale":"nl_NL","og_type":"article","og_title":"Herbow Z\u00f6lds\u00e9g & Gy\u00fcm\u00f6lcs mos\u00f3 500 ml - Herbow | International","og_description":"Term\u00e9szetes \u00f6sszetev\u0151ivel elt\u00e1vol\u00edtja a z\u00f6lds\u00e9gek \u00e9s gy\u00fcm\u00f6lcs\u00f6k fel\u00fclet\u00e9r\u0151l a szennyez\u0151d\u00e9seket \u00e9s n\u00f6v\u00e9nyv\u00e9d\u0151szer-maradv\u00e1nyokat. Allerg\u00e9n- \u00e9s tart\u00f3s\u00edt\u00f3szermentes formula, amely biztons\u00e1gosan haszn\u00e1lhat\u00f3 ak\u00e1r bab\u00e1k \u00e9tel\u00e9hez is.  Kiszerel\u00e9s: 500ml","og_url":"https:\/\/herbow.eu\/nl\/product\/herbow-zoldseg-en-gyumolcs-wasserij\/","og_site_name":"Herbow | International","article_publisher":"https:\/\/www.facebook.com\/herbowmosodioslabda\/","article_modified_time":"2026-03-17T09:58:07+00:00","og_image":[{"width":2000,"height":2000,"url":"https:\/\/herbow.eu\/wp-content\/uploads\/2025\/11\/Woo_base_2000x2000_16688_gyum-zolds-mos_500ml_208x103mm_v18_tif.png","type":"image\/png"}],"twitter_card":"summary_large_image","twitter_misc":{"Geschatte leestijd":"1 minuut"},"schema":{"@context":"https:\/\/schema.org","@graph":[{"@type":"WebPage","@id":"https:\/\/herbow.eu\/product\/herbow-zoldseg-es-gyumolcs-moso\/","url":"https:\/\/herbow.eu\/product\/herbow-zoldseg-es-gyumolcs-moso\/","name":"Herbow Groente- &amp; Fruitwas 500 ml - Herbow | International","isPartOf":{"@id":"https:\/\/herbow.eu\/#website"},"primaryImageOfPage":{"@id":"https:\/\/herbow.eu\/product\/herbow-zoldseg-es-gyumolcs-moso\/#primaryimage"},"image":{"@id":"https:\/\/herbow.eu\/product\/herbow-zoldseg-es-gyumolcs-moso\/#primaryimage"},"thumbnailUrl":"https:\/\/herbow.eu\/wp-content\/uploads\/2025\/11\/Woo_base_2000x2000_16688_gyum-zolds-mos_500ml_208x103mm_v18_tif.png","datePublished":"2025-08-18T09:05:58+00:00","dateModified":"2026-03-17T09:58:07+00:00","breadcrumb":{"@id":"https:\/\/herbow.eu\/product\/herbow-zoldseg-es-gyumolcs-moso\/#breadcrumb"},"inLanguage":"nl-NL","potentialAction":[{"@type":"ReadAction","target":["https:\/\/herbow.eu\/product\/herbow-zoldseg-es-gyumolcs-moso\/"]}]},{"@type":"ImageObject","inLanguage":"nl-NL","@id":"https:\/\/herbow.eu\/product\/herbow-zoldseg-es-gyumolcs-moso\/#primaryimage","url":"https:\/\/herbow.eu\/wp-content\/uploads\/2025\/11\/Woo_base_2000x2000_16688_gyum-zolds-mos_500ml_208x103mm_v18_tif.png","contentUrl":"https:\/\/herbow.eu\/wp-content\/uploads\/2025\/11\/Woo_base_2000x2000_16688_gyum-zolds-mos_500ml_208x103mm_v18_tif.png","width":2000,"height":2000},{"@type":"BreadcrumbList","@id":"https:\/\/herbow.eu\/product\/herbow-zoldseg-es-gyumolcs-moso\/#breadcrumb","itemListElement":[{"@type":"ListItem","position":1,"name":"Kezd\u0151lap","item":"https:\/\/herbow.eu\/"},{"@type":"ListItem","position":2,"name":"Shop","item":"https:\/\/herbow.eu\/shop\/"},{"@type":"ListItem","position":3,"name":"Herbow Z\u00f6lds\u00e9g &#038; Gy\u00fcm\u00f6lcs mos\u00f3 500 ml"}]},{"@type":"WebSite","@id":"https:\/\/herbow.eu\/#website","url":"https:\/\/herbow.eu\/","name":"Herbow | Herbal Organic World","description":"Kruiden Biologische Wereld","publisher":{"@id":"https:\/\/herbow.eu\/#organization"},"potentialAction":[{"@type":"SearchAction","target":{"@type":"EntryPoint","urlTemplate":"https:\/\/herbow.eu\/?s={search_term_string}"},"query-input":{"@type":"PropertyValueSpecification","valueRequired":true,"valueName":"search_term_string"}}],"inLanguage":"nl-NL"},{"@type":"Organization","@id":"https:\/\/herbow.eu\/#organization","name":"Herbow International Zrt.","url":"https:\/\/herbow.eu\/","logo":{"@type":"ImageObject","inLanguage":"nl-NL","@id":"https:\/\/herbow.eu\/#\/schema\/logo\/image\/","url":"https:\/\/herbow.eu\/wp-content\/uploads\/2025\/07\/herbow_logo_hun_2021-01_w-slogan_no-background.png","contentUrl":"https:\/\/herbow.eu\/wp-content\/uploads\/2025\/07\/herbow_logo_hun_2021-01_w-slogan_no-background.png","width":2366,"height":1732,"caption":"Herbow International Zrt."},"image":{"@id":"https:\/\/herbow.eu\/#\/schema\/logo\/image\/"},"sameAs":["https:\/\/www.facebook.com\/herbowmosodioslabda\/","https:\/\/www.instagram.com\/herbowmosodioslabda\/"]}]}},"jetpack_likes_enabled":true,"jetpack_sharing_enabled":true,"_links":{"self":[{"href":"https:\/\/herbow.eu\/nl\/wp-json\/wp\/v2\/product\/1034","targetHints":{"allow":["GET"]}}],"collection":[{"href":"https:\/\/herbow.eu\/nl\/wp-json\/wp\/v2\/product"}],"about":[{"href":"https:\/\/herbow.eu\/nl\/wp-json\/wp\/v2\/types\/product"}],"replies":[{"embeddable":true,"href":"https:\/\/herbow.eu\/nl\/wp-json\/wp\/v2\/comments?post=1034"}],"wp:featuredmedia":[{"embeddable":true,"href":"https:\/\/herbow.eu\/nl\/wp-json\/wp\/v2\/media\/1142"}],"wp:attachment":[{"href":"https:\/\/herbow.eu\/nl\/wp-json\/wp\/v2\/media?parent=1034"}],"wp:term":[{"taxonomy":"product_brand","embeddable":true,"href":"https:\/\/herbow.eu\/nl\/wp-json\/wp\/v2\/product_brand?post=1034"},{"taxonomy":"product_cat","embeddable":true,"href":"https:\/\/herbow.eu\/nl\/wp-json\/wp\/v2\/product_cat?post=1034"},{"taxonomy":"product_tag","embeddable":true,"href":"https:\/\/herbow.eu\/nl\/wp-json\/wp\/v2\/product_tag?post=1034"}],"curies":[{"name":"wp","href":"https:\/\/api.w.org\/{rel}","templated":true}]}}