{"id":1030,"date":"2025-08-18T11:05:57","date_gmt":"2025-08-18T09:05:57","guid":{"rendered":"https:\/\/herbow.eu\/product\/herbow-szagsemlegesito-probiotikus-spray-illatanyagmentes\/"},"modified":"2026-03-17T10:58:15","modified_gmt":"2026-03-17T09:58:15","slug":"herbow-szagsemlegesito-probiotikus-spray-illatanyagmentes","status":"publish","type":"product","link":"https:\/\/herbow.eu\/nl\/product\/herbow-szagsemlegesito-probiotikus-spray-illatanyagmentes\/","title":{"rendered":"Herbow Geurneutralisator Probiotische Spray Geurvrij 500 ml"},"content":{"rendered":"<p>A Herbow Probiotikus Szagsemleges\u00edt\u0151 Spray \u2013 Illatanyagmentes innovat\u00edv, term\u00e9szetes megold\u00e1s a h\u00e1ztart\u00e1sban el\u0151fordul\u00f3 kellemetlen szagok tart\u00f3s megsz\u00fcntet\u00e9s\u00e9re.<\/p>\n<p>A formula k\u00e9t akt\u00edv hat\u00f3anyagon alapul:<\/p>\n<ul>\n<li>een van planten afgeleid geurneutraliserend bestanddeel dat onmiddellijk de moleculen blokkeert die verantwoordelijk zijn voor onaangename geuren,<\/li>\n<li>en probiotische micro-organismen, die de organische stoffen die de bron zijn van geuren op lange termijn afbreken.<\/li>\n<\/ul>\n<p>Deze dubbele werking zorgt voor een snelle ontgeuring die tot 7 dagen kan duren, terwijl de natuurlijke zuiverheid en microbiologische balans van de lucht wordt hersteld. De spray bevat geen parfum, chloor, fosfaat, fosfonaat, ammoniak of EDTA en is dus veilig voor mensen, huisdieren en het milieu. Ideaal voor gebruik in keukens, badkamers, voorraadkasten, rond vuilnisbakken, in dierenverblijven of auto's, overal waar natuurlijke frisheid belangrijk is. Probiotische culturen elimineren niet alleen onaangename geurtjes, maar houden ook het microbiologische evenwicht op lange termijn in stand, waardoor de ruimte fris en schoon blijft, zonder geurtjes. Een veganistische, biologisch afbreekbare en huidvriendelijke formule die de puurheid van de natuur in huis brengt, zonder compromissen.<\/p>","protected":false},"excerpt":{"rendered":"<p>A Herbow Probiotikus Szagsemleges\u00edt\u0151 Spray illatanyagmentes formul\u00e1ja term\u00e9szetes \u00e9s tart\u00f3s megold\u00e1st k\u00edn\u00e1l a kellemetlen szagok ellen. N\u00f6v\u00e9nyi \u00f6sszetev\u0151i \u00e9s j\u00f3t\u00e9kony mikroorganizmusai nem elfedik, hanem megsz\u00fcntetik a szagok forr\u00e1s\u00e1t, biztons\u00e1gosan, a term\u00e9szet erej\u00e9vel.<\/p>\n<p>Verpakking: 500 ml<\/p>","protected":false},"featured_media":1139,"comment_status":"open","ping_status":"closed","template":"","meta":[],"product_brand":[1397],"product_cat":[1459],"product_tag":[1568,1431,1567,1555,1570,1559,1557,1572,1467,1564,1565,1571,1561,1409,1422,1573,1563,1562,1412,1558,1560,1554,1553,1574,1569,1556,1566],"class_list":{"0":"post-1030","1":"product","2":"type-product","3":"status-publish","4":"has-post-thumbnail","6":"product_brand-herbow","7":"product_cat-herbow-probiotikus-tisztitoszerek","8":"product_tag-aktiv-probiotikumok","9":"product_tag-allergenmentes","10":"product_tag-allatkiserlet-mentes","11":"product_tag-elo-probiotikumok","12":"product_tag-oko-haztartasi-tisztitoszer","13":"product_tag-oko-tisztitas","14":"product_tag-biofilm-eltavolitas","15":"product_tag-biofilm-bonto-technologia","16":"product_tag-biologiailag-lebomlo","17":"product_tag-biztonsagos-tisztitas","18":"product_tag-borbarat-tisztitoszer","19":"product_tag-egeszseges-otthon","20":"product_tag-fenntarthato-haztartas","21":"product_tag-herbow","22":"product_tag-herbow-probiotikus","23":"product_tag-herbtech-probiotikus","24":"product_tag-hosszan-tarto-frissesseg","25":"product_tag-illatmentes-opcio","26":"product_tag-kornyezetbarat-tisztitoszer","27":"product_tag-melytisztito-hatas","28":"product_tag-novenyi-alapu-tisztitoszer","29":"product_tag-probiotikus-formula","30":"product_tag-probiotikus-tisztitoszer","31":"product_tag-tartos-mikrobialis-vedelem","32":"product_tag-termeszetes-higienia","33":"product_tag-termeszetes-tisztitas","34":"product_tag-vegan-tisztitoszer","36":"first","37":"instock","38":"taxable","39":"shipping-taxable","40":"product-type-simple"},"yoast_head":"<!-- This site is optimized with the Yoast SEO plugin v27.4 - https:\/\/yoast.com\/product\/yoast-seo-wordpress\/ -->\n<title>Herbow Szagsemleges\u00edt\u0151 Probiotikus Spray Illatanyagmentes 500 ml - Herbow | International<\/title>\n<meta name=\"description\" content=\"A Herbow Probiotikus Szagsemleges\u00edt\u0151 Spray illatanyagmentes formul\u00e1ja term\u00e9szetes \u00e9s tart\u00f3s megold\u00e1st k\u00edn\u00e1l a kellemetlen szagok ellen. N\u00f6v\u00e9nyi \u00f6sszetev\u0151i \u00e9s j\u00f3t\u00e9kony mikroorganizmusai nem elfedik, hanem megsz\u00fcntetik a szagok forr\u00e1s\u00e1t, biztons\u00e1gosan, a term\u00e9szet erej\u00e9vel.\" \/>\n<meta name=\"robots\" content=\"index, follow, max-snippet:-1, max-image-preview:large, max-video-preview:-1\" \/>\n<link rel=\"canonical\" href=\"https:\/\/herbow.eu\/nl\/product\/herbow-szagsemlegesito-probiotikus-spray-illatanyagmentes\/\" \/>\n<meta property=\"og:locale\" content=\"nl_NL\" \/>\n<meta property=\"og:type\" content=\"article\" \/>\n<meta property=\"og:title\" content=\"Herbow Szagsemleges\u00edt\u0151 Probiotikus Spray Illatanyagmentes 500 ml - Herbow | International\" \/>\n<meta property=\"og:description\" content=\"A Herbow Probiotikus Szagsemleges\u00edt\u0151 Spray illatanyagmentes formul\u00e1ja term\u00e9szetes \u00e9s tart\u00f3s megold\u00e1st k\u00edn\u00e1l a kellemetlen szagok ellen. N\u00f6v\u00e9nyi \u00f6sszetev\u0151i \u00e9s j\u00f3t\u00e9kony mikroorganizmusai nem elfedik, hanem megsz\u00fcntetik a szagok forr\u00e1s\u00e1t, biztons\u00e1gosan, a term\u00e9szet erej\u00e9vel.\" \/>\n<meta property=\"og:url\" content=\"https:\/\/herbow.eu\/nl\/product\/herbow-szagsemlegesito-probiotikus-spray-illatanyagmentes\/\" \/>\n<meta property=\"og:site_name\" content=\"Herbow | International\" \/>\n<meta property=\"article:publisher\" content=\"https:\/\/www.facebook.com\/herbowmosodioslabda\/\" \/>\n<meta property=\"article:modified_time\" content=\"2026-03-17T09:58:15+00:00\" \/>\n<meta property=\"og:image\" content=\"https:\/\/herbow.eu\/wp-content\/uploads\/2025\/11\/Woo_base_2000x2000_15995_szagsemlegesito_stancolt_500ml_v7_latvany.png\" \/>\n\t<meta property=\"og:image:width\" content=\"2000\" \/>\n\t<meta property=\"og:image:height\" content=\"2000\" \/>\n\t<meta property=\"og:image:type\" content=\"image\/png\" \/>\n<meta name=\"twitter:card\" content=\"summary_large_image\" \/>\n<meta name=\"twitter:label1\" content=\"Geschatte leestijd\" \/>\n\t<meta name=\"twitter:data1\" content=\"2 minuten\" \/>\n<script type=\"application\/ld+json\" class=\"yoast-schema-graph\">{\"@context\":\"https:\\\/\\\/schema.org\",\"@graph\":[{\"@type\":\"WebPage\",\"@id\":\"https:\\\/\\\/herbow.eu\\\/product\\\/herbow-szagsemlegesito-probiotikus-spray-illatanyagmentes\\\/\",\"url\":\"https:\\\/\\\/herbow.eu\\\/product\\\/herbow-szagsemlegesito-probiotikus-spray-illatanyagmentes\\\/\",\"name\":\"Herbow Szagsemleges\u00edt\u0151 Probiotikus Spray Illatanyagmentes 500 ml - Herbow | International\",\"isPartOf\":{\"@id\":\"https:\\\/\\\/herbow.eu\\\/#website\"},\"primaryImageOfPage\":{\"@id\":\"https:\\\/\\\/herbow.eu\\\/product\\\/herbow-szagsemlegesito-probiotikus-spray-illatanyagmentes\\\/#primaryimage\"},\"image\":{\"@id\":\"https:\\\/\\\/herbow.eu\\\/product\\\/herbow-szagsemlegesito-probiotikus-spray-illatanyagmentes\\\/#primaryimage\"},\"thumbnailUrl\":\"https:\\\/\\\/herbow.eu\\\/wp-content\\\/uploads\\\/2025\\\/11\\\/Woo_base_2000x2000_15995_szagsemlegesito_stancolt_500ml_v7_latvany.png\",\"datePublished\":\"2025-08-18T09:05:57+00:00\",\"dateModified\":\"2026-03-17T09:58:15+00:00\",\"description\":\"A Herbow Probiotikus Szagsemleges\u00edt\u0151 Spray illatanyagmentes formul\u00e1ja term\u00e9szetes \u00e9s tart\u00f3s megold\u00e1st k\u00edn\u00e1l a kellemetlen szagok ellen. N\u00f6v\u00e9nyi \u00f6sszetev\u0151i \u00e9s j\u00f3t\u00e9kony mikroorganizmusai nem elfedik, hanem megsz\u00fcntetik a szagok forr\u00e1s\u00e1t, biztons\u00e1gosan, a term\u00e9szet erej\u00e9vel.\",\"breadcrumb\":{\"@id\":\"https:\\\/\\\/herbow.eu\\\/product\\\/herbow-szagsemlegesito-probiotikus-spray-illatanyagmentes\\\/#breadcrumb\"},\"inLanguage\":\"nl-NL\",\"potentialAction\":[{\"@type\":\"ReadAction\",\"target\":[\"https:\\\/\\\/herbow.eu\\\/product\\\/herbow-szagsemlegesito-probiotikus-spray-illatanyagmentes\\\/\"]}]},{\"@type\":\"ImageObject\",\"inLanguage\":\"nl-NL\",\"@id\":\"https:\\\/\\\/herbow.eu\\\/product\\\/herbow-szagsemlegesito-probiotikus-spray-illatanyagmentes\\\/#primaryimage\",\"url\":\"https:\\\/\\\/herbow.eu\\\/wp-content\\\/uploads\\\/2025\\\/11\\\/Woo_base_2000x2000_15995_szagsemlegesito_stancolt_500ml_v7_latvany.png\",\"contentUrl\":\"https:\\\/\\\/herbow.eu\\\/wp-content\\\/uploads\\\/2025\\\/11\\\/Woo_base_2000x2000_15995_szagsemlegesito_stancolt_500ml_v7_latvany.png\",\"width\":2000,\"height\":2000},{\"@type\":\"BreadcrumbList\",\"@id\":\"https:\\\/\\\/herbow.eu\\\/product\\\/herbow-szagsemlegesito-probiotikus-spray-illatanyagmentes\\\/#breadcrumb\",\"itemListElement\":[{\"@type\":\"ListItem\",\"position\":1,\"name\":\"Kezd\u0151lap\",\"item\":\"https:\\\/\\\/herbow.eu\\\/\"},{\"@type\":\"ListItem\",\"position\":2,\"name\":\"Shop\",\"item\":\"https:\\\/\\\/herbow.eu\\\/shop\\\/\"},{\"@type\":\"ListItem\",\"position\":3,\"name\":\"Herbow Szagsemleges\u00edt\u0151 Probiotikus Spray Illatanyagmentes 500 ml\"}]},{\"@type\":\"WebSite\",\"@id\":\"https:\\\/\\\/herbow.eu\\\/#website\",\"url\":\"https:\\\/\\\/herbow.eu\\\/\",\"name\":\"Herbow | Herbal Organic World\",\"description\":\"Herbal Organic World\",\"publisher\":{\"@id\":\"https:\\\/\\\/herbow.eu\\\/#organization\"},\"potentialAction\":[{\"@type\":\"SearchAction\",\"target\":{\"@type\":\"EntryPoint\",\"urlTemplate\":\"https:\\\/\\\/herbow.eu\\\/?s={search_term_string}\"},\"query-input\":{\"@type\":\"PropertyValueSpecification\",\"valueRequired\":true,\"valueName\":\"search_term_string\"}}],\"inLanguage\":\"nl-NL\"},{\"@type\":\"Organization\",\"@id\":\"https:\\\/\\\/herbow.eu\\\/#organization\",\"name\":\"Herbow International Zrt.\",\"url\":\"https:\\\/\\\/herbow.eu\\\/\",\"logo\":{\"@type\":\"ImageObject\",\"inLanguage\":\"nl-NL\",\"@id\":\"https:\\\/\\\/herbow.eu\\\/#\\\/schema\\\/logo\\\/image\\\/\",\"url\":\"https:\\\/\\\/herbow.eu\\\/wp-content\\\/uploads\\\/2025\\\/07\\\/herbow_logo_hun_2021-01_w-slogan_no-background.png\",\"contentUrl\":\"https:\\\/\\\/herbow.eu\\\/wp-content\\\/uploads\\\/2025\\\/07\\\/herbow_logo_hun_2021-01_w-slogan_no-background.png\",\"width\":2366,\"height\":1732,\"caption\":\"Herbow International Zrt.\"},\"image\":{\"@id\":\"https:\\\/\\\/herbow.eu\\\/#\\\/schema\\\/logo\\\/image\\\/\"},\"sameAs\":[\"https:\\\/\\\/www.facebook.com\\\/herbowmosodioslabda\\\/\",\"https:\\\/\\\/www.instagram.com\\\/herbowmosodioslabda\\\/\"]}]}<\/script>\n<!-- \/ Yoast SEO plugin. -->","yoast_head_json":{"title":"Herbow Szagsemleges\u00edt\u0151 Probiotikus Spray Illatanyagmentes 500 ml - Herbow | International","description":"A Herbow Probiotikus Szagsemleges\u00edt\u0151 Spray illatanyagmentes formul\u00e1ja term\u00e9szetes \u00e9s tart\u00f3s megold\u00e1st k\u00edn\u00e1l a kellemetlen szagok ellen. N\u00f6v\u00e9nyi \u00f6sszetev\u0151i \u00e9s j\u00f3t\u00e9kony mikroorganizmusai nem elfedik, hanem megsz\u00fcntetik a szagok forr\u00e1s\u00e1t, biztons\u00e1gosan, a term\u00e9szet erej\u00e9vel.","robots":{"index":"index","follow":"follow","max-snippet":"max-snippet:-1","max-image-preview":"max-image-preview:large","max-video-preview":"max-video-preview:-1"},"canonical":"https:\/\/herbow.eu\/nl\/product\/herbow-szagsemlegesito-probiotikus-spray-illatanyagmentes\/","og_locale":"nl_NL","og_type":"article","og_title":"Herbow Szagsemleges\u00edt\u0151 Probiotikus Spray Illatanyagmentes 500 ml - Herbow | International","og_description":"A Herbow Probiotikus Szagsemleges\u00edt\u0151 Spray illatanyagmentes formul\u00e1ja term\u00e9szetes \u00e9s tart\u00f3s megold\u00e1st k\u00edn\u00e1l a kellemetlen szagok ellen. N\u00f6v\u00e9nyi \u00f6sszetev\u0151i \u00e9s j\u00f3t\u00e9kony mikroorganizmusai nem elfedik, hanem megsz\u00fcntetik a szagok forr\u00e1s\u00e1t, biztons\u00e1gosan, a term\u00e9szet erej\u00e9vel.","og_url":"https:\/\/herbow.eu\/nl\/product\/herbow-szagsemlegesito-probiotikus-spray-illatanyagmentes\/","og_site_name":"Herbow | International","article_publisher":"https:\/\/www.facebook.com\/herbowmosodioslabda\/","article_modified_time":"2026-03-17T09:58:15+00:00","og_image":[{"width":2000,"height":2000,"url":"https:\/\/herbow.eu\/wp-content\/uploads\/2025\/11\/Woo_base_2000x2000_15995_szagsemlegesito_stancolt_500ml_v7_latvany.png","type":"image\/png"}],"twitter_card":"summary_large_image","twitter_misc":{"Geschatte leestijd":"2 minuten"},"schema":{"@context":"https:\/\/schema.org","@graph":[{"@type":"WebPage","@id":"https:\/\/herbow.eu\/product\/herbow-szagsemlegesito-probiotikus-spray-illatanyagmentes\/","url":"https:\/\/herbow.eu\/product\/herbow-szagsemlegesito-probiotikus-spray-illatanyagmentes\/","name":"Herbow Szagsemleges\u00edt\u0151 Probiotikus Spray Illatanyagmentes 500 ml - Herbow | International","isPartOf":{"@id":"https:\/\/herbow.eu\/#website"},"primaryImageOfPage":{"@id":"https:\/\/herbow.eu\/product\/herbow-szagsemlegesito-probiotikus-spray-illatanyagmentes\/#primaryimage"},"image":{"@id":"https:\/\/herbow.eu\/product\/herbow-szagsemlegesito-probiotikus-spray-illatanyagmentes\/#primaryimage"},"thumbnailUrl":"https:\/\/herbow.eu\/wp-content\/uploads\/2025\/11\/Woo_base_2000x2000_15995_szagsemlegesito_stancolt_500ml_v7_latvany.png","datePublished":"2025-08-18T09:05:57+00:00","dateModified":"2026-03-17T09:58:15+00:00","description":"A Herbow Probiotikus Szagsemleges\u00edt\u0151 Spray illatanyagmentes formul\u00e1ja term\u00e9szetes \u00e9s tart\u00f3s megold\u00e1st k\u00edn\u00e1l a kellemetlen szagok ellen. N\u00f6v\u00e9nyi \u00f6sszetev\u0151i \u00e9s j\u00f3t\u00e9kony mikroorganizmusai nem elfedik, hanem megsz\u00fcntetik a szagok forr\u00e1s\u00e1t, biztons\u00e1gosan, a term\u00e9szet erej\u00e9vel.","breadcrumb":{"@id":"https:\/\/herbow.eu\/product\/herbow-szagsemlegesito-probiotikus-spray-illatanyagmentes\/#breadcrumb"},"inLanguage":"nl-NL","potentialAction":[{"@type":"ReadAction","target":["https:\/\/herbow.eu\/product\/herbow-szagsemlegesito-probiotikus-spray-illatanyagmentes\/"]}]},{"@type":"ImageObject","inLanguage":"nl-NL","@id":"https:\/\/herbow.eu\/product\/herbow-szagsemlegesito-probiotikus-spray-illatanyagmentes\/#primaryimage","url":"https:\/\/herbow.eu\/wp-content\/uploads\/2025\/11\/Woo_base_2000x2000_15995_szagsemlegesito_stancolt_500ml_v7_latvany.png","contentUrl":"https:\/\/herbow.eu\/wp-content\/uploads\/2025\/11\/Woo_base_2000x2000_15995_szagsemlegesito_stancolt_500ml_v7_latvany.png","width":2000,"height":2000},{"@type":"BreadcrumbList","@id":"https:\/\/herbow.eu\/product\/herbow-szagsemlegesito-probiotikus-spray-illatanyagmentes\/#breadcrumb","itemListElement":[{"@type":"ListItem","position":1,"name":"Kezd\u0151lap","item":"https:\/\/herbow.eu\/"},{"@type":"ListItem","position":2,"name":"Shop","item":"https:\/\/herbow.eu\/shop\/"},{"@type":"ListItem","position":3,"name":"Herbow Szagsemleges\u00edt\u0151 Probiotikus Spray Illatanyagmentes 500 ml"}]},{"@type":"WebSite","@id":"https:\/\/herbow.eu\/#website","url":"https:\/\/herbow.eu\/","name":"Herbow | Herbal Organic World","description":"Kruiden Biologische Wereld","publisher":{"@id":"https:\/\/herbow.eu\/#organization"},"potentialAction":[{"@type":"SearchAction","target":{"@type":"EntryPoint","urlTemplate":"https:\/\/herbow.eu\/?s={search_term_string}"},"query-input":{"@type":"PropertyValueSpecification","valueRequired":true,"valueName":"search_term_string"}}],"inLanguage":"nl-NL"},{"@type":"Organization","@id":"https:\/\/herbow.eu\/#organization","name":"Herbow International Zrt.","url":"https:\/\/herbow.eu\/","logo":{"@type":"ImageObject","inLanguage":"nl-NL","@id":"https:\/\/herbow.eu\/#\/schema\/logo\/image\/","url":"https:\/\/herbow.eu\/wp-content\/uploads\/2025\/07\/herbow_logo_hun_2021-01_w-slogan_no-background.png","contentUrl":"https:\/\/herbow.eu\/wp-content\/uploads\/2025\/07\/herbow_logo_hun_2021-01_w-slogan_no-background.png","width":2366,"height":1732,"caption":"Herbow International Zrt."},"image":{"@id":"https:\/\/herbow.eu\/#\/schema\/logo\/image\/"},"sameAs":["https:\/\/www.facebook.com\/herbowmosodioslabda\/","https:\/\/www.instagram.com\/herbowmosodioslabda\/"]}]}},"jetpack_likes_enabled":true,"jetpack_sharing_enabled":true,"_links":{"self":[{"href":"https:\/\/herbow.eu\/nl\/wp-json\/wp\/v2\/product\/1030","targetHints":{"allow":["GET"]}}],"collection":[{"href":"https:\/\/herbow.eu\/nl\/wp-json\/wp\/v2\/product"}],"about":[{"href":"https:\/\/herbow.eu\/nl\/wp-json\/wp\/v2\/types\/product"}],"replies":[{"embeddable":true,"href":"https:\/\/herbow.eu\/nl\/wp-json\/wp\/v2\/comments?post=1030"}],"wp:featuredmedia":[{"embeddable":true,"href":"https:\/\/herbow.eu\/nl\/wp-json\/wp\/v2\/media\/1139"}],"wp:attachment":[{"href":"https:\/\/herbow.eu\/nl\/wp-json\/wp\/v2\/media?parent=1030"}],"wp:term":[{"taxonomy":"product_brand","embeddable":true,"href":"https:\/\/herbow.eu\/nl\/wp-json\/wp\/v2\/product_brand?post=1030"},{"taxonomy":"product_cat","embeddable":true,"href":"https:\/\/herbow.eu\/nl\/wp-json\/wp\/v2\/product_cat?post=1030"},{"taxonomy":"product_tag","embeddable":true,"href":"https:\/\/herbow.eu\/nl\/wp-json\/wp\/v2\/product_tag?post=1030"}],"curies":[{"name":"wp","href":"https:\/\/api.w.org\/{rel}","templated":true}]}}