{"id":1027,"date":"2025-08-18T11:05:57","date_gmt":"2025-08-18T09:05:57","guid":{"rendered":"https:\/\/herbow.eu\/product\/herbow-gepi-oblito-orange-500ml\/"},"modified":"2026-03-17T10:58:12","modified_gmt":"2026-03-17T09:58:12","slug":"herbow-gepi-oblito-sinaasappel-500ml","status":"publish","type":"product","link":"https:\/\/herbow.eu\/nl\/product\/herbow-gepi-oblito-orange-500ml\/","title":{"rendered":"Herbow machine spoeling Orange 500ml"},"content":{"rendered":"<p>Herbow Vaatwasserspoelmiddel met Sinaasappelgeur is een effectieve en milieuvriendelijke oplossing voor een perfect schone, sprankelende vaat. De formule op plantaardige basis met gecontroleerde schuimwerking zorgt voor optimale resultaten bij alle waterhardheden, helpt kalkaanslag en druppelvlekken te voorkomen en zorgt voor een snelle, vlekvrije droging. Dankzij de natuurlijke, biologisch afbreekbare ingredi\u00ebnten is het product vriendelijk voor het milieu en de huid. Servies, glazen en bestek worden sprankelend schoon achtergelaten met een aangename frisse geur. Gebruik voor de beste resultaten Herbow afwasmiddel.<\/p>\n<p>Een milieuvriendelijke, veganistische en huidvriendelijke formule die het dagelijks leven een natuurlijke frisheid geeft.<\/p>\n<p>Aanbevolen dosering: volgens de instructies van de vaatwasserfabrikant. Gebruik met Herbow afwasmiddel voor ideale resultaten.<\/p>","protected":false},"excerpt":{"rendered":"<p>A <strong>Herbow Vaatwasserspoeling<\/strong> met een sinaasappelgeur om je vaat op natuurlijke wijze sprankelend schoon te houden. De plantaardige ingredi\u00ebnten voorkomen de vorming van kalkvlekken en zorgen voor een snelle, vlekvrije droging, terwijl ze een aangename, frisse oranje gloed achterlaten.<\/p>\n<p>Verpakking: 500 ml<\/p>","protected":false},"featured_media":871,"comment_status":"open","ping_status":"closed","template":"","meta":[],"product_brand":[1397],"product_cat":[1490],"product_tag":[],"class_list":{"0":"post-1027","1":"product","2":"type-product","3":"status-publish","4":"has-post-thumbnail","6":"product_brand-herbow","7":"product_cat-gepi-mosogatoszer","9":"first","10":"instock","11":"taxable","12":"shipping-taxable","13":"product-type-simple"},"yoast_head":"<!-- This site is optimized with the Yoast SEO plugin v27.4 - https:\/\/yoast.com\/product\/yoast-seo-wordpress\/ -->\n<title>Herbow g\u00e9pi \u00f6bl\u00edt\u0151 Orange 500ml - Herbow | International<\/title>\n<meta name=\"description\" content=\"A Herbow Mosogat\u00f3g\u00e9p \u00d6bl\u00edt\u0151 narancs illattal term\u00e9szetes m\u00f3don gondoskodik az ed\u00e9nyek ragyog\u00f3 tisztas\u00e1g\u00e1r\u00f3l. N\u00f6v\u00e9nyi eredet\u0171 \u00f6sszetev\u0151i megel\u0151zik a v\u00edzk\u0151foltok kialakul\u00e1s\u00e1t, gyors, foltmentes sz\u00e1rad\u00e1st biztos\u00edtanak, mik\u00f6zben kellemes, friss narancsillatot hagynak.\" \/>\n<meta name=\"robots\" content=\"index, follow, max-snippet:-1, max-image-preview:large, max-video-preview:-1\" \/>\n<link rel=\"canonical\" href=\"https:\/\/herbow.eu\/nl\/product\/herbow-gepi-oblito-sinaasappel-500ml\/\" \/>\n<meta property=\"og:locale\" content=\"nl_NL\" \/>\n<meta property=\"og:type\" content=\"article\" \/>\n<meta property=\"og:title\" content=\"Herbow g\u00e9pi \u00f6bl\u00edt\u0151 Orange 500ml - Herbow | International\" \/>\n<meta property=\"og:description\" content=\"A Herbow Mosogat\u00f3g\u00e9p \u00d6bl\u00edt\u0151 narancs illattal term\u00e9szetes m\u00f3don gondoskodik az ed\u00e9nyek ragyog\u00f3 tisztas\u00e1g\u00e1r\u00f3l. N\u00f6v\u00e9nyi eredet\u0171 \u00f6sszetev\u0151i megel\u0151zik a v\u00edzk\u0151foltok kialakul\u00e1s\u00e1t, gyors, foltmentes sz\u00e1rad\u00e1st biztos\u00edtanak, mik\u00f6zben kellemes, friss narancsillatot hagynak.\" \/>\n<meta property=\"og:url\" content=\"https:\/\/herbow.eu\/nl\/product\/herbow-gepi-oblito-sinaasappel-500ml\/\" \/>\n<meta property=\"og:site_name\" content=\"Herbow | International\" \/>\n<meta property=\"article:publisher\" content=\"https:\/\/www.facebook.com\/herbowmosodioslabda\/\" \/>\n<meta property=\"article:modified_time\" content=\"2026-03-17T09:58:12+00:00\" \/>\n<meta property=\"og:image\" content=\"https:\/\/herbow.eu\/wp-content\/uploads\/2025\/08\/herbow_mosogatogep_oblito_500ml_188x136_redesign_uj_narancs_illat_v6.png\" \/>\n\t<meta property=\"og:image:width\" content=\"2000\" \/>\n\t<meta property=\"og:image:height\" content=\"2000\" \/>\n\t<meta property=\"og:image:type\" content=\"image\/png\" \/>\n<meta name=\"twitter:card\" content=\"summary_large_image\" \/>\n<meta name=\"twitter:label1\" content=\"Geschatte leestijd\" \/>\n\t<meta name=\"twitter:data1\" content=\"1 minuut\" \/>\n<script type=\"application\/ld+json\" class=\"yoast-schema-graph\">{\"@context\":\"https:\\\/\\\/schema.org\",\"@graph\":[{\"@type\":\"WebPage\",\"@id\":\"https:\\\/\\\/herbow.eu\\\/product\\\/herbow-gepi-oblito-orange-500ml\\\/\",\"url\":\"https:\\\/\\\/herbow.eu\\\/product\\\/herbow-gepi-oblito-orange-500ml\\\/\",\"name\":\"Herbow g\u00e9pi \u00f6bl\u00edt\u0151 Orange 500ml - Herbow | International\",\"isPartOf\":{\"@id\":\"https:\\\/\\\/herbow.eu\\\/#website\"},\"primaryImageOfPage\":{\"@id\":\"https:\\\/\\\/herbow.eu\\\/product\\\/herbow-gepi-oblito-orange-500ml\\\/#primaryimage\"},\"image\":{\"@id\":\"https:\\\/\\\/herbow.eu\\\/product\\\/herbow-gepi-oblito-orange-500ml\\\/#primaryimage\"},\"thumbnailUrl\":\"https:\\\/\\\/herbow.eu\\\/wp-content\\\/uploads\\\/2025\\\/08\\\/herbow_mosogatogep_oblito_500ml_188x136_redesign_uj_narancs_illat_v6.png\",\"datePublished\":\"2025-08-18T09:05:57+00:00\",\"dateModified\":\"2026-03-17T09:58:12+00:00\",\"description\":\"A Herbow Mosogat\u00f3g\u00e9p \u00d6bl\u00edt\u0151 narancs illattal term\u00e9szetes m\u00f3don gondoskodik az ed\u00e9nyek ragyog\u00f3 tisztas\u00e1g\u00e1r\u00f3l. N\u00f6v\u00e9nyi eredet\u0171 \u00f6sszetev\u0151i megel\u0151zik a v\u00edzk\u0151foltok kialakul\u00e1s\u00e1t, gyors, foltmentes sz\u00e1rad\u00e1st biztos\u00edtanak, mik\u00f6zben kellemes, friss narancsillatot hagynak.\",\"breadcrumb\":{\"@id\":\"https:\\\/\\\/herbow.eu\\\/product\\\/herbow-gepi-oblito-orange-500ml\\\/#breadcrumb\"},\"inLanguage\":\"nl-NL\",\"potentialAction\":[{\"@type\":\"ReadAction\",\"target\":[\"https:\\\/\\\/herbow.eu\\\/product\\\/herbow-gepi-oblito-orange-500ml\\\/\"]}]},{\"@type\":\"ImageObject\",\"inLanguage\":\"nl-NL\",\"@id\":\"https:\\\/\\\/herbow.eu\\\/product\\\/herbow-gepi-oblito-orange-500ml\\\/#primaryimage\",\"url\":\"https:\\\/\\\/herbow.eu\\\/wp-content\\\/uploads\\\/2025\\\/08\\\/herbow_mosogatogep_oblito_500ml_188x136_redesign_uj_narancs_illat_v6.png\",\"contentUrl\":\"https:\\\/\\\/herbow.eu\\\/wp-content\\\/uploads\\\/2025\\\/08\\\/herbow_mosogatogep_oblito_500ml_188x136_redesign_uj_narancs_illat_v6.png\",\"width\":2000,\"height\":2000},{\"@type\":\"BreadcrumbList\",\"@id\":\"https:\\\/\\\/herbow.eu\\\/product\\\/herbow-gepi-oblito-orange-500ml\\\/#breadcrumb\",\"itemListElement\":[{\"@type\":\"ListItem\",\"position\":1,\"name\":\"Kezd\u0151lap\",\"item\":\"https:\\\/\\\/herbow.eu\\\/\"},{\"@type\":\"ListItem\",\"position\":2,\"name\":\"Shop\",\"item\":\"https:\\\/\\\/herbow.eu\\\/shop\\\/\"},{\"@type\":\"ListItem\",\"position\":3,\"name\":\"Herbow g\u00e9pi \u00f6bl\u00edt\u0151 Orange 500ml\"}]},{\"@type\":\"WebSite\",\"@id\":\"https:\\\/\\\/herbow.eu\\\/#website\",\"url\":\"https:\\\/\\\/herbow.eu\\\/\",\"name\":\"Herbow | Herbal Organic World\",\"description\":\"Herbal Organic World\",\"publisher\":{\"@id\":\"https:\\\/\\\/herbow.eu\\\/#organization\"},\"potentialAction\":[{\"@type\":\"SearchAction\",\"target\":{\"@type\":\"EntryPoint\",\"urlTemplate\":\"https:\\\/\\\/herbow.eu\\\/?s={search_term_string}\"},\"query-input\":{\"@type\":\"PropertyValueSpecification\",\"valueRequired\":true,\"valueName\":\"search_term_string\"}}],\"inLanguage\":\"nl-NL\"},{\"@type\":\"Organization\",\"@id\":\"https:\\\/\\\/herbow.eu\\\/#organization\",\"name\":\"Herbow International Zrt.\",\"url\":\"https:\\\/\\\/herbow.eu\\\/\",\"logo\":{\"@type\":\"ImageObject\",\"inLanguage\":\"nl-NL\",\"@id\":\"https:\\\/\\\/herbow.eu\\\/#\\\/schema\\\/logo\\\/image\\\/\",\"url\":\"https:\\\/\\\/herbow.eu\\\/wp-content\\\/uploads\\\/2025\\\/07\\\/herbow_logo_hun_2021-01_w-slogan_no-background.png\",\"contentUrl\":\"https:\\\/\\\/herbow.eu\\\/wp-content\\\/uploads\\\/2025\\\/07\\\/herbow_logo_hun_2021-01_w-slogan_no-background.png\",\"width\":2366,\"height\":1732,\"caption\":\"Herbow International Zrt.\"},\"image\":{\"@id\":\"https:\\\/\\\/herbow.eu\\\/#\\\/schema\\\/logo\\\/image\\\/\"},\"sameAs\":[\"https:\\\/\\\/www.facebook.com\\\/herbowmosodioslabda\\\/\",\"https:\\\/\\\/www.instagram.com\\\/herbowmosodioslabda\\\/\"]}]}<\/script>\n<!-- \/ Yoast SEO plugin. -->","yoast_head_json":{"title":"Herbow Machinespoeling Oranje 500ml - Herbow | International","description":"Herbow Vaatwasserspoelmiddel met Sinaasappelgeur is een natuurlijke manier om de vaat sprankelend schoon te houden. De plantaardige ingredi\u00ebnten voorkomen kalkaanslag en zorgen voor een snelle, vlekvrije droging, terwijl ze een aangename, frisse oranje gloed achterlaten.","robots":{"index":"index","follow":"follow","max-snippet":"max-snippet:-1","max-image-preview":"max-image-preview:large","max-video-preview":"max-video-preview:-1"},"canonical":"https:\/\/herbow.eu\/nl\/product\/herbow-gepi-oblito-sinaasappel-500ml\/","og_locale":"nl_NL","og_type":"article","og_title":"Herbow g\u00e9pi \u00f6bl\u00edt\u0151 Orange 500ml - Herbow | International","og_description":"A Herbow Mosogat\u00f3g\u00e9p \u00d6bl\u00edt\u0151 narancs illattal term\u00e9szetes m\u00f3don gondoskodik az ed\u00e9nyek ragyog\u00f3 tisztas\u00e1g\u00e1r\u00f3l. N\u00f6v\u00e9nyi eredet\u0171 \u00f6sszetev\u0151i megel\u0151zik a v\u00edzk\u0151foltok kialakul\u00e1s\u00e1t, gyors, foltmentes sz\u00e1rad\u00e1st biztos\u00edtanak, mik\u00f6zben kellemes, friss narancsillatot hagynak.","og_url":"https:\/\/herbow.eu\/nl\/product\/herbow-gepi-oblito-sinaasappel-500ml\/","og_site_name":"Herbow | International","article_publisher":"https:\/\/www.facebook.com\/herbowmosodioslabda\/","article_modified_time":"2026-03-17T09:58:12+00:00","og_image":[{"width":2000,"height":2000,"url":"https:\/\/herbow.eu\/wp-content\/uploads\/2025\/08\/herbow_mosogatogep_oblito_500ml_188x136_redesign_uj_narancs_illat_v6.png","type":"image\/png"}],"twitter_card":"summary_large_image","twitter_misc":{"Geschatte leestijd":"1 minuut"},"schema":{"@context":"https:\/\/schema.org","@graph":[{"@type":"WebPage","@id":"https:\/\/herbow.eu\/product\/herbow-gepi-oblito-orange-500ml\/","url":"https:\/\/herbow.eu\/product\/herbow-gepi-oblito-orange-500ml\/","name":"Herbow Machinespoeling Oranje 500ml - Herbow | International","isPartOf":{"@id":"https:\/\/herbow.eu\/#website"},"primaryImageOfPage":{"@id":"https:\/\/herbow.eu\/product\/herbow-gepi-oblito-orange-500ml\/#primaryimage"},"image":{"@id":"https:\/\/herbow.eu\/product\/herbow-gepi-oblito-orange-500ml\/#primaryimage"},"thumbnailUrl":"https:\/\/herbow.eu\/wp-content\/uploads\/2025\/08\/herbow_mosogatogep_oblito_500ml_188x136_redesign_uj_narancs_illat_v6.png","datePublished":"2025-08-18T09:05:57+00:00","dateModified":"2026-03-17T09:58:12+00:00","description":"Herbow Vaatwasserspoelmiddel met Sinaasappelgeur is een natuurlijke manier om de vaat sprankelend schoon te houden. De plantaardige ingredi\u00ebnten voorkomen kalkaanslag en zorgen voor een snelle, vlekvrije droging, terwijl ze een aangename, frisse oranje gloed achterlaten.","breadcrumb":{"@id":"https:\/\/herbow.eu\/product\/herbow-gepi-oblito-orange-500ml\/#breadcrumb"},"inLanguage":"nl-NL","potentialAction":[{"@type":"ReadAction","target":["https:\/\/herbow.eu\/product\/herbow-gepi-oblito-orange-500ml\/"]}]},{"@type":"ImageObject","inLanguage":"nl-NL","@id":"https:\/\/herbow.eu\/product\/herbow-gepi-oblito-orange-500ml\/#primaryimage","url":"https:\/\/herbow.eu\/wp-content\/uploads\/2025\/08\/herbow_mosogatogep_oblito_500ml_188x136_redesign_uj_narancs_illat_v6.png","contentUrl":"https:\/\/herbow.eu\/wp-content\/uploads\/2025\/08\/herbow_mosogatogep_oblito_500ml_188x136_redesign_uj_narancs_illat_v6.png","width":2000,"height":2000},{"@type":"BreadcrumbList","@id":"https:\/\/herbow.eu\/product\/herbow-gepi-oblito-orange-500ml\/#breadcrumb","itemListElement":[{"@type":"ListItem","position":1,"name":"Kezd\u0151lap","item":"https:\/\/herbow.eu\/"},{"@type":"ListItem","position":2,"name":"Shop","item":"https:\/\/herbow.eu\/shop\/"},{"@type":"ListItem","position":3,"name":"Herbow g\u00e9pi \u00f6bl\u00edt\u0151 Orange 500ml"}]},{"@type":"WebSite","@id":"https:\/\/herbow.eu\/#website","url":"https:\/\/herbow.eu\/","name":"Herbow | Herbal Organic World","description":"Kruiden Biologische Wereld","publisher":{"@id":"https:\/\/herbow.eu\/#organization"},"potentialAction":[{"@type":"SearchAction","target":{"@type":"EntryPoint","urlTemplate":"https:\/\/herbow.eu\/?s={search_term_string}"},"query-input":{"@type":"PropertyValueSpecification","valueRequired":true,"valueName":"search_term_string"}}],"inLanguage":"nl-NL"},{"@type":"Organization","@id":"https:\/\/herbow.eu\/#organization","name":"Herbow International Zrt.","url":"https:\/\/herbow.eu\/","logo":{"@type":"ImageObject","inLanguage":"nl-NL","@id":"https:\/\/herbow.eu\/#\/schema\/logo\/image\/","url":"https:\/\/herbow.eu\/wp-content\/uploads\/2025\/07\/herbow_logo_hun_2021-01_w-slogan_no-background.png","contentUrl":"https:\/\/herbow.eu\/wp-content\/uploads\/2025\/07\/herbow_logo_hun_2021-01_w-slogan_no-background.png","width":2366,"height":1732,"caption":"Herbow International Zrt."},"image":{"@id":"https:\/\/herbow.eu\/#\/schema\/logo\/image\/"},"sameAs":["https:\/\/www.facebook.com\/herbowmosodioslabda\/","https:\/\/www.instagram.com\/herbowmosodioslabda\/"]}]}},"jetpack_likes_enabled":true,"jetpack_sharing_enabled":true,"_links":{"self":[{"href":"https:\/\/herbow.eu\/nl\/wp-json\/wp\/v2\/product\/1027","targetHints":{"allow":["GET"]}}],"collection":[{"href":"https:\/\/herbow.eu\/nl\/wp-json\/wp\/v2\/product"}],"about":[{"href":"https:\/\/herbow.eu\/nl\/wp-json\/wp\/v2\/types\/product"}],"replies":[{"embeddable":true,"href":"https:\/\/herbow.eu\/nl\/wp-json\/wp\/v2\/comments?post=1027"}],"wp:featuredmedia":[{"embeddable":true,"href":"https:\/\/herbow.eu\/nl\/wp-json\/wp\/v2\/media\/871"}],"wp:attachment":[{"href":"https:\/\/herbow.eu\/nl\/wp-json\/wp\/v2\/media?parent=1027"}],"wp:term":[{"taxonomy":"product_brand","embeddable":true,"href":"https:\/\/herbow.eu\/nl\/wp-json\/wp\/v2\/product_brand?post=1027"},{"taxonomy":"product_cat","embeddable":true,"href":"https:\/\/herbow.eu\/nl\/wp-json\/wp\/v2\/product_cat?post=1027"},{"taxonomy":"product_tag","embeddable":true,"href":"https:\/\/herbow.eu\/nl\/wp-json\/wp\/v2\/product_tag?post=1027"}],"curies":[{"name":"wp","href":"https:\/\/api.w.org\/{rel}","templated":true}]}}