{"id":1011,"date":"2025-08-18T11:05:53","date_gmt":"2025-08-18T09:05:53","guid":{"rendered":"https:\/\/herbow.eu\/product\/herbow-folteltavolito-color-700g\/"},"modified":"2026-03-17T10:58:33","modified_gmt":"2026-03-17T09:58:33","slug":"herbow-folteltavolito-kleur-700g","status":"publish","type":"product","link":"https:\/\/herbow.eu\/nl\/product\/herbow-folteltavolito-color-700g\/","title":{"rendered":"Herbow vlekkenverwijderaar voor gekleurde kleding 700g"},"content":{"rendered":"<p>Herbow vlekkenverwijderaar helpt hardnekkige vlekken te verwijderen met de kracht van de natuur.<br \/>\nDe combinatie van Indiase washi grind, plantenenzymen en actieve zuurstof verwijdert op effectieve wijze vlekken van eten, drinken en andere vlekken, terwijl de levendigheid van kleuren en de textuur van stoffen behouden blijven.<\/p>\n<p>De geconcentreerde, huid- en milieuvriendelijke formule is niet schadelijk voor de stof bij hogere doseringen.<br \/>\nRegelmatig gebruik helpt om gekleurde stoffen fris en zacht te houden, zodat ze er langer nieuw uitzien.<br \/>\nEffectief bij 30-60 \u00b0C, voor zowel machine- als handwas.<br \/>\nHet is een ideale aanvulling op wasmiddelen op basis van waspoeder of plantaardige wasmiddelen.<\/p>\n<p>De formule is vrij van chloor, fosfaat, sulfaat, optische witmakers, conserveringsmiddelen en kunstmatige kleurstoffen,<br \/>\nveganistisch en biologisch afbreekbaar. De door T\u00dcV geteste kwaliteit garandeert dat Herbow vlekverwijderaar een effectieve, zachte en milieuvriendelijke reiniging biedt zonder compromissen.<\/p>\n<p>Dosering: ongeveer 25 g per wasbeurt.<br \/>\nEen verpakking bevat genoeg voor ongeveer 28 wasbeurten.<\/p>","protected":false},"excerpt":{"rendered":"<p>Met zijn natuurlijke ingredi\u00ebnten en actieve zuurstofformule helpt Herbow vlekkenverwijderaar voor gekleurde kleding hardnekkige vlekken te verwijderen terwijl de kleur en textuur van stoffen behouden blijven, zonder chloor.<\/p>\n<p>Verpakkingsgrootte: 700g<\/p>","protected":false},"featured_media":861,"comment_status":"open","ping_status":"closed","template":"","meta":[],"product_brand":[1397],"product_cat":[1405],"product_tag":[1431,1567,1583,1606,1578,1599,1602,1467,1523,1524,1608,1561,1593,1605,1604,1409,1596,1595,1549,1601,1562,1589,1598,1558,1609,1611,1597,1525,1612,1526,1600,1445,1587,1607,1503,1603,1610],"class_list":{"0":"post-1011","1":"product","2":"type-product","3":"status-publish","4":"has-post-thumbnail","6":"product_brand-herbow","7":"product_cat-folttisztito","8":"product_tag-allergenmentes","9":"product_tag-allatkiserlet-mentes","10":"product_tag-erzekeny-borueknek-is","11":"product_tag-oko-haztartas-megoldas","12":"product_tag-oko-mososzer","13":"product_tag-oko-tisztitoszer","14":"product_tag-bababarat-termek","15":"product_tag-biologiailag-lebomlo","16":"product_tag-biztonsagos-osszetevok","17":"product_tag-borbarat-formula","18":"product_tag-feluletkimelo-tisztitas","19":"product_tag-fenntarthato-haztartas","20":"product_tag-foszfatmentes","21":"product_tag-friss-illat","22":"product_tag-hatekony-tisztitas","23":"product_tag-herbow","24":"product_tag-herbow-haztartas","25":"product_tag-herbow-termek","26":"product_tag-herbtech-formula","27":"product_tag-hipoallergen-osszetevok","28":"product_tag-illatmentes-opcio","29":"product_tag-kimeletes-tisztitas","30":"product_tag-kornyezetbarat-termek","31":"product_tag-melytisztito-hatas","32":"product_tag-mindennapi-hasznalatra","33":"product_tag-modern-oko-tisztitas","34":"product_tag-novenyi-alapu-formula","35":"product_tag-parabenmentes","36":"product_tag-premium-minoseg","37":"product_tag-szinezekmentes","38":"product_tag-termeszetbarat-tisztitas","39":"product_tag-termeszetes-osszetevok","40":"product_tag-termeszetes-illat","41":"product_tag-textilkimelo","42":"product_tag-tudatos-haztartas","43":"product_tag-vegan-termek","44":"product_tag-zero-waste-szemlelet","46":"first","47":"instock","48":"taxable","49":"shipping-taxable","50":"product-type-simple"},"yoast_head":"<!-- This site is optimized with the Yoast SEO plugin v27.5 - https:\/\/yoast.com\/product\/yoast-seo-wordpress\/ -->\n<title>Herbow Foltelt\u00e1vol\u00edt\u00f3 Sz\u00ednes ruh\u00e1khoz 700g - Herbow | International<\/title>\n<meta name=\"robots\" content=\"index, follow, max-snippet:-1, max-image-preview:large, max-video-preview:-1\" \/>\n<link rel=\"canonical\" href=\"https:\/\/herbow.eu\/nl\/product\/herbow-folteltavolito-kleur-700g\/\" \/>\n<meta property=\"og:locale\" content=\"nl_NL\" \/>\n<meta property=\"og:type\" content=\"article\" \/>\n<meta property=\"og:title\" content=\"Herbow Foltelt\u00e1vol\u00edt\u00f3 Sz\u00ednes ruh\u00e1khoz 700g - Herbow | International\" \/>\n<meta property=\"og:description\" content=\"A Herbow Foltelt\u00e1vol\u00edt\u00f3 sz\u00ednes ruh\u00e1khoz term\u00e9szetes \u00f6sszetev\u0151ivel \u00e9s akt\u00edv oxig\u00e9nes formul\u00e1j\u00e1val seg\u00edt elt\u00e1vol\u00edtani a makacs foltokat, mik\u00f6zben meg\u0151rzi a text\u00edli\u00e1k sz\u00edn\u00e9t \u00e9s szerkezet\u00e9t, kl\u00f3r n\u00e9lk\u00fcl.  Kiszerel\u00e9s: 700g\" \/>\n<meta property=\"og:url\" content=\"https:\/\/herbow.eu\/nl\/product\/herbow-folteltavolito-kleur-700g\/\" \/>\n<meta property=\"og:site_name\" content=\"Herbow | International\" \/>\n<meta property=\"article:publisher\" content=\"https:\/\/www.facebook.com\/herbowmosodioslabda\/\" \/>\n<meta property=\"article:modified_time\" content=\"2026-03-17T09:58:33+00:00\" \/>\n<meta property=\"og:image\" content=\"https:\/\/herbow.eu\/wp-content\/uploads\/2025\/08\/Herbow_folteltavolito-szines_ruha.png\" \/>\n\t<meta property=\"og:image:width\" content=\"2000\" \/>\n\t<meta property=\"og:image:height\" content=\"2000\" \/>\n\t<meta property=\"og:image:type\" content=\"image\/png\" \/>\n<meta name=\"twitter:card\" content=\"summary_large_image\" \/>\n<meta name=\"twitter:label1\" content=\"Geschatte leestijd\" \/>\n\t<meta name=\"twitter:data1\" content=\"1 minuut\" \/>\n<script type=\"application\/ld+json\" class=\"yoast-schema-graph\">{\"@context\":\"https:\\\/\\\/schema.org\",\"@graph\":[{\"@type\":\"WebPage\",\"@id\":\"https:\\\/\\\/herbow.eu\\\/product\\\/herbow-folteltavolito-color-700g\\\/\",\"url\":\"https:\\\/\\\/herbow.eu\\\/product\\\/herbow-folteltavolito-color-700g\\\/\",\"name\":\"Herbow Foltelt\u00e1vol\u00edt\u00f3 Sz\u00ednes ruh\u00e1khoz 700g - Herbow | International\",\"isPartOf\":{\"@id\":\"https:\\\/\\\/herbow.eu\\\/#website\"},\"primaryImageOfPage\":{\"@id\":\"https:\\\/\\\/herbow.eu\\\/product\\\/herbow-folteltavolito-color-700g\\\/#primaryimage\"},\"image\":{\"@id\":\"https:\\\/\\\/herbow.eu\\\/product\\\/herbow-folteltavolito-color-700g\\\/#primaryimage\"},\"thumbnailUrl\":\"https:\\\/\\\/herbow.eu\\\/wp-content\\\/uploads\\\/2025\\\/08\\\/Herbow_folteltavolito-szines_ruha.png\",\"datePublished\":\"2025-08-18T09:05:53+00:00\",\"dateModified\":\"2026-03-17T09:58:33+00:00\",\"breadcrumb\":{\"@id\":\"https:\\\/\\\/herbow.eu\\\/product\\\/herbow-folteltavolito-color-700g\\\/#breadcrumb\"},\"inLanguage\":\"nl-NL\",\"potentialAction\":[{\"@type\":\"ReadAction\",\"target\":[\"https:\\\/\\\/herbow.eu\\\/product\\\/herbow-folteltavolito-color-700g\\\/\"]}]},{\"@type\":\"ImageObject\",\"inLanguage\":\"nl-NL\",\"@id\":\"https:\\\/\\\/herbow.eu\\\/product\\\/herbow-folteltavolito-color-700g\\\/#primaryimage\",\"url\":\"https:\\\/\\\/herbow.eu\\\/wp-content\\\/uploads\\\/2025\\\/08\\\/Herbow_folteltavolito-szines_ruha.png\",\"contentUrl\":\"https:\\\/\\\/herbow.eu\\\/wp-content\\\/uploads\\\/2025\\\/08\\\/Herbow_folteltavolito-szines_ruha.png\",\"width\":2000,\"height\":2000},{\"@type\":\"BreadcrumbList\",\"@id\":\"https:\\\/\\\/herbow.eu\\\/product\\\/herbow-folteltavolito-color-700g\\\/#breadcrumb\",\"itemListElement\":[{\"@type\":\"ListItem\",\"position\":1,\"name\":\"Kezd\u0151lap\",\"item\":\"https:\\\/\\\/herbow.eu\\\/\"},{\"@type\":\"ListItem\",\"position\":2,\"name\":\"Shop\",\"item\":\"https:\\\/\\\/herbow.eu\\\/shop\\\/\"},{\"@type\":\"ListItem\",\"position\":3,\"name\":\"Herbow Foltelt\u00e1vol\u00edt\u00f3 Sz\u00ednes ruh\u00e1khoz 700g\"}]},{\"@type\":\"WebSite\",\"@id\":\"https:\\\/\\\/herbow.eu\\\/#website\",\"url\":\"https:\\\/\\\/herbow.eu\\\/\",\"name\":\"Herbow | Herbal Organic World\",\"description\":\"Herbal Organic World\",\"publisher\":{\"@id\":\"https:\\\/\\\/herbow.eu\\\/#organization\"},\"potentialAction\":[{\"@type\":\"SearchAction\",\"target\":{\"@type\":\"EntryPoint\",\"urlTemplate\":\"https:\\\/\\\/herbow.eu\\\/?s={search_term_string}\"},\"query-input\":{\"@type\":\"PropertyValueSpecification\",\"valueRequired\":true,\"valueName\":\"search_term_string\"}}],\"inLanguage\":\"nl-NL\"},{\"@type\":\"Organization\",\"@id\":\"https:\\\/\\\/herbow.eu\\\/#organization\",\"name\":\"Herbow International Zrt.\",\"url\":\"https:\\\/\\\/herbow.eu\\\/\",\"logo\":{\"@type\":\"ImageObject\",\"inLanguage\":\"nl-NL\",\"@id\":\"https:\\\/\\\/herbow.eu\\\/#\\\/schema\\\/logo\\\/image\\\/\",\"url\":\"https:\\\/\\\/herbow.eu\\\/wp-content\\\/uploads\\\/2025\\\/07\\\/herbow_logo_hun_2021-01_w-slogan_no-background.png\",\"contentUrl\":\"https:\\\/\\\/herbow.eu\\\/wp-content\\\/uploads\\\/2025\\\/07\\\/herbow_logo_hun_2021-01_w-slogan_no-background.png\",\"width\":2366,\"height\":1732,\"caption\":\"Herbow International Zrt.\"},\"image\":{\"@id\":\"https:\\\/\\\/herbow.eu\\\/#\\\/schema\\\/logo\\\/image\\\/\"},\"sameAs\":[\"https:\\\/\\\/www.facebook.com\\\/herbowmosodioslabda\\\/\",\"https:\\\/\\\/www.instagram.com\\\/herbowmosodioslabda\\\/\"]}]}<\/script>\n<!-- \/ Yoast SEO plugin. -->","yoast_head_json":{"title":"Herbow vlekkenverwijderaar voor gekleurde kleding 700g - Herbow | International","robots":{"index":"index","follow":"follow","max-snippet":"max-snippet:-1","max-image-preview":"max-image-preview:large","max-video-preview":"max-video-preview:-1"},"canonical":"https:\/\/herbow.eu\/nl\/product\/herbow-folteltavolito-kleur-700g\/","og_locale":"nl_NL","og_type":"article","og_title":"Herbow Foltelt\u00e1vol\u00edt\u00f3 Sz\u00ednes ruh\u00e1khoz 700g - Herbow | International","og_description":"A Herbow Foltelt\u00e1vol\u00edt\u00f3 sz\u00ednes ruh\u00e1khoz term\u00e9szetes \u00f6sszetev\u0151ivel \u00e9s akt\u00edv oxig\u00e9nes formul\u00e1j\u00e1val seg\u00edt elt\u00e1vol\u00edtani a makacs foltokat, mik\u00f6zben meg\u0151rzi a text\u00edli\u00e1k sz\u00edn\u00e9t \u00e9s szerkezet\u00e9t, kl\u00f3r n\u00e9lk\u00fcl.  Kiszerel\u00e9s: 700g","og_url":"https:\/\/herbow.eu\/nl\/product\/herbow-folteltavolito-kleur-700g\/","og_site_name":"Herbow | International","article_publisher":"https:\/\/www.facebook.com\/herbowmosodioslabda\/","article_modified_time":"2026-03-17T09:58:33+00:00","og_image":[{"width":2000,"height":2000,"url":"https:\/\/herbow.eu\/wp-content\/uploads\/2025\/08\/Herbow_folteltavolito-szines_ruha.png","type":"image\/png"}],"twitter_card":"summary_large_image","twitter_misc":{"Geschatte leestijd":"1 minuut"},"schema":{"@context":"https:\/\/schema.org","@graph":[{"@type":"WebPage","@id":"https:\/\/herbow.eu\/product\/herbow-folteltavolito-color-700g\/","url":"https:\/\/herbow.eu\/product\/herbow-folteltavolito-color-700g\/","name":"Herbow vlekkenverwijderaar voor gekleurde kleding 700g - Herbow | International","isPartOf":{"@id":"https:\/\/herbow.eu\/#website"},"primaryImageOfPage":{"@id":"https:\/\/herbow.eu\/product\/herbow-folteltavolito-color-700g\/#primaryimage"},"image":{"@id":"https:\/\/herbow.eu\/product\/herbow-folteltavolito-color-700g\/#primaryimage"},"thumbnailUrl":"https:\/\/herbow.eu\/wp-content\/uploads\/2025\/08\/Herbow_folteltavolito-szines_ruha.png","datePublished":"2025-08-18T09:05:53+00:00","dateModified":"2026-03-17T09:58:33+00:00","breadcrumb":{"@id":"https:\/\/herbow.eu\/product\/herbow-folteltavolito-color-700g\/#breadcrumb"},"inLanguage":"nl-NL","potentialAction":[{"@type":"ReadAction","target":["https:\/\/herbow.eu\/product\/herbow-folteltavolito-color-700g\/"]}]},{"@type":"ImageObject","inLanguage":"nl-NL","@id":"https:\/\/herbow.eu\/product\/herbow-folteltavolito-color-700g\/#primaryimage","url":"https:\/\/herbow.eu\/wp-content\/uploads\/2025\/08\/Herbow_folteltavolito-szines_ruha.png","contentUrl":"https:\/\/herbow.eu\/wp-content\/uploads\/2025\/08\/Herbow_folteltavolito-szines_ruha.png","width":2000,"height":2000},{"@type":"BreadcrumbList","@id":"https:\/\/herbow.eu\/product\/herbow-folteltavolito-color-700g\/#breadcrumb","itemListElement":[{"@type":"ListItem","position":1,"name":"Kezd\u0151lap","item":"https:\/\/herbow.eu\/"},{"@type":"ListItem","position":2,"name":"Shop","item":"https:\/\/herbow.eu\/shop\/"},{"@type":"ListItem","position":3,"name":"Herbow Foltelt\u00e1vol\u00edt\u00f3 Sz\u00ednes ruh\u00e1khoz 700g"}]},{"@type":"WebSite","@id":"https:\/\/herbow.eu\/#website","url":"https:\/\/herbow.eu\/","name":"Herbow | Herbal Organic World","description":"Kruiden Biologische Wereld","publisher":{"@id":"https:\/\/herbow.eu\/#organization"},"potentialAction":[{"@type":"SearchAction","target":{"@type":"EntryPoint","urlTemplate":"https:\/\/herbow.eu\/?s={search_term_string}"},"query-input":{"@type":"PropertyValueSpecification","valueRequired":true,"valueName":"search_term_string"}}],"inLanguage":"nl-NL"},{"@type":"Organization","@id":"https:\/\/herbow.eu\/#organization","name":"Herbow International Zrt.","url":"https:\/\/herbow.eu\/","logo":{"@type":"ImageObject","inLanguage":"nl-NL","@id":"https:\/\/herbow.eu\/#\/schema\/logo\/image\/","url":"https:\/\/herbow.eu\/wp-content\/uploads\/2025\/07\/herbow_logo_hun_2021-01_w-slogan_no-background.png","contentUrl":"https:\/\/herbow.eu\/wp-content\/uploads\/2025\/07\/herbow_logo_hun_2021-01_w-slogan_no-background.png","width":2366,"height":1732,"caption":"Herbow International Zrt."},"image":{"@id":"https:\/\/herbow.eu\/#\/schema\/logo\/image\/"},"sameAs":["https:\/\/www.facebook.com\/herbowmosodioslabda\/","https:\/\/www.instagram.com\/herbowmosodioslabda\/"]}]}},"jetpack_likes_enabled":true,"jetpack_sharing_enabled":true,"_links":{"self":[{"href":"https:\/\/herbow.eu\/nl\/wp-json\/wp\/v2\/product\/1011","targetHints":{"allow":["GET"]}}],"collection":[{"href":"https:\/\/herbow.eu\/nl\/wp-json\/wp\/v2\/product"}],"about":[{"href":"https:\/\/herbow.eu\/nl\/wp-json\/wp\/v2\/types\/product"}],"replies":[{"embeddable":true,"href":"https:\/\/herbow.eu\/nl\/wp-json\/wp\/v2\/comments?post=1011"}],"wp:featuredmedia":[{"embeddable":true,"href":"https:\/\/herbow.eu\/nl\/wp-json\/wp\/v2\/media\/861"}],"wp:attachment":[{"href":"https:\/\/herbow.eu\/nl\/wp-json\/wp\/v2\/media?parent=1011"}],"wp:term":[{"taxonomy":"product_brand","embeddable":true,"href":"https:\/\/herbow.eu\/nl\/wp-json\/wp\/v2\/product_brand?post=1011"},{"taxonomy":"product_cat","embeddable":true,"href":"https:\/\/herbow.eu\/nl\/wp-json\/wp\/v2\/product_cat?post=1011"},{"taxonomy":"product_tag","embeddable":true,"href":"https:\/\/herbow.eu\/nl\/wp-json\/wp\/v2\/product_tag?post=1011"}],"curies":[{"name":"wp","href":"https:\/\/api.w.org\/{rel}","templated":true}]}}