{"id":1006,"date":"2025-08-18T11:05:52","date_gmt":"2025-08-18T09:05:52","guid":{"rendered":"https:\/\/herbow.eu\/product\/herbow-textiloblito-nyari-eso\/"},"modified":"2026-03-17T10:58:37","modified_gmt":"2026-03-17T09:58:37","slug":"herbow-textiloblito-nyari-eso","status":"publish","type":"product","link":"https:\/\/herbow.eu\/nl\/product\/herbow-textiloblito-nyari-eso\/","title":{"rendered":"Herbow Textielspoelmiddel - Zomerregen 3000ml"},"content":{"rendered":"<p>Herbow Textielspoelmiddel Summer Rain roept de geur op van frisse lucht en reinheid na een regenbui. De formule op plantaardige basis maakt stoffen zacht en aangenaam om aan te raken, vermindert vuilafzetting en helpt bij het strijken. Een delicate geur van kamille en bedauwde lucht waait door je kleding en brengt de frisheid van de natuur in huis na elke wasbeurt. De geur is zacht en rustgevend, als een moment na een zomerse douche wanneer de lucht gevuld is met zuiverheid en lichtheid. Het is geformuleerd met natuurlijk afgeleide kationogene oppervlakteactieve stoffen en is een milieu- en huidvriendelijk alternatief voor traditionele spoelmiddelen. Je kleding is zachter, frisser en behoudt langer zijn natuurlijke geur, terwijl de was vriendelijk blijft voor het milieu.<\/p>\n<p><strong>Aanbevolen dosering:<\/strong><\/p>\n<ul>\n<li>Gebruik voor machinewas 20 ml (ongeveer 2\/3 kopje) spoelglansmiddel voor een lading van 4,5 kg.<\/li>\n<li>Voor het wassen van de handen is 15 ml per 10 liter water voldoende.<\/li>\n<\/ul>\n<p>De spoeling hoeft niet verdund te worden.<\/p>","protected":false},"excerpt":{"rendered":"<p>A friss ny\u00e1ri z\u00e1por tiszta illata term\u00e9szetes frissess\u00e9get \u00e9s puhas\u00e1got k\u00f6lcs\u00f6n\u00f6z a ruh\u00e1knak. K\u00edm\u00e9letes formul\u00e1ja seg\u00edt meg\u0151rizni a text\u00edli\u00e1k puhas\u00e1g\u00e1t \u00e9s megk\u00f6nny\u00edti a vasal\u00e1st.<\/p>\n<p>Inhoud: 3000ml<\/p>","protected":false},"featured_media":889,"comment_status":"open","ping_status":"closed","template":"","meta":[],"product_brand":[1397],"product_cat":[1399],"product_tag":[1431,1567,1583,1606,1578,1599,1602,1467,1523,1524,1608,1561,1593,1605,1604,1409,1596,1595,1549,1601,1562,1589,1598,1558,1609,1611,1597,1525,1612,1526,1600,1445,1587,1607,1503,1603,1610],"class_list":{"0":"post-1006","1":"product","2":"type-product","3":"status-publish","4":"has-post-thumbnail","6":"product_brand-herbow","7":"product_cat-textiloblito","8":"product_tag-allergenmentes","9":"product_tag-allatkiserlet-mentes","10":"product_tag-erzekeny-borueknek-is","11":"product_tag-oko-haztartas-megoldas","12":"product_tag-oko-mososzer","13":"product_tag-oko-tisztitoszer","14":"product_tag-bababarat-termek","15":"product_tag-biologiailag-lebomlo","16":"product_tag-biztonsagos-osszetevok","17":"product_tag-borbarat-formula","18":"product_tag-feluletkimelo-tisztitas","19":"product_tag-fenntarthato-haztartas","20":"product_tag-foszfatmentes","21":"product_tag-friss-illat","22":"product_tag-hatekony-tisztitas","23":"product_tag-herbow","24":"product_tag-herbow-haztartas","25":"product_tag-herbow-termek","26":"product_tag-herbtech-formula","27":"product_tag-hipoallergen-osszetevok","28":"product_tag-illatmentes-opcio","29":"product_tag-kimeletes-tisztitas","30":"product_tag-kornyezetbarat-termek","31":"product_tag-melytisztito-hatas","32":"product_tag-mindennapi-hasznalatra","33":"product_tag-modern-oko-tisztitas","34":"product_tag-novenyi-alapu-formula","35":"product_tag-parabenmentes","36":"product_tag-premium-minoseg","37":"product_tag-szinezekmentes","38":"product_tag-termeszetbarat-tisztitas","39":"product_tag-termeszetes-osszetevok","40":"product_tag-termeszetes-illat","41":"product_tag-textilkimelo","42":"product_tag-tudatos-haztartas","43":"product_tag-vegan-termek","44":"product_tag-zero-waste-szemlelet","46":"first","47":"instock","48":"taxable","49":"shipping-taxable","50":"product-type-simple"},"yoast_head":"<!-- This site is optimized with the Yoast SEO plugin v27.4 - https:\/\/yoast.com\/product\/yoast-seo-wordpress\/ -->\n<title>Herbow Textil\u00f6bl\u00edt\u0151 - Ny\u00e1ri es\u0151 3000ml - Herbow | International<\/title>\n<meta name=\"description\" content=\"A friss ny\u00e1ri z\u00e1por tiszta illata term\u00e9szetes frissess\u00e9get \u00e9s puhas\u00e1got k\u00f6lcs\u00f6n\u00f6z a ruh\u00e1knak. K\u00edm\u00e9letes formul\u00e1ja seg\u00edt meg\u0151rizni a text\u00edli\u00e1k puhas\u00e1g\u00e1t \u00e9s megk\u00f6nny\u00edti a vasal\u00e1st.\" \/>\n<meta name=\"robots\" content=\"index, follow, max-snippet:-1, max-image-preview:large, max-video-preview:-1\" \/>\n<link rel=\"canonical\" href=\"https:\/\/herbow.eu\/nl\/product\/herbow-textiloblito-nyari-eso\/\" \/>\n<meta property=\"og:locale\" content=\"nl_NL\" \/>\n<meta property=\"og:type\" content=\"article\" \/>\n<meta property=\"og:title\" content=\"Herbow Textil\u00f6bl\u00edt\u0151 - Ny\u00e1ri es\u0151 3000ml - Herbow | International\" \/>\n<meta property=\"og:description\" content=\"A friss ny\u00e1ri z\u00e1por tiszta illata term\u00e9szetes frissess\u00e9get \u00e9s puhas\u00e1got k\u00f6lcs\u00f6n\u00f6z a ruh\u00e1knak. K\u00edm\u00e9letes formul\u00e1ja seg\u00edt meg\u0151rizni a text\u00edli\u00e1k puhas\u00e1g\u00e1t \u00e9s megk\u00f6nny\u00edti a vasal\u00e1st.\" \/>\n<meta property=\"og:url\" content=\"https:\/\/herbow.eu\/nl\/product\/herbow-textiloblito-nyari-eso\/\" \/>\n<meta property=\"og:site_name\" content=\"Herbow | International\" \/>\n<meta property=\"article:publisher\" content=\"https:\/\/www.facebook.com\/herbowmosodioslabda\/\" \/>\n<meta property=\"article:modified_time\" content=\"2026-03-17T09:58:37+00:00\" \/>\n<meta property=\"og:image\" content=\"https:\/\/herbow.eu\/wp-content\/uploads\/2025\/08\/Herbow_textiloblito_2000ml_redesign_summer_rain_v4_latvany.png\" \/>\n\t<meta property=\"og:image:width\" content=\"2000\" \/>\n\t<meta property=\"og:image:height\" content=\"2000\" \/>\n\t<meta property=\"og:image:type\" content=\"image\/png\" \/>\n<meta name=\"twitter:card\" content=\"summary_large_image\" \/>\n<meta name=\"twitter:label1\" content=\"Geschatte leestijd\" \/>\n\t<meta name=\"twitter:data1\" content=\"1 minuut\" \/>\n<script type=\"application\/ld+json\" class=\"yoast-schema-graph\">{\"@context\":\"https:\\\/\\\/schema.org\",\"@graph\":[{\"@type\":\"WebPage\",\"@id\":\"https:\\\/\\\/herbow.eu\\\/product\\\/herbow-textiloblito-nyari-eso\\\/\",\"url\":\"https:\\\/\\\/herbow.eu\\\/product\\\/herbow-textiloblito-nyari-eso\\\/\",\"name\":\"Herbow Textil\u00f6bl\u00edt\u0151 - Ny\u00e1ri es\u0151 3000ml - Herbow | International\",\"isPartOf\":{\"@id\":\"https:\\\/\\\/herbow.eu\\\/#website\"},\"primaryImageOfPage\":{\"@id\":\"https:\\\/\\\/herbow.eu\\\/product\\\/herbow-textiloblito-nyari-eso\\\/#primaryimage\"},\"image\":{\"@id\":\"https:\\\/\\\/herbow.eu\\\/product\\\/herbow-textiloblito-nyari-eso\\\/#primaryimage\"},\"thumbnailUrl\":\"https:\\\/\\\/herbow.eu\\\/wp-content\\\/uploads\\\/2025\\\/08\\\/Herbow_textiloblito_2000ml_redesign_summer_rain_v4_latvany.png\",\"datePublished\":\"2025-08-18T09:05:52+00:00\",\"dateModified\":\"2026-03-17T09:58:37+00:00\",\"description\":\"A friss ny\u00e1ri z\u00e1por tiszta illata term\u00e9szetes frissess\u00e9get \u00e9s puhas\u00e1got k\u00f6lcs\u00f6n\u00f6z a ruh\u00e1knak. K\u00edm\u00e9letes formul\u00e1ja seg\u00edt meg\u0151rizni a text\u00edli\u00e1k puhas\u00e1g\u00e1t \u00e9s megk\u00f6nny\u00edti a vasal\u00e1st.\",\"breadcrumb\":{\"@id\":\"https:\\\/\\\/herbow.eu\\\/product\\\/herbow-textiloblito-nyari-eso\\\/#breadcrumb\"},\"inLanguage\":\"nl-NL\",\"potentialAction\":[{\"@type\":\"ReadAction\",\"target\":[\"https:\\\/\\\/herbow.eu\\\/product\\\/herbow-textiloblito-nyari-eso\\\/\"]}]},{\"@type\":\"ImageObject\",\"inLanguage\":\"nl-NL\",\"@id\":\"https:\\\/\\\/herbow.eu\\\/product\\\/herbow-textiloblito-nyari-eso\\\/#primaryimage\",\"url\":\"https:\\\/\\\/herbow.eu\\\/wp-content\\\/uploads\\\/2025\\\/08\\\/Herbow_textiloblito_2000ml_redesign_summer_rain_v4_latvany.png\",\"contentUrl\":\"https:\\\/\\\/herbow.eu\\\/wp-content\\\/uploads\\\/2025\\\/08\\\/Herbow_textiloblito_2000ml_redesign_summer_rain_v4_latvany.png\",\"width\":2000,\"height\":2000},{\"@type\":\"BreadcrumbList\",\"@id\":\"https:\\\/\\\/herbow.eu\\\/product\\\/herbow-textiloblito-nyari-eso\\\/#breadcrumb\",\"itemListElement\":[{\"@type\":\"ListItem\",\"position\":1,\"name\":\"Kezd\u0151lap\",\"item\":\"https:\\\/\\\/herbow.eu\\\/\"},{\"@type\":\"ListItem\",\"position\":2,\"name\":\"Shop\",\"item\":\"https:\\\/\\\/herbow.eu\\\/shop\\\/\"},{\"@type\":\"ListItem\",\"position\":3,\"name\":\"Herbow Textil\u00f6bl\u00edt\u0151 &#8211; Ny\u00e1ri es\u0151 3000ml\"}]},{\"@type\":\"WebSite\",\"@id\":\"https:\\\/\\\/herbow.eu\\\/#website\",\"url\":\"https:\\\/\\\/herbow.eu\\\/\",\"name\":\"Herbow | Herbal Organic World\",\"description\":\"Herbal Organic World\",\"publisher\":{\"@id\":\"https:\\\/\\\/herbow.eu\\\/#organization\"},\"potentialAction\":[{\"@type\":\"SearchAction\",\"target\":{\"@type\":\"EntryPoint\",\"urlTemplate\":\"https:\\\/\\\/herbow.eu\\\/?s={search_term_string}\"},\"query-input\":{\"@type\":\"PropertyValueSpecification\",\"valueRequired\":true,\"valueName\":\"search_term_string\"}}],\"inLanguage\":\"nl-NL\"},{\"@type\":\"Organization\",\"@id\":\"https:\\\/\\\/herbow.eu\\\/#organization\",\"name\":\"Herbow International Zrt.\",\"url\":\"https:\\\/\\\/herbow.eu\\\/\",\"logo\":{\"@type\":\"ImageObject\",\"inLanguage\":\"nl-NL\",\"@id\":\"https:\\\/\\\/herbow.eu\\\/#\\\/schema\\\/logo\\\/image\\\/\",\"url\":\"https:\\\/\\\/herbow.eu\\\/wp-content\\\/uploads\\\/2025\\\/07\\\/herbow_logo_hun_2021-01_w-slogan_no-background.png\",\"contentUrl\":\"https:\\\/\\\/herbow.eu\\\/wp-content\\\/uploads\\\/2025\\\/07\\\/herbow_logo_hun_2021-01_w-slogan_no-background.png\",\"width\":2366,\"height\":1732,\"caption\":\"Herbow International Zrt.\"},\"image\":{\"@id\":\"https:\\\/\\\/herbow.eu\\\/#\\\/schema\\\/logo\\\/image\\\/\"},\"sameAs\":[\"https:\\\/\\\/www.facebook.com\\\/herbowmosodioslabda\\\/\",\"https:\\\/\\\/www.instagram.com\\\/herbowmosodioslabda\\\/\"]}]}<\/script>\n<!-- \/ Yoast SEO plugin. -->","yoast_head_json":{"title":"Herbow Textil\u00f6bl\u00edt\u0151 - Ny\u00e1ri es\u0151 3000ml - Herbow | International","description":"A friss ny\u00e1ri z\u00e1por tiszta illata term\u00e9szetes frissess\u00e9get \u00e9s puhas\u00e1got k\u00f6lcs\u00f6n\u00f6z a ruh\u00e1knak. K\u00edm\u00e9letes formul\u00e1ja seg\u00edt meg\u0151rizni a text\u00edli\u00e1k puhas\u00e1g\u00e1t \u00e9s megk\u00f6nny\u00edti a vasal\u00e1st.","robots":{"index":"index","follow":"follow","max-snippet":"max-snippet:-1","max-image-preview":"max-image-preview:large","max-video-preview":"max-video-preview:-1"},"canonical":"https:\/\/herbow.eu\/nl\/product\/herbow-textiloblito-nyari-eso\/","og_locale":"nl_NL","og_type":"article","og_title":"Herbow Textil\u00f6bl\u00edt\u0151 - Ny\u00e1ri es\u0151 3000ml - Herbow | International","og_description":"A friss ny\u00e1ri z\u00e1por tiszta illata term\u00e9szetes frissess\u00e9get \u00e9s puhas\u00e1got k\u00f6lcs\u00f6n\u00f6z a ruh\u00e1knak. K\u00edm\u00e9letes formul\u00e1ja seg\u00edt meg\u0151rizni a text\u00edli\u00e1k puhas\u00e1g\u00e1t \u00e9s megk\u00f6nny\u00edti a vasal\u00e1st.","og_url":"https:\/\/herbow.eu\/nl\/product\/herbow-textiloblito-nyari-eso\/","og_site_name":"Herbow | International","article_publisher":"https:\/\/www.facebook.com\/herbowmosodioslabda\/","article_modified_time":"2026-03-17T09:58:37+00:00","og_image":[{"width":2000,"height":2000,"url":"https:\/\/herbow.eu\/wp-content\/uploads\/2025\/08\/Herbow_textiloblito_2000ml_redesign_summer_rain_v4_latvany.png","type":"image\/png"}],"twitter_card":"summary_large_image","twitter_misc":{"Geschatte leestijd":"1 minuut"},"schema":{"@context":"https:\/\/schema.org","@graph":[{"@type":"WebPage","@id":"https:\/\/herbow.eu\/product\/herbow-textiloblito-nyari-eso\/","url":"https:\/\/herbow.eu\/product\/herbow-textiloblito-nyari-eso\/","name":"Herbow Textil\u00f6bl\u00edt\u0151 - Ny\u00e1ri es\u0151 3000ml - Herbow | International","isPartOf":{"@id":"https:\/\/herbow.eu\/#website"},"primaryImageOfPage":{"@id":"https:\/\/herbow.eu\/product\/herbow-textiloblito-nyari-eso\/#primaryimage"},"image":{"@id":"https:\/\/herbow.eu\/product\/herbow-textiloblito-nyari-eso\/#primaryimage"},"thumbnailUrl":"https:\/\/herbow.eu\/wp-content\/uploads\/2025\/08\/Herbow_textiloblito_2000ml_redesign_summer_rain_v4_latvany.png","datePublished":"2025-08-18T09:05:52+00:00","dateModified":"2026-03-17T09:58:37+00:00","description":"A friss ny\u00e1ri z\u00e1por tiszta illata term\u00e9szetes frissess\u00e9get \u00e9s puhas\u00e1got k\u00f6lcs\u00f6n\u00f6z a ruh\u00e1knak. K\u00edm\u00e9letes formul\u00e1ja seg\u00edt meg\u0151rizni a text\u00edli\u00e1k puhas\u00e1g\u00e1t \u00e9s megk\u00f6nny\u00edti a vasal\u00e1st.","breadcrumb":{"@id":"https:\/\/herbow.eu\/product\/herbow-textiloblito-nyari-eso\/#breadcrumb"},"inLanguage":"nl-NL","potentialAction":[{"@type":"ReadAction","target":["https:\/\/herbow.eu\/product\/herbow-textiloblito-nyari-eso\/"]}]},{"@type":"ImageObject","inLanguage":"nl-NL","@id":"https:\/\/herbow.eu\/product\/herbow-textiloblito-nyari-eso\/#primaryimage","url":"https:\/\/herbow.eu\/wp-content\/uploads\/2025\/08\/Herbow_textiloblito_2000ml_redesign_summer_rain_v4_latvany.png","contentUrl":"https:\/\/herbow.eu\/wp-content\/uploads\/2025\/08\/Herbow_textiloblito_2000ml_redesign_summer_rain_v4_latvany.png","width":2000,"height":2000},{"@type":"BreadcrumbList","@id":"https:\/\/herbow.eu\/product\/herbow-textiloblito-nyari-eso\/#breadcrumb","itemListElement":[{"@type":"ListItem","position":1,"name":"Kezd\u0151lap","item":"https:\/\/herbow.eu\/"},{"@type":"ListItem","position":2,"name":"Shop","item":"https:\/\/herbow.eu\/shop\/"},{"@type":"ListItem","position":3,"name":"Herbow Textil\u00f6bl\u00edt\u0151 &#8211; Ny\u00e1ri es\u0151 3000ml"}]},{"@type":"WebSite","@id":"https:\/\/herbow.eu\/#website","url":"https:\/\/herbow.eu\/","name":"Herbow | Herbal Organic World","description":"Kruiden Biologische Wereld","publisher":{"@id":"https:\/\/herbow.eu\/#organization"},"potentialAction":[{"@type":"SearchAction","target":{"@type":"EntryPoint","urlTemplate":"https:\/\/herbow.eu\/?s={search_term_string}"},"query-input":{"@type":"PropertyValueSpecification","valueRequired":true,"valueName":"search_term_string"}}],"inLanguage":"nl-NL"},{"@type":"Organization","@id":"https:\/\/herbow.eu\/#organization","name":"Herbow International Zrt.","url":"https:\/\/herbow.eu\/","logo":{"@type":"ImageObject","inLanguage":"nl-NL","@id":"https:\/\/herbow.eu\/#\/schema\/logo\/image\/","url":"https:\/\/herbow.eu\/wp-content\/uploads\/2025\/07\/herbow_logo_hun_2021-01_w-slogan_no-background.png","contentUrl":"https:\/\/herbow.eu\/wp-content\/uploads\/2025\/07\/herbow_logo_hun_2021-01_w-slogan_no-background.png","width":2366,"height":1732,"caption":"Herbow International Zrt."},"image":{"@id":"https:\/\/herbow.eu\/#\/schema\/logo\/image\/"},"sameAs":["https:\/\/www.facebook.com\/herbowmosodioslabda\/","https:\/\/www.instagram.com\/herbowmosodioslabda\/"]}]}},"jetpack_likes_enabled":true,"jetpack_sharing_enabled":true,"_links":{"self":[{"href":"https:\/\/herbow.eu\/nl\/wp-json\/wp\/v2\/product\/1006","targetHints":{"allow":["GET"]}}],"collection":[{"href":"https:\/\/herbow.eu\/nl\/wp-json\/wp\/v2\/product"}],"about":[{"href":"https:\/\/herbow.eu\/nl\/wp-json\/wp\/v2\/types\/product"}],"replies":[{"embeddable":true,"href":"https:\/\/herbow.eu\/nl\/wp-json\/wp\/v2\/comments?post=1006"}],"wp:featuredmedia":[{"embeddable":true,"href":"https:\/\/herbow.eu\/nl\/wp-json\/wp\/v2\/media\/889"}],"wp:attachment":[{"href":"https:\/\/herbow.eu\/nl\/wp-json\/wp\/v2\/media?parent=1006"}],"wp:term":[{"taxonomy":"product_brand","embeddable":true,"href":"https:\/\/herbow.eu\/nl\/wp-json\/wp\/v2\/product_brand?post=1006"},{"taxonomy":"product_cat","embeddable":true,"href":"https:\/\/herbow.eu\/nl\/wp-json\/wp\/v2\/product_cat?post=1006"},{"taxonomy":"product_tag","embeddable":true,"href":"https:\/\/herbow.eu\/nl\/wp-json\/wp\/v2\/product_tag?post=1006"}],"curies":[{"name":"wp","href":"https:\/\/api.w.org\/{rel}","templated":true}]}}