{"id":1242,"date":"2025-11-21T14:35:29","date_gmt":"2025-11-21T13:35:29","guid":{"rendered":"https:\/\/herbow.eu\/?post_type=product&#038;p=1242"},"modified":"2026-03-17T10:58:47","modified_gmt":"2026-03-17T09:58:47","slug":"herbow-3in1-profumo-per-bucato-tunder-baby-200-ml","status":"publish","type":"product","link":"https:\/\/herbow.eu\/it\/product\/herbow-3in1-mosoparfum-tunder-baba-200-ml\/","title":{"rendered":"Herbow 3in1 Lavaggio Profumo Fata del Bambino"},"content":{"rendered":"<p>Il profumo di Fairy Doll evoca un delicato equilibrio di purezza e cura. La fragranza fresca e naturale della camomilla crea un'atmosfera morbida e tranquilla che permea i capi appena lavati e permane a lungo. \u00c8 calmante e rassicurante, come se il mondo rallentasse per un momento a ogni lavaggio. I profumi per bucato Herbow 3in1 sono una nuova generazione di ammorbidenti che combinano il potere della natura e della tecnologia moderna in un'unica formula. La loro innovativa formulazione HerbTech 3in1 combina il potere del profumo per bucato, del deodorante per tessuti e dell'ammorbidente per lasciare i capi non solo profumati a lungo, ma anche morbidi, facili da maneggiare e piacevoli al tatto.<\/p>\n<p>Ingredienti delicati e di origine vegetale nutrono i tessuti preservandone la naturale assorbenza. Dopo ogni lavaggio, i capi rimangono con una fragranza fresca e naturale e una morbidezza duratura, senza danneggiare la pelle o l'ambiente. Il profumo per bucato Herbow 3in1 \u00e8 una soluzione semplice, consapevole ed efficace per chi cerca un pulito naturale senza compromessi. La fragranza Fairy Baby persiste a lungo nei tessuti, restituendo un senso di cura, pace e sicurezza a ogni lavaggio.<\/p>\n<p>Utilizzare 5 ml (mezzo tappo) per ogni lavaggio; se si desidera una fragranza pi\u00f9 intensa, aumentare la dose di qualche millilitro.<\/p>","protected":false},"excerpt":{"rendered":"<p>A <strong>Profumo di lavaggio Herbow 3in1 - Fairy Baby<\/strong> La camomilla dona un senso di cura e di calma con il suo profumo delicato e pulito. Innovativo <strong>HerbTech 3in1<\/strong> La formula combina fragranza per il bucato, deodorante e ammorbidente per lasciare i capi non solo profumati, ma anche morbidi e freschi pi\u00f9 a lungo.<\/p>","protected":false},"featured_media":1146,"comment_status":"open","ping_status":"closed","template":"","meta":[],"product_brand":[1397],"product_cat":[1491],"product_tag":[1496,1493,1501,1409,1492,1495,1506,1504,1502,1507,1511,1510,1414,1499,1500,1505,1508,1509,1494,1497,1498,1503],"class_list":{"0":"post-1242","1":"product","2":"type-product","3":"status-publish","4":"has-post-thumbnail","6":"product_brand-herbow","7":"product_cat-3in1-mosoparfum-oblito-koncentratum","8":"product_tag-3in1-formula","9":"product_tag-3in1-mosoparfum","10":"product_tag-oko-oblito-alternativa","11":"product_tag-herbow","12":"product_tag-herbow-3in1","13":"product_tag-herbtech-3in1","14":"product_tag-hosszan-tarto-illat","15":"product_tag-illatos-ruhak","16":"product_tag-kornyezetbarat-mosas","17":"product_tag-koncentralt-mosoparfum","18":"product_tag-mosodio-melle-kiegeszito","19":"product_tag-mosogel-melle-kiegeszito","20":"product_tag-mosoparfum","21":"product_tag-novenyi-alapu-textilapolo","22":"product_tag-novenyi-eredetu-osszetevok","23":"product_tag-puha-ruhak","24":"product_tag-ruhaillatosito","25":"product_tag-szines-es-feher-ruhakhoz","26":"product_tag-textiloblito-koncentratum","27":"product_tag-textilfrissito","28":"product_tag-textillagyito","29":"product_tag-tudatos-haztartas","31":"first","32":"instock","33":"taxable","34":"shipping-taxable","35":"product-type-variable"},"yoast_head":"<!-- This site is optimized with the Yoast SEO plugin v27.4 - https:\/\/yoast.com\/product\/yoast-seo-wordpress\/ -->\n<title>Herbow 3in1 Mos\u00f3parf\u00fcm T\u00fcnd\u00e9r Baba - Herbow | International<\/title>\n<meta name=\"description\" content=\"A Herbow 3in1 Mos\u00f3parf\u00fcm \u2013 T\u00fcnd\u00e9r Baba a kamilla finom, tiszta illat\u00e1val a gondoskod\u00e1s \u00e9s a nyugalom \u00e9rz\u00e9s\u00e9t hozza el. Innovat\u00edv HerbTech 3in1 formul\u00e1ja egyes\u00edti a mos\u00f3parf\u00fcm, textilfriss\u00edt\u0151 \u00e9s textill\u00e1gy\u00edt\u00f3 hat\u00e1s\u00e1t, hogy a ruha ne csak illatos, hanem l\u00e1gy \u00e9s hosszan friss maradjon.\" \/>\n<meta name=\"robots\" content=\"index, follow, max-snippet:-1, max-image-preview:large, max-video-preview:-1\" \/>\n<link rel=\"canonical\" href=\"https:\/\/herbow.eu\/it\/product\/herbow-3in1-profumo-per-bucato-tunder-baby-200-ml\/\" \/>\n<meta property=\"og:locale\" content=\"it_IT\" \/>\n<meta property=\"og:type\" content=\"article\" \/>\n<meta property=\"og:title\" content=\"Herbow 3in1 Mos\u00f3parf\u00fcm T\u00fcnd\u00e9r Baba - Herbow | International\" \/>\n<meta property=\"og:description\" content=\"A Herbow 3in1 Mos\u00f3parf\u00fcm \u2013 T\u00fcnd\u00e9r Baba a kamilla finom, tiszta illat\u00e1val a gondoskod\u00e1s \u00e9s a nyugalom \u00e9rz\u00e9s\u00e9t hozza el. Innovat\u00edv HerbTech 3in1 formul\u00e1ja egyes\u00edti a mos\u00f3parf\u00fcm, textilfriss\u00edt\u0151 \u00e9s textill\u00e1gy\u00edt\u00f3 hat\u00e1s\u00e1t, hogy a ruha ne csak illatos, hanem l\u00e1gy \u00e9s hosszan friss maradjon.\" \/>\n<meta property=\"og:url\" content=\"https:\/\/herbow.eu\/it\/product\/herbow-3in1-profumo-per-bucato-tunder-baby-200-ml\/\" \/>\n<meta property=\"og:site_name\" content=\"Herbow | International\" \/>\n<meta property=\"article:publisher\" content=\"https:\/\/www.facebook.com\/herbowmosodioslabda\/\" \/>\n<meta property=\"article:modified_time\" content=\"2026-03-17T09:58:47+00:00\" \/>\n<meta property=\"og:image\" content=\"https:\/\/herbow.eu\/wp-content\/uploads\/2025\/11\/Woo_base_2000x2000_47432_3in1_Fairy_Baby_200ml-copy.png\" \/>\n\t<meta property=\"og:image:width\" content=\"2000\" \/>\n\t<meta property=\"og:image:height\" content=\"2000\" \/>\n\t<meta property=\"og:image:type\" content=\"image\/png\" \/>\n<meta name=\"twitter:card\" content=\"summary_large_image\" \/>\n<meta name=\"twitter:label1\" content=\"Tempo di lettura stimato\" \/>\n\t<meta name=\"twitter:data1\" content=\"2 minuti\" \/>\n<script type=\"application\/ld+json\" class=\"yoast-schema-graph\">{\"@context\":\"https:\\\/\\\/schema.org\",\"@graph\":[{\"@type\":\"WebPage\",\"@id\":\"https:\\\/\\\/herbow.eu\\\/product\\\/herbow-3in1-mosoparfum-tunder-baba-200-ml\\\/\",\"url\":\"https:\\\/\\\/herbow.eu\\\/product\\\/herbow-3in1-mosoparfum-tunder-baba-200-ml\\\/\",\"name\":\"Herbow 3in1 Mos\u00f3parf\u00fcm T\u00fcnd\u00e9r Baba - Herbow | International\",\"isPartOf\":{\"@id\":\"https:\\\/\\\/herbow.eu\\\/#website\"},\"primaryImageOfPage\":{\"@id\":\"https:\\\/\\\/herbow.eu\\\/product\\\/herbow-3in1-mosoparfum-tunder-baba-200-ml\\\/#primaryimage\"},\"image\":{\"@id\":\"https:\\\/\\\/herbow.eu\\\/product\\\/herbow-3in1-mosoparfum-tunder-baba-200-ml\\\/#primaryimage\"},\"thumbnailUrl\":\"https:\\\/\\\/herbow.eu\\\/wp-content\\\/uploads\\\/2025\\\/11\\\/Woo_base_2000x2000_47432_3in1_Fairy_Baby_200ml-copy.png\",\"datePublished\":\"2025-11-21T13:35:29+00:00\",\"dateModified\":\"2026-03-17T09:58:47+00:00\",\"description\":\"A Herbow 3in1 Mos\u00f3parf\u00fcm \u2013 T\u00fcnd\u00e9r Baba a kamilla finom, tiszta illat\u00e1val a gondoskod\u00e1s \u00e9s a nyugalom \u00e9rz\u00e9s\u00e9t hozza el. Innovat\u00edv HerbTech 3in1 formul\u00e1ja egyes\u00edti a mos\u00f3parf\u00fcm, textilfriss\u00edt\u0151 \u00e9s textill\u00e1gy\u00edt\u00f3 hat\u00e1s\u00e1t, hogy a ruha ne csak illatos, hanem l\u00e1gy \u00e9s hosszan friss maradjon.\",\"breadcrumb\":{\"@id\":\"https:\\\/\\\/herbow.eu\\\/product\\\/herbow-3in1-mosoparfum-tunder-baba-200-ml\\\/#breadcrumb\"},\"inLanguage\":\"it-IT\",\"potentialAction\":[{\"@type\":\"ReadAction\",\"target\":[\"https:\\\/\\\/herbow.eu\\\/product\\\/herbow-3in1-mosoparfum-tunder-baba-200-ml\\\/\"]}]},{\"@type\":\"ImageObject\",\"inLanguage\":\"it-IT\",\"@id\":\"https:\\\/\\\/herbow.eu\\\/product\\\/herbow-3in1-mosoparfum-tunder-baba-200-ml\\\/#primaryimage\",\"url\":\"https:\\\/\\\/herbow.eu\\\/wp-content\\\/uploads\\\/2025\\\/11\\\/Woo_base_2000x2000_47432_3in1_Fairy_Baby_200ml-copy.png\",\"contentUrl\":\"https:\\\/\\\/herbow.eu\\\/wp-content\\\/uploads\\\/2025\\\/11\\\/Woo_base_2000x2000_47432_3in1_Fairy_Baby_200ml-copy.png\",\"width\":2000,\"height\":2000},{\"@type\":\"BreadcrumbList\",\"@id\":\"https:\\\/\\\/herbow.eu\\\/product\\\/herbow-3in1-mosoparfum-tunder-baba-200-ml\\\/#breadcrumb\",\"itemListElement\":[{\"@type\":\"ListItem\",\"position\":1,\"name\":\"Kezd\u0151lap\",\"item\":\"https:\\\/\\\/herbow.eu\\\/\"},{\"@type\":\"ListItem\",\"position\":2,\"name\":\"Shop\",\"item\":\"https:\\\/\\\/herbow.eu\\\/shop\\\/\"},{\"@type\":\"ListItem\",\"position\":3,\"name\":\"Herbow 3in1 Mos\u00f3parf\u00fcm T\u00fcnd\u00e9r Baba\"}]},{\"@type\":\"WebSite\",\"@id\":\"https:\\\/\\\/herbow.eu\\\/#website\",\"url\":\"https:\\\/\\\/herbow.eu\\\/\",\"name\":\"Herbow | Herbal Organic World\",\"description\":\"Herbal Organic World\",\"publisher\":{\"@id\":\"https:\\\/\\\/herbow.eu\\\/#organization\"},\"potentialAction\":[{\"@type\":\"SearchAction\",\"target\":{\"@type\":\"EntryPoint\",\"urlTemplate\":\"https:\\\/\\\/herbow.eu\\\/?s={search_term_string}\"},\"query-input\":{\"@type\":\"PropertyValueSpecification\",\"valueRequired\":true,\"valueName\":\"search_term_string\"}}],\"inLanguage\":\"it-IT\"},{\"@type\":\"Organization\",\"@id\":\"https:\\\/\\\/herbow.eu\\\/#organization\",\"name\":\"Herbow International Zrt.\",\"url\":\"https:\\\/\\\/herbow.eu\\\/\",\"logo\":{\"@type\":\"ImageObject\",\"inLanguage\":\"it-IT\",\"@id\":\"https:\\\/\\\/herbow.eu\\\/#\\\/schema\\\/logo\\\/image\\\/\",\"url\":\"https:\\\/\\\/herbow.eu\\\/wp-content\\\/uploads\\\/2025\\\/07\\\/herbow_logo_hun_2021-01_w-slogan_no-background.png\",\"contentUrl\":\"https:\\\/\\\/herbow.eu\\\/wp-content\\\/uploads\\\/2025\\\/07\\\/herbow_logo_hun_2021-01_w-slogan_no-background.png\",\"width\":2366,\"height\":1732,\"caption\":\"Herbow International Zrt.\"},\"image\":{\"@id\":\"https:\\\/\\\/herbow.eu\\\/#\\\/schema\\\/logo\\\/image\\\/\"},\"sameAs\":[\"https:\\\/\\\/www.facebook.com\\\/herbowmosodioslabda\\\/\",\"https:\\\/\\\/www.instagram.com\\\/herbowmosodioslabda\\\/\"]}]}<\/script>\n<!-- \/ Yoast SEO plugin. -->","yoast_head_json":{"title":"Herbow 3in1 Wash Perfume Fairy Baby - Herbow | Internazionale","description":"Herbow 3in1 Wash Perfume - Fairy Baby dona un senso di cura e calma con il delicato profumo di camomilla. L'innovativa formula 3in1 di HerbTech combina i benefici di un profumo per il bucato, di un deodorante e di un ammorbidente per lasciare i capi non solo profumati, ma anche morbidi e freschi pi\u00f9 a lungo.","robots":{"index":"index","follow":"follow","max-snippet":"max-snippet:-1","max-image-preview":"max-image-preview:large","max-video-preview":"max-video-preview:-1"},"canonical":"https:\/\/herbow.eu\/it\/product\/herbow-3in1-profumo-per-bucato-tunder-baby-200-ml\/","og_locale":"it_IT","og_type":"article","og_title":"Herbow 3in1 Mos\u00f3parf\u00fcm T\u00fcnd\u00e9r Baba - Herbow | International","og_description":"A Herbow 3in1 Mos\u00f3parf\u00fcm \u2013 T\u00fcnd\u00e9r Baba a kamilla finom, tiszta illat\u00e1val a gondoskod\u00e1s \u00e9s a nyugalom \u00e9rz\u00e9s\u00e9t hozza el. Innovat\u00edv HerbTech 3in1 formul\u00e1ja egyes\u00edti a mos\u00f3parf\u00fcm, textilfriss\u00edt\u0151 \u00e9s textill\u00e1gy\u00edt\u00f3 hat\u00e1s\u00e1t, hogy a ruha ne csak illatos, hanem l\u00e1gy \u00e9s hosszan friss maradjon.","og_url":"https:\/\/herbow.eu\/it\/product\/herbow-3in1-profumo-per-bucato-tunder-baby-200-ml\/","og_site_name":"Herbow | International","article_publisher":"https:\/\/www.facebook.com\/herbowmosodioslabda\/","article_modified_time":"2026-03-17T09:58:47+00:00","og_image":[{"width":2000,"height":2000,"url":"https:\/\/herbow.eu\/wp-content\/uploads\/2025\/11\/Woo_base_2000x2000_47432_3in1_Fairy_Baby_200ml-copy.png","type":"image\/png"}],"twitter_card":"summary_large_image","twitter_misc":{"Tempo di lettura stimato":"2 minuti"},"schema":{"@context":"https:\/\/schema.org","@graph":[{"@type":"WebPage","@id":"https:\/\/herbow.eu\/product\/herbow-3in1-mosoparfum-tunder-baba-200-ml\/","url":"https:\/\/herbow.eu\/product\/herbow-3in1-mosoparfum-tunder-baba-200-ml\/","name":"Herbow 3in1 Wash Perfume Fairy Baby - Herbow | Internazionale","isPartOf":{"@id":"https:\/\/herbow.eu\/#website"},"primaryImageOfPage":{"@id":"https:\/\/herbow.eu\/product\/herbow-3in1-mosoparfum-tunder-baba-200-ml\/#primaryimage"},"image":{"@id":"https:\/\/herbow.eu\/product\/herbow-3in1-mosoparfum-tunder-baba-200-ml\/#primaryimage"},"thumbnailUrl":"https:\/\/herbow.eu\/wp-content\/uploads\/2025\/11\/Woo_base_2000x2000_47432_3in1_Fairy_Baby_200ml-copy.png","datePublished":"2025-11-21T13:35:29+00:00","dateModified":"2026-03-17T09:58:47+00:00","description":"Herbow 3in1 Wash Perfume - Fairy Baby dona un senso di cura e calma con il delicato profumo di camomilla. L'innovativa formula 3in1 di HerbTech combina i benefici di un profumo per il bucato, di un deodorante e di un ammorbidente per lasciare i capi non solo profumati, ma anche morbidi e freschi pi\u00f9 a lungo.","breadcrumb":{"@id":"https:\/\/herbow.eu\/product\/herbow-3in1-mosoparfum-tunder-baba-200-ml\/#breadcrumb"},"inLanguage":"it-IT","potentialAction":[{"@type":"ReadAction","target":["https:\/\/herbow.eu\/product\/herbow-3in1-mosoparfum-tunder-baba-200-ml\/"]}]},{"@type":"ImageObject","inLanguage":"it-IT","@id":"https:\/\/herbow.eu\/product\/herbow-3in1-mosoparfum-tunder-baba-200-ml\/#primaryimage","url":"https:\/\/herbow.eu\/wp-content\/uploads\/2025\/11\/Woo_base_2000x2000_47432_3in1_Fairy_Baby_200ml-copy.png","contentUrl":"https:\/\/herbow.eu\/wp-content\/uploads\/2025\/11\/Woo_base_2000x2000_47432_3in1_Fairy_Baby_200ml-copy.png","width":2000,"height":2000},{"@type":"BreadcrumbList","@id":"https:\/\/herbow.eu\/product\/herbow-3in1-mosoparfum-tunder-baba-200-ml\/#breadcrumb","itemListElement":[{"@type":"ListItem","position":1,"name":"Kezd\u0151lap","item":"https:\/\/herbow.eu\/"},{"@type":"ListItem","position":2,"name":"Shop","item":"https:\/\/herbow.eu\/shop\/"},{"@type":"ListItem","position":3,"name":"Herbow 3in1 Mos\u00f3parf\u00fcm T\u00fcnd\u00e9r Baba"}]},{"@type":"WebSite","@id":"https:\/\/herbow.eu\/#website","url":"https:\/\/herbow.eu\/","name":"Herbow | Mondo Biologico Erboristico","description":"Mondo Biologico Erboristico","publisher":{"@id":"https:\/\/herbow.eu\/#organization"},"potentialAction":[{"@type":"SearchAction","target":{"@type":"EntryPoint","urlTemplate":"https:\/\/herbow.eu\/?s={search_term_string}"},"query-input":{"@type":"PropertyValueSpecification","valueRequired":true,"valueName":"search_term_string"}}],"inLanguage":"it-IT"},{"@type":"Organization","@id":"https:\/\/herbow.eu\/#organization","name":"Herbow International Zrt.","url":"https:\/\/herbow.eu\/","logo":{"@type":"ImageObject","inLanguage":"it-IT","@id":"https:\/\/herbow.eu\/#\/schema\/logo\/image\/","url":"https:\/\/herbow.eu\/wp-content\/uploads\/2025\/07\/herbow_logo_hun_2021-01_w-slogan_no-background.png","contentUrl":"https:\/\/herbow.eu\/wp-content\/uploads\/2025\/07\/herbow_logo_hun_2021-01_w-slogan_no-background.png","width":2366,"height":1732,"caption":"Herbow International Zrt."},"image":{"@id":"https:\/\/herbow.eu\/#\/schema\/logo\/image\/"},"sameAs":["https:\/\/www.facebook.com\/herbowmosodioslabda\/","https:\/\/www.instagram.com\/herbowmosodioslabda\/"]}]}},"jetpack_likes_enabled":true,"jetpack_sharing_enabled":true,"_links":{"self":[{"href":"https:\/\/herbow.eu\/it\/wp-json\/wp\/v2\/product\/1242","targetHints":{"allow":["GET"]}}],"collection":[{"href":"https:\/\/herbow.eu\/it\/wp-json\/wp\/v2\/product"}],"about":[{"href":"https:\/\/herbow.eu\/it\/wp-json\/wp\/v2\/types\/product"}],"replies":[{"embeddable":true,"href":"https:\/\/herbow.eu\/it\/wp-json\/wp\/v2\/comments?post=1242"}],"wp:featuredmedia":[{"embeddable":true,"href":"https:\/\/herbow.eu\/it\/wp-json\/wp\/v2\/media\/1146"}],"wp:attachment":[{"href":"https:\/\/herbow.eu\/it\/wp-json\/wp\/v2\/media?parent=1242"}],"wp:term":[{"taxonomy":"product_brand","embeddable":true,"href":"https:\/\/herbow.eu\/it\/wp-json\/wp\/v2\/product_brand?post=1242"},{"taxonomy":"product_cat","embeddable":true,"href":"https:\/\/herbow.eu\/it\/wp-json\/wp\/v2\/product_cat?post=1242"},{"taxonomy":"product_tag","embeddable":true,"href":"https:\/\/herbow.eu\/it\/wp-json\/wp\/v2\/product_tag?post=1242"}],"curies":[{"name":"wp","href":"https:\/\/api.w.org\/{rel}","templated":true}]}}