{"id":1026,"date":"2025-08-18T11:05:56","date_gmt":"2025-08-18T09:05:56","guid":{"rendered":"https:\/\/herbow.eu\/product\/herbow-gepi-mosogatoszer-orange-illattal-750ml\/"},"modified":"2026-03-17T10:58:20","modified_gmt":"2026-03-17T09:58:20","slug":"sapone-per-piatti-herbow-gepi-al-profumo-di-arancia","status":"publish","type":"product","link":"https:\/\/herbow.eu\/it\/product\/herbow-gepi-mosogatoszer-orange-illattal\/","title":{"rendered":"Herbow Machine Detergente Super Concentrato Arancione 750 ml"},"content":{"rendered":"<p>Il detersivo per lavastoviglie Herbow con fragranza all'arancia \u00e8 una formula premium superconcentrata che combina estratto di noce lavante ed enzimi vegetali per fornire un'azione sgrassante e pulente superiore. La sua formula a schiuma controllata si adatta a tutte le durezze dell'acqua, rendendone sicuro l'uso in macchine con addolcitori. La formula si scioglie rapidamente e agisce fin dall'inizio del ciclo di lavaggio, senza lasciare residui sulle stoviglie o all'interno della macchina. I suoi ingredienti di origine naturale sono delicati ma efficaci nel rimuovere i residui di cibo e lo sporco grasso.<\/p>\n<p>Il profumo fresco e leggermente agrumato dell'arancia d\u00e0 un senso di pulizia senza essere troppo forte. I detergenti Herbow sono privi di fosfati, EDTA e cloro, non contengono coloranti artificiali e sono biodegradabili. Formula vegana che offre una pulizia senza compromessi e protegge l'ambiente. La confezione in schiuma premium facilita l'erogazione precisa e l'uso economico.<\/p>\n<p>Dosaggio consigliato:<\/p>\n<ul>\n<li>Per tutti i tipi di lavastoviglie (compresi i modelli con 9-12-15 coperti e gli addolcitori d'acqua), il dosaggio consigliato \u00e8 di 10-20 ml, a seconda del livello di sporco.<\/li>\n<li>Non aggiungere una quantit\u00e0 superiore a quella prescritta, poich\u00e9 un sovradosaggio di addolcitore d'acqua domestico pu\u00f2 causare un'eruzione cutanea! Per ottenere un buon risultato di pulizia, verificare che la lavastoviglie sia piena di detersivo per piatti.<\/li>\n<li>Quando si utilizza il detersivo per piatti Herbow Super Concentrato, non \u00e8 necessario il sale rigenerante.<\/li>\n<\/ul>\n<p>Suggerimento: si consiglia di pulire regolarmente la lavastoviglie una volta al mese per mantenere l'efficienza a lungo termine.<\/p>","protected":false},"excerpt":{"rendered":"<p>Detergente per lavastoviglie con estratto naturale di noce lavante ed enzimi vegetali che rimuove efficacemente le macchie grasse e ostinate proteggendo la lavastoviglie e l'ambiente.<\/p>\n<p>Capacit\u00e0: 750 ml<\/p>","protected":false},"featured_media":867,"comment_status":"open","ping_status":"closed","template":"","meta":[],"product_brand":[1397],"product_cat":[1490,1400],"product_tag":[],"class_list":{"0":"post-1026","1":"product","2":"type-product","3":"status-publish","4":"has-post-thumbnail","6":"product_brand-herbow","7":"product_cat-gepi-mosogatoszer","8":"product_cat-folyekony-mosogatoszer","10":"first","11":"instock","12":"taxable","13":"shipping-taxable","14":"product-type-simple"},"yoast_head":"<!-- This site is optimized with the Yoast SEO plugin v27.4 - https:\/\/yoast.com\/product\/yoast-seo-wordpress\/ -->\n<title>Herbow G\u00e9pi Mosogat\u00f3szer Szuper Koncentr\u00e1tum Narancs illattal 750 ml - Herbow | International<\/title>\n<meta name=\"description\" content=\"Term\u00e9szetes mos\u00f3di\u00f3-extraktummal \u00e9s n\u00f6v\u00e9nyi enzimekkel k\u00e9sz\u00fclt g\u00e9pi mosogat\u00f3szer, amely hat\u00e9konyan t\u00e1vol\u00edtja el a zs\u00edros \u00e9s makacs szennyez\u0151d\u00e9seket, mik\u00f6zben k\u00edm\u00e9li a mosogat\u00f3g\u00e9pet \u00e9s a k\u00f6rnyezetet.\" \/>\n<meta name=\"robots\" content=\"index, follow, max-snippet:-1, max-image-preview:large, max-video-preview:-1\" \/>\n<link rel=\"canonical\" href=\"https:\/\/herbow.eu\/it\/product\/sapone-per-piatti-herbow-gepi-al-profumo-di-arancia\/\" \/>\n<meta property=\"og:locale\" content=\"it_IT\" \/>\n<meta property=\"og:type\" content=\"article\" \/>\n<meta property=\"og:title\" content=\"Herbow G\u00e9pi Mosogat\u00f3szer Szuper Koncentr\u00e1tum Narancs illattal 750 ml - Herbow | International\" \/>\n<meta property=\"og:description\" content=\"Term\u00e9szetes mos\u00f3di\u00f3-extraktummal \u00e9s n\u00f6v\u00e9nyi enzimekkel k\u00e9sz\u00fclt g\u00e9pi mosogat\u00f3szer, amely hat\u00e9konyan t\u00e1vol\u00edtja el a zs\u00edros \u00e9s makacs szennyez\u0151d\u00e9seket, mik\u00f6zben k\u00edm\u00e9li a mosogat\u00f3g\u00e9pet \u00e9s a k\u00f6rnyezetet.\" \/>\n<meta property=\"og:url\" content=\"https:\/\/herbow.eu\/it\/product\/sapone-per-piatti-herbow-gepi-al-profumo-di-arancia\/\" \/>\n<meta property=\"og:site_name\" content=\"Herbow | International\" \/>\n<meta property=\"article:publisher\" content=\"https:\/\/www.facebook.com\/herbowmosodioslabda\/\" \/>\n<meta property=\"article:modified_time\" content=\"2026-03-17T09:58:20+00:00\" \/>\n<meta property=\"og:image\" content=\"https:\/\/herbow.eu\/wp-content\/uploads\/2025\/08\/herbow_gepi_mosogatoszer_750ml_120x240_v8_redesign_uj_narancs_illat.png\" \/>\n\t<meta property=\"og:image:width\" content=\"2000\" \/>\n\t<meta property=\"og:image:height\" content=\"2000\" \/>\n\t<meta property=\"og:image:type\" content=\"image\/png\" \/>\n<meta name=\"twitter:card\" content=\"summary_large_image\" \/>\n<meta name=\"twitter:label1\" content=\"Tempo di lettura stimato\" \/>\n\t<meta name=\"twitter:data1\" content=\"2 minuti\" \/>\n<script type=\"application\/ld+json\" class=\"yoast-schema-graph\">{\"@context\":\"https:\\\/\\\/schema.org\",\"@graph\":[{\"@type\":\"WebPage\",\"@id\":\"https:\\\/\\\/herbow.eu\\\/product\\\/herbow-gepi-mosogatoszer-orange-illattal\\\/\",\"url\":\"https:\\\/\\\/herbow.eu\\\/product\\\/herbow-gepi-mosogatoszer-orange-illattal\\\/\",\"name\":\"Herbow G\u00e9pi Mosogat\u00f3szer Szuper Koncentr\u00e1tum Narancs illattal 750 ml - Herbow | International\",\"isPartOf\":{\"@id\":\"https:\\\/\\\/herbow.eu\\\/#website\"},\"primaryImageOfPage\":{\"@id\":\"https:\\\/\\\/herbow.eu\\\/product\\\/herbow-gepi-mosogatoszer-orange-illattal\\\/#primaryimage\"},\"image\":{\"@id\":\"https:\\\/\\\/herbow.eu\\\/product\\\/herbow-gepi-mosogatoszer-orange-illattal\\\/#primaryimage\"},\"thumbnailUrl\":\"https:\\\/\\\/herbow.eu\\\/wp-content\\\/uploads\\\/2025\\\/08\\\/herbow_gepi_mosogatoszer_750ml_120x240_v8_redesign_uj_narancs_illat.png\",\"datePublished\":\"2025-08-18T09:05:56+00:00\",\"dateModified\":\"2026-03-17T09:58:20+00:00\",\"description\":\"Term\u00e9szetes mos\u00f3di\u00f3-extraktummal \u00e9s n\u00f6v\u00e9nyi enzimekkel k\u00e9sz\u00fclt g\u00e9pi mosogat\u00f3szer, amely hat\u00e9konyan t\u00e1vol\u00edtja el a zs\u00edros \u00e9s makacs szennyez\u0151d\u00e9seket, mik\u00f6zben k\u00edm\u00e9li a mosogat\u00f3g\u00e9pet \u00e9s a k\u00f6rnyezetet.\",\"breadcrumb\":{\"@id\":\"https:\\\/\\\/herbow.eu\\\/product\\\/herbow-gepi-mosogatoszer-orange-illattal\\\/#breadcrumb\"},\"inLanguage\":\"it-IT\",\"potentialAction\":[{\"@type\":\"ReadAction\",\"target\":[\"https:\\\/\\\/herbow.eu\\\/product\\\/herbow-gepi-mosogatoszer-orange-illattal\\\/\"]}]},{\"@type\":\"ImageObject\",\"inLanguage\":\"it-IT\",\"@id\":\"https:\\\/\\\/herbow.eu\\\/product\\\/herbow-gepi-mosogatoszer-orange-illattal\\\/#primaryimage\",\"url\":\"https:\\\/\\\/herbow.eu\\\/wp-content\\\/uploads\\\/2025\\\/08\\\/herbow_gepi_mosogatoszer_750ml_120x240_v8_redesign_uj_narancs_illat.png\",\"contentUrl\":\"https:\\\/\\\/herbow.eu\\\/wp-content\\\/uploads\\\/2025\\\/08\\\/herbow_gepi_mosogatoszer_750ml_120x240_v8_redesign_uj_narancs_illat.png\",\"width\":2000,\"height\":2000},{\"@type\":\"BreadcrumbList\",\"@id\":\"https:\\\/\\\/herbow.eu\\\/product\\\/herbow-gepi-mosogatoszer-orange-illattal\\\/#breadcrumb\",\"itemListElement\":[{\"@type\":\"ListItem\",\"position\":1,\"name\":\"Kezd\u0151lap\",\"item\":\"https:\\\/\\\/herbow.eu\\\/\"},{\"@type\":\"ListItem\",\"position\":2,\"name\":\"Shop\",\"item\":\"https:\\\/\\\/herbow.eu\\\/shop\\\/\"},{\"@type\":\"ListItem\",\"position\":3,\"name\":\"Herbow G\u00e9pi Mosogat\u00f3szer Szuper Koncentr\u00e1tum Narancs illattal 750 ml\"}]},{\"@type\":\"WebSite\",\"@id\":\"https:\\\/\\\/herbow.eu\\\/#website\",\"url\":\"https:\\\/\\\/herbow.eu\\\/\",\"name\":\"Herbow | Herbal Organic World\",\"description\":\"Herbal Organic World\",\"publisher\":{\"@id\":\"https:\\\/\\\/herbow.eu\\\/#organization\"},\"potentialAction\":[{\"@type\":\"SearchAction\",\"target\":{\"@type\":\"EntryPoint\",\"urlTemplate\":\"https:\\\/\\\/herbow.eu\\\/?s={search_term_string}\"},\"query-input\":{\"@type\":\"PropertyValueSpecification\",\"valueRequired\":true,\"valueName\":\"search_term_string\"}}],\"inLanguage\":\"it-IT\"},{\"@type\":\"Organization\",\"@id\":\"https:\\\/\\\/herbow.eu\\\/#organization\",\"name\":\"Herbow International Zrt.\",\"url\":\"https:\\\/\\\/herbow.eu\\\/\",\"logo\":{\"@type\":\"ImageObject\",\"inLanguage\":\"it-IT\",\"@id\":\"https:\\\/\\\/herbow.eu\\\/#\\\/schema\\\/logo\\\/image\\\/\",\"url\":\"https:\\\/\\\/herbow.eu\\\/wp-content\\\/uploads\\\/2025\\\/07\\\/herbow_logo_hun_2021-01_w-slogan_no-background.png\",\"contentUrl\":\"https:\\\/\\\/herbow.eu\\\/wp-content\\\/uploads\\\/2025\\\/07\\\/herbow_logo_hun_2021-01_w-slogan_no-background.png\",\"width\":2366,\"height\":1732,\"caption\":\"Herbow International Zrt.\"},\"image\":{\"@id\":\"https:\\\/\\\/herbow.eu\\\/#\\\/schema\\\/logo\\\/image\\\/\"},\"sameAs\":[\"https:\\\/\\\/www.facebook.com\\\/herbowmosodioslabda\\\/\",\"https:\\\/\\\/www.instagram.com\\\/herbowmosodioslabda\\\/\"]}]}<\/script>\n<!-- \/ Yoast SEO plugin. -->","yoast_head_json":{"title":"Herbow Machine Detergente Super Concentrato Arancione 750 ml - Herbow | Internazionale","description":"Detergente per lavastoviglie con estratto naturale di noce lavante ed enzimi vegetali che rimuove efficacemente le macchie grasse e ostinate proteggendo la lavastoviglie e l'ambiente.","robots":{"index":"index","follow":"follow","max-snippet":"max-snippet:-1","max-image-preview":"max-image-preview:large","max-video-preview":"max-video-preview:-1"},"canonical":"https:\/\/herbow.eu\/it\/product\/sapone-per-piatti-herbow-gepi-al-profumo-di-arancia\/","og_locale":"it_IT","og_type":"article","og_title":"Herbow G\u00e9pi Mosogat\u00f3szer Szuper Koncentr\u00e1tum Narancs illattal 750 ml - Herbow | International","og_description":"Term\u00e9szetes mos\u00f3di\u00f3-extraktummal \u00e9s n\u00f6v\u00e9nyi enzimekkel k\u00e9sz\u00fclt g\u00e9pi mosogat\u00f3szer, amely hat\u00e9konyan t\u00e1vol\u00edtja el a zs\u00edros \u00e9s makacs szennyez\u0151d\u00e9seket, mik\u00f6zben k\u00edm\u00e9li a mosogat\u00f3g\u00e9pet \u00e9s a k\u00f6rnyezetet.","og_url":"https:\/\/herbow.eu\/it\/product\/sapone-per-piatti-herbow-gepi-al-profumo-di-arancia\/","og_site_name":"Herbow | International","article_publisher":"https:\/\/www.facebook.com\/herbowmosodioslabda\/","article_modified_time":"2026-03-17T09:58:20+00:00","og_image":[{"width":2000,"height":2000,"url":"https:\/\/herbow.eu\/wp-content\/uploads\/2025\/08\/herbow_gepi_mosogatoszer_750ml_120x240_v8_redesign_uj_narancs_illat.png","type":"image\/png"}],"twitter_card":"summary_large_image","twitter_misc":{"Tempo di lettura stimato":"2 minuti"},"schema":{"@context":"https:\/\/schema.org","@graph":[{"@type":"WebPage","@id":"https:\/\/herbow.eu\/product\/herbow-gepi-mosogatoszer-orange-illattal\/","url":"https:\/\/herbow.eu\/product\/herbow-gepi-mosogatoszer-orange-illattal\/","name":"Herbow Machine Detergente Super Concentrato Arancione 750 ml - Herbow | Internazionale","isPartOf":{"@id":"https:\/\/herbow.eu\/#website"},"primaryImageOfPage":{"@id":"https:\/\/herbow.eu\/product\/herbow-gepi-mosogatoszer-orange-illattal\/#primaryimage"},"image":{"@id":"https:\/\/herbow.eu\/product\/herbow-gepi-mosogatoszer-orange-illattal\/#primaryimage"},"thumbnailUrl":"https:\/\/herbow.eu\/wp-content\/uploads\/2025\/08\/herbow_gepi_mosogatoszer_750ml_120x240_v8_redesign_uj_narancs_illat.png","datePublished":"2025-08-18T09:05:56+00:00","dateModified":"2026-03-17T09:58:20+00:00","description":"Detergente per lavastoviglie con estratto naturale di noce lavante ed enzimi vegetali che rimuove efficacemente le macchie grasse e ostinate proteggendo la lavastoviglie e l'ambiente.","breadcrumb":{"@id":"https:\/\/herbow.eu\/product\/herbow-gepi-mosogatoszer-orange-illattal\/#breadcrumb"},"inLanguage":"it-IT","potentialAction":[{"@type":"ReadAction","target":["https:\/\/herbow.eu\/product\/herbow-gepi-mosogatoszer-orange-illattal\/"]}]},{"@type":"ImageObject","inLanguage":"it-IT","@id":"https:\/\/herbow.eu\/product\/herbow-gepi-mosogatoszer-orange-illattal\/#primaryimage","url":"https:\/\/herbow.eu\/wp-content\/uploads\/2025\/08\/herbow_gepi_mosogatoszer_750ml_120x240_v8_redesign_uj_narancs_illat.png","contentUrl":"https:\/\/herbow.eu\/wp-content\/uploads\/2025\/08\/herbow_gepi_mosogatoszer_750ml_120x240_v8_redesign_uj_narancs_illat.png","width":2000,"height":2000},{"@type":"BreadcrumbList","@id":"https:\/\/herbow.eu\/product\/herbow-gepi-mosogatoszer-orange-illattal\/#breadcrumb","itemListElement":[{"@type":"ListItem","position":1,"name":"Kezd\u0151lap","item":"https:\/\/herbow.eu\/"},{"@type":"ListItem","position":2,"name":"Shop","item":"https:\/\/herbow.eu\/shop\/"},{"@type":"ListItem","position":3,"name":"Herbow G\u00e9pi Mosogat\u00f3szer Szuper Koncentr\u00e1tum Narancs illattal 750 ml"}]},{"@type":"WebSite","@id":"https:\/\/herbow.eu\/#website","url":"https:\/\/herbow.eu\/","name":"Herbow | Mondo Biologico Erboristico","description":"Mondo Biologico Erboristico","publisher":{"@id":"https:\/\/herbow.eu\/#organization"},"potentialAction":[{"@type":"SearchAction","target":{"@type":"EntryPoint","urlTemplate":"https:\/\/herbow.eu\/?s={search_term_string}"},"query-input":{"@type":"PropertyValueSpecification","valueRequired":true,"valueName":"search_term_string"}}],"inLanguage":"it-IT"},{"@type":"Organization","@id":"https:\/\/herbow.eu\/#organization","name":"Herbow International Zrt.","url":"https:\/\/herbow.eu\/","logo":{"@type":"ImageObject","inLanguage":"it-IT","@id":"https:\/\/herbow.eu\/#\/schema\/logo\/image\/","url":"https:\/\/herbow.eu\/wp-content\/uploads\/2025\/07\/herbow_logo_hun_2021-01_w-slogan_no-background.png","contentUrl":"https:\/\/herbow.eu\/wp-content\/uploads\/2025\/07\/herbow_logo_hun_2021-01_w-slogan_no-background.png","width":2366,"height":1732,"caption":"Herbow International Zrt."},"image":{"@id":"https:\/\/herbow.eu\/#\/schema\/logo\/image\/"},"sameAs":["https:\/\/www.facebook.com\/herbowmosodioslabda\/","https:\/\/www.instagram.com\/herbowmosodioslabda\/"]}]}},"jetpack_likes_enabled":true,"jetpack_sharing_enabled":true,"_links":{"self":[{"href":"https:\/\/herbow.eu\/it\/wp-json\/wp\/v2\/product\/1026","targetHints":{"allow":["GET"]}}],"collection":[{"href":"https:\/\/herbow.eu\/it\/wp-json\/wp\/v2\/product"}],"about":[{"href":"https:\/\/herbow.eu\/it\/wp-json\/wp\/v2\/types\/product"}],"replies":[{"embeddable":true,"href":"https:\/\/herbow.eu\/it\/wp-json\/wp\/v2\/comments?post=1026"}],"wp:featuredmedia":[{"embeddable":true,"href":"https:\/\/herbow.eu\/it\/wp-json\/wp\/v2\/media\/867"}],"wp:attachment":[{"href":"https:\/\/herbow.eu\/it\/wp-json\/wp\/v2\/media?parent=1026"}],"wp:term":[{"taxonomy":"product_brand","embeddable":true,"href":"https:\/\/herbow.eu\/it\/wp-json\/wp\/v2\/product_brand?post=1026"},{"taxonomy":"product_cat","embeddable":true,"href":"https:\/\/herbow.eu\/it\/wp-json\/wp\/v2\/product_cat?post=1026"},{"taxonomy":"product_tag","embeddable":true,"href":"https:\/\/herbow.eu\/it\/wp-json\/wp\/v2\/product_tag?post=1026"}],"curies":[{"name":"wp","href":"https:\/\/api.w.org\/{rel}","templated":true}]}}