{"id":1025,"date":"2025-08-18T11:05:56","date_gmt":"2025-08-18T09:05:56","guid":{"rendered":"https:\/\/herbow.eu\/product\/herbow-gepi-mosogatoszer-natur-illattal-750ml\/"},"modified":"2026-03-17T10:58:19","modified_gmt":"2026-03-17T09:58:19","slug":"herbow-gepi-detersivo-per-piatti-con-profumo-naturale-750ml","status":"publish","type":"product","link":"https:\/\/herbow.eu\/it\/product\/herbow-gepi-mosogatoszer-natur-illattal-750ml\/","title":{"rendered":"Herbow Detergente Super Concentrato al Profumo Naturale 750 ml"},"content":{"rendered":"<p>Herbow Machine Dishwashing Liquid with Natural Fragrance \u00e8 una formula super concentrata a base vegetale che contiene estratto naturale di noce lavante ed enzimi vegetali per sgrassare efficacemente e rimuovere i residui di cibo. I suoi ingredienti naturali sono delicati per la macchina e per l'ambiente, pur garantendo una pulizia senza compromessi. La sua formula a schiuma controllata si adatta a tutte le durezze dell'acqua, rendendone sicuro l'uso in macchine con addolcitori. La formula liquida si scioglie rapidamente, entra in azione all'inizio del ciclo di lavaggio e non lascia residui sulle stoviglie o all'interno della macchina. La fragranza naturale d\u00e0 un senso di pulito fresco e neutro - non invadente ma piacevolmente fresco, il che lo rende una buona scelta per chi \u00e8 sensibile ai profumi. La nostra formula \u00e8 priva di fosfati, EDTA e cloro, non contiene coloranti artificiali ed \u00e8 biodegradabile. La sua formulazione vegana e la confezione in schiuma premium consentono un dosaggio preciso e un uso economico. Il detersivo per piatti naturale Herbow offre la perfetta armonia tra pulizia naturale, efficienza e rispetto dell'ambiente, senza compromessi.<\/p>\n<p>Dosaggio consigliato:<\/p>\n<ul>\n<li>Per tutti i tipi di lavastoviglie (comprese quelle a 9-12-15 coperti con addolcitore d'acqua), il dosaggio consigliato \u00e8 di 10-20 ml, a seconda del livello di sporco.<\/li>\n<li>Non aggiungere pi\u00f9 della quantit\u00e0 prescritta, poich\u00e9 un sovradosaggio dell'addolcitore d'acqua domestico pu\u00f2 provocare schiuma.<\/li>\n<li>Per ottenere un buon risultato di pulizia, verificare che la macchina sia riempita di detersivo per piatti.<\/li>\n<li>Con il detersivo per lavastoviglie Herbow non \u00e8 necessario alcun sale rigenerante.<\/li>\n<\/ul>\n<p>Suggerimento: Per un'efficienza a lungo termine, pulire la lavastoviglie una volta al mese secondo le istruzioni del produttore.Per un'efficienza a lungo termine, pulire la lavastoviglie una volta al mese secondo le istruzioni del produttore.<\/p>","protected":false},"excerpt":{"rendered":"<p>Il profumo del pulito naturale che lascia le stoviglie fresche e brillanti. Una formula super concentrata con estratti di noci lavanti ed enzimi vegetali che rimuove efficacemente il grasso rispettando l'ambiente.<\/p>\n<p>Capacit\u00e0: 750 ml<\/p>","protected":false},"featured_media":907,"comment_status":"open","ping_status":"closed","template":"","meta":[],"product_brand":[1397],"product_cat":[1490,1400],"product_tag":[1591,1583,1521,1578,1584,1581,1467,1532,1593,1576,1409,1575,1582,1586,1589,1502,1585,1588,1577,1579,1525,1526,1590,1587,1580,1594,1592],"class_list":{"0":"post-1025","1":"product","2":"type-product","3":"status-publish","4":"has-post-thumbnail","6":"product_brand-herbow","7":"product_cat-gepi-mosogatoszer","8":"product_cat-folyekony-mosogatoszer","9":"product_tag-alacsony-hofokon-is-hatekony","10":"product_tag-erzekeny-borueknek-is","11":"product_tag-oko-haztartas","12":"product_tag-oko-mososzer","13":"product_tag-babaruhakhoz-alkalmas","14":"product_tag-bio-mososzer","15":"product_tag-biologiailag-lebomlo","16":"product_tag-feher-es-szines-ruhakhoz","17":"product_tag-foszfatmentes","18":"product_tag-gepi-mososzer","19":"product_tag-herbow","20":"product_tag-herbow-gepi-mososzer","21":"product_tag-hipoallergen-mososzer","22":"product_tag-illatmentes-mososzer","23":"product_tag-kimeletes-tisztitas","24":"product_tag-kornyezetbarat-mosas","25":"product_tag-koncentralt-mososzer","26":"product_tag-melytisztito-mosas","27":"product_tag-mosogel","28":"product_tag-novenyi-alapu-mososzer","29":"product_tag-parabenmentes","30":"product_tag-szinezekmentes","31":"product_tag-szinkimelo-mosas","32":"product_tag-termeszetes-illat","33":"product_tag-termeszetes-mosogel","34":"product_tag-textilkimelo-formula","35":"product_tag-vegan-mososzer","37":"first","38":"instock","39":"taxable","40":"shipping-taxable","41":"product-type-simple"},"yoast_head":"<!-- This site is optimized with the Yoast SEO plugin v27.4 - https:\/\/yoast.com\/product\/yoast-seo-wordpress\/ -->\n<title>Herbow G\u00e9pi Mosogat\u00f3szer Szuper Koncentr\u00e1tum Nat\u00far illattal 750 ml - Herbow | International<\/title>\n<meta name=\"description\" content=\"A term\u00e9szetes tisztas\u00e1g illata, amely frissess\u00e9get \u00e9s ragyog\u00f3 ed\u00e9nyeket hagy maga ut\u00e1n. Mos\u00f3di\u00f3-extraktummal \u00e9s n\u00f6v\u00e9nyi enzimekkel k\u00e9sz\u00fclt szuper koncentr\u00e1lt formula, amely hat\u00e9konyan elt\u00e1vol\u00edtja a zs\u00edrt, mik\u00f6zben k\u00edm\u00e9letes a k\u00f6rnyezethez.\" \/>\n<meta name=\"robots\" content=\"index, follow, max-snippet:-1, max-image-preview:large, max-video-preview:-1\" \/>\n<link rel=\"canonical\" href=\"https:\/\/herbow.eu\/it\/product\/herbow-gepi-detersivo-per-piatti-con-profumo-naturale-750ml\/\" \/>\n<meta property=\"og:locale\" content=\"it_IT\" \/>\n<meta property=\"og:type\" content=\"article\" \/>\n<meta property=\"og:title\" content=\"Herbow G\u00e9pi Mosogat\u00f3szer Szuper Koncentr\u00e1tum Nat\u00far illattal 750 ml - Herbow | International\" \/>\n<meta property=\"og:description\" content=\"A term\u00e9szetes tisztas\u00e1g illata, amely frissess\u00e9get \u00e9s ragyog\u00f3 ed\u00e9nyeket hagy maga ut\u00e1n. Mos\u00f3di\u00f3-extraktummal \u00e9s n\u00f6v\u00e9nyi enzimekkel k\u00e9sz\u00fclt szuper koncentr\u00e1lt formula, amely hat\u00e9konyan elt\u00e1vol\u00edtja a zs\u00edrt, mik\u00f6zben k\u00edm\u00e9letes a k\u00f6rnyezethez.\" \/>\n<meta property=\"og:url\" content=\"https:\/\/herbow.eu\/it\/product\/herbow-gepi-detersivo-per-piatti-con-profumo-naturale-750ml\/\" \/>\n<meta property=\"og:site_name\" content=\"Herbow | International\" \/>\n<meta property=\"article:publisher\" content=\"https:\/\/www.facebook.com\/herbowmosodioslabda\/\" \/>\n<meta property=\"article:modified_time\" content=\"2026-03-17T09:58:19+00:00\" \/>\n<meta property=\"og:image\" content=\"https:\/\/herbow.eu\/wp-content\/uploads\/2025\/08\/Herbow-Gepi-Mosogatoszer.png\" \/>\n\t<meta property=\"og:image:width\" content=\"2000\" \/>\n\t<meta property=\"og:image:height\" content=\"2000\" \/>\n\t<meta property=\"og:image:type\" content=\"image\/png\" \/>\n<meta name=\"twitter:card\" content=\"summary_large_image\" \/>\n<meta name=\"twitter:label1\" content=\"Tempo di lettura stimato\" \/>\n\t<meta name=\"twitter:data1\" content=\"2 minuti\" \/>\n<script type=\"application\/ld+json\" class=\"yoast-schema-graph\">{\"@context\":\"https:\\\/\\\/schema.org\",\"@graph\":[{\"@type\":\"WebPage\",\"@id\":\"https:\\\/\\\/herbow.eu\\\/product\\\/herbow-gepi-mosogatoszer-natur-illattal-750ml\\\/\",\"url\":\"https:\\\/\\\/herbow.eu\\\/product\\\/herbow-gepi-mosogatoszer-natur-illattal-750ml\\\/\",\"name\":\"Herbow G\u00e9pi Mosogat\u00f3szer Szuper Koncentr\u00e1tum Nat\u00far illattal 750 ml - Herbow | International\",\"isPartOf\":{\"@id\":\"https:\\\/\\\/herbow.eu\\\/#website\"},\"primaryImageOfPage\":{\"@id\":\"https:\\\/\\\/herbow.eu\\\/product\\\/herbow-gepi-mosogatoszer-natur-illattal-750ml\\\/#primaryimage\"},\"image\":{\"@id\":\"https:\\\/\\\/herbow.eu\\\/product\\\/herbow-gepi-mosogatoszer-natur-illattal-750ml\\\/#primaryimage\"},\"thumbnailUrl\":\"https:\\\/\\\/herbow.eu\\\/wp-content\\\/uploads\\\/2025\\\/08\\\/Herbow-Gepi-Mosogatoszer.png\",\"datePublished\":\"2025-08-18T09:05:56+00:00\",\"dateModified\":\"2026-03-17T09:58:19+00:00\",\"description\":\"A term\u00e9szetes tisztas\u00e1g illata, amely frissess\u00e9get \u00e9s ragyog\u00f3 ed\u00e9nyeket hagy maga ut\u00e1n. Mos\u00f3di\u00f3-extraktummal \u00e9s n\u00f6v\u00e9nyi enzimekkel k\u00e9sz\u00fclt szuper koncentr\u00e1lt formula, amely hat\u00e9konyan elt\u00e1vol\u00edtja a zs\u00edrt, mik\u00f6zben k\u00edm\u00e9letes a k\u00f6rnyezethez.\",\"breadcrumb\":{\"@id\":\"https:\\\/\\\/herbow.eu\\\/product\\\/herbow-gepi-mosogatoszer-natur-illattal-750ml\\\/#breadcrumb\"},\"inLanguage\":\"it-IT\",\"potentialAction\":[{\"@type\":\"ReadAction\",\"target\":[\"https:\\\/\\\/herbow.eu\\\/product\\\/herbow-gepi-mosogatoszer-natur-illattal-750ml\\\/\"]}]},{\"@type\":\"ImageObject\",\"inLanguage\":\"it-IT\",\"@id\":\"https:\\\/\\\/herbow.eu\\\/product\\\/herbow-gepi-mosogatoszer-natur-illattal-750ml\\\/#primaryimage\",\"url\":\"https:\\\/\\\/herbow.eu\\\/wp-content\\\/uploads\\\/2025\\\/08\\\/Herbow-Gepi-Mosogatoszer.png\",\"contentUrl\":\"https:\\\/\\\/herbow.eu\\\/wp-content\\\/uploads\\\/2025\\\/08\\\/Herbow-Gepi-Mosogatoszer.png\",\"width\":2000,\"height\":2000},{\"@type\":\"BreadcrumbList\",\"@id\":\"https:\\\/\\\/herbow.eu\\\/product\\\/herbow-gepi-mosogatoszer-natur-illattal-750ml\\\/#breadcrumb\",\"itemListElement\":[{\"@type\":\"ListItem\",\"position\":1,\"name\":\"Kezd\u0151lap\",\"item\":\"https:\\\/\\\/herbow.eu\\\/\"},{\"@type\":\"ListItem\",\"position\":2,\"name\":\"Shop\",\"item\":\"https:\\\/\\\/herbow.eu\\\/shop\\\/\"},{\"@type\":\"ListItem\",\"position\":3,\"name\":\"Herbow G\u00e9pi Mosogat\u00f3szer Szuper Koncentr\u00e1tum Nat\u00far illattal 750 ml\"}]},{\"@type\":\"WebSite\",\"@id\":\"https:\\\/\\\/herbow.eu\\\/#website\",\"url\":\"https:\\\/\\\/herbow.eu\\\/\",\"name\":\"Herbow | Herbal Organic World\",\"description\":\"Herbal Organic World\",\"publisher\":{\"@id\":\"https:\\\/\\\/herbow.eu\\\/#organization\"},\"potentialAction\":[{\"@type\":\"SearchAction\",\"target\":{\"@type\":\"EntryPoint\",\"urlTemplate\":\"https:\\\/\\\/herbow.eu\\\/?s={search_term_string}\"},\"query-input\":{\"@type\":\"PropertyValueSpecification\",\"valueRequired\":true,\"valueName\":\"search_term_string\"}}],\"inLanguage\":\"it-IT\"},{\"@type\":\"Organization\",\"@id\":\"https:\\\/\\\/herbow.eu\\\/#organization\",\"name\":\"Herbow International Zrt.\",\"url\":\"https:\\\/\\\/herbow.eu\\\/\",\"logo\":{\"@type\":\"ImageObject\",\"inLanguage\":\"it-IT\",\"@id\":\"https:\\\/\\\/herbow.eu\\\/#\\\/schema\\\/logo\\\/image\\\/\",\"url\":\"https:\\\/\\\/herbow.eu\\\/wp-content\\\/uploads\\\/2025\\\/07\\\/herbow_logo_hun_2021-01_w-slogan_no-background.png\",\"contentUrl\":\"https:\\\/\\\/herbow.eu\\\/wp-content\\\/uploads\\\/2025\\\/07\\\/herbow_logo_hun_2021-01_w-slogan_no-background.png\",\"width\":2366,\"height\":1732,\"caption\":\"Herbow International Zrt.\"},\"image\":{\"@id\":\"https:\\\/\\\/herbow.eu\\\/#\\\/schema\\\/logo\\\/image\\\/\"},\"sameAs\":[\"https:\\\/\\\/www.facebook.com\\\/herbowmosodioslabda\\\/\",\"https:\\\/\\\/www.instagram.com\\\/herbowmosodioslabda\\\/\"]}]}<\/script>\n<!-- \/ Yoast SEO plugin. -->","yoast_head_json":{"title":"Herbow Detergente Super Concentrato al Profumo Naturale 750 ml - Herbow | Internazionale","description":"Il profumo del pulito naturale che lascia le stoviglie fresche e brillanti. Una formula super concentrata con estratti di noci lavanti ed enzimi vegetali che rimuove efficacemente il grasso rispettando l'ambiente.","robots":{"index":"index","follow":"follow","max-snippet":"max-snippet:-1","max-image-preview":"max-image-preview:large","max-video-preview":"max-video-preview:-1"},"canonical":"https:\/\/herbow.eu\/it\/product\/herbow-gepi-detersivo-per-piatti-con-profumo-naturale-750ml\/","og_locale":"it_IT","og_type":"article","og_title":"Herbow G\u00e9pi Mosogat\u00f3szer Szuper Koncentr\u00e1tum Nat\u00far illattal 750 ml - Herbow | International","og_description":"A term\u00e9szetes tisztas\u00e1g illata, amely frissess\u00e9get \u00e9s ragyog\u00f3 ed\u00e9nyeket hagy maga ut\u00e1n. Mos\u00f3di\u00f3-extraktummal \u00e9s n\u00f6v\u00e9nyi enzimekkel k\u00e9sz\u00fclt szuper koncentr\u00e1lt formula, amely hat\u00e9konyan elt\u00e1vol\u00edtja a zs\u00edrt, mik\u00f6zben k\u00edm\u00e9letes a k\u00f6rnyezethez.","og_url":"https:\/\/herbow.eu\/it\/product\/herbow-gepi-detersivo-per-piatti-con-profumo-naturale-750ml\/","og_site_name":"Herbow | International","article_publisher":"https:\/\/www.facebook.com\/herbowmosodioslabda\/","article_modified_time":"2026-03-17T09:58:19+00:00","og_image":[{"width":2000,"height":2000,"url":"https:\/\/herbow.eu\/wp-content\/uploads\/2025\/08\/Herbow-Gepi-Mosogatoszer.png","type":"image\/png"}],"twitter_card":"summary_large_image","twitter_misc":{"Tempo di lettura stimato":"2 minuti"},"schema":{"@context":"https:\/\/schema.org","@graph":[{"@type":"WebPage","@id":"https:\/\/herbow.eu\/product\/herbow-gepi-mosogatoszer-natur-illattal-750ml\/","url":"https:\/\/herbow.eu\/product\/herbow-gepi-mosogatoszer-natur-illattal-750ml\/","name":"Herbow Detergente Super Concentrato al Profumo Naturale 750 ml - Herbow | Internazionale","isPartOf":{"@id":"https:\/\/herbow.eu\/#website"},"primaryImageOfPage":{"@id":"https:\/\/herbow.eu\/product\/herbow-gepi-mosogatoszer-natur-illattal-750ml\/#primaryimage"},"image":{"@id":"https:\/\/herbow.eu\/product\/herbow-gepi-mosogatoszer-natur-illattal-750ml\/#primaryimage"},"thumbnailUrl":"https:\/\/herbow.eu\/wp-content\/uploads\/2025\/08\/Herbow-Gepi-Mosogatoszer.png","datePublished":"2025-08-18T09:05:56+00:00","dateModified":"2026-03-17T09:58:19+00:00","description":"Il profumo del pulito naturale che lascia le stoviglie fresche e brillanti. Una formula super concentrata con estratti di noci lavanti ed enzimi vegetali che rimuove efficacemente il grasso rispettando l'ambiente.","breadcrumb":{"@id":"https:\/\/herbow.eu\/product\/herbow-gepi-mosogatoszer-natur-illattal-750ml\/#breadcrumb"},"inLanguage":"it-IT","potentialAction":[{"@type":"ReadAction","target":["https:\/\/herbow.eu\/product\/herbow-gepi-mosogatoszer-natur-illattal-750ml\/"]}]},{"@type":"ImageObject","inLanguage":"it-IT","@id":"https:\/\/herbow.eu\/product\/herbow-gepi-mosogatoszer-natur-illattal-750ml\/#primaryimage","url":"https:\/\/herbow.eu\/wp-content\/uploads\/2025\/08\/Herbow-Gepi-Mosogatoszer.png","contentUrl":"https:\/\/herbow.eu\/wp-content\/uploads\/2025\/08\/Herbow-Gepi-Mosogatoszer.png","width":2000,"height":2000},{"@type":"BreadcrumbList","@id":"https:\/\/herbow.eu\/product\/herbow-gepi-mosogatoszer-natur-illattal-750ml\/#breadcrumb","itemListElement":[{"@type":"ListItem","position":1,"name":"Kezd\u0151lap","item":"https:\/\/herbow.eu\/"},{"@type":"ListItem","position":2,"name":"Shop","item":"https:\/\/herbow.eu\/shop\/"},{"@type":"ListItem","position":3,"name":"Herbow G\u00e9pi Mosogat\u00f3szer Szuper Koncentr\u00e1tum Nat\u00far illattal 750 ml"}]},{"@type":"WebSite","@id":"https:\/\/herbow.eu\/#website","url":"https:\/\/herbow.eu\/","name":"Herbow | Mondo Biologico Erboristico","description":"Mondo Biologico Erboristico","publisher":{"@id":"https:\/\/herbow.eu\/#organization"},"potentialAction":[{"@type":"SearchAction","target":{"@type":"EntryPoint","urlTemplate":"https:\/\/herbow.eu\/?s={search_term_string}"},"query-input":{"@type":"PropertyValueSpecification","valueRequired":true,"valueName":"search_term_string"}}],"inLanguage":"it-IT"},{"@type":"Organization","@id":"https:\/\/herbow.eu\/#organization","name":"Herbow International Zrt.","url":"https:\/\/herbow.eu\/","logo":{"@type":"ImageObject","inLanguage":"it-IT","@id":"https:\/\/herbow.eu\/#\/schema\/logo\/image\/","url":"https:\/\/herbow.eu\/wp-content\/uploads\/2025\/07\/herbow_logo_hun_2021-01_w-slogan_no-background.png","contentUrl":"https:\/\/herbow.eu\/wp-content\/uploads\/2025\/07\/herbow_logo_hun_2021-01_w-slogan_no-background.png","width":2366,"height":1732,"caption":"Herbow International Zrt."},"image":{"@id":"https:\/\/herbow.eu\/#\/schema\/logo\/image\/"},"sameAs":["https:\/\/www.facebook.com\/herbowmosodioslabda\/","https:\/\/www.instagram.com\/herbowmosodioslabda\/"]}]}},"jetpack_likes_enabled":true,"jetpack_sharing_enabled":true,"_links":{"self":[{"href":"https:\/\/herbow.eu\/it\/wp-json\/wp\/v2\/product\/1025","targetHints":{"allow":["GET"]}}],"collection":[{"href":"https:\/\/herbow.eu\/it\/wp-json\/wp\/v2\/product"}],"about":[{"href":"https:\/\/herbow.eu\/it\/wp-json\/wp\/v2\/types\/product"}],"replies":[{"embeddable":true,"href":"https:\/\/herbow.eu\/it\/wp-json\/wp\/v2\/comments?post=1025"}],"wp:featuredmedia":[{"embeddable":true,"href":"https:\/\/herbow.eu\/it\/wp-json\/wp\/v2\/media\/907"}],"wp:attachment":[{"href":"https:\/\/herbow.eu\/it\/wp-json\/wp\/v2\/media?parent=1025"}],"wp:term":[{"taxonomy":"product_brand","embeddable":true,"href":"https:\/\/herbow.eu\/it\/wp-json\/wp\/v2\/product_brand?post=1025"},{"taxonomy":"product_cat","embeddable":true,"href":"https:\/\/herbow.eu\/it\/wp-json\/wp\/v2\/product_cat?post=1025"},{"taxonomy":"product_tag","embeddable":true,"href":"https:\/\/herbow.eu\/it\/wp-json\/wp\/v2\/product_tag?post=1025"}],"curies":[{"name":"wp","href":"https:\/\/api.w.org\/{rel}","templated":true}]}}