{"id":762,"date":"2025-07-20T11:47:54","date_gmt":"2025-07-20T09:47:54","guid":{"rendered":"https:\/\/herbow.eu\/?page_id=762"},"modified":"2025-07-20T12:16:59","modified_gmt":"2025-07-20T10:16:59","slug":"palla-mosodiosa","status":"publish","type":"page","link":"https:\/\/herbow.eu\/it\/mosodios-labda\/","title":{"rendered":"Palla da bucato"},"content":{"rendered":"<section class=\"section\" id=\"section_1233778931\">\n\t\t<div class=\"section-bg fill\" >\n\t\t\t\t\t\t\t<div class=\"video-overlay no-click fill visible\"><\/div>\n\t<video class=\"video-bg fill visible\" preload playsinline autoplay muted loop>\n\t\t<source src=\"https:\/\/videos.files.wordpress.com\/glsn1bsR\/heap-of-soap-nut-for-ecological-washing-raw-aritha-2023-11-28-17-45-48-utc.mp4\" type=\"video\/mp4\">\t<\/video>\n\t\t\t<div class=\"section-bg-overlay absolute fill\"><\/div>\n\t\t\t\n\n\t\t<\/div>\n\n\t\t\n\n\t\t<div class=\"section-content relative\">\n\t\t\t\n\n\t<div id=\"text-1304577707\" class=\"text\">\n\t\t\n\n<h1 class=\"uppercase\" style=\"text-align: center;\" data-animate=\"fadeInUp\" data-animate-delay=\"500\">Qual \u00e8 il segreto della palla di lavaggio Herbow?<\/h1>\n\t\t\n<style>\n#text-1304577707 {\n  text-align: center;\n  color: rgb(255, 255, 255);\n}\n#text-1304577707 > * {\n  color: rgb(255, 255, 255);\n}\n<\/style>\n\t<\/div>\n\t\n\n\t\t<\/div>\n\n\t\t\n<style>\n#section_1233778931 {\n  padding-top: 30px;\n  padding-bottom: 30px;\n  min-height: 300px;\n}\n#section_1233778931 .section-bg-overlay {\n  background-color: rgba(0, 0, 0, 0.145);\n}\n@media (min-width:550px) {\n  #section_1233778931 {\n    min-height: 400px;\n  }\n}\n@media (min-width:850px) {\n  #section_1233778931 {\n    min-height: 500px;\n  }\n}\n<\/style>\n\t<\/section>\n\t\n\n\t<section class=\"section\" id=\"section_2102026547\">\n\t\t<div class=\"section-bg fill\" >\n\t\t\t\t\t\t\t\t\t\n\t\t\t\n\n\t\t<\/div>\n\n\t\t\n\n\t\t<div class=\"section-content relative\">\n\t\t\t\n\n<div class=\"row align-center\"  id=\"row-2035858767\">\n\n\n\t<div id=\"col-288632646\" class=\"col medium-12 small-12 large-6\"  >\n\t\t\t\t<div class=\"col-inner\"  >\n\t\t\t\n\t\t\t\n\n\t<div id=\"gap-2064129193\" class=\"gap-element clearfix\" style=\"display:block; height:auto;\">\n\t\t\n<style>\n#gap-2064129193 {\n  padding-top: 10px;\n}\n@media (min-width:550px) {\n  #gap-2064129193 {\n    padding-top: 20px;\n  }\n}\n@media (min-width:850px) {\n  #gap-2064129193 {\n    padding-top: 30px;\n  }\n}\n<\/style>\n\t<\/div>\n\t\n\n\t<div class=\"img has-hover x md-x lg-x y md-y lg-y\" id=\"image_1844532649\">\n\t\t\t\t\t\t<div data-animate=\"bounceInLeft\">\t\t<div class=\"img-inner dark\" >\n\t\t\t<img loading=\"lazy\" decoding=\"async\" width=\"633\" height=\"407\" src=\"https:\/\/herbow.eu\/wp-content\/uploads\/2025\/07\/herbowlabdavizbenv3ujlogo2020v201633x407_20200521_110138.png\" class=\"attachment-large size-large\" alt=\"\" srcset=\"https:\/\/herbow.eu\/wp-content\/uploads\/2025\/07\/herbowlabdavizbenv3ujlogo2020v201633x407_20200521_110138.png 633w, https:\/\/herbow.eu\/wp-content\/uploads\/2025\/07\/herbowlabdavizbenv3ujlogo2020v201633x407_20200521_110138-622x400.png 622w, https:\/\/herbow.eu\/wp-content\/uploads\/2025\/07\/herbowlabdavizbenv3ujlogo2020v201633x407_20200521_110138-500x321.png 500w\" sizes=\"auto, (max-width: 633px) 100vw, 633px\" data-attachment-id=\"655\" data-permalink=\"https:\/\/herbow.eu\/it\/fullscreen-fashion\/herbowlabdavizbenv3ujlogo2020v201633x407_20200521_110138\/#main\" data-orig-file=\"https:\/\/herbow.eu\/wp-content\/uploads\/2025\/07\/herbowlabdavizbenv3ujlogo2020v201633x407_20200521_110138.png\" data-orig-size=\"633,407\" data-comments-opened=\"1\" data-image-meta=\"{&quot;aperture&quot;:&quot;0&quot;,&quot;credit&quot;:&quot;&quot;,&quot;camera&quot;:&quot;&quot;,&quot;caption&quot;:&quot;&quot;,&quot;created_timestamp&quot;:&quot;0&quot;,&quot;copyright&quot;:&quot;&quot;,&quot;focal_length&quot;:&quot;0&quot;,&quot;iso&quot;:&quot;0&quot;,&quot;shutter_speed&quot;:&quot;0&quot;,&quot;title&quot;:&quot;&quot;,&quot;orientation&quot;:&quot;0&quot;}\" data-image-title=\"herbowlabdavizbenv3ujlogo2020v201633x407_20200521_110138\" data-image-description=\"\" data-image-caption=\"\" data-large-file=\"https:\/\/herbow.eu\/wp-content\/uploads\/2025\/07\/herbowlabdavizbenv3ujlogo2020v201633x407_20200521_110138.png\" \/>\t\t\t\t\t\t\n\t\t\t\t\t<\/div>\n\t\t<\/div>\t\t\t\t\t\t\n<style>\n#image_1844532649 {\n  width: 100%;\n}\n<\/style>\n\t<\/div>\n\t\n\n\t<div id=\"text-2526772290\" class=\"text\">\n\t\t\n\n<h3><strong>Vestiti freschi e puliti senza l'aggiunta di materiali sintetici!<\/strong><\/h3>\n\t\t\n<style>\n#text-2526772290 {\n  font-size: 1.55rem;\n}\n<\/style>\n\t<\/div>\n\t\n<p>Il dado di lavaggio 100% in 100% \u00e8 naturale, ha buone propriet\u00e0 pulenti ed \u00e8 un'alternativa di lavaggio ecologica. La palla di lavaggio, base della gamma Herbow, offre molti benefici per la salute e il comfort. Questo detersivo biologico funziona grazie ai suoi principi attivi naturali, \u00e8 ottimo per le pelli sensibili ed \u00e8 consigliato anche per il lavaggio dei vestiti dei bambini. Quando si usa la palla per il lavaggio, non rimangono residui di detersivo sui vestiti, che possono irritare la pelle e causare allergie.<\/p>\n<p>\u00a0<\/p>\n\n\t\t<\/div>\n\t\t\t\t\n<style>\n#col-288632646 > .col-inner {\n  padding: 0px 10% 0px 0px;\n}\n<\/style>\n\t<\/div>\n\n\t\n\n\t<div id=\"col-1479193147\" class=\"col medium-12 small-12 large-6\"  data-animate=\"bounceInUp\">\n\t\t\t\t<div class=\"col-inner\" style=\"background-color:rgba(241, 241, 241, 0.93);\" >\n\t\t\t\n\t<div class=\"is-border\"\n\t\tstyle=\"border-color:rgb(73, 193, 147);border-width:10px 0px 0px 0px;\">\n\t<\/div>\n\t\t\t\n\n<p><strong>L'uso del detersivo \u00e8 stato finora macchinoso. Bisognava contare il numero di grani, legarli in un sacchetto di tela, ricordarsi quando buttarli, toglierli dalla lavatrice subito dopo il lavaggio per evitare che si sporcassero. Inoltre, i dadi da bucato non trattati avevano uno strano odore. Tuttavia, i ricercatori Herbow hanno fatto un ulteriore passo avanti e hanno sviluppato l'innovativa formula odierna per la pallina di lavaggio, rendendo il lavaggio senza sostanze chimiche ancora pi\u00f9 pratico e facile!<\/strong><\/p>\n<p><strong>Comodo da usare<br \/><\/strong>Basta gettarlo in lavatrice come una capsula di lavaggio. Abbiamo avvolto le noci di lavaggio in una rete di cellulosa a forma di palla per renderle pratiche da usare!<\/p>\n<p><strong>Maggiore potenza di lavaggio<\/strong><br \/>Il cotone riciclato avvolto nel pallone aumenta la schiumosit\u00e0 del tensioattivo naturale (saponina) del detersivo, incrementando ulteriormente l'azione lavante.<\/p>\n<p><strong>Profumo fresco<\/strong><br \/>Grazie alla tecnologia Balance System, la noce di lavaggio viene trattata con una coltura naturale di microrganismi benefici (B.S Regen). Di conseguenza, il precedente odore acido viene eliminato e i capi rimangono profumati a lungo.<\/p>\n\n\t\t<\/div>\n\t\t\t\t\n<style>\n#col-1479193147 > .col-inner {\n  padding: 15% 10% 5% 10%;\n  margin: 0 0px 0px 0px;\n}\n@media (min-width:550px) {\n  #col-1479193147 > .col-inner {\n    padding: 10% 10% 8% 10%;\n  }\n}\n@media (min-width:850px) {\n  #col-1479193147 > .col-inner {\n    padding: 15% 15% 10% 15%;\n    margin: -172px 0px 0px 0px;\n  }\n}\n<\/style>\n\t<\/div>\n\n\t\n\n<\/div>\n<div class=\"row\"  id=\"row-1463880368\">\n\n\n\t<div id=\"col-515086233\" class=\"col medium-6 small-12 large-6\"  >\n\t\t\t\t<div class=\"col-inner\"  >\n\t\t\t\n\t\t\t\n\n<p><strong>Informazioni sulle noci<\/strong><br \/>Il mosodio indiano (Sapindus Mukorossi) \u00e8 il frutto di un albero della famiglia delle saponarie. Questo particolare albero \u00e8 originario delle pendici dell'Himalaya e cresce in India e Nepal. Il frutto dell'albero del sapone \u00e8 a forma di pomo, circondato da un guscio esterno solido e ricco di saponine. La saponina \u00e8 un tensioattivo naturale che interagisce con l'acqua per legare il grasso e lo sporco, rendendolo un eccellente detergente per il bucato. Ha anche molte propriet\u00e0 benefiche.<\/p>\n\n\t\t<\/div>\n\t\t\t\t\n<style>\n#col-515086233 > .col-inner {\n  margin: -50px 0px 0px 0px;\n}\n<\/style>\n\t<\/div>\n\n\t\n\n\t<div id=\"col-1464085014\" class=\"col medium-6 small-12 large-6\"  >\n\t\t\t\t<div class=\"col-inner\"  >\n\t\t\t\n\t\t\t\n\n\t<div class=\"img has-hover x md-x lg-x y md-y lg-y\" id=\"image_1407902999\">\n\t\t\t\t\t\t<div data-animate=\"bounceInRight\">\t\t<div class=\"img-inner dark\" >\n\t\t\t<img loading=\"lazy\" decoding=\"async\" width=\"1020\" height=\"586\" src=\"https:\/\/herbow.eu\/wp-content\/uploads\/2025\/07\/soap-nut-on-white-background-2024-10-31-21-18-04-utc-1392x800.jpg\" class=\"attachment-large size-large\" alt=\"\" srcset=\"https:\/\/herbow.eu\/wp-content\/uploads\/2025\/07\/soap-nut-on-white-background-2024-10-31-21-18-04-utc-1392x800.jpg 1392w, https:\/\/herbow.eu\/wp-content\/uploads\/2025\/07\/soap-nut-on-white-background-2024-10-31-21-18-04-utc-696x400.jpg 696w, https:\/\/herbow.eu\/wp-content\/uploads\/2025\/07\/soap-nut-on-white-background-2024-10-31-21-18-04-utc-768x441.jpg 768w, https:\/\/herbow.eu\/wp-content\/uploads\/2025\/07\/soap-nut-on-white-background-2024-10-31-21-18-04-utc-1536x883.jpg 1536w, https:\/\/herbow.eu\/wp-content\/uploads\/2025\/07\/soap-nut-on-white-background-2024-10-31-21-18-04-utc-2048x1177.jpg 2048w, https:\/\/herbow.eu\/wp-content\/uploads\/2025\/07\/soap-nut-on-white-background-2024-10-31-21-18-04-utc-500x287.jpg 500w\" sizes=\"auto, (max-width: 1020px) 100vw, 1020px\" data-attachment-id=\"752\" data-permalink=\"https:\/\/herbow.eu\/it\/a-herbow-rol\/soap-nut-on-white-background\/#main\" data-orig-file=\"https:\/\/herbow.eu\/wp-content\/uploads\/2025\/07\/soap-nut-on-white-background-2024-10-31-21-18-04-utc.jpg\" data-orig-size=\"2500,1437\" data-comments-opened=\"1\" data-image-meta=\"{&quot;aperture&quot;:&quot;16&quot;,&quot;credit&quot;:&quot;&quot;,&quot;camera&quot;:&quot;NIKON D800E&quot;,&quot;caption&quot;:&quot;Soap nut on white background&quot;,&quot;created_timestamp&quot;:&quot;1478123934&quot;,&quot;copyright&quot;:&quot;&quot;,&quot;focal_length&quot;:&quot;70&quot;,&quot;iso&quot;:&quot;100&quot;,&quot;shutter_speed&quot;:&quot;0.00625&quot;,&quot;title&quot;:&quot;Soap nut on white background&quot;,&quot;orientation&quot;:&quot;1&quot;}\" data-image-title=\"Soap nut on white background\" data-image-description=\"\" data-image-caption=\"&lt;p&gt;Soap nut on white background&lt;\/p&gt;\" data-large-file=\"https:\/\/herbow.eu\/wp-content\/uploads\/2025\/07\/soap-nut-on-white-background-2024-10-31-21-18-04-utc-1392x800.jpg\" \/>\t\t\t\t\t\t\n\t\t\t\t\t<\/div>\n\t\t<\/div>\t\t\t\t\t\t\n<style>\n#image_1407902999 {\n  width: 100%;\n}\n<\/style>\n\t<\/div>\n\t\n\n\n\t\t<\/div>\n\t\t\t\t\n<style>\n#col-1464085014 > .col-inner {\n  margin: -250px 0px 0px 0px;\n}\n<\/style>\n\t<\/div>\n\n\t\n\n<\/div>\n\n\t\t<\/div>\n\n\t\t\n<style>\n#section_2102026547 {\n  padding-top: 30px;\n  padding-bottom: 30px;\n}\n<\/style>\n\t<\/section>\n\t\n\n\t<section class=\"section\" id=\"section_1220492420\">\n\t\t<div class=\"section-bg fill\" >\n\t\t\t\t\t\t\t\t\t\n\t\t\t\n\t<div class=\"is-border\"\n\t\tstyle=\"border-color:rgb(73, 193, 147);border-width:10px 0px 0px 0px;\">\n\t<\/div>\n\n\t\t<\/div>\n\n\t\t\n\n\t\t<div class=\"section-content relative\">\n\t\t\t\n\n<p><strong>Naturale<\/strong> - 100% \u00e8 completamente naturale e non contiene sostanze chimiche artificiali che potrebbero danneggiare l'organismo o l'ambiente.<\/p>\n<p><strong>Rispettoso dell'ambiente<\/strong> - facilmente biodegradabile, non inquina l'ambiente. \u00c8 interessante che cresca su alberi che non vengono mai irrorati perch\u00e9 il suo contenuto naturale di saponina tiene lontani i parassiti. Ha propriet\u00e0 di protezione del suolo e produce molto ossigeno, contribuendo cos\u00ec a un ecosistema ottimale sulla terra.<\/p>\n<p><strong>Antibatterico<\/strong> - antisettico<\/p>\n<p><strong>Ipoallergenico<\/strong> - non irrita la pelle. Ideale per pelli sensibili ed eczematose e per persone con altre patologie cutanee (ad es. psoriasi, neurodermite). Sicuro da usare per lavare i vestiti dei bambini<\/p>\n<p><strong>Delicato sui tessuti<\/strong> - \u00e8 delicato e ha ottime prestazioni di lavaggio, senza danneggiare la struttura dei tessuti. I capi mantengono pi\u00f9 a lungo il loro colore e la loro durata.<\/p>\n<p><strong>Economico<\/strong> - I gusci di noce lavante possono essere riutilizzati, ad esempio 1 pallina di noce lavante \u00e8 sufficiente per 5 lavaggi.<\/p>\n<p><strong>Riciclabile<\/strong> - I gusci di noce esauriti sono compostabili e la rete a base di cellulosa utilizzata \u00e8 biodegradabile.<\/p>\n\n\t\t<\/div>\n\n\t\t\n<style>\n#section_1220492420 {\n  padding-top: 30px;\n  padding-bottom: 30px;\n  background-color: rgba(156, 128, 89, 0.215);\n}\n<\/style>\n\t<\/section>","protected":false},"excerpt":{"rendered":"","protected":false},"author":268520272,"featured_media":0,"parent":0,"menu_order":0,"comment_status":"closed","ping_status":"closed","template":"","meta":{"footnotes":""},"class_list":["post-762","page","type-page","status-publish","hentry"],"yoast_head":"<!-- This site is optimized with the Yoast SEO plugin v27.5 - https:\/\/yoast.com\/product\/yoast-seo-wordpress\/ -->\n<title>Mos\u00f3di\u00f3s labda - Herbow | International<\/title>\n<meta name=\"description\" content=\"Innovat\u00edv mos\u00f3di\u00f3s labda term\u00e9szetes tisztas\u00e1ggal, vegyszerek n\u00e9lk\u00fcl. K\u00edm\u00e9letes, k\u00f6rnyezetbar\u00e1t megold\u00e1s az eg\u00e9sz csal\u00e1dnak.\" \/>\n<meta name=\"robots\" content=\"index, follow, max-snippet:-1, max-image-preview:large, max-video-preview:-1\" \/>\n<link rel=\"canonical\" href=\"https:\/\/herbow.eu\/it\/palla-mosodiosa\/\" \/>\n<meta property=\"og:locale\" content=\"it_IT\" \/>\n<meta property=\"og:type\" content=\"article\" \/>\n<meta property=\"og:title\" content=\"Mos\u00f3di\u00f3s labda - Herbow | International\" \/>\n<meta property=\"og:description\" content=\"Innovat\u00edv mos\u00f3di\u00f3s labda term\u00e9szetes tisztas\u00e1ggal, vegyszerek n\u00e9lk\u00fcl. K\u00edm\u00e9letes, k\u00f6rnyezetbar\u00e1t megold\u00e1s az eg\u00e9sz csal\u00e1dnak.\" \/>\n<meta property=\"og:url\" content=\"https:\/\/herbow.eu\/it\/palla-mosodiosa\/\" \/>\n<meta property=\"og:site_name\" content=\"Herbow | International\" \/>\n<meta property=\"article:publisher\" content=\"https:\/\/www.facebook.com\/herbowmosodioslabda\/\" \/>\n<meta property=\"article:modified_time\" content=\"2025-07-20T10:16:59+00:00\" \/>\n<meta name=\"twitter:card\" content=\"summary_large_image\" \/>\n<script type=\"application\/ld+json\" class=\"yoast-schema-graph\">{\"@context\":\"https:\\\/\\\/schema.org\",\"@graph\":[{\"@type\":\"WebPage\",\"@id\":\"https:\\\/\\\/herbow.eu\\\/mosodios-labda\\\/\",\"url\":\"https:\\\/\\\/herbow.eu\\\/mosodios-labda\\\/\",\"name\":\"Mos\u00f3di\u00f3s labda - Herbow | International\",\"isPartOf\":{\"@id\":\"https:\\\/\\\/herbow.eu\\\/#website\"},\"datePublished\":\"2025-07-20T09:47:54+00:00\",\"dateModified\":\"2025-07-20T10:16:59+00:00\",\"description\":\"Innovat\u00edv mos\u00f3di\u00f3s labda term\u00e9szetes tisztas\u00e1ggal, vegyszerek n\u00e9lk\u00fcl. K\u00edm\u00e9letes, k\u00f6rnyezetbar\u00e1t megold\u00e1s az eg\u00e9sz csal\u00e1dnak.\",\"breadcrumb\":{\"@id\":\"https:\\\/\\\/herbow.eu\\\/mosodios-labda\\\/#breadcrumb\"},\"inLanguage\":\"it-IT\",\"potentialAction\":[{\"@type\":\"ReadAction\",\"target\":[\"https:\\\/\\\/herbow.eu\\\/mosodios-labda\\\/\"]}]},{\"@type\":\"BreadcrumbList\",\"@id\":\"https:\\\/\\\/herbow.eu\\\/mosodios-labda\\\/#breadcrumb\",\"itemListElement\":[{\"@type\":\"ListItem\",\"position\":1,\"name\":\"Kezd\u0151lap\",\"item\":\"https:\\\/\\\/herbow.eu\\\/\"},{\"@type\":\"ListItem\",\"position\":2,\"name\":\"Mos\u00f3di\u00f3s labda\"}]},{\"@type\":\"WebSite\",\"@id\":\"https:\\\/\\\/herbow.eu\\\/#website\",\"url\":\"https:\\\/\\\/herbow.eu\\\/\",\"name\":\"Herbow | Herbal Organic World\",\"description\":\"Herbal Organic World\",\"publisher\":{\"@id\":\"https:\\\/\\\/herbow.eu\\\/#organization\"},\"potentialAction\":[{\"@type\":\"SearchAction\",\"target\":{\"@type\":\"EntryPoint\",\"urlTemplate\":\"https:\\\/\\\/herbow.eu\\\/?s={search_term_string}\"},\"query-input\":{\"@type\":\"PropertyValueSpecification\",\"valueRequired\":true,\"valueName\":\"search_term_string\"}}],\"inLanguage\":\"it-IT\"},{\"@type\":\"Organization\",\"@id\":\"https:\\\/\\\/herbow.eu\\\/#organization\",\"name\":\"Herbow International Zrt.\",\"url\":\"https:\\\/\\\/herbow.eu\\\/\",\"logo\":{\"@type\":\"ImageObject\",\"inLanguage\":\"it-IT\",\"@id\":\"https:\\\/\\\/herbow.eu\\\/#\\\/schema\\\/logo\\\/image\\\/\",\"url\":\"https:\\\/\\\/herbow.eu\\\/wp-content\\\/uploads\\\/2025\\\/07\\\/herbow_logo_hun_2021-01_w-slogan_no-background.png\",\"contentUrl\":\"https:\\\/\\\/herbow.eu\\\/wp-content\\\/uploads\\\/2025\\\/07\\\/herbow_logo_hun_2021-01_w-slogan_no-background.png\",\"width\":2366,\"height\":1732,\"caption\":\"Herbow International Zrt.\"},\"image\":{\"@id\":\"https:\\\/\\\/herbow.eu\\\/#\\\/schema\\\/logo\\\/image\\\/\"},\"sameAs\":[\"https:\\\/\\\/www.facebook.com\\\/herbowmosodioslabda\\\/\",\"https:\\\/\\\/www.instagram.com\\\/herbowmosodioslabda\\\/\"]}]}<\/script>\n<!-- \/ Yoast SEO plugin. -->","yoast_head_json":{"title":"Palla di lavaggio - Herbow | International","description":"Innovativa palla lavante con pulizia naturale, senza prodotti chimici. Una soluzione delicata ed ecologica per tutta la famiglia.","robots":{"index":"index","follow":"follow","max-snippet":"max-snippet:-1","max-image-preview":"max-image-preview:large","max-video-preview":"max-video-preview:-1"},"canonical":"https:\/\/herbow.eu\/it\/palla-mosodiosa\/","og_locale":"it_IT","og_type":"article","og_title":"Mos\u00f3di\u00f3s labda - Herbow | International","og_description":"Innovat\u00edv mos\u00f3di\u00f3s labda term\u00e9szetes tisztas\u00e1ggal, vegyszerek n\u00e9lk\u00fcl. K\u00edm\u00e9letes, k\u00f6rnyezetbar\u00e1t megold\u00e1s az eg\u00e9sz csal\u00e1dnak.","og_url":"https:\/\/herbow.eu\/it\/palla-mosodiosa\/","og_site_name":"Herbow | International","article_publisher":"https:\/\/www.facebook.com\/herbowmosodioslabda\/","article_modified_time":"2025-07-20T10:16:59+00:00","twitter_card":"summary_large_image","schema":{"@context":"https:\/\/schema.org","@graph":[{"@type":"WebPage","@id":"https:\/\/herbow.eu\/mosodios-labda\/","url":"https:\/\/herbow.eu\/mosodios-labda\/","name":"Palla di lavaggio - Herbow | International","isPartOf":{"@id":"https:\/\/herbow.eu\/#website"},"datePublished":"2025-07-20T09:47:54+00:00","dateModified":"2025-07-20T10:16:59+00:00","description":"Innovativa palla lavante con pulizia naturale, senza prodotti chimici. Una soluzione delicata ed ecologica per tutta la famiglia.","breadcrumb":{"@id":"https:\/\/herbow.eu\/mosodios-labda\/#breadcrumb"},"inLanguage":"it-IT","potentialAction":[{"@type":"ReadAction","target":["https:\/\/herbow.eu\/mosodios-labda\/"]}]},{"@type":"BreadcrumbList","@id":"https:\/\/herbow.eu\/mosodios-labda\/#breadcrumb","itemListElement":[{"@type":"ListItem","position":1,"name":"Kezd\u0151lap","item":"https:\/\/herbow.eu\/"},{"@type":"ListItem","position":2,"name":"Mos\u00f3di\u00f3s labda"}]},{"@type":"WebSite","@id":"https:\/\/herbow.eu\/#website","url":"https:\/\/herbow.eu\/","name":"Herbow | Mondo Biologico Erboristico","description":"Mondo Biologico Erboristico","publisher":{"@id":"https:\/\/herbow.eu\/#organization"},"potentialAction":[{"@type":"SearchAction","target":{"@type":"EntryPoint","urlTemplate":"https:\/\/herbow.eu\/?s={search_term_string}"},"query-input":{"@type":"PropertyValueSpecification","valueRequired":true,"valueName":"search_term_string"}}],"inLanguage":"it-IT"},{"@type":"Organization","@id":"https:\/\/herbow.eu\/#organization","name":"Herbow International Zrt.","url":"https:\/\/herbow.eu\/","logo":{"@type":"ImageObject","inLanguage":"it-IT","@id":"https:\/\/herbow.eu\/#\/schema\/logo\/image\/","url":"https:\/\/herbow.eu\/wp-content\/uploads\/2025\/07\/herbow_logo_hun_2021-01_w-slogan_no-background.png","contentUrl":"https:\/\/herbow.eu\/wp-content\/uploads\/2025\/07\/herbow_logo_hun_2021-01_w-slogan_no-background.png","width":2366,"height":1732,"caption":"Herbow International Zrt."},"image":{"@id":"https:\/\/herbow.eu\/#\/schema\/logo\/image\/"},"sameAs":["https:\/\/www.facebook.com\/herbowmosodioslabda\/","https:\/\/www.instagram.com\/herbowmosodioslabda\/"]}]}},"jetpack_likes_enabled":true,"jetpack_sharing_enabled":true,"jetpack_shortlink":"https:\/\/wp.me\/Ph13on-ci","_links":{"self":[{"href":"https:\/\/herbow.eu\/it\/wp-json\/wp\/v2\/pages\/762","targetHints":{"allow":["GET"]}}],"collection":[{"href":"https:\/\/herbow.eu\/it\/wp-json\/wp\/v2\/pages"}],"about":[{"href":"https:\/\/herbow.eu\/it\/wp-json\/wp\/v2\/types\/page"}],"author":[{"embeddable":true,"href":"https:\/\/herbow.eu\/it\/wp-json\/wp\/v2\/users\/268520272"}],"replies":[{"embeddable":true,"href":"https:\/\/herbow.eu\/it\/wp-json\/wp\/v2\/comments?post=762"}],"version-history":[{"count":14,"href":"https:\/\/herbow.eu\/it\/wp-json\/wp\/v2\/pages\/762\/revisions"}],"predecessor-version":[{"id":780,"href":"https:\/\/herbow.eu\/it\/wp-json\/wp\/v2\/pages\/762\/revisions\/780"}],"wp:attachment":[{"href":"https:\/\/herbow.eu\/it\/wp-json\/wp\/v2\/media?parent=762"}],"curies":[{"name":"wp","href":"https:\/\/api.w.org\/{rel}","templated":true}]}}