{"id":985,"date":"2025-08-18T11:05:49","date_gmt":"2025-08-18T09:05:49","guid":{"rendered":"https:\/\/herbow.eu\/product\/herbow-2in1-mosoparfum-oblito-koncentratum-tundoklo-hercegno\/"},"modified":"2026-03-17T10:58:48","modified_gmt":"2026-03-17T09:58:48","slug":"herbow-2-u-1-parfem-za-rublje-oblito-koncentrat-tundoklo-princess","status":"publish","type":"product","link":"https:\/\/herbow.eu\/hr\/product\/herbow-2in1-mosoparfum-oblito-koncentratum-tundoklo-hercegno\/","title":{"rendered":"Herbow 2-u-1 miris za rublje \u2013 koncentrat omek\u0161iva\u010da: Sjajna princeza"},"content":{"rendered":"<div>Kad u\u0111ete u prostoriju i obavije se nje\u017enim mirisom ru\u017ea, pra\u0107enim da\u0161kom topline vanilije koja miluje va\u0161a osjetila, to je miris Sjajne princeze. Miris nje\u017eno otkriva su\u0161tinu vrtova punih cvije\u0107a, dok tiho obavija tkanine elegantnom i profinjenom svje\u017einom.<\/div>\n<div><\/div>\n<div>Herbow 2-u-1 koncentrat mirisa za rublje i omek\u0161iva\u010da tkanina prirodno je, biljno rje\u0161enje koje tkaninama ostavlja dugotrajan miris i prirodnu meko\u0107u. Njegovi biljni sastojci za njegu tkanina prirodno osiguravaju meko\u0107u odje\u0107e, istovremeno nude\u0107i ekolo\u0161ki prihvatljivu i ko\u017ei prijateljsku alternativu sinteti\u010dkim sastojcima koji se nalaze u tradicionalnim omek\u0161iva\u010dima. Uskla\u0111ena ravnote\u017ea ru\u017ee i vanilije traje dugo, a formula je veganska, bez fosfata i biorazgradiva, \u0161to je \u010dini nje\u017enom i za odje\u0107u i za okoli\u0161.<\/div>\n<div><\/div>\n<div>Jedna bo\u010dica dovoljna je za 40 ili 200 pranja. Dodajte 5 ml (pola poklopca) u pretinac za omek\u0161iva\u010d kako biste nakon svakog pranja u\u017eivali u magiji ru\u017ee i vanilije.<\/div>\n<div>\u010cisto\u0107a, elegancija i prirodnost zabilje\u017eene u bo\u010dici, s dugotrajnim mirisom, u obliku prirodnog mirisa za rublje.<\/div>","protected":false},"excerpt":{"rendered":"<p>Miris Sjajne princeze spaja eleganciju ru\u017ea s toplim zagrljajem vanilije. Nje\u017ean, mekan i skladan miris koji tkaninama nakon svakog pranja ostavlja iznimno svje\u017e osje\u0107aj.<\/p>\n<p>Veli\u010dina: 200ml | 1000ml<\/p>","protected":false},"featured_media":879,"comment_status":"open","ping_status":"closed","template":"","meta":[],"product_brand":[1397],"product_cat":[1402],"product_tag":[1534,1535,1546,1540,1524,1542,1550,1548,1409,1533,1549,1506,1552,1551,1504,1537,1541,1502,1547,1544,1499,1543,1508,1538,1509,1545,1539,1536],"class_list":{"0":"post-985","1":"product","2":"type-product","3":"status-publish","4":"has-post-thumbnail","6":"product_brand-herbow","7":"product_cat-2in1-mosoparfum-oblito-koncentratum","8":"product_tag-2in1-mosoparfum","9":"product_tag-2in1-textilfrissito","10":"product_tag-allergenmentes-illat-ha-szukseges","11":"product_tag-oko-textilapolas","12":"product_tag-borbarat-formula","13":"product_tag-friss-ruhak","14":"product_tag-gardrob-frissito","15":"product_tag-gazdasagos-hasznalat","16":"product_tag-herbow","17":"product_tag-herbow-2in1","18":"product_tag-herbtech-formula","19":"product_tag-hosszan-tarto-illat","20":"product_tag-illatkapszula-hatas","21":"product_tag-illatos-mosas","22":"product_tag-illatos-ruhak","23":"product_tag-illatosito-koncentratum","24":"product_tag-intenziv-illat","25":"product_tag-kornyezetbarat-mosas","26":"product_tag-koncentralt-formula","27":"product_tag-mindennapi-mosashoz","28":"product_tag-novenyi-alapu-textilapolo","29":"product_tag-puhabb-ruhak","30":"product_tag-ruhaillatosito","31":"product_tag-ruhaparfum","32":"product_tag-szines-es-feher-ruhakhoz","33":"product_tag-termeszetbarat-mosas","34":"product_tag-termeszetes-textilfrissito","35":"product_tag-textilfrissito-koncentratum","37":"first","38":"instock","39":"taxable","40":"shipping-taxable","41":"product-type-variable"},"yoast_head":"<!-- This site is optimized with the Yoast SEO plugin v27.4 - https:\/\/yoast.com\/product\/yoast-seo-wordpress\/ -->\n<title>Herbow 2in1 mos\u00f3parf\u00fcm - \u00f6bl\u00edt\u0151 koncentr\u00e1tum T\u00fcnd\u00f6kl\u0151 Hercegn\u0151 - Herbow | International<\/title>\n<meta name=\"robots\" content=\"index, follow, max-snippet:-1, max-image-preview:large, max-video-preview:-1\" \/>\n<link rel=\"canonical\" href=\"https:\/\/herbow.eu\/hr\/product\/herbow-2-u-1-parfem-za-rublje-oblito-koncentrat-tundoklo-princess\/\" \/>\n<meta property=\"og:locale\" content=\"hr_HR\" \/>\n<meta property=\"og:type\" content=\"article\" \/>\n<meta property=\"og:title\" content=\"Herbow 2in1 mos\u00f3parf\u00fcm - \u00f6bl\u00edt\u0151 koncentr\u00e1tum T\u00fcnd\u00f6kl\u0151 Hercegn\u0151 - Herbow | International\" \/>\n<meta property=\"og:description\" content=\"A T\u00fcnd\u00f6kl\u0151 Hercegn\u0151 illata a r\u00f3zsa eleganci\u00e1j\u00e1t a van\u00edlia meleg \u00f6lel\u00e9s\u00e9vel egyes\u00edti. Finom, l\u00e1gy \u00e9s harmonikus illat, amely minden mos\u00e1s ut\u00e1n k\u00fcl\u00f6nleges frissess\u00e9get hagy a text\u00edli\u00e1kon.  Kiszerel\u00e9s: 200ml | 1000ml\" \/>\n<meta property=\"og:url\" content=\"https:\/\/herbow.eu\/hr\/product\/herbow-2-u-1-parfem-za-rublje-oblito-koncentrat-tundoklo-princess\/\" \/>\n<meta property=\"og:site_name\" content=\"Herbow | International\" \/>\n<meta property=\"article:publisher\" content=\"https:\/\/www.facebook.com\/herbowmosodioslabda\/\" \/>\n<meta property=\"article:modified_time\" content=\"2026-03-17T09:58:48+00:00\" \/>\n<meta property=\"og:image\" content=\"https:\/\/herbow.eu\/wp-content\/uploads\/2025\/08\/herbow_parfum_200ml_144x110mm_v7_tundoklo_hercegno.png\" \/>\n\t<meta property=\"og:image:width\" content=\"2000\" \/>\n\t<meta property=\"og:image:height\" content=\"2000\" \/>\n\t<meta property=\"og:image:type\" content=\"image\/png\" \/>\n<meta name=\"twitter:card\" content=\"summary_large_image\" \/>\n<meta name=\"twitter:label1\" content=\"Procijenjeno vrijeme \u010ditanja\" \/>\n\t<meta name=\"twitter:data1\" content=\"1 minuta\" \/>\n<script type=\"application\/ld+json\" class=\"yoast-schema-graph\">{\"@context\":\"https:\\\/\\\/schema.org\",\"@graph\":[{\"@type\":\"WebPage\",\"@id\":\"https:\\\/\\\/herbow.eu\\\/product\\\/herbow-2in1-mosoparfum-oblito-koncentratum-tundoklo-hercegno\\\/\",\"url\":\"https:\\\/\\\/herbow.eu\\\/product\\\/herbow-2in1-mosoparfum-oblito-koncentratum-tundoklo-hercegno\\\/\",\"name\":\"Herbow 2in1 mos\u00f3parf\u00fcm - \u00f6bl\u00edt\u0151 koncentr\u00e1tum T\u00fcnd\u00f6kl\u0151 Hercegn\u0151 - Herbow | International\",\"isPartOf\":{\"@id\":\"https:\\\/\\\/herbow.eu\\\/#website\"},\"primaryImageOfPage\":{\"@id\":\"https:\\\/\\\/herbow.eu\\\/product\\\/herbow-2in1-mosoparfum-oblito-koncentratum-tundoklo-hercegno\\\/#primaryimage\"},\"image\":{\"@id\":\"https:\\\/\\\/herbow.eu\\\/product\\\/herbow-2in1-mosoparfum-oblito-koncentratum-tundoklo-hercegno\\\/#primaryimage\"},\"thumbnailUrl\":\"https:\\\/\\\/herbow.eu\\\/wp-content\\\/uploads\\\/2025\\\/08\\\/herbow_parfum_200ml_144x110mm_v7_tundoklo_hercegno.png\",\"datePublished\":\"2025-08-18T09:05:49+00:00\",\"dateModified\":\"2026-03-17T09:58:48+00:00\",\"breadcrumb\":{\"@id\":\"https:\\\/\\\/herbow.eu\\\/product\\\/herbow-2in1-mosoparfum-oblito-koncentratum-tundoklo-hercegno\\\/#breadcrumb\"},\"inLanguage\":\"hr\",\"potentialAction\":[{\"@type\":\"ReadAction\",\"target\":[\"https:\\\/\\\/herbow.eu\\\/product\\\/herbow-2in1-mosoparfum-oblito-koncentratum-tundoklo-hercegno\\\/\"]}]},{\"@type\":\"ImageObject\",\"inLanguage\":\"hr\",\"@id\":\"https:\\\/\\\/herbow.eu\\\/product\\\/herbow-2in1-mosoparfum-oblito-koncentratum-tundoklo-hercegno\\\/#primaryimage\",\"url\":\"https:\\\/\\\/herbow.eu\\\/wp-content\\\/uploads\\\/2025\\\/08\\\/herbow_parfum_200ml_144x110mm_v7_tundoklo_hercegno.png\",\"contentUrl\":\"https:\\\/\\\/herbow.eu\\\/wp-content\\\/uploads\\\/2025\\\/08\\\/herbow_parfum_200ml_144x110mm_v7_tundoklo_hercegno.png\",\"width\":2000,\"height\":2000},{\"@type\":\"BreadcrumbList\",\"@id\":\"https:\\\/\\\/herbow.eu\\\/product\\\/herbow-2in1-mosoparfum-oblito-koncentratum-tundoklo-hercegno\\\/#breadcrumb\",\"itemListElement\":[{\"@type\":\"ListItem\",\"position\":1,\"name\":\"Kezd\u0151lap\",\"item\":\"https:\\\/\\\/herbow.eu\\\/\"},{\"@type\":\"ListItem\",\"position\":2,\"name\":\"Shop\",\"item\":\"https:\\\/\\\/herbow.eu\\\/shop\\\/\"},{\"@type\":\"ListItem\",\"position\":3,\"name\":\"Herbow 2in1 mos\u00f3parf\u00fcm &#8211; \u00f6bl\u00edt\u0151 koncentr\u00e1tum T\u00fcnd\u00f6kl\u0151 Hercegn\u0151\"}]},{\"@type\":\"WebSite\",\"@id\":\"https:\\\/\\\/herbow.eu\\\/#website\",\"url\":\"https:\\\/\\\/herbow.eu\\\/\",\"name\":\"Herbow | Herbal Organic World\",\"description\":\"Herbal Organic World\",\"publisher\":{\"@id\":\"https:\\\/\\\/herbow.eu\\\/#organization\"},\"potentialAction\":[{\"@type\":\"SearchAction\",\"target\":{\"@type\":\"EntryPoint\",\"urlTemplate\":\"https:\\\/\\\/herbow.eu\\\/?s={search_term_string}\"},\"query-input\":{\"@type\":\"PropertyValueSpecification\",\"valueRequired\":true,\"valueName\":\"search_term_string\"}}],\"inLanguage\":\"hr\"},{\"@type\":\"Organization\",\"@id\":\"https:\\\/\\\/herbow.eu\\\/#organization\",\"name\":\"Herbow International Zrt.\",\"url\":\"https:\\\/\\\/herbow.eu\\\/\",\"logo\":{\"@type\":\"ImageObject\",\"inLanguage\":\"hr\",\"@id\":\"https:\\\/\\\/herbow.eu\\\/#\\\/schema\\\/logo\\\/image\\\/\",\"url\":\"https:\\\/\\\/herbow.eu\\\/wp-content\\\/uploads\\\/2025\\\/07\\\/herbow_logo_hun_2021-01_w-slogan_no-background.png\",\"contentUrl\":\"https:\\\/\\\/herbow.eu\\\/wp-content\\\/uploads\\\/2025\\\/07\\\/herbow_logo_hun_2021-01_w-slogan_no-background.png\",\"width\":2366,\"height\":1732,\"caption\":\"Herbow International Zrt.\"},\"image\":{\"@id\":\"https:\\\/\\\/herbow.eu\\\/#\\\/schema\\\/logo\\\/image\\\/\"},\"sameAs\":[\"https:\\\/\\\/www.facebook.com\\\/herbowmosodioslabda\\\/\",\"https:\\\/\\\/www.instagram.com\\\/herbowmosodioslabda\\\/\"]}]}<\/script>\n<!-- \/ Yoast SEO plugin. -->","yoast_head_json":{"title":"Herbow 2-u-1 parfem za rublje \u2013 koncentrat omek\u0161iva\u010da: Sjajna princeza \u2013 Herbow | International","robots":{"index":"index","follow":"follow","max-snippet":"max-snippet:-1","max-image-preview":"max-image-preview:large","max-video-preview":"max-video-preview:-1"},"canonical":"https:\/\/herbow.eu\/hr\/product\/herbow-2-u-1-parfem-za-rublje-oblito-koncentrat-tundoklo-princess\/","og_locale":"hr_HR","og_type":"article","og_title":"Herbow 2in1 mos\u00f3parf\u00fcm - \u00f6bl\u00edt\u0151 koncentr\u00e1tum T\u00fcnd\u00f6kl\u0151 Hercegn\u0151 - Herbow | International","og_description":"A T\u00fcnd\u00f6kl\u0151 Hercegn\u0151 illata a r\u00f3zsa eleganci\u00e1j\u00e1t a van\u00edlia meleg \u00f6lel\u00e9s\u00e9vel egyes\u00edti. Finom, l\u00e1gy \u00e9s harmonikus illat, amely minden mos\u00e1s ut\u00e1n k\u00fcl\u00f6nleges frissess\u00e9get hagy a text\u00edli\u00e1kon.  Kiszerel\u00e9s: 200ml | 1000ml","og_url":"https:\/\/herbow.eu\/hr\/product\/herbow-2-u-1-parfem-za-rublje-oblito-koncentrat-tundoklo-princess\/","og_site_name":"Herbow | International","article_publisher":"https:\/\/www.facebook.com\/herbowmosodioslabda\/","article_modified_time":"2026-03-17T09:58:48+00:00","og_image":[{"width":2000,"height":2000,"url":"https:\/\/herbow.eu\/wp-content\/uploads\/2025\/08\/herbow_parfum_200ml_144x110mm_v7_tundoklo_hercegno.png","type":"image\/png"}],"twitter_card":"summary_large_image","twitter_misc":{"Procijenjeno vrijeme \u010ditanja":"1 minuta"},"schema":{"@context":"https:\/\/schema.org","@graph":[{"@type":"WebPage","@id":"https:\/\/herbow.eu\/product\/herbow-2in1-mosoparfum-oblito-koncentratum-tundoklo-hercegno\/","url":"https:\/\/herbow.eu\/product\/herbow-2in1-mosoparfum-oblito-koncentratum-tundoklo-hercegno\/","name":"Herbow 2-u-1 parfem za rublje \u2013 koncentrat omek\u0161iva\u010da: Sjajna princeza \u2013 Herbow | International","isPartOf":{"@id":"https:\/\/herbow.eu\/#website"},"primaryImageOfPage":{"@id":"https:\/\/herbow.eu\/product\/herbow-2in1-mosoparfum-oblito-koncentratum-tundoklo-hercegno\/#primaryimage"},"image":{"@id":"https:\/\/herbow.eu\/product\/herbow-2in1-mosoparfum-oblito-koncentratum-tundoklo-hercegno\/#primaryimage"},"thumbnailUrl":"https:\/\/herbow.eu\/wp-content\/uploads\/2025\/08\/herbow_parfum_200ml_144x110mm_v7_tundoklo_hercegno.png","datePublished":"2025-08-18T09:05:49+00:00","dateModified":"2026-03-17T09:58:48+00:00","breadcrumb":{"@id":"https:\/\/herbow.eu\/product\/herbow-2in1-mosoparfum-oblito-koncentratum-tundoklo-hercegno\/#breadcrumb"},"inLanguage":"hr","potentialAction":[{"@type":"ReadAction","target":["https:\/\/herbow.eu\/product\/herbow-2in1-mosoparfum-oblito-koncentratum-tundoklo-hercegno\/"]}]},{"@type":"ImageObject","inLanguage":"hr","@id":"https:\/\/herbow.eu\/product\/herbow-2in1-mosoparfum-oblito-koncentratum-tundoklo-hercegno\/#primaryimage","url":"https:\/\/herbow.eu\/wp-content\/uploads\/2025\/08\/herbow_parfum_200ml_144x110mm_v7_tundoklo_hercegno.png","contentUrl":"https:\/\/herbow.eu\/wp-content\/uploads\/2025\/08\/herbow_parfum_200ml_144x110mm_v7_tundoklo_hercegno.png","width":2000,"height":2000},{"@type":"BreadcrumbList","@id":"https:\/\/herbow.eu\/product\/herbow-2in1-mosoparfum-oblito-koncentratum-tundoklo-hercegno\/#breadcrumb","itemListElement":[{"@type":"ListItem","position":1,"name":"Kezd\u0151lap","item":"https:\/\/herbow.eu\/"},{"@type":"ListItem","position":2,"name":"Shop","item":"https:\/\/herbow.eu\/shop\/"},{"@type":"ListItem","position":3,"name":"Herbow 2in1 mos\u00f3parf\u00fcm &#8211; \u00f6bl\u00edt\u0151 koncentr\u00e1tum T\u00fcnd\u00f6kl\u0151 Hercegn\u0151"}]},{"@type":"WebSite","@id":"https:\/\/herbow.eu\/#website","url":"https:\/\/herbow.eu\/","name":"Herbow | Herbal Organic World","description":"Biljni organski svijet","publisher":{"@id":"https:\/\/herbow.eu\/#organization"},"potentialAction":[{"@type":"SearchAction","target":{"@type":"EntryPoint","urlTemplate":"https:\/\/herbow.eu\/?s={search_term_string}"},"query-input":{"@type":"PropertyValueSpecification","valueRequired":true,"valueName":"search_term_string"}}],"inLanguage":"hr"},{"@type":"Organization","@id":"https:\/\/herbow.eu\/#organization","name":"Herbow International d.o.o.","url":"https:\/\/herbow.eu\/","logo":{"@type":"ImageObject","inLanguage":"hr","@id":"https:\/\/herbow.eu\/#\/schema\/logo\/image\/","url":"https:\/\/herbow.eu\/wp-content\/uploads\/2025\/07\/herbow_logo_hun_2021-01_w-slogan_no-background.png","contentUrl":"https:\/\/herbow.eu\/wp-content\/uploads\/2025\/07\/herbow_logo_hun_2021-01_w-slogan_no-background.png","width":2366,"height":1732,"caption":"Herbow International Zrt."},"image":{"@id":"https:\/\/herbow.eu\/#\/schema\/logo\/image\/"},"sameAs":["https:\/\/www.facebook.com\/herbowmosodioslabda\/","https:\/\/www.instagram.com\/herbowmosodioslabda\/"]}]}},"jetpack_likes_enabled":true,"jetpack_sharing_enabled":true,"_links":{"self":[{"href":"https:\/\/herbow.eu\/hr\/wp-json\/wp\/v2\/product\/985","targetHints":{"allow":["GET"]}}],"collection":[{"href":"https:\/\/herbow.eu\/hr\/wp-json\/wp\/v2\/product"}],"about":[{"href":"https:\/\/herbow.eu\/hr\/wp-json\/wp\/v2\/types\/product"}],"replies":[{"embeddable":true,"href":"https:\/\/herbow.eu\/hr\/wp-json\/wp\/v2\/comments?post=985"}],"wp:featuredmedia":[{"embeddable":true,"href":"https:\/\/herbow.eu\/hr\/wp-json\/wp\/v2\/media\/879"}],"wp:attachment":[{"href":"https:\/\/herbow.eu\/hr\/wp-json\/wp\/v2\/media?parent=985"}],"wp:term":[{"taxonomy":"product_brand","embeddable":true,"href":"https:\/\/herbow.eu\/hr\/wp-json\/wp\/v2\/product_brand?post=985"},{"taxonomy":"product_cat","embeddable":true,"href":"https:\/\/herbow.eu\/hr\/wp-json\/wp\/v2\/product_cat?post=985"},{"taxonomy":"product_tag","embeddable":true,"href":"https:\/\/herbow.eu\/hr\/wp-json\/wp\/v2\/product_tag?post=985"}],"curies":[{"name":"wp","href":"https:\/\/api.w.org\/{rel}","templated":true}]}}